{"id":3319,"date":"2025-01-06T06:55:29","date_gmt":"2025-01-06T06:55:29","guid":{"rendered":"https:\/\/fmp-components.com\/?page_id=8"},"modified":"2025-01-06T06:55:29","modified_gmt":"2025-01-06T06:55:29","slug":"agriculture-gearbox-for-hay-tedder-fmp04","status":"publish","type":"product","link":"https:\/\/fmp-components.com\/es\/product\/agriculture-gearbox-for-hay-tedder-fmp04\/","title":{"rendered":"Caja de cambios agr\u00edcola para henificadora FMP04"},"content":{"rendered":"<h2>Especificaciones de la caja de cambios agr\u00edcola para henificadora FMP04 <img loading=\"lazy\" decoding=\"async\" class=\"alignnone  wp-image-3321\" src=\"https:\/\/fmp-components.com\/wp-content\/uploads\/2025\/01\/agricutural-gearbox-ep04.png\" alt=\"caja de cambios agr\u00edcola fmp04\" width=\"820\" height=\"859\" title=\"\" srcset=\"https:\/\/fmp-components.com\/wp-content\/uploads\/2025\/01\/agricutural-gearbox-ep04.png 820w, https:\/\/fmp-components.com\/wp-content\/uploads\/2025\/01\/agricutural-gearbox-ep04-480x503.png 480w\" sizes=\"(min-width: 0px) and (max-width: 480px) 480px, (min-width: 481px) 820px, 100vw\" \/><\/h2>\n<table style=\"width: 86.9315%; height: 69px;\" border=\"1\" width=\"100%\" cellspacing=\"0\" cellpadding=\"0\">\n<tbody>\n<tr style=\"height: 23px;\">\n<th style=\"width: 40.3888%; height: 23px;\">Relaci\u00f3n<\/th>\n<td style=\"width: 46.0249%; height: 23px;\">2:1<\/td>\n<\/tr>\n<tr style=\"height: 23px;\">\n<th style=\"width: 40.3888%; height: 23px;\">Velocidad de entrada<\/th>\n<td style=\"width: 46.0249%; height: 23px;\">305 rpm<\/td>\n<\/tr>\n<tr style=\"height: 23px;\">\n<th style=\"width: 40.3888%; height: 23px;\">Eje de entrada<\/th>\n<td style=\"width: 46.0249%; height: 23px;\">inc\u00f3gnita<\/td>\n<\/tr>\n<\/tbody>\n<\/table>\n<h2>Caracter\u00edsticas de la henificadora agr\u00edcola con caja de engranajes FMP04<\/h2>\n<p>La caja de engranajes agr\u00edcola FMP04 para henificadoras est\u00e1 dise\u00f1ada espec\u00edficamente para maquinaria agr\u00edcola, en particular para henificadoras. Esta caja de engranajes combina durabilidad, precisi\u00f3n y alto rendimiento, garantizando un funcionamiento \u00f3ptimo en entornos agr\u00edcolas exigentes. A continuaci\u00f3n, se presentan algunas caracter\u00edsticas clave de la caja de engranajes agr\u00edcola FMP04:<\/p>\n<p>1. <strong>Alta durabilidad<\/strong><\/p>\n<ul>\n<li>Construida con materiales de alta calidad, la caja de cambios FMP04 est\u00e1 dise\u00f1ada para soportar las duras condiciones de los campos agr\u00edcolas, garantizando un rendimiento y una confiabilidad duraderos.<\/li>\n<\/ul>\n<p>2. <strong>Ingenier\u00eda de precisi\u00f3n<\/strong><\/p>\n<ul>\n<li>Dise\u00f1ada con meticulosa atenci\u00f3n a los detalles, la caja de cambios garantiza una transmisi\u00f3n de potencia suave y eficiente, mejorando la eficiencia operativa de las henificadoras.<\/li>\n<\/ul>\n<p>3. <strong>Dise\u00f1o compacto y robusto<\/strong><\/p>\n<ul>\n<li>El dise\u00f1o compacto hace que sea m\u00e1s f\u00e1cil de integrar en una variedad de modelos de henificadoras, mientras que su construcci\u00f3n robusta garantiza resistencia al desgaste, incluso bajo uso intensivo.<\/li>\n<\/ul>\n<p>4. <strong>Transmisi\u00f3n de potencia eficiente<\/strong><\/p>\n<ul>\n<li>Las relaciones de transmisi\u00f3n optimizadas garantizan una transferencia eficiente de potencia desde el eje de la toma de fuerza a los componentes de la henificadora, minimizando la p\u00e9rdida de energ\u00eda y maximizando la eficacia operativa.<\/li>\n<\/ul>\n<p>5. <strong>F\u00e1cil mantenimiento<\/strong><\/p>\n<ul>\n<li>La caja de engranajes FMP04 est\u00e1 dise\u00f1ada para un f\u00e1cil mantenimiento con caracter\u00edsticas f\u00e1ciles de usar que permiten inspecciones y servicios r\u00e1pidos, minimizando el tiempo de inactividad durante la temporada agr\u00edcola alta.<\/li>\n<\/ul>\n<p>La caja de engranajes agr\u00edcola FMP04 es una excelente opci\u00f3n para los agricultores que buscan una soluci\u00f3n duradera, eficiente y vers\u00e1til para sus operaciones de henificaci\u00f3n, proporcionando una transmisi\u00f3n de potencia \u00f3ptima y confiabilidad a largo plazo.<\/p>\n<h2>Acerca de FMP<\/h2>\n<p>Con sede en Italia, FMP se erige como un l\u00edder destacado en el dise\u00f1o, desarrollo y fabricaci\u00f3n de cajas de engranajes de alto rendimiento, con un enfoque espec\u00edfico en el sector de la maquinaria agr\u00edcola. Conocido por nuestra ingenier\u00eda de precisi\u00f3n, soluciones innovadoras y fiabilidad inquebrantable, FMP se ha consolidado como un socio de confianza en los mercados agr\u00edcola e industrial. Nuestra amplia cartera incluye cajas de engranajes dise\u00f1adas a medida para cortac\u00e9spedes, ejes de toma de fuerza y \u200b\u200botros componentes esenciales, cada uno dise\u00f1ado para satisfacer las necesidades espec\u00edficas de diversas aplicaciones.<\/p>\n<p>En FMP, reconocemos que cada cliente tiene desaf\u00edos y requisitos \u00fanicos. Esta perspectiva impulsa nuestro compromiso de ofrecer soluciones a medida, ya sea para componentes individuales o para sistemas totalmente integrados. Trabajando estrechamente con nuestros clientes, garantizamos que cada soluci\u00f3n se ajuste perfectamente a sus necesidades, optimizando el rendimiento y maximizando el valor. Nuestra dedicaci\u00f3n a un servicio r\u00e1pido y profesional, y a la orientaci\u00f3n experta, garantiza que cada proyecto se gestione con precisi\u00f3n, logrando siempre los mejores resultados posibles.<\/p>\n<p>Priorizamos la comunicaci\u00f3n clara y continua durante cada etapa del ciclo de desarrollo de productos. Nuestro equipo de expertos colabora estrechamente con nuestros clientes para comprender plenamente sus necesidades, ofreciendo informaci\u00f3n pr\u00e1ctica y recomendaciones para garantizar resultados \u00f3ptimos. Ya sea que estemos creando productos innovadores o atendiendo pedidos rutinarios, en FMP nos comprometemos a entregar soluciones de alta calidad y precisi\u00f3n, siempre a tiempo. Nuestra misi\u00f3n es superar las expectativas de nuestros clientes, ofreciendo un servicio y resultados excepcionales en cada proyecto que emprendemos.<\/p>\n<p>En el coraz\u00f3n de las operaciones de FMP se encuentra un firme compromiso con la calidad. Nos adherimos a los m\u00e1s altos est\u00e1ndares de la industria e implementamos rigurosos procesos de control de calidad para garantizar que cada producto cumpla y supere los est\u00e1ndares de calidad del sector. Este compromiso con la excelencia, combinado con nuestros valores fundamentales de integridad, trabajo en equipo y perseverancia, nos ha permitido forjar relaciones duraderas y de confianza con clientes en casi 30 pa\u00edses de todo el mundo.<\/p>\n<p>En FMP nos apasiona fomentar alianzas globales, ofreciendo asesoramiento experto y soluciones personalizadas que evolucionan seg\u00fan las necesidades cambiantes de nuestros clientes. Nos dedicamos a establecer relaciones duraderas y mutuamente beneficiosas que contribuyen al \u00e9xito de cada proyecto. Ya sea que necesite soluciones innovadoras para una nueva iniciativa o soporte continuo para un sistema existente, en FMP estamos aqu\u00ed para ayudarle a afrontar los desaf\u00edos t\u00e9cnicos y garantizar su \u00e9xito continuo.<\/p>\n<p><img loading=\"lazy\" decoding=\"async\" class=\"alignnone wp-image-2695\" src=\"https:\/\/fmp-components.com\/wp-content\/uploads\/2025\/01\/agricultural-gearbox3.webp\" alt=\"caja de cambios agr\u00edcola\" width=\"1140\" height=\"1138\" title=\"\" srcset=\"https:\/\/fmp-components.com\/wp-content\/uploads\/2025\/01\/agricultural-gearbox3.webp 1140w, https:\/\/fmp-components.com\/wp-content\/uploads\/2025\/01\/agricultural-gearbox3-480x479.webp 480w\" sizes=\"(min-width: 0px) and (max-width: 480px) 480px, (min-width: 481px) 1140px, 100vw\" \/><\/p>\n<p>Autor: CX<\/p>","protected":false},"excerpt":{"rendered":"<p>Agriculture Gearbox For Hay Tedder FMP04 Specification Ratio 2:1 Input Speed 305 rpm Input Shaft X Features of Hay Tedder Agriculture Gearbox FMP04 The FMP04 Hay Tedder Agricultural Gearbox is specifically designed for agricultural machinery, particularly for hay tedders. This gearbox offers a combination of durability, precision, and high performance, ensuring optimal operation in demanding [&hellip;]<\/p>","protected":false},"featured_media":3320,"comment_status":"open","ping_status":"closed","template":"","meta":{"_et_pb_use_builder":"","_et_pb_old_content":"","_et_gb_content_width":""},"product_brand":[],"product_cat":[83],"product_tag":[],"class_list":{"0":"post-3319","1":"product","2":"type-product","3":"status-publish","4":"has-post-thumbnail","6":"product_cat-gearbox-for-hay-tedders","8":"first","9":"instock","10":"shipping-taxable","11":"product-type-simple"},"_links":{"self":[{"href":"https:\/\/fmp-components.com\/es\/wp-json\/wp\/v2\/product\/3319","targetHints":{"allow":["GET"]}}],"collection":[{"href":"https:\/\/fmp-components.com\/es\/wp-json\/wp\/v2\/product"}],"about":[{"href":"https:\/\/fmp-components.com\/es\/wp-json\/wp\/v2\/types\/product"}],"replies":[{"embeddable":true,"href":"https:\/\/fmp-components.com\/es\/wp-json\/wp\/v2\/comments?post=3319"}],"wp:featuredmedia":[{"embeddable":true,"href":"https:\/\/fmp-components.com\/es\/wp-json\/wp\/v2\/media\/3320"}],"wp:attachment":[{"href":"https:\/\/fmp-components.com\/es\/wp-json\/wp\/v2\/media?parent=3319"}],"wp:term":[{"taxonomy":"product_brand","embeddable":true,"href":"https:\/\/fmp-components.com\/es\/wp-json\/wp\/v2\/product_brand?post=3319"},{"taxonomy":"product_cat","embeddable":true,"href":"https:\/\/fmp-components.com\/es\/wp-json\/wp\/v2\/product_cat?post=3319"},{"taxonomy":"product_tag","embeddable":true,"href":"https:\/\/fmp-components.com\/es\/wp-json\/wp\/v2\/product_tag?post=3319"}],"curies":[{"name":"gracias","href":"https:\/\/api.w.org\/{rel}","templated":true}]}}