{"id":3316,"date":"2025-01-06T05:54:00","date_gmt":"2025-01-06T05:54:00","guid":{"rendered":"https:\/\/fmp-components.com\/?page_id=8"},"modified":"2025-01-06T05:54:00","modified_gmt":"2025-01-06T05:54:00","slug":"agriculture-gearbox-for-hay-tedder-fmp03","status":"publish","type":"product","link":"https:\/\/fmp-components.com\/es\/product\/agriculture-gearbox-for-hay-tedder-fmp03\/","title":{"rendered":"Caja de cambios agr\u00edcola para henificadora FMP03"},"content":{"rendered":"<h2 class=\"et_pb_module_header\">Especificaciones de la caja de cambios agr\u00edcola para henificadora<\/h2>\n<p><img loading=\"lazy\" decoding=\"async\" class=\"alignnone wp-image-3318\" src=\"https:\/\/fmp-components.com\/wp-content\/uploads\/2025\/01\/agricutural-gearbox-fmp03.png\" alt=\"caja de cambios agr\u00edcola fmp03\" width=\"809\" height=\"766\" title=\"\" srcset=\"https:\/\/fmp-components.com\/wp-content\/uploads\/2025\/01\/agricutural-gearbox-fmp03.png 809w, https:\/\/fmp-components.com\/wp-content\/uploads\/2025\/01\/agricutural-gearbox-fmp03-480x455.png 480w\" sizes=\"(min-width: 0px) and (max-width: 480px) 480px, (min-width: 481px) 809px, 100vw\" \/><\/p>\n<table style=\"width: 86.9328%;\" border=\"1\" width=\"100%\" cellspacing=\"0\" cellpadding=\"0\">\n<tbody>\n<tr>\n<th style=\"width: 38.0987%;\">Relaci\u00f3n<\/th>\n<td style=\"width: 48.6184%;\">2.63:1<\/td>\n<\/tr>\n<tr>\n<th style=\"width: 38.0987%;\">Velocidad de entrada<\/th>\n<td style=\"width: 48.6184%;\">400 rpm<\/td>\n<\/tr>\n<tr>\n<th style=\"width: 38.0987%;\">Eje de entrada<\/th>\n<td style=\"width: 48.6184%;\">inc\u00f3gnita<\/td>\n<\/tr>\n<\/tbody>\n<\/table>\n<h3>Caracter\u00edsticas de la caja de engranajes agr\u00edcola de la henificadora<\/h3>\n<ol>\n<li><strong>Construcci\u00f3n de alto rendimiento<\/strong><br \/>\nLa caja de engranajes de la henificadora est\u00e1 dise\u00f1ada para un rendimiento robusto en condiciones agr\u00edcolas exigentes. Cuenta con una carcasa duradera fabricada con materiales de alta resistencia para soportar los rigores del uso continuo en entornos dif\u00edciles.<\/li>\n<li><strong>Dise\u00f1o de engranajes de precisi\u00f3n<\/strong><br \/>\nLos engranajes mecanizados con precisi\u00f3n garantizan un funcionamiento suave y eficiente, reduciendo el desgaste. Esto prolonga la vida \u00fatil de la caja de engranajes y minimiza el mantenimiento.<\/li>\n<li><strong>Alta capacidad de par<\/strong><br \/>\nDise\u00f1ada para maquinaria agr\u00edcola de trabajo pesado, la caja de cambios ofrece un alto torque de salida, asegurando un rendimiento \u00f3ptimo incluso en tareas dif\u00edciles como la henificaci\u00f3n, proporcionando potencia constante para una distribuci\u00f3n uniforme.<\/li>\n<li><strong>Transmisi\u00f3n de potencia eficiente<\/strong><br \/>\nLa caja de cambios est\u00e1 dise\u00f1ada para proporcionar una transferencia de potencia eficiente desde el sistema TDF (toma de fuerza) del tractor al henificador, lo que garantiza una p\u00e9rdida m\u00ednima de energ\u00eda y una m\u00e1xima productividad.<\/li>\n<li><strong>Compacto y ligero<\/strong><br \/>\nA pesar de su capacidad para trabajos pesados, la caja de cambios es compacta y liviana, lo que hace que sea f\u00e1cil de manipular, instalar y mantener, lo que aumenta la eficiencia general de la m\u00e1quina.<\/li>\n<\/ol>\n<p>Estas caracter\u00edsticas se combinan para hacer de la caja de engranajes agr\u00edcola Hay Tedder un componente confiable y eficiente para maquinaria agr\u00edcola, garantizando un rendimiento \u00f3ptimo y una larga durabilidad en aplicaciones de henificaci\u00f3n.<\/p>\n<h2>Acerca de FMP<\/h2>\n<p>Con sede en Italia, FMP es un fabricante l\u00edder reconocido por su experiencia en el dise\u00f1o, desarrollo y producci\u00f3n de cajas de engranajes de alto rendimiento, con un fuerte enfoque en el sector de la maquinaria agr\u00edcola. Reconocido por su ingenier\u00eda de precisi\u00f3n, soluciones innovadoras y fiabilidad inquebrantable, FMP se ha consolidado como un socio de confianza tanto en el mercado agr\u00edcola como en el industrial. Nuestra diversa cartera incluye cajas de engranajes dise\u00f1adas a medida para cortac\u00e9spedes, ejes de toma de fuerza y \u200b\u200buna gama de otros componentes esenciales, todos dise\u00f1ados para satisfacer las necesidades espec\u00edficas de diversas aplicaciones.<\/p>\n<p>En FMP, comprendemos que cada cliente se enfrenta a retos distintos, por lo que nos dedicamos a ofrecer soluciones a medida. Ya sea un solo componente o un sistema totalmente integrado, colaboramos estrechamente con nuestros clientes para garantizar que cada soluci\u00f3n no solo cumpla con sus especificaciones, sino que tambi\u00e9n optimice el rendimiento y aporte valor. Nuestro compromiso con respuestas r\u00e1pidas y profesionales, y nuestra asesor\u00eda experta, garantiza que cada consulta se gestione con precisi\u00f3n y cuidado, obteniendo los mejores resultados posibles.<\/p>\n<p>Priorizamos la comunicaci\u00f3n transparente en cada etapa del ciclo de desarrollo de productos. Nuestro equipo dedicado trabaja en estrecha colaboraci\u00f3n con nuestros clientes para comprender plenamente sus necesidades, ofreciendo informaci\u00f3n pr\u00e1ctica y recomendaciones expertas para lograr los resultados m\u00e1s efectivos. Ya sea que estemos creando productos de vanguardia o atendiendo pedidos rutinarios, en FMP nos comprometemos a entregar soluciones de alta calidad y precisi\u00f3n, siempre a tiempo. Nuestra misi\u00f3n es superar constantemente las expectativas de nuestros clientes brindando un servicio excepcional y resultados sobresalientes.<\/p>\n<p>En el coraz\u00f3n de las operaciones de FMP se encuentra un firme compromiso con la calidad. Nos adherimos a los m\u00e1s altos est\u00e1ndares de fabricaci\u00f3n e implementamos rigurosas medidas de control de calidad para garantizar que cada producto no solo cumpla, sino que supere los est\u00e1ndares de la industria. Esta dedicaci\u00f3n a la excelencia, junto con nuestros valores fundamentales de integridad, trabajo en equipo y perseverancia, nos ha permitido forjar relaciones duraderas y de confianza con clientes en m\u00e1s de 30 pa\u00edses de todo el mundo.<\/p>\n<p>En FMP nos comprometemos a fomentar alianzas globales ofreciendo asesoramiento experto y soluciones personalizadas que evolucionan con las necesidades din\u00e1micas de nuestros clientes. Nuestro objetivo es construir relaciones duraderas y mutuamente beneficiosas que contribuyan al \u00e9xito de cada proyecto. Ya sea que busque soluciones innovadoras para una nueva iniciativa o soporte continuo para un sistema existente, en FMP estamos aqu\u00ed para ayudarle a superar los desaf\u00edos t\u00e9cnicos y garantizar su \u00e9xito continuo.<\/p>\n<p><img loading=\"lazy\" decoding=\"async\" class=\"alignnone wp-image-2695\" src=\"https:\/\/fmp-components.com\/wp-content\/uploads\/2025\/01\/agricultural-gearbox3.webp\" alt=\"caja de cambios agr\u00edcola\" width=\"1140\" height=\"1138\" title=\"\" srcset=\"https:\/\/fmp-components.com\/wp-content\/uploads\/2025\/01\/agricultural-gearbox3.webp 1140w, https:\/\/fmp-components.com\/wp-content\/uploads\/2025\/01\/agricultural-gearbox3-480x479.webp 480w\" sizes=\"(min-width: 0px) and (max-width: 480px) 480px, (min-width: 481px) 1140px, 100vw\" \/><\/p>\n<p>Autor: CX<\/p>","protected":false},"excerpt":{"rendered":"<p>Agriculture Gearbox For Hay Tedder Specification Ratio 2.63:1 Input Speed 400 rpm Input Shaft X Features of Hay Tedder Agriculture Gearbox High-Performance Construction The Hay Tedder gearbox is engineered for robust performance in demanding agricultural conditions. It features a durable housing made from high-strength materials to withstand the rigors of continuous use in tough environments. [&hellip;]<\/p>","protected":false},"featured_media":3317,"comment_status":"open","ping_status":"closed","template":"","meta":{"_et_pb_use_builder":"","_et_pb_old_content":"","_et_gb_content_width":""},"product_brand":[],"product_cat":[83],"product_tag":[],"class_list":{"0":"post-3316","1":"product","2":"type-product","3":"status-publish","4":"has-post-thumbnail","6":"product_cat-gearbox-for-hay-tedders","8":"first","9":"instock","10":"shipping-taxable","11":"product-type-simple"},"_links":{"self":[{"href":"https:\/\/fmp-components.com\/es\/wp-json\/wp\/v2\/product\/3316","targetHints":{"allow":["GET"]}}],"collection":[{"href":"https:\/\/fmp-components.com\/es\/wp-json\/wp\/v2\/product"}],"about":[{"href":"https:\/\/fmp-components.com\/es\/wp-json\/wp\/v2\/types\/product"}],"replies":[{"embeddable":true,"href":"https:\/\/fmp-components.com\/es\/wp-json\/wp\/v2\/comments?post=3316"}],"wp:featuredmedia":[{"embeddable":true,"href":"https:\/\/fmp-components.com\/es\/wp-json\/wp\/v2\/media\/3317"}],"wp:attachment":[{"href":"https:\/\/fmp-components.com\/es\/wp-json\/wp\/v2\/media?parent=3316"}],"wp:term":[{"taxonomy":"product_brand","embeddable":true,"href":"https:\/\/fmp-components.com\/es\/wp-json\/wp\/v2\/product_brand?post=3316"},{"taxonomy":"product_cat","embeddable":true,"href":"https:\/\/fmp-components.com\/es\/wp-json\/wp\/v2\/product_cat?post=3316"},{"taxonomy":"product_tag","embeddable":true,"href":"https:\/\/fmp-components.com\/es\/wp-json\/wp\/v2\/product_tag?post=3316"}],"curies":[{"name":"gracias","href":"https:\/\/api.w.org\/{rel}","templated":true}]}}