{"id":3291,"date":"2025-01-06T03:05:06","date_gmt":"2025-01-06T03:05:06","guid":{"rendered":"https:\/\/fmp-components.com\/?page_id=8"},"modified":"2025-01-06T03:15:19","modified_gmt":"2025-01-06T03:15:19","slug":"fmp-01-229-snow-plow-gearbox-for-spreader","status":"publish","type":"product","link":"https:\/\/fmp-components.com\/es\/product\/fmp-01-229-snow-plow-gearbox-for-spreader\/","title":{"rendered":"FMP-01-229 Caja de engranajes para esparcidor de quitanieves"},"content":{"rendered":"<h2>Especificaciones de la caja de cambios del quitanieves<\/h2>\n<p><img loading=\"lazy\" decoding=\"async\" class=\"alignnone  wp-image-3297\" src=\"https:\/\/fmp-components.com\/wp-content\/uploads\/2025\/01\/fmp_Snow-plow-gearbox-draw1.webp\" alt=\"fmp_Dibujo de caja de cambios de quitanieves(1)\" width=\"877\" height=\"748\" title=\"\" srcset=\"https:\/\/fmp-components.com\/wp-content\/uploads\/2025\/01\/fmp_Snow-plow-gearbox-draw1.webp 877w, https:\/\/fmp-components.com\/wp-content\/uploads\/2025\/01\/fmp_Snow-plow-gearbox-draw1-480x410.webp 480w\" sizes=\"(min-width: 0px) and (max-width: 480px) 480px, (min-width: 481px) 877px, 100vw\" \/><\/p>\n<table style=\"width: 100.071%; height: 460px;\" border=\"1\">\n<tbody>\n<tr style=\"height: 23px;\">\n<td style=\"width: 28.7257%; text-align: center; height: 23px;\"><strong>ART\u00cdCULO<\/strong><\/td>\n<td style=\"width: 70.6263%; height: 23px;\">FMP-01-229<\/td>\n<\/tr>\n<tr style=\"height: 23px;\">\n<td style=\"width: 28.7257%; text-align: center; height: 23px;\"><strong>Relaci\u00f3n<\/strong><\/td>\n<td style=\"width: 70.6263%; height: 23px;\">1:1.35<\/td>\n<\/tr>\n<tr style=\"height: 23px;\">\n<td style=\"width: 28.7257%; text-align: center; height: 23px;\"><strong>Dientes<\/strong><\/td>\n<td style=\"width: 70.6263%; height: 23px;\">16\/16<\/td>\n<\/tr>\n<tr style=\"height: 23px;\">\n<td style=\"width: 28.7257%; text-align: center; height: 23px;\"><strong>M\u00f3dulo<\/strong><\/td>\n<td style=\"width: 70.6263%; height: 23px;\">4.5<\/td>\n<\/tr>\n<tr style=\"height: 23px;\">\n<td style=\"width: 28.7257%; text-align: center; height: 23px;\"><strong>Potencia (HP)<\/strong><\/td>\n<td style=\"width: 70.6263%; height: 23px;\">&#8211;<\/td>\n<\/tr>\n<tr style=\"height: 23px;\">\n<td style=\"width: 28.7257%; text-align: center; height: 23px;\"><strong>Entrada nominal<\/strong><\/td>\n<td style=\"width: 70.6263%; height: 23px;\">540 rpm<\/td>\n<\/tr>\n<tr style=\"height: 23px;\">\n<td style=\"width: 28.7257%; height: 23px; text-align: center;\"><strong>Descripci\u00f3n de entrada\/salida<\/strong><\/td>\n<td style=\"width: 70.6263%; height: 23px;\">1 3\/8 Z6 \u03c625 Eje \u00f3ptico<\/td>\n<\/tr>\n<tr style=\"height: 23px;\">\n<td style=\"width: 28.7257%; height: 23px; text-align: center;\"><strong>Peso (NW)<\/strong><\/td>\n<td style=\"width: 70.6263%; height: 23px;\">13 kilos<\/td>\n<\/tr>\n<tr style=\"height: 23px;\">\n<th style=\"height: 23px;\">Eje de entrada<\/th>\n<td style=\"height: 23px;\">1-3\/8\u2033 (6 estr\u00edas)<\/td>\n<\/tr>\n<tr style=\"height: 23px;\">\n<th style=\"height: 23px;\">Longitud del eje (entrada)<\/th>\n<td style=\"height: 23px;\">3-1\/2&#8243;<\/td>\n<\/tr>\n<tr style=\"height: 23px;\">\n<th style=\"height: 23px;\">Eje de salida<\/th>\n<td style=\"height: 23px;\">1&#8243;<\/td>\n<\/tr>\n<tr style=\"height: 23px;\">\n<th style=\"height: 23px;\">Longitud del eje (salida)<\/th>\n<td style=\"height: 23px;\">3&#8243;<\/td>\n<\/tr>\n<tr style=\"height: 23px;\">\n<th style=\"height: 23px;\">Agujeros en el eje de salida<\/th>\n<td style=\"height: 23px;\">1-1\/2\u2033 de centro a centro<\/td>\n<\/tr>\n<tr style=\"height: 23px;\">\n<th style=\"height: 23px;\">N\u00famero de orificios de montaje<\/th>\n<td style=\"height: 23px;\">6<\/td>\n<\/tr>\n<tr style=\"height: 23px;\">\n<th style=\"height: 23px;\">Longitud total (OL)<\/th>\n<td style=\"height: 23px;\">11&#8243;<\/td>\n<\/tr>\n<tr style=\"height: 23px;\">\n<th style=\"height: 23px;\">Altura total (OH)<\/th>\n<td style=\"height: 23px;\">9&#8243;<\/td>\n<\/tr>\n<tr style=\"height: 23px;\">\n<th style=\"height: 23px;\">Relaci\u00f3n de transmisi\u00f3n<\/th>\n<td style=\"height: 23px;\">1:1<\/td>\n<\/tr>\n<tr style=\"height: 23px;\">\n<th style=\"height: 23px;\">Espaciado de los orificios de los pernos (lado largo)<\/th>\n<td style=\"height: 23px;\">2-3\/8\u2033 de centro a centro<\/td>\n<\/tr>\n<tr style=\"height: 23px;\">\n<th style=\"height: 23px;\">Espaciado de los orificios de los pernos (ancho)<\/th>\n<td style=\"height: 23px;\">3-3\/4\u2033 de centro a centro<\/td>\n<\/tr>\n<tr style=\"height: 23px;\">\n<th style=\"height: 23px;\">Caracter\u00edstica de la caja de cambios<\/th>\n<td style=\"height: 23px;\">Tiene un zirk<\/td>\n<\/tr>\n<\/tbody>\n<\/table>\n<h2>Caracter\u00edsticas de la caja de cambios de la quitanieves<\/h2>\n<ol>\n<li><strong>Construcci\u00f3n de viviendas duraderas<\/strong>\n<ul>\n<li>Generalmente est\u00e1n fabricados con hierro fundido de alta resistencia o aleaciones de aluminio para garantizar una larga duraci\u00f3n y resistencia a duras condiciones de funcionamiento, como temperaturas fr\u00edas y entornos de alto impacto.<\/li>\n<\/ul>\n<\/li>\n<li><strong>Alta capacidad de par<\/strong>\n<ul>\n<li>Dise\u00f1ada para manejar operaciones pesadas de remoci\u00f3n de nieve, la caja de cambios est\u00e1 construida para transmitir un alto torque de manera efectiva, lo que permite que la m\u00e1quina quitanieves se mueva a trav\u00e9s de nieve densa y hielo de manera eficiente.<\/li>\n<\/ul>\n<\/li>\n<li><strong>Engranajes de ingenier\u00eda de precisi\u00f3n<\/strong>\n<ul>\n<li>Con engranajes cortados con precisi\u00f3n que proporcionan una transmisi\u00f3n de potencia suave, minimizan la fricci\u00f3n y garantizan un rendimiento constante incluso bajo cargas pesadas.<\/li>\n<\/ul>\n<\/li>\n<li><strong>Sellos resistentes a la intemperie<\/strong>\n<ul>\n<li>Equipado con sellos avanzados para evitar que la humedad, la nieve y el hielo se filtren en la caja de cambios, garantizando una funcionalidad \u00f3ptima y protegiendo contra la corrosi\u00f3n y el desgaste.<\/li>\n<\/ul>\n<\/li>\n<li><strong>Relaciones de transmisi\u00f3n personalizables<\/strong>\n<ul>\n<li>Las cajas de cambios est\u00e1n disponibles en varias relaciones para proporcionar la velocidad y la potencia necesarias para diferentes aplicaciones de remoci\u00f3n de nieve, lo que permite la adaptabilidad a varios modelos de m\u00e1quinas y terrenos.<\/li>\n<\/ul>\n<\/li>\n<\/ol>\n<p>Estas caracter\u00edsticas garantizan que la caja de engranajes de la quitanieves proporcione m\u00e1xima durabilidad, eficiencia y confiabilidad para enfrentar las duras condiciones clim\u00e1ticas invernales y garantizar un funcionamiento suave e ininterrumpido durante toda la temporada de remoci\u00f3n de nieve.<\/p>\n<p><img loading=\"lazy\" decoding=\"async\" class=\"alignnone  wp-image-3299\" src=\"https:\/\/fmp-components.com\/wp-content\/uploads\/2025\/01\/FMP-gearbox1.jpg\" alt=\"Caja de cambios FMP\" width=\"931\" height=\"623\" title=\"\" srcset=\"https:\/\/fmp-components.com\/wp-content\/uploads\/2025\/01\/FMP-gearbox1.jpg 931w, https:\/\/fmp-components.com\/wp-content\/uploads\/2025\/01\/FMP-gearbox1-480x321.jpg 480w\" sizes=\"(min-width: 0px) and (max-width: 480px) 480px, (min-width: 481px) 931px, 100vw\" \/><\/p>\n<h2>Acerca de FMP<\/h2>\n<p>Con sede en Italia, FMP es un fabricante l\u00edder reconocido por su experiencia en el dise\u00f1o, desarrollo y producci\u00f3n de cajas de engranajes de alto rendimiento, especializado en el sector de la maquinaria agr\u00edcola. Conocido por nuestra ingenier\u00eda de precisi\u00f3n, soluciones innovadoras y fiabilidad inquebrantable, FMP se ha ganado una s\u00f3lida reputaci\u00f3n como socio de confianza tanto en el mercado agr\u00edcola como en el industrial. Nuestra amplia cartera incluye cajas de engranajes dise\u00f1adas a medida para cortac\u00e9spedes, ejes de toma de fuerza y \u200b\u200buna amplia gama de componentes cr\u00edticos, todos fabricados con meticulosa atenci\u00f3n al detalle para satisfacer las necesidades espec\u00edficas de diversas aplicaciones.<\/p>\n<p>En FMP, comprendemos que cada cliente se enfrenta a retos distintos. Esta perspectiva impulsa nuestro compromiso de ofrecer soluciones a medida, ya sea para componentes individuales o para sistemas totalmente integrados. Al colaborar estrechamente con nuestros clientes, garantizamos que cada soluci\u00f3n no solo satisfaga sus necesidades espec\u00edficas, sino que tambi\u00e9n optimice el rendimiento y ofrezca un valor excepcional. Nuestra dedicaci\u00f3n a un servicio profesional y receptivo, junto con la orientaci\u00f3n experta, garantiza que cada consulta se gestione con precisi\u00f3n, logrando los mejores resultados posibles.<\/p>\n<p>Ponemos gran \u00e9nfasis en la comunicaci\u00f3n transparente y continua durante todo el proceso de desarrollo de productos. Nuestro equipo trabaja en estrecha colaboraci\u00f3n con nuestros clientes para comprender plenamente sus necesidades, ofreciendo informaci\u00f3n valiosa y recomendaciones pr\u00e1cticas para lograr resultados \u00f3ptimos. Ya sea desarrollando soluciones innovadoras o atendiendo pedidos rutinarios, FMP se dedica a entregar productos de alta calidad y precisi\u00f3n, siempre a tiempo. Nuestra misi\u00f3n es superar constantemente las expectativas de nuestros clientes, ofreciendo un servicio excepcional y resultados excepcionales en cada proyecto.<\/p>\n<p>En el coraz\u00f3n de las operaciones de FMP se encuentra un compromiso inquebrantable con la calidad. Nos adherimos a los m\u00e1s altos est\u00e1ndares de fabricaci\u00f3n e implementamos rigurosos controles de calidad para garantizar que cada producto no solo cumpla, sino que supere los est\u00e1ndares de la industria. Este compromiso con la excelencia, combinado con nuestros valores fundamentales de integridad, trabajo en equipo y perseverancia, nos ha permitido forjar relaciones duraderas y de confianza con clientes en casi 30 pa\u00edses de todo el mundo.<\/p>\n<p>En FMP nos comprometemos a fomentar alianzas globales, ofreciendo asesoramiento experto y soluciones personalizadas que satisfagan las necesidades cambiantes de nuestros clientes. Nuestro objetivo es construir relaciones duraderas y mutuamente beneficiosas que impulsen el \u00e9xito de cada proyecto. Ya sea que busque soluciones innovadoras para una nueva iniciativa o soporte continuo para un sistema existente, en FMP estamos aqu\u00ed para ayudarle a superar los desaf\u00edos t\u00e9cnicos y garantizar su \u00e9xito continuo.<\/p>\n<p><img loading=\"lazy\" decoding=\"async\" class=\"alignnone wp-image-2695\" src=\"https:\/\/fmp-components.com\/wp-content\/uploads\/2025\/01\/agricultural-gearbox3.webp\" alt=\"caja de cambios agr\u00edcola\" width=\"1140\" height=\"1138\" title=\"\" srcset=\"https:\/\/fmp-components.com\/wp-content\/uploads\/2025\/01\/agricultural-gearbox3.webp 1140w, https:\/\/fmp-components.com\/wp-content\/uploads\/2025\/01\/agricultural-gearbox3-480x479.webp 480w\" sizes=\"(min-width: 0px) and (max-width: 480px) 480px, (min-width: 481px) 1140px, 100vw\" \/><\/p>\n<p>Autor: CX<\/p>","protected":false},"excerpt":{"rendered":"<p>Specifications of snow plow gearbox ITEM FMP-01-229 Ratio 1:1.35 Teeth 16\/16 Module 4.5 Power\uff08HP\uff09 &#8211; Rated Input 540rpm Input\/Output description 1 3\/8 Z6 \u03c625 Optic axis Weight\uff08N.W\uff09 13Kg Input Shaft 1-3\/8&#8243; (6 spline) Shaft Length (Input) 3-1\/2&#8243; Output Shaft 1&#8243; Shaft Length (Output) 3&#8243; Holes in Output Shaft 1-1\/2&#8243; center to center Number of Mounting [&hellip;]<\/p>","protected":false},"featured_media":3298,"comment_status":"open","ping_status":"closed","template":"","meta":{"_et_pb_use_builder":"","_et_pb_old_content":"","_et_gb_content_width":""},"product_brand":[],"product_cat":[80],"product_tag":[],"class_list":{"0":"post-3291","1":"product","2":"type-product","3":"status-publish","4":"has-post-thumbnail","6":"product_cat-snowblower-gearbox","8":"first","9":"instock","10":"shipping-taxable","11":"product-type-simple"},"_links":{"self":[{"href":"https:\/\/fmp-components.com\/es\/wp-json\/wp\/v2\/product\/3291","targetHints":{"allow":["GET"]}}],"collection":[{"href":"https:\/\/fmp-components.com\/es\/wp-json\/wp\/v2\/product"}],"about":[{"href":"https:\/\/fmp-components.com\/es\/wp-json\/wp\/v2\/types\/product"}],"replies":[{"embeddable":true,"href":"https:\/\/fmp-components.com\/es\/wp-json\/wp\/v2\/comments?post=3291"}],"wp:featuredmedia":[{"embeddable":true,"href":"https:\/\/fmp-components.com\/es\/wp-json\/wp\/v2\/media\/3298"}],"wp:attachment":[{"href":"https:\/\/fmp-components.com\/es\/wp-json\/wp\/v2\/media?parent=3291"}],"wp:term":[{"taxonomy":"product_brand","embeddable":true,"href":"https:\/\/fmp-components.com\/es\/wp-json\/wp\/v2\/product_brand?post=3291"},{"taxonomy":"product_cat","embeddable":true,"href":"https:\/\/fmp-components.com\/es\/wp-json\/wp\/v2\/product_cat?post=3291"},{"taxonomy":"product_tag","embeddable":true,"href":"https:\/\/fmp-components.com\/es\/wp-json\/wp\/v2\/product_tag?post=3291"}],"curies":[{"name":"gracias","href":"https:\/\/api.w.org\/{rel}","templated":true}]}}