{"id":3285,"date":"2025-01-06T02:26:59","date_gmt":"2025-01-06T02:26:59","guid":{"rendered":"https:\/\/fmp-components.com\/?page_id=8"},"modified":"2025-01-06T02:26:59","modified_gmt":"2025-01-06T02:26:59","slug":"manure-spreaders-gearboxes-replacement-of-comer-code-n-2a","status":"publish","type":"product","link":"https:\/\/fmp-components.com\/es\/product\/manure-spreaders-gearboxes-replacement-of-comer-code-n-2a\/","title":{"rendered":"Cajas de engranajes para esparcidores de esti\u00e9rcol: sustituci\u00f3n del c\u00f3digo Comer N-2A"},"content":{"rendered":"<h2>Especificaciones de las cajas de engranajes para esparcidores de esti\u00e9rcol N-2A<\/h2>\n<p><img loading=\"lazy\" decoding=\"async\" class=\"alignnone size-full wp-image-3286\" src=\"https:\/\/fmp-components.com\/wp-content\/uploads\/2025\/01\/manure-spreader-gearbox-N2A-specifications.webp\" alt=\"Especificaciones de la caja de engranajes del esparcidor de esti\u00e9rcol N2A\" width=\"1012\" height=\"544\" title=\"\" srcset=\"https:\/\/fmp-components.com\/wp-content\/uploads\/2025\/01\/manure-spreader-gearbox-N2A-specifications.webp 1012w, https:\/\/fmp-components.com\/wp-content\/uploads\/2025\/01\/manure-spreader-gearbox-N2A-specifications-980x527.webp 980w, https:\/\/fmp-components.com\/wp-content\/uploads\/2025\/01\/manure-spreader-gearbox-N2A-specifications-480x258.webp 480w\" sizes=\"(min-width: 0px) and (max-width: 480px) 480px, (min-width: 481px) and (max-width: 980px) 980px, (min-width: 981px) 1012px, 100vw\" \/><\/p>\n<table style=\"width: 93.7748%; height: 397px;\" border=\"1\">\n<tbody>\n<tr>\n<td><strong>i<\/strong><\/td>\n<td>5.67<\/td>\n<\/tr>\n<tr>\n<td><strong>norte<sub>1<\/sub>[rpm]<\/strong><\/td>\n<td>540<\/td>\n<\/tr>\n<tr>\n<td><strong>PAG<sub>1<\/sub>[kW]<\/strong><\/td>\n<td>23.5<\/td>\n<\/tr>\n<tr>\n<td><strong>METRO<sub>2<\/sub>[Nuevo M\u00e9jico]<\/strong><\/td>\n<td>&#8211;<\/td>\n<\/tr>\n<tr>\n<td><strong>Eje X<img loading=\"lazy\" decoding=\"async\" class=\"size-full wp-image-3287 aligncenter\" src=\"https:\/\/fmp-components.com\/wp-content\/uploads\/2025\/01\/shaft-x-1.webp\" alt=\"eje-x\" width=\"81\" height=\"78\" title=\"\" srcset=\"https:\/\/fmp-components.com\/wp-content\/uploads\/2025\/01\/shaft-x-1.webp 81w, https:\/\/fmp-components.com\/wp-content\/uploads\/2025\/01\/shaft-x-1-12x12.webp 12w\" sizes=\"(max-width: 81px) 100vw, 81px\" \/><\/strong><\/td>\n<td>1\u201d 3\/8 Z6<\/td>\n<\/tr>\n<tr>\n<td><strong>Eje Y<img loading=\"lazy\" decoding=\"async\" class=\"size-full wp-image-3287 aligncenter\" src=\"https:\/\/fmp-components.com\/wp-content\/uploads\/2025\/01\/shaft-x-1.webp\" alt=\"eje-x\" width=\"81\" height=\"78\" title=\"\" srcset=\"https:\/\/fmp-components.com\/wp-content\/uploads\/2025\/01\/shaft-x-1.webp 81w, https:\/\/fmp-components.com\/wp-content\/uploads\/2025\/01\/shaft-x-1-12x12.webp 12w\" sizes=\"(max-width: 81px) 100vw, 81px\" \/><\/strong><\/td>\n<td>1\u201d 3\/8 Z6<\/td>\n<\/tr>\n<tr>\n<td><strong>Eje Z<img loading=\"lazy\" decoding=\"async\" class=\"size-full wp-image-3287 aligncenter\" src=\"https:\/\/fmp-components.com\/wp-content\/uploads\/2025\/01\/shaft-x-1.webp\" alt=\"eje-x\" width=\"81\" height=\"78\" title=\"\" srcset=\"https:\/\/fmp-components.com\/wp-content\/uploads\/2025\/01\/shaft-x-1.webp 81w, https:\/\/fmp-components.com\/wp-content\/uploads\/2025\/01\/shaft-x-1-12x12.webp 12w\" sizes=\"(max-width: 81px) 100vw, 81px\" \/><\/strong><\/td>\n<td>1\u201d 3\/8 Z6<\/td>\n<\/tr>\n<tr>\n<td><strong>Aporte<\/strong><\/td>\n<td>Z<\/td>\n<\/tr>\n<\/tbody>\n<\/table>\n<h3>Caracter\u00edsticas de la caja de engranajes del esparcidor de esti\u00e9rcol<\/h3>\n<ol>\n<li><strong>Vivienda duradera<\/strong><br \/>\nLa caja de cambios cuenta con una carcasa robusta y resistente a la corrosi\u00f3n, generalmente hecha de materiales de alta resistencia, como hierro fundido o aleaciones de aluminio, lo que garantiza una durabilidad a largo plazo incluso en duras condiciones agr\u00edcolas.<\/li>\n<li><strong>Alta capacidad de par<\/strong><br \/>\nDise\u00f1ada para manejar tareas agr\u00edcolas pesadas, la caja de engranajes del esparcidor de esti\u00e9rcol proporciona un alto torque para un funcionamiento eficiente, asegurando una transmisi\u00f3n de potencia suave desde el tractor al esparcidor.<\/li>\n<li><strong>Engranajes de precisi\u00f3n<\/strong><br \/>\nLos engranajes est\u00e1n dise\u00f1ados con precisi\u00f3n para un engrane preciso y un funcionamiento suave, lo que reduce el desgaste y mejora la eficiencia. Estos engranajes suelen estar forjados y tratados para soportar condiciones de alta tensi\u00f3n.<\/li>\n<li><strong>Relaciones de transmisi\u00f3n m\u00faltiples<\/strong><br \/>\nLas cajas de engranajes de los esparcidores de esti\u00e9rcol est\u00e1n disponibles en una variedad de relaciones de transmisi\u00f3n, como 1:1, 1,46:1 y otras relaciones personalizadas, lo que ofrece flexibilidad para satisfacer los requisitos espec\u00edficos de diferentes m\u00e1quinas y aplicaciones.<\/li>\n<li><strong>Rodamientos de rodillos c\u00f3nicos<\/strong><br \/>\nSe utilizan rodamientos de rodillos c\u00f3nicos de alta carga en la caja de engranajes para proporcionar un soporte superior a los ejes, mejorando la vida \u00fatil de los rodamientos, la capacidad de carga y el rendimiento general de la caja de engranajes.<\/li>\n<\/ol>\n<p>Estas caracter\u00edsticas hacen que las cajas de engranajes de los esparcidores de esti\u00e9rcol sean componentes altamente confiables y efectivos en las operaciones agr\u00edcolas modernas, lo que garantiza que los agricultores puedan realizar tareas como esparcir esti\u00e9rcol con eficiencia, consistencia y un tiempo de inactividad m\u00ednimo.<\/p>\n<p><img loading=\"lazy\" decoding=\"async\" class=\"alignnone  wp-image-3289\" src=\"https:\/\/fmp-components.com\/wp-content\/uploads\/2025\/01\/manure-spreader-gearbox-supplier1.webp\" alt=\"proveedor de cajas de engranajes para esparcidores de esti\u00e9rcol (1)\" width=\"941\" height=\"627\" title=\"\" srcset=\"https:\/\/fmp-components.com\/wp-content\/uploads\/2025\/01\/manure-spreader-gearbox-supplier1.webp 941w, https:\/\/fmp-components.com\/wp-content\/uploads\/2025\/01\/manure-spreader-gearbox-supplier1-480x320.webp 480w\" sizes=\"(min-width: 0px) and (max-width: 480px) 480px, (min-width: 481px) 941px, 100vw\" \/><\/p>\n<h3>Eje de toma de fuerza para caja de engranajes de esparcidor de esti\u00e9rcol<\/h3>\n<p>Un eje de toma de fuerza (TDF) es un componente esencial que conecta la potencia del tractor a la caja de engranajes del esparcidor de esti\u00e9rcol, lo que permite la transferencia de potencia mec\u00e1nica para operar el esparcidor. El eje de toma de fuerza sirve de enlace entre el motor del tractor y la caja de engranajes del esparcidor, garantizando una propulsi\u00f3n eficaz y eficiente. A continuaci\u00f3n, se presentan las principales caracter\u00edsticas y ventajas de un eje de toma de fuerza para las cajas de engranajes de los esparcidores de esti\u00e9rcol:<\/p>\n<ol>\n<li><strong>Construcci\u00f3n de alta resistencia<\/strong>\n<ul>\n<li><strong>Acero de alta resistencia<\/strong>:El eje de la TDF est\u00e1 hecho de acero robusto y de alta resistencia para soportar el intenso torque y el estr\u00e9s involucrados en las tareas agr\u00edcolas.<\/li>\n<li><strong>Componentes duraderos<\/strong>:Con juntas resistentes y un dise\u00f1o reforzado, los ejes TDF est\u00e1n construidos para soportar los duros entornos de la agricultura, incluida la exposici\u00f3n al polvo, la humedad y los elementos qu\u00edmicos.<\/li>\n<\/ul>\n<\/li>\n<li><strong>Compatibilidad<\/strong>\n<ul>\n<li><strong>Dise\u00f1o universal<\/strong>:Los ejes de toma de fuerza est\u00e1n dise\u00f1ados con juntas universales para garantizar la compatibilidad con una amplia gama de tractores y esparcidores de esti\u00e9rcol.<\/li>\n<li><strong>Acoplamientos estandarizados<\/strong>:Los ejes est\u00e1n equipados con acoplamientos estandarizados que se adaptan a la salida de la toma de fuerza del tractor y a la entrada de la caja de cambios del esparcidor de esti\u00e9rcol, lo que garantiza un f\u00e1cil montaje y desmontaje.<\/li>\n<\/ul>\n<\/li>\n<li><strong>Transferencia de alto par<\/strong>\n<ul>\n<li>Los ejes de la toma de fuerza est\u00e1n dise\u00f1ados para transmitir un alto par del tractor a la caja de cambios del esparcidor de esti\u00e9rcol. Esto garantiza una alimentaci\u00f3n eficiente del esparcidor, incluso bajo cargas pesadas.<\/li>\n<\/ul>\n<\/li>\n<li><strong>Caracter\u00edsticas de seguridad<\/strong>\n<ul>\n<li><strong>Escudos y protecciones de seguridad<\/strong>:Los ejes TDF vienen equipados con protectores y protecciones de seguridad para evitar el contacto accidental con piezas m\u00f3viles, lo que garantiza un funcionamiento seguro para el usuario.<\/li>\n<li><strong>Mecanismos de embrague deslizante<\/strong>:Muchos ejes TDF est\u00e1n equipados con embragues deslizantes o mecanismos de protecci\u00f3n contra sobrecargas para proteger el eje y la maquinaria conectada contra da\u00f1os causados \u200b\u200bpor sacudidas repentinas o torque excesivo.<\/li>\n<\/ul>\n<\/li>\n<li><strong>Flexibilidad y alcance<\/strong>\n<ul>\n<li>Los ejes de toma de fuerza est\u00e1n disponibles en varias longitudes para adaptarse a la distancia entre el tractor y el esparcidor de esti\u00e9rcol, lo que garantiza el alcance y la flexibilidad adecuados para diferentes configuraciones.<\/li>\n<li><strong>Dise\u00f1o telesc\u00f3pico<\/strong>:Algunos ejes de toma de fuerza tienen un dise\u00f1o telesc\u00f3pico, lo que permite realizar ajustes de longitud para adaptarse a diferentes distancias de trabajo entre el tractor y el esparcidor.<\/li>\n<\/ul>\n<\/li>\n<\/ol>\n<ol>\n<li style=\"list-style-type: none;\"><\/li>\n<\/ol>\n<p>En resumen, el eje de la toma de fuerza (TDF) para las cajas de engranajes de los esparcidores de esti\u00e9rcol es un componente crucial en las operaciones agr\u00edcolas modernas. Garantiza una transferencia de potencia eficiente, mejora la seguridad y ofrece durabilidad y flexibilidad para diversas aplicaciones. Al utilizar un eje de la TDF de alta calidad, los agricultores pueden maximizar el rendimiento de sus esparcidores de esti\u00e9rcol, minimizando las necesidades de mantenimiento y los costos operativos.<\/p>\n<p><img loading=\"lazy\" decoding=\"async\" class=\"alignnone  wp-image-3288\" src=\"https:\/\/fmp-components.com\/wp-content\/uploads\/2025\/01\/pto-shaft-for-manure-spreader-gearbox1.webp\" alt=\"eje de toma de fuerza para caja de engranajes de esparcidor de esti\u00e9rcol (1)\" width=\"852\" height=\"837\" title=\"\" srcset=\"https:\/\/fmp-components.com\/wp-content\/uploads\/2025\/01\/pto-shaft-for-manure-spreader-gearbox1.webp 852w, https:\/\/fmp-components.com\/wp-content\/uploads\/2025\/01\/pto-shaft-for-manure-spreader-gearbox1-480x471.webp 480w\" sizes=\"(min-width: 0px) and (max-width: 480px) 480px, (min-width: 481px) 852px, 100vw\" \/><\/p>\n<h2>Acerca de FMP<\/h2>\n<p>Con sede en Italia, FMP es un fabricante l\u00edder reconocido por su experiencia en el dise\u00f1o, desarrollo y producci\u00f3n de cajas de engranajes de alto rendimiento, con un enfoque especializado en el sector de la maquinaria agr\u00edcola. Conocido por su ingenier\u00eda de precisi\u00f3n, soluciones innovadoras y fiabilidad inigualable, FMP se ha consolidado como un socio de confianza tanto en el mercado agr\u00edcola como en el industrial. Nuestra amplia cartera incluye cajas de engranajes dise\u00f1adas a medida para cortac\u00e9spedes, cardanes y otros componentes esenciales, todos dise\u00f1ados para satisfacer las necesidades precisas de una amplia gama de aplicaciones.<\/p>\n<p>En FMP, comprendemos que las necesidades de cada cliente son \u00fanicas. Esta perspectiva impulsa nuestro compromiso de ofrecer soluciones a medida, ya sea para componentes individuales o para sistemas totalmente integrados. Trabajando estrechamente con nuestros clientes, garantizamos que cada soluci\u00f3n se ajuste perfectamente a sus necesidades, optimizando el rendimiento y ofreciendo el m\u00e1ximo valor. Nuestra dedicaci\u00f3n a brindar respuestas profesionales y oportunas, as\u00ed como nuestra asesor\u00eda experta, garantiza que cada consulta se aborde con precisi\u00f3n, lo que se traduce en resultados consistentes y exitosos.<\/p>\n<p>Priorizamos la comunicaci\u00f3n transparente y continua durante cada etapa del proceso de desarrollo de productos. Nuestro equipo de expertos colabora estrechamente con nuestros clientes para comprender plenamente sus necesidades espec\u00edficas, ofreciendo informaci\u00f3n valiosa y recomendaciones para lograr los mejores resultados. Ya sea desarrollando productos innovadores o cumpliendo pedidos rutinarios, FMP se compromete a entregar soluciones de alta calidad y precisi\u00f3n, siempre a tiempo. Nuestro objetivo es superar las expectativas de nuestros clientes, brindando un servicio excepcional y obteniendo resultados excepcionales en cada proyecto.<\/p>\n<p>En el coraz\u00f3n de las operaciones de FMP reside un compromiso inquebrantable con la calidad. Nos adherimos a los m\u00e1s altos est\u00e1ndares de fabricaci\u00f3n e implementamos rigurosos procedimientos de control de calidad para garantizar que cada producto supere los est\u00e1ndares de la industria. Este compromiso con la excelencia, combinado con nuestros valores fundamentales de integridad, trabajo en equipo y perseverancia, nos ha permitido forjar relaciones duraderas y de confianza con clientes en casi 30 pa\u00edses de todo el mundo.<\/p>\n<p>FMP se dedica a fomentar alianzas globales ofreciendo asesoramiento experto y soluciones personalizadas que evolucionan con las necesidades cambiantes de nuestros clientes. Nos esforzamos por construir relaciones duraderas y mutuamente beneficiosas que impulsen el \u00e9xito de cada proyecto. Ya sea que busque soluciones innovadoras para una nueva iniciativa o soporte continuo para un sistema existente, FMP est\u00e1 aqu\u00ed para ayudarle a superar los desaf\u00edos t\u00e9cnicos y garantizar su \u00e9xito continuo.<\/p>\n<p><img loading=\"lazy\" decoding=\"async\" class=\"alignnone wp-image-2695\" src=\"https:\/\/fmp-components.com\/wp-content\/uploads\/2025\/01\/agricultural-gearbox3.webp\" alt=\"caja de cambios agr\u00edcola\" width=\"1140\" height=\"1138\" title=\"\" srcset=\"https:\/\/fmp-components.com\/wp-content\/uploads\/2025\/01\/agricultural-gearbox3.webp 1140w, https:\/\/fmp-components.com\/wp-content\/uploads\/2025\/01\/agricultural-gearbox3-480x479.webp 480w\" sizes=\"(min-width: 0px) and (max-width: 480px) 480px, (min-width: 481px) 1140px, 100vw\" \/><\/p>\n<p>Autor: CX<\/p>","protected":false},"excerpt":{"rendered":"<p>Manure Spreader Gearboxes N-2A Specification i 5.67 N1[rpm] 540 P1[kW] 23.5 M2[Nm] &#8211; Shaft X 1&#8221; 3\/8 Z6 Shaft Y 1&#8221; 3\/8 Z6 Shaft Z 1&#8221; 3\/8 Z6 Input Z Features of Manure Spreader Gearbox Durable Housing The gearbox features a robust, corrosion-resistant housing, typically made from high-strength materials such as cast iron or aluminum [&hellip;]<\/p>","protected":false},"featured_media":3290,"comment_status":"open","ping_status":"closed","template":"","meta":{"_et_pb_use_builder":"","_et_pb_old_content":"","_et_gb_content_width":""},"product_brand":[],"product_cat":[79],"product_tag":[],"class_list":{"0":"post-3285","1":"product","2":"type-product","3":"status-publish","4":"has-post-thumbnail","6":"product_cat-manure-spreader-gearbox","8":"first","9":"instock","10":"shipping-taxable","11":"product-type-simple"},"_links":{"self":[{"href":"https:\/\/fmp-components.com\/es\/wp-json\/wp\/v2\/product\/3285","targetHints":{"allow":["GET"]}}],"collection":[{"href":"https:\/\/fmp-components.com\/es\/wp-json\/wp\/v2\/product"}],"about":[{"href":"https:\/\/fmp-components.com\/es\/wp-json\/wp\/v2\/types\/product"}],"replies":[{"embeddable":true,"href":"https:\/\/fmp-components.com\/es\/wp-json\/wp\/v2\/comments?post=3285"}],"wp:featuredmedia":[{"embeddable":true,"href":"https:\/\/fmp-components.com\/es\/wp-json\/wp\/v2\/media\/3290"}],"wp:attachment":[{"href":"https:\/\/fmp-components.com\/es\/wp-json\/wp\/v2\/media?parent=3285"}],"wp:term":[{"taxonomy":"product_brand","embeddable":true,"href":"https:\/\/fmp-components.com\/es\/wp-json\/wp\/v2\/product_brand?post=3285"},{"taxonomy":"product_cat","embeddable":true,"href":"https:\/\/fmp-components.com\/es\/wp-json\/wp\/v2\/product_cat?post=3285"},{"taxonomy":"product_tag","embeddable":true,"href":"https:\/\/fmp-components.com\/es\/wp-json\/wp\/v2\/product_tag?post=3285"}],"curies":[{"name":"gracias","href":"https:\/\/api.w.org\/{rel}","templated":true}]}}