{"id":3259,"date":"2025-01-06T01:36:46","date_gmt":"2025-01-06T01:36:46","guid":{"rendered":"https:\/\/fmp-components.com\/?page_id=8"},"modified":"2025-01-06T01:36:47","modified_gmt":"2025-01-06T01:36:47","slug":"gearbox-for-agricultural-machinery-700-series","status":"publish","type":"product","link":"https:\/\/fmp-components.com\/es\/product\/gearbox-for-agricultural-machinery-700-series\/","title":{"rendered":"Caja de cambios para maquinaria agr\u00edcola Serie 700"},"content":{"rendered":"<h2>Dibujo para la serie 700<\/h2>\n<p><img loading=\"lazy\" decoding=\"async\" class=\"alignnone  wp-image-3263\" src=\"https:\/\/fmp-components.com\/wp-content\/uploads\/2025\/01\/R700-Spec-1.webp\" alt=\"R700-Spec-1\" width=\"900\" height=\"1126\" title=\"\" srcset=\"https:\/\/fmp-components.com\/wp-content\/uploads\/2025\/01\/R700-Spec-1.webp 900w, https:\/\/fmp-components.com\/wp-content\/uploads\/2025\/01\/R700-Spec-1-480x601.webp 480w\" sizes=\"(min-width: 0px) and (max-width: 480px) 480px, (min-width: 481px) 900px, 100vw\" \/><\/p>\n<h3>Alineaci\u00f3n de rotaci\u00f3n del eje para la serie 700<\/h3>\n<p><img loading=\"lazy\" decoding=\"async\" class=\"alignnone size-full wp-image-3262\" src=\"https:\/\/fmp-components.com\/wp-content\/uploads\/2025\/01\/R700-Rotation.webp\" alt=\"R700-Rotaci\u00f3n\" width=\"1024\" height=\"345\" title=\"\" srcset=\"https:\/\/fmp-components.com\/wp-content\/uploads\/2025\/01\/R700-Rotation.webp 1024w, https:\/\/fmp-components.com\/wp-content\/uploads\/2025\/01\/R700-Rotation-980x330.webp 980w, https:\/\/fmp-components.com\/wp-content\/uploads\/2025\/01\/R700-Rotation-480x162.webp 480w\" sizes=\"(min-width: 0px) and (max-width: 480px) 480px, (min-width: 481px) and (max-width: 980px) 980px, (min-width: 981px) 1024px, 100vw\" \/><\/p>\n<h3>Tablas de clasificaci\u00f3n<\/h3>\n<p><img loading=\"lazy\" decoding=\"async\" class=\"alignnone  wp-image-3264\" src=\"https:\/\/fmp-components.com\/wp-content\/uploads\/2025\/01\/R700-rating-charts.webp\" alt=\"Tablas de clasificaci\u00f3n del R700\" width=\"862\" height=\"397\" title=\"\" srcset=\"https:\/\/fmp-components.com\/wp-content\/uploads\/2025\/01\/R700-rating-charts.webp 393w, https:\/\/fmp-components.com\/wp-content\/uploads\/2025\/01\/R700-rating-charts-300x138.webp 300w, https:\/\/fmp-components.com\/wp-content\/uploads\/2025\/01\/R700-rating-charts-18x8.webp 18w\" sizes=\"(max-width: 862px) 100vw, 862px\" \/><\/p>\n<h3>Caja de cambios para maquinaria agr\u00edcola Serie 700<\/h3>\n<p><strong>Caracter\u00edsticas:<\/strong><\/p>\n<ul>\n<li><strong>Carcasa de aluminio de dos piezas<\/strong>:Construida con aluminio de alta resistencia, esta carcasa garantiza una resistencia superior. <strong>resistencia a la corrosi\u00f3n<\/strong> y <strong>capacidad t\u00e9rmica<\/strong>, lo que lo hace muy duradero para entornos agr\u00edcolas exigentes.<\/li>\n<li><strong>Componentes mecanizados de precisi\u00f3n<\/strong>:Cada caja de engranajes est\u00e1 mecanizada con precisi\u00f3n para garantizar un engranaje perfecto y <strong>precarga del rodamiento<\/strong>, garantizando un funcionamiento suave y eficiente en condiciones de carga pesada.<\/li>\n<li><strong>Engranajes forjados<\/strong>:La Serie 700 cuenta con engranajes forjados con precisi\u00f3n que se ofrecen en un <strong>Relaci\u00f3n de transmisi\u00f3n 3:1<\/strong>, proporcionando una excelente transmisi\u00f3n de par y eficiencia operativa.<\/li>\n<li><strong>Rodamientos de rodillos c\u00f3nicos<\/strong>:Estos rodamientos est\u00e1n dise\u00f1ados para mejorar <strong>capacidad de carga<\/strong> y extender el <strong>vida \u00fatil del rodamiento<\/strong>, garantizando un rendimiento prolongado incluso en entornos de alto estr\u00e9s.<\/li>\n<li><strong>Ejes de acero de alta resistencia<\/strong>: El <strong>Eje de entrada de 1,75\u2033<\/strong> y <strong>Eje de salida de 2,75\u2033<\/strong> Est\u00e1n fabricados en acero de alta resistencia, garantizando robustez y fiabilidad en aplicaciones de trabajo pesado.<\/li>\n<li><strong>Lubricante para engranajes 80W90<\/strong>:Relleno de alta calidad <strong>Lubricante para engranajes 80W90<\/strong>La caja de cambios se prueba exhaustivamente para detectar fugas antes del env\u00edo, lo que garantiza un funcionamiento \u00f3ptimo desde el primer d\u00eda.<\/li>\n<li><strong>Probado contra fugas<\/strong>:Cada unidad se somete a una prueba de fugas integral para garantizar cero fugas, garantizando confiabilidad y reduciendo las necesidades de mantenimiento a lo largo del tiempo.<\/li>\n<li><strong>Peso<\/strong>:La caja de cambios de la Serie 700 pesa aproximadamente <strong>120 libras<\/strong>, incluido el lubricante, lo que lo hace robusto y capaz de afrontar las tareas m\u00e1s duras de la maquinaria agr\u00edcola.<\/li>\n<\/ul>\n<h3>Beneficios adicionales:<\/h3>\n<ul>\n<li><strong>Gesti\u00f3n t\u00e9rmica \u00f3ptima<\/strong>La carcasa de aluminio no solo proporciona resistencia, sino que tambi\u00e9n ayuda a disipar el calor de manera eficiente, manteniendo un rendimiento constante incluso durante un uso prolongado en condiciones dif\u00edciles.<\/li>\n<li><strong>Durabilidad y longevidad<\/strong>Dise\u00f1ada para aplicaciones agr\u00edcolas continuas y de alta carga, la Serie 700 est\u00e1 construida para soportar entornos operativos hostiles, lo que garantiza una vida \u00fatil m\u00e1s larga y un tiempo de inactividad m\u00ednimo.<\/li>\n<li><strong>Eficiencia a escala<\/strong>:La relaci\u00f3n de transmisi\u00f3n de 3:1 es ideal para maquinaria agr\u00edcola m\u00e1s grande, lo que garantiza que la caja de cambios maximice la eficiencia y transfiera la potencia de manera efectiva para operaciones de campo \u00f3ptimas.<\/li>\n<\/ul>\n<p>La caja de cambios de la Serie 700 est\u00e1 dise\u00f1ada para ofrecer una fiabilidad, un rendimiento y una durabilidad excepcionales en los entornos agr\u00edcolas m\u00e1s exigentes. Ya sea que opere tractores grandes, cosechadoras u otra maquinaria pesada, la Serie 700 le proporciona la potencia y la resistencia que necesita para un funcionamiento eficiente y una fiabilidad a largo plazo.<\/p>\n<h3>Acerca de FMP<\/h3>\n<p>Con sede en Italia, FMP es un distinguido fabricante reconocido por su experiencia en el dise\u00f1o, desarrollo y producci\u00f3n de cajas de engranajes de alto rendimiento, con especial atenci\u00f3n al sector de la maquinaria agr\u00edcola. Conocidos por nuestra ingenier\u00eda de precisi\u00f3n, soluciones innovadoras y fiabilidad inquebrantable, FMP se ha ganado una s\u00f3lida reputaci\u00f3n como socio de confianza tanto en el mercado agr\u00edcola como en el industrial. Nuestra completa cartera incluye cajas de engranajes dise\u00f1adas a medida para cortac\u00e9spedes, ejes de toma de fuerza y \u200b\u200buna amplia gama de otros componentes cr\u00edticos, todos meticulosamente dise\u00f1ados para satisfacer las demandas espec\u00edficas de diversas aplicaciones.<\/p>\n<p>En FMP, comprendemos que cada cliente se enfrenta a retos \u00fanicos, lo que nos impulsa a ofrecer soluciones a medida. Ya sea un solo componente o un sistema integrado completo, trabajamos estrechamente con nuestros clientes para garantizar que cada soluci\u00f3n no solo satisfaga sus necesidades, sino que tambi\u00e9n mejore el rendimiento y maximice el valor global. Nuestro compromiso con respuestas r\u00e1pidas y profesionales, y nuestra asesor\u00eda experta garantiza que cada consulta se aborde con precisi\u00f3n, obteniendo siempre resultados \u00f3ptimos.<\/p>\n<p>Damos gran importancia a la comunicaci\u00f3n transparente y continua durante todo el proceso de desarrollo de productos. Nuestro equipo especializado trabaja en estrecha colaboraci\u00f3n con los clientes para comprender plenamente sus necesidades, ofreciendo informaci\u00f3n valiosa y recomendaciones pr\u00e1cticas para garantizar los mejores resultados posibles. Ya sea que dise\u00f1emos productos innovadores o atendamos pedidos rutinarios, en FMP nos comprometemos a entregar soluciones de alta calidad y precisi\u00f3n, siempre a tiempo. Nuestro objetivo es superar las expectativas de nuestros clientes, brindando un servicio excepcional y resultados excepcionales en cada proyecto.<\/p>\n<p>En el coraz\u00f3n de las operaciones de FMP se encuentra un compromiso inquebrantable con la calidad. Nos adherimos a los m\u00e1s altos est\u00e1ndares de fabricaci\u00f3n e implementamos rigurosos procesos de control de calidad para garantizar que cada producto no solo cumpla, sino que supere los est\u00e1ndares de la industria. Este compromiso con la excelencia, combinado con nuestros valores fundamentales de integridad, trabajo en equipo y perseverancia, nos ha permitido forjar relaciones duraderas y de confianza con clientes en casi 30 pa\u00edses de todo el mundo.<\/p>\n<p>En FMP nos dedicamos a fomentar alianzas globales ofreciendo asesoramiento experto y soluciones personalizadas que evolucionan seg\u00fan las necesidades din\u00e1micas de nuestros clientes. Nos esforzamos por construir relaciones duraderas y mutuamente beneficiosas que impulsen el \u00e9xito de cada proyecto. Ya sea que busque soluciones innovadoras para una nueva iniciativa o necesite soporte continuo para un sistema existente, en FMP estamos listos para ayudarle a superar los desaf\u00edos t\u00e9cnicos y garantizar su \u00e9xito continuo.<\/p>\n<p><img loading=\"lazy\" decoding=\"async\" class=\"alignnone wp-image-2695\" src=\"https:\/\/fmp-components.com\/wp-content\/uploads\/2025\/01\/agricultural-gearbox3.webp\" alt=\"caja de cambios agr\u00edcola\" width=\"1140\" height=\"1138\" title=\"\" srcset=\"https:\/\/fmp-components.com\/wp-content\/uploads\/2025\/01\/agricultural-gearbox3.webp 1140w, https:\/\/fmp-components.com\/wp-content\/uploads\/2025\/01\/agricultural-gearbox3-480x479.webp 480w\" sizes=\"(min-width: 0px) and (max-width: 480px) 480px, (min-width: 481px) 1140px, 100vw\" \/><\/p>\n<p>Autor: CX<\/p>","protected":false},"excerpt":{"rendered":"<p>Drawing For 700 Series Shaft Rotation Alignment For 700 Series Rating Charts Gearbox for Agricultural Machinery 700 Series Features: Two-Piece Aluminum Housing: Constructed with high-strength aluminum, this housing ensures superior corrosion resistance and thermal capacity, making it highly durable for demanding agricultural environments. Precision Machined Components: Each gearbox is precision-machined to guarantee perfect gear meshing [&hellip;]<\/p>","protected":false},"featured_media":3260,"comment_status":"open","ping_status":"closed","template":"","meta":{"_et_pb_use_builder":"","_et_pb_old_content":"","_et_gb_content_width":""},"product_brand":[],"product_cat":[78],"product_tag":[],"class_list":{"0":"post-3259","1":"product","2":"type-product","3":"status-publish","4":"has-post-thumbnail","6":"product_cat-gearbox-for-agricultural-machinery","8":"first","9":"instock","10":"shipping-taxable","11":"product-type-simple"},"_links":{"self":[{"href":"https:\/\/fmp-components.com\/es\/wp-json\/wp\/v2\/product\/3259","targetHints":{"allow":["GET"]}}],"collection":[{"href":"https:\/\/fmp-components.com\/es\/wp-json\/wp\/v2\/product"}],"about":[{"href":"https:\/\/fmp-components.com\/es\/wp-json\/wp\/v2\/types\/product"}],"replies":[{"embeddable":true,"href":"https:\/\/fmp-components.com\/es\/wp-json\/wp\/v2\/comments?post=3259"}],"wp:featuredmedia":[{"embeddable":true,"href":"https:\/\/fmp-components.com\/es\/wp-json\/wp\/v2\/media\/3260"}],"wp:attachment":[{"href":"https:\/\/fmp-components.com\/es\/wp-json\/wp\/v2\/media?parent=3259"}],"wp:term":[{"taxonomy":"product_brand","embeddable":true,"href":"https:\/\/fmp-components.com\/es\/wp-json\/wp\/v2\/product_brand?post=3259"},{"taxonomy":"product_cat","embeddable":true,"href":"https:\/\/fmp-components.com\/es\/wp-json\/wp\/v2\/product_cat?post=3259"},{"taxonomy":"product_tag","embeddable":true,"href":"https:\/\/fmp-components.com\/es\/wp-json\/wp\/v2\/product_tag?post=3259"}],"curies":[{"name":"gracias","href":"https:\/\/api.w.org\/{rel}","templated":true}]}}