{"id":3253,"date":"2025-01-06T01:10:21","date_gmt":"2025-01-06T01:10:21","guid":{"rendered":"https:\/\/fmp-components.com\/?page_id=8"},"modified":"2025-01-06T01:15:31","modified_gmt":"2025-01-06T01:15:31","slug":"gearbox-for-agricultural-machinery-600-series","status":"publish","type":"product","link":"https:\/\/fmp-components.com\/es\/product\/gearbox-for-agricultural-machinery-600-series\/","title":{"rendered":"Caja de cambios para maquinaria agr\u00edcola Serie 600"},"content":{"rendered":"<h2>Tabla de clasificaci\u00f3n<\/h2>\n<p><img loading=\"lazy\" decoding=\"async\" class=\"alignnone wp-image-3255\" src=\"https:\/\/fmp-components.com\/wp-content\/uploads\/2025\/01\/R600-rating-charts.webp\" alt=\"Tablas de clasificaci\u00f3n R600\" width=\"844\" height=\"1536\" title=\"\" srcset=\"https:\/\/fmp-components.com\/wp-content\/uploads\/2025\/01\/R600-rating-charts.webp 339w, https:\/\/fmp-components.com\/wp-content\/uploads\/2025\/01\/R600-rating-charts-165x300.webp 165w, https:\/\/fmp-components.com\/wp-content\/uploads\/2025\/01\/R600-rating-charts-7x12.webp 7w\" sizes=\"(max-width: 844px) 100vw, 844px\" \/><\/p>\n<h3>Dibujo para la serie 600<\/h3>\n<p><img loading=\"lazy\" decoding=\"async\" class=\"alignnone wp-image-3254\" src=\"https:\/\/fmp-components.com\/wp-content\/uploads\/2025\/01\/600drawing.webp\" alt=\"600 dibujos\" width=\"889\" height=\"1149\" title=\"\" srcset=\"https:\/\/fmp-components.com\/wp-content\/uploads\/2025\/01\/600drawing.webp 889w, https:\/\/fmp-components.com\/wp-content\/uploads\/2025\/01\/600drawing-480x621.webp 480w\" sizes=\"(min-width: 0px) and (max-width: 480px) 480px, (min-width: 481px) 889px, 100vw\" \/><\/p>\n<h3>Alineaci\u00f3n de rotaci\u00f3n del eje para la serie 600<\/h3>\n<p><img loading=\"lazy\" decoding=\"async\" class=\"alignnone size-full wp-image-3257\" src=\"https:\/\/fmp-components.com\/wp-content\/uploads\/2025\/01\/R400-600Rotation.webp\" alt=\"R400-600 Rotaci\u00f3n\" width=\"1024\" height=\"384\" title=\"\" srcset=\"https:\/\/fmp-components.com\/wp-content\/uploads\/2025\/01\/R400-600Rotation.webp 1024w, https:\/\/fmp-components.com\/wp-content\/uploads\/2025\/01\/R400-600Rotation-980x368.webp 980w, https:\/\/fmp-components.com\/wp-content\/uploads\/2025\/01\/R400-600Rotation-480x180.webp 480w\" sizes=\"(min-width: 0px) and (max-width: 480px) 480px, (min-width: 481px) and (max-width: 980px) 980px, (min-width: 981px) 1024px, 100vw\" \/><\/p>\n<h3>Caracter\u00edsticas principales de la caja de cambios para maquinaria agr\u00edcola \u2013 Serie 600<\/h3>\n<p>La caja de cambios de la serie 600 est\u00e1 dise\u00f1ada para aplicaciones agr\u00edcolas exigentes, ofreciendo un rendimiento y una durabilidad excepcionales. Construida con una robusta carcasa de aluminio de dos piezas, esta caja de cambios ofrece una resistencia superior, resistencia a la corrosi\u00f3n y capacidad t\u00e9rmica, garantizando un funcionamiento fiable incluso en condiciones adversas. Ya sea para maquinaria agr\u00edcola u otros equipos de alta resistencia, esta caja de cambios est\u00e1 dise\u00f1ada para ofrecer fiabilidad y eficiencia a largo plazo.<\/p>\n<ul>\n<li><strong>Carcasa de aluminio de dos piezas<\/strong>La carcasa est\u00e1 fabricada en aluminio de alta calidad, ofreciendo una combinaci\u00f3n \u00f3ptima de resistencia y ligereza. Resiste la corrosi\u00f3n y posee una alta capacidad t\u00e9rmica, lo que la hace ideal para periodos de funcionamiento prolongados y entornos exigentes.<\/li>\n<li><strong>Componentes mecanizados de precisi\u00f3n<\/strong>Cada componente, incluidos los engranajes y los rodamientos, se mecaniza con precisi\u00f3n para garantizar un engrane exacto y una precarga precisa de los rodamientos, minimizando la fricci\u00f3n y el desgaste. Esto mejora la vida \u00fatil y el rendimiento de la caja de cambios.<\/li>\n<li><strong>Amplia gama de relaciones de transmisi\u00f3n<\/strong>La caja de cambios viene con seis relaciones de engranajes forjadas con precisi\u00f3n:\n<ul>\n<li>1:1<\/li>\n<li>1.18:1<\/li>\n<li>1.35:1<\/li>\n<li>1.5:1<\/li>\n<li>1.86:1<\/li>\n<li>2:1 Esta variedad proporciona flexibilidad, lo que permite personalizar la caja de cambios seg\u00fan los requisitos espec\u00edficos de transmisi\u00f3n de potencia de diferentes m\u00e1quinas agr\u00edcolas.<\/li>\n<\/ul>\n<\/li>\n<li><strong>Rodamientos de rodillos c\u00f3nicos<\/strong>Equipada con rodamientos de rodillos c\u00f3nicos, la caja de cambios ofrece una mayor capacidad de carga y prolonga la vida \u00fatil de los rodamientos, incluso en operaciones exigentes. Esta caracter\u00edstica ayuda a reducir el tiempo de inactividad y los costes de mantenimiento.<\/li>\n<li><strong>Eje de acero de alta resistencia<\/strong>El eje de 1,75\u2033 est\u00e1 fabricado en acero de alta resistencia, lo que proporciona una durabilidad y resistencia superiores para soportar cargas pesadas y condiciones adversas, garantizando un rendimiento estable a lo largo del tiempo.<\/li>\n<li><strong>Lubricaci\u00f3n y pruebas<\/strong>La caja de cambios viene prellenada con lubricante para engranajes 80W90 para una lubricaci\u00f3n \u00f3ptima, lo que reduce el desgaste durante el funcionamiento. Adem\u00e1s, se somete a una prueba de fugas antes del env\u00edo para garantizar su fiabilidad y prevenir posibles problemas operativos.<\/li>\n<li><strong>Peso<\/strong>La serie 600 pesa entre 60 y 70 libras.<strong>.<\/strong>, incluido el aceite, proporcionando un peso equilibrado para una f\u00e1cil instalaci\u00f3n y un soporte robusto para maquinaria agr\u00edcola de servicio pesado.<\/li>\n<\/ul>\n<p>La caja de cambios de la serie 600 es ideal para una amplia gama de maquinaria agr\u00edcola, como cosechadoras, arados y tractores. Su alta capacidad de carga y su ingenier\u00eda de precisi\u00f3n garantizan que pueda soportar las exigentes demandas de las operaciones agr\u00edcolas modernas, asegurando un rendimiento \u00f3ptimo y una larga vida \u00fatil para los equipos cr\u00edticos.<\/p>\n<p>Gracias a su dise\u00f1o robusto, relaciones de transmisi\u00f3n vers\u00e1tiles y componentes de alta calidad, la caja de cambios de la serie 600 se destaca como una opci\u00f3n confiable para maquinaria agr\u00edcola. Construida para soportar condiciones de trabajo exigentes y ofrecer una transmisi\u00f3n de potencia eficiente, es un componente esencial para quienes buscan cajas de cambios duraderas y de alto rendimiento en el sector agr\u00edcola.<\/p>\n<h3>Acerca de FMP<\/h3>\n<p>Con sede en Italia, FMP es un fabricante l\u00edder reconocido por su experiencia en el dise\u00f1o, desarrollo y producci\u00f3n de cajas de cambios de alto rendimiento, con especializaci\u00f3n en el sector de la maquinaria agr\u00edcola. FMP se ha forjado una s\u00f3lida reputaci\u00f3n gracias a su ingenier\u00eda de precisi\u00f3n, soluciones innovadoras y fiabilidad inquebrantable, consolid\u00e1ndose como un socio de confianza tanto para el mercado agr\u00edcola como para el industrial. Nuestro amplio cat\u00e1logo incluye cajas de cambios dise\u00f1adas a medida para cortac\u00e9spedes, ejes de toma de fuerza y \u200b\u200botros componentes esenciales, cada uno meticulosamente fabricado para satisfacer las exigencias espec\u00edficas de diversas aplicaciones.<\/p>\n<p>En FMP, comprendemos que cada cliente enfrenta desaf\u00edos \u00fanicos. Esta comprensi\u00f3n impulsa nuestro compromiso de brindar soluciones a medida, ya sea para componentes individuales o sistemas totalmente integrados. Al colaborar estrechamente con nuestros clientes, garantizamos que cada soluci\u00f3n no solo cumpla con sus requisitos exactos, sino que tambi\u00e9n maximice el rendimiento y el valor. Nuestra dedicaci\u00f3n a proporcionar respuestas r\u00e1pidas y profesionales, as\u00ed como asesoramiento experto, garantiza que cada consulta se gestione con precisi\u00f3n, obteniendo siempre resultados \u00f3ptimos.<\/p>\n<p>Damos gran importancia a la comunicaci\u00f3n transparente y continua en cada etapa del ciclo de desarrollo del producto. Nuestro equipo especializado trabaja directamente con los clientes para comprender a fondo sus necesidades, ofreci\u00e9ndoles informaci\u00f3n valiosa y recomendaciones expertas para garantizar los mejores resultados. Ya sea que estemos dise\u00f1ando productos de vanguardia o atendiendo pedidos rutinarios, en FMP nos comprometemos a entregar soluciones de alta calidad y precisi\u00f3n, siempre a tiempo. Nuestro objetivo es superar constantemente las expectativas de nuestros clientes, brind\u00e1ndoles un servicio excepcional y logrando resultados sobresalientes en cada proyecto.<\/p>\n<p>En el coraz\u00f3n de las operaciones de FMP reside un compromiso inquebrantable con la calidad. Nos adherimos a los m\u00e1s altos est\u00e1ndares de fabricaci\u00f3n e implementamos rigurosos procesos de control de calidad para garantizar que cada producto no solo cumpla, sino que supere los est\u00e1ndares de la industria. Este compromiso con la excelencia, aunado a nuestros valores fundamentales de integridad, trabajo en equipo y perseverancia, nos ha permitido forjar relaciones duraderas y basadas en la confianza con clientes en casi 30 pa\u00edses alrededor del mundo.<\/p>\n<p>FMP se dedica a fomentar alianzas globales ofreciendo asesoramiento experto y soluciones personalizadas que responden a las necesidades cambiantes de nuestros clientes. Nos esforzamos por construir relaciones a largo plazo y mutuamente beneficiosas que contribuyan al \u00e9xito de cada proyecto. Tanto si busca soluciones innovadoras para una nueva iniciativa como si necesita soporte continuo para un sistema existente, FMP est\u00e1 aqu\u00ed para ayudarle a superar los retos t\u00e9cnicos y garantizar su \u00e9xito constante.<\/p>\n<p><img loading=\"lazy\" decoding=\"async\" class=\"alignnone wp-image-2695\" src=\"https:\/\/fmp-components.com\/wp-content\/uploads\/2025\/01\/agricultural-gearbox3.webp\" alt=\"caja de cambios agr\u00edcola\" width=\"1140\" height=\"1138\" title=\"\" srcset=\"https:\/\/fmp-components.com\/wp-content\/uploads\/2025\/01\/agricultural-gearbox3.webp 1140w, https:\/\/fmp-components.com\/wp-content\/uploads\/2025\/01\/agricultural-gearbox3-480x479.webp 480w\" sizes=\"(min-width: 0px) and (max-width: 480px) 480px, (min-width: 481px) 1140px, 100vw\" \/><\/p>\n<p>Autor: CX<\/p>","protected":false},"excerpt":{"rendered":"<p>Rating Chart Drawing For 600 Series Shaft Rotation Alignment For 600 Series Key Features of Gearbox for Agricultural Machinery &#8211; 600 Series The 600 Series Gearbox is engineered for demanding agricultural applications, designed to deliver exceptional performance and durability. Built with a robust two-piece aluminum housing, this gearbox offers superior strength, corrosion resistance, and thermal [&hellip;]<\/p>","protected":false},"featured_media":3258,"comment_status":"open","ping_status":"closed","template":"","meta":{"_et_pb_use_builder":"","_et_pb_old_content":"","_et_gb_content_width":""},"product_brand":[],"product_cat":[78],"product_tag":[],"class_list":{"0":"post-3253","1":"product","2":"type-product","3":"status-publish","4":"has-post-thumbnail","6":"product_cat-gearbox-for-agricultural-machinery","8":"first","9":"instock","10":"shipping-taxable","11":"product-type-simple"},"_links":{"self":[{"href":"https:\/\/fmp-components.com\/es\/wp-json\/wp\/v2\/product\/3253","targetHints":{"allow":["GET"]}}],"collection":[{"href":"https:\/\/fmp-components.com\/es\/wp-json\/wp\/v2\/product"}],"about":[{"href":"https:\/\/fmp-components.com\/es\/wp-json\/wp\/v2\/types\/product"}],"replies":[{"embeddable":true,"href":"https:\/\/fmp-components.com\/es\/wp-json\/wp\/v2\/comments?post=3253"}],"wp:featuredmedia":[{"embeddable":true,"href":"https:\/\/fmp-components.com\/es\/wp-json\/wp\/v2\/media\/3258"}],"wp:attachment":[{"href":"https:\/\/fmp-components.com\/es\/wp-json\/wp\/v2\/media?parent=3253"}],"wp:term":[{"taxonomy":"product_brand","embeddable":true,"href":"https:\/\/fmp-components.com\/es\/wp-json\/wp\/v2\/product_brand?post=3253"},{"taxonomy":"product_cat","embeddable":true,"href":"https:\/\/fmp-components.com\/es\/wp-json\/wp\/v2\/product_cat?post=3253"},{"taxonomy":"product_tag","embeddable":true,"href":"https:\/\/fmp-components.com\/es\/wp-json\/wp\/v2\/product_tag?post=3253"}],"curies":[{"name":"gracias","href":"https:\/\/api.w.org\/{rel}","templated":true}]}}