{"id":3242,"date":"2025-01-06T00:58:53","date_gmt":"2025-01-06T00:58:53","guid":{"rendered":"https:\/\/fmp-components.com\/?page_id=8"},"modified":"2025-01-06T00:58:53","modified_gmt":"2025-01-06T00:58:53","slug":"gearbox-for-agricultural-machinery-500-series","status":"publish","type":"product","link":"https:\/\/fmp-components.com\/es\/product\/gearbox-for-agricultural-machinery-500-series\/","title":{"rendered":"Caja de cambios para maquinaria agr\u00edcola Serie 500"},"content":{"rendered":"<h2>Tabla de clasificaci\u00f3n<\/h2>\n<p><img loading=\"lazy\" decoding=\"async\" class=\"alignnone  wp-image-3250\" src=\"https:\/\/fmp-components.com\/wp-content\/uploads\/2025\/01\/R500-rating-charts.webp\" alt=\"Tablas de clasificaci\u00f3n del R500\" width=\"870\" height=\"1106\" title=\"\" srcset=\"https:\/\/fmp-components.com\/wp-content\/uploads\/2025\/01\/R500-rating-charts.webp 394w, https:\/\/fmp-components.com\/wp-content\/uploads\/2025\/01\/R500-rating-charts-236x300.webp 236w, https:\/\/fmp-components.com\/wp-content\/uploads\/2025\/01\/R500-rating-charts-9x12.webp 9w\" sizes=\"(max-width: 870px) 100vw, 870px\" \/><\/p>\n<h3>Dibujo para la serie 500<\/h3>\n<p><img loading=\"lazy\" decoding=\"async\" class=\"alignnone  wp-image-3249\" src=\"https:\/\/fmp-components.com\/wp-content\/uploads\/2025\/01\/500drawing.webp\" alt=\"500dibujo\" width=\"888\" height=\"1150\" title=\"\" srcset=\"https:\/\/fmp-components.com\/wp-content\/uploads\/2025\/01\/500drawing.webp 888w, https:\/\/fmp-components.com\/wp-content\/uploads\/2025\/01\/500drawing-480x621.webp 480w\" sizes=\"(min-width: 0px) and (max-width: 480px) 480px, (min-width: 481px) 888px, 100vw\" \/><\/p>\n<h3>Alineaci\u00f3n de rotaci\u00f3n del eje para la serie 500<\/h3>\n<p><img loading=\"lazy\" decoding=\"async\" class=\"alignnone size-full wp-image-3251\" src=\"https:\/\/fmp-components.com\/wp-content\/uploads\/2025\/01\/500-rotation-option.webp\" alt=\"Opci\u00f3n de rotaci\u00f3n de 500\" width=\"1024\" height=\"384\" title=\"\" srcset=\"https:\/\/fmp-components.com\/wp-content\/uploads\/2025\/01\/500-rotation-option.webp 1024w, https:\/\/fmp-components.com\/wp-content\/uploads\/2025\/01\/500-rotation-option-980x368.webp 980w, https:\/\/fmp-components.com\/wp-content\/uploads\/2025\/01\/500-rotation-option-480x180.webp 480w\" sizes=\"(min-width: 0px) and (max-width: 480px) 480px, (min-width: 481px) and (max-width: 980px) 980px, (min-width: 981px) 1024px, 100vw\" \/><\/p>\n<h3>Caja de cambios serie 500 para maquinaria agr\u00edcola<\/h3>\n<p><strong>Caracter\u00edsticas y beneficios:<\/strong><\/p>\n<ul>\n<li><strong>Carcasa de aluminio de dos piezas:<\/strong> Fabricada con aluminio de alta resistencia, la carcasa ofrece una durabilidad excepcional, resistencia a la corrosi\u00f3n y una capacidad t\u00e9rmica superior. Esto garantiza un rendimiento \u00f3ptimo incluso en condiciones operativas extremas, lo que la hace ideal para entornos agr\u00edcolas.<\/li>\n<li><strong>Mecanizado de precisi\u00f3n:<\/strong> Cada componente se mecaniza con precisi\u00f3n para garantizar un engrane perfecto y una precarga precisa de los rodamientos. Esta atenci\u00f3n al detalle contribuye a un funcionamiento m\u00e1s suave, una menor fricci\u00f3n y una mayor durabilidad de la caja de cambios.<\/li>\n<li><strong>Relaciones de transmisi\u00f3n vers\u00e1tiles:<\/strong> La Serie 500 cuenta con engranajes forjados con precisi\u00f3n, disponibles en cuatro relaciones: 1:1, 1,35:1, 1,5:1 y 2:1, lo que ofrece una gama de opciones para adaptarse a diversas necesidades de aplicaci\u00f3n. Adem\u00e1s, est\u00e1 disponible una opci\u00f3n de engranaje c\u00f3nico espiral con una relaci\u00f3n de 1:1, lo que ampl\u00eda a\u00fan m\u00e1s la adaptabilidad de la caja de engranajes a diferentes tareas.<\/li>\n<li><strong>Rodamientos de rodillos c\u00f3nicos:<\/strong> Los rodamientos de rodillos c\u00f3nicos de alta calidad ofrecen una mayor capacidad de carga y una vida \u00fatil m\u00e1s larga, garantizando un rendimiento constante y fiable incluso en aplicaciones exigentes. Estos rodamientos est\u00e1n dise\u00f1ados para soportar cargas radiales y axiales elevadas, lo que los hace ideales para maquinaria agr\u00edcola de alta resistencia.<\/li>\n<li><strong>Eje de acero de alta resistencia:<\/strong> La caja de cambios Serie 500 cuenta con un eje de 1,375\u2033 fabricado en acero de alta resistencia, lo que proporciona mayor durabilidad y resistencia al desgaste. Este robusto dise\u00f1o de eje garantiza una transmisi\u00f3n de potencia fiable durante largos periodos, incluso en entornos dif\u00edciles.<\/li>\n<li><strong>Lubricaci\u00f3n y pruebas de fugas:<\/strong> La caja de cambios est\u00e1 precargada con lubricante para engranajes 80W90, lo que garantiza un funcionamiento suave y eficiente desde el principio. Cada unidad se somete a rigurosas pruebas de fugas antes del env\u00edo para garantizar un producto sin fugas al recibirlo.<\/li>\n<li><strong>Peso y facilidad de uso:<\/strong> La caja de cambios de la Serie 500 pesa entre 25 y 30 libras.<strong>.<\/strong>, incluido el aceite para engranajes. Este peso est\u00e1 cuidadosamente equilibrado para proporcionar resistencia y, al mismo tiempo, ser manejable durante la instalaci\u00f3n y el funcionamiento.<\/li>\n<\/ul>\n<p>La caja de cambios Serie 500 es la soluci\u00f3n ideal para maquinaria agr\u00edcola, ofreciendo mayor durabilidad, rendimiento eficiente y versatilidad para diversas aplicaciones. Ya sea en maquinaria de labranza, siembra o cosecha, esta caja de cambios garantiza un servicio confiable, incluso en las condiciones de trabajo m\u00e1s exigentes. Su dise\u00f1o robusto y sus materiales de alta calidad la convierten en una opci\u00f3n confiable para fabricantes y operadores del sector agr\u00edcola que buscan soluciones de caja de cambios duraderas y confiables.<\/p>\n<h2>Acerca de FMP<\/h2>\n<p>Con sede en Italia, FMP es un prestigioso fabricante especializado en el dise\u00f1o, desarrollo y producci\u00f3n de cajas de engranajes de alto rendimiento. Con un fuerte enfoque en el sector de la maquinaria agr\u00edcola, FMP es reconocido por su ingenier\u00eda de precisi\u00f3n, soluciones innovadoras y una fiabilidad inquebrantable. A lo largo de los a\u00f1os, FMP se ha consolidado como socio de confianza tanto en el mercado agr\u00edcola como en el industrial. Nuestra amplia cartera incluye cajas de engranajes, cardanes y otros componentes esenciales dise\u00f1ados a medida, meticulosamente dise\u00f1ados para satisfacer las necesidades espec\u00edficas de diversas aplicaciones.<\/p>\n<p>En FMP, reconocemos que cada cliente tiene necesidades \u00fanicas. Esta perspectiva impulsa nuestra dedicaci\u00f3n a brindar soluciones a medida, dise\u00f1adas para abordar tanto componentes individuales como sistemas totalmente integrados. Al colaborar estrechamente con nuestros clientes, garantizamos que cada soluci\u00f3n no solo satisfaga sus necesidades espec\u00edficas, sino que tambi\u00e9n mejore el rendimiento, la eficiencia y el valor. Nuestro compromiso con respuestas r\u00e1pidas y profesionales, y la asesor\u00eda experta, garantiza que cada consulta se atienda con precisi\u00f3n, obteniendo resultados \u00f3ptimos.<\/p>\n<p>Una comunicaci\u00f3n clara y transparente es fundamental en nuestro enfoque. Desde la fase inicial de dise\u00f1o hasta la entrega del producto, nuestro equipo dedicado trabaja codo con codo con nuestros clientes, comprendiendo a fondo sus desaf\u00edos. Este enfoque colaborativo nos permite ofrecer informaci\u00f3n valiosa, compartir soluciones innovadoras y, en definitiva, obtener los mejores resultados. Ya sea trabajando en proyectos innovadores o atendiendo pedidos rutinarios, en FMP nos comprometemos a entregar soluciones de alta calidad y precisi\u00f3n, siempre a tiempo. Nuestro objetivo es superar constantemente las expectativas de nuestros clientes, brindando un servicio excepcional y resultados excepcionales en cada proyecto.<\/p>\n<p>En el coraz\u00f3n de las operaciones de FMP reside un compromiso inquebrantable con la calidad. Nos adherimos a los m\u00e1s altos est\u00e1ndares de fabricaci\u00f3n e implementamos rigurosos procesos de control de calidad para garantizar que cada producto supere los est\u00e1ndares de la industria. Esta dedicaci\u00f3n a la excelencia, junto con nuestros valores fundamentales de integridad, trabajo en equipo y perseverancia, nos ha permitido forjar relaciones duraderas y de confianza con clientes en m\u00e1s de 30 pa\u00edses de todo el mundo.<\/p>\n<p>En FMP, nos centramos constantemente en fomentar alianzas globales, ofrecer asesoramiento experto y brindar soluciones personalizadas que se adaptan a las necesidades de nuestros clientes. Nuestro objetivo es construir relaciones duraderas y mutuamente beneficiosas que contribuyan al \u00e9xito de cada proyecto. Tanto si busca soluciones innovadoras para una nueva empresa como si requiere soporte continuo para un sistema ya establecido, en FMP estamos listos para ayudarle a superar los desaf\u00edos t\u00e9cnicos y garantizar su \u00e9xito continuo.<\/p>\n<p><img loading=\"lazy\" decoding=\"async\" class=\"alignnone wp-image-2695\" src=\"https:\/\/fmp-components.com\/wp-content\/uploads\/2025\/01\/agricultural-gearbox3.webp\" alt=\"caja de cambios agr\u00edcola\" width=\"1140\" height=\"1138\" title=\"\" srcset=\"https:\/\/fmp-components.com\/wp-content\/uploads\/2025\/01\/agricultural-gearbox3.webp 1140w, https:\/\/fmp-components.com\/wp-content\/uploads\/2025\/01\/agricultural-gearbox3-480x479.webp 480w\" sizes=\"(min-width: 0px) and (max-width: 480px) 480px, (min-width: 481px) 1140px, 100vw\" \/><\/p>\n<p>Autor: CX<\/p>","protected":false},"excerpt":{"rendered":"<p>Rating Chart Drawing For 500 Series Shaft Rotation Alignment For 500 Series 500 Series Gearbox for Agricultural Machinery Features and Benefits: Two-Piece Aluminum Housing: Crafted with high-strength aluminum, the housing offers exceptional durability, corrosion resistance, and superior thermal capacity. This ensures optimal performance even under extreme operational conditions, making it highly suited for agricultural environments. [&hellip;]<\/p>","protected":false},"featured_media":3252,"comment_status":"open","ping_status":"closed","template":"","meta":{"_et_pb_use_builder":"","_et_pb_old_content":"","_et_gb_content_width":""},"product_brand":[],"product_cat":[78],"product_tag":[],"class_list":{"0":"post-3242","1":"product","2":"type-product","3":"status-publish","4":"has-post-thumbnail","6":"product_cat-gearbox-for-agricultural-machinery","8":"first","9":"instock","10":"shipping-taxable","11":"product-type-simple"},"_links":{"self":[{"href":"https:\/\/fmp-components.com\/es\/wp-json\/wp\/v2\/product\/3242","targetHints":{"allow":["GET"]}}],"collection":[{"href":"https:\/\/fmp-components.com\/es\/wp-json\/wp\/v2\/product"}],"about":[{"href":"https:\/\/fmp-components.com\/es\/wp-json\/wp\/v2\/types\/product"}],"replies":[{"embeddable":true,"href":"https:\/\/fmp-components.com\/es\/wp-json\/wp\/v2\/comments?post=3242"}],"wp:featuredmedia":[{"embeddable":true,"href":"https:\/\/fmp-components.com\/es\/wp-json\/wp\/v2\/media\/3252"}],"wp:attachment":[{"href":"https:\/\/fmp-components.com\/es\/wp-json\/wp\/v2\/media?parent=3242"}],"wp:term":[{"taxonomy":"product_brand","embeddable":true,"href":"https:\/\/fmp-components.com\/es\/wp-json\/wp\/v2\/product_brand?post=3242"},{"taxonomy":"product_cat","embeddable":true,"href":"https:\/\/fmp-components.com\/es\/wp-json\/wp\/v2\/product_cat?post=3242"},{"taxonomy":"product_tag","embeddable":true,"href":"https:\/\/fmp-components.com\/es\/wp-json\/wp\/v2\/product_tag?post=3242"}],"curies":[{"name":"gracias","href":"https:\/\/api.w.org\/{rel}","templated":true}]}}