{"id":3241,"date":"2025-01-06T00:37:34","date_gmt":"2025-01-06T00:37:34","guid":{"rendered":"https:\/\/fmp-components.com\/?page_id=8"},"modified":"2025-01-06T06:53:06","modified_gmt":"2025-01-06T06:53:06","slug":"gearbox-for-agricultural-machinery-200-series","status":"publish","type":"product","link":"https:\/\/fmp-components.com\/es\/product\/gearbox-for-agricultural-machinery-200-series\/","title":{"rendered":"Caja de cambios para maquinaria agr\u00edcola Serie 200"},"content":{"rendered":"<h2>Tabla de clasificaci\u00f3n<\/h2>\n<p><img loading=\"lazy\" decoding=\"async\" class=\"alignnone wp-image-3245\" src=\"https:\/\/fmp-components.com\/wp-content\/uploads\/2025\/01\/R200-rating-charts.webp\" alt=\"Tablas de clasificaci\u00f3n del R200\" width=\"917\" height=\"863\" title=\"\" srcset=\"https:\/\/fmp-components.com\/wp-content\/uploads\/2025\/01\/R200-rating-charts.webp 441w, https:\/\/fmp-components.com\/wp-content\/uploads\/2025\/01\/R200-rating-charts-300x282.webp 300w, https:\/\/fmp-components.com\/wp-content\/uploads\/2025\/01\/R200-rating-charts-13x12.webp 13w\" sizes=\"(max-width: 917px) 100vw, 917px\" \/><\/p>\n<h3>Dibujo para la serie 200<\/h3>\n<p><img loading=\"lazy\" decoding=\"async\" class=\"wp-image-3246 alignnone\" src=\"https:\/\/fmp-components.com\/wp-content\/uploads\/2025\/01\/200drawing.webp\" alt=\"200dibujo\" width=\"876\" height=\"1134\" title=\"\" srcset=\"https:\/\/fmp-components.com\/wp-content\/uploads\/2025\/01\/200drawing.webp 876w, https:\/\/fmp-components.com\/wp-content\/uploads\/2025\/01\/200drawing-480x621.webp 480w\" sizes=\"(min-width: 0px) and (max-width: 480px) 480px, (min-width: 481px) 876px, 100vw\" \/><\/p>\n<h3>Alineaci\u00f3n de rotaci\u00f3n del eje para la serie 200<\/h3>\n<p><img loading=\"lazy\" decoding=\"async\" class=\"alignnone wp-image-3247\" src=\"https:\/\/fmp-components.com\/wp-content\/uploads\/2025\/01\/100shaft-1.webp\" alt=\"100 ejes\" width=\"842\" height=\"255\" title=\"\" srcset=\"https:\/\/fmp-components.com\/wp-content\/uploads\/2025\/01\/100shaft-1.webp 360w, https:\/\/fmp-components.com\/wp-content\/uploads\/2025\/01\/100shaft-1-300x91.webp 300w, https:\/\/fmp-components.com\/wp-content\/uploads\/2025\/01\/100shaft-1-18x5.webp 18w\" sizes=\"(max-width: 842px) 100vw, 842px\" \/><\/p>\n<h3>Caja de cambios serie 200 para maquinaria agr\u00edcola<\/h3>\n<p>La caja de cambios Serie 200 est\u00e1 dise\u00f1ada para satisfacer las exigentes necesidades de la maquinaria agr\u00edcola, ofreciendo un rendimiento robusto, mayor durabilidad y excelente eficiencia. Dise\u00f1ada para una amplia gama de aplicaciones agr\u00edcolas, esta caja de cambios combina ingenier\u00eda de precisi\u00f3n con materiales de alta calidad para garantizar una fiabilidad superior en condiciones dif\u00edciles.<\/p>\n<h4>Caracter\u00edsticas:<\/h4>\n<ul>\n<li><strong>Carcasa de aluminio de dos piezas<\/strong>:Construida en aluminio liviano y duradero, la carcasa de dos piezas proporciona <strong>fuerza excepcional<\/strong>, <strong>resistencia a la corrosi\u00f3n<\/strong>, y <strong>capacidad t\u00e9rmica<\/strong>, lo que lo hace ideal para entornos agr\u00edcolas donde la exposici\u00f3n a condiciones adversas es com\u00fan.<\/li>\n<li><strong>Mecanizado de precisi\u00f3n<\/strong>:La caja de cambios es <strong>mecanizado de precisi\u00f3n<\/strong> Para garantizar un engrane perfecto de los engranajes y una precarga de los rodamientos \u00f3ptima, optimizando la eficiencia y reduciendo el desgaste. Este meticuloso proceso garantiza un funcionamiento fiable y silencioso durante largos periodos.<\/li>\n<li><strong>Engranajes forjados en m\u00faltiples relaciones<\/strong>:La caja de cambios de la Serie 200 viene equipada con <strong>engranajes forjados con precisi\u00f3n<\/strong> Disponible en tres proporciones: <strong>1:1<\/strong>, <strong>1.5:1<\/strong>, y <strong>2:1<\/strong>, lo que permite flexibilidad en diversas aplicaciones, asegurando el equilibrio adecuado de velocidad y torque para diferentes tareas agr\u00edcolas.<\/li>\n<li><strong>Rodamientos de rodillos c\u00f3nicos<\/strong>: <strong>Rodamientos de rodillos c\u00f3nicos<\/strong> se integran en el dise\u00f1o para proporcionar una mayor <strong>capacidad de carga<\/strong> y <strong>mayor vida \u00fatil del rodamiento<\/strong>, garantizando un funcionamiento estable y durabilidad, incluso bajo cargas pesadas y tensiones elevadas.<\/li>\n<li><strong>Eje de 1\u2033 de alta resistencia<\/strong>:La caja de cambios cuenta con una <strong>Eje de 1 pulgada<\/strong> Hecho de <strong>acero de alta resistencia<\/strong>, dise\u00f1ado para soportar operaciones agr\u00edcolas rigurosas, proporcionando la resistencia y confiabilidad necesarias para desempe\u00f1arse en entornos dif\u00edciles.<\/li>\n<li><strong>Lubricaci\u00f3n y pruebas de fugas<\/strong>:Prellenado con <strong>Lubricante para engranajes 80W90<\/strong>, cada caja de cambios est\u00e1 completamente <strong>probado contra fugas<\/strong> antes del env\u00edo para asegurar un sellado adecuado y garantizar que funcione sin problemas desde el principio.<\/li>\n<li><strong>Peso<\/strong>:La Serie 200 pesa aproximadamente <strong>12 a 15 libras.<\/strong>, incluido el aceite, proporcionando un equilibrio entre resistencia y dise\u00f1o liviano para minimizar la carga en el equipo agr\u00edcola.<\/li>\n<\/ul>\n<p>La caja de cambios Serie 200 es una soluci\u00f3n muy vers\u00e1til para maquinaria agr\u00edcola, que ofrece una excelente transmisi\u00f3n de potencia, una larga durabilidad y un mantenimiento m\u00ednimo. Ya sea para la labranza, la cosecha u otras aplicaciones agr\u00edcolas, la Serie 200 garantiza un funcionamiento suave y eficiente en todas las condiciones.<\/p>\n<p>Si tiene requisitos espec\u00edficos o necesita una soluci\u00f3n personalizada, FMP est\u00e1 listo para ayudarle con asesoramiento experto y soluciones a medida. Perm\u00edtanos ayudarle a optimizar el rendimiento de su maquinaria agr\u00edcola con la caja de cambios adecuada a sus necesidades.<\/p>\n<h2>Acerca de FMP<\/h2>\n<p>Con sede en Italia, FMP es un l\u00edder destacado en el dise\u00f1o, desarrollo y fabricaci\u00f3n de cajas de engranajes de alto rendimiento, con un fuerte \u00e9nfasis en el sector de la maquinaria agr\u00edcola. Reconocidos por nuestro compromiso con la ingenier\u00eda de precisi\u00f3n, soluciones innovadoras y fiabilidad constante, FMP se ha consolidado como socio de confianza tanto en el sector agr\u00edcola como en el industrial. Nuestra diversa gama de productos incluye cajas de engranajes dise\u00f1adas a medida para cortac\u00e9spedes, ejes de toma de fuerza y \u200b\u200botros componentes esenciales, todos meticulosamente dise\u00f1ados para satisfacer las demandas espec\u00edficas de una amplia gama de aplicaciones.<\/p>\n<p>En FMP, comprendemos que cada cliente tiene necesidades y desaf\u00edos espec\u00edficos. Esto nos impulsa a centrarnos en ofrecer soluciones a medida, ya sea para componentes individuales o para sistemas totalmente integrados. Al colaborar estrechamente con nuestros clientes, garantizamos que cada soluci\u00f3n se adapte perfectamente a sus necesidades espec\u00edficas, optimizando el rendimiento y maximizando el valor. Nuestro compromiso con la rapidez, la orientaci\u00f3n profesional y la ejecuci\u00f3n experta garantizan que cada proyecto se gestione con precisi\u00f3n, logrando siempre los mejores resultados posibles.<\/p>\n<p>Priorizamos la comunicaci\u00f3n clara y continua durante todo el proceso de desarrollo de productos. Nuestro equipo especializado trabaja en estrecha colaboraci\u00f3n con nuestros clientes para comprender a fondo sus necesidades, ofreciendo informaci\u00f3n valiosa y recomendaciones para lograr resultados \u00f3ptimos. Ya sea dise\u00f1ando productos de vanguardia o atendiendo pedidos rutinarios, FMP mantiene su compromiso de entregar soluciones de alta calidad y precisi\u00f3n, siempre a tiempo. Nuestro objetivo es superar las expectativas de nuestros clientes, ofreciendo un servicio y resultados excepcionales en cada proyecto que emprendemos.<\/p>\n<p>En FMP, nuestro firme compromiso con la calidad es fundamental. Nos adherimos a los m\u00e1s altos est\u00e1ndares de la industria e implementamos rigurosos procesos de control de calidad para garantizar que cada producto no solo cumpla, sino que supere los est\u00e1ndares de la industria. Esta dedicaci\u00f3n a la excelencia, combinada con nuestros valores fundamentales de integridad, trabajo en equipo y perseverancia, nos ha permitido cultivar relaciones duraderas y de confianza con clientes en casi 30 pa\u00edses de todo el mundo.<\/p>\n<p>En FMP, nos apasiona fomentar alianzas globales ofreciendo asesoramiento experto y soluciones personalizadas que evolucionan a la par con las necesidades cambiantes de nuestros clientes. Nuestro objetivo es construir relaciones duraderas y mutuamente beneficiosas que impulsen el \u00e9xito de cada proyecto. Ya sea que necesite soluciones innovadoras para una nueva iniciativa o soporte continuo para un sistema existente, en FMP nos comprometemos a ayudarle a superar los desaf\u00edos t\u00e9cnicos y a garantizar su \u00e9xito continuo.<\/p>\n<p><img loading=\"lazy\" decoding=\"async\" class=\"alignnone wp-image-2695\" src=\"https:\/\/fmp-components.com\/wp-content\/uploads\/2025\/01\/agricultural-gearbox3.webp\" alt=\"caja de cambios agr\u00edcola\" width=\"1140\" height=\"1138\" title=\"\" srcset=\"https:\/\/fmp-components.com\/wp-content\/uploads\/2025\/01\/agricultural-gearbox3.webp 1140w, https:\/\/fmp-components.com\/wp-content\/uploads\/2025\/01\/agricultural-gearbox3-480x479.webp 480w\" sizes=\"(min-width: 0px) and (max-width: 480px) 480px, (min-width: 481px) 1140px, 100vw\" \/><\/p>\n<p>Autor: CX<\/p>","protected":false},"excerpt":{"rendered":"<p>Rating Chart Drawing for 200 Series Shaft Rotation Alignment For 200 Series 200 Series Gearbox for Agricultural Machinery The 200 Series Gearbox is engineered to meet the demanding needs of agricultural machinery, offering robust performance, enhanced durability, and excellent efficiency. Built for a range of agricultural applications, this gearbox combines precision engineering with high-quality materials [&hellip;]<\/p>","protected":false},"featured_media":3244,"comment_status":"open","ping_status":"closed","template":"","meta":{"_et_pb_use_builder":"","_et_pb_old_content":"","_et_gb_content_width":""},"product_brand":[],"product_cat":[78],"product_tag":[],"class_list":{"0":"post-3241","1":"product","2":"type-product","3":"status-publish","4":"has-post-thumbnail","6":"product_cat-gearbox-for-agricultural-machinery","8":"first","9":"instock","10":"shipping-taxable","11":"product-type-simple"},"_links":{"self":[{"href":"https:\/\/fmp-components.com\/es\/wp-json\/wp\/v2\/product\/3241","targetHints":{"allow":["GET"]}}],"collection":[{"href":"https:\/\/fmp-components.com\/es\/wp-json\/wp\/v2\/product"}],"about":[{"href":"https:\/\/fmp-components.com\/es\/wp-json\/wp\/v2\/types\/product"}],"replies":[{"embeddable":true,"href":"https:\/\/fmp-components.com\/es\/wp-json\/wp\/v2\/comments?post=3241"}],"wp:featuredmedia":[{"embeddable":true,"href":"https:\/\/fmp-components.com\/es\/wp-json\/wp\/v2\/media\/3244"}],"wp:attachment":[{"href":"https:\/\/fmp-components.com\/es\/wp-json\/wp\/v2\/media?parent=3241"}],"wp:term":[{"taxonomy":"product_brand","embeddable":true,"href":"https:\/\/fmp-components.com\/es\/wp-json\/wp\/v2\/product_brand?post=3241"},{"taxonomy":"product_cat","embeddable":true,"href":"https:\/\/fmp-components.com\/es\/wp-json\/wp\/v2\/product_cat?post=3241"},{"taxonomy":"product_tag","embeddable":true,"href":"https:\/\/fmp-components.com\/es\/wp-json\/wp\/v2\/product_tag?post=3241"}],"curies":[{"name":"gracias","href":"https:\/\/api.w.org\/{rel}","templated":true}]}}