{"id":3236,"date":"2025-01-05T08:24:05","date_gmt":"2025-01-05T08:24:05","guid":{"rendered":"https:\/\/fmp-components.com\/?page_id=8"},"modified":"2025-01-05T08:24:05","modified_gmt":"2025-01-05T08:24:05","slug":"gearbox-for-agricultural-machinery-100-series","status":"publish","type":"product","link":"https:\/\/fmp-components.com\/es\/product\/gearbox-for-agricultural-machinery-100-series\/","title":{"rendered":"Caja de cambios para maquinaria agr\u00edcola Serie 100"},"content":{"rendered":"<h3><span class=\"ws12\">TABLA DE CALIFICACI\u00d3N<\/span><\/h3>\n<p><img loading=\"lazy\" decoding=\"async\" class=\"alignnone  wp-image-3237\" src=\"https:\/\/fmp-components.com\/wp-content\/uploads\/2025\/01\/100drawing.webp\" alt=\"100dibujo\" width=\"886\" height=\"1250\" title=\"\" srcset=\"https:\/\/fmp-components.com\/wp-content\/uploads\/2025\/01\/100drawing.webp 886w, https:\/\/fmp-components.com\/wp-content\/uploads\/2025\/01\/100drawing-480x677.webp 480w\" sizes=\"(min-width: 0px) and (max-width: 480px) 480px, (min-width: 481px) 886px, 100vw\" \/><\/p>\n<h3>DIBUJO PARA LA SERIE 100<\/h3>\n<p><img loading=\"lazy\" decoding=\"async\" class=\"alignnone  wp-image-3239\" src=\"https:\/\/fmp-components.com\/wp-content\/uploads\/2025\/01\/R100-rating-charts.webp\" alt=\"Tablas de clasificaci\u00f3n R100\" width=\"843\" height=\"661\" title=\"\" srcset=\"https:\/\/fmp-components.com\/wp-content\/uploads\/2025\/01\/R100-rating-charts.webp 843w, https:\/\/fmp-components.com\/wp-content\/uploads\/2025\/01\/R100-rating-charts-480x376.webp 480w\" sizes=\"(min-width: 0px) and (max-width: 480px) 480px, (min-width: 481px) 843px, 100vw\" \/><\/p>\n<h3>ALINEACI\u00d3N DE ROTACI\u00d3N DEL EJE PARA LA SERIE 100<\/h3>\n<p><img loading=\"lazy\" decoding=\"async\" class=\"alignnone  wp-image-3238\" src=\"https:\/\/fmp-components.com\/wp-content\/uploads\/2025\/01\/100shaft.webp\" alt=\"100 ejes\" width=\"830\" height=\"251\" title=\"\" srcset=\"https:\/\/fmp-components.com\/wp-content\/uploads\/2025\/01\/100shaft.webp 360w, https:\/\/fmp-components.com\/wp-content\/uploads\/2025\/01\/100shaft-300x91.webp 300w, https:\/\/fmp-components.com\/wp-content\/uploads\/2025\/01\/100shaft-18x5.webp 18w\" sizes=\"(max-width: 830px) 100vw, 830px\" \/><\/p>\n<h3>Caja de cambios serie 100 para maquinaria agr\u00edcola<\/h3>\n<p>La caja de cambios Serie 100 est\u00e1 dise\u00f1ada espec\u00edficamente para maquinaria agr\u00edcola, ofreciendo un rendimiento, durabilidad y eficiencia \u00f3ptimos. Con una construcci\u00f3n robusta y caracter\u00edsticas avanzadas, garantiza la fiabilidad incluso en entornos agr\u00edcolas exigentes. La caja de cambios es un componente esencial para una amplia gama de equipos agr\u00edcolas, como cultivadores, segadoras y otras m\u00e1quinas que requieren una transmisi\u00f3n de potencia fiable.<\/p>\n<p><strong>Caracter\u00edsticas principales:<\/strong><\/p>\n<ul>\n<li><strong>Carcasa de aluminio de dos piezas<\/strong><br \/>\nLa caja de cambios cuenta con una carcasa de aluminio de dos piezas, dise\u00f1ada para mayor robustez y resistencia a la corrosi\u00f3n. La carcasa tambi\u00e9n ofrece una excelente <strong>capacidad t\u00e9rmica<\/strong>, lo que lo hace ideal para un funcionamiento continuo en duras condiciones agr\u00edcolas.<\/li>\n<li><strong>Mecanizado de precisi\u00f3n para un rendimiento \u00f3ptimo<\/strong><br \/>\nCada unidad est\u00e1 mecanizada con precisi\u00f3n para asegurar el engranaje perfecto y la precarga del cojinete, garantizando un funcionamiento suave y un desgaste m\u00ednimo.<strong>o<\/strong> Con el tiempo. Este alto nivel de artesan\u00eda mejora la eficiencia y la longevidad de la caja de cambios.<\/li>\n<li><strong>Engranajes forjados con m\u00faltiples relaciones<\/strong><br \/>\nLa caja de engranajes utiliza engranajes forjados con precisi\u00f3n, disponibles en tres relaciones de transmisi\u00f3n: 1:1, 1,1:1 y 1,43:1. Estas opciones ofrecen flexibilidad, permitiendo a los usuarios seleccionar la relaci\u00f3n ideal para sus equipos y requisitos operativos espec\u00edficos.<\/li>\n<li><strong>Rodamientos de rodillos c\u00f3nicos para una mayor capacidad de carga<\/strong><br \/>\nEquipada con rodamientos de rodillos c\u00f3nicos, la caja de engranajes de la Serie 100 ofrece una mayor capacidad de carga y prolonga significativamente la vida \u00fatil de los rodamientos. Esta caracter\u00edstica la hace especialmente adecuada para aplicaciones de alta tensi\u00f3n, garantizando que la caja de engranajes resista las exigencias del uso agr\u00edcola intensivo.<\/li>\n<li><strong>Eje de acero de alta resistencia<\/strong><br \/>\nLa caja de cambios viene con una <strong>Eje de 1\u2033<\/strong> Fabricado en acero de alta resistencia, una caracter\u00edstica est\u00e1ndar dise\u00f1ada para aumentar la durabilidad y proporcionar un rendimiento constante en diversas condiciones de trabajo. Este eje de alta resistencia garantiza un funcionamiento suave de la caja de engranajes incluso en entornos dif\u00edciles.<\/li>\n<li><strong>Lubricante para engranajes 80W90<\/strong><br \/>\nPrecargada con lubricante para engranajes 80W90, la caja de engranajes Serie 100 est\u00e1 lista para su uso inmediato. El lubricante garantiza un engrane suave y una disipaci\u00f3n de calor eficiente. Cada caja de engranajes se somete a pruebas de fugas antes del env\u00edo para garantizar su perfecto sellado y su instalaci\u00f3n.<\/li>\n<li><strong>Dise\u00f1o ligero pero duradero<\/strong><br \/>\nCon un peso de tan solo 3 a 4.5 kg (7 a 10 lb), incluido el aceite, la Serie 100 est\u00e1 dise\u00f1ada para ser ligera, lo que facilita su instalaci\u00f3n y manejo. A pesar de su bajo peso, la caja de engranajes mantiene su resistencia y durabilidad, lo que la convierte en una excelente opci\u00f3n para diversas aplicaciones agr\u00edcolas.<\/li>\n<\/ul>\n<p><strong>Aplicaciones:<\/strong><br \/>\nLa caja de cambios Serie 100 es vers\u00e1til y se puede utilizar en una variedad de maquinaria agr\u00edcola, como segadoras, cultivadores y esparcidores. Su ingenier\u00eda de precisi\u00f3n la hace ideal para tareas que requieren una transmisi\u00f3n de potencia constante y un rendimiento fiable, garantizando un funcionamiento fluido en diversas tareas agr\u00edcolas.<\/p>\n<p>La caja de engranajes Serie 100 para maquinaria agr\u00edcola ofrece alto rendimiento, durabilidad y flexibilidad, lo que la convierte en una opci\u00f3n confiable para equipos agr\u00edcolas modernos. Ya sea que busque precisi\u00f3n, resistencia a la carga u opciones de personalizaci\u00f3n, esta caja de engranajes le ofrece todo lo necesario para un funcionamiento impecable en el campo.<\/p>\n<h3>Acerca de FMP<\/h3>\n<p>Con sede en Italia, FMP es un prestigioso fabricante especializado en el dise\u00f1o, desarrollo y producci\u00f3n de cajas de engranajes de alto rendimiento, con especial atenci\u00f3n al sector de la maquinaria agr\u00edcola. Conocidos por nuestra ingenier\u00eda de precisi\u00f3n, soluciones innovadoras y fiabilidad inquebrantable, FMP se ha ganado una s\u00f3lida reputaci\u00f3n como socio de confianza tanto en el mercado agr\u00edcola como en el industrial. Nuestra amplia cartera incluye cajas de engranajes dise\u00f1adas a medida para cortac\u00e9spedes, ejes de toma de fuerza y \u200b\u200botros componentes esenciales, todos dise\u00f1ados para satisfacer las necesidades espec\u00edficas de diversas aplicaciones.<\/p>\n<p>En FMP, reconocemos que cada cliente enfrenta desaf\u00edos distintos. Esta comprensi\u00f3n impulsa nuestro enfoque para ofrecer soluciones a medida, ya sea para componentes individuales o para sistemas totalmente integrados. Trabajando en estrecha colaboraci\u00f3n con nuestros clientes, nos aseguramos de que cada soluci\u00f3n se ajuste meticulosamente a sus necesidades, optimizando el rendimiento y maximizando el valor. Nuestra dedicaci\u00f3n a tiempos de respuesta r\u00e1pidos, asesoramiento profesional y ejecuci\u00f3n precisa garantiza que cada consulta se gestione con pericia, obteniendo los mejores resultados posibles.<\/p>\n<p>La comunicaci\u00f3n clara y continua es fundamental en nuestro enfoque durante todo el ciclo de desarrollo de productos. Nuestro equipo especializado trabaja directamente con los clientes para comprender a fondo sus necesidades y ofrece informaci\u00f3n y recomendaciones valiosas para lograr los mejores resultados. Ya sea que dise\u00f1emos productos de vanguardia o atendamos pedidos rutinarios, en FMP nos comprometemos a entregar soluciones de alta calidad y precisi\u00f3n, siempre a tiempo. Nuestro objetivo es superar las expectativas de nuestros clientes, brindando un servicio excepcional y resultados excepcionales en cada proyecto.<\/p>\n<p>La calidad es la piedra angular de las operaciones de FMP. Mantenemos los m\u00e1s altos est\u00e1ndares de fabricaci\u00f3n e implementamos rigurosos controles de calidad para garantizar que cada producto no solo cumpla, sino que supere los est\u00e1ndares de la industria. Este compromiso con la excelencia, junto con nuestros valores fundamentales de integridad, trabajo en equipo y perseverancia, nos ha permitido forjar relaciones duraderas y de confianza con clientes en casi 30 pa\u00edses de todo el mundo.<\/p>\n<p>FMP se dedica a fomentar alianzas globales ofreciendo asesoramiento experto y soluciones personalizadas que evolucionan seg\u00fan las necesidades de nuestros clientes. Nos esforzamos por construir relaciones duraderas y mutuamente beneficiosas que contribuyan al \u00e9xito continuo de cada proyecto. Ya sea que busque soluciones innovadoras para una nueva empresa o necesite soporte continuo para un sistema existente, FMP est\u00e1 aqu\u00ed para ayudarle a afrontar los desaf\u00edos t\u00e9cnicos y garantizar su \u00e9xito a largo plazo.<\/p>\n<p><img loading=\"lazy\" decoding=\"async\" class=\"alignnone wp-image-2695\" src=\"https:\/\/fmp-components.com\/wp-content\/uploads\/2025\/01\/agricultural-gearbox3.webp\" alt=\"caja de cambios agr\u00edcola\" width=\"1140\" height=\"1138\" title=\"\" srcset=\"https:\/\/fmp-components.com\/wp-content\/uploads\/2025\/01\/agricultural-gearbox3.webp 1140w, https:\/\/fmp-components.com\/wp-content\/uploads\/2025\/01\/agricultural-gearbox3-480x479.webp 480w\" sizes=\"(min-width: 0px) and (max-width: 480px) 480px, (min-width: 481px) 1140px, 100vw\" \/><\/p>\n<p>Autor: CX<\/p>","protected":false},"excerpt":{"rendered":"<p>RATING CHART DRAWING FOR 100 SERIES SHAFT ROTATION ALIGNMENT FOR 100\u00a0SERIES 100 Series Gearbox for Agricultural Machinery The 100 Series Gearbox is designed specifically for agricultural machinery, providing optimal performance, durability, and efficiency. Engineered with a robust construction and advanced features, it ensures reliability even in demanding agricultural environments. The gearbox is an essential component [&hellip;]<\/p>","protected":false},"featured_media":3240,"comment_status":"open","ping_status":"closed","template":"","meta":{"_et_pb_use_builder":"","_et_pb_old_content":"","_et_gb_content_width":""},"product_brand":[],"product_cat":[78],"product_tag":[],"class_list":{"0":"post-3236","1":"product","2":"type-product","3":"status-publish","4":"has-post-thumbnail","6":"product_cat-gearbox-for-agricultural-machinery","8":"first","9":"instock","10":"shipping-taxable","11":"product-type-simple"},"_links":{"self":[{"href":"https:\/\/fmp-components.com\/es\/wp-json\/wp\/v2\/product\/3236","targetHints":{"allow":["GET"]}}],"collection":[{"href":"https:\/\/fmp-components.com\/es\/wp-json\/wp\/v2\/product"}],"about":[{"href":"https:\/\/fmp-components.com\/es\/wp-json\/wp\/v2\/types\/product"}],"replies":[{"embeddable":true,"href":"https:\/\/fmp-components.com\/es\/wp-json\/wp\/v2\/comments?post=3236"}],"wp:featuredmedia":[{"embeddable":true,"href":"https:\/\/fmp-components.com\/es\/wp-json\/wp\/v2\/media\/3240"}],"wp:attachment":[{"href":"https:\/\/fmp-components.com\/es\/wp-json\/wp\/v2\/media?parent=3236"}],"wp:term":[{"taxonomy":"product_brand","embeddable":true,"href":"https:\/\/fmp-components.com\/es\/wp-json\/wp\/v2\/product_brand?post=3236"},{"taxonomy":"product_cat","embeddable":true,"href":"https:\/\/fmp-components.com\/es\/wp-json\/wp\/v2\/product_cat?post=3236"},{"taxonomy":"product_tag","embeddable":true,"href":"https:\/\/fmp-components.com\/es\/wp-json\/wp\/v2\/product_tag?post=3236"}],"curies":[{"name":"gracias","href":"https:\/\/api.w.org\/{rel}","templated":true}]}}