{"id":3232,"date":"2025-01-05T08:05:23","date_gmt":"2025-01-05T08:05:23","guid":{"rendered":"https:\/\/fmp-components.com\/?page_id=8"},"modified":"2025-01-05T08:05:23","modified_gmt":"2025-01-05T08:05:23","slug":"gearbox-for-agricultural-machinery-h130-series","status":"publish","type":"product","link":"https:\/\/fmp-components.com\/es\/product\/gearbox-for-agricultural-machinery-h130-series\/","title":{"rendered":"Caja de cambios para maquinaria agr\u00edcola Serie H130"},"content":{"rendered":"<h3>Dibujo t\u00e9cnico<\/h3>\n<p><img loading=\"lazy\" decoding=\"async\" class=\"alignnone size-full wp-image-3233\" src=\"https:\/\/fmp-components.com\/wp-content\/uploads\/2025\/01\/H130-Spec.webp\" alt=\"Especificaciones H130\" width=\"1024\" height=\"446\" title=\"\" srcset=\"https:\/\/fmp-components.com\/wp-content\/uploads\/2025\/01\/H130-Spec.webp 1024w, https:\/\/fmp-components.com\/wp-content\/uploads\/2025\/01\/H130-Spec-980x427.webp 980w, https:\/\/fmp-components.com\/wp-content\/uploads\/2025\/01\/H130-Spec-480x209.webp 480w\" sizes=\"(min-width: 0px) and (max-width: 480px) 480px, (min-width: 481px) and (max-width: 980px) 980px, (min-width: 981px) 1024px, 100vw\" \/><\/p>\n<h2>Opci\u00f3n de rotaci\u00f3n <img loading=\"lazy\" decoding=\"async\" class=\"alignnone size-full wp-image-3234\" src=\"https:\/\/fmp-components.com\/wp-content\/uploads\/2025\/01\/H130-Rotation-Option.webp\" alt=\"Opci\u00f3n de rotaci\u00f3n H130\" width=\"1024\" height=\"269\" title=\"\" srcset=\"https:\/\/fmp-components.com\/wp-content\/uploads\/2025\/01\/H130-Rotation-Option.webp 1024w, https:\/\/fmp-components.com\/wp-content\/uploads\/2025\/01\/H130-Rotation-Option-980x257.webp 980w, https:\/\/fmp-components.com\/wp-content\/uploads\/2025\/01\/H130-Rotation-Option-480x126.webp 480w\" sizes=\"(min-width: 0px) and (max-width: 480px) 480px, (min-width: 481px) and (max-width: 980px) 980px, (min-width: 981px) 1024px, 100vw\" \/><\/h2>\n<h3>Caracter\u00edsticas de la caja de cambios agr\u00edcola de la serie H130<\/h3>\n<p>La caja de engranajes agr\u00edcola de la serie H130 es una soluci\u00f3n premium dise\u00f1ada para aplicaciones de maquinaria agr\u00edcola, que combina rendimiento robusto, durabilidad y eficiencia. A continuaci\u00f3n, se presentan las caracter\u00edsticas destacadas de esta caja de engranajes de alto rendimiento:<\/p>\n<ul>\n<li><strong>Carcasa de aluminio de dos piezas<\/strong>La Serie H130 est\u00e1 construida con una carcasa de aluminio de dos piezas, lo que proporciona una resistencia excepcional y garantiza una construcci\u00f3n ligera. Este dise\u00f1o no solo mejora la integridad estructural general de la caja de engranajes, sino que tambi\u00e9n ofrece una excelente resistencia a la corrosi\u00f3n, lo que la hace ideal para entornos agr\u00edcolas hostiles. Adem\u00e1s, la carcasa de aluminio facilita la disipaci\u00f3n t\u00e9rmica, evitando el sobrecalentamiento durante el uso prolongado.<\/li>\n<li><strong>Mecanizado de precisi\u00f3n para un rendimiento \u00f3ptimo<\/strong>La caja de engranajes est\u00e1 mecanizada con precisi\u00f3n para garantizar un engrane preciso y una precarga adecuada de los rodamientos. Este preciso proceso de fabricaci\u00f3n minimiza el desgaste y la fricci\u00f3n, lo que resulta en un funcionamiento m\u00e1s suave y una mayor eficiencia de transmisi\u00f3n de potencia a largo plazo. Las estrictas tolerancias ayudan a mantener el rendimiento de la caja de engranajes incluso en condiciones agr\u00edcolas exigentes.<\/li>\n<li><strong>Engranajes forjados con precisi\u00f3n con una relaci\u00f3n de 1,61:1<\/strong>Los engranajes de la caja de cambios de la Serie H130 est\u00e1n forjados con precisi\u00f3n, lo que proporciona una resistencia y fiabilidad excepcionales. Estos engranajes de alta calidad ofrecen una relaci\u00f3n de 1,61:1, logrando un equilibrio perfecto entre velocidad y par motor, garantizando un rendimiento \u00f3ptimo para diversas tareas agr\u00edcolas, como el accionamiento de implementos rotativos, arados u otros equipos de alta resistencia.<\/li>\n<li><strong>Rodamientos de rodillos c\u00f3nicos para una mayor durabilidad<\/strong>El uso de rodamientos de rodillos c\u00f3nicos aumenta la capacidad de carga y prolonga su vida \u00fatil, incluso bajo altas tensiones y aplicaciones de alta exigencia. Estos rodamientos proporcionan un soporte superior, reduciendo el riesgo de fallos y garantizando un funcionamiento eficiente de la caja de engranajes durante m\u00e1s tiempo, lo que reduce los costes de mantenimiento y el tiempo de inactividad.<\/li>\n<li><strong>Ejes de acero de alta resistencia<\/strong>La Serie H130 viene equipada de serie con ejes de 1,375\u2033 de acero de alta resistencia. Estos ejes de acero est\u00e1n dise\u00f1ados para soportar el exigente par y las tensiones operativas de la maquinaria agr\u00edcola, garantizando la m\u00e1xima fiabilidad y una larga vida \u00fatil en condiciones dif\u00edciles.<\/li>\n<li><strong>Listo para usar con lubricante para engranajes 80W90<\/strong>Para garantizar un funcionamiento sin problemas desde el primer d\u00eda, la Serie H130 se mantiene con lubricante para engranajes 80W90. Cada unidad se somete a rigurosas pruebas, que incluyen un proceso de rodaje y una prueba de fugas, para garantizar que no presente defectos y que la caja de engranajes est\u00e9 lista para su uso inmediato tras su env\u00edo.<\/li>\n<li><strong>Dise\u00f1o ligero y compacto<\/strong>A pesar de su alto rendimiento, la Serie H130 est\u00e1 dise\u00f1ada para ser compacta y ligera, con un peso de tan solo 15-18 kg, incluyendo 750 g de lubricante. Esto facilita su manejo e instalaci\u00f3n en diversas configuraciones de maquinaria agr\u00edcola, ofreciendo resistencia y maniobrabilidad.<\/li>\n<\/ul>\n<p>En general, la caja de engranajes agr\u00edcola de la serie H130 combina ingenier\u00eda avanzada, materiales duraderos y fabricaci\u00f3n precisa para ofrecer una soluci\u00f3n fiable y de alto rendimiento para una amplia gama de aplicaciones agr\u00edcolas. Ofrece un valor excepcional gracias a su larga durabilidad, f\u00e1cil mantenimiento y funcionamiento eficiente.<\/p>\n<h2>Acerca de FMP<\/h2>\n<p>Con sede en Italia, FMP es un fabricante l\u00edder reconocido por su experiencia en el dise\u00f1o, desarrollo y producci\u00f3n de cajas de engranajes de alto rendimiento, con un enfoque especializado en el sector de la maquinaria agr\u00edcola. Con una reputaci\u00f3n de ingenier\u00eda de precisi\u00f3n, soluciones innovadoras y una fiabilidad inquebrantable, FMP se ha convertido en un socio de confianza para industrias que abarcan desde la agricultura hasta otros sectores. Nuestra completa cartera de productos incluye cajas de engranajes dise\u00f1adas a medida para cortac\u00e9spedes, ejes de toma de fuerza y \u200b\u200buna amplia gama de componentes esenciales, cada uno dise\u00f1ado a medida para satisfacer las necesidades espec\u00edficas de diversas aplicaciones.<\/p>\n<p>En FMP, reconocemos que cada cliente enfrenta desaf\u00edos y requisitos espec\u00edficos. Esta perspectiva impulsa nuestro compromiso de ofrecer soluciones personalizadas y altamente efectivas, ya sea para componentes individuales o para sistemas totalmente integrados. Al trabajar estrechamente con nuestros clientes, nos aseguramos de que cada soluci\u00f3n no solo satisfaga sus necesidades espec\u00edficas, sino que tambi\u00e9n maximice el rendimiento operativo y el valor. Nos enorgullecemos de nuestra capacidad de respuesta r\u00e1pida, profesional y con asesoramiento experto, garantizando que cada consulta se atienda con atenci\u00f3n al detalle, lo que se traduce en los mejores resultados posibles.<\/p>\n<p>Nuestro enfoque se basa en una comunicaci\u00f3n clara y continua durante todo el ciclo de desarrollo del producto. Nuestro equipo trabaja directamente con los clientes para comprender a fondo sus necesidades y ofrecer informaci\u00f3n y recomendaciones valiosas que garanticen resultados \u00f3ptimos. Ya sea dise\u00f1ando nuevos productos innovadores o atendiendo pedidos rutinarios, FMP mantiene su compromiso de ofrecer soluciones de alta calidad y precisi\u00f3n, siempre a tiempo. Nuestra misi\u00f3n es superar constantemente las expectativas de los clientes, ofreciendo un servicio y resultados excepcionales en cada proyecto.<\/p>\n<p>En FMP, la calidad no es solo un objetivo; es la base de todo lo que hacemos. Nos adherimos a los m\u00e1s altos est\u00e1ndares de fabricaci\u00f3n e implementamos rigurosos controles de calidad en cada etapa del proceso de producci\u00f3n para garantizar que cada producto no solo cumpla, sino que a menudo supere, los est\u00e1ndares de la industria. Nuestra dedicaci\u00f3n a la excelencia, junto con nuestros valores fundamentales de integridad, trabajo en equipo y perseverancia, nos ha permitido forjar relaciones duraderas y de confianza con clientes en casi 30 pa\u00edses de todo el mundo.<\/p>\n<p>Nos comprometemos a fomentar alianzas globales a largo plazo ofreciendo asesoramiento experto y soluciones personalizadas que aborden las necesidades cambiantes de nuestros clientes. Creemos en cultivar relaciones mutuamente beneficiosas que contribuyan al \u00e9xito de cada proyecto. Ya sea que busque soluciones innovadoras para una nueva iniciativa o requiera soporte continuo para un sistema existente, FMP est\u00e1 aqu\u00ed para ayudarle a superar los desaf\u00edos t\u00e9cnicos y garantizar su \u00e9xito continuo.<\/p>\n<p><img loading=\"lazy\" decoding=\"async\" class=\"alignnone wp-image-2695\" src=\"https:\/\/fmp-components.com\/wp-content\/uploads\/2025\/01\/agricultural-gearbox3.webp\" alt=\"caja de cambios agr\u00edcola\" width=\"1140\" height=\"1138\" title=\"\" srcset=\"https:\/\/fmp-components.com\/wp-content\/uploads\/2025\/01\/agricultural-gearbox3.webp 1140w, https:\/\/fmp-components.com\/wp-content\/uploads\/2025\/01\/agricultural-gearbox3-480x479.webp 480w\" sizes=\"(min-width: 0px) and (max-width: 480px) 480px, (min-width: 481px) 1140px, 100vw\" \/><\/p>\n<p>Autor: CX<\/p>","protected":false},"excerpt":{"rendered":"<p>Technical Drawing Rotation Option Features of H130 Series Agricultural Gearbox The H130 Series Agricultural Gearbox is a premium solution designed for agricultural machinery applications, offering a combination of robust performance, durability, and efficiency. Below are the standout features of this high-performance gearbox: Two-Piece Aluminum Housing: The H130 Series is built with a two-piece aluminum housing, [&hellip;]<\/p>","protected":false},"featured_media":3235,"comment_status":"open","ping_status":"closed","template":"","meta":{"_et_pb_use_builder":"","_et_pb_old_content":"","_et_gb_content_width":""},"product_brand":[],"product_cat":[78],"product_tag":[],"class_list":{"0":"post-3232","1":"product","2":"type-product","3":"status-publish","4":"has-post-thumbnail","6":"product_cat-gearbox-for-agricultural-machinery","8":"first","9":"instock","10":"shipping-taxable","11":"product-type-simple"},"_links":{"self":[{"href":"https:\/\/fmp-components.com\/es\/wp-json\/wp\/v2\/product\/3232","targetHints":{"allow":["GET"]}}],"collection":[{"href":"https:\/\/fmp-components.com\/es\/wp-json\/wp\/v2\/product"}],"about":[{"href":"https:\/\/fmp-components.com\/es\/wp-json\/wp\/v2\/types\/product"}],"replies":[{"embeddable":true,"href":"https:\/\/fmp-components.com\/es\/wp-json\/wp\/v2\/comments?post=3232"}],"wp:featuredmedia":[{"embeddable":true,"href":"https:\/\/fmp-components.com\/es\/wp-json\/wp\/v2\/media\/3235"}],"wp:attachment":[{"href":"https:\/\/fmp-components.com\/es\/wp-json\/wp\/v2\/media?parent=3232"}],"wp:term":[{"taxonomy":"product_brand","embeddable":true,"href":"https:\/\/fmp-components.com\/es\/wp-json\/wp\/v2\/product_brand?post=3232"},{"taxonomy":"product_cat","embeddable":true,"href":"https:\/\/fmp-components.com\/es\/wp-json\/wp\/v2\/product_cat?post=3232"},{"taxonomy":"product_tag","embeddable":true,"href":"https:\/\/fmp-components.com\/es\/wp-json\/wp\/v2\/product_tag?post=3232"}],"curies":[{"name":"gracias","href":"https:\/\/api.w.org\/{rel}","templated":true}]}}