{"id":323,"date":"2024-12-09T06:38:13","date_gmt":"2024-12-09T06:38:13","guid":{"rendered":"https:\/\/fmp-components.com\/?page_id=8"},"modified":"2024-12-09T06:51:12","modified_gmt":"2024-12-09T06:51:12","slug":"forklift-short-lifting-hydraulic-cylinder","status":"publish","type":"product","link":"https:\/\/fmp-components.com\/es\/product\/forklift-short-lifting-hydraulic-cylinder\/","title":{"rendered":"Cilindro hidr\u00e1ulico de elevaci\u00f3n corta para carretilla elevadora"},"content":{"rendered":"<p style=\"text-align: center;\"><span style=\"font-size: 18pt;\">Cilindro hidr\u00e1ulico de elevaci\u00f3n corta para carretilla elevadora<\/span><\/p>\n<p><img loading=\"lazy\" decoding=\"async\" class=\"size-full wp-image-331 aligncenter\" src=\"https:\/\/fmp-components.com\/wp-content\/uploads\/2024\/12\/Forklift-Short-Lifting-Hydraulic-Cylinder.webp\" alt=\"Cilindro hidr\u00e1ulico de elevaci\u00f3n corta para carretilla elevadora\" width=\"500\" height=\"500\" title=\"\" srcset=\"https:\/\/fmp-components.com\/wp-content\/uploads\/2024\/12\/Forklift-Short-Lifting-Hydraulic-Cylinder.webp 500w, https:\/\/fmp-components.com\/wp-content\/uploads\/2024\/12\/Forklift-Short-Lifting-Hydraulic-Cylinder-480x480.webp 480w\" sizes=\"(min-width: 0px) and (max-width: 480px) 480px, (min-width: 481px) 500px, 100vw\" \/><\/p>\n<p>&nbsp;<\/p>\n<h2>Piezas del cilindro hidr\u00e1ulico de elevaci\u00f3n corta de la carretilla elevadora:<\/h2>\n<p><img loading=\"lazy\" decoding=\"async\" class=\"alignnone size-full wp-image-328\" src=\"https:\/\/fmp-components.com\/wp-content\/uploads\/2024\/12\/Forklift-Short-Lifting-Hydraulic-Cylinder-Parts.webp\" alt=\"Piezas de cilindros hidr\u00e1ulicos de elevaci\u00f3n corta para montacargas\" width=\"1024\" height=\"593\" title=\"\" srcset=\"https:\/\/fmp-components.com\/wp-content\/uploads\/2024\/12\/Forklift-Short-Lifting-Hydraulic-Cylinder-Parts.webp 1024w, https:\/\/fmp-components.com\/wp-content\/uploads\/2024\/12\/Forklift-Short-Lifting-Hydraulic-Cylinder-Parts-980x568.webp 980w, https:\/\/fmp-components.com\/wp-content\/uploads\/2024\/12\/Forklift-Short-Lifting-Hydraulic-Cylinder-Parts-480x278.webp 480w\" sizes=\"(min-width: 0px) and (max-width: 480px) 480px, (min-width: 481px) and (max-width: 980px) 980px, (min-width: 981px) 1024px, 100vw\" \/><\/p>\n<table style=\"width: 100%; height: 253px;\" border=\"1\" width=\"100%\" cellspacing=\"0\" cellpadding=\"0\">\n<tbody>\n<tr style=\"height: 47px;\">\n<td style=\"height: 31px;\">\n<div class=\"magic-27\" data-spm-anchor-id=\"a2700.details.0.i24.71f03c42bHjEJ9\">1<\/div>\n<\/td>\n<td style=\"height: 31px;\">\n<div class=\"magic-28\">Conjunto de carcasa del cilindro<\/div>\n<\/td>\n<td style=\"height: 31px;\">\n<div class=\"magic-29\">11<\/div>\n<\/td>\n<td style=\"height: 31px;\">\n<div class=\"magic-30\">Asiento de la rueda dentada<\/div>\n<\/td>\n<td style=\"height: 31px;\">\n<div class=\"magic-29\">21<\/div>\n<\/td>\n<td style=\"height: 31px;\">\n<div class=\"magic-31\">Junta t\u00f3rica<\/div>\n<\/td>\n<\/tr>\n<tr style=\"height: 47px;\">\n<td style=\"height: 32px;\">\n<div class=\"magic-27\">2<\/div>\n<\/td>\n<td style=\"height: 32px;\">\n<div class=\"magic-28\">Pist\u00f3n<\/div>\n<\/td>\n<td style=\"height: 32px;\">\n<div class=\"magic-29\">12<\/div>\n<\/td>\n<td style=\"height: 32px;\">\n<div class=\"magic-30\">Cubierta de la rueda dentada<\/div>\n<\/td>\n<td style=\"height: 32px;\">\n<div class=\"magic-29\">22<\/div>\n<\/td>\n<td style=\"height: 32px;\">\n<div class=\"magic-31\">Boquilla de engrase<\/div>\n<\/td>\n<\/tr>\n<tr style=\"height: 47px;\">\n<td style=\"height: 29px;\">\n<div class=\"magic-27\">3<\/div>\n<\/td>\n<td style=\"height: 29px;\">\n<div class=\"magic-28\">Tuber\u00eda de petr\u00f3leo<\/div>\n<\/td>\n<td style=\"height: 29px;\">\n<div class=\"magic-29\">13<\/div>\n<\/td>\n<td style=\"height: 29px;\">\n<div class=\"magic-30\">Arandelas de resorte<\/div>\n<\/td>\n<td style=\"height: 29px;\">\n<div class=\"magic-29\">23<\/div>\n<\/td>\n<td style=\"height: 29px;\">\n<div class=\"magic-31\">Junta t\u00f3rica<\/div>\n<\/td>\n<\/tr>\n<tr style=\"height: 23px;\">\n<td style=\"height: 23px;\">\n<div class=\"magic-27\">4<\/div>\n<\/td>\n<td style=\"height: 23px;\">\n<div class=\"magic-28\">Controlador de el volumen<\/div>\n<\/td>\n<td style=\"height: 23px;\">\n<div class=\"magic-29\">14<\/div>\n<\/td>\n<td style=\"height: 23px;\">\n<div class=\"magic-30\">Perno hexagonal<\/div>\n<\/td>\n<td style=\"height: 23px;\">\n<div class=\"magic-29\">24<\/div>\n<\/td>\n<td style=\"height: 23px;\">\n<div class=\"magic-31\">arandela<\/div>\n<\/td>\n<\/tr>\n<tr style=\"height: 23px;\">\n<td style=\"height: 23px;\">\n<div class=\"magic-27\">5<\/div>\n<\/td>\n<td style=\"height: 23px;\">\n<div class=\"magic-28\">Anillos de seguridad para agujeros<\/div>\n<\/td>\n<td style=\"height: 23px;\">\n<div class=\"magic-29\">15<\/div>\n<\/td>\n<td style=\"height: 23px;\">\n<div class=\"magic-30\">Du Bush<\/div>\n<\/td>\n<td style=\"height: 23px;\">\n<div class=\"magic-29\">25<\/div>\n<\/td>\n<td style=\"height: 23px;\">\n<div class=\"magic-31\">Tornillos<\/div>\n<\/td>\n<\/tr>\n<tr style=\"height: 23px;\">\n<td style=\"height: 23px;\">\n<div class=\"magic-27\">6<\/div>\n<\/td>\n<td style=\"height: 23px;\">\n<div class=\"magic-28\">Junta t\u00f3rica<\/div>\n<\/td>\n<td style=\"height: 23px;\">\n<div class=\"magic-29\">16<\/div>\n<\/td>\n<td style=\"height: 23px;\">\n<div class=\"magic-30\">Anillo trasero<\/div>\n<\/td>\n<td style=\"height: 23px;\">\n<div class=\"magic-29\">26<\/div>\n<\/td>\n<td style=\"height: 23px;\">\n<div class=\"magic-31\">Varilla del pist\u00f3n<\/div>\n<\/td>\n<\/tr>\n<tr style=\"height: 23px;\">\n<td style=\"height: 23px;\">\n<div class=\"magic-27\">7<\/div>\n<\/td>\n<td style=\"height: 23px;\">\n<div class=\"magic-28\">Anillo de desgaste<\/div>\n<\/td>\n<td style=\"height: 23px;\">\n<div class=\"magic-29\">17<\/div>\n<\/td>\n<td style=\"height: 23px;\">\n<div class=\"magic-30\">Sello de varilla<\/div>\n<\/td>\n<td style=\"height: 23px;\">\n<div class=\"magic-29\">27<\/div>\n<\/td>\n<td style=\"height: 23px;\">\n<div class=\"magic-31\">Enchufar<\/div>\n<\/td>\n<\/tr>\n<tr style=\"height: 23px;\">\n<td style=\"height: 23px;\">\n<div class=\"magic-27\">8<\/div>\n<\/td>\n<td style=\"height: 23px;\">\n<div class=\"magic-28\">Sello de agujero<\/div>\n<\/td>\n<td style=\"height: 23px;\">\n<div class=\"magic-29\">18<\/div>\n<\/td>\n<td style=\"height: 23px;\">\n<div class=\"magic-30\">Limpiador de polvo<\/div>\n<\/td>\n<td style=\"height: 23px;\"><\/td>\n<td style=\"height: 23px;\"><\/td>\n<\/tr>\n<tr style=\"height: 23px;\">\n<td style=\"height: 23px;\">\n<div class=\"magic-27\">9<\/div>\n<\/td>\n<td style=\"height: 23px;\">\n<div class=\"magic-28\">Alambre redondo<\/div>\n<\/td>\n<td style=\"height: 23px;\">\n<div class=\"magic-29\">19<\/div>\n<\/td>\n<td style=\"height: 23px;\">\n<div class=\"magic-30\">Anillo trasero<\/div>\n<\/td>\n<td style=\"height: 23px;\"><\/td>\n<td style=\"height: 23px;\"><\/td>\n<\/tr>\n<tr style=\"height: 23px;\">\n<td style=\"height: 23px;\">\n<div class=\"magic-27\">10<\/div>\n<\/td>\n<td style=\"height: 23px;\">\n<div class=\"magic-28\">Gu\u00eda Bush<\/div>\n<\/td>\n<td style=\"height: 23px;\">\n<div class=\"magic-29\">20<\/div>\n<\/td>\n<td style=\"height: 23px;\">\n<div class=\"magic-30\">Junta t\u00f3rica<\/div>\n<\/td>\n<td style=\"height: 23px;\"><\/td>\n<td style=\"height: 23px;\"><\/td>\n<\/tr>\n<\/tbody>\n<\/table>\n<h2><strong>Dimensiones del cilindro hidr\u00e1ulico de elevaci\u00f3n corta para carretilla elevadora:<\/strong><\/h2>\n<table>\n<tbody>\n<tr>\n<td><img loading=\"lazy\" decoding=\"async\" class=\"alignnone size-full wp-image-324\" src=\"https:\/\/fmp-components.com\/wp-content\/uploads\/2024\/12\/Forklift-Short-Lifting-Hydraulic-Cylinder-Dimensions-1.webp\" alt=\"Dimensiones del cilindro hidr\u00e1ulico de elevaci\u00f3n corta de la carretilla elevadora\" width=\"681\" height=\"281\" title=\"\" srcset=\"https:\/\/fmp-components.com\/wp-content\/uploads\/2024\/12\/Forklift-Short-Lifting-Hydraulic-Cylinder-Dimensions-1.webp 681w, https:\/\/fmp-components.com\/wp-content\/uploads\/2024\/12\/Forklift-Short-Lifting-Hydraulic-Cylinder-Dimensions-1-480x198.webp 480w\" sizes=\"(min-width: 0px) and (max-width: 480px) 480px, (min-width: 481px) 681px, 100vw\" \/><\/td>\n<td><img loading=\"lazy\" decoding=\"async\" class=\"alignnone size-full wp-image-325\" src=\"https:\/\/fmp-components.com\/wp-content\/uploads\/2024\/12\/Forklift-Short-Lifting-Hydraulic-Cylinder-Dimensions-2.webp\" alt=\"Dimensiones del cilindro hidr\u00e1ulico de elevaci\u00f3n corta de la carretilla elevadora\" width=\"681\" height=\"281\" title=\"\" srcset=\"https:\/\/fmp-components.com\/wp-content\/uploads\/2024\/12\/Forklift-Short-Lifting-Hydraulic-Cylinder-Dimensions-2.webp 681w, https:\/\/fmp-components.com\/wp-content\/uploads\/2024\/12\/Forklift-Short-Lifting-Hydraulic-Cylinder-Dimensions-2-480x198.webp 480w\" sizes=\"(min-width: 0px) and (max-width: 480px) 480px, (min-width: 481px) 681px, 100vw\" \/><\/td>\n<\/tr>\n<\/tbody>\n<\/table>\n<table border=\"1\" cellspacing=\"0\" cellpadding=\"0\">\n<tbody>\n<tr>\n<td width=\"246\">Nombre del cilindro<\/td>\n<td width=\"336\">N\u00famero de dibujo<\/td>\n<td width=\"126\">Di\u00e1metro del orificio (D)<\/td>\n<td width=\"123\">Di\u00e1metro de la varilla (d)<\/td>\n<td width=\"114\">Accidente cerebrovascular (S)<\/td>\n<td width=\"170\">Distancia de instalaci\u00f3n (L)<\/td>\n<td width=\"172\">Presi\u00f3n de trabajo<\/td>\n<td width=\"366\">Dimensiones de la interfaz (M)<\/td>\n<td width=\"96\">Peso<\/td>\n<\/tr>\n<tr>\n<td class=\"et3\" width=\"246\" height=\"225\">Cilindro de elevaci\u00f3n corto<\/td>\n<td class=\"et4\" width=\"336\">RC25N480-800000-000A<\/td>\n<td class=\"et4\" width=\"126\">\u03a675<\/td>\n<td class=\"et4\" width=\"123\">\u03a660<\/td>\n<td class=\"et4\" width=\"114\">800<\/td>\n<td class=\"et4\" width=\"170\">1065<\/td>\n<td class=\"et4\" width=\"172\">18,1 MPa<\/td>\n<td class=\"et4\" width=\"366\">M22*1.5<\/td>\n<td class=\"et4\" width=\"96\">36 kilos<\/td>\n<\/tr>\n<tr>\n<td class=\"et3\" width=\"246\" height=\"225\">Cilindro de elevaci\u00f3n corto<\/td>\n<td class=\"et4\">X35N480-800000-001A<\/td>\n<td class=\"et4\">\u03a695<\/td>\n<td class=\"et4\">\u03a680<\/td>\n<td class=\"et4\">800<\/td>\n<td class=\"et4\">1065<\/td>\n<td class=\"et4\">18,1 MPa<\/td>\n<td class=\"et4\">M22*1.5<\/td>\n<td class=\"et4\">48,7 kilos<\/td>\n<\/tr>\n<\/tbody>\n<\/table>\n<table>\n<tbody>\n<tr>\n<td><img loading=\"lazy\" decoding=\"async\" class=\"alignnone size-full wp-image-326\" src=\"https:\/\/fmp-components.com\/wp-content\/uploads\/2024\/12\/Forklift-Short-Lifting-Hydraulic-Cylinder-Dimensions-3.webp\" alt=\"Dimensiones del cilindro hidr\u00e1ulico de elevaci\u00f3n corta de la carretilla elevadora\" width=\"600\" height=\"295\" title=\"\" srcset=\"https:\/\/fmp-components.com\/wp-content\/uploads\/2024\/12\/Forklift-Short-Lifting-Hydraulic-Cylinder-Dimensions-3.webp 600w, https:\/\/fmp-components.com\/wp-content\/uploads\/2024\/12\/Forklift-Short-Lifting-Hydraulic-Cylinder-Dimensions-3-480x236.webp 480w\" sizes=\"(min-width: 0px) and (max-width: 480px) 480px, (min-width: 481px) 600px, 100vw\" \/><\/td>\n<td><img loading=\"lazy\" decoding=\"async\" class=\"alignnone size-full wp-image-327\" src=\"https:\/\/fmp-components.com\/wp-content\/uploads\/2024\/12\/Forklift-Short-Lifting-Hydraulic-Cylinder-Dimensions-4.webp\" alt=\"Dimensiones del cilindro hidr\u00e1ulico de elevaci\u00f3n corta de la carretilla elevadora\" width=\"600\" height=\"295\" title=\"\" srcset=\"https:\/\/fmp-components.com\/wp-content\/uploads\/2024\/12\/Forklift-Short-Lifting-Hydraulic-Cylinder-Dimensions-4.webp 600w, https:\/\/fmp-components.com\/wp-content\/uploads\/2024\/12\/Forklift-Short-Lifting-Hydraulic-Cylinder-Dimensions-4-480x236.webp 480w\" sizes=\"(min-width: 0px) and (max-width: 480px) 480px, (min-width: 481px) 600px, 100vw\" \/><\/td>\n<\/tr>\n<\/tbody>\n<\/table>\n<table border=\"1\" cellspacing=\"0\" cellpadding=\"0\">\n<tbody>\n<tr>\n<td width=\"246\">Nombre del cilindro<\/td>\n<td width=\"336\">N\u00famero de dibujo<\/td>\n<td width=\"126\">Di\u00e1metro del orificio (D)<\/td>\n<td width=\"123\">Di\u00e1metro de la varilla (d)<\/td>\n<td width=\"114\">Accidente cerebrovascular (S)<\/td>\n<td width=\"170\">Distancia de instalaci\u00f3n (L)<\/td>\n<td width=\"172\">Presi\u00f3n de trabajo<\/td>\n<td width=\"366\">Dimensiones de la interfaz (M)<\/td>\n<td width=\"96\">Peso<\/td>\n<\/tr>\n<tr>\n<td class=\"et3\" width=\"246\" height=\"170\">Cilindro de elevaci\u00f3n corto<\/td>\n<td class=\"et4\" width=\"336\">N30N450-800000-002A<\/td>\n<td class=\"et4\" width=\"126\">\u03a685<\/td>\n<td class=\"et4\" width=\"123\">\u03a670<\/td>\n<td class=\"et4\" width=\"114\">777<\/td>\n<td class=\"et4\" width=\"170\">1015<\/td>\n<td class=\"et4\" width=\"172\">18,1 MPa<\/td>\n<td class=\"et4\" width=\"366\">M22*1.5<\/td>\n<td class=\"et4\" width=\"96\">45,5 kilos<\/td>\n<\/tr>\n<tr>\n<td class=\"et3\" width=\"246\" height=\"170\">Cilindro de elevaci\u00f3n corto<\/td>\n<td class=\"et4\">3U3H-800000-001A<\/td>\n<td class=\"et4\">\u03a685<\/td>\n<td class=\"et4\">\u03a670<\/td>\n<td class=\"et4\">777<\/td>\n<td class=\"et4\">1015<\/td>\n<td class=\"et4\">18,1 MPa<\/td>\n<td class=\"et4\">M22*1.5<\/td>\n<td class=\"et4\">45,5 kilos<\/td>\n<\/tr>\n<tr>\n<td class=\"et3\" width=\"246\" height=\"170\">Cilindro de elevaci\u00f3n corto<\/td>\n<td class=\"et4\">N35N450-800000-003A<\/td>\n<td class=\"et4\">\u03a695<\/td>\n<td class=\"et4\">\u03a680<\/td>\n<td class=\"et4\">775<\/td>\n<td class=\"et4\">1013<\/td>\n<td class=\"et4\">18,1 MPa<\/td>\n<td class=\"et4\">M22*1.5<\/td>\n<td class=\"et4\">54 kilos<\/td>\n<\/tr>\n<\/tbody>\n<\/table>\n<h2>Cilindro hidr\u00e1ulico Marcas y modelos disponibles:<\/h2>\n<table border=\"1\" cellspacing=\"0\" cellpadding=\"0\">\n<tbody>\n<tr>\n<td><b data-spm-anchor-id=\"a2700.details.0.i43.45d84a73e99C9z\">KOMATSU (ordenador personal)<\/b><\/td>\n<td>PC30, PC40, PC50, PC56, PC60, PC78, PC100, PC110, PC120, PC130, PC160, PC200-3\/5\/6\/7\/8\/8MO, PC210, PC220-5\/6\/7\/8\/8MO, PC240, PC300\/350\/360-5\/6\/7\/8\/8MO, PC400\/450-5\/6\/7\/8\/8MO, PC800, PC850<\/td>\n<\/tr>\n<tr>\n<td><b>ORUGA (E)<\/b><\/td>\n<td>E301.5, E302, E305.5, E306, E307V1\/V2\/B\/C\/D\/E\/F, E308B\/C, E120B, E312V1\/V2\/B\/C\/D, E313D2, E312D2, E315D,<br \/>\nE200B,E320V1\/V2\/A\/B\/C\/D,E324D,E325C\/D,E329D,E330\/336C\/D,E345C,E349D,E365C,E374,E390<\/td>\n<\/tr>\n<tr>\n<td><b>KOBELCO (SK)<\/b><\/td>\n<td>SK60-3\/5\/8,SK75-8\/SR, SK100, SK120-3\/5, SK135-8\/SR, SK140-8, SK200-3\/5\/6\/6E, SK210-3\/5\/6\/6E,<br \/>\nSK230\/250-6E,SK250-8,SK260-8,SK350-8\/S8,SK460\/480-8<\/td>\n<\/tr>\n<tr>\n<td><b>HYUNDAI (R)<\/b><\/td>\n<td>R55-5\/7, R60-5\/7, R80, R110, R130, R200-5, R210-5, R215-5\/7, R220-5\/7\/9, R225-5\/7\/9, R250, R260, R265, R290, R305, R445, R485, R505<\/td>\n<\/tr>\n<tr>\n<td><b data-spm-anchor-id=\"a2700.details.0.i53.45d84a73e99C9z\">HITACHI (EX.ZX)<\/b><\/td>\n<td>EX60, EX100-1\/2\/3, EX120-1\/3\/5\/6, EX200-1\/3\/5, EX230-5, EX300-1, EX400<br \/>\nZAX60,ZAX70,ZA120-6,ZAX200\/210-1\/3\/5\/5K,ZAX240,ZAX250,ZAX260,ZAX330-3\/5\/6,ZAX450\/470,ZAX650\/670,ZAX850\/870<\/td>\n<\/tr>\n<tr>\n<td>\n<div class=\"magic-32\"><b data-spm-anchor-id=\"a2700.details.0.i55.45d84a73e99C9z\">DOOSAN (DH\/DX)<\/b><\/div>\n<\/td>\n<td>\n<div class=\"magic-33\"><span class=\"magic-34\">DH55, DH60, DH80,DH150, DH215-5\/7,DH220-5,DH225-5\/7,DH258,DH300-5\/7, DH370,DH420,DH500<br \/>\nDX55, DX60, DX75, DX130, DX225-9, DX300, DX380, DX420, DX500<\/span><\/div>\n<\/td>\n<\/tr>\n<tr>\n<td>\n<div class=\"magic-32\"><b>VOLVO (CE)<\/b><\/div>\n<\/td>\n<td>\n<div class=\"magic-33\"><span class=\"magic-34\">EC55, EC60, EC75, EC80, EC140, EC210B\/D, EC220D, EC240, EC250, EC290, EC300, EC360, EC380, EC460, EC480, EC700, EC750, EC950<\/span><\/div>\n<\/td>\n<\/tr>\n<tr>\n<td>\n<div class=\"magic-32\"><b>KATO (HD)<\/b><\/div>\n<\/td>\n<td>\n<div class=\"magic-33\"><span class=\"magic-34\">HD307\/308, HD450, HD512, HD700-5\/7, HD820-1\/2\/3\/5\/R, HD1023-1\/3, HD1430-1\/3<\/span><\/div>\n<\/td>\n<\/tr>\n<tr>\n<td>\n<div class=\"magic-32\"><b>OTRA MARCA<\/b><\/div>\n<\/td>\n<td>\n<div class=\"magic-33\"><span class=\"magic-34\">XCMG, LIUGONG, KUBOTA, CASO, YANMAR, HACIA EL SOL, ZOOMLION, LISHIDE, LIEHERR<\/span><\/div>\n<\/td>\n<\/tr>\n<\/tbody>\n<\/table>\n<h3>Caracter\u00edsticas del cilindro hidr\u00e1ulico de elevaci\u00f3n corta para montacargas<\/h3>\n<p><strong>Dise\u00f1o compacto para eficiencia de espacio<\/strong><br \/>\nEl cilindro hidr\u00e1ulico de elevaci\u00f3n corta para montacargas tiene una estructura compacta, ideal para aplicaciones con espacio limitado. Su carrera m\u00e1s corta y tama\u00f1o reducido le permiten adaptarse a espacios reducidos, como pasillos estrechos o \u00e1reas de trabajo limitadas en almacenes e instalaciones de almacenamiento. Esta caracter\u00edstica de ahorro de espacio permite que los montacargas funcionen eficientemente en entornos donde los cilindros de elevaci\u00f3n tradicionales podr\u00edan resultar demasiado grandes o voluminosos.<\/p>\n<p><strong>Alta capacidad de elevaci\u00f3n a pesar de su tama\u00f1o m\u00e1s peque\u00f1o<\/strong><br \/>\nA pesar de su dise\u00f1o compacto, el cilindro hidr\u00e1ulico de elevaci\u00f3n corta para carretilla elevadora est\u00e1 dise\u00f1ado para ofrecer una alta capacidad de elevaci\u00f3n. Proporciona la potencia necesaria para elevar y descender cargas moderadas con precisi\u00f3n, lo que lo hace ideal para manipular una amplia gama de materiales y mercanc\u00edas. Este equilibrio entre resistencia y compacidad permite una manipulaci\u00f3n eficaz de la carga en entornos m\u00e1s peque\u00f1os o restringidos sin sacrificar el rendimiento.<\/p>\n<p><strong>Funcionamiento suave y controlado<\/strong><br \/>\nEl cilindro hidr\u00e1ulico de elevaci\u00f3n corta para carretilla elevadora garantiza movimientos de elevaci\u00f3n y descenso suaves y controlados, lo que contribuye a una operaci\u00f3n segura y eficiente. Permite ajustes graduales y precisos al manipular cargas, minimizando el riesgo de movimientos bruscos o cambios repentinos que podr\u00edan desestabilizarlas. Esta caracter\u00edstica es especialmente importante en entornos donde se requiere una manipulaci\u00f3n delicada o un posicionamiento cuidadoso de la carga.<\/p>\n<p><strong>Durabilidad y confiabilidad<\/strong><br \/>\nFabricado con materiales duraderos y dise\u00f1ado para soportar las exigencias de un uso intensivo y regular, el cilindro hidr\u00e1ulico de elevaci\u00f3n corta para montacargas ofrece un rendimiento duradero. Es capaz de soportar condiciones dif\u00edciles, incluyendo presi\u00f3n constante y ciclos de elevaci\u00f3n de alta frecuencia, lo que lo convierte en un componente fiable para las operaciones diarias. Su robusta construcci\u00f3n garantiza un rendimiento eficiente a largo plazo con un mantenimiento m\u00ednimo.<\/p>\n<p><strong>Mayor maniobrabilidad en espacios reducidos<\/strong><br \/>\nEl dise\u00f1o compacto y la alta eficiencia del cilindro hidr\u00e1ulico de elevaci\u00f3n corta para carretillas elevadoras mejoran su maniobrabilidad en espacios reducidos o congestionados. Con este cilindro, las carretillas elevadoras pueden realizar operaciones de elevaci\u00f3n en pasillos estrechos, espacios de almacenamiento reducidos o \u00e1reas con altura libre limitada, lo que lo convierte en la opci\u00f3n ideal para entornos como almacenes compactos, almacenes minoristas o plantas de fabricaci\u00f3n peque\u00f1as.<\/p>\n<h3>Acerca de FMP<\/h3>\n<p>FMP es un fabricante especializado en cilindros hidr\u00e1ulicos, con un fuerte enfoque en la investigaci\u00f3n y la producci\u00f3n. Desde su fundaci\u00f3n, la empresa se ha centrado constantemente en el desarrollo de cilindros hidr\u00e1ulicos, evolucionando desde la producci\u00f3n de diversos productos, como maquinaria de cosecha y construcci\u00f3n, hasta la especializaci\u00f3n en componentes para tractores agr\u00edcolas. Con m\u00e1s de una d\u00e9cada de experiencia en fabricaci\u00f3n, gesti\u00f3n y tecnolog\u00eda de producci\u00f3n avanzada, FMP garantiza la m\u00e1xima calidad en sus productos.<\/p>\n<p>A medida que la empresa ha crecido profesionalmente, ha establecido una l\u00ednea integral de producci\u00f3n de mecanizado, una l\u00ednea de ensamblaje y una l\u00ednea de recubrimiento. FMP cuenta con el apoyo de un equipo dedicado de personal directivo experimentado, dise\u00f1adores mec\u00e1nicos cualificados y t\u00e9cnicos altamente capacitados. Esto garantiza una calidad estable del producto, a la vez que controla eficientemente la continuidad del proceso y la eficiencia general de la producci\u00f3n.<\/p>\n<p>FMP se adhiere a los valores fundamentales de \u00abInnovaci\u00f3n tecnol\u00f3gica que impulsa el progreso, calidad que crea marcas, artesan\u00eda que garantiza la calidad y construcci\u00f3n de relaciones mutuamente beneficiosas a largo plazo\u00bb. La empresa mantiene su compromiso de ofrecer productos de alta calidad y un servicio al cliente excepcional, esforz\u00e1ndose siempre por satisfacer las cambiantes necesidades del mercado.<\/p>\n<p><img loading=\"lazy\" decoding=\"async\" class=\"alignnone wp-image-303\" src=\"https:\/\/fmp-components.com\/wp-content\/uploads\/2024\/12\/hydraulic-cylinder-factory-11_1.webp\" alt=\"f\u00e1brica de cilindros hidr\u00e1ulicos\" width=\"917\" height=\"1003\" title=\"\" srcset=\"https:\/\/fmp-components.com\/wp-content\/uploads\/2024\/12\/hydraulic-cylinder-factory-11_1.webp 917w, https:\/\/fmp-components.com\/wp-content\/uploads\/2024\/12\/hydraulic-cylinder-factory-11_1-480x525.webp 480w\" sizes=\"(min-width: 0px) and (max-width: 480px) 480px, (min-width: 481px) 917px, 100vw\" \/><\/p>\n<table style=\"width: 100%;\" border=\"1\" width=\"100%\" cellspacing=\"0\" cellpadding=\"0\">\n<tbody>\n<tr>\n<td style=\"width: 41.9294%;\" width=\"226\"><img loading=\"lazy\" decoding=\"async\" class=\"alignnone size-full wp-image-309\" src=\"https:\/\/fmp-components.com\/wp-content\/uploads\/2024\/12\/Forklift-Tilt-Hydraulic-Cylinder.webp\" alt=\"Cilindro hidr\u00e1ulico de inclinaci\u00f3n de carretilla elevadora\" width=\"1000\" height=\"750\" title=\"\" srcset=\"https:\/\/fmp-components.com\/wp-content\/uploads\/2024\/12\/Forklift-Tilt-Hydraulic-Cylinder.webp 1000w, https:\/\/fmp-components.com\/wp-content\/uploads\/2024\/12\/Forklift-Tilt-Hydraulic-Cylinder-980x735.webp 980w, https:\/\/fmp-components.com\/wp-content\/uploads\/2024\/12\/Forklift-Tilt-Hydraulic-Cylinder-480x360.webp 480w\" sizes=\"(min-width: 0px) and (max-width: 480px) 480px, (min-width: 481px) and (max-width: 980px) 980px, (min-width: 981px) 1000px, 100vw\" \/><\/td>\n<td style=\"width: 55.6484%;\" width=\"64\"><img loading=\"lazy\" decoding=\"async\" class=\"alignnone wp-image-283\" src=\"https:\/\/fmp-components.com\/wp-content\/uploads\/2024\/12\/hydraulic-cylinder-factory-5.webp\" alt=\"f\u00e1brica de cilindros hidr\u00e1ulicos\" width=\"542\" height=\"312\" title=\"\"><\/td>\n<\/tr>\n<\/tbody>\n<\/table>\n<p>Autor: CX<\/p>","protected":false},"excerpt":{"rendered":"<p>El cilindro hidr\u00e1ulico de elevaci\u00f3n corta para carretillas elevadoras est\u00e1 dise\u00f1ado espec\u00edficamente para operaciones de elevaci\u00f3n compactas y eficientes en espacios reducidos. Con una carrera m\u00e1s corta y un dise\u00f1o compacto, este tipo de cilindro hidr\u00e1ulico es ideal para carretillas elevadoras que necesitan operar en espacios reducidos donde los cilindros de elevaci\u00f3n largos tradicionales podr\u00edan no ser adecuados o eficaces. A pesar de su menor tama\u00f1o, el cilindro hidr\u00e1ulico de elevaci\u00f3n corta proporciona la potencia necesaria para manipular cargas de peso medio con precisi\u00f3n y estabilidad. Garantiza una elevaci\u00f3n suave y controlada, lo que lo hace perfecto para su uso en almacenes con pasillos estrechos o para la manipulaci\u00f3n de cargas peque\u00f1as, donde el ahorro de espacio y la alta maniobrabilidad son prioridades clave.<\/p>","protected":false},"featured_media":331,"comment_status":"open","ping_status":"closed","template":"","meta":{"_et_pb_use_builder":"","_et_pb_old_content":"","_et_gb_content_width":""},"product_brand":[],"product_cat":[20],"product_tag":[],"class_list":{"0":"post-323","1":"product","2":"type-product","3":"status-publish","4":"has-post-thumbnail","6":"product_cat-forklift-hydraulic-cylinders","8":"first","9":"instock","10":"shipping-taxable","11":"product-type-simple"},"_links":{"self":[{"href":"https:\/\/fmp-components.com\/es\/wp-json\/wp\/v2\/product\/323","targetHints":{"allow":["GET"]}}],"collection":[{"href":"https:\/\/fmp-components.com\/es\/wp-json\/wp\/v2\/product"}],"about":[{"href":"https:\/\/fmp-components.com\/es\/wp-json\/wp\/v2\/types\/product"}],"replies":[{"embeddable":true,"href":"https:\/\/fmp-components.com\/es\/wp-json\/wp\/v2\/comments?post=323"}],"wp:featuredmedia":[{"embeddable":true,"href":"https:\/\/fmp-components.com\/es\/wp-json\/wp\/v2\/media\/331"}],"wp:attachment":[{"href":"https:\/\/fmp-components.com\/es\/wp-json\/wp\/v2\/media?parent=323"}],"wp:term":[{"taxonomy":"product_brand","embeddable":true,"href":"https:\/\/fmp-components.com\/es\/wp-json\/wp\/v2\/product_brand?post=323"},{"taxonomy":"product_cat","embeddable":true,"href":"https:\/\/fmp-components.com\/es\/wp-json\/wp\/v2\/product_cat?post=323"},{"taxonomy":"product_tag","embeddable":true,"href":"https:\/\/fmp-components.com\/es\/wp-json\/wp\/v2\/product_tag?post=323"}],"curies":[{"name":"gracias","href":"https:\/\/api.w.org\/{rel}","templated":true}]}}