{"id":3189,"date":"2025-01-05T06:08:04","date_gmt":"2025-01-05T06:08:04","guid":{"rendered":"https:\/\/fmp-components.com\/?page_id=8"},"modified":"2026-03-31T07:29:18","modified_gmt":"2026-03-31T07:29:18","slug":"corn-header-gearbox-replacement-of-comer-code-m-767a","status":"publish","type":"product","link":"https:\/\/fmp-components.com\/es\/product\/corn-header-gearbox-replacement-of-comer-code-m-767a\/","title":{"rendered":"Caja de engranajes del cabezal de ma\u00edz: reemplazo del c\u00f3digo Comer M-767A"},"content":{"rendered":"<h2>Especificaciones de la caja de cambios del cabezal de ma\u00edz M-767A<\/h2>\n<p><img loading=\"lazy\" decoding=\"async\" class=\"alignnone size-full wp-image-3190\" src=\"https:\/\/fmp-components.com\/wp-content\/uploads\/2025\/01\/corn-header-gearbox-m767a-specification.webp\" alt=\"Especificaci\u00f3n de la caja de engranajes del cabezal de ma\u00edz M767A\" width=\"958\" height=\"577\" title=\"\" srcset=\"https:\/\/fmp-components.com\/wp-content\/uploads\/2025\/01\/corn-header-gearbox-m767a-specification.webp 958w, https:\/\/fmp-components.com\/wp-content\/uploads\/2025\/01\/corn-header-gearbox-m767a-specification-480x289.webp 480w\" sizes=\"(min-width: 0px) and (max-width: 480px) 480px, (min-width: 481px) 958px, 100vw\" \/><\/p>\n<table style=\"width: 93.4311%; height: 237px;\" border=\"1\">\n<tbody>\n<tr>\n<td style=\"width: 35.1675%;\"><strong>i<\/strong><\/td>\n<td style=\"width: 64.1148%;\">1.6<\/td>\n<\/tr>\n<tr>\n<td style=\"width: 35.1675%;\"><strong>norte<sub>1<\/sub>[rpm]<\/strong><\/td>\n<td style=\"width: 64.1148%;\">540<\/td>\n<\/tr>\n<tr>\n<td style=\"width: 35.1675%;\"><strong>PAG<sub>1<\/sub>[kW]<\/strong><\/td>\n<td style=\"width: 64.1148%;\">44.1<\/td>\n<\/tr>\n<tr>\n<td style=\"width: 35.1675%;\"><strong>METRO<sub>2<\/sub>[Nuevo M\u00e9jico]<\/strong><\/td>\n<td style=\"width: 64.1148%;\">473<\/td>\n<\/tr>\n<tr>\n<td style=\"width: 35.1675%;\"><strong>Tipo de eje X<\/strong><\/td>\n<td style=\"width: 64.1148%;\">1\u201d 3\/8 Z6<\/td>\n<\/tr>\n<tr>\n<td style=\"width: 35.1675%;\"><strong>Tipo de eje Z<\/strong><\/td>\n<td style=\"width: 64.1148%;\">1\u201d 3\/8 Z6<\/td>\n<\/tr>\n<tr>\n<td style=\"width: 35.1675%;\"><strong>Aporte<\/strong><\/td>\n<td style=\"width: 64.1148%;\">Z<\/td>\n<\/tr>\n<\/tbody>\n<\/table>\n<h2>Mantenimiento de la caja de cambios del cabezal de ma\u00edz<\/h2>\n<p>El mantenimiento adecuado de la caja de cambios del cabezal de ma\u00edz es esencial para garantizar el funcionamiento eficiente del equipo y su larga vida \u00fatil. Una caja de cambios en buen estado mejora el rendimiento del cabezal, reduce la probabilidad de aver\u00edas y prolonga la vida \u00fatil de la m\u00e1quina. A continuaci\u00f3n, se describen las pr\u00e1cticas de mantenimiento clave para mantener la caja de cambios del cabezal de ma\u00edz en \u00f3ptimas condiciones de funcionamiento.<\/p>\n<p><strong>1. Lubricaci\u00f3n y cambios de aceite regulares<\/strong><\/p>\n<ul>\n<li><strong>Lubricaci\u00f3n:<\/strong> Las cajas de engranajes de los cabezales de ma\u00edz dependen de una lubricaci\u00f3n adecuada para reducir la fricci\u00f3n y prevenir el desgaste entre los engranajes y cojinetes internos. Revise peri\u00f3dicamente los niveles de aceite y aseg\u00farese de que la caja de engranajes est\u00e9 bien lubricada.\n<ul>\n<li><strong>Comprobar el nivel de aceite:<\/strong> Compruebe peri\u00f3dicamente el nivel de aceite de la caja de cambios y rell\u00e9nelo si es necesario.<\/li>\n<li><strong>Calidad del aceite:<\/strong> Cambie el aceite si se contamina con residuos o si muestra signos de degradaci\u00f3n. Con el tiempo, el aceite puede perder su eficacia, lo que aumenta la fricci\u00f3n y el desgaste.<\/li>\n<li><strong>Utilice el aceite correcto:<\/strong> Utilice siempre el lubricante recomendado por el fabricante para garantizar un rendimiento adecuado. El uso de un aceite incorrecto puede provocar sobrecalentamiento o aver\u00edas en los componentes.<\/li>\n<\/ul>\n<\/li>\n<li><strong>Cambios de aceite:<\/strong> Siga las recomendaciones del fabricante para el cambio de aceite, generalmente cada 100-200 horas de uso. Drenar el aceite viejo y reemplazarlo con aceite nuevo ayudar\u00e1 a mantener una lubricaci\u00f3n adecuada y prolongar\u00e1 la vida \u00fatil de la caja de cambios.<\/li>\n<\/ul>\n<p><strong>2. Inspeccione y mantenga la conexi\u00f3n del eje de la toma de fuerza.<\/strong><\/p>\n<p>El eje de la toma de fuerza (TDF) transmite la potencia del tractor a la caja de cambios del cabezal de la cosechadora. Un eje de TDF defectuoso puede da\u00f1ar la caja de cambios, por lo que es fundamental inspeccionarlo peri\u00f3dicamente.<\/p>\n<ul>\n<li><strong>Comprobar el desgaste:<\/strong> Inspeccione el eje de la toma de fuerza para detectar cualquier signo de desgaste o da\u00f1o, incluyendo grietas, dobleces o componentes rotos. Reemplace inmediatamente cualquier pieza da\u00f1ada.<\/li>\n<li><strong>Lubrique el eje de la toma de fuerza:<\/strong> Engrase el eje de la toma de fuerza con regularidad para garantizar un funcionamiento suave y evitar la oxidaci\u00f3n o la corrosi\u00f3n. Preste atenci\u00f3n a las juntas universales y las secciones deslizantes.<\/li>\n<li><strong>Alineaci\u00f3n correcta:<\/strong> Aseg\u00farese de que el eje de la toma de fuerza est\u00e9 correctamente alineado con el eje de entrada de la caja de cambios. Una desalineaci\u00f3n puede provocar una tensi\u00f3n excesiva en la caja de cambios y en el eje de la toma de fuerza, lo que conlleva un desgaste prematuro.<\/li>\n<\/ul>\n<p><strong>3. Limpie la caja de cambios y los componentes externos.<\/strong><\/p>\n<p>La suciedad, los escombros y los restos de cultivos pueden acumularse en el exterior de la caja de cambios y los componentes circundantes, lo que puede provocar sobrecalentamiento u obstrucci\u00f3n de las zonas de ventilaci\u00f3n.<\/p>\n<ul>\n<li><strong>Caja de cambios limpia:<\/strong> Limpie peri\u00f3dicamente la carcasa de la caja de cambios para eliminar el polvo, la suciedad o los restos de cultivos. Utilice aire comprimido o un cepillo suave para limpiar las zonas de dif\u00edcil acceso.<\/li>\n<li><strong>Compruebe las rejillas de ventilaci\u00f3n y las aletas de refrigeraci\u00f3n:<\/strong> Aseg\u00farese de que las rejillas de ventilaci\u00f3n y las aletas de refrigeraci\u00f3n est\u00e9n libres de obstrucciones para mantener un flujo de aire adecuado. El sobrecalentamiento puede provocar una aver\u00eda en la caja de cambios.<\/li>\n<li><strong>Evite entrar en el agua:<\/strong> Tras la limpieza, aseg\u00farese de que no entre agua en la caja de cambios. La contaminaci\u00f3n por agua puede provocar corrosi\u00f3n y reducir la eficacia de la lubricaci\u00f3n.<\/li>\n<\/ul>\n<p><strong>4. Controlar la temperatura de la caja de cambios<\/strong><\/p>\n<p>El sobrecalentamiento es una causa com\u00fan de aver\u00edas en las cajas de cambios. Controle siempre la temperatura de la caja de cambios durante su funcionamiento, especialmente en condiciones de alta carga.<\/p>\n<ul>\n<li><strong>Calor excesivo:<\/strong> Si la caja de cambios se calienta de forma inusual, podr\u00eda indicar un nivel bajo de aceite, una lubricaci\u00f3n deficiente o una sobrecarga. Solucione el problema de inmediato para evitar da\u00f1os.<\/li>\n<li><strong>Sistemas de refrigeraci\u00f3n:<\/strong> Algunas cajas de engranajes de cabezales de ma\u00edz est\u00e1n equipadas con sistemas de refrigeraci\u00f3n. Aseg\u00farese de que funcionen correctamente y revise si hay obstrucciones o fugas en las tuber\u00edas de refrigeraci\u00f3n.<\/li>\n<\/ul>\n<p><strong>5. Comprobar y apretar los pernos y sujetadores<\/strong><\/p>\n<p>Los componentes de la caja de cambios pueden aflojarse con el tiempo debido a las vibraciones y fuerzas que experimentan durante su funcionamiento. Los tornillos o fijaciones flojos pueden provocar desalineaci\u00f3n, desgaste excesivo o incluso la aver\u00eda total de la caja de cambios.<\/p>\n<ul>\n<li><strong>Inspeccionar pernos:<\/strong> Inspeccione peri\u00f3dicamente todos los pernos y elementos de fijaci\u00f3n de la caja de cambios, especialmente alrededor de los ejes de entrada y salida.<\/li>\n<li><strong>Ajustar seg\u00fan sea necesario:<\/strong> Apriete los tornillos y sujetadores sueltos para asegurar que todas las piezas est\u00e9n bien colocadas. Esto tambi\u00e9n ayuda a prevenir vibraciones innecesarias que pueden causar da\u00f1os con el tiempo.<\/li>\n<\/ul>\n<p>El mantenimiento regular de la caja de cambios del cabezal de ma\u00edz es esencial para maximizar su vida \u00fatil, rendimiento y eficiencia. Siguiendo los programas de lubricaci\u00f3n adecuados, realizando inspecciones visuales y solucionando cualquier problema potencial de inmediato, puede garantizar que su caja de cambios funcione sin problemas durante toda la temporada de cosecha. El cuidado y la atenci\u00f3n adecuados a la caja de cambios y al eje de la toma de fuerza tambi\u00e9n reducir\u00e1n la probabilidad de reparaciones costosas y minimizar\u00e1n el tiempo de inactividad, lo que le permitir\u00e1 concentrarse en maximizar la productividad durante la cosecha.<\/p>\n<p><img loading=\"lazy\" decoding=\"async\" class=\"wp-image-3191 aligncenter\" src=\"https:\/\/fmp-components.com\/wp-content\/uploads\/2025\/01\/corn-header-gearbox-m767a1.webp\" alt=\"Especificaci\u00f3n de la caja de engranajes del cabezal de ma\u00edz M767A\" width=\"780\" height=\"780\" title=\"\" srcset=\"https:\/\/fmp-components.com\/wp-content\/uploads\/2025\/01\/corn-header-gearbox-m767a1.webp 300w, https:\/\/fmp-components.com\/wp-content\/uploads\/2025\/01\/corn-header-gearbox-m767a1-150x150.webp 150w, https:\/\/fmp-components.com\/wp-content\/uploads\/2025\/01\/corn-header-gearbox-m767a1-12x12.webp 12w, https:\/\/fmp-components.com\/wp-content\/uploads\/2025\/01\/corn-header-gearbox-m767a1-100x100.webp 100w\" sizes=\"(max-width: 780px) 100vw, 780px\" \/><\/p>\n<h2>Acerca de FMP<\/h2>\n<p>Con sede en Italia, FMP es un fabricante l\u00edder especializado en el dise\u00f1o, desarrollo y producci\u00f3n de cajas de cambios de alto rendimiento, principalmente para el sector de la maquinaria agr\u00edcola. Reconocida por su ingenier\u00eda de precisi\u00f3n, soluciones innovadoras y fiabilidad constante, FMP se ha consolidado como un socio de confianza tanto en el mercado agr\u00edcola como en el industrial. Nuestro amplio cat\u00e1logo incluye cajas de cambios dise\u00f1adas a medida para cortac\u00e9spedes, ejes de toma de fuerza y \u200b\u200botros componentes esenciales, todos ellos dise\u00f1ados para satisfacer las necesidades espec\u00edficas de diversas aplicaciones.<\/p>\n<p>En FMP, comprendemos que cada cliente enfrenta desaf\u00edos \u00fanicos. Por ello, nos enfocamos en brindar soluciones a medida, ya sea para componentes individuales o sistemas totalmente integrados. Al trabajar en estrecha colaboraci\u00f3n con nuestros clientes, garantizamos que cada soluci\u00f3n satisfaga sus necesidades, optimizando el rendimiento y maximizando el valor. Nuestro compromiso con respuestas oportunas y profesionales, junto con asesoramiento experto, asegura que cada consulta se gestione con precisi\u00f3n, ofreciendo resultados \u00f3ptimos.<\/p>\n<p>Priorizamos una comunicaci\u00f3n transparente y continua durante todo el proceso de desarrollo de productos. Nuestro equipo especializado colabora estrechamente con los clientes para comprender a fondo sus necesidades, ofreciendo valiosas perspectivas y recomendaciones para lograr los mejores resultados. Ya sea dise\u00f1ando productos innovadores o atendiendo pedidos rutinarios, FMP se compromete a entregar soluciones de alta calidad y precisi\u00f3n, siempre a tiempo. Nuestro objetivo es superar las expectativas de los clientes y brindar un servicio excepcional en cada proyecto.<\/p>\n<p>En el coraz\u00f3n de las operaciones de FMP reside un compromiso inquebrantable con la calidad. Nos adherimos a los m\u00e1s altos est\u00e1ndares de fabricaci\u00f3n y a rigurosos procesos de control de calidad para garantizar que cada producto supere los est\u00e1ndares de la industria. Este compromiso con la excelencia, aunado a nuestros valores de integridad, trabajo en equipo y perseverancia, nos ha permitido construir relaciones duraderas y basadas en la confianza con clientes en casi 30 pa\u00edses de todo el mundo.<\/p>\n<p>FMP se compromete a fomentar alianzas globales ofreciendo asesoramiento experto y soluciones personalizadas que satisfagan las necesidades cambiantes de nuestros clientes. Nuestro objetivo es construir relaciones a largo plazo y mutuamente beneficiosas que contribuyan al \u00e9xito de cada proyecto. Tanto si necesita soluciones innovadoras para una nueva iniciativa como si requiere soporte continuo para un sistema existente, FMP est\u00e1 aqu\u00ed para ayudarle a superar los retos t\u00e9cnicos y garantizar su \u00e9xito continuo.<\/p>\n<p><img loading=\"lazy\" decoding=\"async\" class=\"alignnone wp-image-2695\" src=\"https:\/\/fmp-components.com\/wp-content\/uploads\/2025\/01\/agricultural-gearbox3.webp\" alt=\"caja de cambios agr\u00edcola\" width=\"1140\" height=\"1138\" title=\"\" srcset=\"https:\/\/fmp-components.com\/wp-content\/uploads\/2025\/01\/agricultural-gearbox3.webp 1140w, https:\/\/fmp-components.com\/wp-content\/uploads\/2025\/01\/agricultural-gearbox3-480x479.webp 480w\" sizes=\"(min-width: 0px) and (max-width: 480px) 480px, (min-width: 481px) 1140px, 100vw\" \/><\/p>\n<p>Autor: CX<\/p>","protected":false},"excerpt":{"rendered":"<p>Corn Header Gearbox M-767A Specifications i 1.6 N1[rpm] 540 P1[kW] 44.1 M2[Nm] 473 Shaft Type X 1&#8221; 3\/8 Z6 Shaft Type Z 1&#8221; 3\/8 Z6 Input Z Maintenance of Corn Header Gearbox Proper maintenance of the corn header gearbox is essential to ensure the equipment operates efficiently and lasts for many seasons. A well-maintained gearbox [&hellip;]<\/p>","protected":false},"featured_media":3191,"comment_status":"open","ping_status":"closed","template":"","meta":{"_et_pb_use_builder":"","_et_pb_old_content":"","_et_gb_content_width":""},"product_brand":[],"product_cat":[77],"product_tag":[],"class_list":{"0":"post-3189","1":"product","2":"type-product","3":"status-publish","4":"has-post-thumbnail","6":"product_cat-corn-headers-gearbox","8":"first","9":"instock","10":"shipping-taxable","11":"product-type-simple"},"_links":{"self":[{"href":"https:\/\/fmp-components.com\/es\/wp-json\/wp\/v2\/product\/3189","targetHints":{"allow":["GET"]}}],"collection":[{"href":"https:\/\/fmp-components.com\/es\/wp-json\/wp\/v2\/product"}],"about":[{"href":"https:\/\/fmp-components.com\/es\/wp-json\/wp\/v2\/types\/product"}],"replies":[{"embeddable":true,"href":"https:\/\/fmp-components.com\/es\/wp-json\/wp\/v2\/comments?post=3189"}],"wp:featuredmedia":[{"embeddable":true,"href":"https:\/\/fmp-components.com\/es\/wp-json\/wp\/v2\/media\/3191"}],"wp:attachment":[{"href":"https:\/\/fmp-components.com\/es\/wp-json\/wp\/v2\/media?parent=3189"}],"wp:term":[{"taxonomy":"product_brand","embeddable":true,"href":"https:\/\/fmp-components.com\/es\/wp-json\/wp\/v2\/product_brand?post=3189"},{"taxonomy":"product_cat","embeddable":true,"href":"https:\/\/fmp-components.com\/es\/wp-json\/wp\/v2\/product_cat?post=3189"},{"taxonomy":"product_tag","embeddable":true,"href":"https:\/\/fmp-components.com\/es\/wp-json\/wp\/v2\/product_tag?post=3189"}],"curies":[{"name":"gracias","href":"https:\/\/api.w.org\/{rel}","templated":true}]}}