{"id":3185,"date":"2025-01-05T05:56:59","date_gmt":"2025-01-05T05:56:59","guid":{"rendered":"https:\/\/fmp-components.com\/?page_id=8"},"modified":"2025-01-06T02:16:30","modified_gmt":"2025-01-06T02:16:30","slug":"corn-header-gearbox-replacement-of-comer-code-t-304a","status":"publish","type":"product","link":"https:\/\/fmp-components.com\/es\/product\/corn-header-gearbox-replacement-of-comer-code-t-304a\/","title":{"rendered":"Caja de engranajes del cabezal de ma\u00edz: reemplazo del c\u00f3digo Comer T-304A"},"content":{"rendered":"<h2>Especificaciones de la caja de engranajes del cabezal de ma\u00edz T-304A<\/h2>\n<p><img loading=\"lazy\" decoding=\"async\" class=\"alignnone size-full wp-image-3187\" src=\"https:\/\/fmp-components.com\/wp-content\/uploads\/2025\/01\/corn-header-gearbox-specification-t304a.webp\" alt=\"Especificaci\u00f3n de la caja de engranajes del cabezal de ma\u00edz T304A\" width=\"971\" height=\"483\" title=\"\" srcset=\"https:\/\/fmp-components.com\/wp-content\/uploads\/2025\/01\/corn-header-gearbox-specification-t304a.webp 971w, https:\/\/fmp-components.com\/wp-content\/uploads\/2025\/01\/corn-header-gearbox-specification-t304a-480x239.webp 480w\" sizes=\"(min-width: 0px) and (max-width: 480px) 480px, (min-width: 481px) 971px, 100vw\" \/><\/p>\n<table class=\"kh-1xzm1su\" border=\"1\" data-intent=\"lists-product-attributes\" data-test-id=\"attributes-list\">\n<tbody class=\"kh-1ago99h\">\n<tr id=\"attProductDetails\" class=\"kh-bwvum6\" data-test-id=\"attribute-row\">\n<th class=\"kh-10oizfy\">Detalles del producto<\/th>\n<td class=\"kh-1f5nhat\">\n<ul>\n<li class=\"kh-16zd49f\">Todas las cajas de cambios se suministran sin aceite.<\/li>\n<li class=\"kh-16zd49f\">El primer cambio de aceite se debe hacer despu\u00e9s de 50-70 horas de funcionamiento, luego despu\u00e9s de 500-700 horas de funcionamiento o al menos una vez al a\u00f1o.<\/li>\n<li class=\"kh-16zd49f\">Cont\u00e1ctenos para potencia a diferentes RPM.<\/li>\n<\/ul>\n<\/td>\n<\/tr>\n<tr id=\"attApplicationRange\" class=\"kh-bwvum6\" data-test-id=\"attribute-row\">\n<th class=\"kh-10oizfy\">Rango de aplicaci\u00f3n<\/th>\n<td class=\"kh-1f5nhat\">\n<ul>\n<li class=\"kh-16zd49f\">Varias aplicaciones (agr\u00edcolas)<\/li>\n<li class=\"kh-16zd49f\">Perforadora de agujeros<\/li>\n<\/ul>\n<\/td>\n<\/tr>\n<tr id=\"attConsistsOf\" class=\"kh-bwvum6\" data-test-id=\"attribute-row\">\n<th class=\"kh-10oizfy\">Consiste en<\/th>\n<td class=\"kh-1f5nhat\">\n<ul>\n<li class=\"kh-16zd49f\">Caja de cambios<\/li>\n<li class=\"kh-16zd49f\">Sin aceite<\/li>\n<\/ul>\n<\/td>\n<\/tr>\n<\/tbody>\n<\/table>\n<h2>Caracter\u00edsticas de las cajas de engranajes de los cabezales de ma\u00edz<\/h2>\n<ol>\n<li><strong>Alta capacidad de par<\/strong><br \/>\nLas cajas de engranajes de los cabezales de ma\u00edz est\u00e1n dise\u00f1adas para soportar cargas de par elevadas, lo que garantiza una transmisi\u00f3n eficiente de la potencia del tractor al mecanismo del cabezal. Esto es especialmente importante para la cosecha de ma\u00edz, ya que la caja de engranajes debe soportar la tensi\u00f3n mec\u00e1nica del corte y la recolecci\u00f3n del cultivo.<\/li>\n<li><strong>Construcci\u00f3n duradera<\/strong><br \/>\nFabricadas con materiales robustos como acero de alta calidad o hierro fundido, las cajas de engranajes para cabezales de ma\u00edz est\u00e1n dise\u00f1adas para una larga vida \u00fatil. Estas cajas de engranajes son capaces de funcionar en entornos agr\u00edcolas exigentes, soportando condiciones clim\u00e1ticas adversas y largas horas de funcionamiento.<\/li>\n<li><strong>Ingenier\u00eda de precisi\u00f3n<\/strong><br \/>\nLas cajas de engranajes de los cabezales de ma\u00edz est\u00e1n dise\u00f1adas con precisi\u00f3n para garantizar un funcionamiento suave y fiable. Los engranajes de la caja se fabrican con tolerancias estrictas, lo que reduce la fricci\u00f3n y aumenta la eficiencia, lo que a su vez mejora el rendimiento de todo el sistema de cosecha.<\/li>\n<li><strong>Dise\u00f1o compacto y eficiente<\/strong><br \/>\nEstas cajas de engranajes son compactas pero potentes, lo que las hace ideales para integrarse en maquinaria de cosecha de ma\u00edz donde el espacio es limitado. A pesar de su peque\u00f1o tama\u00f1o, est\u00e1n dise\u00f1adas para manejar cargas de potencia significativas manteniendo la eficiencia operativa.<\/li>\n<li><strong>Relaciones de transmisi\u00f3n<\/strong><br \/>\nLas cajas de engranajes de los cabezales de ma\u00edz suelen contar con relaciones de transmisi\u00f3n espec\u00edficas, optimizadas para las necesidades de la cosecha de ma\u00edz. Una relaci\u00f3n adecuada garantiza la velocidad y la potencia necesarias para las operaciones de corte y recolecci\u00f3n, mejorando as\u00ed la productividad y el rendimiento general del cabezal.<\/li>\n<\/ol>\n<p>En resumen, las tomas de fuerza son componentes esenciales que conectan el tractor a la caja de cambios del cabezal de ma\u00edz, lo que permite una transmisi\u00f3n de potencia eficiente durante la cosecha. Una toma de fuerza adecuada garantiza un funcionamiento fiable, seguro y eficiente, lo que contribuye a una mayor productividad y a una reducci\u00f3n del tiempo de inactividad durante la cosecha.<\/p>\n<p><img loading=\"lazy\" decoding=\"async\" class=\"wp-image-3186 aligncenter\" src=\"https:\/\/fmp-components.com\/wp-content\/uploads\/2025\/01\/corn-header-gearbox-t304a1.webp\" alt=\"caja de engranajes del cabezal de ma\u00edz t304a(1)\" width=\"576\" height=\"576\" title=\"\" srcset=\"https:\/\/fmp-components.com\/wp-content\/uploads\/2025\/01\/corn-header-gearbox-t304a1.webp 300w, https:\/\/fmp-components.com\/wp-content\/uploads\/2025\/01\/corn-header-gearbox-t304a1-150x150.webp 150w, https:\/\/fmp-components.com\/wp-content\/uploads\/2025\/01\/corn-header-gearbox-t304a1-12x12.webp 12w, https:\/\/fmp-components.com\/wp-content\/uploads\/2025\/01\/corn-header-gearbox-t304a1-100x100.webp 100w\" sizes=\"(max-width: 576px) 100vw, 576px\" \/><\/p>\n<h3><strong>Ejes de toma de fuerza para caja de engranajes de cabezal de ma\u00edz<\/strong><\/h3>\n<p>Los ejes de la toma de fuerza (TDF) son componentes esenciales que transfieren la potencia mec\u00e1nica del motor del tractor a la caja de engranajes del cabezal de ma\u00edz. El eje de la TDF conecta la salida de la TDF del tractor a la caja de engranajes del cabezal de ma\u00edz, lo que permite una transmisi\u00f3n eficiente de la potencia para impulsar los mecanismos de corte y recolecci\u00f3n. A continuaci\u00f3n, se presenta un resumen de las caracter\u00edsticas y consideraciones a tener en cuenta al seleccionar ejes de la TDF para las cajas de engranajes del cabezal de ma\u00edz:<\/p>\n<ol>\n<li><strong>Transmisi\u00f3n de alto par<\/strong><br \/>\nLos ejes de toma de fuerza (TDF) para las cajas de engranajes de los cabezales de ma\u00edz est\u00e1n dise\u00f1ados para soportar las altas cargas de par requeridas para el funcionamiento de los mecanismos de corte, recolecci\u00f3n y trilla del cabezal. El eje debe transferir una potencia considerable del tractor a la caja de engranajes, manteniendo al mismo tiempo un funcionamiento suave.<\/li>\n<li><strong>Durabilidad y resistencia<\/strong><br \/>\nFabricados con materiales de alta calidad, como acero de alta resistencia o aleaciones de metales, estos ejes de toma de fuerza est\u00e1n dise\u00f1ados para una larga duraci\u00f3n. Est\u00e1n dise\u00f1ados para resistir el desgaste propio de las exigentes exigencias de la maquinaria agr\u00edcola, garantizando as\u00ed una larga vida \u00fatil.<\/li>\n<li><strong>Compatibilidad universal<\/strong><br \/>\nLos ejes de toma de fuerza para las cajas de engranajes de los cabezales de ma\u00edz suelen estar dise\u00f1ados con juntas universales, lo que les permite ser compatibles con diversos modelos de tractores y marcas de cabezales de ma\u00edz. Esta adaptabilidad garantiza que el eje de toma de fuerza se integre f\u00e1cilmente en diferentes m\u00e1quinas y configuraciones operativas.<\/li>\n<li><strong>Flexibilidad y adaptabilidad<\/strong><br \/>\nLos ejes de toma de fuerza suelen estar equipados con secciones telesc\u00f3picas, lo que proporciona flexibilidad y facilidad de ajuste. Esta caracter\u00edstica permite a los operadores ajustar la longitud del eje para adaptarse a diferentes distancias entre el tractor y el cabezal, lo que facilita una alineaci\u00f3n correcta y reduce la tensi\u00f3n en el eje y la caja de cambios.<\/li>\n<li><strong>Transferencia de energ\u00eda eficiente<\/strong><br \/>\nEstos ejes est\u00e1n dise\u00f1ados para minimizar la p\u00e9rdida de energ\u00eda durante la transferencia de potencia. Un eje de toma de fuerza bien dise\u00f1ado garantiza que la m\u00e1xima potencia del motor del tractor se transmita eficientemente a la caja de engranajes del cabezal de ma\u00edz, mejorando as\u00ed la eficiencia general del proceso de cosecha.<\/li>\n<\/ol>\n<p>En resumen, las tomas de fuerza son componentes esenciales que conectan el tractor a la caja de cambios del cabezal de ma\u00edz, lo que permite una transmisi\u00f3n de potencia eficiente durante la cosecha. Una toma de fuerza adecuada garantiza un funcionamiento fiable, seguro y eficiente, lo que contribuye a una mayor productividad y a una reducci\u00f3n del tiempo de inactividad durante la cosecha.<\/p>\n<p><img loading=\"lazy\" decoding=\"async\" class=\"wp-image-3188 aligncenter\" src=\"https:\/\/fmp-components.com\/wp-content\/uploads\/2025\/01\/corn-header-gearbox-t304a-11.webp\" alt=\"caja de engranajes del cabezal de ma\u00edz t304a-1(1)\" width=\"690\" height=\"690\" title=\"\" srcset=\"https:\/\/fmp-components.com\/wp-content\/uploads\/2025\/01\/corn-header-gearbox-t304a-11.webp 300w, https:\/\/fmp-components.com\/wp-content\/uploads\/2025\/01\/corn-header-gearbox-t304a-11-150x150.webp 150w, https:\/\/fmp-components.com\/wp-content\/uploads\/2025\/01\/corn-header-gearbox-t304a-11-12x12.webp 12w, https:\/\/fmp-components.com\/wp-content\/uploads\/2025\/01\/corn-header-gearbox-t304a-11-100x100.webp 100w\" sizes=\"(max-width: 690px) 100vw, 690px\" \/><\/p>\n<h3>Acerca de FMP<\/h3>\n<p>Con sede en Italia, FMP es un destacado fabricante reconocido por su experiencia en el dise\u00f1o, desarrollo y producci\u00f3n de cajas de engranajes de alto rendimiento, con un enfoque principal en el sector de la maquinaria agr\u00edcola. Reconocido por su ingenier\u00eda de precisi\u00f3n, soluciones innovadoras y fiabilidad constante, FMP se ha forjado una s\u00f3lida reputaci\u00f3n como socio de confianza tanto en el mercado agr\u00edcola como en el industrial. Nuestra diversa cartera incluye cajas de engranajes dise\u00f1adas a medida para cortac\u00e9spedes, ejes de toma de fuerza y \u200b\u200buna amplia gama de otros componentes cr\u00edticos, cada uno meticulosamente dise\u00f1ado para satisfacer las necesidades espec\u00edficas de diversas aplicaciones.<\/p>\n<p>En FMP, reconocemos que cada cliente enfrenta desaf\u00edos \u00fanicos. Esta comprensi\u00f3n impulsa nuestro compromiso de ofrecer soluciones a medida, ya sea para componentes individuales o para sistemas totalmente integrados. Al trabajar estrechamente con nuestros clientes, garantizamos que cada soluci\u00f3n no solo satisfaga sus necesidades espec\u00edficas, sino que tambi\u00e9n optimice el rendimiento y maximice el valor. Nuestra dedicaci\u00f3n a respuestas profesionales y oportunas, as\u00ed como a la orientaci\u00f3n experta, garantiza que cada consulta se gestione con precisi\u00f3n, ofreciendo siempre resultados \u00f3ptimos.<\/p>\n<p>Ponemos gran \u00e9nfasis en la comunicaci\u00f3n transparente y continua durante todo el ciclo de desarrollo del producto. Nuestro equipo especializado colabora estrechamente con los clientes para comprender plenamente sus necesidades y brindar informaci\u00f3n y recomendaciones valiosas para lograr los mejores resultados. Ya sea dise\u00f1ando productos de vanguardia o atendiendo pedidos rutinarios, FMP se compromete a entregar soluciones de alta calidad y precisi\u00f3n, siempre a tiempo. Nuestro objetivo es superar las expectativas del cliente, brindando un servicio y resultados excepcionales en cada proyecto.<\/p>\n<p>En el coraz\u00f3n de las operaciones de FMP se encuentra un firme compromiso con la calidad. Nos adherimos a los m\u00e1s altos est\u00e1ndares de fabricaci\u00f3n e implementamos rigurosos procesos de control de calidad para garantizar que cada producto no solo cumpla, sino que supere los est\u00e1ndares de la industria. Este firme enfoque en la excelencia, combinado con nuestros valores fundamentales de integridad, trabajo en equipo y perseverancia, nos ha permitido forjar relaciones duraderas y de confianza con clientes en casi 30 pa\u00edses de todo el mundo.<\/p>\n<p>En FMP, nos esforzamos constantemente por fomentar colaboraciones globales, ofreciendo asesoramiento experto y soluciones personalizadas que aborden las necesidades en constante evoluci\u00f3n de nuestros clientes. Nos esforzamos por construir relaciones duraderas y mutuamente beneficiosas que contribuyan al \u00e9xito de cada proyecto. Ya sea que busque soluciones innovadoras para una nueva iniciativa o soporte continuo para un sistema existente, en FMP estamos listos para ayudarle a superar los desaf\u00edos t\u00e9cnicos y garantizar su \u00e9xito continuo.<\/p>\n<p><img loading=\"lazy\" decoding=\"async\" class=\"alignnone wp-image-2695\" src=\"https:\/\/fmp-components.com\/wp-content\/uploads\/2025\/01\/agricultural-gearbox3.webp\" alt=\"caja de cambios agr\u00edcola\" width=\"1140\" height=\"1138\" title=\"\" srcset=\"https:\/\/fmp-components.com\/wp-content\/uploads\/2025\/01\/agricultural-gearbox3.webp 1140w, https:\/\/fmp-components.com\/wp-content\/uploads\/2025\/01\/agricultural-gearbox3-480x479.webp 480w\" sizes=\"(min-width: 0px) and (max-width: 480px) 480px, (min-width: 481px) 1140px, 100vw\" \/><\/p>\n<p>Autor: CX<\/p>","protected":false},"excerpt":{"rendered":"<p>Specifications of Corn Header Gearbox T-304A Product details All gearboxes are supplied without oil. First oil change after 50-70 operating hours, then after 500-700 operating hours or at least once a year. Contact us for power at a different RPM. Application range Various (agricultural) applications Hole borer Consists of Gearbox Without oil Characteristics of Corn [&hellip;]<\/p>","protected":false},"featured_media":3186,"comment_status":"open","ping_status":"closed","template":"","meta":{"_et_pb_use_builder":"","_et_pb_old_content":"","_et_gb_content_width":""},"product_brand":[],"product_cat":[78],"product_tag":[],"class_list":{"0":"post-3185","1":"product","2":"type-product","3":"status-publish","4":"has-post-thumbnail","6":"product_cat-gearbox-for-agricultural-machinery","8":"first","9":"instock","10":"shipping-taxable","11":"product-type-simple"},"_links":{"self":[{"href":"https:\/\/fmp-components.com\/es\/wp-json\/wp\/v2\/product\/3185","targetHints":{"allow":["GET"]}}],"collection":[{"href":"https:\/\/fmp-components.com\/es\/wp-json\/wp\/v2\/product"}],"about":[{"href":"https:\/\/fmp-components.com\/es\/wp-json\/wp\/v2\/types\/product"}],"replies":[{"embeddable":true,"href":"https:\/\/fmp-components.com\/es\/wp-json\/wp\/v2\/comments?post=3185"}],"wp:featuredmedia":[{"embeddable":true,"href":"https:\/\/fmp-components.com\/es\/wp-json\/wp\/v2\/media\/3186"}],"wp:attachment":[{"href":"https:\/\/fmp-components.com\/es\/wp-json\/wp\/v2\/media?parent=3185"}],"wp:term":[{"taxonomy":"product_brand","embeddable":true,"href":"https:\/\/fmp-components.com\/es\/wp-json\/wp\/v2\/product_brand?post=3185"},{"taxonomy":"product_cat","embeddable":true,"href":"https:\/\/fmp-components.com\/es\/wp-json\/wp\/v2\/product_cat?post=3185"},{"taxonomy":"product_tag","embeddable":true,"href":"https:\/\/fmp-components.com\/es\/wp-json\/wp\/v2\/product_tag?post=3185"}],"curies":[{"name":"gracias","href":"https:\/\/api.w.org\/{rel}","templated":true}]}}