{"id":3170,"date":"2025-01-05T05:15:38","date_gmt":"2025-01-05T05:15:38","guid":{"rendered":"https:\/\/fmp-components.com\/?page_id=8"},"modified":"2025-01-05T05:39:04","modified_gmt":"2025-01-05T05:39:04","slug":"corn-headers-gearbox-replacement-of-comer-code-l170-b","status":"publish","type":"product","link":"https:\/\/fmp-components.com\/es\/product\/corn-headers-gearbox-replacement-of-comer-code-l170-b\/","title":{"rendered":"Caja de engranajes para cabezales de ma\u00edz: reemplazo del c\u00f3digo Comer L170-B"},"content":{"rendered":"<table style=\"border-collapse: collapse; width: 98.8846%;\" border=\"0\" width=\"128\" cellspacing=\"0\" cellpadding=\"0\">\n<tbody>\n<tr style=\"height: 13.8pt;\">\n<td style=\"height: 13.8pt; width: 49.2308%;\" align=\"right\" width=\"64\" height=\"18\"><img loading=\"lazy\" decoding=\"async\" class=\"alignnone size-full wp-image-3171\" src=\"https:\/\/fmp-components.com\/wp-content\/uploads\/2025\/01\/corn-header-gearbox-1.webp\" alt=\"caja de engranajes del cabezal de ma\u00edz\" width=\"500\" height=\"500\" title=\"\" srcset=\"https:\/\/fmp-components.com\/wp-content\/uploads\/2025\/01\/corn-header-gearbox-1.webp 500w, https:\/\/fmp-components.com\/wp-content\/uploads\/2025\/01\/corn-header-gearbox-1-480x480.webp 480w\" sizes=\"(min-width: 0px) and (max-width: 480px) 480px, (min-width: 481px) 500px, 100vw\" \/><\/td>\n<td style=\"width: 646.923%;\" align=\"right\" width=\"64\"><img loading=\"lazy\" decoding=\"async\" class=\"alignnone size-full wp-image-3172\" src=\"https:\/\/fmp-components.com\/wp-content\/uploads\/2025\/01\/corn-header-gearbox-2.webp\" alt=\"caja de engranajes del cabezal de ma\u00edz\" width=\"500\" height=\"500\" title=\"\" srcset=\"https:\/\/fmp-components.com\/wp-content\/uploads\/2025\/01\/corn-header-gearbox-2.webp 500w, https:\/\/fmp-components.com\/wp-content\/uploads\/2025\/01\/corn-header-gearbox-2-480x480.webp 480w\" sizes=\"(min-width: 0px) and (max-width: 480px) 480px, (min-width: 481px) 500px, 100vw\" \/><\/td>\n<\/tr>\n<\/tbody>\n<\/table>\n<h2>Especificaci\u00f3n de la caja de engranajes de los cabezales de ma\u00edz <img loading=\"lazy\" decoding=\"async\" class=\"alignnone size-full wp-image-3174\" src=\"https:\/\/fmp-components.com\/wp-content\/uploads\/2025\/01\/corn-header-gearbox-L170b.webp\" alt=\"caja de engranajes del cabezal de ma\u00edz\" width=\"973\" height=\"575\" title=\"\" srcset=\"https:\/\/fmp-components.com\/wp-content\/uploads\/2025\/01\/corn-header-gearbox-L170b.webp 973w, https:\/\/fmp-components.com\/wp-content\/uploads\/2025\/01\/corn-header-gearbox-L170b-480x284.webp 480w\" sizes=\"(min-width: 0px) and (max-width: 480px) 480px, (min-width: 481px) 973px, 100vw\" \/><\/h2>\n<table style=\"border-collapse: collapse; width: 97.4772%; height: 118px;\" border=\"0\" width=\"128\" cellspacing=\"0\" cellpadding=\"0\">\n<tbody>\n<tr style=\"height: 13.8pt;\">\n<td style=\"height: 13.8pt; width: 42.7173%;\" align=\"right\" width=\"64\" height=\"18\">\n<h2><img loading=\"lazy\" decoding=\"async\" class=\"wp-image-3175 aligncenter\" src=\"https:\/\/fmp-components.com\/wp-content\/uploads\/2025\/01\/mounting.webp\" alt=\"caja de engranajes del cabezal de ma\u00edz\" width=\"362\" height=\"260\" title=\"\" srcset=\"https:\/\/fmp-components.com\/wp-content\/uploads\/2025\/01\/mounting.webp 184w, https:\/\/fmp-components.com\/wp-content\/uploads\/2025\/01\/mounting-18x12.webp 18w\" sizes=\"(max-width: 362px) 100vw, 362px\" \/><\/h2>\n<\/td>\n<td style=\"width: 55.3262%;\" align=\"right\" width=\"64\">\n<h2><img loading=\"lazy\" decoding=\"async\" class=\"wp-image-3176 aligncenter\" src=\"https:\/\/fmp-components.com\/wp-content\/uploads\/2025\/01\/replacement-of-comer-L170B.webp\" alt=\"caja de engranajes del cabezal de ma\u00edz\" width=\"431\" height=\"293\" title=\"\"><\/h2>\n<\/td>\n<\/tr>\n<\/tbody>\n<\/table>\n<h2><\/h2>\n<h2>Caracter\u00edsticas de la caja de engranajes del cabezal de ma\u00edz<\/h2>\n<p>La caja de engranajes del cabezal de ma\u00edz es un componente crucial en la maquinaria de cosecha que se utiliza para cosechar eficientemente los cultivos de ma\u00edz. Proporciona la potencia y la ventaja mec\u00e1nica necesarias para operar el sistema del cabezal, garantizando un rendimiento y una productividad \u00f3ptimos. Estas son algunas de las caracter\u00edsticas clave de una caja de engranajes del cabezal de ma\u00edz:<\/p>\n<p><strong>1. Transmisi\u00f3n de alto par<\/strong><\/p>\n<ul>\n<li>La caja de cambios est\u00e1 dise\u00f1ada para transmitir un alto par desde la toma de fuerza del tractor al cabezal de ma\u00edz. Esto garantiza que las distintas piezas m\u00f3viles del cabezal, como las cadenas de recolecci\u00f3n y las placas desbrozadoras, funcionen con suavidad incluso bajo cargas pesadas.<\/li>\n<\/ul>\n<p><strong>2. Ingenier\u00eda de precisi\u00f3n<\/strong><\/p>\n<ul>\n<li>Las cajas de engranajes de los cabezales de ma\u00edz est\u00e1n dise\u00f1adas con precisi\u00f3n para garantizar un funcionamiento suave y una larga vida \u00fatil. Los componentes est\u00e1n dise\u00f1ados para minimizar el desgaste, garantizando as\u00ed una larga vida \u00fatil y un rendimiento constante.<\/li>\n<\/ul>\n<p><strong>3. Durabilidad y resistencia<\/strong><\/p>\n<ul>\n<li>Estas cajas de engranajes est\u00e1n dise\u00f1adas para soportar las duras condiciones de campo, incluyendo la exposici\u00f3n al polvo, la humedad y las temperaturas extremas. Se utilizan materiales de alta calidad para garantizar que la caja de engranajes pueda soportar las altas exigencias del uso continuo durante las temporadas de cosecha.<\/li>\n<\/ul>\n<p><strong>4. Transferencia de energ\u00eda eficiente<\/strong><\/p>\n<ul>\n<li>Las cajas de engranajes del cabezal de ma\u00edz est\u00e1n dise\u00f1adas para transferir eficientemente la potencia desde el eje de la toma de fuerza del tractor a los componentes del cabezal, minimizando la p\u00e9rdida de energ\u00eda y mejorando la eficiencia del proceso de cosecha.<\/li>\n<\/ul>\n<p><strong>5. Dise\u00f1o compacto y robusto<\/strong><\/p>\n<ul>\n<li>Las cajas de engranajes suelen ser compactas, lo que facilita su integraci\u00f3n en el sistema de cabezal sin a\u00f1adir peso ni volumen excesivos. Su dise\u00f1o robusto garantiza que la caja de engranajes resista el desgaste constante propio del uso agr\u00edcola.<\/li>\n<\/ul>\n<p>En conclusi\u00f3n, la caja de engranajes del cabezal de ma\u00edz est\u00e1 dise\u00f1ada para brindar potencia, precisi\u00f3n y durabilidad en condiciones dif\u00edciles, mejorando la eficiencia general y la confiabilidad del proceso de cosecha de ma\u00edz.<\/p>\n<p><img loading=\"lazy\" decoding=\"async\" class=\"alignnone size-full wp-image-3177\" src=\"https:\/\/fmp-components.com\/wp-content\/uploads\/2025\/01\/Agricultural-Lawnmower-Gearbox-Production-Workshop.webp\" alt=\"caja de engranajes del cabezal de ma\u00edz\" width=\"1200\" height=\"620\" title=\"\" srcset=\"https:\/\/fmp-components.com\/wp-content\/uploads\/2025\/01\/Agricultural-Lawnmower-Gearbox-Production-Workshop.webp 1200w, https:\/\/fmp-components.com\/wp-content\/uploads\/2025\/01\/Agricultural-Lawnmower-Gearbox-Production-Workshop-980x506.webp 980w, https:\/\/fmp-components.com\/wp-content\/uploads\/2025\/01\/Agricultural-Lawnmower-Gearbox-Production-Workshop-480x248.webp 480w\" sizes=\"(min-width: 0px) and (max-width: 480px) 480px, (min-width: 481px) and (max-width: 980px) 980px, (min-width: 981px) 1200px, 100vw\" \/><\/p>\n<h2 data-pm-slice=\"1 1 []\">Ejes de toma de fuerza para caja de engranajes de cabezales de ma\u00edz<\/h2>\n<p>El eje de la toma de fuerza (TDF) es un componente esencial para conectar el sistema de potencia del tractor a la caja de engranajes del cabezal de ma\u00edz. Transmite la potencia mec\u00e1nica del motor del tractor a la caja de engranajes, lo que permite que los diversos mecanismos del cabezal de ma\u00edz funcionen eficazmente durante la cosecha. Estos son los aspectos clave de los ejes de la TDF para las cajas de engranajes del cabezal de ma\u00edz:<\/p>\n<p>1. <strong>Transferencia de potencia<\/strong><\/p>\n<ul>\n<li>El eje de la toma de fuerza (TDF) est\u00e1 dise\u00f1ado para transferir potencia mec\u00e1nica desde la TDF del tractor a la caja de engranajes del cabezal de ma\u00edz. Esta potencia se distribuye a los componentes del cabezal, como las cadenas de recolecci\u00f3n, los sinfines y otras piezas m\u00f3viles que ayudan en la cosecha del ma\u00edz.<\/li>\n<\/ul>\n<p>2. <strong>Alta capacidad de par<\/strong><\/p>\n<ul>\n<li>Los ejes de la toma de fuerza (TDF) para las cajas de engranajes de los cabezales de ma\u00edz est\u00e1n dise\u00f1ados para soportar altas cargas de par. La cosecha de ma\u00edz es una operaci\u00f3n de alta intensidad, por lo que el eje de la TDF debe gestionar una potencia considerable sin fallas. El eje est\u00e1 fabricado con materiales de alta resistencia para garantizar una transferencia de potencia eficiente incluso con cargas pesadas.<\/li>\n<\/ul>\n<p><strong>3. Dise\u00f1o de junta universal<\/strong><\/p>\n<ul>\n<li>El eje de la toma de fuerza est\u00e1 equipado con <strong>juntas universales<\/strong> En ambos extremos, lo que permite transmitir potencia incluso con un ligero \u00e1ngulo o desalineaci\u00f3n entre la salida de la TDF del tractor y la caja de engranajes del cabezal de ma\u00edz. Esta flexibilidad garantiza un funcionamiento suave e ininterrumpido, a la vez que reduce el riesgo de desgaste.<\/li>\n<\/ul>\n<p><strong>4. Durabilidad y longevidad<\/strong><\/p>\n<ul>\n<li>Estos ejes de toma de fuerza est\u00e1n dise\u00f1ados para ser robustos y duraderos, ya que est\u00e1n expuestos a condiciones de campo adversas como suciedad, humedad y estr\u00e9s mec\u00e1nico. Est\u00e1n fabricados con acero de alta calidad y suelen contar con recubrimientos resistentes a la corrosi\u00f3n para prolongar su vida \u00fatil.<\/li>\n<\/ul>\n<p><strong>5. Longitud ajustable<\/strong><\/p>\n<ul>\n<li>La longitud de los ejes de la toma de fuerza se puede ajustar para adaptarse a diferentes tama\u00f1os y configuraciones de equipos. Esta capacidad de ajuste es especialmente \u00fatil al conectar el eje de la toma de fuerza del tractor a diversos modelos de cabezales de ma\u00edz, ya que la longitud de conexi\u00f3n puede variar.<\/li>\n<\/ul>\n<p>Los ejes de toma de fuerza para las cajas de engranajes de los cabezales de ma\u00edz son componentes esenciales que facilitan la transferencia eficiente de potencia del tractor al cabezal. Est\u00e1n dise\u00f1ados para ser duraderos, seguros y vers\u00e1tiles, garantizando un rendimiento confiable y reduciendo el tiempo de inactividad en condiciones de campo exigentes.<\/p>\n<h3>Acerca de FMP<\/h3>\n<p>Con sede en Italia, FMP es un destacado fabricante reconocido por su experiencia en el dise\u00f1o, desarrollo y producci\u00f3n de cajas de engranajes de alto rendimiento, con especial atenci\u00f3n a la maquinaria agr\u00edcola. Conocidos por nuestra ingenier\u00eda de precisi\u00f3n, soluciones innovadoras y fiabilidad inquebrantable, FMP se ha labrado una reputaci\u00f3n de confianza tanto en el sector agr\u00edcola como en el industrial. Nuestra amplia cartera de productos incluye cajas de engranajes dise\u00f1adas a medida para cortac\u00e9spedes, ejes de toma de fuerza y \u200b\u200buna variedad de componentes esenciales, todos cuidadosamente dise\u00f1ados para satisfacer las necesidades espec\u00edficas de diversas aplicaciones.<\/p>\n<p>En FMP, reconocemos que cada cliente enfrenta desaf\u00edos \u00fanicos. Por eso nos especializamos en ofrecer soluciones a medida, ya sea para componentes individuales o para sistemas totalmente integrados. Trabajando estrechamente con nuestros clientes, nos aseguramos de que cada soluci\u00f3n no solo satisfaga sus necesidades, sino que tambi\u00e9n mejore el rendimiento y maximice el valor. Nuestro compromiso con respuestas profesionales y oportunas, as\u00ed como con la asesor\u00eda experta, garantiza que cada consulta se gestione con precisi\u00f3n, brindando siempre resultados \u00f3ptimos.<\/p>\n<p>Priorizamos la comunicaci\u00f3n clara y continua durante todo el ciclo de desarrollo del producto. Nuestro equipo dedicado colabora con los clientes para comprender plenamente sus necesidades y ofrecer informaci\u00f3n y recomendaciones valiosas para lograr los mejores resultados posibles. Ya sea dise\u00f1ando productos de vanguardia o atendiendo pedidos rutinarios, FMP se compromete a ofrecer soluciones de ingenier\u00eda de precisi\u00f3n de alta calidad, puntuales y consistentes. Nuestro objetivo es superar constantemente las expectativas de los clientes, brindando un servicio y resultados excepcionales en cada proyecto.<\/p>\n<p>La calidad es la base de todo lo que hacemos en FMP. Nos adherimos a los m\u00e1s altos est\u00e1ndares de fabricaci\u00f3n e implementamos rigurosos procesos de control de calidad para garantizar que cada producto no solo cumpla, sino que supere, los est\u00e1ndares de la industria. Este compromiso con la excelencia, combinado con nuestros valores fundamentales de integridad, trabajo en equipo y perseverancia, nos ha permitido forjar relaciones duraderas y de confianza con clientes en casi 30 pa\u00edses de todo el mundo.<\/p>\n<p>En FMP, nos esforzamos constantemente por forjar alianzas globales, ofreciendo asesoramiento experto y soluciones personalizadas que aborden las necesidades cambiantes de nuestros clientes. Nuestro objetivo es construir relaciones duraderas y mutuamente beneficiosas que contribuyan al \u00e9xito de cada proyecto. Tanto si busca soluciones innovadoras para una nueva iniciativa como si requiere soporte continuo para un sistema existente, en FMP estamos listos para ayudarle a afrontar los desaf\u00edos t\u00e9cnicos y garantizar su \u00e9xito continuo.<\/p>\n<p><img loading=\"lazy\" decoding=\"async\" class=\"alignnone wp-image-2695\" src=\"https:\/\/fmp-components.com\/wp-content\/uploads\/2025\/01\/agricultural-gearbox3.webp\" alt=\"caja de cambios agr\u00edcola\" width=\"1140\" height=\"1138\" title=\"\" srcset=\"https:\/\/fmp-components.com\/wp-content\/uploads\/2025\/01\/agricultural-gearbox3.webp 1140w, https:\/\/fmp-components.com\/wp-content\/uploads\/2025\/01\/agricultural-gearbox3-480x479.webp 480w\" sizes=\"(min-width: 0px) and (max-width: 480px) 480px, (min-width: 481px) 1140px, 100vw\" \/><\/p>\n<p>Autor: CX<\/p>","protected":false},"excerpt":{"rendered":"<p>Specification of Corn Headers Gearbox Features of Corn Header Gearbox The corn header gearbox is a crucial component in the harvesting machinery used to efficiently harvest corn crops. It provides the necessary power and mechanical advantage to operate the header system, ensuring optimal performance and productivity. Here are some of the key features of a [&hellip;]<\/p>","protected":false},"featured_media":3173,"comment_status":"open","ping_status":"closed","template":"","meta":{"_et_pb_use_builder":"","_et_pb_old_content":"","_et_gb_content_width":""},"product_brand":[],"product_cat":[77],"product_tag":[],"class_list":{"0":"post-3170","1":"product","2":"type-product","3":"status-publish","4":"has-post-thumbnail","6":"product_cat-corn-headers-gearbox","8":"first","9":"instock","10":"shipping-taxable","11":"product-type-simple"},"_links":{"self":[{"href":"https:\/\/fmp-components.com\/es\/wp-json\/wp\/v2\/product\/3170","targetHints":{"allow":["GET"]}}],"collection":[{"href":"https:\/\/fmp-components.com\/es\/wp-json\/wp\/v2\/product"}],"about":[{"href":"https:\/\/fmp-components.com\/es\/wp-json\/wp\/v2\/types\/product"}],"replies":[{"embeddable":true,"href":"https:\/\/fmp-components.com\/es\/wp-json\/wp\/v2\/comments?post=3170"}],"wp:featuredmedia":[{"embeddable":true,"href":"https:\/\/fmp-components.com\/es\/wp-json\/wp\/v2\/media\/3173"}],"wp:attachment":[{"href":"https:\/\/fmp-components.com\/es\/wp-json\/wp\/v2\/media?parent=3170"}],"wp:term":[{"taxonomy":"product_brand","embeddable":true,"href":"https:\/\/fmp-components.com\/es\/wp-json\/wp\/v2\/product_brand?post=3170"},{"taxonomy":"product_cat","embeddable":true,"href":"https:\/\/fmp-components.com\/es\/wp-json\/wp\/v2\/product_cat?post=3170"},{"taxonomy":"product_tag","embeddable":true,"href":"https:\/\/fmp-components.com\/es\/wp-json\/wp\/v2\/product_tag?post=3170"}],"curies":[{"name":"gracias","href":"https:\/\/api.w.org\/{rel}","templated":true}]}}