{"id":3134,"date":"2025-01-05T02:56:27","date_gmt":"2025-01-05T02:56:27","guid":{"rendered":"https:\/\/fmp-components.com\/?page_id=8"},"modified":"2025-01-05T02:56:28","modified_gmt":"2025-01-05T02:56:28","slug":"agricultural-potato-harvester-gearbox-for-harvesting-potato","status":"publish","type":"product","link":"https:\/\/fmp-components.com\/es\/product\/agricultural-potato-harvester-gearbox-for-harvesting-potato\/","title":{"rendered":"Caja de cambios para cosechadora de patatas agr\u00edcolas"},"content":{"rendered":"<p><img loading=\"lazy\" decoding=\"async\" class=\"alignnone size-full wp-image-3135\" src=\"https:\/\/fmp-components.com\/wp-content\/uploads\/2025\/01\/0_Potato-Harvester-Gearbox-6.webp\" alt=\"Caja de cambios de la cosechadora de patatas\" width=\"1534\" height=\"1138\" title=\"\" srcset=\"https:\/\/fmp-components.com\/wp-content\/uploads\/2025\/01\/0_Potato-Harvester-Gearbox-6.webp 1534w, https:\/\/fmp-components.com\/wp-content\/uploads\/2025\/01\/0_Potato-Harvester-Gearbox-6-1280x950.webp 1280w, https:\/\/fmp-components.com\/wp-content\/uploads\/2025\/01\/0_Potato-Harvester-Gearbox-6-980x727.webp 980w, https:\/\/fmp-components.com\/wp-content\/uploads\/2025\/01\/0_Potato-Harvester-Gearbox-6-480x356.webp 480w\" sizes=\"(min-width: 0px) and (max-width: 480px) 480px, (min-width: 481px) and (max-width: 980px) 980px, (min-width: 981px) and (max-width: 1280px) 1280px, (min-width: 1281px) 1534px, 100vw\" \/><\/p>\n<h2>Especificaciones del producto:<\/h2>\n<p>&nbsp;<\/p>\n<table border=\"1\" width=\"100%\" cellspacing=\"0\" cellpadding=\"0\">\n<tbody>\n<tr>\n<td width=\"193\">Nombre del producto<\/td>\n<td width=\"461\">Caja de engranajes de la cosechadora de patatas<\/td>\n<\/tr>\n<tr>\n<td>Material<\/td>\n<td>Hierro<\/td>\n<\/tr>\n<tr>\n<td>Tipo<\/td>\n<td>FMP-LLTC-14<\/td>\n<\/tr>\n<tr>\n<td>Color<\/td>\n<td>Personalizaci\u00f3n<\/td>\n<\/tr>\n<tr>\n<td>Potencia nominal<\/td>\n<td>15 kW<\/td>\n<\/tr>\n<tr>\n<td>Relaci\u00f3n<\/td>\n<td>1:3.92<\/td>\n<\/tr>\n<tr>\n<td>Garant\u00eda<\/td>\n<td>Un a\u00f1o y medio<\/td>\n<\/tr>\n<tr>\n<td>Usado<\/td>\n<td>Cosechadora de patatas<\/td>\n<\/tr>\n<\/tbody>\n<\/table>\n<h2>Ventajas de la caja de engranajes de la cosechadora de patatas<\/h2>\n<p>La caja de engranajes de la cosechadora de patatas es un componente vital de la maquinaria agr\u00edcola moderna, ya que ofrece diversas ventajas que mejoran el rendimiento, la eficiencia y la durabilidad de las operaciones de cosecha. A continuaci\u00f3n, se presentan algunas de las principales ventajas de usar una caja de engranajes:<\/p>\n<p><strong>1. Transmisi\u00f3n de potencia optimizada<\/strong><\/p>\n<ul>\n<li>Las cajas de engranajes de las cosechadoras de patatas est\u00e1n dise\u00f1adas para transferir eficientemente la potencia desde la toma de fuerza (TDF) del tractor a los diversos componentes de la cosechadora. Esto garantiza un funcionamiento suave y un rendimiento constante, especialmente al manipular cargas pesadas en condiciones de campo dif\u00edciles.<\/li>\n<\/ul>\n<p><strong>2. Mayor durabilidad<\/strong><\/p>\n<ul>\n<li>Dise\u00f1adas para soportar entornos agr\u00edcolas rigurosos, las cajas de engranajes de las cosechadoras de patatas est\u00e1n dise\u00f1adas para una alta durabilidad. El uso de materiales de alta resistencia y la fabricaci\u00f3n de precisi\u00f3n garantizan que soporten el estr\u00e9s y la tensi\u00f3n del funcionamiento continuo en el campo, reduciendo el riesgo de aver\u00edas y prolongando la vida \u00fatil de la m\u00e1quina.<\/li>\n<\/ul>\n<p><strong>3. Precisi\u00f3n y eficiencia<\/strong><\/p>\n<ul>\n<li>La caja de engranajes de una cosechadora de patatas est\u00e1 dise\u00f1ada para proporcionar un control preciso de los diversos mecanismos que intervienen en la cosecha, como la excavaci\u00f3n, la separaci\u00f3n y el transporte de las patatas. Al optimizar la velocidad de rotaci\u00f3n y el par, la caja de engranajes ayuda a mantener un funcionamiento eficiente, evitando p\u00e9rdidas y garantizando una cosecha de patatas con el m\u00ednimo da\u00f1o.<\/li>\n<\/ul>\n<p><strong>4. Mantenimiento rentable<\/strong><\/p>\n<ul>\n<li>Las cajas de engranajes de las cosechadoras de papa est\u00e1n dise\u00f1adas para facilitar su mantenimiento, lo que ayuda a reducir los costos operativos generales. Con un cuidado y mantenimiento adecuados, estas cajas de engranajes pueden durar m\u00e1s, lo que reduce la necesidad de reemplazos frecuentes. Su dise\u00f1o modular tambi\u00e9n facilita las reparaciones, minimizando as\u00ed el tiempo de inactividad durante la temporada de cosecha.<\/li>\n<\/ul>\n<p><strong>5. Versatilidad y adaptabilidad<\/strong><\/p>\n<ul>\n<li>Muchas cajas de engranajes para cosechadoras de patatas est\u00e1n dise\u00f1adas para ser vers\u00e1tiles, adapt\u00e1ndose a diversos modelos de cosechadoras y a diferentes condiciones de campo. Esta flexibilidad garantiza su uso en m\u00faltiples operaciones, ofreciendo valor a agricultores con diversas necesidades.<\/li>\n<\/ul>\n<p>Al elegir cajas de engranajes de alta calidad para cosechadoras de papa, los agricultores pueden maximizar la productividad, reducir los costos operativos y garantizar la longevidad de sus equipos. La caja de engranajes es esencial para garantizar operaciones fluidas y eficientes durante toda la temporada de cosecha.<\/p>\n<table style=\"border-collapse: collapse; width: 100.404%; height: 407px;\" border=\"0\" width=\"128\" cellspacing=\"0\" cellpadding=\"0\">\n<tbody>\n<tr style=\"height: 13.8pt;\">\n<td style=\"height: 13.8pt; width: 40.9032%;\" align=\"right\" width=\"64\" height=\"18\"><img loading=\"lazy\" decoding=\"async\" class=\"alignnone size-full wp-image-3137\" src=\"https:\/\/fmp-components.com\/wp-content\/uploads\/2025\/01\/0_Potato-Harvester-Gearbox-22.webp\" alt=\"Caja de cambios de la cosechadora de patatas\" width=\"800\" height=\"800\" title=\"\" srcset=\"https:\/\/fmp-components.com\/wp-content\/uploads\/2025\/01\/0_Potato-Harvester-Gearbox-22.webp 800w, https:\/\/fmp-components.com\/wp-content\/uploads\/2025\/01\/0_Potato-Harvester-Gearbox-22-480x480.webp 480w\" sizes=\"(min-width: 0px) and (max-width: 480px) 480px, (min-width: 481px) 800px, 100vw\" \/><\/td>\n<td style=\"width: 58.9782%;\" align=\"right\" width=\"64\"><img loading=\"lazy\" decoding=\"async\" class=\"alignnone  wp-image-3136\" src=\"https:\/\/fmp-components.com\/wp-content\/uploads\/2025\/01\/0_Potato-Harvester-Gearbox-7.webp\" alt=\"Caja de cambios de la cosechadora de patatas\" width=\"547\" height=\"376\" title=\"\" srcset=\"https:\/\/fmp-components.com\/wp-content\/uploads\/2025\/01\/0_Potato-Harvester-Gearbox-7.webp 547w, https:\/\/fmp-components.com\/wp-content\/uploads\/2025\/01\/0_Potato-Harvester-Gearbox-7-480x330.webp 480w\" sizes=\"(min-width: 0px) and (max-width: 480px) 480px, (min-width: 481px) 547px, 100vw\" \/><\/td>\n<\/tr>\n<\/tbody>\n<\/table>\n<h2>Principio de funcionamiento de la caja de engranajes de la cosechadora de patatas accionada por la toma de fuerza del tractor<\/h2>\n<p>La caja de cambios de una cosechadora de patatas accionada por TDF desempe\u00f1a un papel crucial en la eficiente transferencia de potencia desde el sistema de toma de fuerza (TDF) del tractor a los diversos mecanismos involucrados en la cosecha. La caja de cambios garantiza el rendimiento \u00f3ptimo de la cosechadora regulando y distribuyendo la potencia a las diferentes partes de la m\u00e1quina, lo que permite un funcionamiento suave, eficiente y fiable. A continuaci\u00f3n, se presenta un resumen del principio de funcionamiento de la caja de cambios de una cosechadora de patatas accionada por TDF:<\/p>\n<p><strong>1. Transferencia de potencia del tractor a la caja de cambios<\/strong><\/p>\n<ul>\n<li>Acoplamiento de la toma de fuerza: El proceso comienza con la transmisi\u00f3n de la potencia del motor del tractor a trav\u00e9s de la toma de fuerza. El sistema de toma de fuerza del tractor genera potencia mec\u00e1nica (par rotatorio) y la transfiere a trav\u00e9s de la toma de fuerza conectada a la caja de cambios de la cosechadora.<\/li>\n<li>Entrada de rotaci\u00f3n: Mientras el motor del tractor est\u00e1 en marcha, la toma de fuerza gira a una velocidad fija (normalmente entre 540 y 1000 RPM, seg\u00fan el tractor). Esta potencia rotacional se introduce en la caja de engranajes, donde se procesa y se redistribuye a los distintos componentes de la cosechadora de patatas.<\/li>\n<\/ul>\n<p><strong>2. Distribuci\u00f3n de potencia de la caja de cambios<\/strong><\/p>\n<ul>\n<li>Reducci\u00f3n y control de velocidad: La funci\u00f3n principal de la caja de cambios es reducir la velocidad de rotaci\u00f3n de la toma de fuerza (TDF) a un nivel adecuado para los mecanismos de trabajo de la cosechadora. La TDF del tractor generalmente opera a velocidades m\u00e1s altas (p. ej., 540 RPM), pero diversas funciones de la cosechadora, como los sistemas de excavaci\u00f3n, limpieza y transporte, requieren velocidades m\u00e1s bajas. La caja de cambios utiliza una combinaci\u00f3n de engranajes (como planetarios, c\u00f3nicos o helicoidales) para reducir la velocidad de entrada y garantizar que cada componente funcione a la velocidad correcta.<\/li>\n<li>Multiplicaci\u00f3n de par: Adem\u00e1s de la reducci\u00f3n de velocidad, la caja de cambios suele multiplicar el par para proporcionar la potencia necesaria para excavar, levantar y separar las patatas del suelo. Este aumento de par es esencial para impulsar los sistemas mec\u00e1nicos de la cosechadora, especialmente al trabajar en suelos dif\u00edciles.<\/li>\n<\/ul>\n<p><strong>3. Transmisi\u00f3n de potencia a diversos componentes<\/strong><\/p>\n<ul>\n<li>Mecanismo de excavaci\u00f3n: La caja de engranajes transmite potencia a los componentes de excavaci\u00f3n, que consisten en un conjunto de cuchillas giratorias o puntas de arado que aflojan la tierra y extraen las patatas. El movimiento de rotaci\u00f3n se transmite generalmente mediante un sistema de cadena, correa o eje.<\/li>\n<li>Sistema transportador: La potencia de la caja de engranajes tambi\u00e9n impulsa la cinta transportadora o elevador, que transporta las patatas cosechadas desde el suelo hasta los sistemas de limpieza y separaci\u00f3n. El sistema transportador requiere una transmisi\u00f3n de potencia constante y eficiente para mover las patatas sin da\u00f1arlas.<\/li>\n<li>Mecanismo de separaci\u00f3n y limpieza: La caja de engranajes acciona el sistema de limpieza, que suele incluir tamices vibratorios o tambores giratorios que separan la tierra, las piedras y los residuos de las patatas. Esto garantiza que solo se recojan patatas limpias para su almacenamiento o transporte.<\/li>\n<li>Sistemas adicionales: Dependiendo del modelo de la cosechadora, la caja de cambios tambi\u00e9n puede accionar otros sistemas como mecanismos de elevaci\u00f3n, equipos de cribado de suelo o herramientas auxiliares dise\u00f1adas para mejorar la eficiencia general de la cosecha.<\/li>\n<\/ul>\n<p><strong>4. Control de velocidad variable (si corresponde)<\/strong><\/p>\n<ul>\n<li>Algunas cajas de engranajes avanzadas para cosechadoras de papas incluyen control de velocidad variable, que permite a los operadores ajustar la velocidad de componentes espec\u00edficos (por ejemplo, cintas transportadoras o mecanismos de excavaci\u00f3n) para adaptarse a las diferentes condiciones del campo. Esta funci\u00f3n optimiza el funcionamiento de la cosechadora al proporcionar un mayor control sobre el rendimiento, garantizando la m\u00e1xima eficiencia en diferentes tipos de suelo y condiciones del campo.<\/li>\n<\/ul>\n<p><strong>5. Eficiencia y sincronizaci\u00f3n<\/strong><\/p>\n<ul>\n<li>La caja de cambios garantiza que todos los componentes de la cosechadora de patatas funcionen en perfecta sincronizaci\u00f3n, lo que permite que la m\u00e1quina alcance su m\u00e1xima eficiencia. Al ajustar el par y la velocidad de rotaci\u00f3n de los diferentes componentes, la caja de cambios garantiza un equilibrio y una eficiencia en los procesos de excavaci\u00f3n, transporte y limpieza, minimizando la p\u00e9rdida de energ\u00eda y optimizando el consumo de combustible.<\/li>\n<\/ul>\n<p>En esencia, el principio de funcionamiento de la caja de cambios de la cosechadora de patatas accionada por TDF se basa en convertir de manera eficiente la salida de la TDF de alta velocidad del tractor en la potencia controlada y confiable necesaria para las diversas funciones de cosecha, optimizando as\u00ed el rendimiento general de la m\u00e1quina.<\/p>\n<p><img loading=\"lazy\" decoding=\"async\" class=\"size-full wp-image-3138 aligncenter\" src=\"https:\/\/fmp-components.com\/wp-content\/uploads\/2025\/01\/0_Potato-Harvester-Gearbox-23.webp\" alt=\"Caja de cambios de la cosechadora de patatas\" width=\"800\" height=\"800\" title=\"\" srcset=\"https:\/\/fmp-components.com\/wp-content\/uploads\/2025\/01\/0_Potato-Harvester-Gearbox-23.webp 800w, https:\/\/fmp-components.com\/wp-content\/uploads\/2025\/01\/0_Potato-Harvester-Gearbox-23-480x480.webp 480w\" sizes=\"(min-width: 0px) and (max-width: 480px) 480px, (min-width: 481px) 800px, 100vw\" \/><\/p>\n<h3>Acerca de FMP<\/h3>\n<p>Con sede en Italia, FMP es un fabricante l\u00edder especializado en el dise\u00f1o, desarrollo y producci\u00f3n de cajas de engranajes de alto rendimiento, con un enfoque principal en el sector de la maquinaria agr\u00edcola. Reconocido por su ingenier\u00eda de precisi\u00f3n, soluciones innovadoras y fiabilidad inquebrantable, FMP se ha forjado una s\u00f3lida reputaci\u00f3n como socio de confianza tanto en el mercado agr\u00edcola como en el industrial. Nuestra amplia cartera de productos incluye cajas de engranajes dise\u00f1adas a medida para cortac\u00e9spedes, ejes de toma de fuerza y \u200b\u200buna variedad de componentes esenciales, cada uno meticulosamente dise\u00f1ado para satisfacer las necesidades espec\u00edficas de cada aplicaci\u00f3n.<\/p>\n<p>En FMP, reconocemos que cada cliente se enfrenta a retos distintos. Esta perspectiva impulsa nuestro compromiso de ofrecer soluciones a medida, ya sea para componentes individuales o para sistemas totalmente integrados. Gracias a nuestra estrecha colaboraci\u00f3n con nuestros clientes, garantizamos que cada soluci\u00f3n no solo satisfaga sus necesidades espec\u00edficas, sino que tambi\u00e9n mejore el rendimiento y maximice el valor. Nuestro enfoque en respuestas r\u00e1pidas y profesionales, as\u00ed como en la orientaci\u00f3n experta, garantiza que cada consulta se aborde con precisi\u00f3n, garantizando siempre los mejores resultados.<\/p>\n<p>Priorizamos la comunicaci\u00f3n continua y transparente durante todo el proceso de desarrollo de productos. Nuestro equipo especializado trabaja en estrecha colaboraci\u00f3n con nuestros clientes para comprender a fondo sus necesidades y brindar informaci\u00f3n y recomendaciones valiosas para lograr resultados \u00f3ptimos. Ya sea desarrollando productos de vanguardia o atendiendo pedidos rutinarios, FMP se compromete a entregar soluciones de alta calidad y precisi\u00f3n, puntualmente y sin concesiones. Nuestra misi\u00f3n es superar constantemente las expectativas de nuestros clientes, ofreciendo un servicio excepcional y resultados excepcionales en cada proyecto.<\/p>\n<p>La calidad es la piedra angular de las operaciones de FMP. Nos adherimos a los m\u00e1s altos est\u00e1ndares de fabricaci\u00f3n y aplicamos rigurosos controles de calidad para garantizar que cada producto no solo cumpla, sino que supere los est\u00e1ndares de la industria. Este firme compromiso con la excelencia, combinado con nuestros valores fundamentales de integridad, trabajo en equipo y perseverancia, nos ha permitido establecer relaciones duraderas y de confianza con clientes en casi 30 pa\u00edses de todo el mundo.<\/p>\n<p>En FMP, nos esforzamos constantemente por fomentar alianzas globales, ofreciendo asesoramiento experto y soluciones personalizadas que aborden las necesidades cambiantes de nuestros clientes. Nos dedicamos a construir relaciones duraderas y mutuamente beneficiosas que contribuyan al \u00e9xito de cada proyecto. Ya sea que necesite soluciones innovadoras para una nueva iniciativa o soporte continuo para un sistema existente, en FMP estamos listos para ayudarle a superar los desaf\u00edos t\u00e9cnicos y garantizar su \u00e9xito continuo.<\/p>\n<p><img loading=\"lazy\" decoding=\"async\" class=\"alignnone wp-image-2695\" src=\"https:\/\/fmp-components.com\/wp-content\/uploads\/2025\/01\/agricultural-gearbox3.webp\" alt=\"caja de cambios agr\u00edcola\" width=\"1140\" height=\"1138\" title=\"\" srcset=\"https:\/\/fmp-components.com\/wp-content\/uploads\/2025\/01\/agricultural-gearbox3.webp 1140w, https:\/\/fmp-components.com\/wp-content\/uploads\/2025\/01\/agricultural-gearbox3-480x479.webp 480w\" sizes=\"(min-width: 0px) and (max-width: 480px) 480px, (min-width: 481px) 1140px, 100vw\" \/><\/p>\n<p>Autor: CX<\/p>","protected":false},"excerpt":{"rendered":"<p>Product Specifications: &nbsp; Product Name Potato Harvester Gearbox Material Iron Type FMP-LLTC-14 Color Customization Rated Power 15KW Ratio 1:3.92 Warranty One and half year Used Potato harvester Advantages of Potato Harvester Gearbox The potato harvester gearbox is a vital component in modern agricultural machinery, providing several benefits that enhance the performance, efficiency, and durability of [&hellip;]<\/p>","protected":false},"featured_media":3139,"comment_status":"open","ping_status":"closed","template":"","meta":{"_et_pb_use_builder":"","_et_pb_old_content":"","_et_gb_content_width":""},"product_brand":[],"product_cat":[75],"product_tag":[],"class_list":{"0":"post-3134","1":"product","2":"type-product","3":"status-publish","4":"has-post-thumbnail","6":"product_cat-potato-harvester-gearbox","8":"first","9":"instock","10":"shipping-taxable","11":"product-type-simple"},"_links":{"self":[{"href":"https:\/\/fmp-components.com\/es\/wp-json\/wp\/v2\/product\/3134","targetHints":{"allow":["GET"]}}],"collection":[{"href":"https:\/\/fmp-components.com\/es\/wp-json\/wp\/v2\/product"}],"about":[{"href":"https:\/\/fmp-components.com\/es\/wp-json\/wp\/v2\/types\/product"}],"replies":[{"embeddable":true,"href":"https:\/\/fmp-components.com\/es\/wp-json\/wp\/v2\/comments?post=3134"}],"wp:featuredmedia":[{"embeddable":true,"href":"https:\/\/fmp-components.com\/es\/wp-json\/wp\/v2\/media\/3139"}],"wp:attachment":[{"href":"https:\/\/fmp-components.com\/es\/wp-json\/wp\/v2\/media?parent=3134"}],"wp:term":[{"taxonomy":"product_brand","embeddable":true,"href":"https:\/\/fmp-components.com\/es\/wp-json\/wp\/v2\/product_brand?post=3134"},{"taxonomy":"product_cat","embeddable":true,"href":"https:\/\/fmp-components.com\/es\/wp-json\/wp\/v2\/product_cat?post=3134"},{"taxonomy":"product_tag","embeddable":true,"href":"https:\/\/fmp-components.com\/es\/wp-json\/wp\/v2\/product_tag?post=3134"}],"curies":[{"name":"gracias","href":"https:\/\/api.w.org\/{rel}","templated":true}]}}