{"id":3129,"date":"2025-01-05T02:44:39","date_gmt":"2025-01-05T02:44:39","guid":{"rendered":"https:\/\/fmp-components.com\/?page_id=8"},"modified":"2025-01-05T02:44:39","modified_gmt":"2025-01-05T02:44:39","slug":"grain-auger-gearbox-fmp-2390-for-agricultural-grain-storage-and-transportation","status":"publish","type":"product","link":"https:\/\/fmp-components.com\/es\/product\/grain-auger-gearbox-fmp-2390-for-agricultural-grain-storage-and-transportation\/","title":{"rendered":"Caja de engranajes para sinf\u00edn de granos FMP-2390 para almacenamiento y transporte de granos agr\u00edcolas"},"content":{"rendered":"<h2>Especificaciones de la caja de engranajes del sinf\u00edn de granos FMP-2390<\/h2>\n<p><img loading=\"lazy\" decoding=\"async\" class=\"alignnone size-full wp-image-3131\" src=\"https:\/\/fmp-components.com\/wp-content\/uploads\/2025\/01\/Grain-Auger-Gearbox-EP-2390-Dimension.webp\" alt=\"Caja de engranajes del sinf\u00edn de grano EP-2390-Dimension\" width=\"1534\" height=\"1064\" title=\"\" srcset=\"https:\/\/fmp-components.com\/wp-content\/uploads\/2025\/01\/Grain-Auger-Gearbox-EP-2390-Dimension.webp 1534w, https:\/\/fmp-components.com\/wp-content\/uploads\/2025\/01\/Grain-Auger-Gearbox-EP-2390-Dimension-1280x888.webp 1280w, https:\/\/fmp-components.com\/wp-content\/uploads\/2025\/01\/Grain-Auger-Gearbox-EP-2390-Dimension-980x680.webp 980w, https:\/\/fmp-components.com\/wp-content\/uploads\/2025\/01\/Grain-Auger-Gearbox-EP-2390-Dimension-480x333.webp 480w\" sizes=\"(min-width: 0px) and (max-width: 480px) 480px, (min-width: 481px) and (max-width: 980px) 980px, (min-width: 981px) and (max-width: 1280px) 1280px, (min-width: 1281px) 1534px, 100vw\" \/><\/p>\n<table style=\"width: 95.8687%; height: 220px;\" border=\"1\" cellspacing=\"0\" cellpadding=\"0\">\n<tbody>\n<tr class=\"firstRow\">\n<td>Nombre del producto<\/td>\n<td>Caja de engranajes del sinf\u00edn de grano FMP-2390<\/td>\n<\/tr>\n<tr>\n<td>Material<\/td>\n<td>Carcasa como HT250, eje como 20CrMnTi<\/td>\n<\/tr>\n<tr>\n<td>Color<\/td>\n<td>Oscuro o rojo o como se personaliza<\/td>\n<\/tr>\n<tr>\n<td>Tipo<\/td>\n<td>Engranaje c\u00f3nico<\/td>\n<\/tr>\n<tr>\n<td>Relaci\u00f3n<\/td>\n<td>1:1<\/td>\n<\/tr>\n<tr>\n<td>Cojinete<\/td>\n<td>QC o C&amp;U o NTN<\/td>\n<\/tr>\n<tr>\n<td>Garant\u00eda<\/td>\n<td>un a\u00f1o y medio<\/td>\n<\/tr>\n<tr>\n<td>Usado<\/td>\n<td>almacenamiento de granos<\/td>\n<\/tr>\n<\/tbody>\n<\/table>\n<h3>Aplicaciones de la caja de engranajes de sinf\u00edn para el almacenamiento y transporte de granos<\/h3>\n<p>Las cajas de engranajes de los sinfines de grano desempe\u00f1an un papel fundamental en el movimiento y la manipulaci\u00f3n eficientes de los granos durante los procesos de almacenamiento y transporte. Las siguientes son aplicaciones clave de las cajas de engranajes de los sinfines de grano en estos sectores:<\/p>\n<ol>\n<li><strong>Silos de almacenamiento de granos:<\/strong>\n<ul>\n<li><strong>Elevadores de granos:<\/strong> La caja de engranajes acciona los sinfines utilizados en los elevadores de grano, elevando el grano a diferentes niveles de almacenamiento dentro de los silos. El movimiento eficiente del grano es esencial para evitar aglomeraciones o da\u00f1os, garantizando as\u00ed condiciones \u00f3ptimas de almacenamiento.<\/li>\n<li><strong>Sistemas de descarga:<\/strong> Las cajas de engranajes de sinf\u00edn son esenciales para la descarga de grano desde los silos de almacenamiento a camiones, cintas transportadoras u otros sistemas de transporte. Su precisi\u00f3n garantiza un flujo de grano fluido y constante, evitando bloqueos y retrasos.<\/li>\n<\/ul>\n<\/li>\n<li><strong>Instalaciones de manipulaci\u00f3n de granos:<\/strong>\n<ul>\n<li><strong>Sistemas transportadores:<\/strong> En las instalaciones de manejo de granos, se utilizan cajas de engranajes de sinf\u00edn para impulsar los transportadores de tornillo que desplazan el grano por las distintas secciones de la planta de procesamiento. Garantizan un transporte r\u00e1pido del grano entre las \u00e1reas de almacenamiento, limpieza y molienda.<\/li>\n<li><strong>Sistemas de secado:<\/strong> Las cajas de engranajes para sinfines de grano se utilizan en sistemas de secado, donde los sinfines mueven el grano a trav\u00e9s de las c\u00e1maras de secado, lo que permite un flujo de aire constante y reduce la humedad. Esto garantiza que el grano se mantenga en \u00f3ptimas condiciones para su almacenamiento a largo plazo.<\/li>\n<\/ul>\n<\/li>\n<li><strong>Transporte de granos al mercado:<\/strong>\n<ul>\n<li><strong>Carga de cami\u00f3n:<\/strong> Las cajas de engranajes de sinf\u00edn son esenciales en las estaciones de carga de camiones, donde se utilizan para transportar el grano desde las instalaciones de almacenamiento o los silos a los camiones para su posterior distribuci\u00f3n. La caja de engranajes garantiza una transferencia de grano fluida, r\u00e1pida y controlada.<\/li>\n<li><strong>Manejo de granos a granel:<\/strong> En instalaciones que manejan granos a granel a gran escala, los reductores sinf\u00edn proporcionan el torque necesario para transportar el grano de manera eficiente, minimizando derrames y desperdicios y maximizando el rendimiento.<\/li>\n<\/ul>\n<\/li>\n<li><strong>Procesamiento y molienda de granos:<\/strong>\n<ul>\n<li><strong>Sistemas de limpieza:<\/strong> Los sinfines de grano accionados por cajas de engranajes se utilizan en sistemas de limpieza para mover el grano a trav\u00e9s de diversas m\u00e1quinas de tamizado, clasificaci\u00f3n y separaci\u00f3n. Estos sinfines ayudan a eliminar los residuos no deseados y garantizan que el grano est\u00e9 listo para la molienda o su posterior procesamiento.<\/li>\n<li><strong>Unidades de fresado:<\/strong> Los reductores de sinf\u00edn tambi\u00e9n facilitan el transporte de grano a trav\u00e9s de las unidades de molienda, donde se muele para obtener harina o se procesa para otros usos. Permiten la alimentaci\u00f3n constante de grano a los molinos o trituradoras.<\/li>\n<\/ul>\n<\/li>\n<li><strong>Uso en la granja:<\/strong>\n<ul>\n<li><strong>Barrenas agr\u00edcolas:<\/strong> Para el transporte de grano desde las cosechadoras hasta los silos de almacenamiento o remolques, las cajas de engranajes de sinf\u00edn se utilizan com\u00fanmente en las granjas. Estas cajas proporcionan el par y el control necesarios a los sinfines, lo que los hace eficaces para la transferencia de grano durante las temporadas de cosecha.<\/li>\n<li><strong>Sistemas de tolvas para granos:<\/strong> Las cajas de engranajes sinf\u00edn en los silos de granos facilitan el movimiento del grano a diferentes \u00e1reas de la granja o instalaciones de almacenamiento, garantizando que los granos no se da\u00f1en durante el proceso de transferencia.<\/li>\n<\/ul>\n<\/li>\n<\/ol>\n<p>Al utilizar cajas de engranajes para sinfines de granos, las instalaciones agr\u00edcolas y de almacenamiento pueden agilizar las operaciones, reducir los costos operativos y mantener altos est\u00e1ndares de calidad de granos.<\/p>\n<p><img loading=\"lazy\" decoding=\"async\" class=\"size-full wp-image-3132 aligncenter\" src=\"https:\/\/fmp-components.com\/wp-content\/uploads\/2025\/01\/Grain-Transportation-Gearbox-5.webp\" alt=\"Caja de cambios para transporte de granos 5\" width=\"800\" height=\"800\" title=\"\" srcset=\"https:\/\/fmp-components.com\/wp-content\/uploads\/2025\/01\/Grain-Transportation-Gearbox-5.webp 800w, https:\/\/fmp-components.com\/wp-content\/uploads\/2025\/01\/Grain-Transportation-Gearbox-5-480x480.webp 480w\" sizes=\"(min-width: 0px) and (max-width: 480px) 480px, (min-width: 481px) 800px, 100vw\" \/><\/p>\n<h2>Componentes clave de la caja de engranajes del sinf\u00edn de granos<\/h2>\n<p>La caja de engranajes del sinf\u00edn de granos es un componente esencial en los sistemas agr\u00edcolas y de almacenamiento, ya que garantiza el movimiento eficiente del grano a trav\u00e9s de diversos procesos, como el transporte, el almacenamiento y la molienda. Los componentes clave de una caja de engranajes del sinf\u00edn de granos est\u00e1n dise\u00f1ados para brindar durabilidad, rendimiento y eficiencia. Estos son los componentes principales:<\/p>\n<ol>\n<li><strong>Carcasa (carcasa de la caja de cambios):<\/strong>\n<ul>\n<li>La carcasa exterior protege los componentes internos de la caja de engranajes. Fabricada generalmente con materiales de alta resistencia, como hierro fundido o acero duradero, garantiza que la caja de engranajes resista las duras condiciones de los entornos agr\u00edcolas, incluyendo la exposici\u00f3n al polvo, la humedad y las temperaturas extremas.<\/li>\n<\/ul>\n<\/li>\n<li><strong>Eje de entrada:<\/strong>\n<ul>\n<li>El eje de entrada es el componente que recibe la potencia de la fuente de accionamiento (p. ej., un motor el\u00e9ctrico, la toma de fuerza de un tractor o un motor). Transfiere el movimiento de rotaci\u00f3n a la caja de engranajes, que a su vez se transmite al mecanismo del sinf\u00edn. El eje de entrada est\u00e1 dise\u00f1ado para soportar altas velocidades de rotaci\u00f3n y cargas de par.<\/li>\n<\/ul>\n<\/li>\n<li><strong>Eje de salida:<\/strong>\n<ul>\n<li>El eje de salida est\u00e1 conectado al sinf\u00edn y transmite el movimiento de rotaci\u00f3n generado por la caja de engranajes al propio sinf\u00edn. Desempe\u00f1a un papel vital para garantizar el correcto funcionamiento del sinf\u00edn y el transporte del grano. El eje de salida suele estar dise\u00f1ado con rodamientos de alta resistencia para soportar la carga y evitar el desgaste durante largas horas de funcionamiento.<\/li>\n<\/ul>\n<\/li>\n<li><strong>Engranajes:<\/strong>\n<ul>\n<li>Los engranajes dentro de la caja de engranajes son los componentes principales responsables de convertir el par y la velocidad de entrada en la salida deseada. Los tipos comunes de engranajes utilizados en las cajas de engranajes de los sinfines de grano incluyen:\n<ul>\n<li><strong>Engranajes helicoidales:<\/strong> Proporciona un funcionamiento suave y silencioso con una eficiencia mejorada.<\/li>\n<li><strong>Engranajes rectos:<\/strong> M\u00e1s simples y rentables, pero normalmente m\u00e1s ruidosos que los engranajes helicoidales.<\/li>\n<li><strong>Engranajes c\u00f3nicos:<\/strong> Se utiliza para cambiar la direcci\u00f3n de rotaci\u00f3n, com\u00fanmente se encuentra en cajas de engranajes de \u00e1ngulo recto.<\/li>\n<\/ul>\n<\/li>\n<li>La elecci\u00f3n del tipo de engranaje depende del par, la velocidad y la durabilidad requeridos.<\/li>\n<\/ul>\n<\/li>\n<li><strong>Aspectos:<\/strong>\n<ul>\n<li>Los rodamientos soportan los ejes giratorios dentro de la caja de engranajes, minimizando la fricci\u00f3n y garantizando un funcionamiento suave. Son fundamentales para mantener la estabilidad y reducir el desgaste, especialmente bajo cargas pesadas. Se eligen rodamientos de alta calidad para prolongar la vida \u00fatil de la caja de engranajes y reducir la necesidad de mantenimiento.<\/li>\n<\/ul>\n<\/li>\n<\/ol>\n<p>Los componentes clave de la caja de engranajes de un sinf\u00edn de granos trabajan en conjunto para brindar un rendimiento eficiente y confiable en el manejo y transporte de granos. La selecci\u00f3n, el mantenimiento y la lubricaci\u00f3n adecuados de estos componentes son esenciales para garantizar un funcionamiento \u00f3ptimo y una larga vida \u00fatil, lo que convierte a la caja de engranajes de un sinf\u00edn de granos en un componente vital de las operaciones agr\u00edcolas y de almacenamiento modernas.<\/p>\n<p><img loading=\"lazy\" decoding=\"async\" class=\"alignnone size-full wp-image-3133\" src=\"https:\/\/fmp-components.com\/wp-content\/uploads\/2025\/01\/Grain-Transportation-Gearbox-6.webp\" alt=\"Caja de cambios para transporte de granos 6\" width=\"1534\" height=\"1286\" title=\"\" srcset=\"https:\/\/fmp-components.com\/wp-content\/uploads\/2025\/01\/Grain-Transportation-Gearbox-6.webp 1534w, https:\/\/fmp-components.com\/wp-content\/uploads\/2025\/01\/Grain-Transportation-Gearbox-6-1280x1073.webp 1280w, https:\/\/fmp-components.com\/wp-content\/uploads\/2025\/01\/Grain-Transportation-Gearbox-6-980x822.webp 980w, https:\/\/fmp-components.com\/wp-content\/uploads\/2025\/01\/Grain-Transportation-Gearbox-6-480x402.webp 480w\" sizes=\"(min-width: 0px) and (max-width: 480px) 480px, (min-width: 481px) and (max-width: 980px) 980px, (min-width: 981px) and (max-width: 1280px) 1280px, (min-width: 1281px) 1534px, 100vw\" \/><\/p>\n<h2>Acerca de FMP<\/h2>\n<p>Con sede en Italia, FMP es un fabricante l\u00edder reconocido por su experiencia en el dise\u00f1o, desarrollo y producci\u00f3n de cajas de engranajes de alto rendimiento, con un enfoque principal en el sector de la maquinaria agr\u00edcola. Conocido por su ingenier\u00eda de precisi\u00f3n, soluciones innovadoras y una fiabilidad inquebrantable, FMP se ha consolidado como un socio de confianza tanto en el mercado agr\u00edcola como en el industrial. Nuestra completa cartera incluye cajas de engranajes dise\u00f1adas a medida para cortac\u00e9spedes, ejes de toma de fuerza y \u200b\u200buna amplia gama de componentes esenciales, todos meticulosamente dise\u00f1ados para satisfacer las necesidades espec\u00edficas de diversas aplicaciones.<\/p>\n<p>En FMP, comprendemos que cada cliente se enfrenta a retos \u00fanicos. Por eso nos especializamos en ofrecer soluciones a medida, ya sea para componentes individuales o para sistemas totalmente integrados. Gracias a nuestra estrecha colaboraci\u00f3n con nuestros clientes, garantizamos que cada soluci\u00f3n no solo satisfaga sus necesidades, sino que tambi\u00e9n optimice el rendimiento y maximice el valor. Nuestro compromiso con respuestas r\u00e1pidas y profesionales, y nuestra asesor\u00eda experta garantiza que cada consulta se aborde con precisi\u00f3n, garantizando siempre los mejores resultados.<\/p>\n<p>Priorizamos la comunicaci\u00f3n clara y continua durante todo el ciclo de desarrollo del producto. Nuestro equipo dedicado trabaja en estrecha colaboraci\u00f3n con los clientes para comprender a fondo sus necesidades y brindar informaci\u00f3n y recomendaciones valiosas para lograr resultados \u00f3ptimos. Ya sea dise\u00f1ando productos de vanguardia o atendiendo pedidos rutinarios, FMP se compromete a entregar soluciones de alta calidad y precisi\u00f3n, siempre a tiempo. Nuestra misi\u00f3n es superar constantemente las expectativas de los clientes, brindando un servicio y resultados excepcionales en cada proyecto.<\/p>\n<p>La calidad es la base de las operaciones de FMP. Mantenemos los m\u00e1s altos est\u00e1ndares de fabricaci\u00f3n e implementamos rigurosos controles de calidad para garantizar que cada producto cumpla, e incluso supere, los est\u00e1ndares de la industria. Este compromiso con la excelencia, junto con nuestros valores fundamentales de integridad, trabajo en equipo y perseverancia, nos ha permitido forjar relaciones duraderas y de confianza con clientes en casi 30 pa\u00edses de todo el mundo.<\/p>\n<p>En FMP, nos esforzamos constantemente por cultivar alianzas globales, ofreciendo asesoramiento experto y soluciones personalizadas que aborden las necesidades cambiantes de nuestros clientes. Nos esforzamos por construir relaciones duraderas y mutuamente beneficiosas que contribuyan al \u00e9xito de cada proyecto. Ya sea que necesite soluciones innovadoras para una nueva iniciativa o soporte continuo para un sistema existente, en FMP estamos listos para ayudarle a superar los desaf\u00edos t\u00e9cnicos y garantizar su \u00e9xito continuo.<\/p>\n<p><img loading=\"lazy\" decoding=\"async\" class=\"alignnone wp-image-2695\" src=\"https:\/\/fmp-components.com\/wp-content\/uploads\/2025\/01\/agricultural-gearbox3.webp\" alt=\"caja de cambios agr\u00edcola\" width=\"1140\" height=\"1138\" title=\"\" srcset=\"https:\/\/fmp-components.com\/wp-content\/uploads\/2025\/01\/agricultural-gearbox3.webp 1140w, https:\/\/fmp-components.com\/wp-content\/uploads\/2025\/01\/agricultural-gearbox3-480x479.webp 480w\" sizes=\"(min-width: 0px) and (max-width: 480px) 480px, (min-width: 481px) 1140px, 100vw\" \/><\/p>\n<p>Autor: CX<\/p>","protected":false},"excerpt":{"rendered":"<p>Grain Auger Gearbox FMP-2390 Specifications Product Name Grain auger gearbox FMP-2390 Material Housing as HT250, Shaft as 20CrMnTi Color Dark or Red or as customized Type Bevel gear Ratio 1:1 Bearing QC or C&amp;U or NTN Warranty one and half year Used grain storage Applications of Grain Auger Gearbox for Grain Storage and Transportation Grain [&hellip;]<\/p>","protected":false},"featured_media":3130,"comment_status":"open","ping_status":"closed","template":"","meta":{"_et_pb_use_builder":"","_et_pb_old_content":"","_et_gb_content_width":""},"product_brand":[],"product_cat":[74],"product_tag":[],"class_list":{"0":"post-3129","1":"product","2":"type-product","3":"status-publish","4":"has-post-thumbnail","6":"product_cat-grain-transportation-gearbox","8":"first","9":"instock","10":"shipping-taxable","11":"product-type-simple"},"_links":{"self":[{"href":"https:\/\/fmp-components.com\/es\/wp-json\/wp\/v2\/product\/3129","targetHints":{"allow":["GET"]}}],"collection":[{"href":"https:\/\/fmp-components.com\/es\/wp-json\/wp\/v2\/product"}],"about":[{"href":"https:\/\/fmp-components.com\/es\/wp-json\/wp\/v2\/types\/product"}],"replies":[{"embeddable":true,"href":"https:\/\/fmp-components.com\/es\/wp-json\/wp\/v2\/comments?post=3129"}],"wp:featuredmedia":[{"embeddable":true,"href":"https:\/\/fmp-components.com\/es\/wp-json\/wp\/v2\/media\/3130"}],"wp:attachment":[{"href":"https:\/\/fmp-components.com\/es\/wp-json\/wp\/v2\/media?parent=3129"}],"wp:term":[{"taxonomy":"product_brand","embeddable":true,"href":"https:\/\/fmp-components.com\/es\/wp-json\/wp\/v2\/product_brand?post=3129"},{"taxonomy":"product_cat","embeddable":true,"href":"https:\/\/fmp-components.com\/es\/wp-json\/wp\/v2\/product_cat?post=3129"},{"taxonomy":"product_tag","embeddable":true,"href":"https:\/\/fmp-components.com\/es\/wp-json\/wp\/v2\/product_tag?post=3129"}],"curies":[{"name":"gracias","href":"https:\/\/api.w.org\/{rel}","templated":true}]}}