{"id":3110,"date":"2025-01-05T01:34:53","date_gmt":"2025-01-05T01:34:53","guid":{"rendered":"https:\/\/fmp-components.com\/?page_id=8"},"modified":"2025-01-05T01:34:53","modified_gmt":"2025-01-05T01:34:53","slug":"grain-storage-gearbox-fmp-1003-for-agricultural-grain-storage","status":"publish","type":"product","link":"https:\/\/fmp-components.com\/es\/product\/grain-storage-gearbox-fmp-1003-for-agricultural-grain-storage\/","title":{"rendered":"Caja de engranajes para almacenamiento de granos agr\u00edcolas FMP-1003"},"content":{"rendered":"<p><img loading=\"lazy\" decoding=\"async\" class=\"size-full wp-image-3111 aligncenter\" src=\"https:\/\/fmp-components.com\/wp-content\/uploads\/2025\/01\/Grain-Transportation-Gearbox-4.webp\" alt=\"Caja de cambios para transporte de grano 4\" width=\"800\" height=\"800\" title=\"\" srcset=\"https:\/\/fmp-components.com\/wp-content\/uploads\/2025\/01\/Grain-Transportation-Gearbox-4.webp 800w, https:\/\/fmp-components.com\/wp-content\/uploads\/2025\/01\/Grain-Transportation-Gearbox-4-480x480.webp 480w\" sizes=\"(min-width: 0px) and (max-width: 480px) 480px, (min-width: 481px) 800px, 100vw\" \/><\/p>\n<h2>Especificaciones de la caja reductora para almacenamiento de grano FMP-1003<\/h2>\n<table style=\"width: 100%; height: 115px;\" border=\"1\" width=\"100%\" cellspacing=\"0\" cellpadding=\"0\">\n<tbody>\n<tr class=\"firstRow\" style=\"height: 23px;\">\n<td style=\"height: 23px;\">Nombre del producto<\/td>\n<td style=\"height: 23px;\">Caja de cambios de almacenamiento de grano<\/td>\n<\/tr>\n<tr style=\"height: 23px;\">\n<td style=\"height: 23px;\">Modelo<\/td>\n<td style=\"height: 23px;\">FMP-1003<\/td>\n<\/tr>\n<tr style=\"height: 23px;\">\n<td style=\"height: 23px;\">Color<\/td>\n<td style=\"height: 23px;\">Personalizaci\u00f3n<\/td>\n<\/tr>\n<tr style=\"height: 23px;\">\n<td style=\"height: 23px;\">Material<\/td>\n<td style=\"height: 23px;\">HT250 para carcasa, 20CrMnTi para eje de engranaje.<\/td>\n<\/tr>\n<tr style=\"height: 23px;\">\n<td style=\"height: 23px;\">Usado<\/td>\n<td style=\"height: 23px;\">Almacenamiento de granos<\/td>\n<\/tr>\n<\/tbody>\n<\/table>\n<h2>Beneficios de utilizar una caja reductora para el almacenamiento de granos<\/h2>\n<ol>\n<li><strong>Mayor eficiencia operativa<\/strong><br \/>\nLas cajas reductoras para almacenamiento de grano est\u00e1n dise\u00f1adas para optimizar el movimiento y la manipulaci\u00f3n del grano. Garantizan el funcionamiento continuo del sistema de almacenamiento, minimizando los tiempos de inactividad y maximizando la productividad. Al proporcionar una transmisi\u00f3n de potencia fiable y eficiente, estas cajas reductoras contribuyen a mantener la continuidad operativa en las instalaciones de almacenamiento de grano.<\/li>\n<li><strong>Durabilidad y longevidad<\/strong><br \/>\nLas cajas reductoras para silos de grano est\u00e1n dise\u00f1adas para soportar las duras condiciones de los entornos agr\u00edcolas, incluyendo cargas pesadas, polvo y humedad. Su robusta construcci\u00f3n garantiza una larga vida \u00fatil, reduciendo la necesidad de reparaciones o reemplazos frecuentes. Esta durabilidad se traduce en menores costos de mantenimiento y un mayor tiempo de actividad operativa.<\/li>\n<li><strong>Control preciso y adaptabilidad<\/strong><br \/>\nLas cajas reductoras utilizadas en los sistemas de almacenamiento de grano ofrecen un control preciso de la velocidad y el par, lo cual es fundamental para el manejo eficiente del grano. Esta adaptabilidad permite un rendimiento personalizado, lo que hace que el sistema sea m\u00e1s vers\u00e1til y capaz de manejar distintos tipos y cantidades de grano, as\u00ed como diversas condiciones de almacenamiento.<\/li>\n<li><strong>Eficiencia energ\u00e9tica<\/strong><br \/>\nLas modernas cajas reductoras para almacenamiento de grano est\u00e1n dise\u00f1adas pensando en la eficiencia energ\u00e9tica. Al reducir las p\u00e9rdidas de energ\u00eda en la transmisi\u00f3n de potencia, estas cajas reductoras contribuyen a disminuir los costos operativos. Esto es especialmente importante para las operaciones de almacenamiento de grano a gran escala, donde el consumo de energ\u00eda puede representar una parte significativa de los gastos totales.<\/li>\n<li><strong>Mejora de la conservaci\u00f3n de la calidad del grano<\/strong><br \/>\nEl funcionamiento fluido y constante de los equipos de manipulaci\u00f3n de granos, facilitado por cajas reductoras de alta calidad, ayuda a prevenir da\u00f1os en el grano. Una manipulaci\u00f3n adecuada y la reducci\u00f3n de la rotura del grano contribuyen a una mejor conservaci\u00f3n de su calidad, garantizando que el grano almacenado mantenga su valor de mercado y sus propiedades nutricionales.<\/li>\n<\/ol>\n<p>En resumen, el uso de reductores para almacenamiento de granos mejora significativamente el rendimiento, la eficiencia y la seguridad de los sistemas de manejo de granos. Contribuyen a una mejor conservaci\u00f3n del grano, a la reducci\u00f3n de los costos operativos y al aumento de la vida \u00fatil del sistema, convirti\u00e9ndose as\u00ed en un componente vital en las operaciones modernas de almacenamiento de granos.<\/p>\n<p><img loading=\"lazy\" decoding=\"async\" class=\"alignnone size-full wp-image-3114\" src=\"https:\/\/fmp-components.com\/wp-content\/uploads\/2025\/01\/lSmPwVjn-Grain-Transportation-Gearbox-8.webp\" alt=\"Caja de cambios para transporte de grano - 8\" width=\"1534\" height=\"1286\" title=\"\" srcset=\"https:\/\/fmp-components.com\/wp-content\/uploads\/2025\/01\/lSmPwVjn-Grain-Transportation-Gearbox-8.webp 1534w, https:\/\/fmp-components.com\/wp-content\/uploads\/2025\/01\/lSmPwVjn-Grain-Transportation-Gearbox-8-1280x1073.webp 1280w, https:\/\/fmp-components.com\/wp-content\/uploads\/2025\/01\/lSmPwVjn-Grain-Transportation-Gearbox-8-980x822.webp 980w, https:\/\/fmp-components.com\/wp-content\/uploads\/2025\/01\/lSmPwVjn-Grain-Transportation-Gearbox-8-480x402.webp 480w\" sizes=\"(min-width: 0px) and (max-width: 480px) 480px, (min-width: 481px) and (max-width: 980px) 980px, (min-width: 981px) and (max-width: 1280px) 1280px, (min-width: 1281px) 1534px, 100vw\" \/><\/p>\n<h2 data-pm-slice=\"0 0 []\">Componentes clave de la caja de cambios de almacenamiento de grano<\/h2>\n<ol>\n<li><strong>Eje de entrada<\/strong><br \/>\nEl eje de entrada es el componente que recibe la fuerza motriz de la fuente de energ\u00eda, generalmente un motor el\u00e9ctrico o de combusti\u00f3n. Transmite esta potencia a la caja de cambios, donde se distribuye a otros componentes para el funcionamiento del sistema. El eje de entrada est\u00e1 dise\u00f1ado para soportar un par motor y una velocidad de rotaci\u00f3n elevados.<\/li>\n<li><strong>Engranajes<\/strong><br \/>\nLos engranajes son los componentes esenciales responsables de la transmisi\u00f3n de movimiento y potencia dentro de la caja de cambios. Existen varios tipos (por ejemplo, engranajes c\u00f3nicos, helicoidales y rectos) seg\u00fan la salida deseada. Los engranajes controlan la velocidad, el par y la direcci\u00f3n de movimiento en el sistema de almacenamiento de grano. La disposici\u00f3n precisa de los engranajes determina la eficiencia y el rendimiento de la caja de cambios.<\/li>\n<li><strong>Eje de salida<\/strong><br \/>\nEl eje de salida transmite el movimiento de la caja de cambios a los equipos de manipulaci\u00f3n de grano, como cintas transportadoras, elevadores o ventiladores. Desempe\u00f1a un papel fundamental en el control de la direcci\u00f3n y la velocidad de desplazamiento del grano, garantizando as\u00ed el correcto funcionamiento del sistema de almacenamiento.<\/li>\n<li><strong>Aspectos<\/strong><br \/>\nLos rodamientos soportan las partes giratorias de la caja de cambios, como los ejes de entrada y salida, as\u00ed como los engranajes. Reducen la fricci\u00f3n y garantizan un funcionamiento suave, lo que ayuda a prevenir el desgaste, reduce el consumo de energ\u00eda y prolonga la vida \u00fatil de la caja de cambios. Los rodamientos de alta calidad son esenciales para reducir el mantenimiento y garantizar la eficiencia de la caja de cambios.<\/li>\n<li><strong>Vivienda\/Caso<\/strong><br \/>\nLa carcasa es la cubierta exterior de la caja de cambios que contiene y protege los componentes internos. Fabricada con materiales duraderos como hierro fundido o acero, protege los engranajes, rodamientos y dem\u00e1s piezas del polvo, la humedad y los da\u00f1os f\u00edsicos. La carcasa tambi\u00e9n ayuda a disipar el calor generado durante el funcionamiento para evitar el sobrecalentamiento.<\/li>\n<\/ol>\n<p>Los componentes clave de una caja de cambios para almacenamiento de grano trabajan en conjunto para garantizar un funcionamiento fluido, eficiente y fiable de los sistemas de manipulaci\u00f3n y almacenamiento de grano. Desde el eje de entrada que transmite la potencia a los engranajes y cojinetes que facilitan el movimiento, hasta la carcasa protectora y el sistema de lubricaci\u00f3n, cada pieza desempe\u00f1a un papel crucial para maximizar el rendimiento y prolongar la vida \u00fatil de la caja de cambios.<\/p>\n<p><img loading=\"lazy\" decoding=\"async\" class=\"alignnone size-full wp-image-3113\" src=\"https:\/\/fmp-components.com\/wp-content\/uploads\/2025\/01\/Grain-Transportation-Gearbox-29-1.webp\" alt=\"Caja de cambios para transporte de grano-29\" width=\"1060\" height=\"561\" title=\"\" srcset=\"https:\/\/fmp-components.com\/wp-content\/uploads\/2025\/01\/Grain-Transportation-Gearbox-29-1.webp 1060w, https:\/\/fmp-components.com\/wp-content\/uploads\/2025\/01\/Grain-Transportation-Gearbox-29-1-980x519.webp 980w, https:\/\/fmp-components.com\/wp-content\/uploads\/2025\/01\/Grain-Transportation-Gearbox-29-1-480x254.webp 480w\" sizes=\"(min-width: 0px) and (max-width: 480px) 480px, (min-width: 481px) and (max-width: 980px) 980px, (min-width: 981px) 1060px, 100vw\" \/><\/p>\n<h3>Acerca de FMP<\/h3>\n<p>Con sede en Italia, FMP es un fabricante l\u00edder reconocido por su experiencia en el dise\u00f1o, desarrollo y producci\u00f3n de cajas de engranajes de alto rendimiento, con especial \u00e9nfasis en el sector de la maquinaria agr\u00edcola. Reconocido por su ingenier\u00eda de precisi\u00f3n, soluciones innovadoras y fiabilidad inquebrantable, FMP se ha forjado una s\u00f3lida reputaci\u00f3n como socio de confianza tanto en el mercado agr\u00edcola como en el industrial. Nuestra amplia cartera incluye cajas de engranajes dise\u00f1adas a medida para cortac\u00e9spedes, ejes de toma de fuerza y \u200b\u200buna amplia variedad de componentes esenciales, cada uno meticulosamente dise\u00f1ado para satisfacer las necesidades espec\u00edficas de diversas aplicaciones.<\/p>\n<p>En FMP, comprendemos que cada cliente se enfrenta a retos distintos. Esta comprensi\u00f3n impulsa nuestra especializaci\u00f3n en ofrecer soluciones a medida, ya sea para componentes individuales o para sistemas totalmente integrados. Al colaborar estrechamente con nuestros clientes, garantizamos que cada soluci\u00f3n no solo satisfaga sus necesidades espec\u00edficas, sino que tambi\u00e9n mejore el rendimiento y maximice el valor. Nuestro compromiso con respuestas profesionales y oportunas, y nuestra asesor\u00eda experta garantizan que cada consulta se aborde con precisi\u00f3n, ofreciendo siempre resultados \u00f3ptimos.<\/p>\n<p>Ponemos gran \u00e9nfasis en una comunicaci\u00f3n clara y continua durante todo el ciclo de desarrollo del producto. Nuestro equipo dedicado trabaja en estrecha colaboraci\u00f3n con nuestros clientes para comprender a fondo sus necesidades y brindar informaci\u00f3n y recomendaciones valiosas que garanticen los mejores resultados. Ya sea que dise\u00f1emos productos de vanguardia o atendamos pedidos rutinarios, en FMP nos comprometemos a entregar soluciones de alta calidad y precisi\u00f3n, siempre a tiempo. Nuestra misi\u00f3n es superar constantemente las expectativas de nuestros clientes, ofreciendo un servicio y resultados excepcionales en cada proyecto.<\/p>\n<p>La calidad es la base de las operaciones de FMP. Nos adherimos a los m\u00e1s altos est\u00e1ndares de fabricaci\u00f3n e implementamos rigurosos procesos de control de calidad para garantizar que cada producto no solo cumpla, sino que supere los est\u00e1ndares de la industria. Esta inquebrantable dedicaci\u00f3n a la excelencia, combinada con nuestros valores fundamentales de integridad, trabajo en equipo y perseverancia, nos ha permitido forjar relaciones duraderas y de confianza con clientes en casi 30 pa\u00edses de todo el mundo.<\/p>\n<p>En FMP, nos esforzamos constantemente por cultivar alianzas globales, ofreciendo asesoramiento experto y soluciones personalizadas que satisfagan las necesidades cambiantes de nuestros clientes. Nuestro objetivo es construir relaciones duraderas y mutuamente beneficiosas que contribuyan al \u00e9xito de cada proyecto. Ya sea que necesite soluciones innovadoras para una nueva iniciativa o soporte continuo para un sistema existente, en FMP estamos listos para ayudarle a superar los desaf\u00edos t\u00e9cnicos y garantizar su \u00e9xito continuo.<\/p>\n<p><img loading=\"lazy\" decoding=\"async\" class=\"alignnone wp-image-2695\" src=\"https:\/\/fmp-components.com\/wp-content\/uploads\/2025\/01\/agricultural-gearbox3.webp\" alt=\"caja de cambios agr\u00edcola\" width=\"1140\" height=\"1138\" title=\"\" srcset=\"https:\/\/fmp-components.com\/wp-content\/uploads\/2025\/01\/agricultural-gearbox3.webp 1140w, https:\/\/fmp-components.com\/wp-content\/uploads\/2025\/01\/agricultural-gearbox3-480x479.webp 480w\" sizes=\"(min-width: 0px) and (max-width: 480px) 480px, (min-width: 481px) 1140px, 100vw\" \/><\/p>\n<p>Autor: CX<\/p>","protected":false},"excerpt":{"rendered":"<p>Grain Storage Gearbox FMP-1003 Specifications Product Name Grain\u00a0storage\u00a0gearbox Model FMP-1003 Color Customization Material HT250 for housing, 20CrMnTi for gear shaft. Used Grain\u00a0storage Benefits of Using Grain Storage Gearbox for Grain Storage Enhanced Operational Efficiency Grain storage gearboxes are designed to optimize the movement and handling of grain. They ensure that the grain storage system operates [&hellip;]<\/p>","protected":false},"featured_media":3112,"comment_status":"open","ping_status":"closed","template":"","meta":{"_et_pb_use_builder":"","_et_pb_old_content":"","_et_gb_content_width":""},"product_brand":[],"product_cat":[73],"product_tag":[],"class_list":{"0":"post-3110","1":"product","2":"type-product","3":"status-publish","4":"has-post-thumbnail","6":"product_cat-grain-storage-gearbox","8":"first","9":"instock","10":"shipping-taxable","11":"product-type-simple"},"_links":{"self":[{"href":"https:\/\/fmp-components.com\/es\/wp-json\/wp\/v2\/product\/3110","targetHints":{"allow":["GET"]}}],"collection":[{"href":"https:\/\/fmp-components.com\/es\/wp-json\/wp\/v2\/product"}],"about":[{"href":"https:\/\/fmp-components.com\/es\/wp-json\/wp\/v2\/types\/product"}],"replies":[{"embeddable":true,"href":"https:\/\/fmp-components.com\/es\/wp-json\/wp\/v2\/comments?post=3110"}],"wp:featuredmedia":[{"embeddable":true,"href":"https:\/\/fmp-components.com\/es\/wp-json\/wp\/v2\/media\/3112"}],"wp:attachment":[{"href":"https:\/\/fmp-components.com\/es\/wp-json\/wp\/v2\/media?parent=3110"}],"wp:term":[{"taxonomy":"product_brand","embeddable":true,"href":"https:\/\/fmp-components.com\/es\/wp-json\/wp\/v2\/product_brand?post=3110"},{"taxonomy":"product_cat","embeddable":true,"href":"https:\/\/fmp-components.com\/es\/wp-json\/wp\/v2\/product_cat?post=3110"},{"taxonomy":"product_tag","embeddable":true,"href":"https:\/\/fmp-components.com\/es\/wp-json\/wp\/v2\/product_tag?post=3110"}],"curies":[{"name":"gracias","href":"https:\/\/api.w.org\/{rel}","templated":true}]}}