{"id":3102,"date":"2025-01-05T01:11:31","date_gmt":"2025-01-05T01:11:31","guid":{"rendered":"https:\/\/fmp-components.com\/?page_id=8"},"modified":"2025-01-05T01:11:32","modified_gmt":"2025-01-05T01:11:32","slug":"l-series-40hp-grain-storage-gearbox-fmp-5490-for-agricultural-grain-storage","status":"publish","type":"product","link":"https:\/\/fmp-components.com\/es\/product\/l-series-40hp-grain-storage-gearbox-fmp-5490-for-agricultural-grain-storage\/","title":{"rendered":"Caja de engranajes para almacenamiento de granos Serie L de 40 HP FMP-5490 para almacenamiento de granos agr\u00edcolas"},"content":{"rendered":"<h2>Especificaciones de la caja de engranajes para almacenamiento de granos FMP-5490<\/h2>\n<p><img loading=\"lazy\" decoding=\"async\" class=\"alignnone size-full wp-image-3104\" src=\"https:\/\/fmp-components.com\/wp-content\/uploads\/2025\/01\/Grain-Storage-Gearbox-FMP-5490-Dimension.webp\" alt=\"Caja de engranajes para almacenamiento de granos FMP-5490-Dimension\" width=\"967\" height=\"714\" title=\"\" srcset=\"https:\/\/fmp-components.com\/wp-content\/uploads\/2025\/01\/Grain-Storage-Gearbox-FMP-5490-Dimension.webp 967w, https:\/\/fmp-components.com\/wp-content\/uploads\/2025\/01\/Grain-Storage-Gearbox-FMP-5490-Dimension-480x354.webp 480w\" sizes=\"(min-width: 0px) and (max-width: 480px) 480px, (min-width: 481px) 967px, 100vw\" \/><\/p>\n<table style=\"width: 93.3388%; height: 204px;\" border=\"1\" cellspacing=\"0\" cellpadding=\"0\">\n<tbody>\n<tr class=\"firstRow\">\n<td>Nombre del producto<\/td>\n<td>Caja de engranajes para almacenamiento de granos<\/td>\n<\/tr>\n<tr>\n<td>Material<\/td>\n<td>HT250 para carcasa, 20CrMnTi para eje de engranaje.<\/td>\n<\/tr>\n<tr>\n<td>Color<\/td>\n<td>Personalizaci\u00f3n<\/td>\n<\/tr>\n<tr>\n<td>Peso<\/td>\n<td>21 kg<\/td>\n<\/tr>\n<tr>\n<td>Relaci\u00f3n<\/td>\n<td>1.5:1<\/td>\n<\/tr>\n<tr>\n<td>Fuerza<\/td>\n<td>40 caballos de fuerza<\/td>\n<\/tr>\n<tr>\n<td>Usado<\/td>\n<td>Almacenamiento de granos<\/td>\n<\/tr>\n<\/tbody>\n<\/table>\n<h2>Beneficios de utilizar la caja de engranajes para almacenamiento de granos de la serie L para la agricultura<\/h2>\n<p>La caja de engranajes para almacenamiento de granos Serie L ofrece varias ventajas clave para aplicaciones agr\u00edcolas, especialmente en sistemas de almacenamiento de granos. Estas ventajas incluyen:<\/p>\n<p><strong>1. Durabilidad y longevidad<\/strong><\/p>\n<ul>\n<li>Las cajas de engranajes de la Serie L est\u00e1n dise\u00f1adas para soportar las exigentes condiciones de los entornos agr\u00edcolas. Fabricadas con materiales de alta calidad, son resistentes al desgaste y ofrecen un rendimiento duradero en sistemas de almacenamiento de granos que operan con cargas pesadas y uso continuo.<\/li>\n<\/ul>\n<p><strong>2. Alta eficiencia<\/strong><\/p>\n<ul>\n<li>Gracias a su ingenier\u00eda de precisi\u00f3n, las cajas de engranajes de la Serie L proporcionan una eficiencia excepcional en la transferencia de potencia. Esto se traduce en un funcionamiento suave y fiable de equipos como transportadores de granos, sinfines y elevadores, lo que ayuda a optimizar el rendimiento y reducir el consumo de energ\u00eda.<\/li>\n<\/ul>\n<p><strong>3. Dise\u00f1o compacto y que ahorra espacio<\/strong><\/p>\n<ul>\n<li>El dise\u00f1o compacto de las cajas de engranajes de la Serie L permite una f\u00e1cil integraci\u00f3n en espacios reducidos dentro de los sistemas de almacenamiento de granos. Su reducido tama\u00f1o garantiza que no ocupen espacio innecesario, a la vez que suministran la potencia necesaria para un manejo eficiente del grano.<\/li>\n<\/ul>\n<p><strong>4. Rendimiento confiable en condiciones adversas<\/strong><\/p>\n<ul>\n<li>Los entornos agr\u00edcolas pueden ser hostiles, con exposici\u00f3n al polvo, la humedad y las variaciones de temperatura. Las cajas de engranajes de la Serie L est\u00e1n dise\u00f1adas para funcionar de forma fiable incluso en estas condiciones adversas, garantizando el funcionamiento ininterrumpido de los equipos de almacenamiento de granos y minimizando el tiempo de inactividad.<\/li>\n<\/ul>\n<p><strong>5. Opciones de personalizaci\u00f3n<\/strong><\/p>\n<ul>\n<li>Las cajas de engranajes de la Serie L se pueden adaptar a las necesidades espec\u00edficas de los diferentes sistemas de almacenamiento de grano. Ya sea para capacidades variables, requisitos operativos \u00fanicos o diferentes configuraciones de montaje, FMP ofrece soluciones flexibles para garantizar la compatibilidad con una amplia gama de maquinaria agr\u00edcola.<\/li>\n<\/ul>\n<p>En resumen, la caja de engranajes para almacenamiento de granos de la Serie L ofrece durabilidad, eficiencia y confiabilidad, lo que la convierte en una opci\u00f3n ideal para aplicaciones agr\u00edcolas donde los equipos de almacenamiento y manipulaci\u00f3n de granos deben funcionar en condiciones exigentes.<\/p>\n<p><img loading=\"lazy\" decoding=\"async\" class=\"alignnone size-full wp-image-3105\" src=\"https:\/\/fmp-components.com\/wp-content\/uploads\/2025\/01\/Grain-Storage-Gearbox-22.webp\" alt=\"Caja de cambios para almacenamiento de granos 22\" width=\"1060\" height=\"677\" title=\"\" srcset=\"https:\/\/fmp-components.com\/wp-content\/uploads\/2025\/01\/Grain-Storage-Gearbox-22.webp 1060w, https:\/\/fmp-components.com\/wp-content\/uploads\/2025\/01\/Grain-Storage-Gearbox-22-980x626.webp 980w, https:\/\/fmp-components.com\/wp-content\/uploads\/2025\/01\/Grain-Storage-Gearbox-22-480x307.webp 480w\" sizes=\"(min-width: 0px) and (max-width: 480px) 480px, (min-width: 481px) and (max-width: 980px) 980px, (min-width: 981px) 1060px, 100vw\" \/><\/p>\n<h2>Aplicaciones de la caja de engranajes para almacenamiento de granos de la serie L para la agricultura<\/h2>\n<p>La caja de engranajes para almacenamiento de granos Serie L es vers\u00e1til y se puede utilizar en diversas aplicaciones agr\u00edcolas, especialmente en sistemas de manipulaci\u00f3n y almacenamiento de granos. Algunas de sus principales aplicaciones incluyen:<\/p>\n<p><strong>1. Elevadores de granos<\/strong><\/p>\n<ul>\n<li>La caja de engranajes de la Serie L se utiliza ampliamente en elevadores de granos, donde impulsa el transporte vertical de grano de un nivel a otro. Su fiabilidad y durabilidad garantizan un funcionamiento suave, incluso con cargas pesadas, lo que la hace ideal para elevar el grano a tolvas o silos de almacenamiento.<\/li>\n<\/ul>\n<p><strong>2. Transportadores de granos<\/strong><\/p>\n<ul>\n<li>En los sistemas transportadores de granos, la caja de engranajes de la Serie L desempe\u00f1a un papel fundamental en la transferencia de grano horizontal o inclinado. Garantiza un movimiento eficiente y continuo de grano a granel de un punto a otro, ya sea para carga, descarga o almacenamiento.<\/li>\n<\/ul>\n<p><strong>3. Sinfines para granos<\/strong><\/p>\n<ul>\n<li>La caja de engranajes de la Serie L se utiliza com\u00fanmente en sinfines de grano, esenciales para transportar el grano de un lugar a otro, a menudo de tolvas a camiones o \u00e1reas de almacenamiento. La caja de engranajes proporciona el par y la fiabilidad necesarios para un funcionamiento eficiente.<\/li>\n<\/ul>\n<p><strong>4. Equipos de manipulaci\u00f3n de granos<\/strong><\/p>\n<ul>\n<li>La caja de engranajes de la Serie L es un componente esencial en diversas m\u00e1quinas de manipulaci\u00f3n de granos, incluyendo las utilizadas para mezclar, clasificar y secar. Su robusta construcci\u00f3n la hace ideal para operaciones continuas de alta exigencia.<\/li>\n<\/ul>\n<p><strong>5. Barredores de silos de granos<\/strong><\/p>\n<ul>\n<li>La caja de engranajes de la Serie L se utiliza en sinfines de barrido de tolvas de grano, que ayudan a retirar el grano de las tolvas de almacenamiento. Impulsa el mecanismo de barrido, lo que garantiza un vaciado eficiente del grano de las tolvas, reduciendo la necesidad de mano de obra.<\/li>\n<\/ul>\n<p>En esencia, la caja de engranajes para almacenamiento de granos Serie L est\u00e1 dise\u00f1ada para satisfacer las diversas demandas de almacenamiento, manipulaci\u00f3n y transporte de granos, garantizando soluciones confiables, eficientes y rentables en las operaciones agr\u00edcolas. Su robusto rendimiento en diversas aplicaciones ayuda a optimizar el flujo de trabajo y a mejorar la productividad en todo el sector agr\u00edcola.<\/p>\n<p><img loading=\"lazy\" decoding=\"async\" class=\"alignnone size-full wp-image-3096\" src=\"https:\/\/fmp-components.com\/wp-content\/uploads\/2025\/01\/Grain-Storage-Gearbox-28.webp\" alt=\"Caja de cambios para almacenamiento de granos\" width=\"1200\" height=\"950\" title=\"\" srcset=\"https:\/\/fmp-components.com\/wp-content\/uploads\/2025\/01\/Grain-Storage-Gearbox-28.webp 1200w, https:\/\/fmp-components.com\/wp-content\/uploads\/2025\/01\/Grain-Storage-Gearbox-28-980x776.webp 980w, https:\/\/fmp-components.com\/wp-content\/uploads\/2025\/01\/Grain-Storage-Gearbox-28-480x380.webp 480w\" sizes=\"(min-width: 0px) and (max-width: 480px) 480px, (min-width: 481px) and (max-width: 980px) 980px, (min-width: 981px) 1200px, 100vw\" \/><\/p>\n<h2>Principio de funcionamiento de la caja de engranajes para almacenamiento de granos de la serie L para uso agr\u00edcola<\/h2>\n<p>La caja de engranajes para almacenamiento de granos de la serie L est\u00e1 dise\u00f1ada para transferir potencia eficientemente y proporcionar el par necesario para diversas aplicaciones agr\u00edcolas, en particular en sistemas de almacenamiento de granos. A continuaci\u00f3n, se detalla el principio de funcionamiento de la caja de engranajes de la serie L:<\/p>\n<p><strong>1. Entrada de energ\u00eda<\/strong><\/p>\n<p>La caja de cambios recibe potencia de un motor primario, generalmente un motor el\u00e9ctrico, un motor de combusti\u00f3n interna o un sistema de toma de fuerza (PTO). Esta potencia se transmite a trav\u00e9s de un eje de entrada conectado al motor de accionamiento.<\/p>\n<p><strong>2. Transmisi\u00f3n del movimiento<\/strong><\/p>\n<p>La caja de engranajes de la Serie L est\u00e1 dise\u00f1ada con m\u00faltiples engranajes que facilitan la transferencia de energ\u00eda rotacional del eje de entrada al de salida. Al girar el eje de entrada, se acopla con los engranajes internos de la caja de engranajes, que convierten el movimiento rotacional en el par y la velocidad deseados para la aplicaci\u00f3n.<\/p>\n<p><strong>3. Reducci\u00f3n de engranajes<\/strong><\/p>\n<p>La caja de engranajes de la Serie L utiliza una serie de reductores para reducir la velocidad del eje de entrada y, al mismo tiempo, aumentar el par de salida. Esta reducci\u00f3n de velocidad permite un funcionamiento m\u00e1s controlado y eficiente de los equipos que acciona, como transportadores, sinfines y otras m\u00e1quinas de manipulaci\u00f3n de granos.<\/p>\n<p><strong>4. Transmisi\u00f3n de par<\/strong><\/p>\n<p>La caja de engranajes proporciona par al eje de salida, que est\u00e1 conectado directamente a la maquinaria agr\u00edcola, como elevadores de grano o sinfines. La caja de engranajes de la Serie L garantiza la entrega del par necesario sin sobrecargar el motor ni otros componentes del sistema.<\/p>\n<p><strong>5. Conversi\u00f3n eficiente de energ\u00eda<\/strong><\/p>\n<p>La caja de cambios de la Serie L est\u00e1 dise\u00f1ada con engranajes de alta eficiencia que minimizan la p\u00e9rdida de energ\u00eda durante el proceso de transmisi\u00f3n. Esto garantiza que una parte significativa de la potencia de entrada se convierta en potencia de salida utilizable, optimizando as\u00ed el consumo de combustible o de electricidad del sistema.<\/p>\n<p>En resumen, la caja de engranajes para almacenamiento de granos Serie L convierte eficientemente la potencia del motor o la toma de fuerza, reduce la velocidad a la vez que aumenta el par motor y proporciona un movimiento suave y fiable a los equipos agr\u00edcolas conectados. Esto permite un rendimiento \u00f3ptimo en la manipulaci\u00f3n y el almacenamiento de granos, lo que la convierte en un componente esencial en numerosas aplicaciones agr\u00edcolas.<\/p>\n<p><img loading=\"lazy\" decoding=\"async\" class=\"alignnone size-full wp-image-3106\" src=\"https:\/\/fmp-components.com\/wp-content\/uploads\/2025\/01\/Grain-Storage-Gearbox-13.webp\" alt=\"Caja de cambios para almacenamiento de granos 13\" width=\"1500\" height=\"1008\" title=\"\" srcset=\"https:\/\/fmp-components.com\/wp-content\/uploads\/2025\/01\/Grain-Storage-Gearbox-13.webp 1500w, https:\/\/fmp-components.com\/wp-content\/uploads\/2025\/01\/Grain-Storage-Gearbox-13-1280x860.webp 1280w, https:\/\/fmp-components.com\/wp-content\/uploads\/2025\/01\/Grain-Storage-Gearbox-13-980x659.webp 980w, https:\/\/fmp-components.com\/wp-content\/uploads\/2025\/01\/Grain-Storage-Gearbox-13-480x323.webp 480w\" sizes=\"(min-width: 0px) and (max-width: 480px) 480px, (min-width: 481px) and (max-width: 980px) 980px, (min-width: 981px) and (max-width: 1280px) 1280px, (min-width: 1281px) 1500px, 100vw\" \/><\/p>\n<h3>Acerca de FMP<\/h3>\n<p>Con sede en Italia, FMP es un fabricante l\u00edder reconocido por su experiencia en el dise\u00f1o, desarrollo y producci\u00f3n de cajas de engranajes de alto rendimiento, con especial \u00e9nfasis en el sector de la maquinaria agr\u00edcola. Reconocido por su ingenier\u00eda de precisi\u00f3n, soluciones innovadoras y fiabilidad inquebrantable, FMP se ha forjado una s\u00f3lida reputaci\u00f3n como socio de confianza tanto en el mercado agr\u00edcola como en el industrial. Nuestra amplia cartera incluye cajas de engranajes dise\u00f1adas a medida para cortac\u00e9spedes, ejes de toma de fuerza y \u200b\u200buna amplia variedad de componentes esenciales, cada uno meticulosamente dise\u00f1ado para satisfacer las necesidades espec\u00edficas de diversas aplicaciones.<\/p>\n<p>En FMP, comprendemos que cada cliente se enfrenta a retos distintos. Esta comprensi\u00f3n impulsa nuestra especializaci\u00f3n en ofrecer soluciones a medida, ya sea para componentes individuales o para sistemas totalmente integrados. Al colaborar estrechamente con nuestros clientes, garantizamos que cada soluci\u00f3n no solo satisfaga sus necesidades espec\u00edficas, sino que tambi\u00e9n mejore el rendimiento y maximice el valor. Nuestro compromiso con respuestas profesionales y oportunas, y nuestra asesor\u00eda experta garantizan que cada consulta se aborde con precisi\u00f3n, ofreciendo siempre resultados \u00f3ptimos.<\/p>\n<p>Ponemos gran \u00e9nfasis en una comunicaci\u00f3n clara y continua durante todo el ciclo de desarrollo del producto. Nuestro equipo dedicado trabaja en estrecha colaboraci\u00f3n con nuestros clientes para comprender a fondo sus necesidades y brindar informaci\u00f3n y recomendaciones valiosas que garanticen los mejores resultados. Ya sea que dise\u00f1emos productos de vanguardia o atendamos pedidos rutinarios, en FMP nos comprometemos a entregar soluciones de alta calidad y precisi\u00f3n, siempre a tiempo. Nuestra misi\u00f3n es superar constantemente las expectativas de nuestros clientes, ofreciendo un servicio y resultados excepcionales en cada proyecto.<\/p>\n<p>La calidad es la base de las operaciones de FMP. Nos adherimos a los m\u00e1s altos est\u00e1ndares de fabricaci\u00f3n e implementamos rigurosos procesos de control de calidad para garantizar que cada producto no solo cumpla, sino que supere los est\u00e1ndares de la industria. Esta inquebrantable dedicaci\u00f3n a la excelencia, combinada con nuestros valores fundamentales de integridad, trabajo en equipo y perseverancia, nos ha permitido forjar relaciones duraderas y de confianza con clientes en casi 30 pa\u00edses de todo el mundo.<\/p>\n<p>En FMP, nos esforzamos constantemente por cultivar alianzas globales, ofreciendo asesoramiento experto y soluciones personalizadas que satisfagan las necesidades cambiantes de nuestros clientes. Nuestro objetivo es construir relaciones duraderas y mutuamente beneficiosas que contribuyan al \u00e9xito de cada proyecto. Ya sea que necesite soluciones innovadoras para una nueva iniciativa o soporte continuo para un sistema existente, en FMP estamos listos para ayudarle a superar los desaf\u00edos t\u00e9cnicos y garantizar su \u00e9xito continuo.<\/p>\n<p><img loading=\"lazy\" decoding=\"async\" class=\"alignnone wp-image-2695\" src=\"https:\/\/fmp-components.com\/wp-content\/uploads\/2025\/01\/agricultural-gearbox3.webp\" alt=\"caja de cambios agr\u00edcola\" width=\"1140\" height=\"1138\" title=\"\" srcset=\"https:\/\/fmp-components.com\/wp-content\/uploads\/2025\/01\/agricultural-gearbox3.webp 1140w, https:\/\/fmp-components.com\/wp-content\/uploads\/2025\/01\/agricultural-gearbox3-480x479.webp 480w\" sizes=\"(min-width: 0px) and (max-width: 480px) 480px, (min-width: 481px) 1140px, 100vw\" \/><\/p>\n<p>Autor: CX<\/p>","protected":false},"excerpt":{"rendered":"<p>Grain Storage Gearbox FMP-5490 Specifications Product Name Grain storage gearbox Material HT250 for housing, 20CrMnTi for gear shaft. Color Customization Weight 21KG Ratio 1.5:1 Power 40HP Used Grain storage Benefits of Using the L Series Grain Storage Gearbox for Agricultural The L Series Grain Storage Gearbox offers several key benefits for agricultural applications, particularly in [&hellip;]<\/p>","protected":false},"featured_media":3103,"comment_status":"open","ping_status":"closed","template":"","meta":{"_et_pb_use_builder":"","_et_pb_old_content":"","_et_gb_content_width":""},"product_brand":[],"product_cat":[73],"product_tag":[],"class_list":{"0":"post-3102","1":"product","2":"type-product","3":"status-publish","4":"has-post-thumbnail","6":"product_cat-grain-storage-gearbox","8":"first","9":"instock","10":"shipping-taxable","11":"product-type-simple"},"_links":{"self":[{"href":"https:\/\/fmp-components.com\/es\/wp-json\/wp\/v2\/product\/3102","targetHints":{"allow":["GET"]}}],"collection":[{"href":"https:\/\/fmp-components.com\/es\/wp-json\/wp\/v2\/product"}],"about":[{"href":"https:\/\/fmp-components.com\/es\/wp-json\/wp\/v2\/types\/product"}],"replies":[{"embeddable":true,"href":"https:\/\/fmp-components.com\/es\/wp-json\/wp\/v2\/comments?post=3102"}],"wp:featuredmedia":[{"embeddable":true,"href":"https:\/\/fmp-components.com\/es\/wp-json\/wp\/v2\/media\/3103"}],"wp:attachment":[{"href":"https:\/\/fmp-components.com\/es\/wp-json\/wp\/v2\/media?parent=3102"}],"wp:term":[{"taxonomy":"product_brand","embeddable":true,"href":"https:\/\/fmp-components.com\/es\/wp-json\/wp\/v2\/product_brand?post=3102"},{"taxonomy":"product_cat","embeddable":true,"href":"https:\/\/fmp-components.com\/es\/wp-json\/wp\/v2\/product_cat?post=3102"},{"taxonomy":"product_tag","embeddable":true,"href":"https:\/\/fmp-components.com\/es\/wp-json\/wp\/v2\/product_tag?post=3102"}],"curies":[{"name":"gracias","href":"https:\/\/api.w.org\/{rel}","templated":true}]}}