{"id":3094,"date":"2025-01-05T00:29:23","date_gmt":"2025-01-05T00:29:23","guid":{"rendered":"https:\/\/fmp-components.com\/?page_id=8"},"modified":"2025-01-05T00:53:33","modified_gmt":"2025-01-05T00:53:33","slug":"t-series-grain-storage-gearbox-fmp-4090-for-agricultural-grain-storage","status":"publish","type":"product","link":"https:\/\/fmp-components.com\/es\/product\/t-series-grain-storage-gearbox-fmp-4090-for-agricultural-grain-storage\/","title":{"rendered":"Caja de engranajes para almacenamiento de granos serie T FMP-4090 para almacenamiento de granos agr\u00edcolas"},"content":{"rendered":"<h2>Especificaciones de la caja reductora de almacenamiento de grano serie T FMP-4090<\/h2>\n<table style=\"width: 97.8083%; height: 184px;\" border=\"1\" cellspacing=\"0\" cellpadding=\"0\">\n<tbody>\n<tr class=\"firstRow\">\n<td>Nombre del producto<\/td>\n<td>Caja de engranajes para almacenamiento de granos<\/td>\n<\/tr>\n<tr>\n<td>Material<\/td>\n<td>A380 para la carcasa, 40CrMnTi para el eje del engranaje.<\/td>\n<\/tr>\n<tr>\n<td>Color<\/td>\n<td>Personalizado<\/td>\n<\/tr>\n<tr>\n<td>Relaci\u00f3n<\/td>\n<td>1:35:1<\/td>\n<\/tr>\n<tr>\n<td>Potencia de tasa<\/td>\n<td>45 CV<\/td>\n<\/tr>\n<tr>\n<td>Peso<\/td>\n<td>13,2 kg<\/td>\n<\/tr>\n<tr>\n<td>Usado<\/td>\n<td>Almacenamiento de granos<\/td>\n<\/tr>\n<\/tbody>\n<\/table>\n<h2>Ventajas del uso de la caja reductora de almacenamiento de grano de la serie T para la agricultura<\/h2>\n<p>La caja reductora de la serie T para almacenamiento de grano ofrece numerosas ventajas para aplicaciones agr\u00edcolas, en particular para sistemas de almacenamiento de grano. Estas son las principales ventajas de usar esta caja reductora:<\/p>\n<p><strong>1. Mayor durabilidad y fiabilidad<\/strong><\/p>\n<ul>\n<li>Rendimiento duradero: Las cajas de cambios de la serie T est\u00e1n fabricadas con materiales robustos y una ingenier\u00eda de precisi\u00f3n, lo que garantiza su resistencia a las duras condiciones t\u00edpicas de los entornos agr\u00edcolas. Esta durabilidad se traduce en menos aver\u00edas y una mayor vida \u00fatil, reduciendo los costes de mantenimiento y el tiempo de inactividad.<\/li>\n<\/ul>\n<p><strong>2. Alta eficiencia<\/strong><\/p>\n<ul>\n<li>Transmisi\u00f3n de potencia optimizada: Las cajas de engranajes est\u00e1n dise\u00f1adas para proporcionar una transmisi\u00f3n de potencia eficiente, lo que garantiza el funcionamiento fluido de todo el sistema de manipulaci\u00f3n y almacenamiento de grano. Esta eficiencia ayuda a reducir el consumo de energ\u00eda, disminuyendo los costos operativos y manteniendo un rendimiento \u00f3ptimo.<\/li>\n<\/ul>\n<p><strong>3. Opciones de personalizaci\u00f3n<\/strong><\/p>\n<ul>\n<li>Adaptada a necesidades espec\u00edficas: La serie T se puede personalizar para satisfacer las demandas espec\u00edficas de diferentes aplicaciones de almacenamiento de grano. Ya sea para operaciones a peque\u00f1a escala o grandes instalaciones de almacenamiento, esta caja de cambios se adapta a diversas configuraciones y tama\u00f1os de sistema.<\/li>\n<\/ul>\n<p><strong>4. Funcionamiento suave<\/strong><\/p>\n<ul>\n<li>Reducci\u00f3n de ruido y vibraciones: El dise\u00f1o y la construcci\u00f3n avanzados de la caja de cambios de la serie T minimizan el ruido y las vibraciones durante el funcionamiento. Esto crea un entorno de trabajo m\u00e1s silencioso y estable, lo que contribuye a un mejor rendimiento general del sistema.<\/li>\n<\/ul>\n<p><strong>5. Mejora del manejo de granos<\/strong><\/p>\n<ul>\n<li>Funcionamiento constante: Gracias a su transmisi\u00f3n de potencia fiable y su control preciso, la caja de cambios de la serie T garantiza un funcionamiento uniforme y constante de los equipos de manipulaci\u00f3n de grano, como cintas transportadoras y sinfines. Esto ayuda a prevenir da\u00f1os en el grano y asegura un almacenamiento eficiente.<\/li>\n<\/ul>\n<p>El uso de la caja reductora de almacenamiento de grano de la serie T en aplicaciones agr\u00edcolas mejora la eficiencia, reduce los costos operativos y prolonga la vida \u00fatil del equipo, manteniendo una alta confiabilidad y bajos requisitos de mantenimiento. Estas ventajas la convierten en una excelente opci\u00f3n para cualquier instalaci\u00f3n moderna de almacenamiento de grano, garantizando operaciones m\u00e1s fluidas y un mayor retorno de la inversi\u00f3n.<\/p>\n<table style=\"border-collapse: collapse; width: 102.065%; height: 354px;\" border=\"0\" width=\"128\" cellspacing=\"0\" cellpadding=\"0\">\n<tbody>\n<tr style=\"height: 13.8pt;\">\n<td style=\"height: 13.8pt; width: 48.318%;\" align=\"right\" width=\"64\" height=\"18\"><img loading=\"lazy\" decoding=\"async\" class=\"alignnone size-full wp-image-3099\" src=\"https:\/\/fmp-components.com\/wp-content\/uploads\/2025\/01\/T-Series-Grain-Storage-Gearbox-for-Agricultural-1.webp\" alt=\"Caja de cambios para almacenamiento de granos\" width=\"1000\" height=\"623\" title=\"\" srcset=\"https:\/\/fmp-components.com\/wp-content\/uploads\/2025\/01\/T-Series-Grain-Storage-Gearbox-for-Agricultural-1.webp 1000w, https:\/\/fmp-components.com\/wp-content\/uploads\/2025\/01\/T-Series-Grain-Storage-Gearbox-for-Agricultural-1-980x611.webp 980w, https:\/\/fmp-components.com\/wp-content\/uploads\/2025\/01\/T-Series-Grain-Storage-Gearbox-for-Agricultural-1-480x299.webp 480w\" sizes=\"(min-width: 0px) and (max-width: 480px) 480px, (min-width: 481px) and (max-width: 980px) 980px, (min-width: 981px) 1000px, 100vw\" \/><\/td>\n<td style=\"width: 51.58%;\" align=\"right\" width=\"64\"><img loading=\"lazy\" decoding=\"async\" class=\"alignnone size-full wp-image-3101\" src=\"https:\/\/fmp-components.com\/wp-content\/uploads\/2025\/01\/Grain-Storage-Gearbox-21.webp\" alt=\"Caja de cambios para almacenamiento de granos\" width=\"946\" height=\"551\" title=\"\" srcset=\"https:\/\/fmp-components.com\/wp-content\/uploads\/2025\/01\/Grain-Storage-Gearbox-21.webp 946w, https:\/\/fmp-components.com\/wp-content\/uploads\/2025\/01\/Grain-Storage-Gearbox-21-480x280.webp 480w\" sizes=\"(min-width: 0px) and (max-width: 480px) 480px, (min-width: 481px) 946px, 100vw\" \/><\/td>\n<\/tr>\n<\/tbody>\n<\/table>\n<h2>Aplicaciones de la caja reductora de almacenamiento de grano de la serie T para la agricultura<\/h2>\n<p>La caja reductora para almacenamiento de grano de la serie T se utiliza ampliamente en diversas aplicaciones agr\u00edcolas, en particular en aquellas relacionadas con el manejo y almacenamiento de grano. Su dise\u00f1o robusto y su eficiencia la convierten en un componente esencial para muchas operaciones agr\u00edcolas. A continuaci\u00f3n, se presentan algunas de las aplicaciones clave de la caja reductora para almacenamiento de grano de la serie T:<\/p>\n<p><strong>1. Sistemas de transporte de granos<\/strong><\/p>\n<ul>\n<li>Funci\u00f3n: La caja de cambios acciona las cintas transportadoras que trasladan el grano de un lugar a otro dentro de las instalaciones de almacenamiento o entre diferentes etapas de procesamiento.<\/li>\n<li>Aplicaci\u00f3n: Utilizada en elevadores de cangilones, transportadores horizontales y transportadores inclinados, la caja de cambios de la serie T garantiza un movimiento de grano suave y eficiente, reduciendo el riesgo de atascos y retrasos.<\/li>\n<\/ul>\n<p><strong>2. Sinfines para grano<\/strong><\/p>\n<ul>\n<li>Funci\u00f3n: Los sinfines se utilizan habitualmente para la carga y descarga de grano de camiones o silos. La caja de cambios de la serie T acciona el sistema de sinfines, garantizando un flujo de grano fiable y continuo.<\/li>\n<li>Aplicaci\u00f3n: La caja de cambios garantiza una rotaci\u00f3n constante y un control \u00f3ptimo, evitando bloqueos y minimizando el desgaste del sistema de tornillo sin fin, mejorando as\u00ed la eficiencia operativa.<\/li>\n<\/ul>\n<p><strong>3. Sistemas de secado de granos<\/strong><\/p>\n<ul>\n<li>Funci\u00f3n: En las secadoras de grano, la caja de cambios acciona el tambor giratorio o los sistemas de transporte que hacen circular el grano para un secado uniforme.<\/li>\n<li>Aplicaci\u00f3n: Al proporcionar el par necesario, la caja de cambios de la serie T garantiza un secado eficiente y eficaz, crucial para mantener la calidad del grano y reducir el contenido de humedad.<\/li>\n<\/ul>\n<p><strong>4. Operaciones de silos de almacenamiento de granos<\/strong><\/p>\n<ul>\n<li>Funci\u00f3n: La caja de cambios de la serie T acciona varios mecanismos dentro de los silos de grano, incluidos los sistemas de aireaci\u00f3n, los sinfines de descarga y las cintas transportadoras.<\/li>\n<li>Aplicaci\u00f3n: Garantiza el movimiento fluido y fiable del grano dentro y fuera de los silos, favoreciendo mejores condiciones de almacenamiento y reduciendo el potencial de deterioro debido a una mala aireaci\u00f3n.<\/li>\n<\/ul>\n<p><strong>5. Equipos para la limpieza y clasificaci\u00f3n de granos<\/strong><\/p>\n<ul>\n<li>Funci\u00f3n: La caja de cambios se utiliza para accionar los motores de la maquinaria de limpieza y clasificaci\u00f3n, como cribas vibratorias, limpiadoras y clasificadoras, que se utilizan para preparar el grano para su almacenamiento o venta.<\/li>\n<li>Aplicaci\u00f3n: Gracias a su eficiente transmisi\u00f3n de potencia, la caja de cambios de la serie T garantiza un rendimiento constante de los equipos de limpieza, ayudando a eliminar las impurezas y asegurando que solo se almacene o env\u00ede grano de alta calidad.<\/li>\n<\/ul>\n<p>La caja reductora de la serie T para almacenamiento de grano es un componente indispensable en numerosos procesos agr\u00edcolas, ya que proporciona una transmisi\u00f3n de potencia fiable y eficiente para diversos sistemas de manipulaci\u00f3n, procesamiento y almacenamiento de grano. Su versatilidad, eficiencia y durabilidad la hacen ideal para el transporte, secado, clasificaci\u00f3n, molienda y otras aplicaciones de grano, garantizando un funcionamiento \u00f3ptimo en una amplia gama de trabajos agr\u00edcolas.<\/p>\n<p><img loading=\"lazy\" decoding=\"async\" class=\"alignnone size-full wp-image-3096\" src=\"https:\/\/fmp-components.com\/wp-content\/uploads\/2025\/01\/Grain-Storage-Gearbox-28.webp\" alt=\"Caja de cambios para almacenamiento de granos\" width=\"1200\" height=\"950\" title=\"\" srcset=\"https:\/\/fmp-components.com\/wp-content\/uploads\/2025\/01\/Grain-Storage-Gearbox-28.webp 1200w, https:\/\/fmp-components.com\/wp-content\/uploads\/2025\/01\/Grain-Storage-Gearbox-28-980x776.webp 980w, https:\/\/fmp-components.com\/wp-content\/uploads\/2025\/01\/Grain-Storage-Gearbox-28-480x380.webp 480w\" sizes=\"(min-width: 0px) and (max-width: 480px) 480px, (min-width: 481px) and (max-width: 980px) 980px, (min-width: 981px) 1200px, 100vw\" \/><\/p>\n<h2>Acerca de FMP<\/h2>\n<p>Con sede en Italia, FMP es un fabricante l\u00edder reconocido por su experiencia en el dise\u00f1o, desarrollo y producci\u00f3n de cajas de cambios de alto rendimiento, con un enfoque principal en el sector de la maquinaria agr\u00edcola. Conocida por su ingenier\u00eda de precisi\u00f3n, soluciones innovadoras y fiabilidad inquebrantable, FMP se ha consolidado como un socio de confianza tanto en el mercado agr\u00edcola como en el industrial. Nuestro amplio cat\u00e1logo incluye cajas de cambios dise\u00f1adas a medida para cortac\u00e9spedes, ejes de toma de fuerza y \u200b\u200buna gran variedad de componentes cr\u00edticos, todos ellos elaborados con una meticulosa atenci\u00f3n al detalle para satisfacer las diversas necesidades de distintas aplicaciones.<\/p>\n<p>En FMP, sabemos que cada cliente se enfrenta a retos \u00fanicos. Por eso, nos especializamos en ofrecer soluciones a medida, ya sea para componentes individuales o sistemas totalmente integrados. Trabajando codo a codo con nuestros clientes, garantizamos que cada soluci\u00f3n no solo cumpla con sus requisitos espec\u00edficos, sino que tambi\u00e9n mejore el rendimiento y maximice el valor. Nuestro compromiso con respuestas r\u00e1pidas y profesionales, as\u00ed como con asesoramiento experto, asegura que cada consulta se gestione con precisi\u00f3n, logrando siempre resultados \u00f3ptimos.<\/p>\n<p>La comunicaci\u00f3n clara y continua es fundamental en nuestro enfoque durante todo el ciclo de desarrollo de productos. Nuestro equipo especializado colabora directamente con los clientes para comprender a fondo sus necesidades, ofreci\u00e9ndoles valiosas perspectivas y recomendaciones para lograr los mejores resultados. Ya sea que dise\u00f1emos productos innovadores o gestionemos pedidos rutinarios, en FMP mantenemos nuestro compromiso de entregar soluciones de alta calidad y precisi\u00f3n, siempre a tiempo. Nuestra misi\u00f3n es superar constantemente las expectativas de nuestros clientes, brind\u00e1ndoles un servicio excepcional y resultados sobresalientes en cada proyecto.<\/p>\n<p>La calidad es fundamental en todo lo que hacemos en FMP. Nos adherimos a los m\u00e1s altos est\u00e1ndares de fabricaci\u00f3n y aplicamos rigurosos controles de calidad para garantizar que cada producto no solo cumpla, sino que a menudo supere los est\u00e1ndares de la industria. Este compromiso con la excelencia, junto con nuestros valores fundamentales de integridad, trabajo en equipo y perseverancia, nos ha permitido construir relaciones a largo plazo basadas en la confianza con clientes en casi 30 pa\u00edses de todo el mundo.<\/p>\n<p>En FMP, siempre buscamos fomentar alianzas globales, ofreciendo asesoramiento experto y soluciones personalizadas para satisfacer las necesidades cambiantes de nuestros clientes. Nos dedicamos a construir relaciones a largo plazo y mutuamente beneficiosas que impulsen el \u00e9xito de cada proyecto. Ya sea que busque soluciones innovadoras para un nuevo emprendimiento o requiera soporte continuo para un sistema existente, FMP est\u00e1 aqu\u00ed para ayudarle a superar los desaf\u00edos t\u00e9cnicos y garantizar su \u00e9xito continuo.<\/p>\n<p><img loading=\"lazy\" decoding=\"async\" class=\"alignnone wp-image-2695\" src=\"https:\/\/fmp-components.com\/wp-content\/uploads\/2025\/01\/agricultural-gearbox3.webp\" alt=\"caja de cambios agr\u00edcola\" width=\"1140\" height=\"1138\" title=\"\" srcset=\"https:\/\/fmp-components.com\/wp-content\/uploads\/2025\/01\/agricultural-gearbox3.webp 1140w, https:\/\/fmp-components.com\/wp-content\/uploads\/2025\/01\/agricultural-gearbox3-480x479.webp 480w\" sizes=\"(min-width: 0px) and (max-width: 480px) 480px, (min-width: 481px) 1140px, 100vw\" \/><\/p>\n<p>Autor: CX<\/p>","protected":false},"excerpt":{"rendered":"<p>T Series Grain Storage Gearbox FMP-4090 Specifications Product Name Grain storage gearbox Material A380 for housing, 40CrMnTi for gear shaft. Color Customized Ratio 1:35:1 Rate power 45HP Weight 13.2KG Used Grain storage Benefits of Using the T Series Grain Storage Gearbox for Agricultural The T Series Grain Storage Gearbox offers numerous advantages for agricultural applications, [&hellip;]<\/p>","protected":false},"featured_media":3098,"comment_status":"open","ping_status":"closed","template":"","meta":{"_et_pb_use_builder":"","_et_pb_old_content":"","_et_gb_content_width":""},"product_brand":[],"product_cat":[73],"product_tag":[],"class_list":{"0":"post-3094","1":"product","2":"type-product","3":"status-publish","4":"has-post-thumbnail","6":"product_cat-grain-storage-gearbox","8":"first","9":"instock","10":"shipping-taxable","11":"product-type-simple"},"_links":{"self":[{"href":"https:\/\/fmp-components.com\/es\/wp-json\/wp\/v2\/product\/3094","targetHints":{"allow":["GET"]}}],"collection":[{"href":"https:\/\/fmp-components.com\/es\/wp-json\/wp\/v2\/product"}],"about":[{"href":"https:\/\/fmp-components.com\/es\/wp-json\/wp\/v2\/types\/product"}],"replies":[{"embeddable":true,"href":"https:\/\/fmp-components.com\/es\/wp-json\/wp\/v2\/comments?post=3094"}],"wp:featuredmedia":[{"embeddable":true,"href":"https:\/\/fmp-components.com\/es\/wp-json\/wp\/v2\/media\/3098"}],"wp:attachment":[{"href":"https:\/\/fmp-components.com\/es\/wp-json\/wp\/v2\/media?parent=3094"}],"wp:term":[{"taxonomy":"product_brand","embeddable":true,"href":"https:\/\/fmp-components.com\/es\/wp-json\/wp\/v2\/product_brand?post=3094"},{"taxonomy":"product_cat","embeddable":true,"href":"https:\/\/fmp-components.com\/es\/wp-json\/wp\/v2\/product_cat?post=3094"},{"taxonomy":"product_tag","embeddable":true,"href":"https:\/\/fmp-components.com\/es\/wp-json\/wp\/v2\/product_tag?post=3094"}],"curies":[{"name":"gracias","href":"https:\/\/api.w.org\/{rel}","templated":true}]}}