{"id":3088,"date":"2025-01-04T08:55:19","date_gmt":"2025-01-04T08:55:19","guid":{"rendered":"https:\/\/fmp-components.com\/?page_id=8"},"modified":"2025-01-04T09:00:03","modified_gmt":"2025-01-04T09:00:03","slug":"agricultural-combine-harvester-reversing-gearbox-for-rice-harvesting","status":"publish","type":"product","link":"https:\/\/fmp-components.com\/es\/product\/agricultural-combine-harvester-reversing-gearbox-for-rice-harvesting\/","title":{"rendered":"Caja de cambios reversible para cosechadora agr\u00edcola para la cosecha de arroz"},"content":{"rendered":"<p><img loading=\"lazy\" decoding=\"async\" class=\"alignnone size-full wp-image-3090\" src=\"https:\/\/fmp-components.com\/wp-content\/uploads\/2025\/01\/10_Combine-Harvester-Gearbox-2.webp\" alt=\"Caja de cambios de la cosechadora\" width=\"1534\" height=\"1138\" title=\"\" srcset=\"https:\/\/fmp-components.com\/wp-content\/uploads\/2025\/01\/10_Combine-Harvester-Gearbox-2.webp 1534w, https:\/\/fmp-components.com\/wp-content\/uploads\/2025\/01\/10_Combine-Harvester-Gearbox-2-1280x950.webp 1280w, https:\/\/fmp-components.com\/wp-content\/uploads\/2025\/01\/10_Combine-Harvester-Gearbox-2-980x727.webp 980w, https:\/\/fmp-components.com\/wp-content\/uploads\/2025\/01\/10_Combine-Harvester-Gearbox-2-480x356.webp 480w\" sizes=\"(min-width: 0px) and (max-width: 480px) 480px, (min-width: 481px) and (max-width: 980px) 980px, (min-width: 981px) and (max-width: 1280px) 1280px, (min-width: 1281px) 1534px, 100vw\" \/><\/p>\n<h2>Especificaciones del producto:<\/h2>\n<table style=\"width: 86.1946%; height: 161px;\" border=\"1\" cellspacing=\"0\" cellpadding=\"0\">\n<tbody>\n<tr>\n<td>Nombre del producto<\/td>\n<td>Cosechadora corta con inversi\u00f3n de marcha para cosechadora de arroz<\/td>\n<\/tr>\n<tr>\n<td>Material<\/td>\n<td>QT450 para carcasa, 20CrMnTi para eje de engranaje.<\/td>\n<\/tr>\n<tr>\n<td>Color<\/td>\n<td>Personalizaci\u00f3n<\/td>\n<\/tr>\n<tr>\n<td>Modelo<\/td>\n<td>\u00a0FMP-1.6Z.03-05<\/td>\n<\/tr>\n<tr>\n<td>Usado<\/td>\n<td>Cosechadora de arroz<\/td>\n<\/tr>\n<\/tbody>\n<\/table>\n<h2>Ventajas de utilizar la caja de cambios reversible de la cosechadora<\/h2>\n<p>La caja de cambios reversible para cosechadoras ofrece varias ventajas significativas que mejoran la eficiencia y la funcionalidad de la cosechadora. A continuaci\u00f3n, se presentan algunas ventajas clave de usar esta caja de cambios especializada:<\/p>\n<p><strong>1. Maniobrabilidad mejorada<\/strong><\/p>\n<ul>\n<li>La caja de cambios reversible permite que la cosechadora invierta la marcha f\u00e1cilmente sin necesidad de maniobras complejas ni de detenerse y dar la vuelta. Esto resulta especialmente \u00fatil en espacios reducidos o al ajustar la posici\u00f3n en el campo, mejorando as\u00ed la eficiencia operativa general.<\/li>\n<\/ul>\n<p><strong>2. Mayor eficiencia operativa<\/strong><\/p>\n<ul>\n<li>Gracias a una caja de cambios reversible, la cosechadora puede cambiar de direcci\u00f3n r\u00e1pidamente sin tener que desembragar ni cambiar de marcha. Esto permite transiciones m\u00e1s suaves y r\u00e1pidas al entrar y salir de zonas con cultivos densos, lo que reduce el tiempo de inactividad y mejora la eficiencia de la cosecha.<\/li>\n<\/ul>\n<p><strong>3. Mayor productividad<\/strong><\/p>\n<ul>\n<li>Al permitir una r\u00e1pida reversi\u00f3n sin detenerse, los operadores pueden evitar retrasos y reducir el tiempo dedicado a reposicionar la m\u00e1quina. Esto se traduce en un mayor rendimiento general durante el proceso de cosecha, especialmente en campos que requieren cambios de direcci\u00f3n frecuentes debido a obst\u00e1culos, giros o terreno irregular.<\/li>\n<\/ul>\n<p><strong>4. Mayor versatilidad<\/strong><\/p>\n<ul>\n<li>La caja de cambios reversible proporciona mayor flexibilidad en las condiciones de trabajo. Ayuda a la cosechadora a adaptarse a diversas tareas, como la limpieza de residuos de cultivo, la marcha atr\u00e1s para ajustar la posici\u00f3n del cabezal o la maniobrabilidad para sortear obst\u00e1culos, todo ello sin necesidad de cambiar de marcha ni detener el trabajo.<\/li>\n<\/ul>\n<p><strong>5. Menor desgaste<\/strong><\/p>\n<ul>\n<li>La caja de cambios permite un funcionamiento m\u00e1s suave al dar marcha atr\u00e1s, lo que reduce el desgaste de otros componentes cr\u00edticos como el embrague y la transmisi\u00f3n. Tambi\u00e9n minimiza la necesidad de intervenci\u00f3n manual, prolongando la vida \u00fatil del tren motriz del veh\u00edculo y reduciendo el riesgo de fallos mec\u00e1nicos.<\/li>\n<\/ul>\n<p>En resumen, la caja de cambios reversible para cosechadoras ofrece ventajas como mayor maniobrabilidad, eficiencia operativa y productividad, adem\u00e1s de mejorar la seguridad, reducir el desgaste y optimizar el consumo de combustible. Estas ventajas la convierten en un componente indispensable en las operaciones de cosechadoras modernas, garantizando un ahorro de tiempo y costes para los agricultores.<\/p>\n<p><img loading=\"lazy\" decoding=\"async\" class=\"alignnone  wp-image-3091\" src=\"https:\/\/fmp-components.com\/wp-content\/uploads\/2025\/01\/10_Combine-Harvester-Gearbox-12.webp\" alt=\"Caja de cambios de la cosechadora\" width=\"1078\" height=\"609\" title=\"\" srcset=\"https:\/\/fmp-components.com\/wp-content\/uploads\/2025\/01\/10_Combine-Harvester-Gearbox-12.webp 1078w, https:\/\/fmp-components.com\/wp-content\/uploads\/2025\/01\/10_Combine-Harvester-Gearbox-12-980x554.webp 980w, https:\/\/fmp-components.com\/wp-content\/uploads\/2025\/01\/10_Combine-Harvester-Gearbox-12-480x271.webp 480w\" sizes=\"(min-width: 0px) and (max-width: 480px) 480px, (min-width: 481px) and (max-width: 980px) 980px, (min-width: 981px) 1078px, 100vw\" \/><\/p>\n<h2>Componentes clave de la caja de cambios reversible de la cosechadora<\/h2>\n<div class=\"flex-shrink-0 flex flex-col relative items-end\">\n<div>\n<div class=\"pt-0\">\n<div class=\"gizmo-bot-avatar flex h-8 w-8 items-center justify-center overflow-hidden rounded-full\">\n<div class=\"relative p-1 rounded-sm flex items-center justify-center bg-token-main-surface-primary text-token-text-primary h-8 w-8\">La caja de cambios reversible de la cosechadora es un componente esencial en las cosechadoras modernas, ya que permite que la m\u00e1quina invierta la marcha de forma eficiente y suave sin necesidad de cambiar de marcha manualmente. Integra varios componentes mec\u00e1nicos que trabajan conjuntamente para proporcionar una transmisi\u00f3n y un control de potencia fiables. Estos son los componentes clave de la caja de cambios reversible de una cosechadora:<\/div>\n<\/div>\n<\/div>\n<\/div>\n<\/div>\n<div class=\"group\/conversation-turn relative flex w-full min-w-0 flex-col agent-turn\">\n<div class=\"flex-col gap-1 md:gap-3\">\n<div class=\"flex max-w-full flex-col flex-grow\">\n<div class=\"min-h-8 text-message flex w-full flex-col items-end gap-2 whitespace-normal break-words text-start [.text-message+&amp;]:mt-5\" dir=\"auto\" data-message-author-role=\"assistant\" data-message-id=\"e6cb3039-0226-4bda-ac7c-bde40b961baf\" data-message-model-slug=\"gpt-4o-mini\">\n<div class=\"flex w-full flex-col gap-1 empty:hidden first:pt-[3px]\">\n<div class=\"markdown prose w-full break-words dark:prose-invert light\">\n<p><strong>1. Eje de entrada<\/strong><\/p>\n<ul>\n<li>El eje de entrada transmite la potencia del motor a la caja de cambios. Es la conexi\u00f3n principal a trav\u00e9s de la cual la fuerza rotacional del motor entra en la caja de cambios, iniciando el proceso de cambio de marcha.<\/li>\n<\/ul>\n<p><strong>2. Juego de marcha atr\u00e1s<\/strong><\/p>\n<ul>\n<li>Este conjunto de engranajes se encarga de cambiar la direcci\u00f3n de rotaci\u00f3n. Al activarse, invierte la direcci\u00f3n del eje de salida, lo que permite que la cosechadora se mueva hacia atr\u00e1s. El conjunto de engranajes de reversa generalmente consta de engranajes locos, engranajes rectos y pi\u00f1ones, que se acoplan y desacoplan para invertir la rotaci\u00f3n.<\/li>\n<\/ul>\n<p><strong>3. Carcasa de la caja de cambios principal<\/strong><\/p>\n<ul>\n<li>La carcasa de la caja de engranajes es la carcasa exterior que contiene y protege todos los componentes internos. Generalmente, est\u00e1 fabricada con materiales duraderos, como hierro fundido o acero, para soportar los altos niveles de tensi\u00f3n y presi\u00f3n que se producen durante el funcionamiento. La carcasa tambi\u00e9n garantiza la correcta alineaci\u00f3n de engranajes y ejes.<\/li>\n<\/ul>\n<p><strong>4. Eje de salida<\/strong><\/p>\n<ul>\n<li>El eje de salida transmite la potencia desde la caja de cambios al tren de potencia de la cosechadora. Este eje est\u00e1 conectado a las ruedas u orugas de la cosechadora, lo que le permite avanzar o retroceder seg\u00fan la marcha.<\/li>\n<\/ul>\n<p><strong>5. Mecanismo de embrague<\/strong><\/p>\n<ul>\n<li>El embrague se utiliza para conectar o desconectar la transmisi\u00f3n de la caja de cambios. Permite al operador controlar la conexi\u00f3n entre el motor y la caja de cambios, garantizando un cambio de marcha suave. En la caja de cambios reversible, el embrague facilita el avance y la marcha atr\u00e1s.<\/li>\n<\/ul>\n<p>Estos componentes clave trabajan en conjunto para proporcionar un sistema de inversi\u00f3n de marcha altamente eficiente y confiable para cosechadoras. La caja de cambios reversible permite a los operadores alternar f\u00e1cilmente entre los movimientos de avance y retroceso, mejorando la maniobrabilidad, la productividad y la eficiencia operativa en el campo.<\/p>\n<p><img loading=\"lazy\" decoding=\"async\" class=\"alignnone size-full wp-image-3092\" src=\"https:\/\/fmp-components.com\/wp-content\/uploads\/2025\/01\/10_Combine-Harvester-Gearbox-14.webp\" alt=\"Caja de cambios de la cosechadora\" width=\"1280\" height=\"720\" title=\"\" srcset=\"https:\/\/fmp-components.com\/wp-content\/uploads\/2025\/01\/10_Combine-Harvester-Gearbox-14.webp 1280w, https:\/\/fmp-components.com\/wp-content\/uploads\/2025\/01\/10_Combine-Harvester-Gearbox-14-980x551.webp 980w, https:\/\/fmp-components.com\/wp-content\/uploads\/2025\/01\/10_Combine-Harvester-Gearbox-14-480x270.webp 480w\" sizes=\"(min-width: 0px) and (max-width: 480px) 480px, (min-width: 481px) and (max-width: 980px) 980px, (min-width: 981px) 1280px, 100vw\" \/><\/p>\n<h2>Acerca de FMP<\/h2>\n<p>Con sede en Italia, FMP es un fabricante l\u00edder reconocido por su experiencia en el dise\u00f1o, desarrollo y producci\u00f3n de cajas de engranajes de alto rendimiento, con un enfoque principal en el sector de la maquinaria agr\u00edcola. Conocido por su ingenier\u00eda de precisi\u00f3n, soluciones innovadoras y una fiabilidad inquebrantable, FMP se ha consolidado como un socio de confianza tanto en el mercado agr\u00edcola como en el industrial. Nuestra completa cartera incluye cajas de engranajes dise\u00f1adas a medida para cortac\u00e9spedes, ejes de toma de fuerza y \u200b\u200buna amplia gama de componentes esenciales, todos meticulosamente dise\u00f1ados para satisfacer las necesidades espec\u00edficas de diversas aplicaciones.<\/p>\n<p>En FMP, comprendemos que cada cliente se enfrenta a retos \u00fanicos. Por eso nos especializamos en ofrecer soluciones a medida, ya sea para componentes individuales o para sistemas totalmente integrados. Gracias a nuestra estrecha colaboraci\u00f3n con nuestros clientes, garantizamos que cada soluci\u00f3n no solo satisfaga sus necesidades, sino que tambi\u00e9n optimice el rendimiento y maximice el valor. Nuestro compromiso con respuestas r\u00e1pidas y profesionales, y nuestra asesor\u00eda experta garantiza que cada consulta se aborde con precisi\u00f3n, garantizando siempre los mejores resultados.<\/p>\n<p>Priorizamos la comunicaci\u00f3n clara y continua durante todo el ciclo de desarrollo del producto. Nuestro equipo dedicado trabaja en estrecha colaboraci\u00f3n con los clientes para comprender a fondo sus necesidades y brindar informaci\u00f3n y recomendaciones valiosas para lograr resultados \u00f3ptimos. Ya sea dise\u00f1ando productos de vanguardia o atendiendo pedidos rutinarios, FMP se compromete a entregar soluciones de alta calidad y precisi\u00f3n, siempre a tiempo. Nuestra misi\u00f3n es superar constantemente las expectativas de los clientes, brindando un servicio y resultados excepcionales en cada proyecto.<\/p>\n<p>La calidad es la base de las operaciones de FMP. Mantenemos los m\u00e1s altos est\u00e1ndares de fabricaci\u00f3n e implementamos rigurosos controles de calidad para garantizar que cada producto cumpla, e incluso supere, los est\u00e1ndares de la industria. Este compromiso con la excelencia, junto con nuestros valores fundamentales de integridad, trabajo en equipo y perseverancia, nos ha permitido forjar relaciones duraderas y de confianza con clientes en casi 30 pa\u00edses de todo el mundo.<\/p>\n<p>En FMP, nos esforzamos constantemente por cultivar alianzas globales, ofreciendo asesoramiento experto y soluciones personalizadas que aborden las necesidades cambiantes de nuestros clientes. Nos esforzamos por construir relaciones duraderas y mutuamente beneficiosas que contribuyan al \u00e9xito de cada proyecto. Ya sea que necesite soluciones innovadoras para una nueva iniciativa o soporte continuo para un sistema existente, en FMP estamos listos para ayudarle a superar los desaf\u00edos t\u00e9cnicos y garantizar su \u00e9xito continuo.<\/p>\n<p><img loading=\"lazy\" decoding=\"async\" class=\"alignnone wp-image-2695\" src=\"https:\/\/fmp-components.com\/wp-content\/uploads\/2025\/01\/agricultural-gearbox3.webp\" alt=\"caja de cambios agr\u00edcola\" width=\"1140\" height=\"1138\" title=\"\" srcset=\"https:\/\/fmp-components.com\/wp-content\/uploads\/2025\/01\/agricultural-gearbox3.webp 1140w, https:\/\/fmp-components.com\/wp-content\/uploads\/2025\/01\/agricultural-gearbox3-480x479.webp 480w\" sizes=\"(min-width: 0px) and (max-width: 480px) 480px, (min-width: 481px) 1140px, 100vw\" \/><\/p>\n<p>Autor: CX<\/p>\n<\/div>\n<\/div>\n<\/div>\n<\/div>\n<\/div>\n<\/div>","protected":false},"excerpt":{"rendered":"<p>Product Specifications: Product Name Short harvester reversing for rice harvester Material QT450 for housing, 20CrMnTi for gear shaft. Color Customization Model \u00a0FMP-1.6Z.03-05 Used Rice harvester Advantages of Using the Combine Harvester Reversing Gearbox The Combine Harvester Reversing Gearbox offers several significant advantages that enhance the efficiency and functionality of the harvester. Here are some key [&hellip;]<\/p>","protected":false},"featured_media":3093,"comment_status":"open","ping_status":"closed","template":"","meta":{"_et_pb_use_builder":"","_et_pb_old_content":"","_et_gb_content_width":""},"product_brand":[],"product_cat":[72],"product_tag":[],"class_list":{"0":"post-3088","1":"product","2":"type-product","3":"status-publish","4":"has-post-thumbnail","6":"product_cat-combine-harvester-gearbox","8":"first","9":"instock","10":"shipping-taxable","11":"product-type-simple"},"_links":{"self":[{"href":"https:\/\/fmp-components.com\/es\/wp-json\/wp\/v2\/product\/3088","targetHints":{"allow":["GET"]}}],"collection":[{"href":"https:\/\/fmp-components.com\/es\/wp-json\/wp\/v2\/product"}],"about":[{"href":"https:\/\/fmp-components.com\/es\/wp-json\/wp\/v2\/types\/product"}],"replies":[{"embeddable":true,"href":"https:\/\/fmp-components.com\/es\/wp-json\/wp\/v2\/comments?post=3088"}],"wp:featuredmedia":[{"embeddable":true,"href":"https:\/\/fmp-components.com\/es\/wp-json\/wp\/v2\/media\/3093"}],"wp:attachment":[{"href":"https:\/\/fmp-components.com\/es\/wp-json\/wp\/v2\/media?parent=3088"}],"wp:term":[{"taxonomy":"product_brand","embeddable":true,"href":"https:\/\/fmp-components.com\/es\/wp-json\/wp\/v2\/product_brand?post=3088"},{"taxonomy":"product_cat","embeddable":true,"href":"https:\/\/fmp-components.com\/es\/wp-json\/wp\/v2\/product_cat?post=3088"},{"taxonomy":"product_tag","embeddable":true,"href":"https:\/\/fmp-components.com\/es\/wp-json\/wp\/v2\/product_tag?post=3088"}],"curies":[{"name":"gracias","href":"https:\/\/api.w.org\/{rel}","templated":true}]}}