{"id":3052,"date":"2025-01-04T07:31:52","date_gmt":"2025-01-04T07:31:52","guid":{"rendered":"https:\/\/fmp-components.com\/?page_id=8"},"modified":"2025-01-04T07:40:05","modified_gmt":"2025-01-04T07:40:05","slug":"fertilizer-seeder-gearbox-fmp35-for-fertilizer-broadcaster","status":"publish","type":"product","link":"https:\/\/fmp-components.com\/es\/product\/fertilizer-seeder-gearbox-fmp35-for-fertilizer-broadcaster\/","title":{"rendered":"Caja de engranajes para sembradora de fertilizantes FMP35 para distribuidora de fertilizantes"},"content":{"rendered":"<h2>Dimensiones de la caja de engranajes de la sembradora de fertilizantes FMP35<\/h2>\n<p><img loading=\"lazy\" decoding=\"async\" class=\"alignnone size-full wp-image-3053\" src=\"https:\/\/fmp-components.com\/wp-content\/uploads\/2025\/01\/Fertilizer-Seeder-Gearbox-EP35-Dimensions.webp\" alt=\"Dimensiones de la caja de engranajes de la sembradora de fertilizantes EP35\" width=\"1310\" height=\"868\" title=\"\" srcset=\"https:\/\/fmp-components.com\/wp-content\/uploads\/2025\/01\/Fertilizer-Seeder-Gearbox-EP35-Dimensions.webp 1310w, https:\/\/fmp-components.com\/wp-content\/uploads\/2025\/01\/Fertilizer-Seeder-Gearbox-EP35-Dimensions-1280x848.webp 1280w, https:\/\/fmp-components.com\/wp-content\/uploads\/2025\/01\/Fertilizer-Seeder-Gearbox-EP35-Dimensions-980x649.webp 980w, https:\/\/fmp-components.com\/wp-content\/uploads\/2025\/01\/Fertilizer-Seeder-Gearbox-EP35-Dimensions-480x318.webp 480w\" sizes=\"(min-width: 0px) and (max-width: 480px) 480px, (min-width: 481px) and (max-width: 980px) 980px, (min-width: 981px) and (max-width: 1280px) 1280px, (min-width: 1281px) 1310px, 100vw\" \/><\/p>\n<h2>Datos t\u00e9cnicos de la caja de engranajes de la sembradora de fertilizantes FMP35<\/h2>\n<table style=\"width: 97.7216%; height: 144px;\" border=\"1\" cellspacing=\"0\" cellpadding=\"0\">\n<tbody>\n<tr>\n<td colspan=\"2\" rowspan=\"2\">i<\/td>\n<td rowspan=\"2\">Adecuado<\/td>\n<td>Entrada de rpm<\/td>\n<td>Salida de rpm<\/td>\n<td>Par de salida<\/td>\n<td>Peso<\/td>\n<td rowspan=\"2\">Dentado<\/td>\n<\/tr>\n<tr>\n<td>r\/min<\/td>\n<td>r\/min<\/td>\n<td>Nuevo M\u00e9jico<\/td>\n<td>kilogramo<\/td>\n<\/tr>\n<tr>\n<td>Decelerar<\/td>\n<td>24.3:1<\/td>\n<td>Distribuidor de fertilizantes, etc.<\/td>\n<td>1000<\/td>\n<td>41<\/td>\n<td>3500<\/td>\n<td>47<\/td>\n<td>Gleason Helicoidal<br \/>\nDientes<\/td>\n<\/tr>\n<tr>\n<td colspan=\"8\">Observaci\u00f3n: si tiene alg\u00fan requisito especial, no dude en hac\u00e9rmelo saber, tambi\u00e9n aceptamos pedidos personalizados.<\/td>\n<\/tr>\n<\/tbody>\n<\/table>\n<table style=\"height: 191px;\" border=\"1\" width=\"1066\" cellspacing=\"0\" cellpadding=\"0\">\n<tbody>\n<tr>\n<td style=\"width: 403.458px;\">A<\/td>\n<td style=\"width: 244.833px;\">B<\/td>\n<td style=\"width: 410.597px;\">do<\/td>\n<\/tr>\n<tr>\n<td style=\"width: 403.458px;\">\u03a645<\/td>\n<td style=\"width: 244.833px;\">14<\/td>\n<td style=\"width: 410.597px;\">48.8<\/td>\n<\/tr>\n<tr>\n<td style=\"width: 403.458px;\">\u03a650<\/td>\n<td style=\"width: 244.833px;\">14<\/td>\n<td style=\"width: 410.597px;\">53.8<\/td>\n<\/tr>\n<tr>\n<td style=\"width: 403.458px;\">\u03a660<\/td>\n<td style=\"width: 244.833px;\">18<\/td>\n<td style=\"width: 410.597px;\">64.4<\/td>\n<\/tr>\n<\/tbody>\n<\/table>\n<h2>Beneficios de la caja de engranajes para sembradora de fertilizantes FMP35 para la fertilizadora de difusi\u00f3n<\/h2>\n<p>La caja de engranajes para sembradora de fertilizantes FMP35 es un componente clave en las sembradoras de fertilizantes, ofreciendo diversas ventajas que mejoran la eficiencia, precisi\u00f3n y durabilidad de la aplicaci\u00f3n de fertilizantes. Estas son las principales ventajas de la caja de engranajes FMP35 en un sistema de sembradora de fertilizantes:<\/p>\n<p><strong>1. Distribuci\u00f3n precisa de fertilizantes<\/strong><\/p>\n<ul>\n<li>La caja de engranajes FMP35 est\u00e1 dise\u00f1ada para garantizar una distribuci\u00f3n precisa y uniforme del fertilizante, lo cual es crucial para maximizar el rendimiento del cultivo y evitar la fertilizaci\u00f3n excesiva o el desperdicio.<\/li>\n<li>Proporciona potencia constante al sistema de distribuci\u00f3n de fertilizantes, ayudando a controlar la velocidad y la rotaci\u00f3n de los esparcidores de fertilizantes, garantizando que se aplique la cantidad correcta de fertilizante de manera uniforme en todo el campo.<\/li>\n<\/ul>\n<p><strong>2. Alta eficiencia energ\u00e9tica<\/strong><\/p>\n<ul>\n<li>La caja de cambios FMP35 est\u00e1 dise\u00f1ada para una transmisi\u00f3n de potencia \u00f3ptima, garantizando que la energ\u00eda de la toma de fuerza (PTO) del tractor se transfiera de manera eficiente a los componentes del distribuidor de fertilizantes.<\/li>\n<li>Su alto torque y eficiente distribuci\u00f3n de potencia ayudan a que la transmisora \u200b\u200bfuncione con m\u00e1xima eficiencia, reduciendo el consumo de combustible y garantizando que la m\u00e1quina funcione sin problemas incluso en condiciones de trabajo pesado.<\/li>\n<\/ul>\n<p><strong>3. Durabilidad y confiabilidad<\/strong><\/p>\n<ul>\n<li>Construida con materiales de alta calidad e ingenier\u00eda avanzada, la caja de cambios FMP35 es duradera y capaz de soportar las duras condiciones que com\u00fanmente se encuentran en las operaciones agr\u00edcolas, como la exposici\u00f3n a la humedad, la suciedad y los materiales abrasivos como los fertilizantes.<\/li>\n<li>Su dise\u00f1o robusto garantiza un rendimiento duradero con un mantenimiento m\u00ednimo, lo que reduce el costo total de propiedad para los agricultores.<\/li>\n<\/ul>\n<p><strong>4. Mayor durabilidad del equipo<\/strong><\/p>\n<ul>\n<li>La caja de engranajes est\u00e1 dise\u00f1ada para soportar altas cargas y tensiones, garantizando un funcionamiento suave y sin desgaste de los engranajes. Los engranajes endurecidos y los rodamientos sellados proporcionan mayor durabilidad y fiabilidad durante un uso prolongado, especialmente en entornos agr\u00edcolas exigentes.<\/li>\n<li>Esta caracter\u00edstica garantiza menos aver\u00edas, intervalos de servicio m\u00e1s largos y reparaciones menos frecuentes, lo que hace que el difusor de fertilizantes sea m\u00e1s confiable.<\/li>\n<\/ul>\n<p><strong>5. Control de velocidad ajustable<\/strong><\/p>\n<ul>\n<li>La caja de cambios FMP35 generalmente ofrece configuraciones de velocidad ajustables, lo que permite a los operadores controlar la velocidad de rotaci\u00f3n del esparcidor de fertilizantes y adaptarlo a diferentes tipos de fertilizantes y condiciones del campo.<\/li>\n<li>Este control de velocidad variable mejora la flexibilidad del difusor, garantizando que pueda manejar una variedad de fertilizantes y tasas de aplicaci\u00f3n, mejorando la eficiencia y asegurando una aplicaci\u00f3n precisa.<\/li>\n<\/ul>\n<p>La caja de engranajes de la sembradora de fertilizantes FMP35 combina durabilidad, eficiencia y flexibilidad, lo que la convierte en un componente esencial de las sembradoras de fertilizantes utilizadas en la agricultura moderna. Al mejorar la precisi\u00f3n y la consistencia de la aplicaci\u00f3n de fertilizantes, reducir los costos de mantenimiento y optimizar la eficiencia operativa general de la m\u00e1quina, la caja de engranajes FMP35 contribuye significativamente al \u00e9xito de las operaciones agr\u00edcolas.<\/p>\n<p><img loading=\"lazy\" decoding=\"async\" class=\"alignnone size-full wp-image-3054\" src=\"https:\/\/fmp-components.com\/wp-content\/uploads\/2025\/01\/Fertilizer-Seeder-Gearbox-EP35-Benefits.webp\" alt=\"Beneficios de la caja de engranajes de la sembradora de fertilizantes EP35\" width=\"1440\" height=\"556\" title=\"\" srcset=\"https:\/\/fmp-components.com\/wp-content\/uploads\/2025\/01\/Fertilizer-Seeder-Gearbox-EP35-Benefits.webp 1440w, https:\/\/fmp-components.com\/wp-content\/uploads\/2025\/01\/Fertilizer-Seeder-Gearbox-EP35-Benefits-1280x494.webp 1280w, https:\/\/fmp-components.com\/wp-content\/uploads\/2025\/01\/Fertilizer-Seeder-Gearbox-EP35-Benefits-980x378.webp 980w, https:\/\/fmp-components.com\/wp-content\/uploads\/2025\/01\/Fertilizer-Seeder-Gearbox-EP35-Benefits-480x185.webp 480w\" sizes=\"(min-width: 0px) and (max-width: 480px) 480px, (min-width: 481px) and (max-width: 980px) 980px, (min-width: 981px) and (max-width: 1280px) 1280px, (min-width: 1281px) 1440px, 100vw\" \/><\/p>\n<article class=\"w-full scroll-mb-[var(--thread-trailing-height,150px)] text-token-text-primary focus-visible:outline-2 focus-visible:outline-offset-[-4px]\" dir=\"auto\" data-testid=\"conversation-turn-24\" data-scroll-anchor=\"false\">\n<div class=\"m-auto text-base py-[18px] px-3 md:px-4 w-full md:px-5 lg:px-4 xl:px-5\">\n<div class=\"mx-auto flex flex-1 gap-4 text-base md:gap-5 lg:gap-6 md:max-w-3xl lg:max-w-[40rem] xl:max-w-[48rem]\">\n<div class=\"group\/conversation-turn relative flex w-full min-w-0 flex-col\">\n<div class=\"flex-col gap-1 md:gap-3\">\n<div class=\"flex max-w-full flex-col flex-grow\">\n<div class=\"min-h-8 text-message flex w-full flex-col items-end gap-2 whitespace-normal break-words text-start [.text-message+&amp;]:mt-5\" dir=\"auto\" data-message-author-role=\"user\" data-message-id=\"aaa20b42-842f-4e85-8907-5b760533185e\">\n<div class=\"flex w-full flex-col gap-1 empty:hidden items-end rtl:items-start\">\n<div class=\"relative max-w-[var(--user-chat-width,70%)] rounded-3xl bg-token-message-surface px-5 py-2.5\">\n<h2 class=\"whitespace-pre-wrap\">Aplicaciones de la caja de engranajes para sembradora de fertilizantes FMP35<\/h2>\n<\/div>\n<\/div>\n<\/div>\n<\/div>\n<\/div>\n<\/div>\n<\/div>\n<\/div>\n<\/article>\n<article class=\"w-full scroll-mb-[var(--thread-trailing-height,150px)] text-token-text-primary focus-visible:outline-2 focus-visible:outline-offset-[-4px]\" dir=\"auto\" data-testid=\"conversation-turn-25\" data-scroll-anchor=\"true\">\n<div class=\"m-auto text-base py-[18px] px-3 md:px-4 w-full md:px-5 lg:px-4 xl:px-5\">\n<div class=\"mx-auto flex flex-1 gap-4 text-base md:gap-5 lg:gap-6 md:max-w-3xl lg:max-w-[40rem] xl:max-w-[48rem]\">\n<div class=\"group\/conversation-turn relative flex w-full min-w-0 flex-col agent-turn\">\n<div class=\"flex-col gap-1 md:gap-3\">\n<div class=\"flex max-w-full flex-col flex-grow\">\n<div class=\"min-h-8 text-message flex w-full flex-col items-end gap-2 whitespace-normal break-words text-start [.text-message+&amp;]:mt-5\" dir=\"auto\" data-message-author-role=\"assistant\" data-message-id=\"e0c83200-805b-47fc-b9ad-e0aba657fdc7\" data-message-model-slug=\"gpt-4o\">\n<div class=\"flex w-full flex-col gap-1 empty:hidden first:pt-[3px]\">\n<div class=\"markdown prose w-full break-words dark:prose-invert light\">\n<p>La caja de engranajes para sembradora de fertilizantes FMP35 est\u00e1 dise\u00f1ada espec\u00edficamente para optimizar el rendimiento de diversos sistemas de aplicaci\u00f3n de fertilizantes y equipos de siembra. Desempe\u00f1a un papel crucial para garantizar una transmisi\u00f3n de potencia precisa, durabilidad y eficiencia. A continuaci\u00f3n, se presentan las principales aplicaciones de la caja de engranajes FMP35 en maquinaria agr\u00edcola:<\/p>\n<p><strong>1. Distribuidores de fertilizantes<\/strong><\/p>\n<ul>\n<li>La caja de engranajes FMP35 se utiliza ampliamente en las abonadoras de difusi\u00f3n, ya que garantiza una distribuci\u00f3n precisa de la potencia a los discos. La caja de engranajes controla la velocidad y la rotaci\u00f3n del mecanismo de distribuci\u00f3n, lo que permite una aplicaci\u00f3n uniforme de fertilizantes granulados o en polvo en todo el campo.<\/li>\n<li>Esto garantiza una cobertura \u00f3ptima de fertilizantes, mejorando la nutrici\u00f3n de los cultivos y minimizando el desperdicio y la fertilizaci\u00f3n excesiva.<\/li>\n<\/ul>\n<p><strong>2. Combinaciones de sembradora y fertilizante<\/strong><\/p>\n<ul>\n<li>La caja de engranajes FMP35 se utiliza com\u00fanmente en m\u00e1quinas combinadas de siembra y fertilizaci\u00f3n (tambi\u00e9n conocidas como sembradoras de fertilizantes). Estas m\u00e1quinas siembran y aplican fertilizante simult\u00e1neamente, lo que optimiza el proceso de siembra al reducir la necesidad de m\u00faltiples pasadas por el campo.<\/li>\n<li>La caja de engranajes garantiza que los sistemas de dosificaci\u00f3n de semillas y de dispensaci\u00f3n de fertilizantes funcionen en sincron\u00eda, lo que genera una profundidad de siembra precisa y una distribuci\u00f3n uniforme del fertilizante.<\/li>\n<\/ul>\n<p><strong>3. Equipos de agricultura de precisi\u00f3n<\/strong><\/p>\n<ul>\n<li>La caja de engranajes FMP35 se utiliza en herramientas agr\u00edcolas de precisi\u00f3n que requieren alta precisi\u00f3n en la aplicaci\u00f3n de fertilizantes. Impulsa las unidades de distribuci\u00f3n para garantizar que los fertilizantes se distribuyan con la precisi\u00f3n necesaria y en los puntos precisos, lo cual es fundamental para maximizar el rendimiento del cultivo y reducir los costos de insumos.<\/li>\n<li>Su capacidad para manejar tasas de aplicaci\u00f3n variables lo hace adecuado para sistemas de alta tecnolog\u00eda que adaptan el uso de fertilizantes en funci\u00f3n de las condiciones del suelo, los requisitos del cultivo y los mapas de campo.<\/li>\n<\/ul>\n<p><strong>4. Sistemas de sembradoras neum\u00e1ticas<\/strong><\/p>\n<ul>\n<li>En los sistemas de sembradoras neum\u00e1ticas, que se utilizan tanto para sembrar semillas como para aplicar fertilizantes, la caja de engranajes FMP35 desempe\u00f1a un papel fundamental en el accionamiento de los ventiladores de distribuci\u00f3n y los sistemas de dosificaci\u00f3n. Garantiza que el fertilizante y las semillas se distribuyan de forma precisa y uniforme al suelo.<\/li>\n<li>La caja de engranajes ayuda a controlar el caudal y la velocidad, lo que la convierte en un componente esencial para garantizar que los fertilizantes se apliquen en la cantidad correcta y en el momento adecuado.<\/li>\n<\/ul>\n<p><strong>5. M\u00e1quinas de esparcimiento para granos y legumbres<\/strong><\/p>\n<ul>\n<li>La caja de engranajes FMP35 se utiliza en m\u00e1quinas de volteo dise\u00f1adas para distribuir fertilizantes y otros materiales como cal o semillas en grandes extensiones. Garantiza una distribuci\u00f3n uniforme del fertilizante o la semilla, lo cual es especialmente importante para cultivos como cereales y legumbres, que se benefician de una cobertura uniforme del fertilizante.<\/li>\n<li>Esto ayuda a maximizar el rendimiento de los cultivos mientras minimiza el desperdicio de fertilizantes y garantiza que la cantidad adecuada de nutrientes llegue al suelo.<\/li>\n<\/ul>\n<p>La caja de engranajes de la sembradora de fertilizantes FMP35 es un componente esencial en una amplia gama de maquinaria agr\u00edcola, mejorando la eficiencia, la precisi\u00f3n y la productividad. Su versatilidad y durabilidad la convierten en la opci\u00f3n ideal para agricultores y operadores que buscan optimizar sus sistemas de aplicaci\u00f3n de fertilizantes en diversos tipos de cultivos y condiciones de campo.<\/p>\n<p><img loading=\"lazy\" decoding=\"async\" class=\"alignnone size-full wp-image-3055\" src=\"https:\/\/fmp-components.com\/wp-content\/uploads\/2025\/01\/Fertilizer-Seeder-Gearbox-Agriculture-Applications-scaled.webp\" alt=\"Fertilizantes, sembradoras, cajas de engranajes, aplicaciones agr\u00edcolas\" width=\"2560\" height=\"892\" title=\"\" srcset=\"https:\/\/fmp-components.com\/wp-content\/uploads\/2025\/01\/Fertilizer-Seeder-Gearbox-Agriculture-Applications-scaled.webp 2560w, https:\/\/fmp-components.com\/wp-content\/uploads\/2025\/01\/Fertilizer-Seeder-Gearbox-Agriculture-Applications-1280x446.webp 1280w, https:\/\/fmp-components.com\/wp-content\/uploads\/2025\/01\/Fertilizer-Seeder-Gearbox-Agriculture-Applications-980x341.webp 980w, https:\/\/fmp-components.com\/wp-content\/uploads\/2025\/01\/Fertilizer-Seeder-Gearbox-Agriculture-Applications-480x167.webp 480w\" sizes=\"(min-width: 0px) and (max-width: 480px) 480px, (min-width: 481px) and (max-width: 980px) 980px, (min-width: 981px) and (max-width: 1280px) 1280px, (min-width: 1281px) 2560px, 100vw\" \/><\/p>\n<h2>Acerca de FMP<\/h2>\n<p>Con sede en Italia, FMP es un fabricante l\u00edder reconocido por su experiencia en el dise\u00f1o, desarrollo y producci\u00f3n de cajas de engranajes de alto rendimiento, con un fuerte enfoque en la industria de la maquinaria agr\u00edcola. Reconocido por su ingenier\u00eda de precisi\u00f3n, soluciones innovadoras y fiabilidad inquebrantable, FMP se ha forjado una reputaci\u00f3n como socio de confianza en los sectores agr\u00edcola e industrial. Nuestra amplia cartera de productos incluye cajas de engranajes dise\u00f1adas a medida para cortac\u00e9spedes, ejes de toma de fuerza y \u200b\u200buna amplia gama de componentes esenciales, todos dise\u00f1ados para satisfacer las necesidades espec\u00edficas de diversas aplicaciones.<\/p>\n<p>En FMP, reconocemos que cada cliente tiene desaf\u00edos y requisitos espec\u00edficos. Por eso nos especializamos en ofrecer soluciones a medida, ya sea para componentes individuales o para sistemas totalmente integrados. Trabajando estrechamente con nuestros clientes, garantizamos que cada soluci\u00f3n no solo satisfaga sus necesidades espec\u00edficas, sino que tambi\u00e9n mejore el rendimiento y maximice el valor. Nuestro compromiso con respuestas r\u00e1pidas y profesionales, y nuestra asesor\u00eda experta, garantiza que cada consulta se aborde con precisi\u00f3n, brindando resultados \u00f3ptimos en cada ocasi\u00f3n.<\/p>\n<p>Priorizamos la comunicaci\u00f3n transparente y continua durante todo el ciclo de desarrollo del producto. Nuestro equipo dedicado trabaja directamente con los clientes para comprender a fondo sus necesidades y brindar informaci\u00f3n y recomendaciones valiosas para lograr los mejores resultados. Ya sea que dise\u00f1emos productos de vanguardia o atendamos pedidos rutinarios, en FMP nos comprometemos a entregar soluciones de alta calidad y precisi\u00f3n, siempre a tiempo. Nuestro objetivo es superar constantemente las expectativas de nuestros clientes, ofreciendo un servicio y resultados excepcionales en cada proyecto.<\/p>\n<p>La calidad es la base de las operaciones de FMP. Nos adherimos a los m\u00e1s altos est\u00e1ndares de fabricaci\u00f3n e implementamos rigurosos procesos de control de calidad para garantizar que cada producto cumpla, e incluso supere, los est\u00e1ndares de la industria. Esta dedicaci\u00f3n a la excelencia, junto con nuestros valores fundamentales de integridad, trabajo en equipo y perseverancia, nos ha permitido forjar relaciones duraderas y de confianza con clientes en casi 30 pa\u00edses de todo el mundo.<\/p>\n<p>En FMP, nos esforzamos constantemente por cultivar alianzas globales y nos dedicamos a brindar asesoramiento experto y soluciones personalizadas que satisfagan las necesidades cambiantes de nuestros clientes. Vamos m\u00e1s all\u00e1 del simple suministro de productos: nuestro objetivo es establecer alianzas a largo plazo y mutuamente beneficiosas que contribuyan al \u00e9xito de cada proyecto. Ya sea que necesite soluciones innovadoras para una nueva iniciativa o soporte continuo para un sistema existente, en FMP estamos listos para ayudarle a superar los desaf\u00edos t\u00e9cnicos y garantizar su \u00e9xito continuo.<\/p>\n<p><img loading=\"lazy\" decoding=\"async\" class=\"alignnone wp-image-2695\" src=\"https:\/\/fmp-components.com\/wp-content\/uploads\/2025\/01\/agricultural-gearbox3.webp\" alt=\"caja de cambios agr\u00edcola\" width=\"1140\" height=\"1138\" title=\"\" srcset=\"https:\/\/fmp-components.com\/wp-content\/uploads\/2025\/01\/agricultural-gearbox3.webp 1140w, https:\/\/fmp-components.com\/wp-content\/uploads\/2025\/01\/agricultural-gearbox3-480x479.webp 480w\" sizes=\"(min-width: 0px) and (max-width: 480px) 480px, (min-width: 481px) 1140px, 100vw\" \/><\/p>\n<p>Autor: CX<\/p>\n<p>&nbsp;<\/p>\n<\/div>\n<\/div>\n<\/div>\n<\/div>\n<\/div>\n<\/div>\n<\/div>\n<\/div>\n<\/article>","protected":false},"excerpt":{"rendered":"<p>Fertilizer Seeder Gearbox FMP35 Dimensions Fertilizer Seeder Gearbox FMP35 Technical Data i Suitable Rpm input Rpm output Output torque Weight Toothing r\/min r\/min N.m kg Decelerate 24.3:1 Fertilizer broadcaster, etc 1000 41 3500 47 Gleason Helical Teeth Remark: If you have any special require feel free let me know, we also accept custom. A B [&hellip;]<\/p>","protected":false},"featured_media":3056,"comment_status":"open","ping_status":"closed","template":"","meta":{"_et_pb_use_builder":"","_et_pb_old_content":"","_et_gb_content_width":""},"product_brand":[],"product_cat":[71],"product_tag":[],"class_list":{"0":"post-3052","1":"product","2":"type-product","3":"status-publish","4":"has-post-thumbnail","6":"product_cat-fertilizer-seeder-gearbox","8":"first","9":"instock","10":"shipping-taxable","11":"product-type-simple"},"_links":{"self":[{"href":"https:\/\/fmp-components.com\/es\/wp-json\/wp\/v2\/product\/3052","targetHints":{"allow":["GET"]}}],"collection":[{"href":"https:\/\/fmp-components.com\/es\/wp-json\/wp\/v2\/product"}],"about":[{"href":"https:\/\/fmp-components.com\/es\/wp-json\/wp\/v2\/types\/product"}],"replies":[{"embeddable":true,"href":"https:\/\/fmp-components.com\/es\/wp-json\/wp\/v2\/comments?post=3052"}],"wp:featuredmedia":[{"embeddable":true,"href":"https:\/\/fmp-components.com\/es\/wp-json\/wp\/v2\/media\/3056"}],"wp:attachment":[{"href":"https:\/\/fmp-components.com\/es\/wp-json\/wp\/v2\/media?parent=3052"}],"wp:term":[{"taxonomy":"product_brand","embeddable":true,"href":"https:\/\/fmp-components.com\/es\/wp-json\/wp\/v2\/product_brand?post=3052"},{"taxonomy":"product_cat","embeddable":true,"href":"https:\/\/fmp-components.com\/es\/wp-json\/wp\/v2\/product_cat?post=3052"},{"taxonomy":"product_tag","embeddable":true,"href":"https:\/\/fmp-components.com\/es\/wp-json\/wp\/v2\/product_tag?post=3052"}],"curies":[{"name":"gracias","href":"https:\/\/api.w.org\/{rel}","templated":true}]}}