{"id":2865,"date":"2025-01-04T05:25:27","date_gmt":"2025-01-04T05:25:27","guid":{"rendered":"https:\/\/fmp-components.com\/product\/experience-the-power-of-customized-small-double-acting-hydraulic-cylinder-for-agriculture-trailer\/"},"modified":"2025-01-04T06:21:22","modified_gmt":"2025-01-04T06:21:22","slug":"experience-the-power-of-customized-small-double-acting-hydraulic-cylinder-for-agriculture-trailer","status":"publish","type":"product","link":"https:\/\/fmp-components.com\/es\/product\/experience-the-power-of-customized-small-double-acting-hydraulic-cylinder-for-agriculture-trailer\/","title":{"rendered":"Experimente la potencia del peque\u00f1o cilindro hidr\u00e1ulico de doble efecto personalizado para remolques agr\u00edcolas"},"content":{"rendered":"<h2>Cilindro hidr\u00e1ulico de dos v\u00edas de 10 toneladas, personalizado y de excelente calidad<\/h2>\n<p>Descripci\u00f3n del Producto:<br \/>\nEl cilindro hidr\u00e1ulico de pist\u00f3n bidireccional personalizado de excelente calidad y 10 toneladas es un cilindro hidr\u00e1ulico de alto rendimiento dise\u00f1ado para aplicaciones industriales exigentes. Este cilindro es conocido por su excepcional calidad y durabilidad, lo que lo convierte en una opci\u00f3n fiable para diversos sistemas hidr\u00e1ulicos.<\/p>\n<p>Caracter\u00edsticas principales:<br \/>\n1. Resistencia superior: Con una capacidad de 10 toneladas, este cilindro hidr\u00e1ulico de pist\u00f3n puede manejar cargas pesadas con facilidad. Su robusta construcci\u00f3n garantiza un rendimiento duradero incluso en condiciones de funcionamiento extremas.<\/p>\n<p>2. Funcionamiento bidireccional: El cilindro ofrece un funcionamiento hidr\u00e1ulico bidireccional, lo que permite un control preciso y un movimiento eficiente en ambas direcciones. Esta caracter\u00edstica mejora la productividad y la versatilidad en diversas aplicaciones.<\/p>\n<p>3. Dise\u00f1o personalizable: Entendemos que cada aplicaci\u00f3n tiene requisitos \u00fanicos. Por eso, ofrecemos opciones de personalizaci\u00f3n para este cilindro de pist\u00f3n. Los clientes pueden elegir di\u00e1metros de cilindro, longitudes de carrera, estilos de montaje y otras especificaciones para adaptarlas a sus necesidades particulares.<\/p>\n<p>4. Materiales de alta calidad: Para garantizar un rendimiento y una fiabilidad \u00f3ptimos, este cilindro hidr\u00e1ulico de pist\u00f3n se fabrica con materiales de alta calidad. El cuerpo del cilindro est\u00e1 construido en acero robusto, mientras que el pist\u00f3n y las juntas est\u00e1n fabricados con materiales duraderos para resistir el desgaste.<\/p>\n<p>5. F\u00e1cil instalaci\u00f3n y mantenimiento: El cilindro est\u00e1 dise\u00f1ado para una f\u00e1cil instalaci\u00f3n y un mantenimiento sin complicaciones. Incluye instrucciones detalladas y se integra f\u00e1cilmente en sistemas hidr\u00e1ulicos existentes. Un mantenimiento regular garantiza una mayor vida \u00fatil y un funcionamiento sin problemas.<\/p>\n<p>En resumen, el cilindro hidr\u00e1ulico de pist\u00f3n bidireccional personalizado de 10 toneladas y excelente calidad es una soluci\u00f3n de primera categor\u00eda para industrias que requieren sistemas hidr\u00e1ulicos robustos y eficientes. Su calidad excepcional, dise\u00f1o personalizable y rendimiento fiable lo convierten en la opci\u00f3n ideal para una amplia gama de aplicaciones.<\/p>\n<h2>Aplicaci\u00f3n del cilindro hidr\u00e1ulico de direcci\u00f3n<\/h2>\n<p>Los cilindros hidr\u00e1ulicos de direcci\u00f3n son componentes esenciales de los sistemas de direcci\u00f3n en diversos tipos de veh\u00edculos. Estos cilindros, tambi\u00e9n conocidos como actuadores de direcci\u00f3n, ayudan a convertir la energ\u00eda generada por una bomba de direcci\u00f3n en movimiento lineal que permite manipular la direcci\u00f3n de las ruedas del veh\u00edculo. Estas son algunas de las aplicaciones de los cilindros hidr\u00e1ulicos de direcci\u00f3n:<\/p>\n<ol>\n<li>Veh\u00edculos pesados:\n<p>Los cilindros hidr\u00e1ulicos de direcci\u00f3n se utilizan com\u00fanmente en veh\u00edculos pesados como camiones, autobuses y equipos de construcci\u00f3n. Estos veh\u00edculos requieren mucha fuerza para dirigir, y un cilindro hidr\u00e1ulico puede generar la potencia necesaria para girar las ruedas incluso con carga. El sistema hidr\u00e1ulico tambi\u00e9n permite un control m\u00e1s preciso del mecanismo de direcci\u00f3n, facilitando a los conductores la conducci\u00f3n en veh\u00edculos grandes y dif\u00edciles de manejar.<\/li>\n<li>Veh\u00edculos todoterreno:\n<p>Los veh\u00edculos todoterreno, como los ATV, los buggies para dunas y las motos de cross, tambi\u00e9n se benefician de los cilindros hidr\u00e1ulicos de direcci\u00f3n. Estos veh\u00edculos suelen operar en terrenos dif\u00edciles donde los mecanismos de direcci\u00f3n convencionales podr\u00edan no ser eficaces. Los cilindros hidr\u00e1ulicos pueden proporcionar la potencia y la precisi\u00f3n necesarias para sortear obst\u00e1culos y mantener el control del veh\u00edculo.<\/li>\n<li>Aplicaciones marinas y aeroespaciales:\n<p>Los cilindros hidr\u00e1ulicos de direcci\u00f3n no se limitan a los veh\u00edculos terrestres. Tambi\u00e9n se utilizan en aplicaciones marinas, como barcos y buques, as\u00ed como en tecnolog\u00eda aeroespacial, como naves espaciales y aviones. En estos entornos, los cilindros hidr\u00e1ulicos se utilizan para manipular la direcci\u00f3n de timones, aletas y otras superficies de control que ayudan a gobernar la embarcaci\u00f3n o aeronave.<\/li>\n<li>Equipos industriales:\n<p>Los cilindros hidr\u00e1ulicos tambi\u00e9n se utilizan en diversos entornos industriales para la direcci\u00f3n y otras aplicaciones. Por ejemplo, pueden utilizarse para dirigir gr\u00faas, carretillas elevadoras u otra maquinaria pesada. En estos entornos, los cilindros hidr\u00e1ulicos pueden proporcionar la potencia y la precisi\u00f3n necesarias para manipular grandes cargas u operar en espacios reducidos.<\/li>\n<li>Aplicaciones personalizadas:\n<p>Adem\u00e1s de estas aplicaciones comunes, los cilindros hidr\u00e1ulicos de direcci\u00f3n tambi\u00e9n pueden utilizarse en diversos entornos personalizados. Por ejemplo, pueden emplearse en veh\u00edculos experimentales o prototipos que requieren un mecanismo de direcci\u00f3n \u00fanico. Tambi\u00e9n pueden emplearse en instalaciones art\u00edsticas o esculturas cin\u00e9ticas que requieren un movimiento preciso y controlado.<\/li>\n<\/ol>\n<p>Como puede ver, los cilindros hidr\u00e1ulicos de direcci\u00f3n tienen una amplia gama de aplicaciones en diversas industrias y entornos. Ya sea en veh\u00edculos pesados, veh\u00edculos todoterreno, aplicaciones marinas y aeroespaciales, equipos industriales o aplicaciones personalizadas, estos cilindros proporcionan la potencia, la precisi\u00f3n y el control necesarios para una direcci\u00f3n eficaz.<\/p>\n<h2>Acerca de FMP<\/h2>\n<p>FMP es un fabricante y distribuidor l\u00edder de cilindros hidr\u00e1ulicos, kits de cilindros y componentes de alta calidad para maquinaria de construcci\u00f3n. Con una larga experiencia en el sector y un equipo profesional, nos comprometemos a brindar a nuestros clientes soluciones fiables y eficientes para sus necesidades de maquinaria de construcci\u00f3n.<\/p>\n<p>Aqu\u00ed hay cinco razones por las que deber\u00eda elegir FMP:<\/p>\n<ol>\n<li><strong>Cilindros hidr\u00e1ulicos de alta calidad:<\/strong> Utilizamos ingenier\u00eda de precisi\u00f3n para fabricar nuestros cilindros hidr\u00e1ulicos. Nuestro firme compromiso con la calidad garantiza que utilizamos \u00fanicamente materias primas de la m\u00e1s alta calidad y realizamos rigurosas inspecciones de calidad de los productos terminados para garantizar que cumplan y superen los est\u00e1ndares de la industria.<\/li>\n<li><strong>Amplia gama de productos:<\/strong> Nuestra gama de productos abarca todo tipo de maquinaria de construcci\u00f3n y accesorios. Ofrecemos diversos cilindros hidr\u00e1ulicos, cajas de engranajes, cadenas, ruedas dentadas, accesorios para motores, componentes de sistemas hidr\u00e1ulicos, accesorios para chasis y accesorios para sistemas el\u00e9ctricos.<\/li>\n<li><strong>Asociaciones establecidas:<\/strong> Hemos establecido alianzas duraderas y estables con numerosos proveedores nacionales e internacionales de alta calidad. Esto garantiza que todos los accesorios suministrados cumplan con nuestros estrictos est\u00e1ndares de calidad.<\/li>\n<li><strong>Equipo de ventas experimentado:<\/strong> Nuestro equipo de ventas cuenta con una amplia experiencia y conocimiento en el sector de la maquinaria de construcci\u00f3n. Le brindar\u00e1n asesoramiento profesional sobre productos y consejos de compra inteligentes para ayudarle a tomar decisiones informadas.<\/li>\n<li><strong>Sistema de distribuci\u00f3n log\u00edstica eficiente:<\/strong> Contamos con un sistema de distribuci\u00f3n log\u00edstica eficiente para garantizar que nuestros clientes reciban las piezas requeridas de manera oportuna y precisa.<\/li>\n<\/ol>\n<p><img decoding=\"async\" src=\"https:\/\/fmp-components.com\/wp-content\/uploads\/2025\/01\/Dump-Truck-Trailer-Hydraulic-Cylinder-product-3-3.webp\" alt=\"Cilindro hidr\u00e1ulico\" width=\"800\" title=\"\"><\/p>\n<p>En FMP, nos comprometemos a ofrecer a nuestros clientes accesorios para maquinaria de construcci\u00f3n de alta calidad y fiabilidad, as\u00ed como soluciones integrales. Gracias a nuestras modernas instalaciones de fabricaci\u00f3n, m\u00e1quinas herramienta CNC, dise\u00f1o asistido por computadora, personal cualificado, expertos en sistemas hidr\u00e1ulicos, ensambladores de cilindros y distribuidores, somos el socio ideal para satisfacer sus necesidades de cilindros hidr\u00e1ulicos, kits de cilindros y componentes.<\/p>\n<p>Autor: CX<\/p>","protected":false},"excerpt":{"rendered":"<p>Excellent Quality Custom 10 Ton Two Way Hydraulic Piston Cylinder Product Description: The Excellent Quality Custom 10 Ton Two Way Hydraulic Piston Cylinder is a high-performance hydraulic cylinder designed for heavy-duty industrial applications. This cylinder is known for its exceptional quality and durability, making it a reliable choice for various hydraulic systems. Key Features: 1. [&hellip;]<\/p>","protected":false},"featured_media":2866,"comment_status":"closed","ping_status":"closed","template":"","meta":{"_et_pb_use_builder":"","_et_pb_old_content":"","_et_gb_content_width":""},"product_brand":[],"product_cat":[67],"product_tag":[34,70],"class_list":{"0":"post-2865","1":"product","2":"type-product","3":"status-publish","4":"has-post-thumbnail","6":"product_cat-steering-hydraulic-cylinder","7":"product_tag-hydraulic-cylinder","8":"product_tag-steering-hydraulic-cylinder","10":"first","11":"instock","12":"product-type-simple"},"_links":{"self":[{"href":"https:\/\/fmp-components.com\/es\/wp-json\/wp\/v2\/product\/2865","targetHints":{"allow":["GET"]}}],"collection":[{"href":"https:\/\/fmp-components.com\/es\/wp-json\/wp\/v2\/product"}],"about":[{"href":"https:\/\/fmp-components.com\/es\/wp-json\/wp\/v2\/types\/product"}],"replies":[{"embeddable":true,"href":"https:\/\/fmp-components.com\/es\/wp-json\/wp\/v2\/comments?post=2865"}],"wp:featuredmedia":[{"embeddable":true,"href":"https:\/\/fmp-components.com\/es\/wp-json\/wp\/v2\/media\/2866"}],"wp:attachment":[{"href":"https:\/\/fmp-components.com\/es\/wp-json\/wp\/v2\/media?parent=2865"}],"wp:term":[{"taxonomy":"product_brand","embeddable":true,"href":"https:\/\/fmp-components.com\/es\/wp-json\/wp\/v2\/product_brand?post=2865"},{"taxonomy":"product_cat","embeddable":true,"href":"https:\/\/fmp-components.com\/es\/wp-json\/wp\/v2\/product_cat?post=2865"},{"taxonomy":"product_tag","embeddable":true,"href":"https:\/\/fmp-components.com\/es\/wp-json\/wp\/v2\/product_tag?post=2865"}],"curies":[{"name":"gracias","href":"https:\/\/api.w.org\/{rel}","templated":true}]}}