{"id":2837,"date":"2025-01-04T05:24:01","date_gmt":"2025-01-04T05:24:01","guid":{"rendered":"https:\/\/fmp-components.com\/product\/guaranteed-quality-custom-engineering-tractor-hydraulic-steering-cylinder\/"},"modified":"2025-05-10T12:30:17","modified_gmt":"2025-05-10T12:30:17","slug":"guaranteed-quality-custom-engineering-tractor-hydraulic-steering-cylinder","status":"publish","type":"product","link":"https:\/\/fmp-components.com\/es\/product\/guaranteed-quality-custom-engineering-tractor-hydraulic-steering-cylinder\/","title":{"rendered":"Cilindro de direcci\u00f3n hidr\u00e1ulica para tractor de ingenier\u00eda personalizada y de calidad garantizada"},"content":{"rendered":"<div>\n<h2>Cilindro hidr\u00e1ulico de pist\u00f3n de carrera larga para remolque agr\u00edcola, proveedor italiano<\/h2>\n<p>Presentamos el cilindro hidr\u00e1ulico de pist\u00f3n de carrera larga para remolque agr\u00edcola, de proveedor italiano, la soluci\u00f3n perfecta para todas sus necesidades de remolques agr\u00edcolas. Gracias a su avanzada tecnolog\u00eda hidr\u00e1ulica, este cilindro de pist\u00f3n ofrece una durabilidad y un rendimiento excepcionales.<\/p>\n<p>Dise\u00f1ado y fabricado por nuestro proveedor italiano de confianza, este cilindro hidr\u00e1ulico de pist\u00f3n est\u00e1 dise\u00f1ado para soportar las exigentes condiciones de la industria agr\u00edcola. Su dise\u00f1o de carrera larga proporciona un mayor rango de movimiento, lo que permite un funcionamiento eficiente y una mayor productividad.<\/p>\n<p>Fabricado con materiales de alta calidad e ingenier\u00eda de precisi\u00f3n, este cilindro de pist\u00f3n garantiza un rendimiento fiable y una larga durabilidad. Su robusta construcci\u00f3n soporta cargas pesadas y entornos de trabajo exigentes con facilidad.<\/p>\n<p>Ya sea que necesite elevar, bajar o inclinar su remolque agr\u00edcola, este cilindro hidr\u00e1ulico de pist\u00f3n ofrece un funcionamiento preciso y suave. Su avanzado sistema de sellado evita fugas, garantizando una eficiencia \u00f3ptima y un mantenimiento m\u00ednimo.<\/p>\n<p>F\u00e1cil de instalar y compatible con diversos remolques agr\u00edcolas, este cilindro de pist\u00f3n hidr\u00e1ulico ofrece versatilidad y comodidad. Est\u00e1 dise\u00f1ado para optimizar el rendimiento y la funcionalidad de su equipo, permiti\u00e9ndole realizar sus tareas con mayor eficiencia.<\/p>\n<p>Invierta en el cilindro de pist\u00f3n hidr\u00e1ulico de carrera larga para remolque agr\u00edcola de proveedor italiano y experimente la diferencia que puede marcar en sus operaciones agr\u00edcolas. Conf\u00ede en su calidad y rendimiento superiores para aumentar su productividad y lograr resultados excepcionales.<\/p>\n<\/div>\n<p>FMP, fabricante l\u00edder en el mercado italiano de cilindros hidr\u00e1ulicos para maquinaria m\u00f3vil, se enorgullece de presentar nuestro cilindro de direcci\u00f3n hidr\u00e1ulica para tractores de ingenier\u00eda personalizada de alta calidad. Fabricado con precisi\u00f3n y dise\u00f1ado para una larga duraci\u00f3n, nuestro cilindro de direcci\u00f3n hidr\u00e1ulica garantiza un rendimiento \u00f3ptimo para su maquinaria.<\/p>\n<h2>Historial y clasificaci\u00f3n del producto<\/h2>\n<p><img decoding=\"async\" src=\"https:\/\/hzpt.com\/wp-content\/uploads\/2023\/11\/agricultural-machinery-hydraulic-cylinder-6.webp\" alt=\"\" title=\"\"><\/p>\n<p>Nuestro cilindro de direcci\u00f3n hidr\u00e1ulica cuenta con una larga trayectoria de innovaci\u00f3n, que refleja la tecnolog\u00eda avanzada y la experiencia en ingenier\u00eda de FMP. Se clasifica dentro de nuestra gama premium de cilindros hidr\u00e1ulicos, que incluye cilindros hidr\u00e1ulicos de inclinaci\u00f3n, cilindros hidr\u00e1ulicos de elevaci\u00f3n y otros.<\/p>\n<h3>Ventajas<\/h3>\n<ul>\n<li>Material de cuerpo de acero duradero<\/li>\n<li>Estructura de cilindro de pist\u00f3n est\u00e1ndar<\/li>\n<li>Alto empuje y tracci\u00f3n m\u00e1ximos<\/li>\n<li>Certificaci\u00f3n ISO9001:2000<\/li>\n<\/ul>\n<h3>Instalaci\u00f3n, reparaci\u00f3n y mantenimiento<\/h3>\n<p>Nuestro cilindro de direcci\u00f3n hidr\u00e1ulica incluye un completo manual de usuario para una f\u00e1cil instalaci\u00f3n. Adem\u00e1s, est\u00e1 dise\u00f1ado para un bajo mantenimiento, lo que garantiza una fiabilidad a largo plazo y una excelente relaci\u00f3n calidad-precio. Si necesita alguna reparaci\u00f3n, nuestro equipo t\u00e9cnico experto est\u00e1 siempre listo para ayudarle.<\/p>\n<h2>\u00bfC\u00f3mo elegir el aceite hidr\u00e1ulico y el ret\u00e9n de aceite adecuados?<\/h2>\n<p>Elegir el aceite hidr\u00e1ulico y el ret\u00e9n adecuados es crucial para el rendimiento \u00f3ptimo de su cilindro de direcci\u00f3n hidr\u00e1ulica. Busque un aceite hidr\u00e1ulico de alta calidad con la viscosidad y estabilidad de temperatura adecuadas. El ret\u00e9n debe ser compatible con el aceite hidr\u00e1ulico y soportar las condiciones de presi\u00f3n y temperatura de su maquinaria.<\/p>\n<h2>Aplicaci\u00f3n del cilindro hidr\u00e1ulico de direcci\u00f3n<\/h2>\n<p>Los cilindros hidr\u00e1ulicos de direcci\u00f3n son componentes esenciales de los sistemas de direcci\u00f3n en diversos tipos de veh\u00edculos. Estos cilindros, tambi\u00e9n conocidos como actuadores de direcci\u00f3n, ayudan a convertir la energ\u00eda generada por una bomba de direcci\u00f3n en movimiento lineal que permite manipular la direcci\u00f3n de las ruedas del veh\u00edculo. Estas son algunas de las aplicaciones de los cilindros hidr\u00e1ulicos de direcci\u00f3n:<\/p>\n<ol>\n<li>Veh\u00edculos pesados: Los cilindros hidr\u00e1ulicos de direcci\u00f3n se utilizan com\u00fanmente en veh\u00edculos pesados como camiones, autobuses y equipos de construcci\u00f3n. Estos veh\u00edculos requieren mucha fuerza para dirigir, y un cilindro hidr\u00e1ulico puede generar la potencia necesaria para girar las ruedas incluso con carga. El sistema hidr\u00e1ulico tambi\u00e9n permite un control m\u00e1s preciso del mecanismo de direcci\u00f3n, facilitando a los conductores la conducci\u00f3n en veh\u00edculos grandes y dif\u00edciles de manejar.<\/li>\n<li>Veh\u00edculos todoterreno: Los veh\u00edculos todoterreno como veh\u00edculos todoterreno, buggies para dunas y motos de cross tambi\u00e9n se benefician de los cilindros hidr\u00e1ulicos de direcci\u00f3n. Estos veh\u00edculos suelen operar en terrenos dif\u00edciles donde los mecanismos de direcci\u00f3n convencionales podr\u00edan no ser efectivos. Los cilindros hidr\u00e1ulicos pueden proporcionar la potencia y la precisi\u00f3n necesarias para sortear obst\u00e1culos y mantener el control del veh\u00edculo.<\/li>\n<li>Aplicaciones marinas y aeroespaciales: Los cilindros hidr\u00e1ulicos de direcci\u00f3n no se limitan a veh\u00edculos terrestres. Tambi\u00e9n se utilizan en aplicaciones marinas, como barcos y buques, as\u00ed como en tecnolog\u00eda aeroespacial, como naves espaciales y aviones. En estos entornos, los cilindros hidr\u00e1ulicos se utilizan para manipular la direcci\u00f3n de timones, aletas y otras superficies de control que ayudan a gobernar la embarcaci\u00f3n o aeronave.<\/li>\n<li>Equipos industriales: Los cilindros hidr\u00e1ulicos tambi\u00e9n se utilizan en diversos entornos industriales para la direcci\u00f3n y otras aplicaciones. Por ejemplo, pueden utilizarse para dirigir gr\u00faas, carretillas elevadoras u otra maquinaria pesada. En estos entornos, los cilindros hidr\u00e1ulicos pueden proporcionar la potencia y la precisi\u00f3n necesarias para manipular grandes cargas o trabajar en espacios reducidos.<\/li>\n<li>Aplicaciones personalizadas: Adem\u00e1s de estas aplicaciones comunes, los cilindros hidr\u00e1ulicos de direcci\u00f3n tambi\u00e9n pueden utilizarse en diversos entornos personalizados. Por ejemplo, pueden emplearse en veh\u00edculos experimentales o prototipos que requieren un mecanismo de direcci\u00f3n \u00fanico. Tambi\u00e9n pueden emplearse en instalaciones art\u00edsticas o esculturas cin\u00e9ticas que requieren un movimiento preciso y controlado.<\/li>\n<\/ol>\n<p>Como puede ver, los cilindros hidr\u00e1ulicos de direcci\u00f3n tienen una amplia gama de aplicaciones en diversas industrias y entornos. Ya sea en veh\u00edculos pesados, veh\u00edculos todoterreno, aplicaciones marinas y aeroespaciales, equipos industriales o aplicaciones personalizadas, estos cilindros proporcionan la potencia, la precisi\u00f3n y el control necesarios para una direcci\u00f3n eficaz.<\/p>\n<h2>Acerca de FMP<\/h2>\n<p>FMP es un fabricante y distribuidor l\u00edder de cilindros hidr\u00e1ulicos, kits de cilindros y componentes de alta calidad para maquinaria de construcci\u00f3n. Con una larga experiencia en el sector y un equipo profesional, nos comprometemos a brindar a nuestros clientes soluciones fiables y eficientes para sus necesidades de maquinaria de construcci\u00f3n.<\/p>\n<p>Aqu\u00ed hay cinco razones por las que deber\u00eda elegir FMP:<\/p>\n<ol>\n<li><strong>Cilindros hidr\u00e1ulicos de alta calidad:<\/strong> Utilizamos ingenier\u00eda de precisi\u00f3n para fabricar nuestros cilindros hidr\u00e1ulicos. Nuestro firme compromiso con la calidad garantiza que utilizamos \u00fanicamente materias primas de la m\u00e1s alta calidad y realizamos rigurosas inspecciones de calidad de los productos terminados para garantizar que cumplan y superen los est\u00e1ndares de la industria.<\/li>\n<li><strong>Amplia gama de productos:<\/strong> Nuestra gama de productos abarca todo tipo de maquinaria de construcci\u00f3n y accesorios. Ofrecemos diversos cilindros hidr\u00e1ulicos, cajas de engranajes, cadenas, ruedas dentadas, accesorios para motores, componentes de sistemas hidr\u00e1ulicos, accesorios para chasis y accesorios para sistemas el\u00e9ctricos.<\/li>\n<li><strong>Asociaciones establecidas:<\/strong> Hemos establecido alianzas duraderas y estables con numerosos proveedores nacionales e internacionales de alta calidad. Esto garantiza que todos los accesorios suministrados cumplan con nuestros estrictos est\u00e1ndares de calidad.<\/li>\n<li><strong>Equipo de ventas experimentado:<\/strong> Nuestro equipo de ventas cuenta con una amplia experiencia y conocimiento en el sector de la maquinaria de construcci\u00f3n. Le brindar\u00e1n asesoramiento profesional sobre productos y consejos de compra inteligentes para ayudarle a tomar decisiones informadas.<\/li>\n<li><strong>Sistema de distribuci\u00f3n log\u00edstica eficiente:<\/strong> Contamos con un sistema de distribuci\u00f3n log\u00edstica eficiente para garantizar que nuestros clientes reciban las piezas requeridas de manera oportuna y precisa.<\/li>\n<\/ol>\n<p><img loading=\"lazy\" decoding=\"async\" class=\"aligncenter\" src=\"https:\/\/fmp-components.com\/wp-content\/uploads\/2025\/01\/Dump-Truck-Trailer-Hydraulic-Cylinder-product-3-3.webp\" alt=\"Cilindro hidr\u00e1ulico\" width=\"1047\" height=\"767\" title=\"\"><\/p>\n<p>En FMP, nos comprometemos a ofrecer a nuestros clientes accesorios para maquinaria de construcci\u00f3n de alta calidad y fiabilidad, as\u00ed como soluciones integrales. Gracias a nuestras modernas instalaciones de fabricaci\u00f3n, m\u00e1quinas herramienta CNC, dise\u00f1o asistido por computadora, personal cualificado, expertos en sistemas hidr\u00e1ulicos, ensambladores de cilindros y distribuidores, somos el socio ideal para satisfacer sus necesidades de cilindros hidr\u00e1ulicos, kits de cilindros y componentes.<\/p>\n<p>Autor: CX<\/p>","protected":false},"excerpt":{"rendered":"<p>Cilindro hidr\u00e1ulico de pist\u00f3n de carrera larga para remolque agr\u00edcola, de proveedor italiano. Presentamos el cilindro hidr\u00e1ulico de pist\u00f3n de carrera larga para remolque agr\u00edcola, de proveedor italiano, la soluci\u00f3n perfecta para todas sus necesidades de remolque agr\u00edcola. Gracias a su avanzada tecnolog\u00eda hidr\u00e1ulica, este cilindro ofrece una durabilidad y un rendimiento excepcionales. Dise\u00f1ado y fabricado por nuestro proveedor italiano de confianza, este pist\u00f3n hidr\u00e1ulico [\u2026]<\/p>","protected":false},"featured_media":2838,"comment_status":"closed","ping_status":"closed","template":"","meta":{"_et_pb_use_builder":"","_et_pb_old_content":"","_et_gb_content_width":""},"product_brand":[],"product_cat":[67],"product_tag":[34,70],"class_list":{"0":"post-2837","1":"product","2":"type-product","3":"status-publish","4":"has-post-thumbnail","6":"product_cat-steering-hydraulic-cylinder","7":"product_tag-hydraulic-cylinder","8":"product_tag-steering-hydraulic-cylinder","10":"first","11":"instock","12":"product-type-simple"},"_links":{"self":[{"href":"https:\/\/fmp-components.com\/es\/wp-json\/wp\/v2\/product\/2837","targetHints":{"allow":["GET"]}}],"collection":[{"href":"https:\/\/fmp-components.com\/es\/wp-json\/wp\/v2\/product"}],"about":[{"href":"https:\/\/fmp-components.com\/es\/wp-json\/wp\/v2\/types\/product"}],"replies":[{"embeddable":true,"href":"https:\/\/fmp-components.com\/es\/wp-json\/wp\/v2\/comments?post=2837"}],"wp:featuredmedia":[{"embeddable":true,"href":"https:\/\/fmp-components.com\/es\/wp-json\/wp\/v2\/media\/2838"}],"wp:attachment":[{"href":"https:\/\/fmp-components.com\/es\/wp-json\/wp\/v2\/media?parent=2837"}],"wp:term":[{"taxonomy":"product_brand","embeddable":true,"href":"https:\/\/fmp-components.com\/es\/wp-json\/wp\/v2\/product_brand?post=2837"},{"taxonomy":"product_cat","embeddable":true,"href":"https:\/\/fmp-components.com\/es\/wp-json\/wp\/v2\/product_cat?post=2837"},{"taxonomy":"product_tag","embeddable":true,"href":"https:\/\/fmp-components.com\/es\/wp-json\/wp\/v2\/product_tag?post=2837"}],"curies":[{"name":"gracias","href":"https:\/\/api.w.org\/{rel}","templated":true}]}}