{"id":2827,"date":"2025-01-04T05:24:01","date_gmt":"2025-01-04T05:24:01","guid":{"rendered":"https:\/\/fmp-components.com\/product\/factory-price-custom-hydraulic-steering-cylinder-for-tractor\/"},"modified":"2025-01-04T06:30:47","modified_gmt":"2025-01-04T06:30:47","slug":"factory-price-custom-hydraulic-steering-cylinder-for-tractor","status":"publish","type":"product","link":"https:\/\/fmp-components.com\/es\/product\/factory-price-custom-hydraulic-steering-cylinder-for-tractor\/","title":{"rendered":"Cilindro de direcci\u00f3n hidr\u00e1ulico personalizado a precio de f\u00e1brica para tractor"},"content":{"rendered":"<h2>Descripci\u00f3n del Producto:<\/h2>\n<p>\u00bfBusca un cilindro de direcci\u00f3n hidr\u00e1ulica confiable y de alta calidad para su remolque agr\u00edcola? No busque m\u00e1s: el cilindro de direcci\u00f3n hidr\u00e1ulica de alta calidad de 10 toneladas es la soluci\u00f3n. Este cilindro est\u00e1 dise\u00f1ado para brindar un excelente rendimiento y una larga durabilidad, lo que lo hace ideal para aplicaciones agr\u00edcolas exigentes.<\/p>\n<p>Con una capacidad de 10 toneladas, este cilindro hidr\u00e1ulico proporciona la potencia y la precisi\u00f3n necesarias para realizar el trabajo correctamente. Su construcci\u00f3n robusta y dise\u00f1o confiable garantizan un rendimiento confiable d\u00eda tras d\u00eda.<\/p>\n<p>Ya sea que busque actualizar su equipo actual o equipar un nuevo remolque, el cilindro de direcci\u00f3n hidr\u00e1ulica de alta calidad de 10 toneladas es la opci\u00f3n ideal. Con su impresionante combinaci\u00f3n de resistencia, durabilidad y precisi\u00f3n, sin duda satisfar\u00e1 todas sus necesidades agr\u00edcolas.<\/p>\n<h2 id=\"introduction\">Introducci\u00f3n al cilindro de direcci\u00f3n hidr\u00e1ulica para tractores<\/h2>\n<p>Los cilindros de direcci\u00f3n hidr\u00e1ulica tienen una larga trayectoria en el sector agr\u00edcola e industrial, desempe\u00f1ando un papel fundamental en la mejora del rendimiento de maquinaria como los tractores. Se clasifican generalmente seg\u00fan su dise\u00f1o, aplicaci\u00f3n y capacidad de potencia.<\/p>\n<h3 id=\"advantages\">Ventajas del cilindro de direcci\u00f3n hidr\u00e1ulica<\/h3>\n<ul>\n<li>Alta capacidad de potencia<\/li>\n<li>Durable y de larga duraci\u00f3n<\/li>\n<li>Rendimiento eficiente<\/li>\n<li>F\u00e1cil instalaci\u00f3n y mantenimiento<\/li>\n<\/ul>\n<p><img decoding=\"async\" src=\"https:\/\/hzpt.com\/wp-content\/uploads\/2023\/11\/Steering-Hydraulic-Cylinder-2.webp\" alt=\"\" title=\"\"><\/p>\n<h2>Aplicaci\u00f3n del cilindro hidr\u00e1ulico de direcci\u00f3n<\/h2>\n<p>Los cilindros hidr\u00e1ulicos de direcci\u00f3n son componentes esenciales de los sistemas de direcci\u00f3n en diversos tipos de veh\u00edculos. Estos cilindros, tambi\u00e9n conocidos como actuadores de direcci\u00f3n, ayudan a convertir la energ\u00eda generada por una bomba de direcci\u00f3n en movimiento lineal que permite manipular la direcci\u00f3n de las ruedas del veh\u00edculo. Estas son algunas de las aplicaciones de los cilindros hidr\u00e1ulicos de direcci\u00f3n:<\/p>\n<ol>\n<li>Veh\u00edculos pesados:\n<p>Los cilindros hidr\u00e1ulicos de direcci\u00f3n se utilizan com\u00fanmente en veh\u00edculos pesados como camiones, autobuses y equipos de construcci\u00f3n. Estos veh\u00edculos requieren mucha fuerza para dirigir, y un cilindro hidr\u00e1ulico puede generar la potencia necesaria para girar las ruedas incluso con carga. El sistema hidr\u00e1ulico tambi\u00e9n permite un control m\u00e1s preciso del mecanismo de direcci\u00f3n, facilitando a los conductores la conducci\u00f3n en veh\u00edculos grandes y dif\u00edciles de manejar.<\/li>\n<li>Veh\u00edculos todoterreno:\n<p>Los veh\u00edculos todoterreno, como los ATV, los buggies para dunas y las motos de cross, tambi\u00e9n se benefician de los cilindros hidr\u00e1ulicos de direcci\u00f3n. Estos veh\u00edculos suelen operar en terrenos dif\u00edciles donde los mecanismos de direcci\u00f3n convencionales podr\u00edan no ser eficaces. Los cilindros hidr\u00e1ulicos pueden proporcionar la potencia y la precisi\u00f3n necesarias para sortear obst\u00e1culos y mantener el control del veh\u00edculo.<\/li>\n<li>Aplicaciones marinas y aeroespaciales:\n<p>Los cilindros hidr\u00e1ulicos de direcci\u00f3n no se limitan a los veh\u00edculos terrestres. Tambi\u00e9n se utilizan en aplicaciones marinas, como barcos y buques, as\u00ed como en tecnolog\u00eda aeroespacial, como naves espaciales y aviones. En estos entornos, los cilindros hidr\u00e1ulicos se utilizan para manipular la direcci\u00f3n de timones, aletas y otras superficies de control que ayudan a gobernar la embarcaci\u00f3n o aeronave.<\/li>\n<li>Equipos industriales:\n<p>Los cilindros hidr\u00e1ulicos tambi\u00e9n se utilizan en diversos entornos industriales para la direcci\u00f3n y otras aplicaciones. Por ejemplo, pueden utilizarse para dirigir gr\u00faas, carretillas elevadoras u otra maquinaria pesada. En estos entornos, los cilindros hidr\u00e1ulicos pueden proporcionar la potencia y la precisi\u00f3n necesarias para manipular grandes cargas u operar en espacios reducidos.<\/li>\n<li>Aplicaciones personalizadas:\n<p>Adem\u00e1s de estas aplicaciones comunes, los cilindros hidr\u00e1ulicos de direcci\u00f3n tambi\u00e9n pueden utilizarse en diversos entornos personalizados. Por ejemplo, pueden emplearse en veh\u00edculos experimentales o prototipos que requieren un mecanismo de direcci\u00f3n \u00fanico. Tambi\u00e9n pueden emplearse en instalaciones art\u00edsticas o esculturas cin\u00e9ticas que requieren un movimiento preciso y controlado.<\/li>\n<\/ol>\n<p>Como puede ver, los cilindros hidr\u00e1ulicos de direcci\u00f3n tienen una amplia gama de aplicaciones en diversas industrias y entornos. Ya sea en veh\u00edculos pesados, veh\u00edculos todoterreno, aplicaciones marinas y aeroespaciales, equipos industriales o aplicaciones personalizadas, estos cilindros proporcionan la potencia, la precisi\u00f3n y el control necesarios para una direcci\u00f3n eficaz.<\/p>\n<h2>Acerca de FMP<\/h2>\n<p>FMP es un fabricante y distribuidor l\u00edder de cilindros hidr\u00e1ulicos, kits de cilindros y componentes de alta calidad para maquinaria de construcci\u00f3n. Con una larga experiencia en el sector y un equipo profesional, nos comprometemos a brindar a nuestros clientes soluciones fiables y eficientes para sus necesidades de maquinaria de construcci\u00f3n.<\/p>\n<p>Aqu\u00ed hay cinco razones por las que deber\u00eda elegir FMP:<\/p>\n<ol>\n<li><strong>Cilindros hidr\u00e1ulicos de alta calidad:<\/strong> Utilizamos ingenier\u00eda de precisi\u00f3n para fabricar nuestros cilindros hidr\u00e1ulicos. Nuestro firme compromiso con la calidad garantiza que utilizamos \u00fanicamente materias primas de la m\u00e1s alta calidad y realizamos rigurosas inspecciones de calidad de los productos terminados para garantizar que cumplan y superen los est\u00e1ndares de la industria.<\/li>\n<li><strong>Amplia gama de productos:<\/strong> Nuestra gama de productos abarca todo tipo de maquinaria de construcci\u00f3n y accesorios. Ofrecemos diversos cilindros hidr\u00e1ulicos, cajas de engranajes, cadenas, ruedas dentadas, accesorios para motores, componentes de sistemas hidr\u00e1ulicos, accesorios para chasis y accesorios para sistemas el\u00e9ctricos.<\/li>\n<li><strong>Asociaciones establecidas:<\/strong> Hemos establecido alianzas duraderas y estables con numerosos proveedores nacionales e internacionales de alta calidad. Esto garantiza que todos los accesorios suministrados cumplan con nuestros estrictos est\u00e1ndares de calidad.<\/li>\n<li><strong>Equipo de ventas experimentado:<\/strong> Nuestro equipo de ventas cuenta con una amplia experiencia y conocimiento en el sector de la maquinaria de construcci\u00f3n. Le brindar\u00e1n asesoramiento profesional sobre productos y consejos de compra inteligentes para ayudarle a tomar decisiones informadas.<\/li>\n<li><strong>Sistema de distribuci\u00f3n log\u00edstica eficiente:<\/strong> Contamos con un sistema de distribuci\u00f3n log\u00edstica eficiente para garantizar que nuestros clientes reciban las piezas requeridas de manera oportuna y precisa.<\/li>\n<\/ol>\n<p><img decoding=\"async\" src=\"https:\/\/fmp-components.com\/wp-content\/uploads\/2025\/01\/Dump-Truck-Trailer-Hydraulic-Cylinder-product-3-3.webp\" alt=\"Cilindro hidr\u00e1ulico\" width=\"800\" title=\"\"><\/p>\n<p>En FMP, nos comprometemos a ofrecer a nuestros clientes accesorios para maquinaria de construcci\u00f3n de alta calidad y fiabilidad, as\u00ed como soluciones integrales. Gracias a nuestras modernas instalaciones de fabricaci\u00f3n, m\u00e1quinas herramienta CNC, dise\u00f1o asistido por computadora, personal cualificado, expertos en sistemas hidr\u00e1ulicos, ensambladores de cilindros y distribuidores, somos el socio ideal para satisfacer sus necesidades de cilindros hidr\u00e1ulicos, kits de cilindros y componentes.<\/p>\n<p>Autor: CX<\/p>","protected":false},"excerpt":{"rendered":"<p>Product Description: Looking for a reliable and high-quality hydraulic steering cylinder for your agricultural trailer? Look no further than the High Quality 10 Ton Hydraulic Steering Cylinder. This cylinder is designed to provide excellent performance and long-lasting durability, making it ideal for use in demanding agricultural applications. With a 10-ton capacity, this hydraulic cylinder is [&hellip;]<\/p>","protected":false},"featured_media":2828,"comment_status":"closed","ping_status":"closed","template":"","meta":{"_et_pb_use_builder":"","_et_pb_old_content":"","_et_gb_content_width":""},"product_brand":[],"product_cat":[67],"product_tag":[34,70],"class_list":{"0":"post-2827","1":"product","2":"type-product","3":"status-publish","4":"has-post-thumbnail","6":"product_cat-steering-hydraulic-cylinder","7":"product_tag-hydraulic-cylinder","8":"product_tag-steering-hydraulic-cylinder","10":"first","11":"instock","12":"product-type-simple"},"_links":{"self":[{"href":"https:\/\/fmp-components.com\/es\/wp-json\/wp\/v2\/product\/2827","targetHints":{"allow":["GET"]}}],"collection":[{"href":"https:\/\/fmp-components.com\/es\/wp-json\/wp\/v2\/product"}],"about":[{"href":"https:\/\/fmp-components.com\/es\/wp-json\/wp\/v2\/types\/product"}],"replies":[{"embeddable":true,"href":"https:\/\/fmp-components.com\/es\/wp-json\/wp\/v2\/comments?post=2827"}],"wp:featuredmedia":[{"embeddable":true,"href":"https:\/\/fmp-components.com\/es\/wp-json\/wp\/v2\/media\/2828"}],"wp:attachment":[{"href":"https:\/\/fmp-components.com\/es\/wp-json\/wp\/v2\/media?parent=2827"}],"wp:term":[{"taxonomy":"product_brand","embeddable":true,"href":"https:\/\/fmp-components.com\/es\/wp-json\/wp\/v2\/product_brand?post=2827"},{"taxonomy":"product_cat","embeddable":true,"href":"https:\/\/fmp-components.com\/es\/wp-json\/wp\/v2\/product_cat?post=2827"},{"taxonomy":"product_tag","embeddable":true,"href":"https:\/\/fmp-components.com\/es\/wp-json\/wp\/v2\/product_tag?post=2827"}],"curies":[{"name":"gracias","href":"https:\/\/api.w.org\/{rel}","templated":true}]}}