{"id":2807,"date":"2025-01-04T05:24:01","date_gmt":"2025-01-04T05:24:01","guid":{"rendered":"https:\/\/fmp-components.com\/product\/quality-assurance-mini-engineering-hydraulic-cylinder-power-steering-cylinder-for-tractor\/"},"modified":"2025-01-04T06:32:51","modified_gmt":"2025-01-04T06:32:51","slug":"quality-assurance-mini-engineering-hydraulic-cylinder-power-steering-cylinder-for-tractor","status":"publish","type":"product","link":"https:\/\/fmp-components.com\/es\/product\/quality-assurance-mini-engineering-hydraulic-cylinder-power-steering-cylinder-for-tractor\/","title":{"rendered":"Cilindro hidr\u00e1ulico de direcci\u00f3n asistida para tractor, de ingenier\u00eda de calidad mini."},"content":{"rendered":"<h2>Presentaci\u00f3n del pist\u00f3n hidr\u00e1ulico para tractor con cilindro de direcci\u00f3n asistida de carrera larga de primera calidad<\/h2>\n<p>Presentamos el pist\u00f3n hidr\u00e1ulico para tractor con cilindro de direcci\u00f3n asistida de carrera larga de alta calidad. Este pist\u00f3n est\u00e1 dise\u00f1ado para ofrecer un rendimiento y una durabilidad superiores a los cilindros tradicionales. Su dise\u00f1o de carrera larga permite un control preciso y un funcionamiento suave, lo que lo hace ideal para tractores y otra maquinaria pesada.<\/p>\n<p>Fabricado con materiales de alta calidad, este pist\u00f3n de cilindro hidr\u00e1ulico est\u00e1 dise\u00f1ado para durar. Su robusta construcci\u00f3n garantiza que pueda soportar incluso las condiciones de operaci\u00f3n m\u00e1s exigentes, mientras que su dise\u00f1o avanzado proporciona mayor eficiencia y reduce los requisitos de mantenimiento.<\/p>\n<p>Ya sea que necesite un pist\u00f3n de cilindro de repuesto para su tractor existente o est\u00e9 buscando un componente de alta calidad para un nuevo proyecto, el pist\u00f3n de cilindro hidr\u00e1ulico para tractor con cilindro de direcci\u00f3n asistida de carrera larga es la elecci\u00f3n perfecta.<\/p>\n<h2>Aplicaci\u00f3n del cilindro hidr\u00e1ulico de direcci\u00f3n<\/h2>\n<p>Los cilindros hidr\u00e1ulicos de direcci\u00f3n son componentes esenciales de los sistemas de direcci\u00f3n en diversos tipos de veh\u00edculos. Estos cilindros, tambi\u00e9n conocidos como actuadores de direcci\u00f3n, ayudan a convertir la energ\u00eda generada por una bomba de direcci\u00f3n en movimiento lineal que permite manipular la direcci\u00f3n de las ruedas del veh\u00edculo. Estas son algunas de las aplicaciones de los cilindros hidr\u00e1ulicos de direcci\u00f3n:<\/p>\n<ol>\n<li>Veh\u00edculos pesados:\n<p>Los cilindros hidr\u00e1ulicos de direcci\u00f3n se utilizan com\u00fanmente en veh\u00edculos pesados como camiones, autobuses y equipos de construcci\u00f3n. Estos veh\u00edculos requieren mucha fuerza para dirigir, y un cilindro hidr\u00e1ulico puede generar la potencia necesaria para girar las ruedas incluso con carga. El sistema hidr\u00e1ulico tambi\u00e9n permite un control m\u00e1s preciso del mecanismo de direcci\u00f3n, facilitando a los conductores la conducci\u00f3n en veh\u00edculos grandes y dif\u00edciles de manejar.<\/li>\n<li>Veh\u00edculos todoterreno:\n<p>Los veh\u00edculos todoterreno, como los ATV, los buggies para dunas y las motos de cross, tambi\u00e9n se benefician de los cilindros hidr\u00e1ulicos de direcci\u00f3n. Estos veh\u00edculos suelen operar en terrenos dif\u00edciles donde los mecanismos de direcci\u00f3n convencionales podr\u00edan no ser eficaces. Los cilindros hidr\u00e1ulicos pueden proporcionar la potencia y la precisi\u00f3n necesarias para sortear obst\u00e1culos y mantener el control del veh\u00edculo.<\/li>\n<li>Aplicaciones marinas y aeroespaciales:\n<p>Los cilindros hidr\u00e1ulicos de direcci\u00f3n no se limitan a los veh\u00edculos terrestres. Tambi\u00e9n se utilizan en aplicaciones marinas, como barcos y buques, as\u00ed como en tecnolog\u00eda aeroespacial, como naves espaciales y aviones. En estos entornos, los cilindros hidr\u00e1ulicos se utilizan para manipular la direcci\u00f3n de timones, aletas y otras superficies de control que ayudan a gobernar la embarcaci\u00f3n o aeronave.<\/li>\n<li>Equipos industriales:\n<p>Los cilindros hidr\u00e1ulicos tambi\u00e9n se utilizan en diversos entornos industriales para la direcci\u00f3n y otras aplicaciones. Por ejemplo, pueden utilizarse para dirigir gr\u00faas, carretillas elevadoras u otra maquinaria pesada. En estos entornos, los cilindros hidr\u00e1ulicos pueden proporcionar la potencia y la precisi\u00f3n necesarias para manipular grandes cargas u operar en espacios reducidos.<\/li>\n<li>Aplicaciones personalizadas:\n<p>Adem\u00e1s de estas aplicaciones comunes, los cilindros hidr\u00e1ulicos de direcci\u00f3n tambi\u00e9n pueden utilizarse en diversos entornos personalizados. Por ejemplo, pueden emplearse en veh\u00edculos experimentales o prototipos que requieren un mecanismo de direcci\u00f3n \u00fanico. Tambi\u00e9n pueden emplearse en instalaciones art\u00edsticas o esculturas cin\u00e9ticas que requieren un movimiento preciso y controlado.<\/li>\n<\/ol>\n<p>Como puede ver, los cilindros hidr\u00e1ulicos de direcci\u00f3n tienen una amplia gama de aplicaciones en diversas industrias y entornos. Ya sea en veh\u00edculos pesados, veh\u00edculos todoterreno, aplicaciones marinas y aeroespaciales, equipos industriales o aplicaciones personalizadas, estos cilindros proporcionan la potencia, la precisi\u00f3n y el control necesarios para una direcci\u00f3n eficaz.<\/p>\n<h2>Acerca de FMP<\/h2>\n<p>FMP es un fabricante y distribuidor l\u00edder de cilindros hidr\u00e1ulicos, kits de cilindros y componentes de alta calidad para maquinaria de construcci\u00f3n. Con una larga experiencia en el sector y un equipo profesional, nos comprometemos a brindar a nuestros clientes soluciones fiables y eficientes para sus necesidades de maquinaria de construcci\u00f3n.<\/p>\n<p>Aqu\u00ed hay cinco razones por las que deber\u00eda elegir FMP:<\/p>\n<ol>\n<li><strong>Cilindros hidr\u00e1ulicos de alta calidad:<\/strong> Utilizamos ingenier\u00eda de precisi\u00f3n para fabricar nuestros cilindros hidr\u00e1ulicos. Nuestro firme compromiso con la calidad garantiza que utilizamos \u00fanicamente materias primas de la m\u00e1s alta calidad y realizamos rigurosas inspecciones de calidad de los productos terminados para garantizar que cumplan y superen los est\u00e1ndares de la industria.<\/li>\n<li><strong>Amplia gama de productos:<\/strong> Nuestra gama de productos abarca todo tipo de maquinaria de construcci\u00f3n y accesorios. Ofrecemos diversos cilindros hidr\u00e1ulicos, cajas de engranajes, cadenas, ruedas dentadas, accesorios para motores, componentes de sistemas hidr\u00e1ulicos, accesorios para chasis y accesorios para sistemas el\u00e9ctricos.<\/li>\n<li><strong>Asociaciones establecidas:<\/strong> Hemos establecido alianzas duraderas y estables con numerosos proveedores nacionales e internacionales de alta calidad. Esto garantiza que todos los accesorios suministrados cumplan con nuestros estrictos est\u00e1ndares de calidad.<\/li>\n<li><strong>Equipo de ventas experimentado:<\/strong> Nuestro equipo de ventas cuenta con una amplia experiencia y conocimiento en el sector de la maquinaria de construcci\u00f3n. Le brindar\u00e1n asesoramiento profesional sobre productos y consejos de compra inteligentes para ayudarle a tomar decisiones informadas.<\/li>\n<li><strong>Sistema de distribuci\u00f3n log\u00edstica eficiente:<\/strong> Contamos con un sistema de distribuci\u00f3n log\u00edstica eficiente para garantizar que nuestros clientes reciban las piezas requeridas de manera oportuna y precisa.<\/li>\n<\/ol>\n<p><img decoding=\"async\" src=\"https:\/\/fmp-components.com\/wp-content\/uploads\/2025\/01\/Dump-Truck-Trailer-Hydraulic-Cylinder-product-3-3.webp\" alt=\"Cilindro hidr\u00e1ulico\" width=\"800\" title=\"\"><\/p>\n<p>En FMP, nos comprometemos a ofrecer a nuestros clientes accesorios para maquinaria de construcci\u00f3n de alta calidad y fiabilidad, as\u00ed como soluciones integrales. Gracias a nuestras modernas instalaciones de fabricaci\u00f3n, m\u00e1quinas herramienta CNC, dise\u00f1o asistido por computadora, personal cualificado, expertos en sistemas hidr\u00e1ulicos, ensambladores de cilindros y distribuidores, somos el socio ideal para satisfacer sus necesidades de cilindros hidr\u00e1ulicos, kits de cilindros y componentes.<\/p>\n<p>Autor: CX<\/p>","protected":false},"excerpt":{"rendered":"<p>Unveiling the Premium Quality Long Stroke Power Steering Cylinder Tractor Hydraulic Cylinder Piston Introducing the premium quality Long Stroke Power Steering Cylinder Tractor Hydraulic Cylinder Piston. This hydraulic cylinder piston is designed to provide superior performance and durability compared to traditional cylinders. Its long stroke design allows for precise control and smooth operation, making it [&hellip;]<\/p>","protected":false},"featured_media":2808,"comment_status":"closed","ping_status":"closed","template":"","meta":{"_et_pb_use_builder":"","_et_pb_old_content":"","_et_gb_content_width":""},"product_brand":[],"product_cat":[67],"product_tag":[34,70],"class_list":{"0":"post-2807","1":"product","2":"type-product","3":"status-publish","4":"has-post-thumbnail","6":"product_cat-steering-hydraulic-cylinder","7":"product_tag-hydraulic-cylinder","8":"product_tag-steering-hydraulic-cylinder","10":"first","11":"instock","12":"product-type-simple"},"_links":{"self":[{"href":"https:\/\/fmp-components.com\/es\/wp-json\/wp\/v2\/product\/2807","targetHints":{"allow":["GET"]}}],"collection":[{"href":"https:\/\/fmp-components.com\/es\/wp-json\/wp\/v2\/product"}],"about":[{"href":"https:\/\/fmp-components.com\/es\/wp-json\/wp\/v2\/types\/product"}],"replies":[{"embeddable":true,"href":"https:\/\/fmp-components.com\/es\/wp-json\/wp\/v2\/comments?post=2807"}],"wp:featuredmedia":[{"embeddable":true,"href":"https:\/\/fmp-components.com\/es\/wp-json\/wp\/v2\/media\/2808"}],"wp:attachment":[{"href":"https:\/\/fmp-components.com\/es\/wp-json\/wp\/v2\/media?parent=2807"}],"wp:term":[{"taxonomy":"product_brand","embeddable":true,"href":"https:\/\/fmp-components.com\/es\/wp-json\/wp\/v2\/product_brand?post=2807"},{"taxonomy":"product_cat","embeddable":true,"href":"https:\/\/fmp-components.com\/es\/wp-json\/wp\/v2\/product_cat?post=2807"},{"taxonomy":"product_tag","embeddable":true,"href":"https:\/\/fmp-components.com\/es\/wp-json\/wp\/v2\/product_tag?post=2807"}],"curies":[{"name":"gracias","href":"https:\/\/api.w.org\/{rel}","templated":true}]}}