{"id":2793,"date":"2025-01-04T05:22:33","date_gmt":"2025-01-04T05:22:33","guid":{"rendered":"https:\/\/fmp-components.com\/product\/factory-serving-long-stroke-hydraulic-cylinder-tractor-hydraulic-steering-cylinder\/"},"modified":"2025-03-18T01:36:48","modified_gmt":"2025-03-18T01:36:48","slug":"factory-serving-long-stroke-hydraulic-cylinder-tractor-hydraulic-steering-cylinder","status":"publish","type":"product","link":"https:\/\/fmp-components.com\/es\/product\/factory-serving-long-stroke-hydraulic-cylinder-tractor-hydraulic-steering-cylinder\/","title":{"rendered":"F\u00e1brica que sirve cilindros hidr\u00e1ulicos de carrera larga para tractores. Cilindro de direcci\u00f3n hidr\u00e1ulica."},"content":{"rendered":"<h2>El \u00faltimo dise\u00f1o de cilindro hidr\u00e1ulico peque\u00f1o Cilindro hidr\u00e1ulico de direcci\u00f3n asistida<\/h2>\n<p>El cilindro hidr\u00e1ulico de direcci\u00f3n asistida de dise\u00f1o m\u00e1s reciente es un cilindro hidr\u00e1ulico de vanguardia dise\u00f1ado para aplicaciones de direcci\u00f3n asistida. Es compacto, duradero y est\u00e1 dise\u00f1ado para ofrecer el m\u00e1ximo rendimiento y fiabilidad.<\/p>\n<p>Gracias a su dise\u00f1o innovador y tecnolog\u00eda avanzada, este cilindro hidr\u00e1ulico ofrece un control de direcci\u00f3n suave y preciso, incluso en las condiciones m\u00e1s exigentes. Incorpora materiales de alta resistencia, mecanizado de precisi\u00f3n y una construcci\u00f3n robusta que garantiza una larga durabilidad y un rendimiento fiable.<\/p>\n<p>Ya sea que trabaje en una aplicaci\u00f3n industrial pesada o en un veh\u00edculo ligero, el cilindro hidr\u00e1ulico de direcci\u00f3n asistida de \u00faltimo dise\u00f1o es la soluci\u00f3n perfecta para sus necesidades de direcci\u00f3n asistida. Su tama\u00f1o compacto y f\u00e1cil instalaci\u00f3n lo convierten en la opci\u00f3n ideal para una amplia gama de aplicaciones.<\/p>\n<p>Si busca un cilindro hidr\u00e1ulico de alta calidad que ofrezca un rendimiento y una fiabilidad inigualables, no busque m\u00e1s all\u00e1 del \u00faltimo dise\u00f1o de cilindro hidr\u00e1ulico peque\u00f1o para direcci\u00f3n asistida.<\/p>\n<h2>Introducci\u00f3n al cilindro hidr\u00e1ulico<\/h2>\n<p>El cilindro hidr\u00e1ulico tiene una larga historia que se remonta a las civilizaciones antiguas. Hoy en d\u00eda, existen diversos tipos, cada uno con sus ventajas \u00fanicas. Su instalaci\u00f3n, reparaci\u00f3n y mantenimiento son necesarios para garantizar un rendimiento \u00f3ptimo. Seleccionar el aceite hidr\u00e1ulico y el ret\u00e9n adecuados es fundamental para su correcto funcionamiento.<\/p>\n<p><img decoding=\"async\" src=\"https:\/\/hzpt.com\/wp-content\/uploads\/2023\/11\/Steering-Hydraulic-Cylinder-5.webp\" alt=\"\" title=\"\"><\/p>\n<h3>C\u00f3mo elegir el aceite hidr\u00e1ulico y el sello de aceite adecuados<\/h3>\n<p>Al seleccionar una unidad de potencia adecuada para su cilindro hidr\u00e1ulico, tenga en cuenta factores como el tipo de maquinaria, sus condiciones de funcionamiento y la potencia requerida. Es necesario reemplazar peri\u00f3dicamente el aceite hidr\u00e1ulico y el ret\u00e9n para mantener la eficiencia del cilindro.<\/p>\n<h2>Aplicaci\u00f3n del cilindro hidr\u00e1ulico de direcci\u00f3n<\/h2>\n<p>Los cilindros hidr\u00e1ulicos de direcci\u00f3n son componentes esenciales de los sistemas de direcci\u00f3n en diversos tipos de veh\u00edculos. Estos cilindros, tambi\u00e9n conocidos como actuadores de direcci\u00f3n, ayudan a convertir la energ\u00eda generada por una bomba de direcci\u00f3n en movimiento lineal que permite manipular la direcci\u00f3n de las ruedas del veh\u00edculo. Estas son algunas de las aplicaciones de los cilindros hidr\u00e1ulicos de direcci\u00f3n:<\/p>\n<ol>\n<li>Veh\u00edculos pesados:\n<p>Los cilindros hidr\u00e1ulicos de direcci\u00f3n se utilizan com\u00fanmente en veh\u00edculos pesados como camiones, autobuses y equipos de construcci\u00f3n. Estos veh\u00edculos requieren mucha fuerza para dirigir, y un cilindro hidr\u00e1ulico puede generar la potencia necesaria para girar las ruedas incluso con carga. El sistema hidr\u00e1ulico tambi\u00e9n permite un control m\u00e1s preciso del mecanismo de direcci\u00f3n, facilitando a los conductores la conducci\u00f3n en veh\u00edculos grandes y dif\u00edciles de manejar.<\/li>\n<li>Veh\u00edculos todoterreno:\n<p>Los veh\u00edculos todoterreno, como los ATV, los buggies para dunas y las motos de cross, tambi\u00e9n se benefician de los cilindros hidr\u00e1ulicos de direcci\u00f3n. Estos veh\u00edculos suelen operar en terrenos dif\u00edciles donde los mecanismos de direcci\u00f3n convencionales podr\u00edan no ser eficaces. Los cilindros hidr\u00e1ulicos pueden proporcionar la potencia y la precisi\u00f3n necesarias para sortear obst\u00e1culos y mantener el control del veh\u00edculo.<\/li>\n<li>Aplicaciones marinas y aeroespaciales:\n<p>Los cilindros hidr\u00e1ulicos de direcci\u00f3n no se limitan a los veh\u00edculos terrestres. Tambi\u00e9n se utilizan en aplicaciones marinas, como barcos y buques, as\u00ed como en tecnolog\u00eda aeroespacial, como naves espaciales y aviones. En estos entornos, los cilindros hidr\u00e1ulicos se utilizan para manipular la direcci\u00f3n de timones, aletas y otras superficies de control que ayudan a gobernar la embarcaci\u00f3n o aeronave.<\/li>\n<li>Equipos industriales:\n<p>Los cilindros hidr\u00e1ulicos tambi\u00e9n se utilizan en diversos entornos industriales para la direcci\u00f3n y otras aplicaciones. Por ejemplo, pueden utilizarse para dirigir gr\u00faas, carretillas elevadoras u otra maquinaria pesada. En estos entornos, los cilindros hidr\u00e1ulicos pueden proporcionar la potencia y la precisi\u00f3n necesarias para manipular grandes cargas u operar en espacios reducidos.<\/li>\n<li>Aplicaciones personalizadas:\n<p>Adem\u00e1s de estas aplicaciones comunes, los cilindros hidr\u00e1ulicos de direcci\u00f3n tambi\u00e9n pueden utilizarse en diversos entornos personalizados. Por ejemplo, pueden emplearse en veh\u00edculos experimentales o prototipos que requieren un mecanismo de direcci\u00f3n \u00fanico. Tambi\u00e9n pueden emplearse en instalaciones art\u00edsticas o esculturas cin\u00e9ticas que requieren un movimiento preciso y controlado.<\/li>\n<\/ol>\n<p>Como puede ver, los cilindros hidr\u00e1ulicos de direcci\u00f3n tienen una amplia gama de aplicaciones en diversas industrias y entornos. Ya sea en veh\u00edculos pesados, veh\u00edculos todoterreno, aplicaciones marinas y aeroespaciales, equipos industriales o aplicaciones personalizadas, estos cilindros proporcionan la potencia, la precisi\u00f3n y el control necesarios para una direcci\u00f3n eficaz.<\/p>\n<h2>Acerca de FMP<\/h2>\n<p>FMP es un fabricante y distribuidor l\u00edder de cilindros hidr\u00e1ulicos, kits de cilindros y componentes de alta calidad para maquinaria de construcci\u00f3n. Con una larga experiencia en el sector y un equipo profesional, nos comprometemos a brindar a nuestros clientes soluciones fiables y eficientes para sus necesidades de maquinaria de construcci\u00f3n.<\/p>\n<p>Aqu\u00ed hay cinco razones por las que deber\u00eda elegir FMP:<\/p>\n<ol>\n<li><strong>Cilindros hidr\u00e1ulicos de alta calidad:<\/strong> Utilizamos ingenier\u00eda de precisi\u00f3n para fabricar nuestros cilindros hidr\u00e1ulicos. Nuestro firme compromiso con la calidad garantiza que utilizamos \u00fanicamente materias primas de la m\u00e1s alta calidad y realizamos rigurosas inspecciones de calidad de los productos terminados para garantizar que cumplan y superen los est\u00e1ndares de la industria.<\/li>\n<li><strong>Amplia gama de productos:<\/strong> Nuestra gama de productos abarca todo tipo de maquinaria de construcci\u00f3n y accesorios. Ofrecemos diversos cilindros hidr\u00e1ulicos, cajas de engranajes, cadenas, ruedas dentadas, accesorios para motores, componentes de sistemas hidr\u00e1ulicos, accesorios para chasis y accesorios para sistemas el\u00e9ctricos.<\/li>\n<li><strong>Asociaciones establecidas:<\/strong> Hemos establecido alianzas duraderas y estables con numerosos proveedores nacionales e internacionales de alta calidad. Esto garantiza que todos los accesorios suministrados cumplan con nuestros estrictos est\u00e1ndares de calidad.<\/li>\n<li><strong>Equipo de ventas experimentado:<\/strong> Nuestro equipo de ventas cuenta con una amplia experiencia y conocimiento en el sector de la maquinaria de construcci\u00f3n. Le brindar\u00e1n asesoramiento profesional sobre productos y consejos de compra inteligentes para ayudarle a tomar decisiones informadas.<\/li>\n<li><strong>Sistema de distribuci\u00f3n log\u00edstica eficiente:<\/strong> Contamos con un sistema de distribuci\u00f3n log\u00edstica eficiente para garantizar que nuestros clientes reciban las piezas requeridas de manera oportuna y precisa.<\/li>\n<\/ol>\n<p><img decoding=\"async\" src=\"https:\/\/fmp-components.com\/wp-content\/uploads\/2025\/01\/Dump-Truck-Trailer-Hydraulic-Cylinder-product-3-3.webp\" alt=\"Cilindro hidr\u00e1ulico\" width=\"800\" title=\"\"><\/p>\n<p>En FMP, nos comprometemos a ofrecer a nuestros clientes accesorios para maquinaria de construcci\u00f3n de alta calidad y fiabilidad, as\u00ed como soluciones integrales. Gracias a nuestras modernas instalaciones de fabricaci\u00f3n, m\u00e1quinas herramienta CNC, dise\u00f1o asistido por computadora, personal cualificado, expertos en sistemas hidr\u00e1ulicos, ensambladores de cilindros y distribuidores, somos el socio ideal para satisfacer sus necesidades de cilindros hidr\u00e1ulicos, kits de cilindros y componentes.<\/p>\n<p>Autor: CX<\/p>","protected":false},"excerpt":{"rendered":"<p>The Latest Design Small Hydraulic Cylinder Power Steering Hydraulic Cylinder The Latest Design Small Hydraulic Cylinder Power Steering Hydraulic Cylinder is a cutting-edge hydraulic cylinder designed for power steering applications. It is compact, durable, and engineered to deliver maximum performance and reliability. With its innovative design and advanced technology, this hydraulic cylinder is capable of [&hellip;]<\/p>","protected":false},"featured_media":2794,"comment_status":"closed","ping_status":"closed","template":"","meta":{"_et_pb_use_builder":"","_et_pb_old_content":"","_et_gb_content_width":""},"product_brand":[],"product_cat":[67],"product_tag":[34,70],"class_list":{"0":"post-2793","1":"product","2":"type-product","3":"status-publish","4":"has-post-thumbnail","6":"product_cat-steering-hydraulic-cylinder","7":"product_tag-hydraulic-cylinder","8":"product_tag-steering-hydraulic-cylinder","10":"first","11":"instock","12":"product-type-simple"},"_links":{"self":[{"href":"https:\/\/fmp-components.com\/es\/wp-json\/wp\/v2\/product\/2793","targetHints":{"allow":["GET"]}}],"collection":[{"href":"https:\/\/fmp-components.com\/es\/wp-json\/wp\/v2\/product"}],"about":[{"href":"https:\/\/fmp-components.com\/es\/wp-json\/wp\/v2\/types\/product"}],"replies":[{"embeddable":true,"href":"https:\/\/fmp-components.com\/es\/wp-json\/wp\/v2\/comments?post=2793"}],"wp:featuredmedia":[{"embeddable":true,"href":"https:\/\/fmp-components.com\/es\/wp-json\/wp\/v2\/media\/2794"}],"wp:attachment":[{"href":"https:\/\/fmp-components.com\/es\/wp-json\/wp\/v2\/media?parent=2793"}],"wp:term":[{"taxonomy":"product_brand","embeddable":true,"href":"https:\/\/fmp-components.com\/es\/wp-json\/wp\/v2\/product_brand?post=2793"},{"taxonomy":"product_cat","embeddable":true,"href":"https:\/\/fmp-components.com\/es\/wp-json\/wp\/v2\/product_cat?post=2793"},{"taxonomy":"product_tag","embeddable":true,"href":"https:\/\/fmp-components.com\/es\/wp-json\/wp\/v2\/product_tag?post=2793"}],"curies":[{"name":"gracias","href":"https:\/\/api.w.org\/{rel}","templated":true}]}}