{"id":2784,"date":"2025-01-04T05:22:33","date_gmt":"2025-01-04T05:22:33","guid":{"rendered":"https:\/\/fmp-components.com\/product\/customized-custom-hydraulic-cylinder-mini-hydraulic-cylinder-tractor-power-steering-cylinder\/"},"modified":"2025-03-18T01:38:49","modified_gmt":"2025-03-18T01:38:49","slug":"customized-custom-hydraulic-cylinder-mini-hydraulic-cylinder-tractor-power-steering-cylinder","status":"publish","type":"product","link":"https:\/\/fmp-components.com\/es\/product\/customized-custom-hydraulic-cylinder-mini-hydraulic-cylinder-tractor-power-steering-cylinder\/","title":{"rendered":"Cilindro hidr\u00e1ulico personalizado, mini cilindro hidr\u00e1ulico, cilindro de direcci\u00f3n asistida para tractor."},"content":{"rendered":"<h2>Cilindro hidr\u00e1ulico de carrera larga para tractor, proveedor italiano.<\/h2>\n<p>El cilindro hidr\u00e1ulico de direcci\u00f3n para tractores de carrera larga, de proveedor italiano, es un cilindro hidr\u00e1ulico de alta calidad y fiabilidad, dise\u00f1ado espec\u00edficamente para tractores. Fabricado por un proveedor italiano de confianza, garantiza un rendimiento y una durabilidad superiores.<\/p>\n<p>Gracias a su gran recorrido, este cilindro hidr\u00e1ulico permite un control de direcci\u00f3n suave y preciso para tractores. Est\u00e1 dise\u00f1ado para soportar un uso intensivo y se adapta eficazmente a diversos terrenos y condiciones de operaci\u00f3n.<\/p>\n<p>El cilindro hidr\u00e1ulico de carrera larga, de proveedor italiano, est\u00e1 dise\u00f1ado con tecnolog\u00eda hidr\u00e1ulica avanzada, lo que garantiza una transmisi\u00f3n de potencia eficiente y un rendimiento \u00f3ptimo. Su robusta construcci\u00f3n e ingenier\u00eda de precisi\u00f3n garantizan una funcionalidad duradera, lo que lo convierte en la opci\u00f3n ideal para sistemas de direcci\u00f3n de tractores.<\/p>\n<p>Ya sea que trabaje en una granja, una obra o cualquier otra aplicaci\u00f3n agr\u00edcola o industrial, el cilindro hidr\u00e1ulico de direcci\u00f3n para tractores de carrera larga de proveedor italiano es una excelente soluci\u00f3n para una direcci\u00f3n de tractor confiable y eficiente. Conf\u00ede en su calidad y rendimiento para mejorar la productividad y la eficacia de sus operaciones.<\/p>\n<h2>Introducci\u00f3n a los cilindros hidr\u00e1ulicos<\/h2>\n<p>Los cilindros hidr\u00e1ulicos han sido un componente vital de muchas industrias, como talleres de reparaci\u00f3n de maquinaria, granjas, energ\u00eda y miner\u00eda, durante siglos. Existen diversos tipos de cilindros hidr\u00e1ulicos, como cilindros de inclinaci\u00f3n, direcci\u00f3n y elevaci\u00f3n, entre otros.<\/p>\n<h3>Ventajas de los cilindros hidr\u00e1ulicos<\/h3>\n<ul>\n<li>Transmisi\u00f3n de potencia eficiente<\/li>\n<li>F\u00e1cil mantenimiento y reparaci\u00f3n<\/li>\n<li>Excelente durabilidad<\/li>\n<\/ul>\n<h3>Instalaci\u00f3n y mantenimiento de cilindros hidr\u00e1ulicos<\/h3>\n<p>La instalaci\u00f3n y el mantenimiento de cilindros hidr\u00e1ulicos requieren precisi\u00f3n y conocimientos especializados. Las revisiones y la lubricaci\u00f3n peri\u00f3dicas son necesarias para un rendimiento duradero. Tambi\u00e9n es crucial saber cu\u00e1ndo y c\u00f3mo reemplazar estos cilindros.<\/p>\n<h2>C\u00f3mo elegir el aceite hidr\u00e1ulico y el sello de aceite adecuados<\/h2>\n<p>La elecci\u00f3n del aceite hidr\u00e1ulico y el sello de aceite adecuados depende del tipo de cilindro hidr\u00e1ulico y su aplicaci\u00f3n. Los factores a considerar incluyen la temperatura de operaci\u00f3n, el rango de presi\u00f3n y la velocidad del cilindro.<\/p>\n<p><img decoding=\"async\" src=\"https:\/\/hzpt.com\/wp-content\/uploads\/2023\/11\/Steering-Hydraulic-Cylinder-4.webp\" alt=\"\" title=\"\"><\/p>\n<h2>Aplicaci\u00f3n del cilindro hidr\u00e1ulico de direcci\u00f3n<\/h2>\n<p>Los cilindros hidr\u00e1ulicos de direcci\u00f3n son componentes esenciales de los sistemas de direcci\u00f3n en diversos tipos de veh\u00edculos. Estos cilindros, tambi\u00e9n conocidos como actuadores de direcci\u00f3n, ayudan a convertir la energ\u00eda generada por una bomba de direcci\u00f3n en movimiento lineal que permite manipular la direcci\u00f3n de las ruedas del veh\u00edculo. Estas son algunas de las aplicaciones de los cilindros hidr\u00e1ulicos de direcci\u00f3n:<\/p>\n<ol>\n<li>Veh\u00edculos pesados:\n<p>Los cilindros hidr\u00e1ulicos de direcci\u00f3n se utilizan com\u00fanmente en veh\u00edculos pesados como camiones, autobuses y equipos de construcci\u00f3n. Estos veh\u00edculos requieren mucha fuerza para dirigir, y un cilindro hidr\u00e1ulico puede generar la potencia necesaria para girar las ruedas incluso con carga. El sistema hidr\u00e1ulico tambi\u00e9n permite un control m\u00e1s preciso del mecanismo de direcci\u00f3n, facilitando a los conductores la conducci\u00f3n en veh\u00edculos grandes y dif\u00edciles de manejar.<\/li>\n<li>Veh\u00edculos todoterreno:\n<p>Los veh\u00edculos todoterreno, como los ATV, los buggies para dunas y las motos de cross, tambi\u00e9n se benefician de los cilindros hidr\u00e1ulicos de direcci\u00f3n. Estos veh\u00edculos suelen operar en terrenos dif\u00edciles donde los mecanismos de direcci\u00f3n convencionales podr\u00edan no ser eficaces. Los cilindros hidr\u00e1ulicos pueden proporcionar la potencia y la precisi\u00f3n necesarias para sortear obst\u00e1culos y mantener el control del veh\u00edculo.<\/li>\n<li>Aplicaciones marinas y aeroespaciales:\n<p>Los cilindros hidr\u00e1ulicos de direcci\u00f3n no se limitan a los veh\u00edculos terrestres. Tambi\u00e9n se utilizan en aplicaciones marinas, como barcos y buques, as\u00ed como en tecnolog\u00eda aeroespacial, como naves espaciales y aviones. En estos entornos, los cilindros hidr\u00e1ulicos se utilizan para manipular la direcci\u00f3n de timones, aletas y otras superficies de control que ayudan a gobernar la embarcaci\u00f3n o aeronave.<\/li>\n<li>Equipos industriales:\n<p>Los cilindros hidr\u00e1ulicos tambi\u00e9n se utilizan en diversos entornos industriales para la direcci\u00f3n y otras aplicaciones. Por ejemplo, pueden utilizarse para dirigir gr\u00faas, carretillas elevadoras u otra maquinaria pesada. En estos entornos, los cilindros hidr\u00e1ulicos pueden proporcionar la potencia y la precisi\u00f3n necesarias para manipular grandes cargas u operar en espacios reducidos.<\/li>\n<li>Aplicaciones personalizadas:\n<p>Adem\u00e1s de estas aplicaciones comunes, los cilindros hidr\u00e1ulicos de direcci\u00f3n tambi\u00e9n pueden utilizarse en diversos entornos personalizados. Por ejemplo, pueden emplearse en veh\u00edculos experimentales o prototipos que requieren un mecanismo de direcci\u00f3n \u00fanico. Tambi\u00e9n pueden emplearse en instalaciones art\u00edsticas o esculturas cin\u00e9ticas que requieren un movimiento preciso y controlado.<\/li>\n<\/ol>\n<p>Como puede ver, los cilindros hidr\u00e1ulicos de direcci\u00f3n tienen una amplia gama de aplicaciones en diversas industrias y entornos. Ya sea en veh\u00edculos pesados, veh\u00edculos todoterreno, aplicaciones marinas y aeroespaciales, equipos industriales o aplicaciones personalizadas, estos cilindros proporcionan la potencia, la precisi\u00f3n y el control necesarios para una direcci\u00f3n eficaz.<\/p>\n<h2>Acerca de FMP<\/h2>\n<p>FMP es un fabricante y distribuidor l\u00edder de cilindros hidr\u00e1ulicos, kits de cilindros y componentes de alta calidad para maquinaria de construcci\u00f3n. Con una larga experiencia en el sector y un equipo profesional, nos comprometemos a brindar a nuestros clientes soluciones fiables y eficientes para sus necesidades de maquinaria de construcci\u00f3n.<\/p>\n<p>Aqu\u00ed hay cinco razones por las que deber\u00eda elegir FMP:<\/p>\n<ol>\n<li><strong>Cilindros hidr\u00e1ulicos de alta calidad:<\/strong> Utilizamos ingenier\u00eda de precisi\u00f3n para fabricar nuestros cilindros hidr\u00e1ulicos. Nuestro firme compromiso con la calidad garantiza que utilizamos \u00fanicamente materias primas de la m\u00e1s alta calidad y realizamos rigurosas inspecciones de calidad de los productos terminados para garantizar que cumplan y superen los est\u00e1ndares de la industria.<\/li>\n<li><strong>Amplia gama de productos:<\/strong> Nuestra gama de productos abarca todo tipo de maquinaria de construcci\u00f3n y accesorios. Ofrecemos diversos cilindros hidr\u00e1ulicos, cajas de engranajes, cadenas, ruedas dentadas, accesorios para motores, componentes de sistemas hidr\u00e1ulicos, accesorios para chasis y accesorios para sistemas el\u00e9ctricos.<\/li>\n<li><strong>Asociaciones establecidas:<\/strong> Hemos establecido alianzas duraderas y estables con numerosos proveedores nacionales e internacionales de alta calidad. Esto garantiza que todos los accesorios suministrados cumplan con nuestros estrictos est\u00e1ndares de calidad.<\/li>\n<li><strong>Equipo de ventas experimentado:<\/strong> Nuestro equipo de ventas cuenta con una amplia experiencia y conocimiento en el sector de la maquinaria de construcci\u00f3n. Le brindar\u00e1n asesoramiento profesional sobre productos y consejos de compra inteligentes para ayudarle a tomar decisiones informadas.<\/li>\n<li><strong>Sistema de distribuci\u00f3n log\u00edstica eficiente:<\/strong> Contamos con un sistema de distribuci\u00f3n log\u00edstica eficiente para garantizar que nuestros clientes reciban las piezas requeridas de manera oportuna y precisa.<\/li>\n<\/ol>\n<p><img decoding=\"async\" src=\"https:\/\/fmp-components.com\/wp-content\/uploads\/2025\/01\/Dump-Truck-Trailer-Hydraulic-Cylinder-product-3-3.webp\" alt=\"Cilindro hidr\u00e1ulico\" width=\"800\" title=\"\"><\/p>\n<p>En FMP, nos comprometemos a ofrecer a nuestros clientes accesorios para maquinaria de construcci\u00f3n de alta calidad y fiabilidad, as\u00ed como soluciones integrales. Gracias a nuestras modernas instalaciones de fabricaci\u00f3n, m\u00e1quinas herramienta CNC, dise\u00f1o asistido por computadora, personal cualificado, expertos en sistemas hidr\u00e1ulicos, ensambladores de cilindros y distribuidores, somos el socio ideal para satisfacer sus necesidades de cilindros hidr\u00e1ulicos, kits de cilindros y componentes.<\/p>\n<p>Autor: CX<\/p>","protected":false},"excerpt":{"rendered":"<p>Italy Supplier Long Stroke Hydraulic Cylinder Tractor Hydraulic Steering Cylinder The Italy Supplier Long Stroke Hydraulic Cylinder Tractor Hydraulic Steering Cylinder is a high-quality and reliable hydraulic cylinder designed specifically for tractors. This cylinder is manufactured by a trusted Italian supplier, ensuring superior performance and durability. With its long stroke capability, this hydraulic cylinder enables [&hellip;]<\/p>","protected":false},"featured_media":2785,"comment_status":"closed","ping_status":"closed","template":"","meta":{"_et_pb_use_builder":"","_et_pb_old_content":"","_et_gb_content_width":""},"product_brand":[],"product_cat":[67],"product_tag":[34,70],"class_list":{"0":"post-2784","1":"product","2":"type-product","3":"status-publish","4":"has-post-thumbnail","6":"product_cat-steering-hydraulic-cylinder","7":"product_tag-hydraulic-cylinder","8":"product_tag-steering-hydraulic-cylinder","10":"first","11":"instock","12":"product-type-simple"},"_links":{"self":[{"href":"https:\/\/fmp-components.com\/es\/wp-json\/wp\/v2\/product\/2784","targetHints":{"allow":["GET"]}}],"collection":[{"href":"https:\/\/fmp-components.com\/es\/wp-json\/wp\/v2\/product"}],"about":[{"href":"https:\/\/fmp-components.com\/es\/wp-json\/wp\/v2\/types\/product"}],"replies":[{"embeddable":true,"href":"https:\/\/fmp-components.com\/es\/wp-json\/wp\/v2\/comments?post=2784"}],"wp:featuredmedia":[{"embeddable":true,"href":"https:\/\/fmp-components.com\/es\/wp-json\/wp\/v2\/media\/2785"}],"wp:attachment":[{"href":"https:\/\/fmp-components.com\/es\/wp-json\/wp\/v2\/media?parent=2784"}],"wp:term":[{"taxonomy":"product_brand","embeddable":true,"href":"https:\/\/fmp-components.com\/es\/wp-json\/wp\/v2\/product_brand?post=2784"},{"taxonomy":"product_cat","embeddable":true,"href":"https:\/\/fmp-components.com\/es\/wp-json\/wp\/v2\/product_cat?post=2784"},{"taxonomy":"product_tag","embeddable":true,"href":"https:\/\/fmp-components.com\/es\/wp-json\/wp\/v2\/product_tag?post=2784"}],"curies":[{"name":"gracias","href":"https:\/\/api.w.org\/{rel}","templated":true}]}}