{"id":2751,"date":"2025-01-04T05:11:17","date_gmt":"2025-01-04T05:11:17","guid":{"rendered":"https:\/\/fmp-components.com\/?page_id=8"},"modified":"2025-01-04T05:11:18","modified_gmt":"2025-01-04T05:11:18","slug":"grader-driven-rake-gearbox-ep-dx300-2-for-powered-harrow","status":"publish","type":"product","link":"https:\/\/fmp-components.com\/es\/product\/grader-driven-rake-gearbox-ep-dx300-2-for-powered-harrow\/","title":{"rendered":"Caja de engranajes para rastrillo accionado por niveladora EP-DX300-2 para grada motorizada"},"content":{"rendered":"<h2><img loading=\"lazy\" decoding=\"async\" class=\"size-full wp-image-2756 aligncenter\" src=\"https:\/\/fmp-components.com\/wp-content\/uploads\/2025\/01\/Grader-Driven-Rake-Gearbox-EP-DX300-2-Features1.webp\" alt=\"Rastrillo accionado por niveladora con caja de engranajes EP-DX300, 2 caracter\u00edsticas (1)\" width=\"1024\" height=\"828\" title=\"\" srcset=\"https:\/\/fmp-components.com\/wp-content\/uploads\/2025\/01\/Grader-Driven-Rake-Gearbox-EP-DX300-2-Features1.webp 1024w, https:\/\/fmp-components.com\/wp-content\/uploads\/2025\/01\/Grader-Driven-Rake-Gearbox-EP-DX300-2-Features1-980x792.webp 980w, https:\/\/fmp-components.com\/wp-content\/uploads\/2025\/01\/Grader-Driven-Rake-Gearbox-EP-DX300-2-Features1-480x388.webp 480w\" sizes=\"(min-width: 0px) and (max-width: 480px) 480px, (min-width: 481px) and (max-width: 980px) 980px, (min-width: 981px) 1024px, 100vw\" \/><\/h2>\n<h2>Dimensiones de la caja de engranajes del rastrillo accionado por niveladora FMP-DX300-2\u00a0<img loading=\"lazy\" decoding=\"async\" class=\"alignnone size-full wp-image-2752\" src=\"https:\/\/fmp-components.com\/wp-content\/uploads\/2025\/01\/Grader-Driven-Rake-Gearbox-EP-DX300-2-Dimensions.webp\" alt=\"Caja de engranajes del rastrillo accionado por niveladora EP-DX300-2-Dimensiones\" width=\"1137\" height=\"785\" title=\"\" srcset=\"https:\/\/fmp-components.com\/wp-content\/uploads\/2025\/01\/Grader-Driven-Rake-Gearbox-EP-DX300-2-Dimensions.webp 1137w, https:\/\/fmp-components.com\/wp-content\/uploads\/2025\/01\/Grader-Driven-Rake-Gearbox-EP-DX300-2-Dimensions-980x677.webp 980w, https:\/\/fmp-components.com\/wp-content\/uploads\/2025\/01\/Grader-Driven-Rake-Gearbox-EP-DX300-2-Dimensions-480x331.webp 480w\" sizes=\"(min-width: 0px) and (max-width: 480px) 480px, (min-width: 481px) and (max-width: 980px) 980px, (min-width: 981px) 1137px, 100vw\" \/> Caja de engranajes del rastrillo accionado por niveladora FMP-DX300-2 Turn<\/h2>\n<h2><img loading=\"lazy\" decoding=\"async\" class=\"alignnone size-full wp-image-2753\" src=\"https:\/\/fmp-components.com\/wp-content\/uploads\/2025\/01\/32LBLUCr-Grader-Driven-Rake-Gearbox-EP-DX300-2-Turn.webp\" alt=\"Rastrillo accionado por niveladora 32LBLUCr con caja de engranajes EP-DX300 de 2 vueltas\" width=\"1303\" height=\"347\" title=\"\" srcset=\"https:\/\/fmp-components.com\/wp-content\/uploads\/2025\/01\/32LBLUCr-Grader-Driven-Rake-Gearbox-EP-DX300-2-Turn.webp 1303w, https:\/\/fmp-components.com\/wp-content\/uploads\/2025\/01\/32LBLUCr-Grader-Driven-Rake-Gearbox-EP-DX300-2-Turn-1280x341.webp 1280w, https:\/\/fmp-components.com\/wp-content\/uploads\/2025\/01\/32LBLUCr-Grader-Driven-Rake-Gearbox-EP-DX300-2-Turn-980x261.webp 980w, https:\/\/fmp-components.com\/wp-content\/uploads\/2025\/01\/32LBLUCr-Grader-Driven-Rake-Gearbox-EP-DX300-2-Turn-480x128.webp 480w\" sizes=\"(min-width: 0px) and (max-width: 480px) 480px, (min-width: 481px) and (max-width: 980px) 980px, (min-width: 981px) and (max-width: 1280px) 1280px, (min-width: 1281px) 1303px, 100vw\" \/><\/h2>\n<h2>Datos t\u00e9cnicos de la caja de engranajes del rastrillo accionado por niveladora FMP-DX300-2<\/h2>\n<table style=\"width: 101.518%; height: 166px;\" border=\"1\" cellspacing=\"0\" cellpadding=\"0\">\n<tbody>\n<tr>\n<td colspan=\"2\" rowspan=\"2\">i<\/td>\n<td rowspan=\"2\">Adecuado<\/td>\n<td>Entrada de rpm<\/td>\n<td>Salida de rpm<\/td>\n<td>KW(Nom.)<\/td>\n<td>KW(M\u00e1x.)<\/td>\n<td rowspan=\"2\">Dentado<\/td>\n<\/tr>\n<tr>\n<td>r\/min<\/td>\n<td>r\/min<\/td>\n<td>caballos de fuerza<\/td>\n<td>caballos de fuerza<\/td>\n<\/tr>\n<tr>\n<td>Decelerar<\/td>\n<td>2.47:1<\/td>\n<td rowspan=\"3\">Grada motorizada<\/td>\n<td>1000<\/td>\n<td>404<\/td>\n<td rowspan=\"3\">200<\/td>\n<td>3500<\/td>\n<td rowspan=\"3\">Gleason Helicoidal<br \/>\nDientes<\/td>\n<\/tr>\n<tr>\n<td>Decelerar<\/td>\n<td>2.63:1<\/td>\n<td>1000<\/td>\n<td>380<\/td>\n<td>3700<\/td>\n<\/tr>\n<tr>\n<td>Decelerar<\/td>\n<td>2.04:1<\/td>\n<td>850<\/td>\n<td>416<\/td>\n<td>3400<\/td>\n<\/tr>\n<tr>\n<td colspan=\"8\">Observaci\u00f3n: si tiene alg\u00fan requisito especial, no dude en hac\u00e9rmelo saber, tambi\u00e9n aceptamos pedidos personalizados.<\/td>\n<\/tr>\n<\/tbody>\n<\/table>\n<h2>Caracter\u00edsticas y componentes de la caja de engranajes del rastrillo accionado por niveladora FMP-DX300-2<\/h2>\n<p>La caja de engranajes para rastrillos accionados por niveladora FMP-DX300-2 es una caja de engranajes de alto rendimiento dise\u00f1ada para su uso en maquinaria agr\u00edcola, especialmente para niveladoras y rastrillos. Esta caja de engranajes est\u00e1 dise\u00f1ada para transferir eficientemente la potencia del tractor al rastrillo, garantizando un rendimiento \u00f3ptimo en aplicaciones exigentes como el rastrillado de heno, la nivelaci\u00f3n de terrenos y otras tareas agr\u00edcolas.<\/p>\n<h3>Caracter\u00edsticas principales del FMP-DX300-2:<\/h3>\n<ol>\n<li><strong>Manejo de alto par<\/strong>El FMP-DX300-2 est\u00e1 dise\u00f1ado para soportar cargas de alto torque, lo que garantiza un funcionamiento confiable incluso en condiciones de trabajo pesado t\u00edpicas de los entornos agr\u00edcolas.<\/li>\n<li><strong>Durabilidad y confiabilidad<\/strong>Fabricada con materiales de alta resistencia, la caja de engranajes est\u00e1 dise\u00f1ada para un rendimiento duradero. Es resistente al desgaste, lo que la hace ideal para uso continuo en entornos agr\u00edcolas hostiles.<\/li>\n<li><strong>Transmisi\u00f3n de potencia optimizada<\/strong>:La caja de cambios garantiza una transferencia de potencia eficiente desde la toma de fuerza del tractor al sistema de rastrillo, mejorando la eficiencia general de la maquinaria y reduciendo las p\u00e9rdidas de energ\u00eda durante el funcionamiento.<\/li>\n<li><strong>Relaciones de transmisi\u00f3n personalizables<\/strong>Disponible en m\u00faltiples relaciones de transmisi\u00f3n, el FMP-DX300-2 se puede adaptar para adaptarse a diversas aplicaciones agr\u00edcolas, lo que garantiza un rendimiento \u00f3ptimo para diferentes tipos de maquinaria y necesidades operativas.<\/li>\n<li><strong>Dise\u00f1o compacto y ligero<\/strong>A pesar de su construcci\u00f3n robusta, el FMP-DX300-2 est\u00e1 dise\u00f1ado para ser compacto y liviano, lo que permite una f\u00e1cil instalaci\u00f3n e integraci\u00f3n con diversos equipos agr\u00edcolas sin comprometer la resistencia.<\/li>\n<\/ol>\n<h3>Componentes clave del FMP-DX300-2:<\/h3>\n<ol>\n<li><strong>Eje de entrada<\/strong>El eje de entrada se encarga de transferir la potencia rotacional de la toma de fuerza del tractor a la caja de cambios. Est\u00e1 dise\u00f1ado para soportar un alto par de entrada y garantizar una transmisi\u00f3n de potencia fluida.<\/li>\n<li><strong>Juego de engranajes<\/strong>El conjunto de engranajes, el coraz\u00f3n de la caja de cambios, se encarga de modificar la velocidad de rotaci\u00f3n y el par. Los engranajes de precisi\u00f3n garantizan un engrane suave y una alta eficiencia en la transferencia de potencia.<\/li>\n<li><strong>Eje de salida<\/strong>:El eje de salida conecta la caja de engranajes al sistema de rastrillo, transmitiendo la energ\u00eda mec\u00e1nica necesaria para impulsar el equipo.<\/li>\n<li><strong>Aspectos<\/strong>Rodamientos de alta calidad soportan los componentes giratorios, reduciendo la fricci\u00f3n y garantizando un funcionamiento suave. Los rodamientos est\u00e1n dise\u00f1ados para soportar cargas pesadas y altas velocidades, garantizando durabilidad y fiabilidad.<\/li>\n<li><strong>Alojamiento<\/strong>La carcasa de la caja de cambios est\u00e1 fabricada con materiales duraderos y resistentes a la corrosi\u00f3n que protegen los componentes internos. Garantiza la integridad estructural y protege la caja de cambios de factores ambientales externos como el polvo, la humedad y los residuos.<\/li>\n<\/ol>\n<p>El <strong>Caja de engranajes del rastrillo accionado por niveladora FMP-DX300-2<\/strong> Es una caja de cambios altamente duradera, eficiente y confiable, dise\u00f1ada para aplicaciones agr\u00edcolas exigentes. Con su alta capacidad de par, relaciones de transmisi\u00f3n personalizables y bajos requisitos de mantenimiento, proporciona una transferencia de potencia \u00f3ptima a la vez que garantiza un rendimiento a largo plazo. La ingenier\u00eda de precisi\u00f3n de la caja de cambios, junto con sus robustos componentes, la convierte en la opci\u00f3n ideal para maquinaria agr\u00edcola de servicio pesado, mejorando la productividad y minimizando el tiempo de inactividad.<\/p>\n<h2><img loading=\"lazy\" decoding=\"async\" class=\"alignnone size-full wp-image-2754\" src=\"https:\/\/fmp-components.com\/wp-content\/uploads\/2025\/01\/ZIe4i3OO-Power-Driven-Harrow-Gearbox-EP-DX300-2-Lubrication-and-Maintenance-11.webp\" alt=\"ZIe4i3OO-Grada de potencia-Caja de engranajes-EP-DX300-2-Lubricaci\u00f3n-y-Mantenimiento-1(1)\" width=\"950\" height=\"715\" title=\"\" srcset=\"https:\/\/fmp-components.com\/wp-content\/uploads\/2025\/01\/ZIe4i3OO-Power-Driven-Harrow-Gearbox-EP-DX300-2-Lubrication-and-Maintenance-11.webp 950w, https:\/\/fmp-components.com\/wp-content\/uploads\/2025\/01\/ZIe4i3OO-Power-Driven-Harrow-Gearbox-EP-DX300-2-Lubrication-and-Maintenance-11-480x361.webp 480w\" sizes=\"(min-width: 0px) and (max-width: 480px) 480px, (min-width: 481px) 950px, 100vw\" \/><\/h2>\n<div class=\"flex-shrink-0 flex flex-col relative items-end\">\n<div>\n<div class=\"pt-0\">\n<div class=\"gizmo-bot-avatar flex h-8 w-8 items-center justify-center overflow-hidden rounded-full\">\n<div class=\"relative p-1 rounded-sm flex items-center justify-center bg-token-main-surface-primary text-token-text-primary h-8 w-8\">\n<h3>Aplicaciones de la caja de engranajes para grada accionada por motor FMP-DX300-2:<\/h3>\n<\/div>\n<\/div>\n<\/div>\n<\/div>\n<\/div>\n<div class=\"group\/conversation-turn relative flex w-full min-w-0 flex-col agent-turn\">\n<div class=\"flex-col gap-1 md:gap-3\">\n<div class=\"flex max-w-full flex-col flex-grow\">\n<div class=\"min-h-8 text-message flex w-full flex-col items-end gap-2 whitespace-normal break-words text-start [.text-message+&amp;]:mt-5\" dir=\"auto\" data-message-author-role=\"assistant\" data-message-id=\"99c21c94-b9e3-4719-b75e-da3f57305c74\" data-message-model-slug=\"gpt-4o\">\n<div class=\"flex w-full flex-col gap-1 empty:hidden first:pt-[3px]\">\n<div class=\"markdown prose w-full break-words dark:prose-invert light\">\n<p>La caja de engranajes para grada motorizada FMP-DX300-2 est\u00e1 dise\u00f1ada para maquinaria agr\u00edcola, especialmente para tareas de grada y preparaci\u00f3n del suelo. Proporciona una transmisi\u00f3n de potencia fiable desde la toma de fuerza del tractor hasta la grada, garantizando un rendimiento \u00f3ptimo durante operaciones agr\u00edcolas intensivas. A continuaci\u00f3n, se detallan las principales aplicaciones de la caja de engranajes FMP-DX300-2:<\/p>\n<ol>\n<li><strong>Preparaci\u00f3n del suelo y labranza<\/strong>:\n<ul>\n<li><strong>Labranza primaria y secundaria<\/strong>El FMP-DX300-2 se utiliza tanto en labranza primaria como secundaria, ayudando a triturar y airear el suelo para lograr condiciones \u00f3ptimas de siembra. Su capacidad para manejar un alto par lo hace eficaz tanto para labranza superficial como profunda.<\/li>\n<li><strong>Preparaci\u00f3n del lecho de siembra<\/strong>La caja de engranajes acciona las gradas, esenciales para crear un lecho de siembra fino y uniforme. Esto es crucial para cultivos como cereales, hortalizas y otros que requieren condiciones de suelo uniformes para la germinaci\u00f3n.<\/li>\n<\/ul>\n<\/li>\n<li><strong>Rastrillo para el control de malezas<\/strong>:\n<ul>\n<li><strong>Manejo de malezas<\/strong>La caja de engranajes potencia la capacidad de la grada para cultivar el suelo a poca profundidad, arrancando las malas hierbas y preparando el suelo para un mejor crecimiento de los cultivos. Ayuda a descomponer el crecimiento de las malas hierbas y minimiza los da\u00f1os a los cultivos deseados.<\/li>\n<li><strong>Deshierbe de la superficie<\/strong>Al accionar la grada a la velocidad y profundidad adecuadas, la caja de engranajes garantiza que se eliminen las malezas de la superficie, lo que reduce la competencia por los nutrientes y la humedad.<\/li>\n<\/ul>\n<\/li>\n<li><strong>Mantenimiento del campo poscosecha<\/strong>:\n<ul>\n<li><strong>Gesti\u00f3n de residuos de campo<\/strong>Tras la cosecha, la grada accionada por caja de engranajes ayuda a descomponer los residuos del cultivo y a distribuirlos uniformemente por el campo. Este proceso es fundamental para la fertilidad del suelo y minimiza la necesidad de tratamientos qu\u00edmicos adicionales.<\/li>\n<li><strong>Incorporaci\u00f3n de rastrojos<\/strong>:La grada tambi\u00e9n se puede utilizar para incorporar rastrojos, mejorando la estructura del suelo y reduciendo el riesgo de erosi\u00f3n al cubrir los restos vegetales con tierra.<\/li>\n<\/ul>\n<\/li>\n<li><strong>Nivelaci\u00f3n y alisado<\/strong>:\n<ul>\n<li><strong>Nivelaci\u00f3n de suelos<\/strong>La caja de engranajes FMP-DX300-2 se utiliza a menudo junto con gradas niveladoras. Al controlar las p\u00faas o discos de la grada, la caja de engranajes garantiza una distribuci\u00f3n uniforme del suelo, lo cual es fundamental para la retenci\u00f3n de agua y un riego eficiente.<\/li>\n<li><strong>Suavizado de superficies<\/strong>:La caja de engranajes permite un funcionamiento uniforme de la grada, ayudando a suavizar la superficie del suelo para lograr condiciones uniformes en el lecho de siembra, reduciendo el riesgo de un crecimiento desigual del cultivo.<\/li>\n<\/ul>\n<\/li>\n<li><strong>Recuperaci\u00f3n de tierras<\/strong>:\n<ul>\n<li><strong>Restauraci\u00f3n de suelos degradados<\/strong>La caja de engranajes facilita el trabajo de las gradas rotativas utilizadas en la recuperaci\u00f3n de tierras, donde el suelo compactado, degradado o endurecido se afloja y airea para prepararlo para la resiembra o la restauraci\u00f3n. Esto es com\u00fan en zonas sobreexplotadas o sujetas a erosi\u00f3n.<\/li>\n<li><strong>Mejorar la aireaci\u00f3n del suelo<\/strong>Al proporcionar la potencia necesaria al equipo de rastrillaje, la caja de engranajes ayuda a airear el suelo, lo que es crucial para mejorar la infiltraci\u00f3n de agua, el crecimiento de las ra\u00edces y la salud del suelo.<\/li>\n<\/ul>\n<\/li>\n<\/ol>\n<p>La caja de engranajes para grada motorizada FMP-DX300-2 es ideal para una amplia gama de tareas agr\u00edcolas. Su alto par motor y fiabilidad la hacen ideal para la preparaci\u00f3n del suelo, el control de malezas, el mantenimiento poscosecha de campos, la nivelaci\u00f3n e incluso la recuperaci\u00f3n de tierras. Ya sea para la labranza, la gesti\u00f3n de residuos o la renovaci\u00f3n de pastizales, esta caja de engranajes desempe\u00f1a un papel crucial en la mejora de la salud del suelo, garantizando un mayor rendimiento de los cultivos y mejorando la productividad agr\u00edcola general. Su versatilidad la convierte en un componente valioso en la maquinaria agr\u00edcola moderna, tanto para la agricultura comercial a gran escala como para las operaciones m\u00e1s peque\u00f1as.<\/p>\n<\/div>\n<\/div>\n<\/div>\n<\/div>\n<\/div>\n<\/div>\n<h2><img loading=\"lazy\" decoding=\"async\" class=\"alignnone size-full wp-image-2755\" src=\"https:\/\/fmp-components.com\/wp-content\/uploads\/2025\/01\/Power-Driven-Harrow-Gearbox-EP-DX300-2-Lubrication-and-Maintenance-21.webp\" alt=\"Grada de accionamiento el\u00e9ctrico - Caja de engranajes - EP-DX300-2 - Lubricaci\u00f3n y mantenimiento - 2(1)\" width=\"950\" height=\"715\" title=\"\" srcset=\"https:\/\/fmp-components.com\/wp-content\/uploads\/2025\/01\/Power-Driven-Harrow-Gearbox-EP-DX300-2-Lubrication-and-Maintenance-21.webp 950w, https:\/\/fmp-components.com\/wp-content\/uploads\/2025\/01\/Power-Driven-Harrow-Gearbox-EP-DX300-2-Lubrication-and-Maintenance-21-480x361.webp 480w\" sizes=\"(min-width: 0px) and (max-width: 480px) 480px, (min-width: 481px) 950px, 100vw\" \/><\/h2>\n<h2>Acerca de FMP<\/h2>\n<p>Con sede en Italia, FMP es un fabricante l\u00edder reconocido por su experiencia en el dise\u00f1o, desarrollo y producci\u00f3n de cajas de engranajes de alto rendimiento, con especial atenci\u00f3n al sector de la maquinaria agr\u00edcola. Reconocido por su ingenier\u00eda de precisi\u00f3n, soluciones innovadoras y una fiabilidad excepcional, FMP se ha consolidado como un socio de confianza tanto para la industria agr\u00edcola como para la industrial. Nuestra amplia cartera de productos incluye cajas de engranajes dise\u00f1adas a medida para cortac\u00e9spedes, ejes de toma de fuerza y \u200b\u200buna variedad de componentes esenciales, todos dise\u00f1ados para satisfacer las diversas demandas de una amplia gama de aplicaciones.<\/p>\n<p>En FMP, reconocemos que cada cliente tiene desaf\u00edos y requisitos \u00fanicos. Por eso nos especializamos en brindar soluciones personalizadas, ya sea para componentes individuales o para sistemas totalmente integrados. Al colaborar estrechamente con nuestros clientes, garantizamos que cada soluci\u00f3n no solo satisfaga sus necesidades espec\u00edficas, sino que tambi\u00e9n maximice el rendimiento y el valor. Nuestro compromiso con respuestas r\u00e1pidas y profesionales, junto con la orientaci\u00f3n experta, garantiza que cada consulta se gestione con cuidado y precisi\u00f3n, lo que se traduce en los mejores resultados posibles.<\/p>\n<p>La comunicaci\u00f3n transparente y continua es la base de nuestro enfoque. Nuestro equipo dedicado trabaja directamente con los clientes durante todo el proceso de desarrollo del producto para comprender a fondo sus necesidades. Ofrecemos informaci\u00f3n y recomendaciones valiosas para garantizar resultados \u00f3ptimos. Ya sea que dise\u00f1emos productos de vanguardia o atendamos pedidos en curso, en FMP nos comprometemos a entregar soluciones de alta calidad y precisi\u00f3n, siempre a tiempo. Nuestra misi\u00f3n es superar las expectativas de nuestros clientes ofreciendo un servicio y resultados excepcionales en cada proyecto.<\/p>\n<p>La calidad es la base de todo lo que hacemos. Nos adherimos a los m\u00e1s altos est\u00e1ndares de fabricaci\u00f3n e implementamos rigurosos controles de calidad para garantizar que cada producto no solo cumpla, sino que supere los est\u00e1ndares de la industria. Este compromiso con la excelencia, junto con nuestros valores fundamentales de integridad, trabajo en equipo y perseverancia, nos ha permitido forjar relaciones duraderas y de confianza con clientes en casi 30 pa\u00edses de todo el mundo.<\/p>\n<p>En FMP, nos esforzamos constantemente por fomentar alianzas globales y nos dedicamos a brindar asesoramiento experto y soluciones personalizadas que satisfagan las necesidades cambiantes de nuestros clientes. No nos limitamos a suministrar productos; nuestro objetivo es forjar relaciones duraderas que contribuyan al \u00e9xito de cada proyecto. Ya sea que necesite soluciones innovadoras para una nueva iniciativa o soporte continuo para un sistema existente, en FMP estamos listos para afrontar sus desaf\u00edos t\u00e9cnicos y garantizar su \u00e9xito continuo.<\/p>\n<p><img loading=\"lazy\" decoding=\"async\" class=\"alignnone wp-image-2695\" src=\"https:\/\/fmp-components.com\/wp-content\/uploads\/2025\/01\/agricultural-gearbox3.webp\" alt=\"caja de cambios agr\u00edcola\" width=\"953\" height=\"951\" title=\"\" srcset=\"https:\/\/fmp-components.com\/wp-content\/uploads\/2025\/01\/agricultural-gearbox3.webp 953w, https:\/\/fmp-components.com\/wp-content\/uploads\/2025\/01\/agricultural-gearbox3-480x479.webp 480w\" sizes=\"(min-width: 0px) and (max-width: 480px) 480px, (min-width: 481px) 953px, 100vw\" \/><\/p>\n<p>Autor: CX<\/p>","protected":false},"excerpt":{"rendered":"<p>Grader Driven Rake Gearbox FMP-DX300-2 Dimensions\u00a0 Grader Driven Rake Gearbox FMP-DX300-2 Turn Grader Driven Rake Gearbox FMP-DX300-2 Technical Data i Suitable Rpm input Rpm output KW(Nom) KW(Max) Toothing r\/min r\/min hp hp Decelerate 2.47:1 Powered Harrow 1000 404 200 3500 Gleason Helical Teeth Decelerate 2.63:1 1000 380 3700 Decelerate 2.04:1 850 416 3400 Remark: If [&hellip;]<\/p>","protected":false},"featured_media":2757,"comment_status":"open","ping_status":"closed","template":"","meta":{"_et_pb_use_builder":"","_et_pb_old_content":"","_et_gb_content_width":""},"product_brand":[],"product_cat":[66],"product_tag":[],"class_list":{"0":"post-2751","1":"product","2":"type-product","3":"status-publish","4":"has-post-thumbnail","6":"product_cat-grader-driven-rake-gearbox","8":"first","9":"instock","10":"shipping-taxable","11":"product-type-simple"},"_links":{"self":[{"href":"https:\/\/fmp-components.com\/es\/wp-json\/wp\/v2\/product\/2751","targetHints":{"allow":["GET"]}}],"collection":[{"href":"https:\/\/fmp-components.com\/es\/wp-json\/wp\/v2\/product"}],"about":[{"href":"https:\/\/fmp-components.com\/es\/wp-json\/wp\/v2\/types\/product"}],"replies":[{"embeddable":true,"href":"https:\/\/fmp-components.com\/es\/wp-json\/wp\/v2\/comments?post=2751"}],"wp:featuredmedia":[{"embeddable":true,"href":"https:\/\/fmp-components.com\/es\/wp-json\/wp\/v2\/media\/2757"}],"wp:attachment":[{"href":"https:\/\/fmp-components.com\/es\/wp-json\/wp\/v2\/media?parent=2751"}],"wp:term":[{"taxonomy":"product_brand","embeddable":true,"href":"https:\/\/fmp-components.com\/es\/wp-json\/wp\/v2\/product_brand?post=2751"},{"taxonomy":"product_cat","embeddable":true,"href":"https:\/\/fmp-components.com\/es\/wp-json\/wp\/v2\/product_cat?post=2751"},{"taxonomy":"product_tag","embeddable":true,"href":"https:\/\/fmp-components.com\/es\/wp-json\/wp\/v2\/product_tag?post=2751"}],"curies":[{"name":"gracias","href":"https:\/\/api.w.org\/{rel}","templated":true}]}}