{"id":2655,"date":"2025-01-03T05:45:44","date_gmt":"2025-01-03T05:45:44","guid":{"rendered":"https:\/\/fmp-components.com\/product\/high-quality-hydraulic-cylinder-of-platform-lifting\/"},"modified":"2025-01-04T00:42:34","modified_gmt":"2025-01-04T00:42:34","slug":"high-quality-hydraulic-cylinder-of-platform-lifting","status":"publish","type":"product","link":"https:\/\/fmp-components.com\/es\/product\/high-quality-hydraulic-cylinder-of-platform-lifting\/","title":{"rendered":"Cilindro hidr\u00e1ulico de alta calidad para plataforma elevadora"},"content":{"rendered":"<h3>Cilindro hidr\u00e1ulico de alta calidad para elevaci\u00f3n de plataformas<\/h3>\n<p><strong>Descripci\u00f3n del Producto:<\/strong><\/p>\n<p>Nuestro cilindro hidr\u00e1ulico de alta calidad para plataformas elevadoras est\u00e1 dise\u00f1ado para ofrecer un rendimiento y una fiabilidad excepcionales en diversas aplicaciones de elevaci\u00f3n. Dise\u00f1ado con precisi\u00f3n, este cilindro hidr\u00e1ulico es ideal para su uso en entornos industriales, de construcci\u00f3n y automotrices.<\/p>\n<p><strong>Caracter\u00edsticas principales:<\/strong><\/p>\n<ul>\n<li><strong>Construcci\u00f3n robusta:<\/strong> Fabricado con acero de alta resistencia, nuestro cilindro hidr\u00e1ulico est\u00e1 dise\u00f1ado para soportar cargas pesadas y entornos hostiles, lo que garantiza una larga durabilidad.<\/li>\n<li><strong>Tecnolog\u00eda de sellado avanzada:<\/strong> Equipado con sellos de \u00faltima generaci\u00f3n para evitar fugas y mantener una presi\u00f3n hidr\u00e1ulica \u00f3ptima, mejorando la eficiencia y la seguridad.<\/li>\n<li><strong>Funcionamiento suave:<\/strong> El dise\u00f1o del cilindro permite una elevaci\u00f3n suave y controlada, minimizando el desgaste de la maquinaria.<\/li>\n<li><strong>Aplicaciones vers\u00e1tiles:<\/strong> Adecuado para una amplia gama de plataformas elevadoras, incluidos elevadores de tijera, plataformas de trabajo a\u00e9reo y otros equipos pesados.<\/li>\n<li><strong>Opciones personalizables:<\/strong> Disponible en varios tama\u00f1os y longitudes de carrera para satisfacer requisitos operativos espec\u00edficos.<\/li>\n<li><strong>F\u00e1cil instalaci\u00f3n:<\/strong> Dise\u00f1ado para una instalaci\u00f3n sencilla, lo que facilita su integraci\u00f3n en sistemas existentes.<\/li>\n<\/ul>\n<p>Invierta en nuestro cilindro hidr\u00e1ulico de alta calidad para elevaci\u00f3n de plataformas y experimente la combinaci\u00f3n perfecta de confiabilidad, eficiencia y seguridad en sus operaciones de elevaci\u00f3n.<\/p>\n<h3>Principio de funcionamiento y aplicaciones de los sistemas hidr\u00e1ulicos<\/h3>\n<p>El cilindro hidr\u00e1ulico funciona seg\u00fan el principio de la potencia fluida, donde la presi\u00f3n se aplica en un punto y se transmite a otro mediante un fluido incompresible, en este caso, aceite. El cilindro tiene amplias aplicaciones en industrias que requieren la elevaci\u00f3n de cargas pesadas. Con nuestro cilindro hidr\u00e1ulico, las operaciones se vuelven m\u00e1s seguras, eficientes y fiables.<\/p>\n<h2>Ventajas del cilindro hidr\u00e1ulico para camiones volquete y remolques<\/h2>\n<ul>\n<li><strong>Mayor eficiencia:<\/strong> Los camiones volquete y remolques equipados con cilindros hidr\u00e1ulicos pueden operar con mayor eficiencia que aquellos sin ellos. El sistema hidr\u00e1ulico proporciona una transferencia de potencia suave y confiable que permite un vertido de materiales m\u00e1s r\u00e1pido y preciso. Esto ahorra tiempo y costos de mano de obra, a la vez que aumenta la productividad general. Adem\u00e1s, los sistemas hidr\u00e1ulicos son altamente eficientes en t\u00e9rminos de consumo de energ\u00eda. Requieren menos energ\u00eda para funcionar en comparaci\u00f3n con los sistemas mec\u00e1nicos, lo que se traduce en menores costos de combustible y un menor impacto ambiental. Adem\u00e1s, los cilindros hidr\u00e1ulicos est\u00e1n dise\u00f1ados para un rendimiento duradero, lo que reduce la necesidad de mantenimiento y reparaciones frecuentes.<\/li>\n<li><strong>Seguridad mejorada:<\/strong> Los camiones volquete y los remolques pueden ser peligrosos si no se operan correctamente. Sin embargo, los cilindros hidr\u00e1ulicos pueden mejorar la seguridad al reducir el riesgo de vuelco o derrames durante el proceso de descarga. El sistema hidr\u00e1ulico proporciona una transferencia de potencia estable y suave, evitando movimientos repentinos o sacudidas que podr\u00edan desestabilizar el veh\u00edculo. Adem\u00e1s, los sistemas hidr\u00e1ulicos pueden dise\u00f1arse con caracter\u00edsticas de seguridad como v\u00e1lvulas de alivio de presi\u00f3n y protecci\u00f3n contra sobrecargas, lo que garantiza que el sistema no exceda su capacidad m\u00e1xima. Al mejorar la seguridad, los cilindros hidr\u00e1ulicos pueden ayudar a reducir el riesgo de accidentes y lesiones, protegiendo tanto a los trabajadores como a los equipos.<\/li>\n<li><strong>Mayor versatilidad:<\/strong> Los camiones volquete y remolques equipados con cilindros hidr\u00e1ulicos pueden utilizarse para diversas aplicaciones. Los sistemas hidr\u00e1ulicos son altamente adaptables y pueden personalizarse para satisfacer las necesidades espec\u00edficas de diferentes industrias y aplicaciones. Por ejemplo, los cilindros hidr\u00e1ulicos pueden dise\u00f1arse para operar a diferentes presiones y velocidades, lo que permite un control preciso del proceso de descarga. Tambi\u00e9n pueden utilizarse para elevar cargas pesadas o apartar materiales, lo que los hace \u00fatiles en la construcci\u00f3n, la miner\u00eda y la agricultura.<\/li>\n<li><strong>Comodidad mejorada:<\/strong> Los operadores de camiones volquete y remolques pueden beneficiarse de la mayor comodidad que ofrecen los sistemas hidr\u00e1ulicos. El funcionamiento suave de los cilindros hidr\u00e1ulicos reduce las vibraciones y las sacudidas, lo que reduce la fatiga del operador y mejora la comodidad general. Adem\u00e1s, los sistemas hidr\u00e1ulicos pueden dise\u00f1arse para funcionar silenciosamente, reduciendo la contaminaci\u00f3n ac\u00fastica y creando un entorno de trabajo m\u00e1s c\u00f3modo. Esto puede ser especialmente importante en aplicaciones donde los trabajadores permanecen cerca del equipo durante per\u00edodos prolongados.<\/li>\n<li><strong>Mayor control:<\/strong> Los cilindros hidr\u00e1ulicos proporcionan un control preciso del proceso de descarga, permitiendo a los operadores ajustar la velocidad y el \u00e1ngulo de descarga. Este nivel de control puede ser especialmente \u00fatil en aplicaciones donde los materiales a descargar son delicados o requieren un posicionamiento preciso. Adem\u00e1s, los cilindros hidr\u00e1ulicos pueden operarse a distancia, lo que proporciona un mayor control y flexibilidad. Esto puede ser \u00fatil en aplicaciones donde el operador necesita estar alejado del equipo o donde la visibilidad es limitada.<\/li>\n<\/ul>\n<p><img loading=\"lazy\" decoding=\"async\" class=\"alignnone size-full wp-image-2676\" src=\"https:\/\/fmp-components.com\/wp-content\/uploads\/2025\/01\/hydraulic-cylinder-workshop.webp\" alt=\"taller de cilindros hidr\u00e1ulicos\" width=\"914\" height=\"733\" title=\"\" srcset=\"https:\/\/fmp-components.com\/wp-content\/uploads\/2025\/01\/hydraulic-cylinder-workshop.webp 914w, https:\/\/fmp-components.com\/wp-content\/uploads\/2025\/01\/hydraulic-cylinder-workshop-480x385.webp 480w\" sizes=\"(min-width: 0px) and (max-width: 480px) 480px, (min-width: 481px) 914px, 100vw\" \/><\/p>\n<h2>Acerca de FMP<\/h2>\n<p>FMP es una empresa l\u00edder con sede en Italia, especializada en la venta y el servicio t\u00e9cnico de accesorios y m\u00e1quinas completas para maquinaria de construcci\u00f3n. Nuestra empresa cuenta con una amplia experiencia en el sector y un equipo profesional comprometido a ofrecer a sus clientes soluciones de maquinaria de construcci\u00f3n fiables y de alta calidad.<\/p>\n<p>Aqu\u00ed hay cinco razones por las que deber\u00eda elegir FMP:<\/p>\n<p>1. Cilindros hidr\u00e1ulicos de ingenier\u00eda de precisi\u00f3n de alta calidad<br \/>\nEn FMP, nos comprometemos con la calidad en todos los niveles de nuestra empresa. Nuestros cilindros hidr\u00e1ulicos est\u00e1n dise\u00f1ados con precisi\u00f3n para cumplir con los m\u00e1s altos est\u00e1ndares de la industria. Utilizamos exclusivamente materias primas de alta calidad y realizamos rigurosas inspecciones de calidad de los productos terminados para garantizar que nuestros clientes reciban los mejores productos posibles.<\/p>\n<p>2. Amplia gama de productos<br \/>\nOfrecemos una amplia gama de accesorios para maquinaria de construcci\u00f3n y m\u00e1quinas completas, incluyendo diversos cilindros hidr\u00e1ulicos, cajas de engranajes, cadenas y ruedas dentadas. Nuestra gama de productos abarca todo tipo de maquinaria de construcci\u00f3n y accesorios, incluyendo accesorios para motores, componentes de sistemas hidr\u00e1ulicos, accesorios para chasis y accesorios para sistemas el\u00e9ctricos.<\/p>\n<p>3. Relaciones de cooperaci\u00f3n estables y a largo plazo con los proveedores<br \/>\nFMP ha establecido relaciones de cooperaci\u00f3n duraderas y estables con numerosos proveedores nacionales e internacionales de alta calidad. Esto garantiza que todos los accesorios suministrados cumplan con estrictos est\u00e1ndares de calidad y que nuestros clientes reciban los mejores productos posibles.<\/p>\n<p>4. Equipo de ventas experimentado y capacitado<br \/>\nNuestro equipo de ventas cuenta con amplia experiencia y experiencia en la industria de maquinaria de construcci\u00f3n. Conocen las \u00faltimas tendencias de desarrollo y las necesidades de los clientes, y pueden brindar asesoramiento profesional sobre productos y consejos de compra inteligentes para garantizar que nuestros clientes obtengan los productos adecuados a sus necesidades.<\/p>\n<p>5. Sistema de distribuci\u00f3n log\u00edstica eficiente<br \/>\nContamos con un eficiente sistema de distribuci\u00f3n log\u00edstica que garantiza que nuestros clientes reciban las piezas necesarias de manera oportuna y precisa. Nuestro equipo de log\u00edstica se compromete a brindar el mejor servicio posible para garantizar la satisfacci\u00f3n de nuestros clientes.<\/p>\n<p>Si busca accesorios y m\u00e1quinas completas de alta calidad para maquinaria de construcci\u00f3n, FMP es su mejor opci\u00f3n. Cont\u00e1ctenos hoy mismo para obtener m\u00e1s informaci\u00f3n sobre nuestros productos y c\u00f3mo podemos ayudarle a satisfacer sus necesidades de maquinaria de construcci\u00f3n.<\/p>\n<p><img loading=\"lazy\" decoding=\"async\" class=\"alignnone wp-image-2672\" src=\"https:\/\/fmp-components.com\/wp-content\/uploads\/2025\/01\/Dump-Truck-Trailer-Hydraulic-Cylinder-product-3-2.webp\" alt=\"Cilindro hidr\u00e1ulico para camiones volquete y remolques - producto 3\" width=\"921\" height=\"675\" title=\"\" srcset=\"https:\/\/fmp-components.com\/wp-content\/uploads\/2025\/01\/Dump-Truck-Trailer-Hydraulic-Cylinder-product-3-2.webp 921w, https:\/\/fmp-components.com\/wp-content\/uploads\/2025\/01\/Dump-Truck-Trailer-Hydraulic-Cylinder-product-3-2-480x352.webp 480w\" sizes=\"(min-width: 0px) and (max-width: 480px) 480px, (min-width: 481px) 921px, 100vw\" \/><br \/>\nAutor: CX<\/p>","protected":false},"excerpt":{"rendered":"<p>High Quality Hydraulic Cylinder for Platform Lifting Product Description: Our High-Quality Hydraulic Cylinder for Platform Lifting is designed to deliver exceptional performance and reliability in various lifting applications. Engineered with precision, this hydraulic cylinder is ideal for use in industrial, construction, and automotive settings. Key Features: Robust Construction: Made from high-strength steel, our hydraulic cylinder [&hellip;]<\/p>","protected":false},"featured_media":2656,"comment_status":"closed","ping_status":"closed","template":"","meta":{"_et_pb_use_builder":"","_et_pb_old_content":"","_et_gb_content_width":""},"product_brand":[],"product_cat":[63],"product_tag":[65,34],"class_list":{"0":"post-2655","1":"product","2":"type-product","3":"status-publish","4":"has-post-thumbnail","6":"product_cat-dump-truck-trailer-hydraulic-cylinder","7":"product_tag-dump-truck-trailer-hydraulic-cylinder","8":"product_tag-hydraulic-cylinder","10":"first","11":"instock","12":"product-type-simple"},"_links":{"self":[{"href":"https:\/\/fmp-components.com\/es\/wp-json\/wp\/v2\/product\/2655","targetHints":{"allow":["GET"]}}],"collection":[{"href":"https:\/\/fmp-components.com\/es\/wp-json\/wp\/v2\/product"}],"about":[{"href":"https:\/\/fmp-components.com\/es\/wp-json\/wp\/v2\/types\/product"}],"replies":[{"embeddable":true,"href":"https:\/\/fmp-components.com\/es\/wp-json\/wp\/v2\/comments?post=2655"}],"wp:featuredmedia":[{"embeddable":true,"href":"https:\/\/fmp-components.com\/es\/wp-json\/wp\/v2\/media\/2656"}],"wp:attachment":[{"href":"https:\/\/fmp-components.com\/es\/wp-json\/wp\/v2\/media?parent=2655"}],"wp:term":[{"taxonomy":"product_brand","embeddable":true,"href":"https:\/\/fmp-components.com\/es\/wp-json\/wp\/v2\/product_brand?post=2655"},{"taxonomy":"product_cat","embeddable":true,"href":"https:\/\/fmp-components.com\/es\/wp-json\/wp\/v2\/product_cat?post=2655"},{"taxonomy":"product_tag","embeddable":true,"href":"https:\/\/fmp-components.com\/es\/wp-json\/wp\/v2\/product_tag?post=2655"}],"curies":[{"name":"gracias","href":"https:\/\/api.w.org\/{rel}","templated":true}]}}