{"id":2633,"date":"2025-01-03T03:36:28","date_gmt":"2025-01-03T03:36:28","guid":{"rendered":"https:\/\/fmp-components.com\/?page_id=8"},"modified":"2025-01-03T03:37:26","modified_gmt":"2025-01-03T03:37:26","slug":"square-baler-gearbox-fmp-dfk45-for-big-square-baler","status":"publish","type":"product","link":"https:\/\/fmp-components.com\/es\/product\/square-baler-gearbox-fmp-dfk45-for-big-square-baler\/","title":{"rendered":"Caja de engranajes para empacadora cuadrada FMP-DFK45 para empacadora cuadrada grande"},"content":{"rendered":"<h2>Dimensiones de la caja de engranajes de la empacadora cuadrada FMP-DFK45<\/h2>\n<p><img loading=\"lazy\" decoding=\"async\" class=\"alignnone size-full wp-image-2638\" src=\"https:\/\/fmp-components.com\/wp-content\/uploads\/2025\/01\/Square-Baler-Gearbox-EP-DFK45-Dimensions-1.webp\" alt=\"Caja de engranajes de la empacadora cuadrada FMP DFK45 - Dimensiones 1\" width=\"1256\" height=\"781\" title=\"\" srcset=\"https:\/\/fmp-components.com\/wp-content\/uploads\/2025\/01\/Square-Baler-Gearbox-EP-DFK45-Dimensions-1.webp 1256w, https:\/\/fmp-components.com\/wp-content\/uploads\/2025\/01\/Square-Baler-Gearbox-EP-DFK45-Dimensions-1-980x609.webp 980w, https:\/\/fmp-components.com\/wp-content\/uploads\/2025\/01\/Square-Baler-Gearbox-EP-DFK45-Dimensions-1-480x298.webp 480w\" sizes=\"(min-width: 0px) and (max-width: 480px) 480px, (min-width: 481px) and (max-width: 980px) 980px, (min-width: 981px) 1256px, 100vw\" \/> <img loading=\"lazy\" decoding=\"async\" class=\"alignnone size-full wp-image-2639\" src=\"https:\/\/fmp-components.com\/wp-content\/uploads\/2025\/01\/Square-Baler-Gearbox-EP-DFK45-Dimensions-2.webp\" alt=\"Caja de engranajes de la empacadora cuadrada FMP DFK45, dimensiones 2\" width=\"1196\" height=\"439\" title=\"\" srcset=\"https:\/\/fmp-components.com\/wp-content\/uploads\/2025\/01\/Square-Baler-Gearbox-EP-DFK45-Dimensions-2.webp 1196w, https:\/\/fmp-components.com\/wp-content\/uploads\/2025\/01\/Square-Baler-Gearbox-EP-DFK45-Dimensions-2-980x360.webp 980w, https:\/\/fmp-components.com\/wp-content\/uploads\/2025\/01\/Square-Baler-Gearbox-EP-DFK45-Dimensions-2-480x176.webp 480w\" sizes=\"(min-width: 0px) and (max-width: 480px) 480px, (min-width: 481px) and (max-width: 980px) 980px, (min-width: 981px) 1196px, 100vw\" \/><\/p>\n<h2>Datos t\u00e9cnicos de la caja de engranajes de la empacadora de pacas cuadradas FMP-DFK45<\/h2>\n<table style=\"width: 92.8%; height: 145px;\" border=\"1\" cellspacing=\"0\" cellpadding=\"0\">\n<tbody>\n<tr>\n<td colspan=\"3\" rowspan=\"2\">i<\/td>\n<td rowspan=\"2\">Adecuado<\/td>\n<td>Entrada de rpm<\/td>\n<td>Salida de rpm<br \/>\nr\/min<\/td>\n<td colspan=\"2\">Fuerza<\/td>\n<td rowspan=\"2\">Dentado<\/td>\n<\/tr>\n<tr>\n<td>r\/min<\/td>\n<td>r\/min<\/td>\n<td>kilovatios<\/td>\n<td>caballos de fuerza<\/td>\n<\/tr>\n<tr>\n<td colspan=\"3\">2.1: 1<\/td>\n<td>Empacadora de pacas cuadradas grandes<\/td>\n<td>266<\/td>\n<td>126<\/td>\n<td>45<\/td>\n<td>60<\/td>\n<td>Dientes helicoidales Gleason<\/td>\n<\/tr>\n<tr>\n<td colspan=\"9\">Observaci\u00f3n: si tiene alg\u00fan requisito especial, no dude en hac\u00e9rmelo saber, tambi\u00e9n aceptamos pedidos personalizados.<\/td>\n<\/tr>\n<\/tbody>\n<\/table>\n<h2>Componentes de la caja de engranajes de la empacadora cuadrada FMP-DFK45<\/h2>\n<p>La caja de engranajes para empacadoras cuadradas FMP-DFK45 es un componente clave en la maquinaria agr\u00edcola de gran tama\u00f1o, especialmente para empacadoras cuadradas. Transfiere eficientemente la potencia desde la toma de fuerza (TDF) del tractor a los diversos mecanismos de la empacadora, garantizando as\u00ed un funcionamiento \u00f3ptimo. Estos son los componentes t\u00edpicos de la caja de engranajes FMP-DFK45:<\/p>\n<p><strong>Eje de entrada<\/strong><\/p>\n<ul>\n<li>Funci\u00f3n: El eje de entrada se conecta al sistema TDF del tractor y transfiere potencia rotacional a la caja de cambios.<\/li>\n<li>Dise\u00f1o: Generalmente fabricado con acero de alta resistencia para soportar alto torque y estr\u00e9s durante el funcionamiento.<\/li>\n<\/ul>\n<p><strong>Engranajes principales (engranajes c\u00f3nicos o rectos)<\/strong><\/p>\n<ul>\n<li>Funci\u00f3n: Estos engranajes son encargados de transmitir la energ\u00eda rotacional del eje de entrada al eje de salida, modificando la velocidad y el par seg\u00fan sea necesario.<\/li>\n<li>Dise\u00f1o: Dise\u00f1ado con precisi\u00f3n para un funcionamiento suave, reduciendo el desgaste y garantizando una alta eficiencia.<\/li>\n<\/ul>\n<p><strong>Eje de salida<\/strong><\/p>\n<ul>\n<li>Funci\u00f3n: El eje de salida transfiere potencia a los sistemas operativos de la empacadora, como la c\u00e1mara de pacas, la compactaci\u00f3n y los mecanismos de atado.<\/li>\n<li>Dise\u00f1o: Est\u00e1 dise\u00f1ado para soportar las altas demandas de torque del proceso de empacado, a menudo equipado con estr\u00edas para una fijaci\u00f3n segura a varias partes de la empacadora.<\/li>\n<\/ul>\n<p><strong>Aspectos<\/strong><\/p>\n<ul>\n<li>Funci\u00f3n: Los cojinetes sostienen los ejes y engranajes m\u00f3viles, garantizando una rotaci\u00f3n suave y reduciendo la fricci\u00f3n.<\/li>\n<li>Dise\u00f1o: Generalmente cojinetes sellados para evitar que la suciedad, la humedad y otros contaminantes entren y provoquen desgaste.<\/li>\n<\/ul>\n<p>Al seleccionar o realizar el mantenimiento de la caja de engranajes de la empacadora cuadrada FMP-DFK45, es fundamental asegurarse de que todos los componentes est\u00e9n correctamente lubricados, sellados y libres de desgaste para mantener la eficiencia de la caja de engranajes y extender su vida \u00fatil.<\/p>\n<p><img loading=\"lazy\" decoding=\"async\" class=\"alignnone size-full wp-image-2640\" src=\"https:\/\/fmp-components.com\/wp-content\/uploads\/2025\/01\/Square-Baler-Gearbox-EP-DFK45-Applications.webp\" alt=\"Aplicaciones de la caja de engranajes de la empacadora cuadrada FMP DFK45\" width=\"1000\" height=\"620\" title=\"\" srcset=\"https:\/\/fmp-components.com\/wp-content\/uploads\/2025\/01\/Square-Baler-Gearbox-EP-DFK45-Applications.webp 1000w, https:\/\/fmp-components.com\/wp-content\/uploads\/2025\/01\/Square-Baler-Gearbox-EP-DFK45-Applications-980x608.webp 980w, https:\/\/fmp-components.com\/wp-content\/uploads\/2025\/01\/Square-Baler-Gearbox-EP-DFK45-Applications-480x298.webp 480w\" sizes=\"(min-width: 0px) and (max-width: 480px) 480px, (min-width: 481px) and (max-width: 980px) 980px, (min-width: 981px) 1000px, 100vw\" \/><\/p>\n<h2>Aplicaciones de la caja de engranajes para empacadora de pacas cuadradas FMP-DFK45<\/h2>\n<div class=\"group\/conversation-turn relative flex w-full min-w-0 flex-col agent-turn\">\n<div class=\"flex-col gap-1 md:gap-3\">\n<div class=\"flex max-w-full flex-col flex-grow\">\n<div class=\"min-h-8 text-message flex w-full flex-col items-end gap-2 whitespace-normal break-words text-start [.text-message+&amp;]:mt-5\" dir=\"auto\" data-message-author-role=\"assistant\" data-message-id=\"9455a869-4f3f-4093-8494-3ba86af706bc\" data-message-model-slug=\"gpt-4o\">\n<div class=\"flex w-full flex-col gap-1 empty:hidden first:pt-[3px]\">\n<div class=\"markdown prose w-full break-words dark:prose-invert light\">\n<p>La caja de engranajes para empacadoras cuadradas FMP-DFK45 est\u00e1 dise\u00f1ada espec\u00edficamente para satisfacer las exigentes necesidades de la maquinaria agr\u00edcola, en particular en el funcionamiento de empacadoras cuadradas de gran tama\u00f1o. Estas son las principales aplicaciones de esta caja de engranajes:<\/p>\n<p><strong>M\u00e1quinas empacadoras de pacas cuadradas grandes<\/strong><\/p>\n<ul>\n<li>Aplicaci\u00f3n principal: La caja de engranajes FMP-DFK45 se utiliza principalmente en m\u00e1quinas empacadoras de pacas cuadradas grandes, que se emplean para recolectar y compactar heno, paja u otros residuos de cultivos en pacas cuadradas ordenadas para su almacenamiento y transporte.<\/li>\n<li>Funci\u00f3n: Facilita la transmisi\u00f3n de potencia desde el sistema TDF del tractor a los componentes internos de la empacadora, incluido el pick-up, el mecanismo de alimentaci\u00f3n, la c\u00e1mara de compactaci\u00f3n y el sistema de atado.<\/li>\n<\/ul>\n<p><strong>Cosecha de heno y paja<\/strong><\/p>\n<ul>\n<li>Aplicaci\u00f3n en henificaci\u00f3n: La caja de engranajes se utiliza en empacadoras cuadradas que procesan heno, lo que garantiza que el cultivo cosechado se compacte adecuadamente en pacas densas y uniformes.<\/li>\n<li>Recolecci\u00f3n de paja: similar al heno, la caja de engranajes es fundamental para compactar la paja en pacas cuadradas manejables, optimizando la eficiencia del almacenamiento y el transporte.<\/li>\n<\/ul>\n<p><strong>Producci\u00f3n de ensilaje (formaci\u00f3n de pacas)<\/strong><\/p>\n<ul>\n<li>Aplicaciones de ensilaje: En la producci\u00f3n de ensilaje, donde se cosechan cultivos para alimentar al ganado, la caja de engranajes FMP-DFK45 admite el empacado de diversos materiales de ensilaje, como pasto, ma\u00edz u otros cultivos forrajeros verdes, en pacas cuadradas.<\/li>\n<li>Densidad y uniformidad de los fardos: garantiza que el proceso de empacado sea eficiente, produciendo fardos densos uniformemente para una fermentaci\u00f3n eficaz del ensilaje y una conservaci\u00f3n a largo plazo.<\/li>\n<\/ul>\n<p><strong>Cosecha de forrajes<\/strong><\/p>\n<ul>\n<li>Equipo para forraje: Utilizada en grandes sistemas de cosecha de forraje, la caja de engranajes ayuda a procesar cultivos como alfalfa, tr\u00e9bol y otros forrajes en pacas cuadradas para su posterior alimentaci\u00f3n, almacenamiento o transporte.<\/li>\n<li>Mecanismos de empacado: En empacadoras dise\u00f1adas para manipular cultivos forrajeros m\u00e1s pesados \u200b\u200bo voluminosos, la caja de engranajes FMP-DFK45 asegura una transmisi\u00f3n de potencia suave para asegurar una formaci\u00f3n de pacas efectiva y consistente.<\/li>\n<\/ul>\n<p>La caja de engranajes FMP-DFK45 es un componente vital para optimizar el rendimiento y la eficiencia de las empacadoras cuadradas grandes, y respalda una variedad de aplicaciones agr\u00edcolas que contribuyen a una cosecha eficaz, una gesti\u00f3n de residuos y pr\u00e1cticas agr\u00edcolas eficientes.<\/p>\n<p><img loading=\"lazy\" decoding=\"async\" class=\"alignnone size-full wp-image-2641\" src=\"https:\/\/fmp-components.com\/wp-content\/uploads\/2025\/01\/Square-Baler-Gearbox-EP-DFK45-for-Big-Square-Baler.webp\" alt=\"Caja de engranajes para empacadora cuadrada FMP DFK45 para empacadora cuadrada grande\" width=\"1000\" height=\"510\" title=\"\" srcset=\"https:\/\/fmp-components.com\/wp-content\/uploads\/2025\/01\/Square-Baler-Gearbox-EP-DFK45-for-Big-Square-Baler.webp 1000w, https:\/\/fmp-components.com\/wp-content\/uploads\/2025\/01\/Square-Baler-Gearbox-EP-DFK45-for-Big-Square-Baler-980x500.webp 980w, https:\/\/fmp-components.com\/wp-content\/uploads\/2025\/01\/Square-Baler-Gearbox-EP-DFK45-for-Big-Square-Baler-480x245.webp 480w\" sizes=\"(min-width: 0px) and (max-width: 480px) 480px, (min-width: 481px) and (max-width: 980px) 980px, (min-width: 981px) 1000px, 100vw\" \/><\/p>\n<div class=\"group\/conversation-turn relative flex w-full min-w-0 flex-col agent-turn\">\n<div class=\"flex-col gap-1 md:gap-3\">\n<div class=\"flex max-w-full flex-col flex-grow\">\n<div class=\"min-h-8 text-message flex w-full flex-col items-end gap-2 whitespace-normal break-words text-start [.text-message+&amp;]:mt-5\" dir=\"auto\" data-message-author-role=\"assistant\" data-message-id=\"315fae6f-a490-45b4-9a83-c79e6de69105\" data-message-model-slug=\"gpt-4o\">\n<div class=\"flex w-full flex-col gap-1 empty:hidden first:pt-[3px]\">\n<div class=\"markdown prose w-full break-words dark:prose-invert light\">\n<h3>Acerca de FMP<\/h3>\n<p>Con sede en Italia, FMP se erige como un fabricante l\u00edder, ampliamente reconocido por su experiencia en el dise\u00f1o, desarrollo y producci\u00f3n de cajas de engranajes de alto rendimiento. Especializada en el sector de la maquinaria agr\u00edcola, FMP se compromete a ofrecer soluciones de ingenier\u00eda de precisi\u00f3n que satisfagan las necesidades din\u00e1micas de los mercados agr\u00edcola e industrial. Nuestra cartera de productos abarca una amplia gama, incluyendo cajas de engranajes especializadas para cortac\u00e9spedes, ejes de toma de fuerza y \u200b\u200botros componentes cr\u00edticos, todos meticulosamente dise\u00f1ados para ofrecer soluciones a medida para diversas aplicaciones.<\/p>\n<p>En FMP, reconocemos que cada cliente se enfrenta a retos y requisitos \u00fanicos. Esta comprensi\u00f3n impulsa nuestro compromiso de ofrecer soluciones a medida, ya sea para componentes individuales o para sistemas totalmente integrados. Gracias a nuestra estrecha colaboraci\u00f3n con nuestros clientes, garantizamos que cada soluci\u00f3n est\u00e9 optimizada tanto en rendimiento como en rentabilidad, aportando valor en cada etapa. Nuestras respuestas r\u00e1pidas y profesionales, junto con la orientaci\u00f3n experta, garantizan que cada consulta se gestione con precisi\u00f3n, lo que se traduce en los mejores resultados posibles.<\/p>\n<p>Priorizamos la comunicaci\u00f3n abierta y transparente durante todo el proceso de desarrollo de productos. Nuestro equipo trabaja directamente con los clientes para comprender a fondo sus necesidades, brind\u00e1ndoles informaci\u00f3n valiosa y recomendaciones que garantizan las soluciones m\u00e1s efectivas. Ya sea desarrollando productos innovadores o atendiendo pedidos en curso, FMP se dedica a entregar productos de alta calidad y precisi\u00f3n, siempre a tiempo. Nuestro objetivo es superar las expectativas de nuestros clientes, garantizando los m\u00e1s altos est\u00e1ndares de servicio y resultados en cada proyecto.<\/p>\n<p>La calidad es la base de todo lo que hacemos. Cumplimos con los est\u00e1ndares de fabricaci\u00f3n m\u00e1s estrictos e implementamos rigurosos procesos de control de calidad para garantizar que cada producto supere las normas del sector. Nuestro firme compromiso con la calidad, junto con nuestros valores fundamentales de integridad, trabajo en equipo y perseverancia, nos ha permitido forjar relaciones duraderas y de confianza con clientes en casi 30 pa\u00edses de todo el mundo.<\/p>\n<p>En FMP nos comprometemos a fomentar alianzas globales y a ofrecer asesoramiento experto y soluciones personalizadas que satisfagan las diversas necesidades de nuestros clientes. No nos limitamos a suministrar productos; nos esforzamos por construir relaciones duraderas que contribuyan al \u00e9xito de cada proyecto. Ya sea que necesite soluciones innovadoras para una nueva iniciativa o soporte continuo para un sistema existente, en FMP estamos aqu\u00ed para afrontar sus desaf\u00edos t\u00e9cnicos y garantizar su \u00e9xito continuo.<\/p>\n<\/div>\n<\/div>\n<\/div>\n<\/div>\n<\/div>\n<\/div>\n<p><img loading=\"lazy\" decoding=\"async\" class=\"alignnone size-full wp-image-1861\" src=\"https:\/\/fmp-components.com\/wp-content\/uploads\/2024\/12\/Other-Agricultural-Gearboxes.webp\" sizes=\"(min-width: 0px) and (max-width: 480px) 480px, (min-width: 481px) and (max-width: 980px) 980px, (min-width: 981px) 1200px, 100vw\" srcset=\"https:\/\/fmp-components.com\/wp-content\/uploads\/2024\/12\/Other-Agricultural-Gearboxes.webp 1200w, https:\/\/fmp-components.com\/wp-content\/uploads\/2024\/12\/Other-Agricultural-Gearboxes-980x1143.webp 980w, https:\/\/fmp-components.com\/wp-content\/uploads\/2024\/12\/Other-Agricultural-Gearboxes-480x560.webp 480w\" alt=\"Otros cambios agr\u00edcolas\" width=\"1200\" height=\"1400\" title=\"\"><\/p>\n<p>Autor: CX<\/p>\n<\/div>\n<\/div>\n<\/div>\n<\/div>\n<\/div>\n<\/div>","protected":false},"excerpt":{"rendered":"<p>Square Baler Gearbox FMP-DFK45 Dimensions Square Baler Gearbox FMP-DFK45 Technical Data i Suitable Rpm input Rpm output r\/min Power Toothing r\/min r\/min kw hp 2.1: 1 Big Square Baler 266 126 45 60 Gleason Helical Teeth Remark: If you have any special require feel free let me know, we also accept custom. Components of Square [&hellip;]<\/p>","protected":false},"featured_media":2637,"comment_status":"open","ping_status":"closed","template":"","meta":{"_et_pb_use_builder":"","_et_pb_old_content":"","_et_gb_content_width":""},"product_brand":[],"product_cat":[62],"product_tag":[],"class_list":{"0":"post-2633","1":"product","2":"type-product","3":"status-publish","4":"has-post-thumbnail","6":"product_cat-square-baler-gearbox","8":"first","9":"instock","10":"shipping-taxable","11":"product-type-simple"},"_links":{"self":[{"href":"https:\/\/fmp-components.com\/es\/wp-json\/wp\/v2\/product\/2633","targetHints":{"allow":["GET"]}}],"collection":[{"href":"https:\/\/fmp-components.com\/es\/wp-json\/wp\/v2\/product"}],"about":[{"href":"https:\/\/fmp-components.com\/es\/wp-json\/wp\/v2\/types\/product"}],"replies":[{"embeddable":true,"href":"https:\/\/fmp-components.com\/es\/wp-json\/wp\/v2\/comments?post=2633"}],"wp:featuredmedia":[{"embeddable":true,"href":"https:\/\/fmp-components.com\/es\/wp-json\/wp\/v2\/media\/2637"}],"wp:attachment":[{"href":"https:\/\/fmp-components.com\/es\/wp-json\/wp\/v2\/media?parent=2633"}],"wp:term":[{"taxonomy":"product_brand","embeddable":true,"href":"https:\/\/fmp-components.com\/es\/wp-json\/wp\/v2\/product_brand?post=2633"},{"taxonomy":"product_cat","embeddable":true,"href":"https:\/\/fmp-components.com\/es\/wp-json\/wp\/v2\/product_cat?post=2633"},{"taxonomy":"product_tag","embeddable":true,"href":"https:\/\/fmp-components.com\/es\/wp-json\/wp\/v2\/product_tag?post=2633"}],"curies":[{"name":"gracias","href":"https:\/\/api.w.org\/{rel}","templated":true}]}}