{"id":2627,"date":"2025-01-03T03:21:09","date_gmt":"2025-01-03T03:21:09","guid":{"rendered":"https:\/\/fmp-components.com\/?page_id=8"},"modified":"2025-01-03T03:25:57","modified_gmt":"2025-01-03T03:25:57","slug":"square-baler-gearbox-fmp-dfk192-for-big-square-baler","status":"publish","type":"product","link":"https:\/\/fmp-components.com\/es\/product\/square-baler-gearbox-fmp-dfk192-for-big-square-baler\/","title":{"rendered":"Caja de cambios FMP-DFK192 para empacadora cuadrada grande"},"content":{"rendered":"<h2>Dimensiones de la caja de engranajes de la empacadora cuadrada FMP-DFK192<\/h2>\n<p><img loading=\"lazy\" decoding=\"async\" class=\"alignnone size-full wp-image-2635\" src=\"https:\/\/fmp-components.com\/wp-content\/uploads\/2025\/01\/Square-Baler-Gearbox-EP-DFK192-Dimensions.webp\" alt=\"Dimensiones de la caja de engranajes de la empacadora cuadrada FMP DFK192\" width=\"979\" height=\"1024\" title=\"\" srcset=\"https:\/\/fmp-components.com\/wp-content\/uploads\/2025\/01\/Square-Baler-Gearbox-EP-DFK192-Dimensions.webp 979w, https:\/\/fmp-components.com\/wp-content\/uploads\/2025\/01\/Square-Baler-Gearbox-EP-DFK192-Dimensions-480x502.webp 480w\" sizes=\"(min-width: 0px) and (max-width: 480px) 480px, (min-width: 481px) 979px, 100vw\" \/><\/p>\n<h2>Datos t\u00e9cnicos de la caja de engranajes de la empacadora de pacas cuadradas FMP-DFK192<\/h2>\n<table style=\"width: 99.0645%; height: 101px;\" border=\"1\" cellspacing=\"0\" cellpadding=\"0\">\n<tbody>\n<tr style=\"height: 23px;\">\n<td style=\"height: 46px;\" colspan=\"3\" rowspan=\"2\">i<\/td>\n<td style=\"height: 46px;\" rowspan=\"2\">Adecuado<\/td>\n<td style=\"height: 23px;\">Entrada de rpm<\/td>\n<td style=\"height: 23px;\">KW(Nom.)<\/td>\n<td style=\"height: 23px;\">Par nominal<\/td>\n<td style=\"height: 23px;\">Carga m\u00e1xima<\/td>\n<td style=\"height: 46px;\" rowspan=\"2\">Tipo de eje X<\/td>\n<\/tr>\n<tr style=\"height: 23px;\">\n<td style=\"height: 23px;\">r\/min<\/td>\n<td style=\"height: 23px;\">kilovatios<\/td>\n<td style=\"height: 23px;\">Nuevo M\u00e9jico<\/td>\n<td style=\"height: 23px;\">Nuevo M\u00e9jico<\/td>\n<\/tr>\n<tr style=\"height: 23px;\">\n<td style=\"height: 23px;\">XY<\/td>\n<td style=\"height: 23px;\">XZ<\/td>\n<td style=\"height: 23px;\">XE<\/td>\n<td style=\"height: 23px;\">Empacadora de pacas cuadradas grandes<\/td>\n<td style=\"height: 23px;\">1000<\/td>\n<td style=\"height: 23px;\">192<\/td>\n<td style=\"height: 23px;\">1825<\/td>\n<td style=\"height: 23px;\">4000<\/td>\n<td style=\"height: 23px;\">2 tipos<\/td>\n<\/tr>\n<tr style=\"height: 23px;\">\n<td style=\"height: 23px;\" colspan=\"9\">Observaci\u00f3n: si tiene alg\u00fan requisito especial, no dude en hac\u00e9rmelo saber, tambi\u00e9n aceptamos pedidos personalizados.<\/td>\n<\/tr>\n<\/tbody>\n<\/table>\n<h2>Ventajas de la caja de engranajes para empacadora cuadrada FMP-DFK192 para empacadora cuadrada grande<\/h2>\n<p>La caja de engranajes para empacadoras cuadradas FMP-DFK192 est\u00e1 dise\u00f1ada espec\u00edficamente para empacadoras cuadradas de gran tama\u00f1o, ofreciendo una gama de ventajas que mejoran el rendimiento, la durabilidad y la eficiencia en operaciones agr\u00edcolas a gran escala. A continuaci\u00f3n, se presentan las principales ventajas de usar la caja de engranajes para empacadoras cuadradas FMP-DFK192:<\/p>\n<p><strong>Alto par de salida<\/strong><\/p>\n<ul>\n<li>Ventaja: La caja de engranajes FMP-DFK192 est\u00e1 dise\u00f1ada para ofrecer un alto par motor, esencial para satisfacer las exigentes necesidades de potencia de una empacadora de pacas cuadradas de gran tama\u00f1o. Esto es crucial para garantizar que grandes vol\u00famenes de paja, heno u otros materiales se compacten y empaquen eficazmente sin sobrecargar el sistema.<\/li>\n<li>Por qu\u00e9 es importante: Las empacadoras de pacas cuadradas grandes requieren un torque significativo para operar los mecanismos de compactaci\u00f3n y atado, y el alto torque proporcionado por esta caja de engranajes garantiza un rendimiento \u00f3ptimo y evita el bajo rendimiento o el estancamiento.<\/li>\n<\/ul>\n<p><strong>Mayor durabilidad y longevidad<\/strong><\/p>\n<ul>\n<li>Beneficio: Construida con materiales de alta calidad y componentes robustos, la caja de cambios FMP-DFK192 est\u00e1 dise\u00f1ada para soportar las tensiones de las operaciones agr\u00edcolas pesadas, lo que garantiza una larga vida \u00fatil.<\/li>\n<li>Por qu\u00e9 es importante: En operaciones de empacado a gran escala, el tiempo de inactividad es costoso. La durabilidad de la caja de engranajes FMP-DFK192 reduce la probabilidad de fallos, lo que se traduce en menos reparaciones, menores costes de mantenimiento y mayor fiabilidad durante los periodos de m\u00e1xima cosecha.<\/li>\n<\/ul>\n<p><strong>Transmisi\u00f3n de potencia eficiente<\/strong><\/p>\n<ul>\n<li>Beneficio: La caja de cambios est\u00e1 dise\u00f1ada para transferir eficientemente la potencia de la toma de fuerza del tractor a los mecanismos de la empacadora, optimizando el proceso de conversi\u00f3n de energ\u00eda y minimizando las p\u00e9rdidas.<\/li>\n<li>Por qu\u00e9 es importante: La transmisi\u00f3n de potencia eficiente reduce el consumo de combustible, lo cual es fundamental en operaciones a gran escala donde los costos de combustible pueden aumentar r\u00e1pidamente. Esta caracter\u00edstica ayuda a mantener una alta eficiencia operativa y reduce los costos operativos.<\/li>\n<\/ul>\n<p><strong>Control de velocidad preciso<\/strong><\/p>\n<ul>\n<li>Ventaja: La caja de cambios FMP-DFK192 ofrece un control preciso de la velocidad, esencial para regular el rendimiento de la empacadora. Al gestionar la velocidad de los mecanismos de compactaci\u00f3n y atado, garantiza que las pacas se formen de forma correcta y uniforme.<\/li>\n<li>Por qu\u00e9 es importante: Un control preciso de la velocidad garantiza una calidad constante de las pacas, minimiza la p\u00e9rdida de producto y mejora la eficiencia general del proceso de empacado. Esto es especialmente importante en operaciones a gran escala, donde la consistencia del tama\u00f1o y la calidad de las pacas son cruciales.<\/li>\n<\/ul>\n<p><img loading=\"lazy\" decoding=\"async\" class=\"alignnone size-full wp-image-2629\" src=\"https:\/\/fmp-components.com\/wp-content\/uploads\/2025\/01\/Square-Baler-Gearbox-321.webp\" alt=\"Caja de engranajes para empacadora cuadrada 32(1)\" width=\"1920\" height=\"1115\" title=\"\" srcset=\"https:\/\/fmp-components.com\/wp-content\/uploads\/2025\/01\/Square-Baler-Gearbox-321.webp 1920w, https:\/\/fmp-components.com\/wp-content\/uploads\/2025\/01\/Square-Baler-Gearbox-321-1280x743.webp 1280w, https:\/\/fmp-components.com\/wp-content\/uploads\/2025\/01\/Square-Baler-Gearbox-321-980x569.webp 980w, https:\/\/fmp-components.com\/wp-content\/uploads\/2025\/01\/Square-Baler-Gearbox-321-480x279.webp 480w\" sizes=\"(min-width: 0px) and (max-width: 480px) 480px, (min-width: 481px) and (max-width: 980px) 980px, (min-width: 981px) and (max-width: 1280px) 1280px, (min-width: 1281px) 1920px, 100vw\" \/><\/p>\n<p><strong>Protecci\u00f3n contra sobrecarga<\/strong><\/p>\n<ul>\n<li>Beneficio: La caja de cambios FMP-DFK192 est\u00e1 equipada con funciones de protecci\u00f3n contra sobrecarga, como un limitador de torque o un embrague deslizante, que evitan que la caja de cambios se da\u00f1e por fuerzas excesivas.<\/li>\n<li>Por qu\u00e9 es importante: La protecci\u00f3n contra sobrecargas ayuda a proteger la caja de engranajes y otros componentes conectados de los efectos potencialmente da\u00f1inos de una resistencia repentina, como cuando una gran masa de material causa un bloqueo. Esto minimiza el tiempo de inactividad y los costos de mantenimiento.<\/li>\n<\/ul>\n<p>La caja de engranajes FMP-DFK192 para empacadoras cuadradas de gran tama\u00f1o ofrece diversas ventajas que mejoran la eficiencia operativa, reducen las necesidades de mantenimiento y optimizan el rendimiento general de las operaciones de empacado agr\u00edcola a gran escala. Gracias a su alto par motor, durabilidad, control preciso de la velocidad y protecci\u00f3n contra sobrecargas, permite a las empacadoras soportar las exigencias de las tareas pesadas, garantizando al mismo tiempo la producci\u00f3n de pacas consistentes y de alta calidad. Tanto si opera en grandes explotaciones agr\u00edcolas como si ofrece servicios de empacado, la caja de engranajes FMP-DFK192 es una soluci\u00f3n fiable y eficiente para sus necesidades de empacado.<img loading=\"lazy\" decoding=\"async\" class=\"alignnone size-full wp-image-2631\" src=\"https:\/\/fmp-components.com\/wp-content\/uploads\/2025\/01\/Square-Baler-Gearbox-EP-DFK192-Benefits1.webp\" alt=\"Caja de engranajes de la empacadora cuadrada EP-DFK192 - Beneficios (1)\" width=\"980\" height=\"340\" title=\"\" srcset=\"https:\/\/fmp-components.com\/wp-content\/uploads\/2025\/01\/Square-Baler-Gearbox-EP-DFK192-Benefits1.webp 980w, https:\/\/fmp-components.com\/wp-content\/uploads\/2025\/01\/Square-Baler-Gearbox-EP-DFK192-Benefits1-480x167.webp 480w\" sizes=\"(min-width: 0px) and (max-width: 480px) 480px, (min-width: 481px) 980px, 100vw\" \/><\/p>\n<article class=\"w-full scroll-mb-[var(--thread-trailing-height,150px)] text-token-text-primary focus-visible:outline-2 focus-visible:outline-offset-[-4px]\" dir=\"auto\" data-testid=\"conversation-turn-42\" data-scroll-anchor=\"false\">\n<div class=\"m-auto text-base py-[18px] px-3 md:px-4 w-full md:px-5 lg:px-4 xl:px-5\">\n<div class=\"mx-auto flex flex-1 gap-4 text-base md:gap-5 lg:gap-6 md:max-w-3xl lg:max-w-[40rem] xl:max-w-[48rem]\">\n<div class=\"group\/conversation-turn relative flex w-full min-w-0 flex-col\">\n<div class=\"flex-col gap-1 md:gap-3\">\n<div class=\"flex max-w-full flex-col flex-grow\">\n<div class=\"min-h-8 text-message flex w-full flex-col items-end gap-2 whitespace-normal break-words text-start [.text-message+&amp;]:mt-5\" dir=\"auto\" data-message-author-role=\"user\" data-message-id=\"aaa2e9e4-5469-438b-aa2c-1351bf6585ed\">\n<div class=\"flex w-full flex-col gap-1 empty:hidden items-end rtl:items-start\">\n<div class=\"relative max-w-[var(--user-chat-width,70%)] rounded-3xl bg-token-message-surface px-5 py-2.5\">\n<h2 class=\"whitespace-pre-wrap\">Elija la caja de engranajes adecuada para empacadoras cuadradas grandes<\/h2>\n<\/div>\n<\/div>\n<\/div>\n<\/div>\n<\/div>\n<\/div>\n<\/div>\n<\/div>\n<\/article>\n<p>Elegir la caja de engranajes adecuada para una empacadora de pacas grandes es fundamental para garantizar un rendimiento, una durabilidad y una eficiencia \u00f3ptimos en operaciones agr\u00edcolas a gran escala. La caja de engranajes es un componente clave que transfiere la potencia de la toma de fuerza del tractor a los mecanismos de la empacadora, como los sistemas de compactaci\u00f3n y atado. A continuaci\u00f3n, se presentan algunos factores a considerar al seleccionar la caja de engranajes adecuada:<\/p>\n<p><strong>Requisitos de potencia y par<\/strong><\/p>\n<ul>\n<li>Por qu\u00e9 es importante: Las empacadoras cuadradas grandes requieren un alto par motor para comprimir grandes vol\u00famenes de paja, heno u otros materiales en pacas uniformes. La caja de engranajes debe ser capaz de gestionar las demandas de potencia y par motor de la empacadora, garantizando un funcionamiento suave y evitando sobrecargas.<\/li>\n<li>Consideraci\u00f3n: Verifique las especificaciones de la empacadora para conocer la potencia y el par motor requeridos para la toma de fuerza. Seleccione una caja de cambios que coincida o supere ligeramente los requisitos de par y potencia de su modelo de empacadora.<\/li>\n<\/ul>\n<p><strong>Relaci\u00f3n de la caja de cambios (conversi\u00f3n de velocidad y par)<\/strong><\/p>\n<ul>\n<li>Por qu\u00e9 es importante: La relaci\u00f3n de transmisi\u00f3n determina la velocidad y la conversi\u00f3n de par desde la toma de fuerza del tractor hasta los sistemas de la empacadora. Una relaci\u00f3n correcta garantiza que la empacadora funcione a la velocidad correcta para un empacado eficiente y una compactaci\u00f3n adecuada del material.<\/li>\n<li>Consideraci\u00f3n: Elija una caja de engranajes con la relaci\u00f3n de transmisi\u00f3n adecuada para su empacadora. Esto depende de factores como el tama\u00f1o de la empacadora, el tipo de material a empacar y el tama\u00f1o y la densidad deseados de la paca.<\/li>\n<\/ul>\n<p><strong>Durabilidad y materiales de construcci\u00f3n<\/strong><\/p>\n<ul>\n<li>Por qu\u00e9 es importante: La caja de engranajes debe soportar las duras condiciones de trabajo de las operaciones de empacado a gran escala, incluyendo el uso intensivo y la exposici\u00f3n al polvo, la humedad y otros factores ambientales. Los materiales de construcci\u00f3n de alta calidad garantizan una mayor durabilidad y un menor mantenimiento de la caja de engranajes.<\/li>\n<li>Consideraci\u00f3n: Opte por una caja de cambios fabricada con materiales duraderos, como acero de alta resistencia, resistente al desgaste. Busque cajas de cambios dise\u00f1adas con rodamientos sellados y recubrimientos protectores para una mayor durabilidad.<\/li>\n<\/ul>\n<p><img loading=\"lazy\" decoding=\"async\" class=\"alignnone size-full wp-image-2630\" src=\"https:\/\/fmp-components.com\/wp-content\/uploads\/2025\/01\/Square-Baler-Gearbox-EP-DFK192-Applications1.webp\" alt=\"Caja de engranajes para empacadora cuadrada EP-DFK192 - Aplicaciones (1)\" width=\"1000\" height=\"620\" title=\"\" srcset=\"https:\/\/fmp-components.com\/wp-content\/uploads\/2025\/01\/Square-Baler-Gearbox-EP-DFK192-Applications1.webp 1000w, https:\/\/fmp-components.com\/wp-content\/uploads\/2025\/01\/Square-Baler-Gearbox-EP-DFK192-Applications1-980x608.webp 980w, https:\/\/fmp-components.com\/wp-content\/uploads\/2025\/01\/Square-Baler-Gearbox-EP-DFK192-Applications1-480x298.webp 480w\" sizes=\"(min-width: 0px) and (max-width: 480px) 480px, (min-width: 481px) and (max-width: 980px) 980px, (min-width: 981px) 1000px, 100vw\" \/><\/p>\n<p><strong>Protecci\u00f3n contra sobrecarga<\/strong><\/p>\n<ul>\n<li>Por qu\u00e9 es importante: La protecci\u00f3n contra sobrecarga es esencial para evitar da\u00f1os a la caja de engranajes y otros componentes conectados en caso de bloqueo o resistencia excesiva en el proceso de empacado.<\/li>\n<li>Consideraci\u00f3n: Busque cajas de cambios con mecanismos de protecci\u00f3n contra sobrecarga, como limitadores de torque, embragues deslizantes o pasadores de corte que desacoplan la caja de cambios cuando se detecta una fuerza excesiva, evitando posibles da\u00f1os.<\/li>\n<\/ul>\n<p><strong>Eficiencia y transmisi\u00f3n de potencia<\/strong><\/p>\n<ul>\n<li>Por qu\u00e9 es importante: La transmisi\u00f3n de potencia eficiente reduce las p\u00e9rdidas de energ\u00eda y ayuda a optimizar el consumo de combustible, lo cual es importante para minimizar los costos operativos, especialmente en operaciones a gran escala.<\/li>\n<li>Consideraci\u00f3n: Elija una caja de cambios con engranajes de alta eficiencia que minimicen la p\u00e9rdida de potencia y garanticen la m\u00e1xima transmisi\u00f3n de torque desde la toma de fuerza del tractor a los componentes de la empacadora.<\/li>\n<\/ul>\n<p>Al seleccionar una caja de engranajes para su empacadora de pacas cuadradas de gran tama\u00f1o, es fundamental considerar los factores clave mencionados anteriormente. Al considerar los requisitos de potencia y par, la relaci\u00f3n de transmisi\u00f3n, la durabilidad, la protecci\u00f3n contra sobrecargas y la facilidad de mantenimiento, podr\u00e1 seleccionar la caja de engranajes que mejor se adapte a sus necesidades.<\/p>\n<p>Para un rendimiento \u00f3ptimo, aseg\u00farese de que la caja de cambios se adapte a los requisitos espec\u00edficos de su modelo de empacadora y proporcione una transmisi\u00f3n de potencia eficiente con un alto par. No olvide verificar la compatibilidad, los requisitos de mantenimiento y la reputaci\u00f3n del fabricante para garantizar la fiabilidad a largo plazo y minimizar el tiempo de inactividad en sus operaciones.<\/p>\n<p><img loading=\"lazy\" decoding=\"async\" class=\"alignnone size-full wp-image-2628\" src=\"https:\/\/fmp-components.com\/wp-content\/uploads\/2025\/01\/Square-Baler-Gearbox-29-11.webp\" alt=\"Caja de engranajes para empacadora cuadrada 29-1(1)\" width=\"1203\" height=\"586\" title=\"\" srcset=\"https:\/\/fmp-components.com\/wp-content\/uploads\/2025\/01\/Square-Baler-Gearbox-29-11.webp 1203w, https:\/\/fmp-components.com\/wp-content\/uploads\/2025\/01\/Square-Baler-Gearbox-29-11-980x477.webp 980w, https:\/\/fmp-components.com\/wp-content\/uploads\/2025\/01\/Square-Baler-Gearbox-29-11-480x234.webp 480w\" sizes=\"(min-width: 0px) and (max-width: 480px) 480px, (min-width: 481px) and (max-width: 980px) 980px, (min-width: 981px) 1203px, 100vw\" \/><\/p>\n<h3>Acerca de FMP<\/h3>\n<p>Con sede en Italia, FMP es un fabricante l\u00edder reconocido por su ingenier\u00eda, dise\u00f1o y producci\u00f3n de cajas de engranajes de alto rendimiento, con un enfoque especializado en la industria de la maquinaria agr\u00edcola. Reconocido por su precisi\u00f3n, innovaci\u00f3n y excepcional fiabilidad, FMP se ha convertido en un socio de confianza para satisfacer las cambiantes necesidades de los sectores agr\u00edcola e industrial. Nuestra amplia cartera de productos incluye cajas de engranajes especializadas para cortac\u00e9spedes, ejes de toma de fuerza y \u200b\u200botros componentes mec\u00e1nicos esenciales, cada uno meticulosamente dise\u00f1ado para ofrecer soluciones a medida para una amplia gama de aplicaciones.<\/p>\n<p>En FMP, comprendemos que cada cliente se enfrenta a retos y requisitos \u00fanicos. Por eso nos especializamos en ofrecer soluciones personalizadas, ya sea para componentes individuales o para sistemas totalmente integrados. Trabajando estrechamente con nuestros clientes, nos aseguramos de que cada soluci\u00f3n no solo satisfaga sus necesidades, sino que tambi\u00e9n optimice el rendimiento y maximice el valor. Nuestro compromiso con la rapidez y la profesionalidad de las respuestas y la asesor\u00eda experta garantiza que cada consulta se gestione con la m\u00e1xima atenci\u00f3n y precisi\u00f3n, lo que se traduce en resultados \u00f3ptimos.<\/p>\n<p>Damos gran importancia a la comunicaci\u00f3n abierta y continua durante cada etapa del proceso de desarrollo de productos. Nuestro equipo de expertos colabora directamente con los clientes para comprender plenamente sus necesidades espec\u00edficas, ofreciendo informaci\u00f3n valiosa y recomendaciones personalizadas para garantizar las soluciones m\u00e1s eficaces. Ya sea dise\u00f1ando productos innovadores o atendiendo pedidos en curso, FMP se dedica a entregar soluciones de ingenier\u00eda de precisi\u00f3n y alta calidad, siempre a tiempo. Nuestra misi\u00f3n es brindar a los clientes un servicio y resultados excepcionales, superando constantemente sus expectativas en cada proyecto.<\/p>\n<p>En el coraz\u00f3n de las operaciones de FMP reside un compromiso inquebrantable con la calidad. Nos adherimos a los m\u00e1s altos est\u00e1ndares de fabricaci\u00f3n, aplicando estrictas medidas de control de calidad para garantizar que cada producto no solo cumpla, sino que supere los est\u00e1ndares de la industria. Esta dedicaci\u00f3n a la calidad, combinada con nuestros valores fundamentales de integridad, trabajo en equipo y perseverancia, nos ha permitido forjar relaciones duraderas y de confianza con clientes en casi 30 pa\u00edses de todo el mundo.<\/p>\n<p>En FMP, siempre estamos abiertos a fomentar colaboraciones globales y mantenemos nuestro compromiso de brindar asesoramiento experto y soluciones personalizadas adaptadas a las diversas necesidades de nuestros clientes. Vamos m\u00e1s all\u00e1 del simple suministro de productos; nuestro objetivo es construir relaciones duraderas que contribuyan al \u00e9xito de cada proyecto. Ya sea que necesite soluciones innovadoras para una nueva iniciativa o soporte continuo para un sistema existente, en FMP estamos aqu\u00ed para abordar sus desaf\u00edos t\u00e9cnicos y garantizar su \u00e9xito continuo.<\/p>\n<p><img loading=\"lazy\" decoding=\"async\" class=\"alignnone size-full wp-image-1861\" src=\"https:\/\/fmp-components.com\/wp-content\/uploads\/2024\/12\/Other-Agricultural-Gearboxes.webp\" sizes=\"(min-width: 0px) and (max-width: 480px) 480px, (min-width: 481px) and (max-width: 980px) 980px, (min-width: 981px) 1200px, 100vw\" srcset=\"https:\/\/fmp-components.com\/wp-content\/uploads\/2024\/12\/Other-Agricultural-Gearboxes.webp 1200w, https:\/\/fmp-components.com\/wp-content\/uploads\/2024\/12\/Other-Agricultural-Gearboxes-980x1143.webp 980w, https:\/\/fmp-components.com\/wp-content\/uploads\/2024\/12\/Other-Agricultural-Gearboxes-480x560.webp 480w\" alt=\"Otros cambios agr\u00edcolas\" width=\"1200\" height=\"1400\" title=\"\"><\/p>\n<p>Autor: CX<\/p>","protected":false},"excerpt":{"rendered":"<p>Square Baler Gearbox FMP-DFK192 Dimensions Square Baler Gearbox FMP-DFK192 Technical Data i Suitable Rpm input KW(Nom) Rated torque Maximum Load X-axis type r\/min kw N.m N.m X-Y X-Z X-E Big Square Baler 1000 192 1825 4000 2 types Remark: If you have any special require feel free let me know, we also accept custom. Benefits [&hellip;]<\/p>","protected":false},"featured_media":2632,"comment_status":"open","ping_status":"closed","template":"","meta":{"_et_pb_use_builder":"","_et_pb_old_content":"","_et_gb_content_width":""},"product_brand":[],"product_cat":[62],"product_tag":[],"class_list":{"0":"post-2627","1":"product","2":"type-product","3":"status-publish","4":"has-post-thumbnail","6":"product_cat-square-baler-gearbox","8":"first","9":"instock","10":"shipping-taxable","11":"product-type-simple"},"_links":{"self":[{"href":"https:\/\/fmp-components.com\/es\/wp-json\/wp\/v2\/product\/2627","targetHints":{"allow":["GET"]}}],"collection":[{"href":"https:\/\/fmp-components.com\/es\/wp-json\/wp\/v2\/product"}],"about":[{"href":"https:\/\/fmp-components.com\/es\/wp-json\/wp\/v2\/types\/product"}],"replies":[{"embeddable":true,"href":"https:\/\/fmp-components.com\/es\/wp-json\/wp\/v2\/comments?post=2627"}],"wp:featuredmedia":[{"embeddable":true,"href":"https:\/\/fmp-components.com\/es\/wp-json\/wp\/v2\/media\/2632"}],"wp:attachment":[{"href":"https:\/\/fmp-components.com\/es\/wp-json\/wp\/v2\/media?parent=2627"}],"wp:term":[{"taxonomy":"product_brand","embeddable":true,"href":"https:\/\/fmp-components.com\/es\/wp-json\/wp\/v2\/product_brand?post=2627"},{"taxonomy":"product_cat","embeddable":true,"href":"https:\/\/fmp-components.com\/es\/wp-json\/wp\/v2\/product_cat?post=2627"},{"taxonomy":"product_tag","embeddable":true,"href":"https:\/\/fmp-components.com\/es\/wp-json\/wp\/v2\/product_tag?post=2627"}],"curies":[{"name":"gracias","href":"https:\/\/api.w.org\/{rel}","templated":true}]}}