{"id":2590,"date":"2025-01-03T01:47:42","date_gmt":"2025-01-03T01:47:42","guid":{"rendered":"https:\/\/fmp-components.com\/?page_id=8"},"modified":"2025-01-03T01:50:37","modified_gmt":"2025-01-03T01:50:37","slug":"square-baler-gearbox-fmp-fk263","status":"publish","type":"product","link":"https:\/\/fmp-components.com\/es\/product\/square-baler-gearbox-fmp-fk263\/","title":{"rendered":"Caja de engranajes para empacadora cuadrada FMP-FK263"},"content":{"rendered":"<p><img loading=\"lazy\" decoding=\"async\" class=\"size-full wp-image-2595 aligncenter\" src=\"https:\/\/fmp-components.com\/wp-content\/uploads\/2025\/01\/Square-Baler-Gearbox-EP-FK2631.webp\" alt=\"Caja de cambios para empacadora cuadrada EP-FK263\" width=\"600\" height=\"600\" title=\"\" srcset=\"https:\/\/fmp-components.com\/wp-content\/uploads\/2025\/01\/Square-Baler-Gearbox-EP-FK2631.webp 600w, https:\/\/fmp-components.com\/wp-content\/uploads\/2025\/01\/Square-Baler-Gearbox-EP-FK2631-480x480.webp 480w\" sizes=\"(min-width: 0px) and (max-width: 480px) 480px, (min-width: 481px) 600px, 100vw\" \/><\/p>\n<h2>Dimensiones de la caja de engranajes de la empacadora cuadrada FMP-FK263<\/h2>\n<p><img loading=\"lazy\" decoding=\"async\" class=\"alignnone size-full wp-image-2591\" src=\"https:\/\/fmp-components.com\/wp-content\/uploads\/2025\/01\/Square-Baler-Gearbox-EP-FK263-Dimensions.webp\" alt=\"Dimensiones de la caja de engranajes de la empacadora cuadrada FMP FK263\" width=\"1456\" height=\"890\" title=\"\" srcset=\"https:\/\/fmp-components.com\/wp-content\/uploads\/2025\/01\/Square-Baler-Gearbox-EP-FK263-Dimensions.webp 1456w, https:\/\/fmp-components.com\/wp-content\/uploads\/2025\/01\/Square-Baler-Gearbox-EP-FK263-Dimensions-1280x782.webp 1280w, https:\/\/fmp-components.com\/wp-content\/uploads\/2025\/01\/Square-Baler-Gearbox-EP-FK263-Dimensions-980x599.webp 980w, https:\/\/fmp-components.com\/wp-content\/uploads\/2025\/01\/Square-Baler-Gearbox-EP-FK263-Dimensions-480x293.webp 480w\" sizes=\"(min-width: 0px) and (max-width: 480px) 480px, (min-width: 481px) and (max-width: 980px) 980px, (min-width: 981px) and (max-width: 1280px) 1280px, (min-width: 1281px) 1456px, 100vw\" \/> <img loading=\"lazy\" decoding=\"async\" class=\"alignnone size-full wp-image-2592\" src=\"https:\/\/fmp-components.com\/wp-content\/uploads\/2025\/01\/Square-Baler-Gearbox-EP-FK263-Shaft-Dimensions.webp\" alt=\"Dimensiones del eje de la caja de engranajes de la empacadora cuadrada FMP FK263\" width=\"1370\" height=\"414\" title=\"\" srcset=\"https:\/\/fmp-components.com\/wp-content\/uploads\/2025\/01\/Square-Baler-Gearbox-EP-FK263-Shaft-Dimensions.webp 1370w, https:\/\/fmp-components.com\/wp-content\/uploads\/2025\/01\/Square-Baler-Gearbox-EP-FK263-Shaft-Dimensions-1280x387.webp 1280w, https:\/\/fmp-components.com\/wp-content\/uploads\/2025\/01\/Square-Baler-Gearbox-EP-FK263-Shaft-Dimensions-980x296.webp 980w, https:\/\/fmp-components.com\/wp-content\/uploads\/2025\/01\/Square-Baler-Gearbox-EP-FK263-Shaft-Dimensions-480x145.webp 480w\" sizes=\"(min-width: 0px) and (max-width: 480px) 480px, (min-width: 481px) and (max-width: 980px) 980px, (min-width: 981px) and (max-width: 1280px) 1280px, (min-width: 1281px) 1370px, 100vw\" \/><\/p>\n<h2>Datos t\u00e9cnicos de la caja de engranajes de la empacadora de pacas cuadradas FMP-FK263<\/h2>\n<table style=\"width: 100.066%; height: 144px;\" border=\"1\" cellspacing=\"0\" cellpadding=\"0\">\n<tbody>\n<tr>\n<td colspan=\"2\" rowspan=\"2\">i<\/td>\n<td rowspan=\"2\">Adecuado<\/td>\n<td>Entrada de rpm<\/td>\n<td>Salida de rpm<\/td>\n<td>KW(Nom.)<\/td>\n<td>KW(M\u00e1x.)<\/td>\n<td rowspan=\"2\">Dentado<\/td>\n<\/tr>\n<tr>\n<td>r\/min<\/td>\n<td>r\/min<\/td>\n<td>caballos de fuerza<\/td>\n<td>caballos de fuerza<\/td>\n<\/tr>\n<tr>\n<td>Aumento de velocidad<\/td>\n<td>1:2.69<\/td>\n<td>Empacadora cuadrada, etc.<\/td>\n<td>760<\/td>\n<td>2045<\/td>\n<td>180<\/td>\n<td>250<\/td>\n<td>Gleason Straight<br \/>\nDientes<\/td>\n<\/tr>\n<tr>\n<td colspan=\"8\">Observaci\u00f3n: si tiene alg\u00fan requisito especial, no dude en hac\u00e9rmelo saber, tambi\u00e9n aceptamos pedidos personalizados.<\/td>\n<\/tr>\n<\/tbody>\n<\/table>\n<h2>\u00bfC\u00f3mo funciona la caja de cambios de la empacadora cuadrada FMP-FK263?<\/h2>\n<p>La caja de engranajes de la empacadora cuadrada FMP-FK263 desempe\u00f1a un papel crucial en el funcionamiento eficiente de la empacadora cuadrada, ya que transfiere la potencia del eje de la toma de fuerza (TDF) del tractor a los diversos sistemas mec\u00e1nicos de la empacadora, lo que le permite realizar las funciones necesarias de recolecci\u00f3n, compresi\u00f3n y aglutinado de materiales para formar pacas. A continuaci\u00f3n, se presenta un resumen del funcionamiento de la caja de engranajes FMP-FK263 durante el proceso de empacado:<\/p>\n<p><strong>Transmisi\u00f3n de potencia desde la toma de fuerza<\/strong><\/p>\n<ul>\n<li>El <strong>Caja de cambios FMP-FK263<\/strong> Se acciona mediante el eje de la toma de fuerza del tractor. Este eje transmite la potencia rotacional del motor del tractor a la caja de cambios, que suele estar ubicada en la empacadora.<\/li>\n<li>El <strong>eje de entrada<\/strong> de la caja de cambios recibe esta potencia, iniciando el movimiento a trav\u00e9s de la caja de cambios.<\/li>\n<\/ul>\n<p><strong>Mecanismo interno de la caja de cambios<\/strong><\/p>\n<ul>\n<li>La caja de cambios contiene una serie de engranajes, incluidos engranajes rectos, engranajes c\u00f3nicos y engranajes planetarios (seg\u00fan el dise\u00f1o), que transmiten el movimiento de rotaci\u00f3n del eje de entrada al eje de salida.<\/li>\n<li><strong>Engranajes c\u00f3nicos<\/strong> Pueden utilizarse para cambiar la direcci\u00f3n del flujo de potencia, mientras que los engranajes rectos gestionan la transferencia directa del par. Estos engranajes est\u00e1n dise\u00f1ados para soportar cargas de par elevadas y garantizar una entrega de potencia suave y fiable.<\/li>\n<li>En el <strong>FMP-FK263<\/strong>La disposici\u00f3n de los engranajes est\u00e1 dise\u00f1ada espec\u00edficamente para mantener la velocidad y el torque \u00f3ptimos, garantizando que la empacadora funcione al nivel de rendimiento correcto para comprimir materiales como heno, paja o residuos de cultivos.<\/li>\n<\/ul>\n<p>Ajuste de velocidad y par<\/p>\n<ul>\n<li>La caja de cambios ajusta la velocidad de rotaci\u00f3n y el torque de la TDF para adaptarse a las demandas espec\u00edficas del proceso de empacado.<\/li>\n<li>Por ejemplo, el mecanismo de reducci\u00f3n de velocidad en la caja de engranajes puede garantizar que los rodillos de la empacadora y otros componentes giren a la velocidad adecuada para una compactaci\u00f3n eficiente del material y la formaci\u00f3n de pacas.<\/li>\n<li>En algunos casos, la caja de cambios puede presentar un sistema de reducci\u00f3n de engranajes que reduce la alta velocidad de la toma de fuerza a una velocidad m\u00e1s lenta y m\u00e1s controlada para los mecanismos de la empacadora.<\/li>\n<\/ul>\n<p>Transferencia de poder a los componentes operativos<\/p>\n<ul>\n<li>El <strong>eje de salida<\/strong> La caja de cambios transfiere la potencia procesada a los sistemas operativos de la empacadora cuadrada, como:\n<ul>\n<li><strong>Mecanismo de recogida<\/strong>:Recoger material de cultivo del campo.<\/li>\n<li><strong>Sistema de alimentaci\u00f3n<\/strong>:Para introducir el material recogido en la c\u00e1mara de compresi\u00f3n.<\/li>\n<li><strong>Rodillos de compresi\u00f3n<\/strong>:Para compactar el material en el tama\u00f1o de paca deseado.<\/li>\n<li><strong>Sistema de anudado<\/strong>:Para atar los fardos una vez formados.<\/li>\n<\/ul>\n<\/li>\n<li>Dependiendo del dise\u00f1o de la empacadora, la caja de engranajes tambi\u00e9n puede alimentar funciones adicionales como sistemas hidr\u00e1ulicos o el sistema transportador de la empacadora.<\/li>\n<\/ul>\n<h3>Caracter\u00edsticas principales de la caja de engranajes de la empacadora cuadrada FMP-FK263:<\/h3>\n<ul>\n<li><strong>Alta capacidad de par<\/strong>:La caja de cambios est\u00e1 dise\u00f1ada para gestionar los altos requisitos de torque de las empacadoras cuadradas.<\/li>\n<li><strong>Transferencia de energ\u00eda eficiente<\/strong>:Garantiza una transmisi\u00f3n suave y eficaz de la potencia desde la toma de fuerza a los mecanismos de empacado.<\/li>\n<li><strong>Durabilidad<\/strong>:Construido con materiales robustos para soportar las cargas pesadas y las rigurosas condiciones t\u00edpicas de las operaciones agr\u00edcolas.<\/li>\n<li><strong>Opciones de personalizaci\u00f3n<\/strong>:Se puede adaptar a diferentes m\u00e1quinas empacadoras con distintos requisitos de potencia y caracter\u00edsticas.<\/li>\n<li><strong>Lubricaci\u00f3n y refrigeraci\u00f3n<\/strong>:Sistemas integrados para mantener la eficiencia operativa y evitar el sobrecalentamiento.<\/li>\n<\/ul>\n<p>La caja de engranajes de la empacadora cuadrada FMP-FK263 convierte la potencia de rotaci\u00f3n a alta velocidad de la toma de fuerza del tractor en potencia controlada y utilizable que impulsa los diversos componentes de la empacadora. Garantiza un proceso de empacado eficiente, fluido y fiable, ya sea de heno, paja u otros materiales, entregando pacas de alta calidad de forma oportuna. El dise\u00f1o de la caja de engranajes prioriza la durabilidad, la eficiencia y una distribuci\u00f3n \u00f3ptima de la potencia, lo que la convierte en un componente esencial para las m\u00e1quinas de empacado de alto rendimiento.<\/p>\n<p><img loading=\"lazy\" decoding=\"async\" class=\"alignnone size-full wp-image-2596\" src=\"https:\/\/fmp-components.com\/wp-content\/uploads\/2025\/01\/FMP-FK215-Square-Baler-Gearbox-Applications-2.webp\" alt=\"Aplicaciones de la caja de engranajes de la empacadora cuadrada FMP-FK215\" width=\"980\" height=\"483\" title=\"\" srcset=\"https:\/\/fmp-components.com\/wp-content\/uploads\/2025\/01\/FMP-FK215-Square-Baler-Gearbox-Applications-2.webp 980w, https:\/\/fmp-components.com\/wp-content\/uploads\/2025\/01\/FMP-FK215-Square-Baler-Gearbox-Applications-2-480x237.webp 480w\" sizes=\"(min-width: 0px) and (max-width: 480px) 480px, (min-width: 481px) 980px, 100vw\" \/><\/p>\n<article class=\"w-full scroll-mb-[var(--thread-trailing-height,150px)] text-token-text-primary focus-visible:outline-2 focus-visible:outline-offset-[-4px]\" dir=\"auto\" data-testid=\"conversation-turn-12\" data-scroll-anchor=\"false\">\n<div class=\"m-auto text-base py-[18px] px-3 md:px-4 w-full md:px-5 lg:px-4 xl:px-5\">\n<div class=\"mx-auto flex flex-1 gap-4 text-base md:gap-5 lg:gap-6 md:max-w-3xl lg:max-w-[40rem] xl:max-w-[48rem]\">\n<div class=\"group\/conversation-turn relative flex w-full min-w-0 flex-col\">\n<div class=\"flex-col gap-1 md:gap-3\">\n<div class=\"flex max-w-full flex-col flex-grow\">\n<div class=\"min-h-8 text-message flex w-full flex-col items-end gap-2 whitespace-normal break-words text-start [.text-message+&amp;]:mt-5\" dir=\"auto\" data-message-author-role=\"user\" data-message-id=\"aaa2e9bf-cefc-4209-a50b-03bfd714e422\">\n<div class=\"flex w-full flex-col gap-1 empty:hidden items-end rtl:items-start\">\n<div class=\"relative max-w-[var(--user-chat-width,70%)] rounded-3xl bg-token-message-surface px-5 py-2.5\">\n<h2 class=\"whitespace-pre-wrap\">Caja de engranajes para empacadora cuadrada FMP-FK263 para uso agr\u00edcola<\/h2>\n<p>La caja de engranajes para empacadoras cuadradas FMP-FK263 es un componente esencial para la maquinaria agr\u00edcola de empacado, dise\u00f1ada espec\u00edficamente para proporcionar una transmisi\u00f3n de potencia fiable y de alto rendimiento. Esta caja de engranajes est\u00e1 dise\u00f1ada para satisfacer las exigentes necesidades de la agricultura moderna, garantizando un proceso de empacado eficiente, consistente y duradero. A continuaci\u00f3n, se presentan los principales detalles y beneficios de la caja de engranajes para empacadoras cuadradas FMP-FK263 para aplicaciones agr\u00edcolas:<\/p>\n<h3>Caracter\u00edsticas principales de la caja de engranajes de la empacadora cuadrada FMP-FK263:<\/h3>\n<ol>\n<li><strong>Alta capacidad de par<\/strong>\n<ul>\n<li>El <strong>FMP-FK263<\/strong> La caja de engranajes est\u00e1 dise\u00f1ada para soportar las altas demandas de par t\u00edpicas de las operaciones de empacado agr\u00edcola. Esta capacidad garantiza que la empacadora pueda compactar y aglutinar eficazmente una amplia gama de materiales, como heno, paja, residuos de cultivos y otros forrajes, en pacas compactas.<\/li>\n<\/ul>\n<\/li>\n<li><strong>Transmisi\u00f3n de potencia eficiente<\/strong>\n<ul>\n<li>Dise\u00f1ado para transmitir potencia desde la toma de fuerza (PTO) del tractor a los diversos sistemas mec\u00e1nicos de la empacadora, el <strong>FMP-FK263<\/strong> Garantiza un flujo de potencia uniforme y eficiente. La caja de engranajes garantiza que el mecanismo de recogida, el sistema de alimentaci\u00f3n, la c\u00e1mara de compresi\u00f3n y el sistema de anudado de la empacadora reciban la potencia necesaria para un rendimiento \u00f3ptimo.<\/li>\n<\/ul>\n<\/li>\n<li><strong>Durabilidad y longevidad<\/strong>\n<ul>\n<li>La caja de cambios est\u00e1 fabricada con materiales de alta resistencia y durabilidad, lo que garantiza su resistencia a las duras condiciones del entorno agr\u00edcola. Est\u00e1 dise\u00f1ada para soportar un alto par, el uso frecuente y la exposici\u00f3n al polvo, la humedad y otras condiciones adversas del campo.<\/li>\n<li>Su construcci\u00f3n robusta garantiza un rendimiento duradero, reduciendo la frecuencia de reparaciones y los costos de mantenimiento.<\/li>\n<\/ul>\n<\/li>\n<li><strong>Dise\u00f1o de engranajes precisos<\/strong>\n<ul>\n<li>El <strong>FMP-FK263<\/strong> La caja de cambios cuenta con engranajes dise\u00f1ados con precisi\u00f3n, como <strong>engranajes rectos<\/strong>, <strong>engranajes c\u00f3nicos<\/strong>, y posiblemente <strong>engranajes planetarios<\/strong>Dise\u00f1ado para soportar las altas cargas y velocidades que requieren las empacadoras agr\u00edcolas. Su cuidadoso dise\u00f1o garantiza un funcionamiento suave con m\u00ednimo ruido y vibraci\u00f3n, lo que contribuye a un entorno de trabajo m\u00e1s eficiente y c\u00f3modo.<\/li>\n<\/ul>\n<\/li>\n<li><strong>Opciones personalizables<\/strong>\n<ul>\n<li>El <strong>FMP-FK263<\/strong> La caja de cambios se puede personalizar para diferentes modelos de empacadoras y necesidades agr\u00edcolas espec\u00edficas. Ya sea que est\u00e9 empacando heno, paja u otros forrajes, la caja de cambios se puede adaptar a diversas configuraciones, lo que ayuda a optimizar el rendimiento de la empacadora seg\u00fan el tipo de material y las condiciones del campo.<\/li>\n<\/ul>\n<\/li>\n<\/ol>\n<p>La caja de engranajes para empacadoras cuadradas FMP-FK263 es un componente esencial de los equipos de empacado agr\u00edcola, ofreciendo una soluci\u00f3n robusta y de alto rendimiento. Su capacidad para manejar un alto par, transmitir potencia eficientemente y soportar las duras condiciones del entorno agr\u00edcola la convierte en una opci\u00f3n confiable para agricultores de todo el mundo. Ya sea para heno, paja, ensilado o residuos de cultivos, la caja de engranajes FMP-FK263 garantiza un proceso de empacado eficiente, con resultados de alta calidad y un tiempo de inactividad m\u00ednimo.<\/p>\n<table style=\"border-collapse: collapse; width: 101.391%; height: 36px;\" border=\"0\" width=\"128\" cellspacing=\"0\" cellpadding=\"0\">\n<tbody>\n<tr style=\"height: 13.8pt;\">\n<td style=\"height: 13.8pt; width: 48pt;\" align=\"right\" width=\"64\" height=\"18\"><img loading=\"lazy\" decoding=\"async\" class=\"alignnone size-full wp-image-2593\" src=\"https:\/\/fmp-components.com\/wp-content\/uploads\/2025\/01\/Square-Baler-Gearbox-EP-FK263-Agricultural-Applications-21.webp\" alt=\"Caja de engranajes para empacadora cuadrada EP-FK263, aplicaciones agr\u00edcolas\" width=\"980\" height=\"569\" title=\"\" srcset=\"https:\/\/fmp-components.com\/wp-content\/uploads\/2025\/01\/Square-Baler-Gearbox-EP-FK263-Agricultural-Applications-21.webp 980w, https:\/\/fmp-components.com\/wp-content\/uploads\/2025\/01\/Square-Baler-Gearbox-EP-FK263-Agricultural-Applications-21-480x279.webp 480w\" sizes=\"(min-width: 0px) and (max-width: 480px) 480px, (min-width: 481px) 980px, 100vw\" \/><\/td>\n<td style=\"width: 48pt;\" align=\"right\" width=\"64\"><img loading=\"lazy\" decoding=\"async\" class=\"alignnone size-full wp-image-2594\" src=\"https:\/\/fmp-components.com\/wp-content\/uploads\/2025\/01\/Square-Baler-Gearbox-EP-FK263-Agricultural-Applications-11.webp\" alt=\"Caja de engranajes para empacadora cuadrada EP-FK263, aplicaciones agr\u00edcolas\" width=\"980\" height=\"569\" title=\"\" srcset=\"https:\/\/fmp-components.com\/wp-content\/uploads\/2025\/01\/Square-Baler-Gearbox-EP-FK263-Agricultural-Applications-11.webp 980w, https:\/\/fmp-components.com\/wp-content\/uploads\/2025\/01\/Square-Baler-Gearbox-EP-FK263-Agricultural-Applications-11-480x279.webp 480w\" sizes=\"(min-width: 0px) and (max-width: 480px) 480px, (min-width: 481px) 980px, 100vw\" \/><\/td>\n<\/tr>\n<\/tbody>\n<\/table>\n<div class=\"absolute bottom-0 right-full top-0 -mr-3.5 hidden pr-5 pt-1 [.group\\\/conversation-turn:hover_&amp;]:block\">\n<h2>Acerca de FMP<\/h2>\n<p>Con sede en Italia, FMP es un fabricante l\u00edder reconocido por su experiencia en el dise\u00f1o, desarrollo y producci\u00f3n de cajas de engranajes de alto rendimiento, con un fuerte enfoque en el sector de la maquinaria agr\u00edcola. Con una reputaci\u00f3n de ingenier\u00eda de precisi\u00f3n, soluciones innovadoras y una fiabilidad inquebrantable, FMP se ha ganado la confianza de los sectores agr\u00edcola e industrial. Nuestra amplia cartera de productos incluye cajas de engranajes especializadas para cortac\u00e9spedes, cardanes y otros componentes cr\u00edticos, todos cuidadosamente dise\u00f1ados para ofrecer soluciones personalizadas en una amplia gama de aplicaciones.<\/p>\n<p>En FMP, reconocemos que cada cliente tiene necesidades y desaf\u00edos \u00fanicos. Por eso nos especializamos en brindar soluciones a medida, ya sea para componentes individuales o para sistemas totalmente integrados. Colaboramos estrechamente con nuestros clientes para garantizar que cada soluci\u00f3n sea no solo efectiva sino tambi\u00e9n eficiente, maximizando tanto el rendimiento como el valor. Nuestro compromiso con la rapidez y la profesionalidad, junto con la orientaci\u00f3n experta, garantiza que cada consulta se atienda con precisi\u00f3n y cuidado, obteniendo los mejores resultados posibles.<\/p>\n<p>Ponemos gran \u00e9nfasis en la comunicaci\u00f3n abierta y continua durante todo el proceso de desarrollo de productos. Nuestro equipo especializado trabaja directamente con los clientes para comprender a fondo sus necesidades espec\u00edficas, aportando informaci\u00f3n valiosa y recomendaciones para garantizar la soluci\u00f3n \u00f3ptima. Ya sea dise\u00f1ando nuevos productos o atendiendo pedidos en curso, FMP se compromete a entregar soluciones de alta calidad y precisi\u00f3n, siempre a tiempo. Nuestro objetivo es superar las expectativas, ofreciendo un servicio y resultados excepcionales en cada proyecto.<\/p>\n<p>La calidad es la piedra angular de las operaciones de FMP. Nos adherimos a los m\u00e1s altos est\u00e1ndares de fabricaci\u00f3n e implementamos rigurosos controles de calidad para garantizar que cada producto cumpla o supere los est\u00e1ndares de la industria. Este firme compromiso con la calidad, junto con nuestros valores fundamentales de integridad, trabajo en equipo y perseverancia, nos ha permitido forjar relaciones duraderas y de confianza con clientes en casi 30 pa\u00edses de todo el mundo.<\/p>\n<p>FMP siempre est\u00e1 abierta a fomentar colaboraciones globales y se mantiene comprometida a ofrecer asesoramiento experto y soluciones personalizadas que satisfagan las diversas necesidades de nuestros clientes. Vamos m\u00e1s all\u00e1 del simple suministro de productos; nos esforzamos por construir relaciones duraderas que contribuyan al \u00e9xito de cada proyecto. Ya sea que necesite soluciones innovadoras para una nueva iniciativa o soporte continuo para un sistema existente, FMP est\u00e1 aqu\u00ed para resolver sus desaf\u00edos t\u00e9cnicos y garantizar su \u00e9xito continuo.<\/p>\n<p><img loading=\"lazy\" decoding=\"async\" class=\"alignnone size-full wp-image-1861\" src=\"https:\/\/fmp-components.com\/wp-content\/uploads\/2024\/12\/Other-Agricultural-Gearboxes.webp\" sizes=\"(min-width: 0px) and (max-width: 480px) 480px, (min-width: 481px) and (max-width: 980px) 980px, (min-width: 981px) 1200px, 100vw\" srcset=\"https:\/\/fmp-components.com\/wp-content\/uploads\/2024\/12\/Other-Agricultural-Gearboxes.webp 1200w, https:\/\/fmp-components.com\/wp-content\/uploads\/2024\/12\/Other-Agricultural-Gearboxes-980x1143.webp 980w, https:\/\/fmp-components.com\/wp-content\/uploads\/2024\/12\/Other-Agricultural-Gearboxes-480x560.webp 480w\" alt=\"Otros cambios agr\u00edcolas\" width=\"1200\" height=\"1400\" title=\"\"><\/p>\n<p>Autor: CX<\/p>\n<\/div>\n<\/div>\n<\/div>\n<\/div>\n<\/div>\n<\/div>\n<\/div>\n<\/div>\n<\/div>\n<\/article>\n<article class=\"w-full scroll-mb-[var(--thread-trailing-height,150px)] text-token-text-primary focus-visible:outline-2 focus-visible:outline-offset-[-4px]\" dir=\"auto\" data-testid=\"conversation-turn-13\" data-scroll-anchor=\"true\">\n<h6 class=\"sr-only\"><\/h6>\n<\/article>","protected":false},"excerpt":{"rendered":"<p>Square Baler Gearbox FMP-FK263 Dimensions Square Baler Gearbox FMP-FK263 Technical Data i Suitable Rpm input Rpm output KW(Nom) KW(Max) Toothing r\/min r\/min hp hp Speed increase 1:2.69 Square Baler, etc 760 2045 180 250 Gleason Straight Teeth Remark: If you have any special require feel free let me know, we also accept custom. How Does [&hellip;]<\/p>","protected":false},"featured_media":2595,"comment_status":"open","ping_status":"closed","template":"","meta":{"_et_pb_use_builder":"","_et_pb_old_content":"","_et_gb_content_width":""},"product_brand":[],"product_cat":[62],"product_tag":[],"class_list":{"0":"post-2590","1":"product","2":"type-product","3":"status-publish","4":"has-post-thumbnail","6":"product_cat-square-baler-gearbox","8":"first","9":"instock","10":"shipping-taxable","11":"product-type-simple"},"_links":{"self":[{"href":"https:\/\/fmp-components.com\/es\/wp-json\/wp\/v2\/product\/2590","targetHints":{"allow":["GET"]}}],"collection":[{"href":"https:\/\/fmp-components.com\/es\/wp-json\/wp\/v2\/product"}],"about":[{"href":"https:\/\/fmp-components.com\/es\/wp-json\/wp\/v2\/types\/product"}],"replies":[{"embeddable":true,"href":"https:\/\/fmp-components.com\/es\/wp-json\/wp\/v2\/comments?post=2590"}],"wp:featuredmedia":[{"embeddable":true,"href":"https:\/\/fmp-components.com\/es\/wp-json\/wp\/v2\/media\/2595"}],"wp:attachment":[{"href":"https:\/\/fmp-components.com\/es\/wp-json\/wp\/v2\/media?parent=2590"}],"wp:term":[{"taxonomy":"product_brand","embeddable":true,"href":"https:\/\/fmp-components.com\/es\/wp-json\/wp\/v2\/product_brand?post=2590"},{"taxonomy":"product_cat","embeddable":true,"href":"https:\/\/fmp-components.com\/es\/wp-json\/wp\/v2\/product_cat?post=2590"},{"taxonomy":"product_tag","embeddable":true,"href":"https:\/\/fmp-components.com\/es\/wp-json\/wp\/v2\/product_tag?post=2590"}],"curies":[{"name":"gracias","href":"https:\/\/api.w.org\/{rel}","templated":true}]}}