{"id":2573,"date":"2025-01-03T01:07:52","date_gmt":"2025-01-03T01:07:52","guid":{"rendered":"https:\/\/fmp-components.com\/?page_id=8"},"modified":"2025-01-03T01:14:05","modified_gmt":"2025-01-03T01:14:05","slug":"square-baler-gearbox-fmp-fk215","status":"publish","type":"product","link":"https:\/\/fmp-components.com\/es\/product\/square-baler-gearbox-fmp-fk215\/","title":{"rendered":"Caja de engranajes para empacadora cuadrada FMP-FK215"},"content":{"rendered":"<p><img loading=\"lazy\" decoding=\"async\" class=\"size-full wp-image-2587 aligncenter\" src=\"https:\/\/fmp-components.com\/wp-content\/uploads\/2025\/01\/FMP-FK215-Square-Baler-Gearbox-Components1.webp\" alt=\"Componentes de la caja de engranajes de la empacadora cuadrada FMP-FK215 (1)\" width=\"684\" height=\"425\" title=\"\" srcset=\"https:\/\/fmp-components.com\/wp-content\/uploads\/2025\/01\/FMP-FK215-Square-Baler-Gearbox-Components1.webp 684w, https:\/\/fmp-components.com\/wp-content\/uploads\/2025\/01\/FMP-FK215-Square-Baler-Gearbox-Components1-480x298.webp 480w\" sizes=\"(min-width: 0px) and (max-width: 480px) 480px, (min-width: 481px) 684px, 100vw\" \/><\/p>\n<h2>Dimensiones de la caja de engranajes de la empacadora cuadrada FMP-FK215<\/h2>\n<p><img loading=\"lazy\" decoding=\"async\" class=\"alignnone size-full wp-image-2583\" src=\"https:\/\/fmp-components.com\/wp-content\/uploads\/2025\/01\/FMP-FK215-Square-Baler-Gearbox-Dimensions.webp\" alt=\"Dimensiones de la caja de engranajes de la empacadora cuadrada FMP-FK215\" width=\"1207\" height=\"743\" title=\"\" srcset=\"https:\/\/fmp-components.com\/wp-content\/uploads\/2025\/01\/FMP-FK215-Square-Baler-Gearbox-Dimensions.webp 1207w, https:\/\/fmp-components.com\/wp-content\/uploads\/2025\/01\/FMP-FK215-Square-Baler-Gearbox-Dimensions-980x603.webp 980w, https:\/\/fmp-components.com\/wp-content\/uploads\/2025\/01\/FMP-FK215-Square-Baler-Gearbox-Dimensions-480x295.webp 480w\" sizes=\"(min-width: 0px) and (max-width: 480px) 480px, (min-width: 481px) and (max-width: 980px) 980px, (min-width: 981px) 1207px, 100vw\" \/><\/p>\n<h2>Dimensiones del eje de la caja de engranajes de la empacadora cuadrada FMP-FK215<\/h2>\n<p><img loading=\"lazy\" decoding=\"async\" class=\"alignnone size-full wp-image-2584\" src=\"https:\/\/fmp-components.com\/wp-content\/uploads\/2025\/01\/FMP-FK215-Square-Baler-Gearbox-Shaft-Dimensions.webp\" alt=\"Dimensiones del eje de la caja de cambios de la empacadora cuadrada FMP-FK215\" width=\"1537\" height=\"456\" title=\"\" srcset=\"https:\/\/fmp-components.com\/wp-content\/uploads\/2025\/01\/FMP-FK215-Square-Baler-Gearbox-Shaft-Dimensions.webp 1537w, https:\/\/fmp-components.com\/wp-content\/uploads\/2025\/01\/FMP-FK215-Square-Baler-Gearbox-Shaft-Dimensions-1280x380.webp 1280w, https:\/\/fmp-components.com\/wp-content\/uploads\/2025\/01\/FMP-FK215-Square-Baler-Gearbox-Shaft-Dimensions-980x291.webp 980w, https:\/\/fmp-components.com\/wp-content\/uploads\/2025\/01\/FMP-FK215-Square-Baler-Gearbox-Shaft-Dimensions-480x142.webp 480w\" sizes=\"(min-width: 0px) and (max-width: 480px) 480px, (min-width: 481px) and (max-width: 980px) 980px, (min-width: 981px) and (max-width: 1280px) 1280px, (min-width: 1281px) 1537px, 100vw\" \/><\/p>\n<h2>Datos t\u00e9cnicos de la caja de engranajes de la empacadora de pacas cuadradas FMP-FK215<\/h2>\n<table style=\"width: 99.5102%; height: 122px;\" border=\"1\" cellspacing=\"0\" cellpadding=\"0\">\n<tbody>\n<tr style=\"height: 23px;\">\n<td style=\"height: 46px;\" colspan=\"2\" rowspan=\"2\">i<\/td>\n<td style=\"height: 46px;\" rowspan=\"2\">Adecuado<\/td>\n<td style=\"height: 23px;\">Entrada de rpm<\/td>\n<td style=\"height: 23px;\">Salida de rpm<\/td>\n<td style=\"height: 23px;\">KW(Nom.)<\/td>\n<td style=\"height: 23px;\">KW(M\u00e1x.)<\/td>\n<td style=\"height: 46px;\" rowspan=\"2\">Dentado<\/td>\n<\/tr>\n<tr style=\"height: 23px;\">\n<td style=\"height: 23px;\">r\/min<\/td>\n<td style=\"height: 23px;\">r\/min<\/td>\n<td style=\"height: 23px;\">caballos de fuerza<\/td>\n<td style=\"height: 23px;\">caballos de fuerza<\/td>\n<\/tr>\n<tr style=\"height: 47px;\">\n<td style=\"height: 47px;\">Aumento de velocidad<\/td>\n<td style=\"height: 47px;\">1:1.33<\/td>\n<td style=\"height: 47px;\">Empacadora cuadrada, etc.<\/td>\n<td style=\"height: 47px;\">540<\/td>\n<td style=\"height: 47px;\">718.2<\/td>\n<td style=\"height: 47px;\">80<\/td>\n<td style=\"height: 47px;\">120<\/td>\n<td style=\"height: 47px;\">Gleason Straight<br \/>\nDientes<\/td>\n<\/tr>\n<tr style=\"height: 23px;\">\n<td style=\"height: 23px;\" colspan=\"8\">Observaci\u00f3n: si tiene alg\u00fan requisito especial, no dude en hac\u00e9rmelo saber, tambi\u00e9n aceptamos pedidos personalizados.<\/td>\n<\/tr>\n<\/tbody>\n<\/table>\n<h2>Componentes de la caja de engranajes de la empacadora cuadrada FMP-FK215<\/h2>\n<p>La caja de engranajes de la empacadora cuadrada FMP-FK215 est\u00e1 dise\u00f1ada para satisfacer las necesidades espec\u00edficas de la maquinaria de empacado cuadrado, garantizando una transmisi\u00f3n de potencia eficiente, un rendimiento fiable y una larga durabilidad. La caja de engranajes consta de varios componentes clave que trabajan en conjunto para optimizar la funcionalidad y la longevidad de la empacadora. Estos son los componentes principales de la caja de engranajes de la empacadora cuadrada FMP-FK215:<\/p>\n<p><strong>Alojamiento<\/strong><\/p>\n<ul>\n<li><strong>Material<\/strong>Generalmente fabricada en hierro fundido o acero de alta resistencia, la carcasa protege los componentes internos y proporciona integridad estructural.<\/li>\n<li><strong>Dise\u00f1o<\/strong>Dise\u00f1ado con precisi\u00f3n para soportar las tensiones de las operaciones de empacado y al mismo tiempo proporcionar una disipaci\u00f3n de calor eficiente.<\/li>\n<\/ul>\n<p><strong>Eje de entrada<\/strong><\/p>\n<ul>\n<li><strong>Funci\u00f3n<\/strong>:Se conecta a la fuente de energ\u00eda (generalmente el eje de la toma de fuerza del tractor) y transmite torsi\u00f3n a la caja de cambios.<\/li>\n<li><strong>Dise\u00f1o<\/strong>:Fabricado en acero duradero, dise\u00f1ado para soportar altas cargas de torsi\u00f3n.<\/li>\n<\/ul>\n<p><strong>Engranajes c\u00f3nicos<\/strong><\/p>\n<ul>\n<li><strong>Funci\u00f3n<\/strong>Los engranajes c\u00f3nicos del FMP-FK215, que a menudo se utilizan para transferir potencia en \u00e1ngulo recto, facilitan el cambio de direcci\u00f3n en la transmisi\u00f3n de potencia, lo que permite que la caja de cambios accione varias partes de la empacadora.<\/li>\n<li><strong>Material<\/strong>Acero tratado t\u00e9rmicamente de alta calidad para una mayor durabilidad.<\/li>\n<\/ul>\n<p><strong>Engranajes rectos<\/strong><\/p>\n<ul>\n<li><strong>Funci\u00f3n<\/strong>:Los engranajes rectos se utilizan dentro de la caja de cambios para transmitir potencia rotacional de un eje a otro, manteniendo el torque y la velocidad.<\/li>\n<li><strong>Dise\u00f1o<\/strong>:Corte de precisi\u00f3n para garantizar un funcionamiento suave y alta eficiencia.<\/li>\n<\/ul>\n<p><strong>Eje de salida<\/strong><\/p>\n<ul>\n<li><strong>Funci\u00f3n<\/strong>:Transfiere potencia desde la caja de cambios a los componentes operativos de la empacadora, como el mecanismo de recolecci\u00f3n o el sistema de anudadores.<\/li>\n<li><strong>Material<\/strong>:Aleaci\u00f3n de acero, endurecido para mayor resistencia y resistencia al desgaste.<\/li>\n<\/ul>\n<p>Estos componentes se integran a la perfecci\u00f3n para ofrecer un rendimiento eficiente y fiable, lo que convierte a la caja de engranajes de la empacadora de pacas cuadradas FMP-FK215 en un componente esencial del proceso de empacado. La caja de engranajes est\u00e1 dise\u00f1ada para ofrecer resistencia, precisi\u00f3n y durabilidad, lo que garantiza su capacidad para soportar las rigurosas exigencias de la maquinaria agr\u00edcola en diversas condiciones.<\/p>\n<p><img loading=\"lazy\" decoding=\"async\" class=\"alignnone size-full wp-image-2588\" src=\"https:\/\/fmp-components.com\/wp-content\/uploads\/2025\/01\/FMP-FK215-Square-Baler-Gearbox-Applications-980x4831-1.webp\" alt=\"FMP-FK215-Empacadora cuadrada-Caja de engranajes-Aplicaciones-980x483(1)\" width=\"980\" height=\"483\" title=\"\" srcset=\"https:\/\/fmp-components.com\/wp-content\/uploads\/2025\/01\/FMP-FK215-Square-Baler-Gearbox-Applications-980x4831-1.webp 980w, https:\/\/fmp-components.com\/wp-content\/uploads\/2025\/01\/FMP-FK215-Square-Baler-Gearbox-Applications-980x4831-1-480x237.webp 480w\" sizes=\"(min-width: 0px) and (max-width: 480px) 480px, (min-width: 481px) 980px, 100vw\" \/><\/p>\n<h2>Aplicaciones de la caja de engranajes para empacadora de pacas cuadradas FMP-FK215<\/h2>\n<div class=\"flex max-w-full flex-col flex-grow\">\n<div class=\"min-h-8 text-message flex w-full flex-col items-end gap-2 whitespace-normal break-words text-start [.text-message+&amp;]:mt-5\" dir=\"auto\" data-message-author-role=\"assistant\" data-message-id=\"3c7df252-c509-4480-9f6e-9203a002b444\" data-message-model-slug=\"gpt-4o\">\n<div class=\"flex w-full flex-col gap-1 empty:hidden first:pt-[3px]\">\n<div class=\"markdown prose w-full break-words dark:prose-invert light\">\n<p>La caja de engranajes para empacadoras cuadradas FMP-FK215 est\u00e1 dise\u00f1ada espec\u00edficamente para proporcionar una transmisi\u00f3n de potencia fiable y un funcionamiento eficiente en empacadoras cuadradas para aplicaciones agr\u00edcolas. Su robusta construcci\u00f3n e ingenier\u00eda de precisi\u00f3n la hacen id\u00f3nea para una amplia gama de tareas en el sector agr\u00edcola. Estas son las principales aplicaciones de la caja de engranajes para empacadoras cuadradas FMP-FK215:<\/p>\n<p><strong>Empacado de heno y paja<\/strong><\/p>\n<ul>\n<li><strong>Solicitud<\/strong>La caja de engranajes para empacadora cuadrada FMP-FK215 se utiliza com\u00fanmente en m\u00e1quinas empacadoras de heno y paja. Impulsa el mecanismo de empacado, garantizando la recolecci\u00f3n y compactaci\u00f3n eficientes de heno, paja u otros forrajes en pacas rectangulares compactas.<\/li>\n<li><strong>Beneficios<\/strong>:Garantiza un funcionamiento suave y constante, mejorando la productividad y reduciendo el tiempo de inactividad durante la cosecha de heno y paja.<\/li>\n<\/ul>\n<p><strong>Empacado de ensilaje<\/strong><\/p>\n<ul>\n<li><strong>Solicitud<\/strong>Esta caja de engranajes tambi\u00e9n se utiliza en empacadoras de ensilado para la recolecci\u00f3n y compactaci\u00f3n de ensilado, que se utiliza como alimento para animales. La FMP-FK215 facilita el procesamiento de material h\u00famedo y denso, garantizando un funcionamiento eficiente de la empacadora incluso con materiales m\u00e1s pesados \u200b\u200by h\u00famedos.<\/li>\n<li><strong>Beneficios<\/strong>:Proporciona un torque constante, incluso en condiciones de carga pesada, lo que garantiza tama\u00f1os de pacas uniformes y reduce la tensi\u00f3n en otros componentes de la empacadora.<\/li>\n<\/ul>\n<p><strong>Empacado de alfalfa<\/strong><\/p>\n<ul>\n<li><strong>Solicitud<\/strong>La alfalfa, un forraje rico en prote\u00ednas, se cosecha y empaca frecuentemente para su uso como alimento para animales. La caja de engranajes FMP-FK215 desempe\u00f1a un papel clave en el proceso de empacado, garantizando que la maquinaria pueda manejar el gran volumen y la densidad de la alfalfa.<\/li>\n<li><strong>Beneficios<\/strong>:La caja de cambios garantiza una transferencia de potencia suave y un funcionamiento eficiente, incluso con la naturaleza de movimiento r\u00e1pido y alta densidad de los cultivos de alfalfa.<\/li>\n<\/ul>\n<p><strong>Empacado de residuos de cultivos<\/strong><\/p>\n<ul>\n<li><strong>Solicitud<\/strong>Tras la cosecha del cultivo principal, los residuos (como trigo, cebada o tallos de ma\u00edz) se recogen y empaca para su uso como lecho para el ganado, mantillo o bioenerg\u00eda. La caja de engranajes FMP-FK215 es ideal para estas aplicaciones, ya que soporta las exigentes exigencias del empacado de estos materiales.<\/li>\n<li><strong>Beneficios<\/strong>:Garantiza que la empacadora pueda manejar la naturaleza a veces dura y fibrosa de los residuos de cultivos, aumentando la eficiencia de la gesti\u00f3n de residuos en las operaciones agr\u00edcolas.<\/li>\n<\/ul>\n<h3>Principales beneficios de utilizar la caja de engranajes de la empacadora cuadrada FMP-FK215 en estas aplicaciones:<\/h3>\n<ul>\n<li><strong>Fiabilidad<\/strong>:Dise\u00f1ado para soportar aplicaciones pesadas con un mantenimiento m\u00ednimo.<\/li>\n<li><strong>Eficiencia<\/strong>:Garantiza un rendimiento constante, optimizando la velocidad y precisi\u00f3n del proceso de empacado.<\/li>\n<li><strong>Durabilidad<\/strong>:Construido con materiales de alta calidad y componentes dise\u00f1ados con precisi\u00f3n para manejar tareas agr\u00edcolas exigentes.<\/li>\n<li><strong>Personalizaci\u00f3n<\/strong>:Adecuado para una amplia gama de tipos de cultivos y condiciones de empacado, ofreciendo flexibilidad para diferentes operaciones agr\u00edcolas.<\/li>\n<\/ul>\n<p>La caja de engranajes para empacadoras cuadradas FMP-FK215 es un componente vers\u00e1til y confiable que desempe\u00f1a un papel fundamental en el funcionamiento eficaz de las empacadoras cuadradas en diversas aplicaciones agr\u00edcolas. Su robusto rendimiento garantiza que los agricultores y las explotaciones agr\u00edcolas mantengan una alta productividad y eficiencia operativa en diversas tareas de empacado.<\/p>\n<p><img loading=\"lazy\" decoding=\"async\" class=\"alignnone size-full wp-image-2585\" src=\"https:\/\/fmp-components.com\/wp-content\/uploads\/2025\/01\/Square-Baler-Gearbox-FMP-FK215-Maintenance1.webp\" alt=\"Caja de engranajes de la empacadora de pacas cuadradas FMP-FK215 - Mantenimiento (1)\" width=\"1090\" height=\"864\" title=\"\" srcset=\"https:\/\/fmp-components.com\/wp-content\/uploads\/2025\/01\/Square-Baler-Gearbox-FMP-FK215-Maintenance1.webp 1090w, https:\/\/fmp-components.com\/wp-content\/uploads\/2025\/01\/Square-Baler-Gearbox-FMP-FK215-Maintenance1-980x777.webp 980w, https:\/\/fmp-components.com\/wp-content\/uploads\/2025\/01\/Square-Baler-Gearbox-FMP-FK215-Maintenance1-480x380.webp 480w\" sizes=\"(min-width: 0px) and (max-width: 480px) 480px, (min-width: 481px) and (max-width: 980px) 980px, (min-width: 981px) 1090px, 100vw\" \/><\/p>\n<h2>Acerca de FMP<\/h2>\n<p>Con sede en Italia, FMP es un fabricante l\u00edder especializado en el dise\u00f1o, desarrollo y producci\u00f3n de cajas de engranajes de alto rendimiento, con un fuerte enfoque en el sector de la maquinaria agr\u00edcola. Reconocidos por nuestra ingenier\u00eda de precisi\u00f3n, soluciones innovadoras y fiabilidad inquebrantable, FMP se ha ganado la confianza de clientes tanto del mercado agr\u00edcola como del industrial. Nuestra amplia cartera de productos incluye cajas de engranajes especializadas para cortac\u00e9spedes, ejes de toma de fuerza y \u200b\u200botros componentes cr\u00edticos, todos meticulosamente dise\u00f1ados para ofrecer soluciones a medida para una amplia gama de aplicaciones.<\/p>\n<p>En FMP, reconocemos que las necesidades y los desaf\u00edos de cada cliente son \u00fanicos. Por eso nos especializamos en brindar soluciones personalizadas, ya sea para componentes individuales o para sistemas totalmente integrados. Trabajamos en estrecha colaboraci\u00f3n con nuestros clientes para garantizar que cada soluci\u00f3n no solo satisfaga sus necesidades, sino que tambi\u00e9n optimice el rendimiento y el valor. Nuestro compromiso con respuestas r\u00e1pidas y profesionales, junto con la orientaci\u00f3n experta, garantiza que cada consulta se gestione con el m\u00e1ximo cuidado, lo que se traduce en resultados \u00f3ptimos.<\/p>\n<p>Damos gran importancia a la comunicaci\u00f3n abierta y continua durante todo el ciclo de desarrollo del producto. Nuestro equipo especializado interact\u00faa directamente con los clientes para comprender plenamente sus necesidades espec\u00edficas, aportando informaci\u00f3n valiosa y recomendaciones para garantizar las soluciones m\u00e1s eficaces. Ya sea dise\u00f1ando productos innovadores o atendiendo pedidos en curso, FMP se compromete a entregar soluciones de alta calidad y precisi\u00f3n, siempre a tiempo. Nuestro objetivo es superar las expectativas del cliente y garantizar un servicio y resultados excepcionales en cada proyecto.<\/p>\n<p>La calidad es la base de las operaciones de FMP. Nos adherimos a los m\u00e1s altos est\u00e1ndares de fabricaci\u00f3n e implementamos rigurosos procesos de control de calidad para garantizar que cada producto no solo cumpla, sino que supere los est\u00e1ndares de la industria. Este firme compromiso con la excelencia, sumado a nuestros valores fundamentales de integridad, trabajo en equipo y perseverancia, nos ha permitido cultivar relaciones duraderas y de confianza con clientes en casi 30 pa\u00edses de todo el mundo.<\/p>\n<p>FMP siempre est\u00e1 abierta a establecer alianzas globales y se compromete a ofrecer asesoramiento experto y soluciones a medida que satisfagan las diversas necesidades de nuestros clientes. No solo proporcionamos productos; forjamos relaciones duraderas que contribuyen al \u00e9xito de cada proyecto. Ya sea que busque soluciones innovadoras para una nueva empresa o soporte continuo para un sistema existente, FMP se dedica a superar sus desaf\u00edos t\u00e9cnicos y garantizar su \u00e9xito continuo.<\/p>\n<p><img loading=\"lazy\" decoding=\"async\" class=\"alignnone size-full wp-image-1861\" src=\"https:\/\/fmp-components.com\/wp-content\/uploads\/2024\/12\/Other-Agricultural-Gearboxes.webp\" sizes=\"(min-width: 0px) and (max-width: 480px) 480px, (min-width: 481px) and (max-width: 980px) 980px, (min-width: 981px) 1200px, 100vw\" srcset=\"https:\/\/fmp-components.com\/wp-content\/uploads\/2024\/12\/Other-Agricultural-Gearboxes.webp 1200w, https:\/\/fmp-components.com\/wp-content\/uploads\/2024\/12\/Other-Agricultural-Gearboxes-980x1143.webp 980w, https:\/\/fmp-components.com\/wp-content\/uploads\/2024\/12\/Other-Agricultural-Gearboxes-480x560.webp 480w\" alt=\"Otros cambios agr\u00edcolas\" width=\"1200\" height=\"1400\" title=\"\"><\/p>\n<p>Autor: CX<\/p>\n<\/div>\n<\/div>\n<\/div>\n<\/div>","protected":false},"excerpt":{"rendered":"<p>Dimensions of Square Baler Gearbox FMP-FK215 FMP-FK215 Square Baler Gearbox Shaft\u00a0Dimensions FMP-FK215 Square Baler Gearbox Technical Data i Suitable Rpm input Rpm output KW(Nom) KW(Max) Toothing r\/min r\/min hp hp Speed increase 1:1.33 Square Baler, etc 540 718.2 80 120 Gleason Straight Teeth Remark: If you have any special require feel free let me know, [&hellip;]<\/p>","protected":false},"featured_media":2586,"comment_status":"open","ping_status":"closed","template":"","meta":{"_et_pb_use_builder":"","_et_pb_old_content":"","_et_gb_content_width":""},"product_brand":[],"product_cat":[62],"product_tag":[],"class_list":{"0":"post-2573","1":"product","2":"type-product","3":"status-publish","4":"has-post-thumbnail","6":"product_cat-square-baler-gearbox","8":"first","9":"instock","10":"shipping-taxable","11":"product-type-simple"},"_links":{"self":[{"href":"https:\/\/fmp-components.com\/es\/wp-json\/wp\/v2\/product\/2573","targetHints":{"allow":["GET"]}}],"collection":[{"href":"https:\/\/fmp-components.com\/es\/wp-json\/wp\/v2\/product"}],"about":[{"href":"https:\/\/fmp-components.com\/es\/wp-json\/wp\/v2\/types\/product"}],"replies":[{"embeddable":true,"href":"https:\/\/fmp-components.com\/es\/wp-json\/wp\/v2\/comments?post=2573"}],"wp:featuredmedia":[{"embeddable":true,"href":"https:\/\/fmp-components.com\/es\/wp-json\/wp\/v2\/media\/2586"}],"wp:attachment":[{"href":"https:\/\/fmp-components.com\/es\/wp-json\/wp\/v2\/media?parent=2573"}],"wp:term":[{"taxonomy":"product_brand","embeddable":true,"href":"https:\/\/fmp-components.com\/es\/wp-json\/wp\/v2\/product_brand?post=2573"},{"taxonomy":"product_cat","embeddable":true,"href":"https:\/\/fmp-components.com\/es\/wp-json\/wp\/v2\/product_cat?post=2573"},{"taxonomy":"product_tag","embeddable":true,"href":"https:\/\/fmp-components.com\/es\/wp-json\/wp\/v2\/product_tag?post=2573"}],"curies":[{"name":"gracias","href":"https:\/\/api.w.org\/{rel}","templated":true}]}}