{"id":2559,"date":"2025-01-03T00:49:42","date_gmt":"2025-01-03T00:49:42","guid":{"rendered":"https:\/\/fmp-components.com\/?page_id=8"},"modified":"2025-01-03T00:49:42","modified_gmt":"2025-01-03T00:49:42","slug":"fertilizer-mixer-gearboxes-replacement-of-comer-code-mr-90-11","status":"publish","type":"product","link":"https:\/\/fmp-components.com\/es\/product\/fertilizer-mixer-gearboxes-replacement-of-comer-code-mr-90-11\/","title":{"rendered":"Cajas de engranajes para mezcladoras de fertilizantes: reemplazo del c\u00f3digo Comer MR-90 1:1"},"content":{"rendered":"<table style=\"border-collapse: collapse; width: 100.381%; height: 37px;\" border=\"0\" width=\"128\" cellspacing=\"0\" cellpadding=\"0\">\n<tbody>\n<tr style=\"height: 13.8pt;\">\n<td style=\"height: 37px; width: 49.6183%;\" align=\"right\" width=\"64\" height=\"18\"><img loading=\"lazy\" decoding=\"async\" class=\"alignnone size-full wp-image-2577\" src=\"https:\/\/fmp-components.com\/wp-content\/uploads\/2025\/01\/Fertilizer-Mixer-Gearboxes-Replacement-of-Comer-Code-MR-90.webp\" alt=\"Reemplazo de cajas de engranajes para mezcladoras de fertilizantes (c\u00f3digo Comer MR-90)\" width=\"600\" height=\"600\" title=\"\" srcset=\"https:\/\/fmp-components.com\/wp-content\/uploads\/2025\/01\/Fertilizer-Mixer-Gearboxes-Replacement-of-Comer-Code-MR-90.webp 600w, https:\/\/fmp-components.com\/wp-content\/uploads\/2025\/01\/Fertilizer-Mixer-Gearboxes-Replacement-of-Comer-Code-MR-90-480x480.webp 480w\" sizes=\"(min-width: 0px) and (max-width: 480px) 480px, (min-width: 481px) 600px, 100vw\" \/><\/td>\n<td style=\"width: 571.348%; height: 37px;\" align=\"right\" width=\"64\"><img loading=\"lazy\" decoding=\"async\" class=\"alignnone size-full wp-image-2578\" src=\"https:\/\/fmp-components.com\/wp-content\/uploads\/2025\/01\/Fertilizer-Mixer-Gearboxes-Replacement-of-Comer-Gearbox-MR-90.webp\" alt=\"Reemplazo de la caja de engranajes de la mezcladora de fertilizantes Comer MR-90\" width=\"600\" height=\"600\" title=\"\" srcset=\"https:\/\/fmp-components.com\/wp-content\/uploads\/2025\/01\/Fertilizer-Mixer-Gearboxes-Replacement-of-Comer-Gearbox-MR-90.webp 600w, https:\/\/fmp-components.com\/wp-content\/uploads\/2025\/01\/Fertilizer-Mixer-Gearboxes-Replacement-of-Comer-Gearbox-MR-90-480x480.webp 480w\" sizes=\"(min-width: 0px) and (max-width: 480px) 480px, (min-width: 481px) 600px, 100vw\" \/><\/td>\n<\/tr>\n<\/tbody>\n<\/table>\n<h2>Especificaciones de la caja de engranajes del mezclador de fertilizantes MR-90 (1:1)<\/h2>\n<p><img loading=\"lazy\" decoding=\"async\" class=\"alignnone size-full wp-image-2579\" src=\"https:\/\/fmp-components.com\/wp-content\/uploads\/2025\/01\/Fertilizer-Mixer-Gearbox-MR-90-Specifications.webp\" alt=\"Especificaciones del mezclador de fertilizantes MR-90\" width=\"1901\" height=\"1075\" title=\"\" srcset=\"https:\/\/fmp-components.com\/wp-content\/uploads\/2025\/01\/Fertilizer-Mixer-Gearbox-MR-90-Specifications.webp 1901w, https:\/\/fmp-components.com\/wp-content\/uploads\/2025\/01\/Fertilizer-Mixer-Gearbox-MR-90-Specifications-1280x724.webp 1280w, https:\/\/fmp-components.com\/wp-content\/uploads\/2025\/01\/Fertilizer-Mixer-Gearbox-MR-90-Specifications-980x554.webp 980w, https:\/\/fmp-components.com\/wp-content\/uploads\/2025\/01\/Fertilizer-Mixer-Gearbox-MR-90-Specifications-480x271.webp 480w\" sizes=\"(min-width: 0px) and (max-width: 480px) 480px, (min-width: 481px) and (max-width: 980px) 980px, (min-width: 981px) and (max-width: 1280px) 1280px, (min-width: 1281px) 1901px, 100vw\" \/><\/p>\n<table class=\"kh-1xzm1su\" border=\"1\" cellspacing=\"0\" cellpadding=\"0\" data-intent=\"lists-product-attributes\" data-test-id=\"attributes-list\">\n<tbody class=\"kh-1ago99h\">\n<tr id=\"alexis#custom#item-id\" class=\"kh-bwvum6\" data-test-id=\"attribute-row\">\n<th class=\"kh-10oizfy\"><strong>Descripci\u00f3n del Producto<\/strong><\/th>\n<td class=\"kh-1f5nhat\">\n<div class=\"kh-pkx4zo\">Cajas de engranajes para mezcladoras de fertilizantes: reemplazo de la caja de engranajes Comer MR-90 1:1<\/div>\n<\/td>\n<\/tr>\n<tr id=\"attProductDetails\" class=\"kh-bwvum6\" data-test-id=\"attribute-row\">\n<th class=\"kh-10oizfy\">Detalles del producto<\/th>\n<td class=\"kh-1f5nhat\">\n<ul>\n<li class=\"kh-16zd49f\">Cont\u00e1ctanos para potencia a diferentes RPM<\/li>\n<li class=\"kh-16zd49f\">La caja de cambios se entrega sin aceite y debe llenarse antes del primer uso.<\/li>\n<li class=\"kh-16zd49f\">En primer lugar, el cambio de aceite despu\u00e9s de 50-70 horas de funcionamiento, luego despu\u00e9s de 500-700 horas de funcionamiento o al menos una vez al a\u00f1o.<\/li>\n<\/ul>\n<\/td>\n<\/tr>\n<tr id=\"attApplicationRange\" class=\"kh-bwvum6\" data-test-id=\"attribute-row\">\n<th class=\"kh-10oizfy\">Rango de aplicaci\u00f3n<\/th>\n<td class=\"kh-1f5nhat\">\n<ul>\n<li class=\"kh-16zd49f\">Varias aplicaciones (agr\u00edcolas)<\/li>\n<li class=\"kh-16zd49f\">Mezclador de fertilizantes<\/li>\n<\/ul>\n<\/td>\n<\/tr>\n<tr id=\"attConsistsOf\" class=\"kh-bwvum6\" data-test-id=\"attribute-row\">\n<th class=\"kh-10oizfy\">Consiste en<\/th>\n<td class=\"kh-1f5nhat\">\n<ul>\n<li class=\"kh-16zd49f\">Caja de cambios<\/li>\n<li class=\"kh-16zd49f\">Sin aceite<\/li>\n<\/ul>\n<\/td>\n<\/tr>\n<tr id=\"taMaxInputPowerKw\" class=\"kh-bwvum6\" data-test-id=\"attribute-row\">\n<th class=\"kh-10oizfy\">Potencia m\u00e1xima de entrada<\/th>\n<td class=\"kh-1f5nhat\">\n<div class=\"kh-pkx4zo\">62,6 kW<\/div>\n<\/td>\n<\/tr>\n<tr id=\"taMaxOutputTorqueNm_\" class=\"kh-bwvum6\" data-test-id=\"attribute-row\">\n<th class=\"kh-10oizfy\">Par de salida m\u00e1ximo<\/th>\n<td class=\"kh-1f5nhat\">\n<div class=\"kh-pkx4zo\">1071 nm<\/div>\n<\/td>\n<\/tr>\n<tr id=\"taMaxOutputTorqueDaNm\" class=\"kh-bwvum6\" data-test-id=\"attribute-row\">\n<th class=\"kh-10oizfy\">Par de salida m\u00e1ximo<\/th>\n<td class=\"kh-1f5nhat\">\n<div class=\"kh-pkx4zo\">107,1 daNm<\/div>\n<\/td>\n<\/tr>\n<tr id=\"taContainsOil\" class=\"kh-bwvum6\" data-test-id=\"attribute-row\">\n<th class=\"kh-10oizfy\">Contiene aceite<\/th>\n<td class=\"kh-1f5nhat\">\n<div class=\"kh-pkx4zo\">No<\/div>\n<\/td>\n<\/tr>\n<tr id=\"taMaxOilCapacityL\" class=\"kh-bwvum6\" data-test-id=\"attribute-row\">\n<th class=\"kh-10oizfy\">Capacidad m\u00e1xima de aceite<\/th>\n<td class=\"kh-1f5nhat\">\n<div class=\"kh-pkx4zo\">0,8 litros<\/div>\n<\/td>\n<\/tr>\n<tr id=\"taMaxOilChangeIntervalH\" class=\"kh-bwvum6\" data-test-id=\"attribute-row\">\n<th class=\"kh-10oizfy\">Intervalo m\u00e1ximo de cambio de aceite<\/th>\n<td class=\"kh-1f5nhat\">\n<div class=\"kh-pkx4zo\">500 horas<\/div>\n<\/td>\n<\/tr>\n<tr id=\"taOilSAEViscosityGrade\" class=\"kh-bwvum6\" data-test-id=\"attribute-row\">\n<th class=\"kh-10oizfy\">Grado de viscosidad SAE del aceite<\/th>\n<td class=\"kh-1f5nhat\">\n<div class=\"kh-pkx4zo\">80W-90<\/div>\n<\/td>\n<\/tr>\n<tr id=\"taHousingMaterial_16\" class=\"kh-bwvum6\" data-test-id=\"attribute-row\">\n<th class=\"kh-10oizfy\">Material de la carcasa<\/th>\n<td class=\"kh-1f5nhat\">\n<div class=\"kh-pkx4zo\">Hierro fundido GG25<\/div>\n<\/td>\n<\/tr>\n<tr id=\"taWeightKg_75\" class=\"kh-bwvum6\" data-test-id=\"attribute-row\">\n<th class=\"kh-10oizfy\">Peso<\/th>\n<td class=\"kh-1f5nhat\">\n<div class=\"kh-pkx4zo\">27,5 kilogramos<\/div>\n<\/td>\n<\/tr>\n<tr id=\"taGearArrangement\" class=\"kh-bwvum6\" data-test-id=\"attribute-row\">\n<th class=\"kh-10oizfy\">Disposici\u00f3n de engranajes<\/th>\n<td class=\"kh-1f5nhat\">\n<div class=\"kh-pkx4zo\">43 &#8211; 44<\/div>\n<\/td>\n<\/tr>\n<tr id=\"taRatio\" class=\"kh-bwvum6\" data-test-id=\"attribute-row\">\n<th class=\"kh-10oizfy\">Relaci\u00f3n<\/th>\n<td class=\"kh-1f5nhat\">\n<div class=\"kh-pkx4zo\">1:1<\/div>\n<\/td>\n<\/tr>\n<tr id=\"taSPLITInputSection\" class=\"kh-bwvum6\" data-test-id=\"attribute-row\">\n<th class=\"kh-10oizfy\">Secci\u00f3n de entrada<\/th>\n<td class=\"kh-1f5nhat\">\n<div class=\"kh-pkx4zo\">Y<\/div>\n<\/td>\n<\/tr>\n<tr id=\"taSPLITInputShaft\" class=\"kh-bwvum6\" data-test-id=\"attribute-row\">\n<th class=\"kh-10oizfy\">Eje de entrada<\/th>\n<td class=\"kh-1f5nhat\">\n<div class=\"kh-pkx4zo\">Y<\/div>\n<\/td>\n<\/tr>\n<tr id=\"taShaftX\" class=\"kh-bwvum6\" data-test-id=\"attribute-row\">\n<th class=\"kh-10oizfy\">Eje X<\/th>\n<td class=\"kh-1f5nhat\">\n<div class=\"kh-pkx4zo\">1 3\/8\u2033 (6) (C)<\/div>\n<\/td>\n<\/tr>\n<tr id=\"taShaftY\" class=\"kh-bwvum6\" data-test-id=\"attribute-row\">\n<th class=\"kh-10oizfy\">Eje Y<\/th>\n<td class=\"kh-1f5nhat\">\n<div class=\"kh-pkx4zo\">1 3\/8\u2033 (6) (A)<\/div>\n<\/td>\n<\/tr>\n<tr id=\"taShaftZ\" class=\"kh-bwvum6\" data-test-id=\"attribute-row\">\n<th class=\"kh-10oizfy\">Eje Z<\/th>\n<td class=\"kh-1f5nhat\">\n<div class=\"kh-pkx4zo\">1 3\/8\u2033 (6) (A)<\/div>\n<\/td>\n<\/tr>\n<\/tbody>\n<\/table>\n<h2>Beneficios de la caja de engranajes del mezclador de fertilizantes MR-90 (1:1)<\/h2>\n<p>La caja de engranajes para mezcladora de fertilizantes MR-90 est\u00e1 dise\u00f1ada para un rendimiento \u00f3ptimo en aplicaciones agr\u00edcolas, especialmente para la mezcla de fertilizantes. A continuaci\u00f3n, se presentan las principales ventajas de usar la caja de engranajes MR-90:<\/p>\n<p><strong>Transmisi\u00f3n de potencia eficiente<\/strong><\/p>\n<ul>\n<li>La caja de engranajes MR-90 transmite eficazmente la potencia desde el eje de entrada (TDF o motor) al mecanismo de mezcla con m\u00ednima p\u00e9rdida de energ\u00eda. Esta eficiencia garantiza el \u00f3ptimo funcionamiento del motor o del tractor al accionar la mezcladora de fertilizantes.<\/li>\n<li>La relaci\u00f3n de engranaje 1:1 proporciona velocidad y torque equilibrados, lo que permite un funcionamiento suave y controlado, lo cual es crucial al mezclar materiales sensibles como fertilizantes.<\/li>\n<\/ul>\n<p><strong>Rendimiento duradero y confiable<\/strong><\/p>\n<ul>\n<li>Construida con materiales de alta calidad e ingenier\u00eda de precisi\u00f3n, la caja de cambios MR-90 est\u00e1 dise\u00f1ada para soportar los rigores de las operaciones agr\u00edcolas pesadas.<\/li>\n<li>La caja de engranajes ofrece una excelente durabilidad bajo uso continuo, lo que garantiza un rendimiento confiable durante per\u00edodos prolongados sin aver\u00edas frecuentes, lo que es esencial en la mezcla de fertilizantes a gran escala.<\/li>\n<\/ul>\n<h4>Funcionamiento suave con m\u00ednima vibraci\u00f3n<\/h4>\n<ul>\n<li>Los engranajes de precisi\u00f3n de la caja de cambios MR-90 garantizan un funcionamiento suave y silencioso, minimizando la vibraci\u00f3n y el ruido. Esto reduce el desgaste de la maquinaria y proporciona un entorno de trabajo m\u00e1s c\u00f3modo.<\/li>\n<li>La reducci\u00f3n de la vibraci\u00f3n tambi\u00e9n contribuye a la longevidad general de la caja de cambios y otros componentes conectados.<\/li>\n<\/ul>\n<p><strong>Dise\u00f1o compacto con f\u00e1cil integraci\u00f3n<\/strong><\/p>\n<ul>\n<li>La caja de engranajes MR-90 tiene un dise\u00f1o compacto que facilita su integraci\u00f3n en diversas mezcladoras de fertilizantes. Su dise\u00f1o compacto la hace ideal para maquinaria agr\u00edcola con espacio limitado.<\/li>\n<li>Esta compacidad tambi\u00e9n simplifica la instalaci\u00f3n, reduciendo el tiempo de inactividad durante la configuraci\u00f3n o el mantenimiento de la m\u00e1quina.<\/li>\n<\/ul>\n<p><strong>Consistencia de mezcla mejorada<\/strong><\/p>\n<ul>\n<li>Al proporcionar una velocidad de rotaci\u00f3n y un torque constantes, la caja de engranajes MR-90 garantiza que los materiales fertilizantes se mezclen completamente, lo que da como resultado una distribuci\u00f3n uniforme.<\/li>\n<li>Una mezcla uniforme produce una mejor calidad de la mezcla de fertilizantes, lo cual es fundamental para el rendimiento \u00f3ptimo del cultivo y el suministro eficaz de nutrientes.<\/li>\n<\/ul>\n<p>En conclusi\u00f3n, la caja de engranajes para mezcladora de fertilizantes MR-90 (1:1) destaca por su eficiente transmisi\u00f3n de potencia, durabilidad, suavidad de funcionamiento y versatilidad. Ayuda a mejorar la consistencia de la mezcla, reducir la vibraci\u00f3n y las necesidades de mantenimiento, lo que la convierte en una opci\u00f3n rentable y confiable para aplicaciones agr\u00edcolas.<\/p>\n<table style=\"border-collapse: collapse; width: 101.281%; height: 5px;\" border=\"0\" width=\"128\" cellspacing=\"0\" cellpadding=\"0\">\n<tbody>\n<tr style=\"height: 13.8pt;\">\n<td style=\"height: 13.8pt; width: 48pt;\" align=\"right\" width=\"64\" height=\"18\"><img loading=\"lazy\" decoding=\"async\" class=\"alignnone size-full wp-image-2580\" src=\"https:\/\/fmp-components.com\/wp-content\/uploads\/2025\/01\/Fertilizer-Mixer-Gearbox-MR-90-Applications-21.webp\" alt=\"Mezclador de fertilizantes con caja de cambios MR-90, aplicaciones 2(1)\" width=\"964\" height=\"667\" title=\"\" srcset=\"https:\/\/fmp-components.com\/wp-content\/uploads\/2025\/01\/Fertilizer-Mixer-Gearbox-MR-90-Applications-21.webp 964w, https:\/\/fmp-components.com\/wp-content\/uploads\/2025\/01\/Fertilizer-Mixer-Gearbox-MR-90-Applications-21-480x332.webp 480w\" sizes=\"(min-width: 0px) and (max-width: 480px) 480px, (min-width: 481px) 964px, 100vw\" \/><\/td>\n<td style=\"width: 48pt;\" align=\"right\" width=\"64\"><img loading=\"lazy\" decoding=\"async\" class=\"alignnone size-full wp-image-2581\" src=\"https:\/\/fmp-components.com\/wp-content\/uploads\/2025\/01\/Fertilizer-Mixer-Gearbox-MR-90-Applications-11.webp\" alt=\"Mezclador de fertilizantes con caja de cambios MR-90 - Aplicaciones\" width=\"964\" height=\"667\" title=\"\" srcset=\"https:\/\/fmp-components.com\/wp-content\/uploads\/2025\/01\/Fertilizer-Mixer-Gearbox-MR-90-Applications-11.webp 964w, https:\/\/fmp-components.com\/wp-content\/uploads\/2025\/01\/Fertilizer-Mixer-Gearbox-MR-90-Applications-11-480x332.webp 480w\" sizes=\"(min-width: 0px) and (max-width: 480px) 480px, (min-width: 481px) 964px, 100vw\" \/><\/td>\n<\/tr>\n<\/tbody>\n<\/table>\n<h2>Eje de toma de fuerza agr\u00edcola para caja de engranajes de mezcladora de fertilizantes<\/h2>\n<p>El eje de la toma de fuerza (TDF) agr\u00edcola desempe\u00f1a un papel crucial en la transmisi\u00f3n de potencia mec\u00e1nica desde un tractor o motor a la caja de engranajes de la mezcladora de fertilizantes. A continuaci\u00f3n, se presenta un resumen de las caracter\u00edsticas y ventajas de los ejes de la TDF utilizados con las cajas de engranajes de las mezcladoras de fertilizantes:<\/p>\n<p><strong>Transmisi\u00f3n de potencia eficiente<\/strong><\/p>\n<ul>\n<li>El eje de la toma de fuerza transmite eficazmente la potencia del motor del tractor a la caja de engranajes de la mezcladora de fertilizantes. Esto permite que la mezcladora funcione a la velocidad y el par deseados.<\/li>\n<li>Un eje de toma de fuerza bien dise\u00f1ado garantiza que la potencia se transfiera de manera eficiente, minimizando la p\u00e9rdida de energ\u00eda y optimizando el rendimiento del equipo de mezcla.<\/li>\n<\/ul>\n<p><strong>Construcci\u00f3n duradera<\/strong><\/p>\n<ul>\n<li>Los ejes de toma de fuerza generalmente est\u00e1n hechos de acero de alta resistencia u otros materiales duraderos para soportar el estr\u00e9s y la tensi\u00f3n del uso agr\u00edcola continuo.<\/li>\n<li>Dise\u00f1ado para operaciones de servicio pesado, el eje es capaz de soportar cargas variables y mantener su integridad incluso en condiciones de campo dif\u00edciles.<\/li>\n<\/ul>\n<p><strong>Adaptable a diferentes m\u00e1quinas<\/strong><\/p>\n<ul>\n<li>Los ejes de toma de fuerza agr\u00edcolas son vers\u00e1tiles y se pueden utilizar con una amplia variedad de maquinaria agr\u00edcola, incluidos mezcladores de fertilizantes, mezcladores de alimentos y otros implementos.<\/li>\n<li>El eje de la toma de fuerza est\u00e1 dise\u00f1ado para conectarse perfectamente con la caja de engranajes del mezclador de fertilizantes, lo que garantiza un funcionamiento suave y un rendimiento confiable en una variedad de aplicaciones.<\/li>\n<\/ul>\n<p><strong>Longitud flexible y ajustable<\/strong><\/p>\n<ul>\n<li>Los ejes de toma de fuerza est\u00e1n disponibles en longitudes ajustables, lo que permite personalizarlos para adaptarse a diferentes m\u00e1quinas, incluidos mezcladores de fertilizantes con diferentes tama\u00f1os y configuraciones.<\/li>\n<li>La capacidad de ajuste garantiza que el eje de la toma de fuerza se pueda alinear correctamente para garantizar una transmisi\u00f3n de potencia segura y eficiente.<\/li>\n<\/ul>\n<p><strong>Facilidad de conexi\u00f3n y desconexi\u00f3n<\/strong><\/p>\n<ul>\n<li>El eje de la toma de fuerza est\u00e1 dise\u00f1ado para acoplarse y desacoplarse r\u00e1pidamente tanto del tractor como de la caja de cambios. Esto facilita su montaje y desmontaje, ahorrando tiempo durante la configuraci\u00f3n y el mantenimiento de la m\u00e1quina.<\/li>\n<li>Algunos ejes TDF vienen con protectores o caracter\u00edsticas de seguridad para evitar desconexiones accidentales y garantizar la seguridad del operador.<\/li>\n<\/ul>\n<p><strong>Funcionamiento suave<\/strong><\/p>\n<ul>\n<li>Un eje de toma de fuerza de alta calidad proporciona un flujo de potencia suave e ininterrumpido a la caja de engranajes del mezclador de fertilizantes. Esto garantiza un funcionamiento eficiente de la caja de engranajes, proporcionando el par necesario para girar las palas mezcladoras a la velocidad correcta.<\/li>\n<li>El funcionamiento suave tambi\u00e9n reduce el desgaste de la caja de engranajes, minimizando las necesidades de mantenimiento y prolongando la vida \u00fatil del equipo.<\/li>\n<\/ul>\n<p>Un eje de toma de fuerza agr\u00edcola para la caja de engranajes de una mezcladora de fertilizantes es un componente esencial para transferir la potencia del tractor o motor al equipo de mezcla. El eje garantiza un funcionamiento suave, eficiente y fiable de la mezcladora de fertilizantes, a la vez que mantiene la flexibilidad, la seguridad y la durabilidad. Tanto si utiliza el eje de toma de fuerza para operaciones agr\u00edcolas a gran escala como para tareas m\u00e1s peque\u00f1as y especializadas, est\u00e1 dise\u00f1ado para mejorar el rendimiento de la caja de engranajes de la mezcladora de fertilizantes, contribuyendo as\u00ed a una mezcla de fertilizantes m\u00e1s eficaz y rentable.<\/p>\n<p><img loading=\"lazy\" decoding=\"async\" class=\"alignnone size-full wp-image-2582\" src=\"https:\/\/fmp-components.com\/wp-content\/uploads\/2025\/01\/Agricultural-PTO-Shaft-for-Fertilizer-Mixer-Gearbox1.webp\" alt=\"Eje de toma de fuerza agr\u00edcola para caja de engranajes de mezclador de fertilizantes\" width=\"1194\" height=\"540\" title=\"\" srcset=\"https:\/\/fmp-components.com\/wp-content\/uploads\/2025\/01\/Agricultural-PTO-Shaft-for-Fertilizer-Mixer-Gearbox1.webp 1194w, https:\/\/fmp-components.com\/wp-content\/uploads\/2025\/01\/Agricultural-PTO-Shaft-for-Fertilizer-Mixer-Gearbox1-980x443.webp 980w, https:\/\/fmp-components.com\/wp-content\/uploads\/2025\/01\/Agricultural-PTO-Shaft-for-Fertilizer-Mixer-Gearbox1-480x217.webp 480w\" sizes=\"(min-width: 0px) and (max-width: 480px) 480px, (min-width: 481px) and (max-width: 980px) 980px, (min-width: 981px) 1194px, 100vw\" \/><\/p>\n<h2>Acerca de FMP<\/h2>\n<p>Con sede en Italia, FMP es un fabricante l\u00edder reconocido por su experiencia en el dise\u00f1o, desarrollo y producci\u00f3n de cajas de engranajes de alto rendimiento, especialmente en el sector de la maquinaria agr\u00edcola. Reconocido por su ingenier\u00eda de precisi\u00f3n, soluciones innovadoras y fiabilidad inigualable, FMP se ha consolidado como un socio de confianza para satisfacer las necesidades cambiantes de los sectores agr\u00edcola e industrial. Nuestra amplia cartera de productos incluye cajas de engranajes especializadas para cortac\u00e9spedes, ejes de toma de fuerza y \u200b\u200botros componentes esenciales, cada uno meticulosamente dise\u00f1ado para ofrecer soluciones personalizadas para una amplia gama de aplicaciones.<\/p>\n<p>En FMP, reconocemos que cada cliente tiene desaf\u00edos y requisitos \u00fanicos. Esta comprensi\u00f3n impulsa nuestro compromiso de ofrecer soluciones a medida, ya sea para componentes individuales o para sistemas totalmente integrados. Colaboramos estrechamente con nuestros clientes para garantizar que cada soluci\u00f3n sea eficaz y eficiente, optimizando tanto el rendimiento como el valor. Nuestro enfoque \u2014respuestas r\u00e1pidas y profesionales, junto con la orientaci\u00f3n experta\u2014 garantiza que cada consulta se gestione con el m\u00e1ximo cuidado, lo que se traduce en los mejores resultados posibles para cada cliente.<\/p>\n<p>Ponemos \u00e9nfasis en la comunicaci\u00f3n abierta y continua durante todo el proceso de desarrollo de productos. Nuestro equipo especializado trabaja en estrecha colaboraci\u00f3n con nuestros clientes para comprender plenamente sus necesidades espec\u00edficas, aportando informaci\u00f3n valiosa y recomendaciones que conducen a soluciones \u00f3ptimas. Ya sea desarrollando nuevos productos o cumpliendo con pedidos en curso, FMP mantiene su compromiso de entregar soluciones de alta calidad y precisi\u00f3n, siempre a tiempo. Nuestro objetivo es superar las expectativas de nuestros clientes, garantizando un servicio y resultados excepcionales en cada proyecto.<\/p>\n<p>En el coraz\u00f3n de las operaciones de FMP se encuentra un firme compromiso con la calidad. Nos adherimos a los m\u00e1s altos est\u00e1ndares de fabricaci\u00f3n e implementamos rigurosos procedimientos de control de calidad para garantizar que cada producto supere los est\u00e1ndares de la industria. Esta dedicaci\u00f3n a la calidad, combinada con nuestros valores de integridad, trabajo en equipo y perseverancia, nos ha permitido forjar relaciones duraderas y de confianza con clientes en casi 30 pa\u00edses de todo el mundo.<\/p>\n<p>En FMP, siempre estamos abiertos a fomentar colaboraciones globales y nos dedicamos a ofrecer asesoramiento experto y soluciones a medida para satisfacer las diversas necesidades de nuestros clientes. Nuestro objetivo va m\u00e1s all\u00e1 del mero suministro de productos: buscamos cultivar relaciones duraderas que contribuyan al \u00e9xito de cada proyecto. Ya sea que busque soluciones innovadoras para una nueva empresa o soporte continuo para un sistema existente, en FMP estamos a su disposici\u00f3n para superar los desaf\u00edos t\u00e9cnicos y garantizar un \u00e9xito sostenido.<\/p>\n<p><img loading=\"lazy\" decoding=\"async\" class=\"alignnone size-full wp-image-1861\" src=\"https:\/\/fmp-components.com\/wp-content\/uploads\/2024\/12\/Other-Agricultural-Gearboxes.webp\" sizes=\"(min-width: 0px) and (max-width: 480px) 480px, (min-width: 481px) and (max-width: 980px) 980px, (min-width: 981px) 1200px, 100vw\" srcset=\"https:\/\/fmp-components.com\/wp-content\/uploads\/2024\/12\/Other-Agricultural-Gearboxes.webp 1200w, https:\/\/fmp-components.com\/wp-content\/uploads\/2024\/12\/Other-Agricultural-Gearboxes-980x1143.webp 980w, https:\/\/fmp-components.com\/wp-content\/uploads\/2024\/12\/Other-Agricultural-Gearboxes-480x560.webp 480w\" alt=\"Otros cambios agr\u00edcolas\" width=\"1200\" height=\"1400\" title=\"\"><\/p>\n<p>Autor: CX<\/p>","protected":false},"excerpt":{"rendered":"<p>Specifications of Fertilizer Mixer Gearbox MR-90 (1:1) Product\u00a0 Description Fertilizer Mixer Gearboxes &#8211; Replacement of Comer Gearbox MR-90 1:1 Product details Contact us for power at a different RPM The gearbox is delivered without oil and must be filled before first use. First, the oil change after 50-70 operating hours, then after 500-700 operating hours [&hellip;]<\/p>","protected":false},"featured_media":2577,"comment_status":"open","ping_status":"closed","template":"","meta":{"_et_pb_use_builder":"","_et_pb_old_content":"","_et_gb_content_width":""},"product_brand":[],"product_cat":[61],"product_tag":[],"class_list":{"0":"post-2559","1":"product","2":"type-product","3":"status-publish","4":"has-post-thumbnail","6":"product_cat-fertilizer-mixer-gearbox","8":"first","9":"instock","10":"shipping-taxable","11":"product-type-simple"},"_links":{"self":[{"href":"https:\/\/fmp-components.com\/es\/wp-json\/wp\/v2\/product\/2559","targetHints":{"allow":["GET"]}}],"collection":[{"href":"https:\/\/fmp-components.com\/es\/wp-json\/wp\/v2\/product"}],"about":[{"href":"https:\/\/fmp-components.com\/es\/wp-json\/wp\/v2\/types\/product"}],"replies":[{"embeddable":true,"href":"https:\/\/fmp-components.com\/es\/wp-json\/wp\/v2\/comments?post=2559"}],"wp:featuredmedia":[{"embeddable":true,"href":"https:\/\/fmp-components.com\/es\/wp-json\/wp\/v2\/media\/2577"}],"wp:attachment":[{"href":"https:\/\/fmp-components.com\/es\/wp-json\/wp\/v2\/media?parent=2559"}],"wp:term":[{"taxonomy":"product_brand","embeddable":true,"href":"https:\/\/fmp-components.com\/es\/wp-json\/wp\/v2\/product_brand?post=2559"},{"taxonomy":"product_cat","embeddable":true,"href":"https:\/\/fmp-components.com\/es\/wp-json\/wp\/v2\/product_cat?post=2559"},{"taxonomy":"product_tag","embeddable":true,"href":"https:\/\/fmp-components.com\/es\/wp-json\/wp\/v2\/product_tag?post=2559"}],"curies":[{"name":"gracias","href":"https:\/\/api.w.org\/{rel}","templated":true}]}}