{"id":2552,"date":"2025-01-02T06:41:12","date_gmt":"2025-01-02T06:41:12","guid":{"rendered":"https:\/\/fmp-components.com\/?page_id=8"},"modified":"2025-01-02T06:41:13","modified_gmt":"2025-01-02T06:41:13","slug":"feed-mixer-machines-gearboxes-replacement-of-comer-code-d-732a-11-1-411","status":"publish","type":"product","link":"https:\/\/fmp-components.com\/es\/product\/feed-mixer-machines-gearboxes-replacement-of-comer-code-d-732a-11-1-411\/","title":{"rendered":"Cajas de engranajes para mezcladoras de pienso: sustituci\u00f3n del c\u00f3digo Comer D-732A 1:1\/1.41:1"},"content":{"rendered":"<p><img loading=\"lazy\" decoding=\"async\" class=\"size-full wp-image-2554 aligncenter\" src=\"https:\/\/fmp-components.com\/wp-content\/uploads\/2025\/01\/Horizontal-Feed-Mixer-Gearbox-131.webp\" alt=\"Caja de engranajes del mezclador de alimentaci\u00f3n horizontal\" width=\"800\" height=\"800\" title=\"\" srcset=\"https:\/\/fmp-components.com\/wp-content\/uploads\/2025\/01\/Horizontal-Feed-Mixer-Gearbox-131.webp 800w, https:\/\/fmp-components.com\/wp-content\/uploads\/2025\/01\/Horizontal-Feed-Mixer-Gearbox-131-480x480.webp 480w\" sizes=\"(min-width: 0px) and (max-width: 480px) 480px, (min-width: 481px) 800px, 100vw\" \/><\/p>\n<h2>Dimensiones de la caja de engranajes del mezclador de alimentaci\u00f3n horizontal D732A<\/h2>\n<p><img loading=\"lazy\" decoding=\"async\" class=\"alignnone size-full wp-image-2555\" src=\"https:\/\/fmp-components.com\/wp-content\/uploads\/2025\/01\/Horizontal-Feed-Mixer-Gearbox-D732A-Dimensions.webp\" alt=\"Dimensiones de la caja de engranajes del mezclador de alimentaci\u00f3n horizontal D732A\" width=\"712\" height=\"390\" title=\"\" srcset=\"https:\/\/fmp-components.com\/wp-content\/uploads\/2025\/01\/Horizontal-Feed-Mixer-Gearbox-D732A-Dimensions.webp 712w, https:\/\/fmp-components.com\/wp-content\/uploads\/2025\/01\/Horizontal-Feed-Mixer-Gearbox-D732A-Dimensions-480x263.webp 480w\" sizes=\"(min-width: 0px) and (max-width: 480px) 480px, (min-width: 481px) 712px, 100vw\" \/><\/p>\n<h2>Especificaciones del producto:<\/h2>\n<table class=\"kh-1xzm1su\" border=\"1\" cellspacing=\"0\" cellpadding=\"0\" data-intent=\"lists-product-attributes\" data-test-id=\"attributes-list\">\n<tbody class=\"kh-1ago99h\">\n<tr id=\"alexis#custom#item-id\" class=\"kh-bwvum6\" data-test-id=\"attribute-row\">\n<th class=\"kh-10oizfy\">Descripci\u00f3n del Producto<\/th>\n<td class=\"kh-1f5nhat\">\n<div class=\"kh-pkx4zo\">Caja de engranajes del mezclador de alimentaci\u00f3n horizontal: reemplazo de la caja de engranajes del modelo Comer D732A<\/div>\n<\/td>\n<\/tr>\n<tr id=\"attProductDetails\" class=\"kh-bwvum6\" data-test-id=\"attribute-row\">\n<th class=\"kh-10oizfy\">Detalles del producto<\/th>\n<td class=\"kh-1f5nhat\">\n<ul>\n<li class=\"kh-16zd49f\">Cont\u00e1ctanos para potencia a diferentes RPM<\/li>\n<li class=\"kh-16zd49f\">La caja de cambios se entrega sin aceite y debe llenarse antes del primer uso.<\/li>\n<li class=\"kh-16zd49f\">El primer cambio de aceite se debe hacer despu\u00e9s de 50-70 horas de funcionamiento, luego despu\u00e9s de 500-700 horas de funcionamiento o al menos una vez al a\u00f1o.<\/li>\n<\/ul>\n<\/td>\n<\/tr>\n<tr id=\"attApplicationRange\" class=\"kh-bwvum6\" data-test-id=\"attribute-row\">\n<th class=\"kh-10oizfy\">Rango de aplicaci\u00f3n<\/th>\n<td class=\"kh-1f5nhat\">\n<div class=\"kh-pkx4zo\">Vag\u00f3n mezclador<\/div>\n<\/td>\n<\/tr>\n<tr id=\"attConsistsOf\" class=\"kh-bwvum6\" data-test-id=\"attribute-row\">\n<th class=\"kh-10oizfy\">Consiste en<\/th>\n<td class=\"kh-1f5nhat\">\n<ul>\n<li class=\"kh-16zd49f\">Caja de cambios<\/li>\n<li class=\"kh-16zd49f\">Sin aceite<\/li>\n<\/ul>\n<\/td>\n<\/tr>\n<tr id=\"taMaxInputPowerKw\" class=\"kh-bwvum6\" data-test-id=\"attribute-row\">\n<th class=\"kh-10oizfy\">Potencia m\u00e1xima de entrada<\/th>\n<td class=\"kh-1f5nhat\">\n<div class=\"kh-pkx4zo\">59 kW<\/div>\n<\/td>\n<\/tr>\n<tr id=\"taMaxOutputPowerHp\" class=\"kh-bwvum6\" data-test-id=\"attribute-row\">\n<th class=\"kh-10oizfy\">Potencia m\u00e1xima de salida<\/th>\n<td class=\"kh-1f5nhat\">\n<div class=\"kh-pkx4zo\">80 caballos<\/div>\n<\/td>\n<\/tr>\n<tr id=\"taConnect1OutsideDiameterInch\" class=\"kh-bwvum6\" data-test-id=\"attribute-row\">\n<th class=\"kh-10oizfy\">Conexi\u00f3n 1 di\u00e1metro exterior<\/th>\n<td class=\"kh-1f5nhat\">\n<div class=\"kh-pkx4zo\">1-3\/8 pulgadas<\/div>\n<\/td>\n<\/tr>\n<tr id=\"taConnect1SplinesNumber\" class=\"kh-bwvum6\" data-test-id=\"attribute-row\">\n<th class=\"kh-10oizfy\">Conexi\u00f3n 1 n\u00famero de splines<\/th>\n<td class=\"kh-1f5nhat\">\n<div class=\"kh-pkx4zo\">6<\/div>\n<\/td>\n<\/tr>\n<tr id=\"taConnect2OutsideDiameterInch\" class=\"kh-bwvum6\" data-test-id=\"attribute-row\">\n<th class=\"kh-10oizfy\">Conexi\u00f3n 2 di\u00e1metro exterior<\/th>\n<td class=\"kh-1f5nhat\">\n<div class=\"kh-pkx4zo\">1-3\/4 pulgadas<\/div>\n<\/td>\n<\/tr>\n<tr id=\"taConnect2SplinesNumber\" class=\"kh-bwvum6\" data-test-id=\"attribute-row\">\n<th class=\"kh-10oizfy\">Conexi\u00f3n 2 n\u00famero de splines<\/th>\n<td class=\"kh-1f5nhat\">\n<div class=\"kh-pkx4zo\">6<\/div>\n<\/td>\n<\/tr>\n<tr id=\"taContainsOil\" class=\"kh-bwvum6\" data-test-id=\"attribute-row\">\n<th class=\"kh-10oizfy\">Contiene aceite<\/th>\n<td class=\"kh-1f5nhat\">\n<div class=\"kh-pkx4zo\">No<\/div>\n<\/td>\n<\/tr>\n<tr id=\"taMaxOilCapacityL\" class=\"kh-bwvum6\" data-test-id=\"attribute-row\">\n<th class=\"kh-10oizfy\">Capacidad m\u00e1xima de aceite<\/th>\n<td class=\"kh-1f5nhat\">\n<div class=\"kh-pkx4zo\">5,6 litros<\/div>\n<\/td>\n<\/tr>\n<tr id=\"taMaxOilChangeIntervalH\" class=\"kh-bwvum6\" data-test-id=\"attribute-row\">\n<th class=\"kh-10oizfy\">Intervalo m\u00e1ximo de cambio de aceite<\/th>\n<td class=\"kh-1f5nhat\">\n<div class=\"kh-pkx4zo\">500 horas<\/div>\n<\/td>\n<\/tr>\n<tr id=\"taOilSAEViscosityGrade\" class=\"kh-bwvum6\" data-test-id=\"attribute-row\">\n<th class=\"kh-10oizfy\">Grado de viscosidad SAE del aceite<\/th>\n<td class=\"kh-1f5nhat\">\n<div class=\"kh-pkx4zo\">80W-90<\/div>\n<\/td>\n<\/tr>\n<tr id=\"taHousingMaterial_16\" class=\"kh-bwvum6\" data-test-id=\"attribute-row\">\n<th class=\"kh-10oizfy\">Material de la carcasa<\/th>\n<td class=\"kh-1f5nhat\">\n<div class=\"kh-pkx4zo\">Hierro fundido GG25<\/div>\n<\/td>\n<\/tr>\n<tr id=\"taWeightKg_75\" class=\"kh-bwvum6\" data-test-id=\"attribute-row\">\n<th class=\"kh-10oizfy\">Peso<\/th>\n<td class=\"kh-1f5nhat\">\n<div class=\"kh-pkx4zo\">63 kilos<\/div>\n<\/td>\n<\/tr>\n<\/tbody>\n<\/table>\n<h3>Ventajas de utilizar la caja de engranajes del mezclador de alimentaci\u00f3n horizontal D732A<\/h3>\n<ol>\n<li><strong>Mayor eficiencia de mezcla<\/strong><br \/>\nLa caja de engranajes del mezclador horizontal de pienso D732A est\u00e1 dise\u00f1ada espec\u00edficamente para ofrecer un excelente rendimiento de mezcla. Gracias a su alto par y eficiente transmisi\u00f3n de potencia, garantiza una mezcla consistente y uniforme de los ingredientes del pienso. Esto permite una mezcla m\u00e1s eficaz, mejorando la calidad general y el valor nutricional del pienso.<\/li>\n<li><strong>Construcci\u00f3n duradera y confiable<\/strong><br \/>\nLa caja de engranajes est\u00e1 fabricada con materiales de alta resistencia que soportan las duras condiciones de trabajo de la mezcla de alimentos. Su dise\u00f1o robusto garantiza una larga durabilidad, incluso en operaciones de alto rendimiento, lo que reduce la necesidad de mantenimiento frecuente o reemplazo de piezas y prolonga la vida \u00fatil del equipo.<\/li>\n<li><strong>Eficiencia energ\u00e9tica<\/strong><br \/>\nLa caja de engranajes D732A est\u00e1 dise\u00f1ada para optimizar el consumo de energ\u00eda, garantizando un uso eficiente de la misma y manteniendo un alto rendimiento. Este dise\u00f1o de bajo consumo ayuda a reducir los costos operativos, lo que la convierte en una opci\u00f3n rentable para empresas que dependen de operaciones de mezcla continua de piensos.<\/li>\n<li><strong>Funcionamiento suave y baja vibraci\u00f3n<\/strong><br \/>\nGracias a su ingenier\u00eda avanzada, la caja de engranajes D732A garantiza un funcionamiento suave con m\u00ednima vibraci\u00f3n, proporcionando un rendimiento estable. Esto no solo mejora la fiabilidad de la mezcladora, sino que tambi\u00e9n contribuye a la comodidad y seguridad de los operadores, reduciendo el riesgo de fallos mec\u00e1nicos y mejorando la eficiencia operativa.<\/li>\n<li><strong>Versatilidad en aplicaciones<\/strong><br \/>\nLa caja de engranajes D732A es ideal para una amplia gama de aplicaciones de mezcla de alimentos. Ya sea para la producci\u00f3n agr\u00edcola, ganadera o industrial, esta caja de engranajes ofrece la flexibilidad necesaria para satisfacer diversas necesidades operativas. Su adaptabilidad a diferentes sistemas de mezcla la convierte en la opci\u00f3n ideal para diversos procesos de fabricaci\u00f3n de alimentos.<\/li>\n<\/ol>\n<p>Estas ventajas hacen del Mezclador de Alimentos Horizontal con Caja de Cambios D732A un activo valioso para las empresas del sector agr\u00edcola, garantizando un rendimiento \u00f3ptimo, durabilidad y eficiencia en la producci\u00f3n de alimentos.<\/p>\n<p><img loading=\"lazy\" decoding=\"async\" class=\"alignnone  wp-image-2553\" src=\"https:\/\/fmp-components.com\/wp-content\/uploads\/2025\/01\/Horizontal-Feed-Mixer-Gearbox-141.webp\" alt=\"Caja de engranajes del mezclador de alimentaci\u00f3n horizontal\" width=\"941\" height=\"941\" title=\"\" srcset=\"https:\/\/fmp-components.com\/wp-content\/uploads\/2025\/01\/Horizontal-Feed-Mixer-Gearbox-141.webp 941w, https:\/\/fmp-components.com\/wp-content\/uploads\/2025\/01\/Horizontal-Feed-Mixer-Gearbox-141-480x480.webp 480w\" sizes=\"(min-width: 0px) and (max-width: 480px) 480px, (min-width: 481px) 941px, 100vw\" \/><\/p>\n<h3>Componentes clave de la caja de engranajes del mezclador de alimento horizontal accionado por toma de fuerza del tractor<\/h3>\n<ol>\n<li><strong>Entrada del eje de la toma de fuerza<\/strong><br \/>\nEl eje de entrada de la toma de fuerza (TDF) es el punto de conexi\u00f3n clave entre el tractor y la caja de engranajes del mezclador de forraje. Transfiere la potencia mec\u00e1nica del motor del tractor a la caja de engranajes, lo que permite la operaci\u00f3n de mezcla. El eje de la TDF garantiza una transmisi\u00f3n de energ\u00eda uniforme, permitiendo que la caja de engranajes funcione eficientemente.<\/li>\n<li><strong>Engranajes helicoidales<\/strong><br \/>\nLa caja de engranajes de los mezcladores de alimentaci\u00f3n horizontal suele incorporar engranajes helicoidales, que proporcionan un funcionamiento m\u00e1s suave y silencioso en comparaci\u00f3n con otros tipos de engranajes. Estos engranajes est\u00e1n dise\u00f1ados para soportar cargas de alto par y garantizar una transmisi\u00f3n de potencia eficiente, reduciendo el desgaste durante el funcionamiento continuo.<\/li>\n<li><strong>Alojamiento<\/strong><br \/>\nEl <strong>carcasa de la caja de cambios<\/strong> Es la carcasa exterior que contiene todos los componentes internos, como engranajes, ejes y cojinetes. Generalmente est\u00e1 fabricada con materiales duraderos como hierro fundido o acero de alta resistencia, lo que garantiza que la caja de engranajes sea robusta y capaz de soportar las duras condiciones de los entornos agr\u00edcolas.<\/li>\n<li><strong>Aspectos<\/strong><br \/>\n<strong>Aspectos<\/strong> Son componentes cr\u00edticos que soportan los ejes giratorios y reducen la fricci\u00f3n dentro de la caja de engranajes. Garantizan un funcionamiento suave y minimizan el desgaste, permitiendo que la caja de engranajes funcione de forma fiable durante largos periodos sin un mantenimiento excesivo.<\/li>\n<li><strong>Eje de salida<\/strong><br \/>\nEl <strong>eje de salida<\/strong> Est\u00e1 conectado al sinf\u00edn mezclador u otros componentes del mezclador de pienso. Transmite la potencia desde la caja de engranajes al mecanismo de mezcla, lo que permite mezclar eficientemente los ingredientes del pienso. El eje de salida debe estar dise\u00f1ado para soportar el par y la velocidad de rotaci\u00f3n necesarios para un rendimiento \u00f3ptimo de la mezcla.<\/li>\n<\/ol>\n<p>Estos componentes clave trabajan juntos para garantizar que la caja de engranajes del mezclador de alimentaci\u00f3n horizontal accionado por la toma de fuerza del tractor funcione de manera suave, eficiente y confiable, brindando un rendimiento \u00f3ptimo en aplicaciones de mezcla agr\u00edcola.<\/p>\n<p><img loading=\"lazy\" decoding=\"async\" class=\"alignnone size-full wp-image-2556\" src=\"https:\/\/fmp-components.com\/wp-content\/uploads\/2025\/01\/PTO-Shaft-for-Horizontal-Feed-Mixer-Gearbox1.webp\" alt=\"Eje de toma de fuerza para caja de cambios de mezclador de alimentaci\u00f3n horizontal\" width=\"1178\" height=\"600\" title=\"\" srcset=\"https:\/\/fmp-components.com\/wp-content\/uploads\/2025\/01\/PTO-Shaft-for-Horizontal-Feed-Mixer-Gearbox1.webp 1178w, https:\/\/fmp-components.com\/wp-content\/uploads\/2025\/01\/PTO-Shaft-for-Horizontal-Feed-Mixer-Gearbox1-980x499.webp 980w, https:\/\/fmp-components.com\/wp-content\/uploads\/2025\/01\/PTO-Shaft-for-Horizontal-Feed-Mixer-Gearbox1-480x244.webp 480w\" sizes=\"(min-width: 0px) and (max-width: 480px) 480px, (min-width: 481px) and (max-width: 980px) 980px, (min-width: 981px) 1178px, 100vw\" \/><\/p>\n<h3>Principio de funcionamiento de las cajas de engranajes de las m\u00e1quinas mezcladoras de pienso<\/h3>\n<p>Las mezcladoras de pienso son fundamentales para mezclar diferentes tipos de alimento para animales y garantizar una consistencia y un valor nutricional uniformes. La caja de engranajes desempe\u00f1a un papel fundamental en el accionamiento del mecanismo de mezcla. A continuaci\u00f3n, se muestra el principio de funcionamiento de las cajas de engranajes de las mezcladoras de pienso:<br \/>\n1. <strong>Transmisi\u00f3n de potencia del tractor o motor a la caja de cambios<\/strong><\/p>\n<ul>\n<li>La caja de cambios es accionada por el eje de la toma de fuerza de un tractor o por un motor el\u00e9ctrico, dependiendo del dise\u00f1o del mezclador de alimento.<\/li>\n<li>En el caso de los mezcladores accionados por toma de fuerza, el eje de la toma de fuerza conectado al tractor transfiere potencia rotacional del motor del tractor a la caja de cambios.<\/li>\n<li>En los sistemas accionados por motor el\u00e9ctrico, el motor acciona la caja de cambios directamente a trav\u00e9s de un acoplamiento.<\/li>\n<\/ul>\n<p>2. <strong>Reducci\u00f3n de velocidad y amplificaci\u00f3n de par<\/strong><\/p>\n<ul>\n<li>La caja de engranajes reduce la velocidad de la potencia de rotaci\u00f3n entrante y, al mismo tiempo, aumenta el par motor. Esto es esencial para accionar las pesadas palas mezcladoras o sinfines del mezclador de alimento.<\/li>\n<li>El mecanismo de engranajes, generalmente compuesto por engranajes helicoidales, engranajes c\u00f3nicos o engranajes planetarios, reduce la velocidad de rotaci\u00f3n de la fuente de energ\u00eda y proporciona la velocidad de salida \u00f3ptima requerida para mezclar.<\/li>\n<\/ul>\n<p>3. <strong>Rotaci\u00f3n de los sinfines o palas mezcladoras<\/strong><\/p>\n<ul>\n<li>El eje de salida de la caja de engranajes se conecta al sinf\u00edn mezclador o a las cuchillas, que son los componentes principales responsables de mover y mezclar los ingredientes del alimento.<\/li>\n<li>A medida que la caja de engranajes entrega potencia al sinf\u00edn o a las cuchillas, el mecanismo de mezcla comienza a girar, levantando y haciendo girar los materiales de alimentaci\u00f3n para garantizar una distribuci\u00f3n uniforme y una mezcla completa.<\/li>\n<li>El movimiento giratorio de los sinfines o cuchillas crea un efecto de corte que rompe los grumos de ingredientes del alimento, garantizando una mezcla uniforme.<\/li>\n<\/ul>\n<p>4. <strong>Manejo eficiente de materiales<\/strong><\/p>\n<ul>\n<li>La caja de engranajes garantiza que la velocidad de rotaci\u00f3n de los sinfines o cuchillas sea constante y manejable, lo que permite un manejo eficiente del material.<\/li>\n<li>El dise\u00f1o de la caja de engranajes permite que los materiales de alimentaci\u00f3n se mezclen completamente sin esfuerzo ni sobrecarga del motor o del eje de la toma de fuerza.<\/li>\n<\/ul>\n<p>5. <strong>Flujo de potencia continuo<\/strong><\/p>\n<ul>\n<li>Una caja de engranajes de un mezclador de alimentos garantiza un flujo de potencia continuo desde la entrada (eje de toma de fuerza o motor) hasta la salida (mecanismo de mezcla) durante el funcionamiento.<\/li>\n<li>Dependiendo del dise\u00f1o, la caja de cambios puede incluir caracter\u00edsticas como protecci\u00f3n contra sobrecarga, asegurando que cualquier tensi\u00f3n excesiva o bloqueo en el sistema no da\u00f1e la caja de cambios.<\/li>\n<\/ul>\n<p>En resumen, el principio de funcionamiento de las cajas de engranajes de las mezcladoras de pienso consiste en la transmisi\u00f3n de potencia del tractor o motor a la caja de engranajes, lo que reduce la velocidad y amplifica el par para accionar los sinfines o cuchillas de mezcla. La caja de engranajes garantiza una mezcla eficiente y consistente al accionar las cuchillas o sinfines, asegurando que los ingredientes del pienso se mezclen uniformemente hasta alcanzar la consistencia deseada. Una lubricaci\u00f3n y refrigeraci\u00f3n adecuadas tambi\u00e9n contribuyen al buen funcionamiento de la caja de engranajes durante todo el proceso.<\/p>\n<p><img loading=\"lazy\" decoding=\"async\" class=\"alignnone  wp-image-2557\" src=\"https:\/\/fmp-components.com\/wp-content\/uploads\/2025\/01\/Horizontal-Feed-Mixer-Gearbox-321.webp\" alt=\"Caja de engranajes del mezclador de alimentaci\u00f3n horizontal\" width=\"928\" height=\"928\" title=\"\" srcset=\"https:\/\/fmp-components.com\/wp-content\/uploads\/2025\/01\/Horizontal-Feed-Mixer-Gearbox-321.webp 928w, https:\/\/fmp-components.com\/wp-content\/uploads\/2025\/01\/Horizontal-Feed-Mixer-Gearbox-321-480x480.webp 480w\" sizes=\"(min-width: 0px) and (max-width: 480px) 480px, (min-width: 481px) 928px, 100vw\" \/><\/p>\n<h3>Acerca de FMP<\/h3>\n<p>Con sede en Italia, FMP es un fabricante l\u00edder reconocido por su experiencia en el dise\u00f1o, desarrollo y producci\u00f3n de cajas de engranajes de alto rendimiento, con especial atenci\u00f3n al sector de la maquinaria agr\u00edcola. Con una reputaci\u00f3n de ingenier\u00eda de precisi\u00f3n, soluciones innovadoras y una fiabilidad inquebrantable, FMP se ha convertido en un socio de confianza para satisfacer las necesidades cambiantes de los sectores agr\u00edcola e industrial. Nuestra diversa gama de productos incluye cajas de engranajes especializadas para cortac\u00e9spedes, ejes de toma de fuerza y otros componentes esenciales, todos meticulosamente dise\u00f1ados para ofrecer soluciones personalizadas en una amplia gama de aplicaciones.<\/p>\n<p>En FMP, comprendemos que cada cliente tiene necesidades y desaf\u00edos \u00fanicos. Por eso nos especializamos en ofrecer soluciones a medida, ya sea para componentes individuales o para sistemas totalmente integrados. Trabajamos en estrecha colaboraci\u00f3n con nuestros clientes para garantizar que cada soluci\u00f3n sea eficaz y eficiente, optimizando tanto el rendimiento como el valor. Nuestro compromiso con respuestas r\u00e1pidas y profesionales, junto con la orientaci\u00f3n experta, garantiza que cada consulta se trate con el m\u00e1ximo cuidado y precisi\u00f3n, lo que se traduce en los mejores resultados posibles.<\/p>\n<p>Priorizamos la comunicaci\u00f3n abierta y continua durante todo el proceso de desarrollo de productos. Nuestro equipo especializado trabaja directamente con los clientes para comprender plenamente sus necesidades espec\u00edficas, ofreciendo informaci\u00f3n valiosa y recomendaciones para garantizar soluciones \u00f3ptimas. Ya sea dise\u00f1ando productos innovadores o atendiendo pedidos en curso, FMP se compromete a entregar soluciones de alta calidad y precisi\u00f3n, siempre a tiempo. Nuestro objetivo es brindar a nuestros clientes el mejor servicio y los mejores resultados, superando las expectativas en cada proyecto.<\/p>\n<p>La calidad es la piedra angular de las operaciones de FMP. Nos adherimos a los m\u00e1s altos est\u00e1ndares de fabricaci\u00f3n e implementamos rigurosos controles de calidad para garantizar que cada producto no solo cumpla, sino que supere los est\u00e1ndares de la industria. Este firme compromiso con la calidad, sumado a nuestros valores fundamentales de integridad, trabajo en equipo y perseverancia, nos ha permitido forjar relaciones duraderas y de confianza con clientes en casi 30 pa\u00edses de todo el mundo.<\/p>\n<p>En FMP, siempre estamos abiertos a fomentar colaboraciones globales y nos dedicamos a ofrecer asesoramiento experto y soluciones personalizadas que satisfagan las diversas necesidades de nuestros clientes. Vamos m\u00e1s all\u00e1 del simple suministro de productos; nuestro objetivo es construir relaciones duraderas que contribuyan al \u00e9xito de cada proyecto. Ya sea que necesite soluciones innovadoras para una nueva iniciativa o soporte continuo para un sistema existente, en FMP estamos aqu\u00ed para abordar sus desaf\u00edos t\u00e9cnicos y garantizar su \u00e9xito continuo.<\/p>\n<p><img loading=\"lazy\" decoding=\"async\" class=\"alignnone size-full wp-image-1861\" src=\"https:\/\/fmp-components.com\/wp-content\/uploads\/2024\/12\/Other-Agricultural-Gearboxes.webp\" sizes=\"(min-width: 0px) and (max-width: 480px) 480px, (min-width: 481px) and (max-width: 980px) 980px, (min-width: 981px) 1200px, 100vw\" srcset=\"https:\/\/fmp-components.com\/wp-content\/uploads\/2024\/12\/Other-Agricultural-Gearboxes.webp 1200w, https:\/\/fmp-components.com\/wp-content\/uploads\/2024\/12\/Other-Agricultural-Gearboxes-980x1143.webp 980w, https:\/\/fmp-components.com\/wp-content\/uploads\/2024\/12\/Other-Agricultural-Gearboxes-480x560.webp 480w\" alt=\"Otros cambios agr\u00edcolas\" width=\"1200\" height=\"1400\" title=\"\"><\/p>\n<p>Autor: CX<\/p>\n<p>&nbsp;<\/p>","protected":false},"excerpt":{"rendered":"<p>Horizontal Feed Mixer Gearbox D732A Dimensions Product Specifications: Product Description Horizontal Feed Mixer Gearbox-Replacement of Comer D732A Gearbox Product details Contact us for power at a different RPM The gearbox is delivered without oil and must be filled before first use. First oil change after 50-70 operating hours, then after 500-700 operating hours or at [&hellip;]<\/p>","protected":false},"featured_media":2553,"comment_status":"open","ping_status":"closed","template":"","meta":{"_et_pb_use_builder":"","_et_pb_old_content":"","_et_gb_content_width":""},"product_brand":[],"product_cat":[60],"product_tag":[],"class_list":{"0":"post-2552","1":"product","2":"type-product","3":"status-publish","4":"has-post-thumbnail","6":"product_cat-feed-mixer-gearbox","8":"first","9":"instock","10":"shipping-taxable","11":"product-type-simple"},"_links":{"self":[{"href":"https:\/\/fmp-components.com\/es\/wp-json\/wp\/v2\/product\/2552","targetHints":{"allow":["GET"]}}],"collection":[{"href":"https:\/\/fmp-components.com\/es\/wp-json\/wp\/v2\/product"}],"about":[{"href":"https:\/\/fmp-components.com\/es\/wp-json\/wp\/v2\/types\/product"}],"replies":[{"embeddable":true,"href":"https:\/\/fmp-components.com\/es\/wp-json\/wp\/v2\/comments?post=2552"}],"wp:featuredmedia":[{"embeddable":true,"href":"https:\/\/fmp-components.com\/es\/wp-json\/wp\/v2\/media\/2553"}],"wp:attachment":[{"href":"https:\/\/fmp-components.com\/es\/wp-json\/wp\/v2\/media?parent=2552"}],"wp:term":[{"taxonomy":"product_brand","embeddable":true,"href":"https:\/\/fmp-components.com\/es\/wp-json\/wp\/v2\/product_brand?post=2552"},{"taxonomy":"product_cat","embeddable":true,"href":"https:\/\/fmp-components.com\/es\/wp-json\/wp\/v2\/product_cat?post=2552"},{"taxonomy":"product_tag","embeddable":true,"href":"https:\/\/fmp-components.com\/es\/wp-json\/wp\/v2\/product_tag?post=2552"}],"curies":[{"name":"gracias","href":"https:\/\/api.w.org\/{rel}","templated":true}]}}