{"id":2523,"date":"2025-01-02T03:45:19","date_gmt":"2025-01-02T03:45:19","guid":{"rendered":"https:\/\/fmp-components.com\/?page_id=8"},"modified":"2025-01-02T03:59:23","modified_gmt":"2025-01-02T03:59:23","slug":"round-baler-gearbox-fmp2100-t3-for-round-baler-and-harvester","status":"publish","type":"product","link":"https:\/\/fmp-components.com\/es\/product\/round-baler-gearbox-fmp2100-t3-for-round-baler-and-harvester\/","title":{"rendered":"Caja de engranajes para empacadora de pacas redondas FMP2100-T3 para empacadora de pacas redondas y cosechadora"},"content":{"rendered":"<p><img loading=\"lazy\" decoding=\"async\" class=\"size-full wp-image-2524 aligncenter\" src=\"https:\/\/fmp-components.com\/wp-content\/uploads\/2025\/01\/Round-Baler-Gearbox-EP2100-T31.webp\" alt=\"Caja de engranajes para empacadora de pacas redondas FMP2100-T3(1)\" width=\"600\" height=\"600\" title=\"\" srcset=\"https:\/\/fmp-components.com\/wp-content\/uploads\/2025\/01\/Round-Baler-Gearbox-EP2100-T31.webp 600w, https:\/\/fmp-components.com\/wp-content\/uploads\/2025\/01\/Round-Baler-Gearbox-EP2100-T31-480x480.webp 480w\" sizes=\"(min-width: 0px) and (max-width: 480px) 480px, (min-width: 481px) 600px, 100vw\" \/><\/p>\n<h2>Datos t\u00e9cnicos de la caja de cambios de la empacadora de balas redondas FMP2100-T3<\/h2>\n<table style=\"width: 93.8969%; height: 116px;\" border=\"1\" cellspacing=\"0\" cellpadding=\"0\">\n<tbody>\n<tr style=\"height: 23px;\">\n<td style=\"height: 46px; width: 15.8921%;\" colspan=\"2\" rowspan=\"2\">i<\/td>\n<td style=\"height: 46px; width: 25.3373%;\" rowspan=\"2\">Adecuado<\/td>\n<td style=\"height: 23px; width: 9.89505%;\">Entrada de rpm<\/td>\n<td style=\"height: 23px; width: 11.0945%;\">Salida de rpm<\/td>\n<td style=\"height: 23px; width: 9.44528%;\">KW(Nom.)<\/td>\n<td style=\"height: 23px; width: 13.0435%;\">Par de salida<\/td>\n<td style=\"height: 46px; width: 45.2774%;\" rowspan=\"2\">Dentado<\/td>\n<\/tr>\n<tr style=\"height: 23px;\">\n<td style=\"height: 23px; width: 9.89505%;\">r\/min<\/td>\n<td style=\"height: 23px; width: 11.0945%;\">r\/min<\/td>\n<td style=\"height: 23px; width: 9.44528%;\">caballos de fuerza<\/td>\n<td style=\"height: 23px; width: 13.0435%;\">Nuevo M\u00e9jico<\/td>\n<\/tr>\n<tr style=\"height: 47px;\">\n<td style=\"height: 47px; width: 10.3448%;\">Decelerar<\/td>\n<td style=\"height: 47px; width: 5.54723%;\">2.1 :1<\/td>\n<td style=\"height: 47px; width: 25.3373%;\">Empacadora redonda, cosechadora, etc.<\/td>\n<td style=\"height: 47px; width: 9.89505%;\">540<\/td>\n<td style=\"height: 47px; width: 11.0945%;\">257<\/td>\n<td style=\"height: 47px; width: 9.44528%;\">80<\/td>\n<td style=\"height: 47px; width: 13.0435%;\">100<\/td>\n<td style=\"height: 47px; width: 45.2774%;\">Gleason Helicoidal<br \/>\nDientes<\/td>\n<\/tr>\n<tr style=\"height: 23px;\">\n<td style=\"height: 23px; width: 129.985%;\" colspan=\"8\">Observaci\u00f3n: si tiene alg\u00fan requisito especial, no dude en hac\u00e9rmelo saber, tambi\u00e9n aceptamos pedidos personalizados.<\/td>\n<\/tr>\n<\/tbody>\n<\/table>\n<h2>Estructura de componentes de la caja de cambios de la empacadora de balas redondas FMP2100-T3<\/h2>\n<p>La caja de cambios para empacadora de balas redondas FMP2100-T3 est\u00e1 dise\u00f1ada para ofrecer un alto rendimiento y fiabilidad en aplicaciones agr\u00edcolas exigentes. Su estructura de componentes, cuidadosamente dise\u00f1ada, garantiza un funcionamiento y una durabilidad \u00f3ptimos. A continuaci\u00f3n, se detallan sus componentes principales:<\/p>\n<p><strong>Carcasa de la caja de cambios<\/strong><\/p>\n<ul>\n<li>Material: Fabricado en hierro fundido o acero de alta resistencia, lo que garantiza robustez y resistencia al desgaste y a la tensi\u00f3n.<\/li>\n<li>Funci\u00f3n: Aloja los componentes internos, proporcionando protecci\u00f3n contra da\u00f1os externos y asegurando un funcionamiento correcto.<\/li>\n<\/ul>\n<p><strong>Eje de entrada<\/strong><\/p>\n<ul>\n<li>Material: Acero de alta resistencia.<\/li>\n<li>Funci\u00f3n: Transfiere la potencia de rotaci\u00f3n de la toma de fuerza del tractor a los engranajes internos de la caja de cambios.<\/li>\n<\/ul>\n<p><strong>Eje de salida<\/strong><\/p>\n<ul>\n<li>Material: Acero endurecido.<\/li>\n<li>Funci\u00f3n: Transmite la potencia de la caja de cambios a los mecanismos de trabajo de la empacadora, garantizando una transmisi\u00f3n eficiente de energ\u00eda para operaciones como la formaci\u00f3n de pacas.<\/li>\n<\/ul>\n<p><strong>Engranajes<\/strong><\/p>\n<ul>\n<li>Material: Acero aleado, tratado para mayor durabilidad y resistencia al desgaste.<\/li>\n<li>Funci\u00f3n: Los engranajes internos (por ejemplo, engranajes c\u00f3nicos o rectos) facilitan la transferencia de potencia y par, permitiendo velocidades de rotaci\u00f3n adecuadas para los componentes de la empacadora.<\/li>\n<\/ul>\n<p><strong>Aspectos<\/strong><\/p>\n<ul>\n<li>Material: Rodamientos de alta calidad dise\u00f1ados para maquinaria agr\u00edcola.<\/li>\n<li>Funci\u00f3n: Brindar soporte a los ejes y engranajes, asegurando un funcionamiento suave y reduciendo la fricci\u00f3n para una mayor vida \u00fatil.<\/li>\n<\/ul>\n<p>La estructura de componentes de la caja de cambios de la empacadora de empacadoras redondas FMP2100-T3 est\u00e1 meticulosamente dise\u00f1ada para soportar las condiciones exigentes de las operaciones agr\u00edcolas, al tiempo que proporciona una transmisi\u00f3n de potencia eficiente para un rendimiento \u00f3ptimo de la empacadora.<\/p>\n<table style=\"width: 101.691%; height: 5px;\" width=\"136\">\n<tbody>\n<tr style=\"height: 23px;\">\n<td style=\"height: 23px; width: 49.5218%;\" width=\"72\"><img loading=\"lazy\" decoding=\"async\" class=\"alignnone size-full wp-image-2526\" src=\"https:\/\/fmp-components.com\/wp-content\/uploads\/2025\/01\/Round-Baler-Gearbox-EP2100-T3-Agricultural-Applications-2-980x6321-1.webp\" alt=\"Caja de cambios de la empacadora de balas redondas\" width=\"980\" height=\"632\" title=\"\" srcset=\"https:\/\/fmp-components.com\/wp-content\/uploads\/2025\/01\/Round-Baler-Gearbox-EP2100-T3-Agricultural-Applications-2-980x6321-1.webp 980w, https:\/\/fmp-components.com\/wp-content\/uploads\/2025\/01\/Round-Baler-Gearbox-EP2100-T3-Agricultural-Applications-2-980x6321-1-480x310.webp 480w\" sizes=\"(min-width: 0px) and (max-width: 480px) 480px, (min-width: 481px) 980px, 100vw\" \/><\/td>\n<td style=\"height: 23px; width: 49.8406%;\" width=\"64\"><img loading=\"lazy\" decoding=\"async\" class=\"alignnone size-full wp-image-2525\" src=\"https:\/\/fmp-components.com\/wp-content\/uploads\/2025\/01\/Round-Baler-Gearbox-EP2100-T3-Agricultural-Applications-1-980x6321-1.webp\" alt=\"Caja de cambios para empacadora de empacadoras redondas EP2100-T3 - Aplicaciones agr\u00edcolas - 1\" width=\"980\" height=\"632\" title=\"\" srcset=\"https:\/\/fmp-components.com\/wp-content\/uploads\/2025\/01\/Round-Baler-Gearbox-EP2100-T3-Agricultural-Applications-1-980x6321-1.webp 980w, https:\/\/fmp-components.com\/wp-content\/uploads\/2025\/01\/Round-Baler-Gearbox-EP2100-T3-Agricultural-Applications-1-980x6321-1-480x310.webp 480w\" sizes=\"(min-width: 0px) and (max-width: 480px) 480px, (min-width: 481px) 980px, 100vw\" \/><\/td>\n<\/tr>\n<\/tbody>\n<\/table>\n<h2>Ventajas de utilizar la caja de cambios para empacadora de balas redondas FMP2100-T3<\/h2>\n<p>La caja de cambios para empacadora de empacadoras redondas FMP2100-T3 ofrece varias ventajas que la convierten en una opci\u00f3n ideal para aplicaciones agr\u00edcolas, en particular para el funcionamiento eficiente de las empacadoras de empacadoras redondas. A continuaci\u00f3n se detallan las principales ventajas:<\/p>\n<p><strong>Alta durabilidad y confiabilidad<\/strong><\/p>\n<ul>\n<li>Beneficio: El dise\u00f1o robusto y los materiales de alta calidad, como el acero aleado y el hierro fundido, garantizan que la caja de cambios pueda soportar las duras condiciones agr\u00edcolas, reduciendo la probabilidad de desgaste y aver\u00edas.<\/li>\n<li>Ventaja: Esto mejora la vida \u00fatil de la caja de cambios, permitiendo un funcionamiento continuo sin necesidad de sustituciones o reparaciones frecuentes.<\/li>\n<\/ul>\n<p><strong>Transmisi\u00f3n de potencia eficiente<\/strong><\/p>\n<ul>\n<li>Beneficio: Los engranajes de alta ingenier\u00eda y los ejes de alta resistencia garantizan una transferencia eficiente de potencia desde la toma de fuerza del tractor a la empacadora.<\/li>\n<li>Ventaja: Esto da como resultado una formaci\u00f3n de pacas uniforme y consistente, lo que reduce el esfuerzo operativo del equipo y mejora la productividad general.<\/li>\n<\/ul>\n<p><strong>Dise\u00f1o compacto y que ahorra espacio<\/strong><\/p>\n<ul>\n<li>Ventaja: El dise\u00f1o compacto de la caja de cambios FMP2100-T3 permite una f\u00e1cil integraci\u00f3n con la empacadora redonda sin ocupar un espacio excesivo.<\/li>\n<li>Ventaja: Garantiza una configuraci\u00f3n optimizada y eficiente, lo cual es crucial para reducir el tama\u00f1o general de la maquinaria agr\u00edcola y mejorar la maniobrabilidad.<\/li>\n<\/ul>\n<p><strong>F\u00e1cil mantenimiento<\/strong><\/p>\n<ul>\n<li>Ventaja: La caja de cambios est\u00e1 dise\u00f1ada con un sistema de lubricaci\u00f3n f\u00e1cil de usar, juntas y componentes accesibles para un mantenimiento sencillo.<\/li>\n<li>Ventaja: Esto simplifica las tareas de mantenimiento rutinarias, reduce el tiempo de inactividad y disminuye el costo total de propiedad.<\/li>\n<\/ul>\n<p><strong>Rendimiento \u00f3ptimo bajo cargas pesadas<\/strong><\/p>\n<ul>\n<li>Beneficio: El FMP2100-T3 est\u00e1 dise\u00f1ado para funcionar de manera eficiente bajo cargas de trabajo pesadas, ofreciendo una alta capacidad de par y una m\u00ednima p\u00e9rdida de potencia.<\/li>\n<li>Ventaja: Esto la convierte en una soluci\u00f3n ideal para el manejo de grandes vol\u00famenes de material, como heno y paja, con un alto rendimiento incluso en condiciones dif\u00edciles.<\/li>\n<\/ul>\n<p>La caja de cambios para empacadoras redondas FMP2100-T3 ofrece una combinaci\u00f3n de fiabilidad, eficiencia y facilidad de uso, lo que la convierte en una excelente opci\u00f3n para mejorar el rendimiento de las empacadoras redondas agr\u00edcolas.<\/p>\n<table style=\"width: 98.0248%; height: 103px;\" width=\"136\">\n<tbody>\n<tr style=\"height: 45px;\">\n<td style=\"height: 45px; width: 49.7243%;\" width=\"72\"><img loading=\"lazy\" decoding=\"async\" class=\"alignnone size-full wp-image-2531\" src=\"https:\/\/fmp-components.com\/wp-content\/uploads\/2025\/01\/Round-Baler-Gearbox-EP2100-T3-Agricultural-Applications-3.webp\" alt=\"Caja de cambios para empacadora de empacadora redonda FMP2100-T3 - Aplicaciones agr\u00edcolas - 3\" width=\"980\" height=\"632\" title=\"\" srcset=\"https:\/\/fmp-components.com\/wp-content\/uploads\/2025\/01\/Round-Baler-Gearbox-EP2100-T3-Agricultural-Applications-3.webp 980w, https:\/\/fmp-components.com\/wp-content\/uploads\/2025\/01\/Round-Baler-Gearbox-EP2100-T3-Agricultural-Applications-3-480x310.webp 480w\" sizes=\"(min-width: 0px) and (max-width: 480px) 480px, (min-width: 481px) 980px, 100vw\" \/><\/td>\n<td style=\"height: 45px; width: 49.6141%;\" width=\"64\"><img loading=\"lazy\" decoding=\"async\" class=\"alignnone size-full wp-image-2527\" src=\"https:\/\/fmp-components.com\/wp-content\/uploads\/2025\/01\/Round-Baler-Gearbox-EP2100-T3-Agricultural-Applications-4-980x6321-1.webp\" alt=\"Caja de cambios de la empacadora de balas redondas\" width=\"980\" height=\"632\" title=\"\" srcset=\"https:\/\/fmp-components.com\/wp-content\/uploads\/2025\/01\/Round-Baler-Gearbox-EP2100-T3-Agricultural-Applications-4-980x6321-1.webp 980w, https:\/\/fmp-components.com\/wp-content\/uploads\/2025\/01\/Round-Baler-Gearbox-EP2100-T3-Agricultural-Applications-4-980x6321-1-480x310.webp 480w\" sizes=\"(min-width: 0px) and (max-width: 480px) 480px, (min-width: 481px) 980px, 100vw\" \/><\/td>\n<\/tr>\n<\/tbody>\n<\/table>\n<h2>Caja de cambios para empacadora de balas redondas FMP2100-T3. Aplicaciones en agricultura.<\/h2>\n<p>La caja de cambios para empacadoras de pacas redondas FMP2100-T3 est\u00e1 dise\u00f1ada espec\u00edficamente para su uso en maquinaria agr\u00edcola, con el objetivo de optimizar el funcionamiento de las empacadoras de pacas redondas. A continuaci\u00f3n se detallan las principales aplicaciones de esta caja de cambios en la agricultura:<\/p>\n<p><strong>Operaciones de empacado redondo<\/strong><\/p>\n<ul>\n<li>Aplicaci\u00f3n: La caja de cambios FMP2100-T3 se utiliza principalmente en empacadoras redondas, una pieza clave del equipo para las operaciones agr\u00edcolas que cosechan cultivos como heno, paja y ensilaje.<\/li>\n<li>Beneficio: Garantiza la formaci\u00f3n eficiente de pacas redondas uniformes, mejorando la productividad y permitiendo a los agricultores recoger y almacenar de forma r\u00e1pida y eficaz el material de la cosecha para su posterior uso o venta.<\/li>\n<\/ul>\n<p><strong>Cosecha de heno y forraje<\/strong><\/p>\n<ul>\n<li>Aplicaci\u00f3n: La caja de cambios es ideal para su uso en maquinaria de recolecci\u00f3n de heno y forraje, donde la empacadora redonda accionada por la toma de fuerza comprime la hierba cortada en pacas para su almacenamiento o transporte.<\/li>\n<li>Beneficio: La caja de cambios transmite la potencia de manera eficiente para adaptarse a las diferentes condiciones de los cultivos, garantizando el procesamiento eficaz de heno seco, ensilado y otros materiales forrajeros.<\/li>\n<\/ul>\n<p><strong>Producci\u00f3n de ensilaje<\/strong><\/p>\n<ul>\n<li>Aplicaci\u00f3n: En la producci\u00f3n de ensilado, la caja de cambios juega un papel crucial en el accionamiento de las empacadoras redondas utilizadas para compactar y almacenar el ensilado.<\/li>\n<li>Beneficio: Las balas de ensilado son esenciales para la alimentaci\u00f3n animal, especialmente en regiones con temporadas de pastoreo limitadas, y la caja de cambios garantiza un funcionamiento fiable y eficiente del proceso de empacado, incluso con materiales h\u00famedos y densos.<\/li>\n<\/ul>\n<p><strong>Colecci\u00f3n de paja<\/strong><\/p>\n<ul>\n<li>Aplicaci\u00f3n: En las operaciones posteriores a la cosecha, la caja de cambios FMP2100-T3 se utiliza para la recolecci\u00f3n de paja en campos de granos y cereales.<\/li>\n<li>Beneficio: La caja de cambios permite la compactaci\u00f3n eficiente de la paja en balas, que pueden utilizarse como cama para animales, alimento para animales o como biocombustible, mejorando as\u00ed el valor derivado de los cultivos cosechados.<\/li>\n<\/ul>\n<p><strong>Cosecha mixta<\/strong><\/p>\n<ul>\n<li>Aplicaci\u00f3n: La caja de cambios es vers\u00e1til y puede utilizarse en aplicaciones de cosecha de cultivos mixtos donde se empacan diferentes tipos de material (hierba, heno, paja, etc.) utilizando la misma empacadora redonda.<\/li>\n<li>Beneficio: La FMP2100-T3 garantiza la compatibilidad con una variedad de cultivos, lo que la convierte en una opci\u00f3n ideal para los agricultores que realizan diversas operaciones agr\u00edcolas y requieren equipos adaptables.<\/li>\n<\/ul>\n<p>La caja de cambios para empacadora de pacas redondas FMP2100-T3 es un componente altamente vers\u00e1til y fiable para una amplia gama de aplicaciones agr\u00edcolas, especialmente en la producci\u00f3n de forraje, ensilado, paja y biomasa. Su eficiencia y durabilidad garantizan el buen funcionamiento de la empacadora, mejorando la productividad y optimizando el almacenamiento de los cultivos para diversas necesidades agr\u00edcolas.<\/p>\n<p><img loading=\"lazy\" decoding=\"async\" class=\"alignnone size-full wp-image-2528\" src=\"https:\/\/fmp-components.com\/wp-content\/uploads\/2025\/01\/Using-the-Round-Baler-Gearbox-EP2100-T3-Advantages1-scaled.webp\" alt=\"Caja de cambios para empacadora de balas redondas FMP2100-T3\" width=\"2560\" height=\"1421\" title=\"\" srcset=\"https:\/\/fmp-components.com\/wp-content\/uploads\/2025\/01\/Using-the-Round-Baler-Gearbox-EP2100-T3-Advantages1-scaled.webp 2560w, https:\/\/fmp-components.com\/wp-content\/uploads\/2025\/01\/Using-the-Round-Baler-Gearbox-EP2100-T3-Advantages1-1280x711.webp 1280w, https:\/\/fmp-components.com\/wp-content\/uploads\/2025\/01\/Using-the-Round-Baler-Gearbox-EP2100-T3-Advantages1-980x544.webp 980w, https:\/\/fmp-components.com\/wp-content\/uploads\/2025\/01\/Using-the-Round-Baler-Gearbox-EP2100-T3-Advantages1-480x266.webp 480w\" sizes=\"(min-width: 0px) and (max-width: 480px) 480px, (min-width: 481px) and (max-width: 980px) 980px, (min-width: 981px) and (max-width: 1280px) 1280px, (min-width: 1281px) 2560px, 100vw\" \/><\/p>\n<h3>Acerca de FMP<\/h3>\n<p>Con sede en Italia, FMP es un fabricante l\u00edder reconocido por su experiencia en el dise\u00f1o, desarrollo y producci\u00f3n de cajas de engranajes de alto rendimiento, con especial atenci\u00f3n al sector de la maquinaria agr\u00edcola. Con una reputaci\u00f3n de ingenier\u00eda de precisi\u00f3n, soluciones innovadoras y una fiabilidad inquebrantable, FMP se ha convertido en un socio de confianza para satisfacer las necesidades cambiantes de los sectores agr\u00edcola e industrial. Nuestra diversa gama de productos incluye cajas de engranajes especializadas para cortac\u00e9spedes, ejes de toma de fuerza y otros componentes esenciales, todos meticulosamente dise\u00f1ados para ofrecer soluciones personalizadas en una amplia gama de aplicaciones.<\/p>\n<p>En FMP, comprendemos que cada cliente tiene necesidades y desaf\u00edos \u00fanicos. Por eso nos especializamos en ofrecer soluciones a medida, ya sea para componentes individuales o para sistemas totalmente integrados. Trabajamos en estrecha colaboraci\u00f3n con nuestros clientes para garantizar que cada soluci\u00f3n sea eficaz y eficiente, optimizando tanto el rendimiento como el valor. Nuestro compromiso con respuestas r\u00e1pidas y profesionales, junto con la orientaci\u00f3n experta, garantiza que cada consulta se trate con el m\u00e1ximo cuidado y precisi\u00f3n, lo que se traduce en los mejores resultados posibles.<\/p>\n<p>Priorizamos la comunicaci\u00f3n abierta y continua durante todo el proceso de desarrollo de productos. Nuestro equipo especializado trabaja directamente con los clientes para comprender plenamente sus necesidades espec\u00edficas, ofreciendo informaci\u00f3n valiosa y recomendaciones para garantizar soluciones \u00f3ptimas. Ya sea dise\u00f1ando productos innovadores o atendiendo pedidos en curso, FMP se compromete a entregar soluciones de alta calidad y precisi\u00f3n, siempre a tiempo. Nuestro objetivo es brindar a nuestros clientes el mejor servicio y los mejores resultados, superando las expectativas en cada proyecto.<\/p>\n<p>La calidad es la piedra angular de las operaciones de FMP. Nos adherimos a los m\u00e1s altos est\u00e1ndares de fabricaci\u00f3n e implementamos rigurosos controles de calidad para garantizar que cada producto no solo cumpla, sino que supere los est\u00e1ndares de la industria. Este firme compromiso con la calidad, sumado a nuestros valores fundamentales de integridad, trabajo en equipo y perseverancia, nos ha permitido forjar relaciones duraderas y de confianza con clientes en casi 30 pa\u00edses de todo el mundo.<\/p>\n<p>En FMP, siempre estamos abiertos a fomentar colaboraciones globales y nos dedicamos a ofrecer asesoramiento experto y soluciones personalizadas que satisfagan las diversas necesidades de nuestros clientes. Vamos m\u00e1s all\u00e1 del simple suministro de productos; nuestro objetivo es construir relaciones duraderas que contribuyan al \u00e9xito de cada proyecto. Ya sea que necesite soluciones innovadoras para una nueva iniciativa o soporte continuo para un sistema existente, en FMP estamos aqu\u00ed para abordar sus desaf\u00edos t\u00e9cnicos y garantizar su \u00e9xito continuo.<\/p>\n<p><img loading=\"lazy\" decoding=\"async\" class=\"alignnone size-full wp-image-1861\" src=\"https:\/\/fmp-components.com\/wp-content\/uploads\/2024\/12\/Other-Agricultural-Gearboxes.webp\" sizes=\"(min-width: 0px) and (max-width: 480px) 480px, (min-width: 481px) and (max-width: 980px) 980px, (min-width: 981px) 1200px, 100vw\" srcset=\"https:\/\/fmp-components.com\/wp-content\/uploads\/2024\/12\/Other-Agricultural-Gearboxes.webp 1200w, https:\/\/fmp-components.com\/wp-content\/uploads\/2024\/12\/Other-Agricultural-Gearboxes-980x1143.webp 980w, https:\/\/fmp-components.com\/wp-content\/uploads\/2024\/12\/Other-Agricultural-Gearboxes-480x560.webp 480w\" alt=\"Otros cambios agr\u00edcolas\" width=\"1200\" height=\"1400\" title=\"\"><\/p>\n<p>Autor: CX<\/p>","protected":false},"excerpt":{"rendered":"<p>Round Baler Gearbox FMP2100-T3 Technical Data i Suitable Rpm input Rpm output KW(Nom) Output torque Toothing r\/min r\/min hp N.m Decelerate 2.1 :1 Round baler, harvester, etc 540 257 80 100 Gleason Helical Teeth Remark: If you have any special require feel free let me know, we also accept custom. Round Baler Gearbox FMP2100-T3 Component [&hellip;]<\/p>","protected":false},"featured_media":2524,"comment_status":"open","ping_status":"closed","template":"","meta":{"_et_pb_use_builder":"","_et_pb_old_content":"","_et_gb_content_width":""},"product_brand":[],"product_cat":[59],"product_tag":[],"class_list":{"0":"post-2523","1":"product","2":"type-product","3":"status-publish","4":"has-post-thumbnail","6":"product_cat-round-baler-gearbox","8":"first","9":"instock","10":"shipping-taxable","11":"product-type-simple"},"_links":{"self":[{"href":"https:\/\/fmp-components.com\/es\/wp-json\/wp\/v2\/product\/2523","targetHints":{"allow":["GET"]}}],"collection":[{"href":"https:\/\/fmp-components.com\/es\/wp-json\/wp\/v2\/product"}],"about":[{"href":"https:\/\/fmp-components.com\/es\/wp-json\/wp\/v2\/types\/product"}],"replies":[{"embeddable":true,"href":"https:\/\/fmp-components.com\/es\/wp-json\/wp\/v2\/comments?post=2523"}],"wp:featuredmedia":[{"embeddable":true,"href":"https:\/\/fmp-components.com\/es\/wp-json\/wp\/v2\/media\/2524"}],"wp:attachment":[{"href":"https:\/\/fmp-components.com\/es\/wp-json\/wp\/v2\/media?parent=2523"}],"wp:term":[{"taxonomy":"product_brand","embeddable":true,"href":"https:\/\/fmp-components.com\/es\/wp-json\/wp\/v2\/product_brand?post=2523"},{"taxonomy":"product_cat","embeddable":true,"href":"https:\/\/fmp-components.com\/es\/wp-json\/wp\/v2\/product_cat?post=2523"},{"taxonomy":"product_tag","embeddable":true,"href":"https:\/\/fmp-components.com\/es\/wp-json\/wp\/v2\/product_tag?post=2523"}],"curies":[{"name":"gracias","href":"https:\/\/api.w.org\/{rel}","templated":true}]}}