{"id":2302,"date":"2024-12-31T07:39:57","date_gmt":"2024-12-31T07:39:57","guid":{"rendered":"https:\/\/fmp-components.com\/?page_id=8"},"modified":"2024-12-31T07:45:18","modified_gmt":"2024-12-31T07:45:18","slug":"center-pivot-irrigation-sprinkler-gearbox-replacement-of-valley-umc-zimmatic-gearbox","status":"publish","type":"product","link":"https:\/\/fmp-components.com\/es\/product\/center-pivot-irrigation-sprinkler-gearbox-replacement-of-valley-umc-zimmatic-gearbox\/","title":{"rendered":"Caja de engranajes para aspersores de riego de pivote central: reemplazo de la caja de engranajes Valley, UMC y Zimmatic"},"content":{"rendered":"<p><img loading=\"lazy\" decoding=\"async\" class=\"alignnone size-full wp-image-2308\" src=\"https:\/\/fmp-components.com\/wp-content\/uploads\/2024\/12\/irrigation-pivot-gearbox-scaled-1.webp\" alt=\"caja de cambios de pivote central\" width=\"2560\" height=\"1215\" title=\"\" srcset=\"https:\/\/fmp-components.com\/wp-content\/uploads\/2024\/12\/irrigation-pivot-gearbox-scaled-1.webp 2560w, https:\/\/fmp-components.com\/wp-content\/uploads\/2024\/12\/irrigation-pivot-gearbox-scaled-1-1280x608.webp 1280w, https:\/\/fmp-components.com\/wp-content\/uploads\/2024\/12\/irrigation-pivot-gearbox-scaled-1-980x465.webp 980w, https:\/\/fmp-components.com\/wp-content\/uploads\/2024\/12\/irrigation-pivot-gearbox-scaled-1-480x228.webp 480w\" sizes=\"(min-width: 0px) and (max-width: 480px) 480px, (min-width: 481px) and (max-width: 980px) 980px, (min-width: 981px) and (max-width: 1280px) 1280px, (min-width: 1281px) 2560px, 100vw\" \/><\/p>\n<p style=\"text-align: center;\"><span style=\"font-size: 18pt;\">Caja de engranajes para aspersores de riego de pivote central: reemplazo de la caja de engranajes Valley, UMC y Zimmatic<\/span><\/p>\n<p>La caja de engranajes para aspersores de riego de pivote central, reemplazo de la caja de engranajes Valley, UMC y Zimmatic, es una caja de engranajes de alto rendimiento dise\u00f1ada para reemplazar directamente las populares cajas de engranajes Valley, UMC y Zimmatic utilizadas en sistemas de riego de pivote central. Dise\u00f1ada para brindar confiabilidad y durabilidad, esta caja de engranajes garantiza el funcionamiento eficiente de los sistemas de aspersores, contribuyendo a una distribuci\u00f3n uniforme del agua en los campos agr\u00edcolas. Dise\u00f1ada para satisfacer las exigentes necesidades del riego moderno, esta caja de engranajes de repuesto ofrece un rendimiento mejorado, menores costos de mantenimiento y mayor durabilidad, lo que la convierte en la soluci\u00f3n ideal para una amplia gama de aplicaciones de riego.<\/p>\n<p><img loading=\"lazy\" decoding=\"async\" class=\"wp-image-2306 aligncenter\" src=\"https:\/\/fmp-components.com\/wp-content\/uploads\/2024\/12\/center-pivot-irrigation-gearbox.webp\" alt=\"caja de cambios de pivote central\" width=\"709\" height=\"709\" title=\"\" srcset=\"https:\/\/fmp-components.com\/wp-content\/uploads\/2024\/12\/center-pivot-irrigation-gearbox.webp 350w, https:\/\/fmp-components.com\/wp-content\/uploads\/2024\/12\/center-pivot-irrigation-gearbox-300x300.webp 300w, https:\/\/fmp-components.com\/wp-content\/uploads\/2024\/12\/center-pivot-irrigation-gearbox-150x150.webp 150w, https:\/\/fmp-components.com\/wp-content\/uploads\/2024\/12\/center-pivot-irrigation-gearbox-12x12.webp 12w, https:\/\/fmp-components.com\/wp-content\/uploads\/2024\/12\/center-pivot-irrigation-gearbox-100x100.webp 100w\" sizes=\"(max-width: 709px) 100vw, 709px\" \/><\/p>\n<h3>Caracter\u00edsticas principales:<\/h3>\n<ol>\n<li>Alta durabilidad y resistencia<br \/>\nLa caja de engranajes de repuesto est\u00e1 fabricada con materiales de alta resistencia, como acero reforzado y aleaciones duraderas, lo que garantiza su resistencia a las duras condiciones de uso continuo en sistemas de riego. Dise\u00f1ada para funcionar de forma fiable con cargas pesadas y un alto par motor, ofrece una larga vida \u00fatil, incluso en entornos agr\u00edcolas exigentes, lo que reduce la frecuencia de reemplazos y reparaciones.<\/li>\n<li>Transmisi\u00f3n de potencia eficiente<br \/>\nDise\u00f1ada para ofrecer una transmisi\u00f3n de potencia suave y eficiente, esta caja de cambios garantiza una rotaci\u00f3n \u00f3ptima del sistema de riego de pivote central. Convierte la potencia de la toma de fuerza (TDF) del tractor, impulsando el sistema de aspersores con velocidad y precisi\u00f3n constantes. La caja de cambios mantiene un rendimiento fiable a la vez que minimiza la p\u00e9rdida de energ\u00eda, lo que ayuda a optimizar la cobertura de agua y a reducir los costes operativos.<\/li>\n<li>Ajuste y compatibilidad perfectos<br \/>\nEsta caja de engranajes de repuesto est\u00e1 dise\u00f1ada para integrarse perfectamente con los sistemas de riego de pivote central Valley, UMC y Zimmatic. Su compatibilidad con los conjuntos de engranajes de aspersores existentes garantiza una instalaci\u00f3n sencilla, lo que la convierte en una soluci\u00f3n pr\u00e1ctica y econ\u00f3mica para reemplazar cajas de engranajes desgastadas o da\u00f1adas. Su f\u00e1cil instalaci\u00f3n minimiza el tiempo de inactividad del sistema, garantizando as\u00ed su funcionamiento eficiente.<\/li>\n<\/ol>\n<p>La caja de engranajes para aspersores de riego de pivote central, reemplazo de la caja de engranajes Valley, UMC y Zimmatic, es la soluci\u00f3n ideal para actualizar o reemplazar cajas de engranajes en sistemas de riego de pivote central. Gracias a su construcci\u00f3n duradera, transmisi\u00f3n de potencia eficiente y compatibilidad con los sistemas est\u00e1ndar de la industria, proporciona un rendimiento confiable y duradero para aplicaciones de riego agr\u00edcola, paisaj\u00edstico y hort\u00edcola. Esta caja de engranajes de repuesto est\u00e1 dise\u00f1ada para un bajo mantenimiento, f\u00e1cil instalaci\u00f3n y una eficiencia \u00f3ptima, lo que la convierte en la opci\u00f3n ideal para mejorar el rendimiento y la confiabilidad de su sistema de riego.<\/p>\n<h2>Especificaciones de la caja de engranajes de riego de pivote central<\/h2>\n<p><img loading=\"lazy\" decoding=\"async\" class=\"alignnone  wp-image-2307\" src=\"https:\/\/fmp-components.com\/wp-content\/uploads\/2024\/12\/irrigation-pivot-gearbox-dimensions.webp\" alt=\"caja de cambios de pivote central\" width=\"901\" height=\"795\" title=\"\" srcset=\"https:\/\/fmp-components.com\/wp-content\/uploads\/2024\/12\/irrigation-pivot-gearbox-dimensions.webp 901w, https:\/\/fmp-components.com\/wp-content\/uploads\/2024\/12\/irrigation-pivot-gearbox-dimensions-480x424.webp 480w\" sizes=\"(min-width: 0px) and (max-width: 480px) 480px, (min-width: 481px) 901px, 100vw\" \/><\/p>\n<table class=\"all magic-10\" style=\"width: 100.068%; height: 322px;\" border=\"1\">\n<tbody>\n<tr>\n<td>\n<div class=\"magic-11\"><strong>Velocidad de entrada<\/strong><\/div>\n<\/td>\n<td>\n<div class=\"magic-12\">&lt;1500 rpm<\/div>\n<\/td>\n<\/tr>\n<tr>\n<td>\n<div class=\"magic-11\"><strong>Material del cuerpo<\/strong><\/div>\n<\/td>\n<td>\n<div class=\"magic-12\">Hierro fundido<\/div>\n<\/td>\n<\/tr>\n<tr>\n<td>\n<div class=\"magic-11\"><strong>Estilo de entrada<\/strong><\/div>\n<\/td>\n<td>\n<div class=\"magic-12\">eje s\u00f3lido<\/div>\n<\/td>\n<\/tr>\n<tr>\n<td>\n<div class=\"magic-11\"><strong>Estilo de salida<\/strong><\/div>\n<\/td>\n<td>\n<div class=\"magic-12\">Brida de conexi\u00f3n del cubo<\/div>\n<\/td>\n<\/tr>\n<tr>\n<td>\n<div class=\"magic-13\"><strong>Otro<\/strong><br \/>\n<strong>caracter\u00edsticas<\/strong><\/div>\n<\/td>\n<td>\n<div class=\"magic-12\">caja de engranajes de la m\u00e1quina de riego<\/div>\n<\/td>\n<\/tr>\n<tr>\n<td>\n<div class=\"magic-13\"><strong>Orientaci\u00f3n del eje<\/strong><\/div>\n<\/td>\n<td>\n<div class=\"magic-12\">90 grados verticalmente<\/div>\n<\/td>\n<\/tr>\n<tr>\n<td>\n<div class=\"magic-11\"><strong>Tipo de engranaje<\/strong><\/div>\n<\/td>\n<td>\n<div class=\"magic-12\">Caja de engranajes de tornillo sin fin<\/div>\n<\/td>\n<\/tr>\n<tr>\n<td>\n<div class=\"magic-11\"><strong>Camino fijo<\/strong><\/div>\n<\/td>\n<td>\n<div class=\"magic-12\">brida<\/div>\n<\/td>\n<\/tr>\n<tr>\n<td>\n<div class=\"magic-11\"><strong>Relaci\u00f3n<\/strong><\/div>\n<\/td>\n<td>\n<div class=\"magic-12\">50:1<\/div>\n<\/td>\n<\/tr>\n<tr>\n<td>\n<div class=\"magic-11\"><strong>Par de salida<\/strong><\/div>\n<\/td>\n<td>\n<div class=\"magic-12\">Est\u00e1ndar<\/div>\n<\/td>\n<\/tr>\n<tr>\n<td>\n<div class=\"magic-11\"><strong>Otros par\u00e1metros<\/strong><\/div>\n<\/td>\n<td>\n<div class=\"magic-12\">Puede reemplazar cajas de cambios UMC, DURST, ZIMMATIC y Valley<\/div>\n<\/td>\n<\/tr>\n<\/tbody>\n<\/table>\n<h2>Caracter\u00edsticas de la caja de cambios de pivote central<\/h2>\n<p>La caja de engranajes de pivote central es un componente esencial en los sistemas de riego, responsable de impulsar la rotaci\u00f3n del brazo pivotante y garantizar la distribuci\u00f3n uniforme del agua en los campos agr\u00edcolas. Estas cajas de engranajes est\u00e1n dise\u00f1adas para ofrecer alta eficiencia, durabilidad y rendimiento en condiciones exigentes, lo que las convierte en un componente esencial de las instalaciones de riego modernas. A continuaci\u00f3n, se presentan las caracter\u00edsticas clave que hacen de la caja de engranajes de pivote central una soluci\u00f3n fiable y eficiente para el riego agr\u00edcola:<\/p>\n<p><strong>Alta capacidad de torque y durabilidad<\/strong><\/p>\n<p>Las cajas de engranajes de pivote central est\u00e1n dise\u00f1adas para soportar un alto par y cargas pesadas, lo que garantiza una rotaci\u00f3n constante del brazo pivotante del sistema de riego. Fabricadas con materiales de alta resistencia, como acero reforzado, estas cajas de engranajes est\u00e1n dise\u00f1adas para soportar el estr\u00e9s y la tensi\u00f3n propios de un funcionamiento continuo, incluso en condiciones clim\u00e1ticas extremas y condiciones agr\u00edcolas rigurosas. Su robusta construcci\u00f3n garantiza una larga durabilidad, reduciendo la necesidad de reparaciones o reemplazos frecuentes.<br \/>\n<strong>Transmisi\u00f3n de potencia eficiente<\/strong><\/p>\n<p>Estas cajas de engranajes transmiten eficientemente la potencia desde la toma de fuerza (TDF) del tractor hasta la estructura del pivote central. Al proporcionar la relaci\u00f3n de transmisi\u00f3n adecuada, la caja de engranajes garantiza una rotaci\u00f3n suave, distribuyendo el agua de forma \u00f3ptima por el campo. La eficiente transmisi\u00f3n de potencia reduce el consumo de energ\u00eda y minimiza la fricci\u00f3n, lo que contribuye a la eficiencia general del sistema de riego. Esta transferencia de potencia fiable ayuda a mantener un proceso de riego constante, vital para la salud de los cultivos.<br \/>\n<strong>Bajo mantenimiento y rentable<\/strong><\/p>\n<p>Dise\u00f1adas para un mantenimiento m\u00ednimo, las cajas de engranajes de pivote central est\u00e1n fabricadas con rodamientos sellados y engranajes de precisi\u00f3n que reducen el desgaste. Este dise\u00f1o ayuda a prolongar la vida \u00fatil de la caja de engranajes y reduce los costos de mantenimiento a largo plazo. Las inspecciones y la lubricaci\u00f3n regulares suelen ser suficientes para mantener la caja de engranajes en buen estado de funcionamiento, lo que garantiza bajos costos operativos y reduce el tiempo de inactividad durante las temporadas de riego.<\/p>\n<p><img loading=\"lazy\" decoding=\"async\" class=\"size-full wp-image-2310 aligncenter\" src=\"https:\/\/fmp-components.com\/wp-content\/uploads\/2024\/12\/center-pivot-gearbox.webp\" alt=\"caja de cambios de pivote central\" width=\"400\" height=\"400\" title=\"\" srcset=\"https:\/\/fmp-components.com\/wp-content\/uploads\/2024\/12\/center-pivot-gearbox.webp 400w, https:\/\/fmp-components.com\/wp-content\/uploads\/2024\/12\/center-pivot-gearbox-300x300.webp 300w, https:\/\/fmp-components.com\/wp-content\/uploads\/2024\/12\/center-pivot-gearbox-150x150.webp 150w, https:\/\/fmp-components.com\/wp-content\/uploads\/2024\/12\/center-pivot-gearbox-12x12.webp 12w, https:\/\/fmp-components.com\/wp-content\/uploads\/2024\/12\/center-pivot-gearbox-100x100.webp 100w\" sizes=\"(max-width: 400px) 100vw, 400px\" \/><br \/>\n<strong>Dise\u00f1o resistente a la intemperie y a la intemperie<\/strong><\/p>\n<p>Las cajas de engranajes de pivote central est\u00e1n dise\u00f1adas para soportar las duras condiciones ambientales t\u00edpicas de los entornos agr\u00edcolas. Con sellos resistentes a la intemperie, recubrimientos resistentes a la corrosi\u00f3n y componentes reforzados, estas cajas de engranajes est\u00e1n dise\u00f1adas para funcionar eficazmente en cualquier condici\u00f3n clim\u00e1tica, desde lluvias intensas hasta altas temperaturas. Su dise\u00f1o resistente a la intemperie garantiza que la caja de engranajes se mantenga funcional y eficiente, independientemente de las condiciones externas, lo que contribuye a la fiabilidad del sistema de riego durante todo el a\u00f1o.<br \/>\n<strong>Versatilidad y compatibilidad<\/strong><\/p>\n<p>Las cajas de engranajes de pivote central son muy vers\u00e1tiles y se integran f\u00e1cilmente en diversos sistemas de riego, independientemente del fabricante o modelo. Est\u00e1n dise\u00f1adas para ser compatibles con diferentes configuraciones de pivote central, como las utilizadas por los sistemas Valley, UMC y Zimmatic. Esta versatilidad garantiza que la caja de engranajes se pueda utilizar en una amplia gama de aplicaciones agr\u00edcolas, desde la agricultura a gran escala hasta operaciones m\u00e1s peque\u00f1as y especializadas, proporcionando una distribuci\u00f3n \u00f3ptima del agua y un rendimiento fiable.<\/p>\n<p>La caja de engranajes de pivote central es un componente esencial en los sistemas de riego modernos, ya que ofrece alta capacidad de par, transmisi\u00f3n de potencia eficiente, bajo mantenimiento y gran durabilidad. Con caracter\u00edsticas de resistencia a la intemperie y compatibilidad vers\u00e1til, estas cajas de engranajes ofrecen soluciones confiables y rentables para explotaciones agr\u00edcolas de todos los tama\u00f1os. Su dise\u00f1o garantiza un riego uniforme y constante, lo que contribuye a un mejor rendimiento de los cultivos y una gesti\u00f3n m\u00e1s eficiente del agua.<\/p>\n<p><img loading=\"lazy\" decoding=\"async\" class=\"alignnone wp-image-2309\" src=\"https:\/\/fmp-components.com\/wp-content\/uploads\/2024\/12\/center-pivot-irrigation-gearbox-1.webp\" alt=\"caja de cambios de pivote central\" width=\"928\" height=\"440\" title=\"\" srcset=\"https:\/\/fmp-components.com\/wp-content\/uploads\/2024\/12\/center-pivot-irrigation-gearbox-1.webp 928w, https:\/\/fmp-components.com\/wp-content\/uploads\/2024\/12\/center-pivot-irrigation-gearbox-1-480x228.webp 480w\" sizes=\"(min-width: 0px) and (max-width: 480px) 480px, (min-width: 481px) 928px, 100vw\" \/><\/p>\n<h2>Ejes de toma de fuerza para caja de engranajes de riego de pivote central<\/h2>\n<p>Los ejes de toma de fuerza (TDF) para cajas de engranajes de riego de pivote central son componentes esenciales en los sistemas de riego modernos, ya que permiten la transferencia de potencia desde el sistema de toma de fuerza (TDF) del tractor a la caja de engranajes de riego, que impulsa el mecanismo de pivote central. Estos ejes garantizan un funcionamiento suave y fiable de los sistemas de riego de pivote central al transferir eficientemente la energ\u00eda rotacional para girar el pivote, garantizando as\u00ed una distribuci\u00f3n de agua uniforme y constante en grandes \u00e1reas agr\u00edcolas. Dise\u00f1ados para aplicaciones de alta resistencia, los ejes de toma de fuerza est\u00e1n fabricados para soportar los rigores del funcionamiento continuo en entornos agr\u00edcolas exigentes.<\/p>\n<p><strong>Transferencia de energ\u00eda eficiente<\/strong><\/p>\n<p>Los ejes de la TDF para cajas de engranajes de riego de pivote central est\u00e1n dise\u00f1ados para proporcionar una transmisi\u00f3n eficiente de potencia desde la TDF del tractor hasta la caja de engranajes, que a su vez impulsa el pivote central. Esta transferencia fluida de energ\u00eda garantiza un funcionamiento fluido del sistema de riego, con m\u00ednima p\u00e9rdida de potencia. La precisi\u00f3n del dise\u00f1o de la TDF permite mantener una velocidad de rotaci\u00f3n constante, garantizando una distribuci\u00f3n uniforme y precisa del agua en el campo, fundamental para la salud y el crecimiento de los cultivos.<\/p>\n<p><strong>Durabilidad y resistencia<\/strong><\/p>\n<p>Fabricados con acero de alta resistencia y otros materiales duraderos, los ejes de toma de fuerza para cajas de engranajes de riego de pivote central est\u00e1n dise\u00f1ados para soportar un alto par, cargas pesadas y las exigentes condiciones ambientales t\u00edpicas de las aplicaciones agr\u00edcolas. Estos ejes est\u00e1n dise\u00f1ados para una larga vida \u00fatil, capaces de soportar un uso continuo sin comprometer el rendimiento. Su robusta construcci\u00f3n garantiza fiabilidad y durabilidad incluso en condiciones clim\u00e1ticas adversas, como calor extremo, lluvia o polvo, lo que los convierte en la opci\u00f3n ideal para operaciones agr\u00edcolas que requieren un uso intensivo a largo plazo.<\/p>\n<p><strong>Personalizaci\u00f3n para aplicaciones espec\u00edficas<\/strong><\/p>\n<p>Para adaptarse a diversos tipos de sistemas de riego de pivote central y configuraciones de tractores, los ejes de toma de fuerza est\u00e1n disponibles en una variedad de tama\u00f1os, longitudes y dise\u00f1os. Esta personalizaci\u00f3n garantiza un ajuste perfecto a los requisitos operativos espec\u00edficos de los diferentes sistemas de riego. Tanto si el sistema se utiliza para la agricultura a gran escala como para operaciones m\u00e1s peque\u00f1as, los ejes de toma de fuerza se pueden adaptar a las necesidades espec\u00edficas de cada aplicaci\u00f3n, garantizando una transmisi\u00f3n de potencia eficiente y un rendimiento \u00f3ptimo del sistema.<\/p>\n<p><strong>Seguridad y protecci\u00f3n<\/strong><\/p>\n<p>La seguridad es una prioridad fundamental al operar ejes de toma de fuerza para cajas de engranajes de riego de pivote central. Estos ejes est\u00e1n equipados con caracter\u00edsticas de protecci\u00f3n como pasadores de seguridad y escudos de protecci\u00f3n. El pasador de seguridad est\u00e1 dise\u00f1ado para romperse bajo carga excesiva, lo que evita da\u00f1os a la caja de engranajes y otros componentes del sistema. Los escudos de protecci\u00f3n recubren las partes m\u00f3viles del eje de toma de fuerza, lo que reduce el riesgo de lesiones a operadores y transe\u00fantes. Estos mecanismos de seguridad garantizan el funcionamiento seguro del sistema de riego, protegiendo tanto al equipo como al personal.<\/p>\n<p><strong>Bajo mantenimiento y f\u00e1cil instalaci\u00f3n<\/strong><\/p>\n<p>Los ejes de toma de fuerza para cajas de engranajes de riego de pivote central requieren un mantenimiento m\u00ednimo. La lubricaci\u00f3n regular y la inspecci\u00f3n peri\u00f3dica suelen ser suficientes para mantenerlos en buen estado de funcionamiento. El dise\u00f1o de estos ejes de toma de fuerza facilita su instalaci\u00f3n y extracci\u00f3n, lo que facilita el mantenimiento y la sustituci\u00f3n. Esta facilidad de instalaci\u00f3n reduce el tiempo de inactividad del sistema, garantizando un funcionamiento eficiente y sin interrupciones.<\/p>\n<p>Los ejes de toma de fuerza para cajas de engranajes de riego de pivote central son esenciales para el rendimiento y la eficiencia de los sistemas de riego modernos. Fabricados para ofrecer resistencia y durabilidad, estos ejes transfieren la potencia de forma fluida desde la toma de fuerza del tractor a la caja de engranajes, garantizando un funcionamiento fluido del sistema de riego. Su construcci\u00f3n robusta, ajuste personalizable y caracter\u00edsticas de seguridad los hacen ideales para aplicaciones agr\u00edcolas. Con bajo mantenimiento y f\u00e1cil instalaci\u00f3n, los ejes de toma de fuerza ayudan a minimizar el tiempo de inactividad y a optimizar el riego, contribuyendo a un mejor rendimiento de los cultivos y a un uso m\u00e1s eficiente del agua.<\/p>\n<table style=\"width: 101.471%; height: 494px;\" width=\"136\">\n<tbody>\n<tr style=\"height: 494px;\">\n<td style=\"height: 494px; width: 50.5857%;\" width=\"72\"><img loading=\"lazy\" decoding=\"async\" class=\"alignnone  wp-image-2305\" src=\"https:\/\/fmp-components.com\/wp-content\/uploads\/2024\/12\/center-pivot-gearbox-2.webp\" alt=\"caja de cambios de pivote central\" width=\"483\" height=\"483\" title=\"\" srcset=\"https:\/\/fmp-components.com\/wp-content\/uploads\/2024\/12\/center-pivot-gearbox-2.webp 200w, https:\/\/fmp-components.com\/wp-content\/uploads\/2024\/12\/center-pivot-gearbox-2-150x150.webp 150w, https:\/\/fmp-components.com\/wp-content\/uploads\/2024\/12\/center-pivot-gearbox-2-12x12.webp 12w, https:\/\/fmp-components.com\/wp-content\/uploads\/2024\/12\/center-pivot-gearbox-2-100x100.webp 100w\" sizes=\"(max-width: 483px) 100vw, 483px\" \/><\/td>\n<td style=\"height: 494px; width: 48.6688%;\" width=\"64\"><img loading=\"lazy\" decoding=\"async\" class=\"alignnone  wp-image-2304\" src=\"https:\/\/fmp-components.com\/wp-content\/uploads\/2024\/12\/center-pivot-gearbox-1.webp\" alt=\"caja de cambios de pivote central\" width=\"473\" height=\"473\" title=\"\" srcset=\"https:\/\/fmp-components.com\/wp-content\/uploads\/2024\/12\/center-pivot-gearbox-1.webp 200w, https:\/\/fmp-components.com\/wp-content\/uploads\/2024\/12\/center-pivot-gearbox-1-150x150.webp 150w, https:\/\/fmp-components.com\/wp-content\/uploads\/2024\/12\/center-pivot-gearbox-1-12x12.webp 12w, https:\/\/fmp-components.com\/wp-content\/uploads\/2024\/12\/center-pivot-gearbox-1-100x100.webp 100w\" sizes=\"(max-width: 473px) 100vw, 473px\" \/><\/td>\n<\/tr>\n<\/tbody>\n<\/table>\n<h3>Acerca de FMP<\/h3>\n<p>Con sede en Italia, FMP es un fabricante l\u00edder reconocido por su experiencia en el dise\u00f1o, desarrollo y producci\u00f3n de cajas de engranajes de alto rendimiento, con especial atenci\u00f3n al sector de la maquinaria agr\u00edcola. Con una reputaci\u00f3n de ingenier\u00eda de precisi\u00f3n, soluciones innovadoras y una fiabilidad inquebrantable, FMP se ha convertido en un socio de confianza para satisfacer las necesidades cambiantes de los sectores agr\u00edcola e industrial. Nuestra diversa gama de productos incluye cajas de engranajes especializadas para cortac\u00e9spedes, ejes de toma de fuerza y otros componentes esenciales, todos meticulosamente dise\u00f1ados para ofrecer soluciones personalizadas en una amplia gama de aplicaciones.<\/p>\n<p>En FMP, comprendemos que cada cliente tiene necesidades y desaf\u00edos \u00fanicos. Por eso nos especializamos en ofrecer soluciones a medida, ya sea para componentes individuales o para sistemas totalmente integrados. Trabajamos en estrecha colaboraci\u00f3n con nuestros clientes para garantizar que cada soluci\u00f3n sea eficaz y eficiente, optimizando tanto el rendimiento como el valor. Nuestro compromiso con respuestas r\u00e1pidas y profesionales, junto con la orientaci\u00f3n experta, garantiza que cada consulta se trate con el m\u00e1ximo cuidado y precisi\u00f3n, lo que se traduce en los mejores resultados posibles.<\/p>\n<p>Priorizamos la comunicaci\u00f3n abierta y continua durante todo el proceso de desarrollo de productos. Nuestro equipo especializado trabaja directamente con los clientes para comprender plenamente sus necesidades espec\u00edficas, ofreciendo informaci\u00f3n valiosa y recomendaciones para garantizar soluciones \u00f3ptimas. Ya sea dise\u00f1ando productos innovadores o atendiendo pedidos en curso, FMP se compromete a entregar soluciones de alta calidad y precisi\u00f3n, siempre a tiempo. Nuestro objetivo es brindar a nuestros clientes el mejor servicio y los mejores resultados, superando las expectativas en cada proyecto.<\/p>\n<p>La calidad es la piedra angular de las operaciones de FMP. Nos adherimos a los m\u00e1s altos est\u00e1ndares de fabricaci\u00f3n e implementamos rigurosos controles de calidad para garantizar que cada producto no solo cumpla, sino que supere los est\u00e1ndares de la industria. Este firme compromiso con la calidad, sumado a nuestros valores fundamentales de integridad, trabajo en equipo y perseverancia, nos ha permitido forjar relaciones duraderas y de confianza con clientes en casi 30 pa\u00edses de todo el mundo.<\/p>\n<p>En FMP, siempre estamos abiertos a fomentar colaboraciones globales y nos dedicamos a ofrecer asesoramiento experto y soluciones personalizadas que satisfagan las diversas necesidades de nuestros clientes. Vamos m\u00e1s all\u00e1 del simple suministro de productos; nuestro objetivo es construir relaciones duraderas que contribuyan al \u00e9xito de cada proyecto. Ya sea que necesite soluciones innovadoras para una nueva iniciativa o soporte continuo para un sistema existente, en FMP estamos aqu\u00ed para abordar sus desaf\u00edos t\u00e9cnicos y garantizar su \u00e9xito continuo.<\/p>\n<p><img loading=\"lazy\" decoding=\"async\" class=\"alignnone size-full wp-image-1861\" src=\"https:\/\/fmp-components.com\/wp-content\/uploads\/2024\/12\/Other-Agricultural-Gearboxes.webp\" sizes=\"(min-width: 0px) and (max-width: 480px) 480px, (min-width: 481px) and (max-width: 980px) 980px, (min-width: 981px) 1200px, 100vw\" srcset=\"https:\/\/fmp-components.com\/wp-content\/uploads\/2024\/12\/Other-Agricultural-Gearboxes.webp 1200w, https:\/\/fmp-components.com\/wp-content\/uploads\/2024\/12\/Other-Agricultural-Gearboxes-980x1143.webp 980w, https:\/\/fmp-components.com\/wp-content\/uploads\/2024\/12\/Other-Agricultural-Gearboxes-480x560.webp 480w\" alt=\"Otros cambios agr\u00edcolas\" width=\"1200\" height=\"1400\" title=\"\"><\/p>\n<p>Autor: CX<\/p>","protected":false},"excerpt":{"rendered":"<p>Center Pivot Irrigation Sprinkler Gearbox \u2013 Replacement of Valley, UMC, Zimmatic Gearbox The Center Pivot Irrigation Sprinkler Gearbox \u2013 Replacement of Valley, UMC, Zimmatic Gearbox is a high-performance gearbox designed as a direct replacement for the popular Valley, UMC, and Zimmatic gearboxes used in center pivot irrigation systems. Engineered for reliability and durability, this gearbox [&hellip;]<\/p>","protected":false},"featured_media":2306,"comment_status":"open","ping_status":"closed","template":"","meta":{"_et_pb_use_builder":"","_et_pb_old_content":"","_et_gb_content_width":""},"product_brand":[],"product_cat":[57],"product_tag":[],"class_list":{"0":"post-2302","1":"product","2":"type-product","3":"status-publish","4":"has-post-thumbnail","6":"product_cat-irrigation-gearbox","8":"first","9":"instock","10":"shipping-taxable","11":"product-type-simple"},"_links":{"self":[{"href":"https:\/\/fmp-components.com\/es\/wp-json\/wp\/v2\/product\/2302","targetHints":{"allow":["GET"]}}],"collection":[{"href":"https:\/\/fmp-components.com\/es\/wp-json\/wp\/v2\/product"}],"about":[{"href":"https:\/\/fmp-components.com\/es\/wp-json\/wp\/v2\/types\/product"}],"replies":[{"embeddable":true,"href":"https:\/\/fmp-components.com\/es\/wp-json\/wp\/v2\/comments?post=2302"}],"wp:featuredmedia":[{"embeddable":true,"href":"https:\/\/fmp-components.com\/es\/wp-json\/wp\/v2\/media\/2306"}],"wp:attachment":[{"href":"https:\/\/fmp-components.com\/es\/wp-json\/wp\/v2\/media?parent=2302"}],"wp:term":[{"taxonomy":"product_brand","embeddable":true,"href":"https:\/\/fmp-components.com\/es\/wp-json\/wp\/v2\/product_brand?post=2302"},{"taxonomy":"product_cat","embeddable":true,"href":"https:\/\/fmp-components.com\/es\/wp-json\/wp\/v2\/product_cat?post=2302"},{"taxonomy":"product_tag","embeddable":true,"href":"https:\/\/fmp-components.com\/es\/wp-json\/wp\/v2\/product_tag?post=2302"}],"curies":[{"name":"gracias","href":"https:\/\/api.w.org\/{rel}","templated":true}]}}