{"id":2233,"date":"2024-12-31T02:30:52","date_gmt":"2024-12-31T02:30:52","guid":{"rendered":"https:\/\/fmp-components.com\/?page_id=8"},"modified":"2024-12-31T02:48:33","modified_gmt":"2024-12-31T02:48:33","slug":"rotary-cutter-gearboxes-replacement-of-omni-code-rc-51-gearbox","status":"publish","type":"product","link":"https:\/\/fmp-components.com\/es\/product\/rotary-cutter-gearboxes-replacement-of-omni-code-rc-51-gearbox\/","title":{"rendered":"Cajas de engranajes para cortadoras rotativas: reemplazo de la caja de engranajes Omni Code RC-51"},"content":{"rendered":"<h2>Especificaciones de la caja de engranajes de la cortadora rotativa RC51<\/h2>\n<p><img loading=\"lazy\" decoding=\"async\" class=\"alignnone size-full wp-image-2235\" src=\"https:\/\/fmp-components.com\/wp-content\/uploads\/2024\/12\/RC51-Rotary-Cutter-Gearbox-Specifications.webp\" alt=\"Especificaciones de la caja de engranajes de la cortadora rotativa RC51\" width=\"1135\" height=\"717\" title=\"\" srcset=\"https:\/\/fmp-components.com\/wp-content\/uploads\/2024\/12\/RC51-Rotary-Cutter-Gearbox-Specifications.webp 1135w, https:\/\/fmp-components.com\/wp-content\/uploads\/2024\/12\/RC51-Rotary-Cutter-Gearbox-Specifications-980x619.webp 980w, https:\/\/fmp-components.com\/wp-content\/uploads\/2024\/12\/RC51-Rotary-Cutter-Gearbox-Specifications-480x303.webp 480w\" sizes=\"(min-width: 0px) and (max-width: 480px) 480px, (min-width: 481px) and (max-width: 980px) 980px, (min-width: 981px) 1135px, 100vw\" \/><\/p>\n<table style=\"width: 98.1133%; height: 333px;\" border=\"1\" cellspacing=\"0\" cellpadding=\"0\">\n<tbody>\n<tr>\n<td style=\"width: 34.0308%;\">Modelo<\/td>\n<td style=\"width: 65.7489%;\">Caja de engranajes para cortadora rotativa FMP-RC51<\/td>\n<\/tr>\n<tr>\n<td style=\"width: 34.0308%;\">Esfuerzo de torsi\u00f3n<\/td>\n<td style=\"width: 65.7489%;\">2,800 \u2013 4,667 lb.-pulg.<br \/>\n(316 \u2013 527 Nm.)<\/td>\n<\/tr>\n<tr>\n<td style=\"width: 34.0308%;\">proporciones<\/td>\n<td style=\"width: 65.7489%;\">1:1.47, 1:1.71, 1:1.93<\/td>\n<\/tr>\n<tr>\n<td style=\"width: 34.0308%;\">Tipo de engranaje<\/td>\n<td style=\"width: 65.7489%;\">Bisel<\/td>\n<\/tr>\n<tr>\n<td style=\"width: 34.0308%;\">Tipo de sello<\/td>\n<td style=\"width: 65.7489%;\">Resorte de triple labio cargado<\/td>\n<\/tr>\n<tr>\n<td style=\"width: 34.0308%;\">Tipo de rodamiento<\/td>\n<td style=\"width: 65.7489%;\">Rodillo c\u00f3nico,<br \/>\nBola de ranura profunda<\/td>\n<\/tr>\n<tr>\n<td style=\"width: 34.0308%;\">Capacidad de aceite<\/td>\n<td style=\"width: 65.7489%;\">27 onzas.<br \/>\n(0,80 litros)<\/td>\n<\/tr>\n<tr>\n<td style=\"width: 34.0308%;\">Peso<\/td>\n<td style=\"width: 65.7489%;\">56 libras.<br \/>\n(25,4 kilos.)<\/td>\n<\/tr>\n<\/tbody>\n<\/table>\n<h2>Caja de engranajes para cortadora rotativa RC51<\/h2>\n<p>La caja de engranajes RC51 para cortadoras rotativas es una caja de engranajes de alto rendimiento dise\u00f1ada espec\u00edficamente para cortadoras rotativas, que ofrece una transmisi\u00f3n de potencia superior y durabilidad para aplicaciones agr\u00edcolas y de mantenimiento de terrenos exigentes. Dise\u00f1ada para brindar un funcionamiento eficiente y una fiabilidad duradera, la caja de engranajes RC51 es la soluci\u00f3n ideal para operadores que buscan el m\u00e1ximo rendimiento para sus equipos de corte rotativo.<\/p>\n<ol>\n<li>Alta capacidad de potencia (50 HP)<br \/>\nLa caja de cambios RC51 est\u00e1 dise\u00f1ada para manejar hasta 50 caballos de fuerza, lo que la hace ideal para desbrozadoras rotativas m\u00e1s grandes y potentes. Proporciona la potencia necesaria para trabajos pesados \u200b\u200bde siega, desbroce y otras tareas agr\u00edcolas, garantizando un rendimiento de corte \u00f3ptimo incluso en las condiciones m\u00e1s dif\u00edciles.<\/li>\n<li>Construcci\u00f3n duradera y robusta<br \/>\nLa caja de engranajes est\u00e1 fabricada con materiales robustos y de alta calidad que garantizan durabilidad y resistencia al desgaste, incluso en condiciones de funcionamiento adversas. Esta robusta construcci\u00f3n minimiza la necesidad de reparaciones y reemplazos frecuentes, ofreciendo una soluci\u00f3n rentable para un uso prolongado.<\/li>\n<li>Transmisi\u00f3n de potencia eficiente<br \/>\nLa caja de cambios RC51 est\u00e1 dise\u00f1ada para transmitir la potencia del eje de la toma de fuerza a las cuchillas de corte rotativas con la m\u00e1xima eficiencia. Esto minimiza la p\u00e9rdida de energ\u00eda, lo que se traduce en un mejor rendimiento y un ahorro de combustible, crucial para reducir los costos operativos en operaciones agr\u00edcolas a gran escala.<\/li>\n<li>Disipaci\u00f3n de calor superior<br \/>\nDise\u00f1ada con eficaces funciones de gesti\u00f3n t\u00e9rmica, la caja de cambios RC51 garantiza un funcionamiento a temperaturas \u00f3ptimas, incluso durante un uso prolongado. Este avanzado sistema de disipaci\u00f3n de calor previene el sobrecalentamiento, reduce el desgaste de los componentes internos y prolonga la vida \u00fatil de la caja de cambios.<\/li>\n<li>Facilidad de mantenimiento<br \/>\nLa caja de engranajes RC51 est\u00e1 dise\u00f1ada para facilitar el mantenimiento, con caracter\u00edsticas como rodamientos sellados y componentes internos de f\u00e1cil acceso. Esto simplifica las tareas de mantenimiento rutinario, como la lubricaci\u00f3n y la inspecci\u00f3n, reduciendo el tiempo de inactividad y manteniendo el equipo funcionando eficientemente con el m\u00ednimo esfuerzo.<\/li>\n<\/ol>\n<p>La caja de engranajes para cortadoras rotativas RC51 es una soluci\u00f3n robusta y eficiente para cortadoras rotativas, dise\u00f1ada para tareas exigentes en aplicaciones agr\u00edcolas e industriales. Su alta potencia, durabilidad, eficiente transmisi\u00f3n de potencia y f\u00e1cil mantenimiento la convierten en una excelente opci\u00f3n para operadores que buscan confiabilidad, rendimiento y ahorro de costos a largo plazo. Ya sea para desbrozar terrenos, segar o realizar otras tareas de corte rotativo, la caja de engranajes RC51 proporciona la potencia y la confiabilidad necesarias para realizar el trabajo de manera eficaz y eficiente.<\/p>\n<table style=\"border-collapse: collapse; width: 102.047%; height: 108px;\" border=\"0\" width=\"128\" cellspacing=\"0\" cellpadding=\"0\">\n<tbody>\n<tr style=\"height: 13.8pt;\">\n<td style=\"height: 13.8pt; width: 48pt;\" align=\"right\" width=\"64\" height=\"18\"><img loading=\"lazy\" decoding=\"async\" class=\"alignnone size-full wp-image-2240\" src=\"https:\/\/fmp-components.com\/wp-content\/uploads\/2024\/12\/Agricultural-PTO-Shaft-for-Rotary-Cutter-Gearbox-21.webp\" alt=\"\" width=\"800\" height=\"552\" title=\"\" srcset=\"https:\/\/fmp-components.com\/wp-content\/uploads\/2024\/12\/Agricultural-PTO-Shaft-for-Rotary-Cutter-Gearbox-21.webp 800w, https:\/\/fmp-components.com\/wp-content\/uploads\/2024\/12\/Agricultural-PTO-Shaft-for-Rotary-Cutter-Gearbox-21-480x331.webp 480w\" sizes=\"(min-width: 0px) and (max-width: 480px) 480px, (min-width: 481px) 800px, 100vw\" \/><\/td>\n<td style=\"width: 48pt;\" align=\"right\" width=\"64\"><img loading=\"lazy\" decoding=\"async\" class=\"alignnone size-full wp-image-2241\" src=\"https:\/\/fmp-components.com\/wp-content\/uploads\/2024\/12\/Agricultural-PTO-Shaft-for-Rotary-Cutter-Gearbox-11.webp\" alt=\"\" width=\"800\" height=\"552\" title=\"\" srcset=\"https:\/\/fmp-components.com\/wp-content\/uploads\/2024\/12\/Agricultural-PTO-Shaft-for-Rotary-Cutter-Gearbox-11.webp 800w, https:\/\/fmp-components.com\/wp-content\/uploads\/2024\/12\/Agricultural-PTO-Shaft-for-Rotary-Cutter-Gearbox-11-480x331.webp 480w\" sizes=\"(min-width: 0px) and (max-width: 480px) 480px, (min-width: 481px) 800px, 100vw\" \/><\/td>\n<\/tr>\n<\/tbody>\n<\/table>\n<h2>Eje de toma de fuerza agr\u00edcola para caja de engranajes de cortadora rotativa<\/h2>\n<p>El eje de la toma de fuerza agr\u00edcola para la caja de engranajes de la desbrozadora rotativa es un componente esencial, dise\u00f1ado para transmitir eficientemente la potencia desde el sistema de toma de fuerza (TDF) del tractor a la caja de engranajes de la desbrozadora rotativa. Este eje est\u00e1 dise\u00f1ado para soportar altas cargas de par y garantiza un funcionamiento suave y fiable de la desbrozadora rotativa en diversas aplicaciones agr\u00edcolas, como segar, cortar c\u00e9sped y desbrozar terrenos.<\/p>\n<p>Fabricado con materiales de alta resistencia, el eje de la TDF est\u00e1 dise\u00f1ado para una mayor durabilidad, capaz de soportar las exigentes condiciones t\u00edpicas de los entornos agr\u00edcolas. Su dise\u00f1o robusto garantiza un rendimiento duradero, reduciendo el riesgo de desgaste y minimizando la necesidad de reemplazos o reparaciones frecuentes.<\/p>\n<p>El eje est\u00e1 dise\u00f1ado para una f\u00e1cil instalaci\u00f3n y compatibilidad con una amplia gama de cajas de engranajes de segadoras rotativas, incluyendo aquellas con diferentes configuraciones de montaje. Esta versatilidad permite a agricultores y operadores integrar r\u00e1pidamente el eje de la toma de fuerza en sus equipos existentes, mejorando la eficiencia y reduciendo el tiempo de inactividad durante la configuraci\u00f3n.<\/p>\n<p>Equipado con cardanes de alta calidad, el card\u00e1n garantiza una transmisi\u00f3n de potencia fluida, adapt\u00e1ndose al movimiento de rotaci\u00f3n del tractor y la desbrozadora. Los cardanes tambi\u00e9n ayudan a minimizar la vibraci\u00f3n, mejorando a\u00fan m\u00e1s la eficiencia operativa y prolongando la vida \u00fatil tanto del card\u00e1n como de la caja de cambios.<\/p>\n<p>En general, el eje de toma de fuerza agr\u00edcola para la caja de engranajes de la desbrozadora rotativa ofrece una fiabilidad, un rendimiento y una facilidad de uso excepcionales, lo que lo convierte en un componente esencial para garantizar el funcionamiento eficiente de las desbrozadoras rotativas en diversas tareas agr\u00edcolas. Facilita el funcionamiento continuo de todo el sistema, lo que contribuye a una mayor productividad y a la reducci\u00f3n de los costes de mantenimiento.<\/p>\n<table style=\"border-collapse: collapse; width: 101.5%; height: 29px;\" border=\"0\" width=\"128\" cellspacing=\"0\" cellpadding=\"0\">\n<tbody>\n<tr style=\"height: 13.8pt;\">\n<td style=\"height: 13.8pt; width: 48pt;\" align=\"right\" width=\"64\" height=\"18\"><img loading=\"lazy\" decoding=\"async\" class=\"alignnone size-full wp-image-2239\" src=\"https:\/\/fmp-components.com\/wp-content\/uploads\/2024\/12\/RC51-Rotary-Cutter-Gearbox-for-Rotary-Cutters-11.webp\" alt=\"\" width=\"1069\" height=\"676\" title=\"\" srcset=\"https:\/\/fmp-components.com\/wp-content\/uploads\/2024\/12\/RC51-Rotary-Cutter-Gearbox-for-Rotary-Cutters-11.webp 1069w, https:\/\/fmp-components.com\/wp-content\/uploads\/2024\/12\/RC51-Rotary-Cutter-Gearbox-for-Rotary-Cutters-11-980x620.webp 980w, https:\/\/fmp-components.com\/wp-content\/uploads\/2024\/12\/RC51-Rotary-Cutter-Gearbox-for-Rotary-Cutters-11-480x304.webp 480w\" sizes=\"(min-width: 0px) and (max-width: 480px) 480px, (min-width: 481px) and (max-width: 980px) 980px, (min-width: 981px) 1069px, 100vw\" \/><\/td>\n<td style=\"width: 48pt;\" align=\"right\" width=\"64\"><img loading=\"lazy\" decoding=\"async\" class=\"alignnone size-full wp-image-2238\" src=\"https:\/\/fmp-components.com\/wp-content\/uploads\/2024\/12\/RC51-Rotary-Cutter-Gearbox-for-Rotary-Cutters-21.webp\" alt=\"\" width=\"1069\" height=\"676\" title=\"\" srcset=\"https:\/\/fmp-components.com\/wp-content\/uploads\/2024\/12\/RC51-Rotary-Cutter-Gearbox-for-Rotary-Cutters-21.webp 1069w, https:\/\/fmp-components.com\/wp-content\/uploads\/2024\/12\/RC51-Rotary-Cutter-Gearbox-for-Rotary-Cutters-21-980x620.webp 980w, https:\/\/fmp-components.com\/wp-content\/uploads\/2024\/12\/RC51-Rotary-Cutter-Gearbox-for-Rotary-Cutters-21-480x304.webp 480w\" sizes=\"(min-width: 0px) and (max-width: 480px) 480px, (min-width: 481px) and (max-width: 980px) 980px, (min-width: 981px) 1069px, 100vw\" \/><\/td>\n<\/tr>\n<\/tbody>\n<\/table>\n<p>&nbsp;<\/p>\n<h3>Acerca de FMP<\/h3>\n<p>Con sede en Italia, FMP es un fabricante l\u00edder reconocido por su experiencia en el dise\u00f1o, desarrollo y producci\u00f3n de cajas de engranajes de alto rendimiento, con especial atenci\u00f3n al sector de la maquinaria agr\u00edcola. Con una reputaci\u00f3n de ingenier\u00eda de precisi\u00f3n, soluciones innovadoras y una fiabilidad inquebrantable, FMP se ha convertido en un socio de confianza para satisfacer las necesidades cambiantes de los sectores agr\u00edcola e industrial. Nuestra diversa gama de productos incluye cajas de engranajes especializadas para cortac\u00e9spedes, ejes de toma de fuerza y otros componentes esenciales, todos meticulosamente dise\u00f1ados para ofrecer soluciones personalizadas en una amplia gama de aplicaciones.<\/p>\n<p>En FMP, comprendemos que cada cliente tiene necesidades y desaf\u00edos \u00fanicos. Por eso nos especializamos en ofrecer soluciones a medida, ya sea para componentes individuales o para sistemas totalmente integrados. Trabajamos en estrecha colaboraci\u00f3n con nuestros clientes para garantizar que cada soluci\u00f3n sea eficaz y eficiente, optimizando tanto el rendimiento como el valor. Nuestro compromiso con respuestas r\u00e1pidas y profesionales, junto con la orientaci\u00f3n experta, garantiza que cada consulta se trate con el m\u00e1ximo cuidado y precisi\u00f3n, lo que se traduce en los mejores resultados posibles.<\/p>\n<p>Priorizamos la comunicaci\u00f3n abierta y continua durante todo el proceso de desarrollo de productos. Nuestro equipo especializado trabaja directamente con los clientes para comprender plenamente sus necesidades espec\u00edficas, ofreciendo informaci\u00f3n valiosa y recomendaciones para garantizar soluciones \u00f3ptimas. Ya sea dise\u00f1ando productos innovadores o atendiendo pedidos en curso, FMP se compromete a entregar soluciones de alta calidad y precisi\u00f3n, siempre a tiempo. Nuestro objetivo es brindar a nuestros clientes el mejor servicio y los mejores resultados, superando las expectativas en cada proyecto.<\/p>\n<p>La calidad es la piedra angular de las operaciones de FMP. Nos adherimos a los m\u00e1s altos est\u00e1ndares de fabricaci\u00f3n e implementamos rigurosos controles de calidad para garantizar que cada producto no solo cumpla, sino que supere los est\u00e1ndares de la industria. Este firme compromiso con la calidad, sumado a nuestros valores fundamentales de integridad, trabajo en equipo y perseverancia, nos ha permitido forjar relaciones duraderas y de confianza con clientes en casi 30 pa\u00edses de todo el mundo.<\/p>\n<p>En FMP, siempre estamos abiertos a fomentar colaboraciones globales y nos dedicamos a ofrecer asesoramiento experto y soluciones personalizadas que satisfagan las diversas necesidades de nuestros clientes. Vamos m\u00e1s all\u00e1 del simple suministro de productos; nuestro objetivo es construir relaciones duraderas que contribuyan al \u00e9xito de cada proyecto. Ya sea que necesite soluciones innovadoras para una nueva iniciativa o soporte continuo para un sistema existente, en FMP estamos aqu\u00ed para abordar sus desaf\u00edos t\u00e9cnicos y garantizar su \u00e9xito continuo.<\/p>\n<p><img loading=\"lazy\" decoding=\"async\" class=\"alignnone size-full wp-image-1861\" src=\"https:\/\/fmp-components.com\/wp-content\/uploads\/2024\/12\/Other-Agricultural-Gearboxes.webp\" sizes=\"(min-width: 0px) and (max-width: 480px) 480px, (min-width: 481px) and (max-width: 980px) 980px, (min-width: 981px) 1200px, 100vw\" srcset=\"https:\/\/fmp-components.com\/wp-content\/uploads\/2024\/12\/Other-Agricultural-Gearboxes.webp 1200w, https:\/\/fmp-components.com\/wp-content\/uploads\/2024\/12\/Other-Agricultural-Gearboxes-980x1143.webp 980w, https:\/\/fmp-components.com\/wp-content\/uploads\/2024\/12\/Other-Agricultural-Gearboxes-480x560.webp 480w\" alt=\"Otros cambios agr\u00edcolas\" width=\"1200\" height=\"1400\" title=\"\"><\/p>\n<p>Autor: CX<\/p>","protected":false},"excerpt":{"rendered":"<p>RC51 Rotary Cutter Gearbox Specifications Model FMP-RC51 Rotary Cutter Gearbox Torque 2,800 &#8211; 4,667 lb.-in. (316 &#8211; 527 Nm.) Ratios 1:1.47, 1:1.71, 1:1.93 Gear Type Bevel Seal Type Triple Lip Spring Loaded Bearing Type Tapered Roller, Deep Groove Ball Oil Capacity 27 oz. (0.80 L) Weight 56 lbs. (25.4 kg.) RC51 Rotary Cutter Gearbox for [&hellip;]<\/p>","protected":false},"featured_media":2236,"comment_status":"open","ping_status":"closed","template":"","meta":{"_et_pb_use_builder":"","_et_pb_old_content":"","_et_gb_content_width":""},"product_brand":[],"product_cat":[56],"product_tag":[],"class_list":{"0":"post-2233","1":"product","2":"type-product","3":"status-publish","4":"has-post-thumbnail","6":"product_cat-rotary-cutter-gearbox","8":"first","9":"instock","10":"shipping-taxable","11":"product-type-simple"},"_links":{"self":[{"href":"https:\/\/fmp-components.com\/es\/wp-json\/wp\/v2\/product\/2233","targetHints":{"allow":["GET"]}}],"collection":[{"href":"https:\/\/fmp-components.com\/es\/wp-json\/wp\/v2\/product"}],"about":[{"href":"https:\/\/fmp-components.com\/es\/wp-json\/wp\/v2\/types\/product"}],"replies":[{"embeddable":true,"href":"https:\/\/fmp-components.com\/es\/wp-json\/wp\/v2\/comments?post=2233"}],"wp:featuredmedia":[{"embeddable":true,"href":"https:\/\/fmp-components.com\/es\/wp-json\/wp\/v2\/media\/2236"}],"wp:attachment":[{"href":"https:\/\/fmp-components.com\/es\/wp-json\/wp\/v2\/media?parent=2233"}],"wp:term":[{"taxonomy":"product_brand","embeddable":true,"href":"https:\/\/fmp-components.com\/es\/wp-json\/wp\/v2\/product_brand?post=2233"},{"taxonomy":"product_cat","embeddable":true,"href":"https:\/\/fmp-components.com\/es\/wp-json\/wp\/v2\/product_cat?post=2233"},{"taxonomy":"product_tag","embeddable":true,"href":"https:\/\/fmp-components.com\/es\/wp-json\/wp\/v2\/product_tag?post=2233"}],"curies":[{"name":"gracias","href":"https:\/\/api.w.org\/{rel}","templated":true}]}}