{"id":2218,"date":"2024-12-31T01:15:47","date_gmt":"2024-12-31T01:15:47","guid":{"rendered":"https:\/\/fmp-components.com\/?page_id=8"},"modified":"2024-12-31T01:49:51","modified_gmt":"2024-12-31T01:49:51","slug":"rotary-cutter-gearboxes-replacement-of-omni-code-rc-27-gearbox","status":"publish","type":"product","link":"https:\/\/fmp-components.com\/es\/product\/rotary-cutter-gearboxes-replacement-of-omni-code-rc-27-gearbox\/","title":{"rendered":"Cajas de engranajes para cortadoras rotativas: reemplazo de la caja de engranajes Omni Code RC-27"},"content":{"rendered":"<p style=\"text-align: center;\"><span style=\"font-size: 18pt;\">Caja de engranajes de la cortadora rotativa: reemplazo de la caja de engranajes Omni Code RC-27<\/span><\/p>\n<p>La caja de engranajes RC-27 para cortadora rotativa es una caja de engranajes de alto rendimiento dise\u00f1ada para proporcionar una transferencia de potencia fiable y eficiente para cortadoras rotativas utilizadas en tareas agr\u00edcolas y de mantenimiento de terrenos. Esta caja de engranajes de repuesto es la soluci\u00f3n ideal para reemplazar la caja de engranajes Omni Code RC-27, garantizando que su cortadora rotativa siga funcionando con la m\u00e1xima eficiencia.<\/p>\n<p><img loading=\"lazy\" decoding=\"async\" class=\"size-full wp-image-2221 aligncenter\" src=\"https:\/\/fmp-components.com\/wp-content\/uploads\/2024\/12\/Rotary-Cutter-Gearboxes-Replacement-of-Omni-Code-RC-27-Gearbox.webp\" alt=\"Reemplazo de la caja de engranajes Omni-Code RC-27 para cortadoras rotativas\" width=\"500\" height=\"500\" title=\"\" srcset=\"https:\/\/fmp-components.com\/wp-content\/uploads\/2024\/12\/Rotary-Cutter-Gearboxes-Replacement-of-Omni-Code-RC-27-Gearbox.webp 500w, https:\/\/fmp-components.com\/wp-content\/uploads\/2024\/12\/Rotary-Cutter-Gearboxes-Replacement-of-Omni-Code-RC-27-Gearbox-480x480.webp 480w\" sizes=\"(min-width: 0px) and (max-width: 480px) 480px, (min-width: 481px) 500px, 100vw\" \/><\/p>\n<h3>Caracter\u00edsticas principales:<\/h3>\n<ul>\n<li>Alta capacidad de torque: Dise\u00f1ada para manejar tareas de corte exigentes, la caja de engranajes RC-27 proporciona el torque necesario para atravesar maleza espesa, pasto pesado y otra vegetaci\u00f3n resistente.<\/li>\n<li>Durabilidad: Construida con materiales robustos y de alta resistencia, la caja de cambios RC-27 ofrece un rendimiento duradero incluso en duras condiciones de trabajo, minimizando el tiempo de inactividad.<\/li>\n<li>Transmisi\u00f3n de potencia precisa: la caja de cambios est\u00e1 dise\u00f1ada para una transferencia de potencia suave y eficiente desde el tractor a las cuchillas de corte rotatorias, lo que garantiza una velocidad constante de la cuchilla y una eficiencia de corte.<\/li>\n<li>Versatilidad: compatible con una amplia gama de modelos de cortadores rotativos, la caja de engranajes RC-27 es un reemplazo ideal para el Omni Code RC-27, ofreciendo un ajuste perfecto para su equipo existente.<\/li>\n<li>F\u00e1cil mantenimiento: con un dise\u00f1o simple y componentes de f\u00e1cil acceso, la caja de cambios RC-27 simplifica el mantenimiento de rutina, lo que garantiza menos tiempo de inactividad y un funcionamiento m\u00e1s eficiente.<\/li>\n<\/ul>\n<p>Actualice su cortadora rotativa con la caja de engranajes de cortadora rotativa RC-27 para obtener un rendimiento confiable y eficiente en dif\u00edciles tareas agr\u00edcolas y de gesti\u00f3n de tierras.<\/p>\n<h2>Especificaciones de la caja de engranajes de la cortadora rotativa RC27<\/h2>\n<table style=\"width: 98.8984%; height: 384px;\" border=\"1\" cellspacing=\"0\" cellpadding=\"0\">\n<tbody>\n<tr>\n<td style=\"width: 31.0383%;\">Modelo:<\/td>\n<td style=\"width: 68.8525%;\">Caja de engranajes para cortadora rotativa FMP-RC27<\/td>\n<\/tr>\n<tr>\n<td style=\"width: 31.0383%;\">Fuerza:<\/td>\n<td style=\"width: 68.8525%;\">23 \u2013 53 caballos<br \/>\n17 \u2013 40 kW<\/td>\n<\/tr>\n<tr>\n<td style=\"width: 31.0383%;\">Esfuerzo de torsi\u00f3n<\/td>\n<td style=\"width: 68.8525%;\">2,683 \u2013 6,183 lb.-pulg.<br \/>\n(303 \u2013 698 Nm.)<\/td>\n<\/tr>\n<tr>\n<td style=\"width: 31.0383%;\">proporciones<\/td>\n<td style=\"width: 68.8525%;\">1:2.5, 1:2.83<\/td>\n<\/tr>\n<tr>\n<td style=\"width: 31.0383%;\">Tipo de engranaje<\/td>\n<td style=\"width: 68.8525%;\">Bisel<\/td>\n<\/tr>\n<tr>\n<td style=\"width: 31.0383%;\">Tipo de sello<\/td>\n<td style=\"width: 68.8525%;\">Resorte de doble labio cargado<\/td>\n<\/tr>\n<tr>\n<td style=\"width: 31.0383%;\">Capacidad de aceite<\/td>\n<td style=\"width: 68.8525%;\">20 onzas.<br \/>\n(0,59 litros)<\/td>\n<\/tr>\n<tr>\n<td style=\"width: 31.0383%;\">Peso<\/td>\n<td style=\"width: 68.8525%;\">47 libras.<br \/>\n(21,3 kilos.)<\/td>\n<\/tr>\n<tr>\n<td style=\"width: 31.0383%;\">\u00a0Aplicaciones:<\/td>\n<td style=\"width: 68.8525%;\">Cortadoras de acabado<br \/>\nCortadores rotativos<br \/>\nCortadoras rotativas<\/td>\n<\/tr>\n<\/tbody>\n<\/table>\n<h2>Caracter\u00edsticas de la caja de engranajes de la cortadora rotativa RC27<\/h2>\n<p>La caja de engranajes de la cortadora rotativa RC27 est\u00e1 dise\u00f1ada para proporcionar una transmisi\u00f3n de potencia robusta, fiable y eficiente para cortadoras rotativas utilizadas en aplicaciones agr\u00edcolas y de mantenimiento de terrenos. Est\u00e1 dise\u00f1ada espec\u00edficamente para realizar tareas de corte exigentes, desde la limpieza de maleza espesa hasta el corte de grandes superficies. Estas son las caracter\u00edsticas principales de la caja de engranajes de la cortadora rotativa RC27:<\/p>\n<p><strong>Alto rendimiento de par<\/strong><\/p>\n<p>La caja de cambios RC27 ofrece un alto par motor, lo que le permite trabajar con vegetaci\u00f3n densa, hierba espesa y maleza espesa. Esto la hace adecuada tanto para tareas de corte ligeras como pesadas, garantizando un rendimiento constante y potente.<\/p>\n<p><strong>Construcci\u00f3n duradera<\/strong><\/p>\n<p>Fabricada con materiales de alta calidad y resistentes al desgaste, la caja de engranajes RC27 est\u00e1 dise\u00f1ada para una larga duraci\u00f3n, incluso en las condiciones de trabajo m\u00e1s exigentes. Su robusta carcasa y sus componentes de precisi\u00f3n garantizan su resistencia en entornos dif\u00edciles, minimizando el riesgo de fallos y prolongando la vida \u00fatil de su cortadora rotativa.<\/p>\n<p><strong>Transmisi\u00f3n de potencia eficiente<\/strong><\/p>\n<p>La caja de cambios RC27 garantiza una transferencia de potencia eficiente del tractor a las cuchillas de corte rotativas, optimizando el rendimiento de corte. Ayuda a mantener una velocidad de corte constante, mejorando la eficiencia de corte y garantizando un acabado de alta calidad para diversas tareas.<\/p>\n<p><strong>Versatilidad y compatibilidad<\/strong><\/p>\n<p>La caja de engranajes RC27 es compatible con una amplia gama de modelos de cortadoras rotativas, lo que la convierte en un excelente reemplazo para las cajas de engranajes Omni Code RC-27 existentes. Su dise\u00f1o vers\u00e1til garantiza su f\u00e1cil integraci\u00f3n en diversos tipos de equipos, ofreciendo una soluci\u00f3n fiable y rentable.<\/p>\n<p><strong>F\u00e1cil mantenimiento<\/strong><\/p>\n<p>Con un dise\u00f1o intuitivo, la caja de engranajes RC27 es f\u00e1cil de mantener y reparar. Sus componentes son f\u00e1cilmente accesibles, lo que facilita las tareas de mantenimiento rutinario, como la lubricaci\u00f3n y las inspecciones. Esto minimiza el tiempo de inactividad y garantiza que la caja de engranajes se mantenga en \u00f3ptimas condiciones de funcionamiento.<\/p>\n<p><strong>Disipaci\u00f3n de calor<\/strong><\/p>\n<p>Dise\u00f1ada con la gesti\u00f3n t\u00e9rmica en mente, la caja de cambios RC27 est\u00e1 dise\u00f1ada para soportar las altas temperaturas que pueden alcanzarse durante un uso prolongado. Su eficiente sistema de disipaci\u00f3n de calor garantiza un funcionamiento suave, incluso con cargas pesadas, evitando el sobrecalentamiento y mejorando el rendimiento.<\/p>\n<p>La caja de engranajes para cortadora rotativa RC27 es una caja de engranajes de alto rendimiento, duradera y vers\u00e1til que brinda potencia confiable para cortadoras rotativas, lo que la convierte en una excelente opci\u00f3n tanto para uso comercial como agr\u00edcola.<\/p>\n<p><img loading=\"lazy\" decoding=\"async\" class=\"alignnone size-full wp-image-2215\" src=\"https:\/\/fmp-components.com\/wp-content\/uploads\/2024\/12\/Rotary-Cutter-Gearbox1.webp\" alt=\"Caja de engranajes de la cortadora rotatoria\" width=\"1279\" height=\"761\" title=\"\" srcset=\"https:\/\/fmp-components.com\/wp-content\/uploads\/2024\/12\/Rotary-Cutter-Gearbox1.webp 1279w, https:\/\/fmp-components.com\/wp-content\/uploads\/2024\/12\/Rotary-Cutter-Gearbox1-980x583.webp 980w, https:\/\/fmp-components.com\/wp-content\/uploads\/2024\/12\/Rotary-Cutter-Gearbox1-480x286.webp 480w\" sizes=\"(min-width: 0px) and (max-width: 480px) 480px, (min-width: 481px) and (max-width: 980px) 980px, (min-width: 981px) 1279px, 100vw\" \/><\/p>\n<h2>Caja de engranajes de cortadora rotativa vs. caja de engranajes de segadora rotativa<\/h2>\n<ol>\n<li><strong>Prop\u00f3sito y aplicaci\u00f3n<\/strong><br \/>\nLas cajas de engranajes de las cortadoras rotativas y las cajas de engranajes de las segadoras rotativas cumplen funciones similares, pero est\u00e1n dise\u00f1adas para diferentes tipos de trabajo. <strong>caja de engranajes de la cortadora rotatoria<\/strong> Se utiliza generalmente para tareas pesadas, como limpiar maleza espesa, hierba alta y vegetaci\u00f3n le\u00f1osa, lo que la hace ideal para la limpieza de terrenos, la agricultura y otras aplicaciones exigentes. En contraste, una <strong>caja de engranajes de la cortadora rotativa<\/strong> Generalmente se utiliza para tareas de corte m\u00e1s livianas, como el mantenimiento de c\u00e9spedes, parques y campos de golf, donde la vegetaci\u00f3n es menos densa.<\/li>\n<li><strong>Dise\u00f1o y durabilidad<\/strong><br \/>\nEl <strong>caja de engranajes de la cortadora rotatoria<\/strong> Est\u00e1 construida con componentes m\u00e1s robustos y resistentes, dise\u00f1ados para soportar las altas tensiones que se producen durante el corte basto. Estas cajas de engranajes suelen tener una carcasa m\u00e1s resistente y engranajes m\u00e1s grandes para soportar un mayor par y evitar da\u00f1os al cortar materiales duros. Por otro lado, <strong>cajas de engranajes para segadoras rotativas<\/strong> Generalmente son m\u00e1s ligeras y menos robustas, y se centran en ofrecer una potencia m\u00e1s uniforme para cortes menos exigentes y precisos. Suelen tener un dise\u00f1o m\u00e1s sencillo y una menor capacidad de par.<\/li>\n<li><strong>Par y velocidad<\/strong><br \/>\nEn t\u00e9rminos de rendimiento, <strong>cajas de engranajes de cortadoras rotativas<\/strong> Est\u00e1n dise\u00f1adas para ofrecer un alto par motor, lo que les permite trabajar con materiales densos sin atascarse. Este mayor par motor ayuda a la cortadora rotativa a mantener un rendimiento de corte constante en condiciones dif\u00edciles. <strong>cajas de engranajes para segadoras rotativas<\/strong> Est\u00e1n dise\u00f1adas para proporcionar una mayor velocidad de cuchilla con un par motor menor, lo que las optimiza para cortes uniformes en vegetaci\u00f3n m\u00e1s blanda y fina. Las cortadoras de c\u00e9sped se centran m\u00e1s en la velocidad y la precisi\u00f3n que en la potencia bruta necesaria para despejar vegetaci\u00f3n m\u00e1s densa.<\/li>\n<li><strong>Mantenimiento y longevidad<\/strong><br \/>\nPorque <strong>cajas de engranajes de cortadoras rotativas<\/strong> Est\u00e1n dise\u00f1adas para tareas m\u00e1s exigentes, generalmente son m\u00e1s robustas, requieren un mantenimiento menos frecuente y ofrecen una mayor vida \u00fatil en condiciones de uso intensivo. Estas cajas de engranajes suelen contar con sellos de alta resistencia y sistemas de refrigeraci\u00f3n para soportar el calor y la tensi\u00f3n del funcionamiento continuo en condiciones adversas. <strong>Cajas de engranajes para segadoras rotativas<\/strong>En comparaci\u00f3n, pueden requerir un mantenimiento m\u00e1s frecuente debido a su construcci\u00f3n m\u00e1s ligera y mayor velocidad de operaci\u00f3n. Generalmente, son m\u00e1s f\u00e1ciles de mantener, pero su vida \u00fatil puede ser menor si se utilizan en aplicaciones m\u00e1s exigentes.<\/li>\n<li><strong>Costo y eficiencia<\/strong><br \/>\nT\u00edpicamente, <strong>cajas de engranajes de cortadoras rotativas<\/strong> Son m\u00e1s caras debido a su dise\u00f1o robusto y su capacidad para realizar trabajos m\u00e1s exigentes. Sin embargo, para quienes requieren desbrozar o desbrozar terrenos con frecuencia, su durabilidad y rendimiento las convierten en una opci\u00f3n rentable a largo plazo. En cambio, <strong>cajas de engranajes para segadoras rotativas<\/strong> Son m\u00e1s econ\u00f3micos y eficientes para el mantenimiento de c\u00e9sped y c\u00e9sped, ofreciendo un buen equilibrio entre rendimiento y coste para aplicaciones m\u00e1s ligeras. Son ideales para clientes que necesitan eficiencia y precisi\u00f3n sin el coste adicional de una caja de cambios de alta resistencia.<\/li>\n<\/ol>\n<table border=\"1\" cellspacing=\"0\" cellpadding=\"0\">\n<tbody>\n<tr>\n<td><img loading=\"lazy\" decoding=\"async\" class=\"alignnone size-full wp-image-2223\" src=\"https:\/\/fmp-components.com\/wp-content\/uploads\/2024\/12\/Rotary-Cutter-Gearbox-Vs-Rotary-Mower-Gearbox-61.webp\" alt=\"Caja de engranajes de cortadora rotativa vs. caja de engranajes de segadora rotativa\" width=\"1500\" height=\"1000\" title=\"\" srcset=\"https:\/\/fmp-components.com\/wp-content\/uploads\/2024\/12\/Rotary-Cutter-Gearbox-Vs-Rotary-Mower-Gearbox-61.webp 1500w, https:\/\/fmp-components.com\/wp-content\/uploads\/2024\/12\/Rotary-Cutter-Gearbox-Vs-Rotary-Mower-Gearbox-61-1280x853.webp 1280w, https:\/\/fmp-components.com\/wp-content\/uploads\/2024\/12\/Rotary-Cutter-Gearbox-Vs-Rotary-Mower-Gearbox-61-980x653.webp 980w, https:\/\/fmp-components.com\/wp-content\/uploads\/2024\/12\/Rotary-Cutter-Gearbox-Vs-Rotary-Mower-Gearbox-61-480x320.webp 480w\" sizes=\"(min-width: 0px) and (max-width: 480px) 480px, (min-width: 481px) and (max-width: 980px) 980px, (min-width: 981px) and (max-width: 1280px) 1280px, (min-width: 1281px) 1500px, 100vw\" \/><\/td>\n<td><img loading=\"lazy\" decoding=\"async\" class=\"alignnone size-full wp-image-2222\" src=\"https:\/\/fmp-components.com\/wp-content\/uploads\/2024\/12\/Rotary-Cutter-Gearbox-Vs-Rotary-Mower-Gearbox-71.webp\" alt=\"Caja de engranajes de cortadora rotativa vs. caja de engranajes de segadora rotativa\" width=\"1500\" height=\"1000\" title=\"\" srcset=\"https:\/\/fmp-components.com\/wp-content\/uploads\/2024\/12\/Rotary-Cutter-Gearbox-Vs-Rotary-Mower-Gearbox-71.webp 1500w, https:\/\/fmp-components.com\/wp-content\/uploads\/2024\/12\/Rotary-Cutter-Gearbox-Vs-Rotary-Mower-Gearbox-71-1280x853.webp 1280w, https:\/\/fmp-components.com\/wp-content\/uploads\/2024\/12\/Rotary-Cutter-Gearbox-Vs-Rotary-Mower-Gearbox-71-980x653.webp 980w, https:\/\/fmp-components.com\/wp-content\/uploads\/2024\/12\/Rotary-Cutter-Gearbox-Vs-Rotary-Mower-Gearbox-71-480x320.webp 480w\" sizes=\"(min-width: 0px) and (max-width: 480px) 480px, (min-width: 481px) and (max-width: 980px) 980px, (min-width: 981px) and (max-width: 1280px) 1280px, (min-width: 1281px) 1500px, 100vw\" \/><\/td>\n<\/tr>\n<tr>\n<td><strong>Caja de engranajes de la cortadora rotatoria<\/strong><\/td>\n<td><strong>Caja de engranajes de la cortadora rotativa<\/strong><\/td>\n<\/tr>\n<\/tbody>\n<\/table>\n<h2>Ejes de toma de fuerza para cajas de engranajes de cortadoras rotativas<\/h2>\n<ol>\n<li><strong>Prop\u00f3sito y funcionalidad<\/strong><br \/>\nLos ejes de toma de fuerza para las cajas de engranajes de las desbrozadoras rotativas son componentes esenciales que transmiten la potencia del motor del tractor a la caja de engranajes, la cual, a su vez, acciona las cuchillas de la desbrozadora. Estos ejes est\u00e1n dise\u00f1ados para soportar las altas exigencias de potencia de las desbrozadoras rotativas, garantizando un funcionamiento eficiente de la m\u00e1quina en condiciones exigentes, como vegetaci\u00f3n densa y terrenos accidentados.<\/li>\n<li><strong>Dise\u00f1o y construcci\u00f3n<\/strong><br \/>\nLos ejes de toma de fuerza para las cajas de engranajes de las segadoras rotativas suelen estar fabricados con acero de alta resistencia para soportar el alto par generado durante el funcionamiento. Cuentan con juntas universales en ambos extremos, lo que permite flexibilidad y una transferencia de potencia fluida entre el tractor y la caja de engranajes, incluso en caso de desalineaci\u00f3n o cambios en el \u00e1ngulo de trabajo. Los ejes suelen estar equipados con dispositivos de seguridad, como pernos de seguridad o mecanismos de embrague, para evitar da\u00f1os por sobrecarga.<\/li>\n<li><strong>Durabilidad y rendimiento<\/strong><br \/>\nDada la exigente naturaleza de las operaciones de corte rotativo, los ejes de toma de fuerza para estas cajas de engranajes est\u00e1n dise\u00f1ados para ser extremadamente duraderos y capaces de soportar entornos de trabajo hostiles. Deben soportar tensiones continuas, vibraciones y la carga de impacto ocasional causada por el corte de maleza espesa o \u00e1rboles peque\u00f1os. Para garantizar el m\u00e1ximo rendimiento, estos ejes suelen estar equilibrados para minimizar las vibraciones, que pueden provocar desgaste y da\u00f1os con el tiempo.<\/li>\n<li><strong>Personalizaci\u00f3n y ajuste<\/strong><br \/>\nLos ejes de toma de fuerza para las cajas de engranajes de las cortadoras rotativas est\u00e1n disponibles en diversos tama\u00f1os y configuraciones para adaptarse a diferentes modelos y requisitos de potencia. Disponemos de opciones de personalizaci\u00f3n para garantizar que el eje de toma de fuerza se adapte correctamente tanto al tractor como a la caja de engranajes. Esto garantiza una transmisi\u00f3n de potencia \u00f3ptima y minimiza el riesgo de fallos por un montaje o desalineaci\u00f3n incorrectos. Los ejes de toma de fuerza tambi\u00e9n est\u00e1n disponibles en varias longitudes para adaptarse a diferentes configuraciones de cortadoras y anchos de trabajo.<\/li>\n<\/ol>\n<table style=\"width: 101.801%; height: 44px;\" width=\"136\">\n<tbody>\n<tr>\n<td style=\"width: 49.363%;\" width=\"72\"><img loading=\"lazy\" decoding=\"async\" class=\"alignnone size-full wp-image-2225\" src=\"https:\/\/fmp-components.com\/wp-content\/uploads\/2024\/12\/PTO-Shafts-for-Rotary-Cutter-Gearboxes-71.webp\" alt=\"Ejes de toma de fuerza para cajas de engranajes de cortadoras rotativas\" width=\"800\" height=\"600\" title=\"\" srcset=\"https:\/\/fmp-components.com\/wp-content\/uploads\/2024\/12\/PTO-Shafts-for-Rotary-Cutter-Gearboxes-71.webp 800w, https:\/\/fmp-components.com\/wp-content\/uploads\/2024\/12\/PTO-Shafts-for-Rotary-Cutter-Gearboxes-71-480x360.webp 480w\" sizes=\"(min-width: 0px) and (max-width: 480px) 480px, (min-width: 481px) 800px, 100vw\" \/><\/td>\n<td style=\"width: 50%;\" width=\"64\"><img loading=\"lazy\" decoding=\"async\" class=\"alignnone size-full wp-image-2224\" src=\"https:\/\/fmp-components.com\/wp-content\/uploads\/2024\/12\/PTO-Shafts-for-Rotary-Cutter-Gearboxes-81.webp\" alt=\"Ejes de toma de fuerza para cajas de engranajes de cortadoras rotativas\" width=\"800\" height=\"600\" title=\"\" srcset=\"https:\/\/fmp-components.com\/wp-content\/uploads\/2024\/12\/PTO-Shafts-for-Rotary-Cutter-Gearboxes-81.webp 800w, https:\/\/fmp-components.com\/wp-content\/uploads\/2024\/12\/PTO-Shafts-for-Rotary-Cutter-Gearboxes-81-480x360.webp 480w\" sizes=\"(min-width: 0px) and (max-width: 480px) 480px, (min-width: 481px) 800px, 100vw\" \/><\/td>\n<\/tr>\n<\/tbody>\n<\/table>\n<h3>Acerca de FMP<\/h3>\n<p>Con sede en Italia, FMP se erige como un fabricante l\u00edder reconocido por su experiencia en el dise\u00f1o, desarrollo y producci\u00f3n de cajas de engranajes de alto rendimiento, con un enfoque principal en el sector de la maquinaria agr\u00edcola. Conocidos por nuestro compromiso con la ingenier\u00eda de precisi\u00f3n, la innovaci\u00f3n y una fiabilidad inigualable, FMP se ha labrado una s\u00f3lida reputaci\u00f3n por ofrecer productos de primera calidad que satisfacen las necesidades din\u00e1micas de los mercados agr\u00edcola e industrial. Nuestra amplia cartera de productos incluye cajas de engranajes especializadas para cortac\u00e9spedes, ejes de toma de fuerza y \u200b\u200botros componentes esenciales, todos dise\u00f1ados para ofrecer soluciones a medida para una amplia gama de aplicaciones.<\/p>\n<p>En FMP, reconocemos que cada cliente enfrenta desaf\u00edos y requisitos distintos. Por eso nos especializamos en brindar soluciones personalizadas, ya sean componentes individuales o sistemas completos e integrados. Trabajamos en estrecha colaboraci\u00f3n con nuestros clientes, garantizando que cada soluci\u00f3n sea eficaz y eficiente, optimizando el rendimiento y el valor. Nuestro compromiso con respuestas r\u00e1pidas y profesionales, junto con la orientaci\u00f3n experta, garantiza que cada consulta se gestione con precisi\u00f3n y cuidado.<\/p>\n<p>Priorizamos la comunicaci\u00f3n clara y continua, especialmente durante el desarrollo de nuevos productos. Nuestro equipo especializado trabaja directamente con los clientes para comprender a fondo sus necesidades espec\u00edficas, ofreciendo perspectivas pr\u00e1cticas que conducen a las soluciones m\u00e1s \u00f3ptimas. Ya sea que dise\u00f1emos productos de vanguardia o atendamos pedidos en curso, mantenemos nuestro firme compromiso de ofrecer soluciones de alta calidad y precisi\u00f3n con rapidez y fiabilidad.<\/p>\n<p>En el coraz\u00f3n de las operaciones de FMP se encuentra un enfoque inquebrantable en la calidad. Nos adherimos a los m\u00e1s altos est\u00e1ndares de fabricaci\u00f3n, incorporando rigurosos procedimientos de control de calidad para garantizar que cada producto no solo cumpla, sino que supere las expectativas de la industria. Nuestra dedicaci\u00f3n a la calidad, sumada a nuestros valores fundamentales de integridad, colaboraci\u00f3n y perseverancia, nos ha ayudado a forjar relaciones s\u00f3lidas y duraderas con clientes en m\u00e1s de 30 pa\u00edses de todo el mundo.<\/p>\n<p>En FMP, siempre estamos abiertos a fomentar colaboraciones globales y nos dedicamos a ofrecer asesoramiento experto y soluciones a medida para satisfacer las diversas necesidades de nuestros clientes. Vamos m\u00e1s all\u00e1 del simple suministro de productos: nos esforzamos por construir relaciones duraderas y significativas que impulsen el \u00e9xito de cada proyecto. Ya sea que busque soluciones innovadoras para una nueva iniciativa o soporte continuo para un sistema existente, en FMP estamos aqu\u00ed para abordar sus desaf\u00edos t\u00e9cnicos y garantizar su \u00e9xito continuo.<\/p>\n<p><img loading=\"lazy\" decoding=\"async\" class=\"alignnone size-full wp-image-1861\" src=\"https:\/\/fmp-components.com\/wp-content\/uploads\/2024\/12\/Other-Agricultural-Gearboxes.webp\" sizes=\"(min-width: 0px) and (max-width: 480px) 480px, (min-width: 481px) and (max-width: 980px) 980px, (min-width: 981px) 1200px, 100vw\" srcset=\"https:\/\/fmp-components.com\/wp-content\/uploads\/2024\/12\/Other-Agricultural-Gearboxes.webp 1200w, https:\/\/fmp-components.com\/wp-content\/uploads\/2024\/12\/Other-Agricultural-Gearboxes-980x1143.webp 980w, https:\/\/fmp-components.com\/wp-content\/uploads\/2024\/12\/Other-Agricultural-Gearboxes-480x560.webp 480w\" alt=\"Otros cambios agr\u00edcolas\" width=\"1200\" height=\"1400\" title=\"\"><\/p>\n<p>Autor: CX<\/p>","protected":false},"excerpt":{"rendered":"<p>Rotary Cutter Gearbox \u2013 Replacement of Omni Code RC-27 Gearbox The RC-27 Rotary Cutter Gearbox is a high-performance gearbox designed to deliver reliable and efficient power transfer for rotary cutters used in agricultural and land maintenance tasks. This replacement gearbox serves as an ideal solution for replacing the Omni Code RC-27 gearbox, ensuring that your [&hellip;]<\/p>","protected":false},"featured_media":2221,"comment_status":"open","ping_status":"closed","template":"","meta":{"_et_pb_use_builder":"","_et_pb_old_content":"","_et_gb_content_width":""},"product_brand":[],"product_cat":[56],"product_tag":[],"class_list":{"0":"post-2218","1":"product","2":"type-product","3":"status-publish","4":"has-post-thumbnail","6":"product_cat-rotary-cutter-gearbox","8":"first","9":"instock","10":"shipping-taxable","11":"product-type-simple"},"_links":{"self":[{"href":"https:\/\/fmp-components.com\/es\/wp-json\/wp\/v2\/product\/2218","targetHints":{"allow":["GET"]}}],"collection":[{"href":"https:\/\/fmp-components.com\/es\/wp-json\/wp\/v2\/product"}],"about":[{"href":"https:\/\/fmp-components.com\/es\/wp-json\/wp\/v2\/types\/product"}],"replies":[{"embeddable":true,"href":"https:\/\/fmp-components.com\/es\/wp-json\/wp\/v2\/comments?post=2218"}],"wp:featuredmedia":[{"embeddable":true,"href":"https:\/\/fmp-components.com\/es\/wp-json\/wp\/v2\/media\/2221"}],"wp:attachment":[{"href":"https:\/\/fmp-components.com\/es\/wp-json\/wp\/v2\/media?parent=2218"}],"wp:term":[{"taxonomy":"product_brand","embeddable":true,"href":"https:\/\/fmp-components.com\/es\/wp-json\/wp\/v2\/product_brand?post=2218"},{"taxonomy":"product_cat","embeddable":true,"href":"https:\/\/fmp-components.com\/es\/wp-json\/wp\/v2\/product_cat?post=2218"},{"taxonomy":"product_tag","embeddable":true,"href":"https:\/\/fmp-components.com\/es\/wp-json\/wp\/v2\/product_tag?post=2218"}],"curies":[{"name":"gracias","href":"https:\/\/api.w.org\/{rel}","templated":true}]}}