{"id":2209,"date":"2024-12-31T00:44:14","date_gmt":"2024-12-31T00:44:14","guid":{"rendered":"https:\/\/fmp-components.com\/?page_id=8"},"modified":"2024-12-31T01:41:45","modified_gmt":"2024-12-31T01:41:45","slug":"rotary-cutter-gearboxes-replacement-of-omni-code-rc-20-gearbox","status":"publish","type":"product","link":"https:\/\/fmp-components.com\/es\/product\/rotary-cutter-gearboxes-replacement-of-omni-code-rc-20-gearbox\/","title":{"rendered":"Cajas de engranajes para cortadoras rotativas: reemplazo de la caja de engranajes Omni Code RC-20"},"content":{"rendered":"<p style=\"text-align: center;\"><span style=\"font-size: 18pt;\">Cajas de engranajes para cortadoras rotativas: reemplazo de la caja de engranajes Omni Code RC-20<\/span><\/p>\n<p><img loading=\"lazy\" decoding=\"async\" class=\"size-full wp-image-2211 aligncenter\" src=\"https:\/\/fmp-components.com\/wp-content\/uploads\/2024\/12\/Rotary-Cutter-Gearboxes-Replacement-of-Omni-Code-RC-20-Gearbox-1.webp\" alt=\"Reemplazo de la caja de engranajes Omni-Code RC-20 para cortadoras rotativas\" width=\"500\" height=\"500\" title=\"\" srcset=\"https:\/\/fmp-components.com\/wp-content\/uploads\/2024\/12\/Rotary-Cutter-Gearboxes-Replacement-of-Omni-Code-RC-20-Gearbox-1.webp 500w, https:\/\/fmp-components.com\/wp-content\/uploads\/2024\/12\/Rotary-Cutter-Gearboxes-Replacement-of-Omni-Code-RC-20-Gearbox-1-480x480.webp 480w\" sizes=\"(min-width: 0px) and (max-width: 480px) 480px, (min-width: 481px) 500px, 100vw\" \/><\/p>\n<p>La caja de engranajes para cortadora rotativa, que reemplaza la caja de engranajes Omni Code RC-20, est\u00e1 dise\u00f1ada para brindar un rendimiento y durabilidad superiores en aplicaciones agr\u00edcolas e industriales. Esta caja de engranajes de repuesto de alta calidad se integra a la perfecci\u00f3n en las cortadoras rotativas, ofreciendo una soluci\u00f3n eficiente y confiable para el cuidado del c\u00e9sped, la limpieza de terrenos y el mantenimiento de cultivos. Con ingenier\u00eda precisa y construcci\u00f3n robusta, garantiza una transmisi\u00f3n de potencia y un rendimiento \u00f3ptimos, permitiendo que las cortadoras rotativas funcionen sin problemas en diversas condiciones de trabajo.<\/p>\n<h3>Caracter\u00edsticas principales:<\/h3>\n<ol>\n<li><strong>Compatibilidad<\/strong>La caja de engranajes est\u00e1 dise\u00f1ada para reemplazar la caja de engranajes Omni Code RC-20, lo que garantiza una f\u00e1cil instalaci\u00f3n y compatibilidad con los equipos existentes. Ofrece un reemplazo directo, minimizando el tiempo de inactividad y la necesidad de modificaciones.<\/li>\n<li><strong>Alta eficiencia<\/strong>:Dise\u00f1ada para una alta eficiencia, la caja de engranajes del cortador rotatorio garantiza una transferencia de potencia efectiva desde el eje de la toma de fuerza del tractor a las cuchillas de corte, maximizando el rendimiento operativo.<\/li>\n<li><strong>Durabilidad<\/strong>Fabricada con materiales de alta calidad, la caja de engranajes est\u00e1 dise\u00f1ada para soportar entornos de trabajo exigentes. Ofrece una resistencia excepcional al desgaste, la corrosi\u00f3n y las cargas extremas, lo que garantiza una fiabilidad a largo plazo y reduce los costes de mantenimiento.<\/li>\n<li><strong>Bajo mantenimiento<\/strong>El dise\u00f1o de la caja de cambios minimiza la necesidad de mantenimiento frecuente. Sus rodamientos sellados y componentes de precisi\u00f3n reducen la fricci\u00f3n, prolongando as\u00ed la vida \u00fatil y reduciendo el desgaste.<\/li>\n<li><strong>Aplicaci\u00f3n vers\u00e1til<\/strong>:Ideal para usar en una variedad de aplicaciones, incluidos campos agr\u00edcolas, pastos y entornos industriales, donde se utilizan cortadores rotativos para cortar c\u00e9sped, limpiar maleza o cortar c\u00e9sped y arbustos peque\u00f1os.<\/li>\n<\/ol>\n<h2>Especificaciones de la caja de engranajes de la cortadora rotativa RC20<\/h2>\n<table style=\"width: 94.902%; height: 417px;\" border=\"1\" cellspacing=\"0\" cellpadding=\"0\">\n<tbody>\n<tr>\n<td style=\"width: 28.4738%;\">Modelo:<\/td>\n<td style=\"width: 71.4123%;\">\u00a0Caja de engranajes para cortadora rotativa FMP-RC20<\/td>\n<\/tr>\n<tr>\n<td style=\"width: 28.4738%;\">Fuerza:<\/td>\n<td style=\"width: 71.4123%;\">15 \u2013 18 caballos<br \/>\n11 \u2013 21 kW<\/td>\n<\/tr>\n<tr>\n<td style=\"width: 28.4738%;\">Esfuerzo de torsi\u00f3n:<\/td>\n<td style=\"width: 71.4123%;\">1,750 \u2013 3,267 libras-pulgadas.<br \/>\n(198 \u2013 369 Nm.)<\/td>\n<\/tr>\n<tr>\n<td style=\"width: 28.4738%;\">Proporciones:<\/td>\n<td style=\"width: 71.4123%;\">1:1.25, 1:2.83<\/td>\n<\/tr>\n<tr>\n<td style=\"width: 28.4738%;\">Tipo de engranaje:<\/td>\n<td style=\"width: 71.4123%;\">Bisel<\/td>\n<\/tr>\n<tr>\n<td style=\"width: 28.4738%;\">Tipo de sello:<\/td>\n<td style=\"width: 71.4123%;\">Resorte de triple labio cargado<\/td>\n<\/tr>\n<tr>\n<td style=\"width: 28.4738%;\">Tipo de rodamiento:<\/td>\n<td style=\"width: 71.4123%;\">Bola de ranura profunda<\/td>\n<\/tr>\n<tr>\n<td style=\"width: 28.4738%;\">Capacidad de aceite:<\/td>\n<td style=\"width: 71.4123%;\">16 onzas.<br \/>\n(0,47 litros)<\/td>\n<\/tr>\n<tr>\n<td style=\"width: 28.4738%;\">Peso:<\/td>\n<td style=\"width: 71.4123%;\">34 libras.<br \/>\n(15,4 kilos.)<\/td>\n<\/tr>\n<tr>\n<td style=\"width: 28.4738%;\">Aplicaciones:<\/td>\n<td style=\"width: 71.4123%;\">Cortadoras de acabado<br \/>\nCortadores rotativos<br \/>\nCortadoras rotativas<\/td>\n<\/tr>\n<\/tbody>\n<\/table>\n<h2>Dise\u00f1o de la relaci\u00f3n de engranajes de la cortadora rotativa RC20<\/h2>\n<p>La caja de engranajes de la cortadora rotativa RC20 ofrece diversas relaciones de transmisi\u00f3n para satisfacer diferentes potencias y demandas de corte. La relaci\u00f3n de la caja de engranajes determina la velocidad de rotaci\u00f3n de la cuchilla: relaciones m\u00e1s altas resultan en velocidades de cuchilla m\u00e1s r\u00e1pidas, pero menor par motor, mientras que relaciones m\u00e1s bajas proporcionan mayor par motor con una velocidad de cuchilla m\u00e1s baja.<\/p>\n<p>Disponible en proporciones como <strong>1:1.25<\/strong> y <strong>1:2.83<\/strong>La selecci\u00f3n adecuada depende de los requisitos espec\u00edficos de su aplicaci\u00f3n.<\/p>\n<ul>\n<li><strong>proporciones m\u00e1s altas<\/strong> (por ejemplo, 1:1,25) son ideales para tareas m\u00e1s livianas, donde la velocidad es esencial, como cortar el c\u00e9sped o cortar el pasto.<\/li>\n<li><strong>proporciones m\u00e1s bajas<\/strong> (por ejemplo, 1:2.83) son m\u00e1s adecuados para aplicaciones de trabajo pesado, como limpiar terrenos dif\u00edciles, cortar maleza espesa o limpiar terrenos, ya que brindan m\u00e1s torque para atravesar materiales m\u00e1s duros.<\/li>\n<\/ul>\n<p>Al elegir una relaci\u00f3n de transmisi\u00f3n, es fundamental considerar factores como la potencia del tractor, la densidad del material a cortar y la velocidad de la cuchilla necesaria para un corte limpio y uniforme. Seleccionar la relaci\u00f3n de transmisi\u00f3n correcta para su desbrozadora rotativa RC20 garantiza un rendimiento, una eficiencia y una durabilidad \u00f3ptimos, tanto de la caja de transmisi\u00f3n como de la desbrozadora.<\/p>\n<p><img loading=\"lazy\" decoding=\"async\" class=\"alignnone size-full wp-image-2215\" src=\"https:\/\/fmp-components.com\/wp-content\/uploads\/2024\/12\/Rotary-Cutter-Gearbox1.webp\" alt=\"Caja de engranajes de la cortadora rotatoria\" width=\"1279\" height=\"761\" title=\"\" srcset=\"https:\/\/fmp-components.com\/wp-content\/uploads\/2024\/12\/Rotary-Cutter-Gearbox1.webp 1279w, https:\/\/fmp-components.com\/wp-content\/uploads\/2024\/12\/Rotary-Cutter-Gearbox1-980x583.webp 980w, https:\/\/fmp-components.com\/wp-content\/uploads\/2024\/12\/Rotary-Cutter-Gearbox1-480x286.webp 480w\" sizes=\"(min-width: 0px) and (max-width: 480px) 480px, (min-width: 481px) and (max-width: 980px) 980px, (min-width: 981px) 1279px, 100vw\" \/><\/p>\n<h2>Caracter\u00edsticas de la caja de engranajes de la cortadora rotativa RC20<\/h2>\n<ol>\n<li><strong>Construcci\u00f3n duradera<\/strong>La caja de engranajes de la segadora rotativa RC20 est\u00e1 fabricada con materiales de alta calidad, lo que garantiza una larga durabilidad y resistencia al desgaste, incluso en condiciones exigentes. Esta robusta construcci\u00f3n permite que la caja de engranajes soporte cargas de trabajo exigentes, ofreciendo un rendimiento confiable durante a\u00f1os.<\/li>\n<li><strong>Relaciones de transmisi\u00f3n m\u00faltiples<\/strong>:Disponible en varias relaciones de transmisi\u00f3n, como <strong>1:1.25<\/strong> y <strong>1:2.83<\/strong>La caja de engranajes RC20 ofrece flexibilidad para adaptarse a diferentes requisitos de corte. Estas relaciones permiten a los usuarios elegir entre una mayor velocidad de la cuchilla para tareas ligeras o un mayor par motor para aplicaciones exigentes, como la limpieza de maleza espesa.<\/li>\n<li><strong>Funcionamiento suave<\/strong>La caja de cambios est\u00e1 dise\u00f1ada para una transferencia de potencia suave y eficiente, minimizando la p\u00e9rdida de energ\u00eda y maximizando el rendimiento de corte. Su ingenier\u00eda de precisi\u00f3n garantiza que la cortadora funcione con m\u00ednimas vibraciones y ruido, ofreciendo una mejor experiencia de usuario.<\/li>\n<li><strong>Versatilidad<\/strong>Adecuada para una amplia gama de aplicaciones, la caja de engranajes de la cortadora rotativa RC20 es ideal para tareas como cortar c\u00e9sped, limpiar terrenos y cortar vegetaci\u00f3n densa. Su adaptabilidad la hace ideal para diversos modelos de cortadora y terrenos diversos.<\/li>\n<li><strong>F\u00e1cil mantenimiento<\/strong>La caja de cambios RC20 est\u00e1 dise\u00f1ada para facilitar el mantenimiento. Cuenta con componentes accesibles que simplifican las inspecciones, la lubricaci\u00f3n y las reparaciones rutinarias, garantizando as\u00ed que la cortadora se mantenga en \u00f3ptimas condiciones con un tiempo de inactividad m\u00ednimo.<\/li>\n<li><strong>Alta capacidad de par<\/strong>La caja de cambios RC20 proporciona un alto par motor, especialmente en relaciones bajas, lo que la hace ideal para tareas exigentes como cortar arbustos densos o terrenos accidentados. Esta caracter\u00edstica garantiza un rendimiento \u00f3ptimo, incluso con cargas pesadas.<\/li>\n<li><strong>Dise\u00f1o compacto y ligero<\/strong>A pesar de su gran durabilidad, la caja de cambios RC20 es compacta y ligera, lo que facilita su instalaci\u00f3n y mantenimiento. Su dise\u00f1o contribuye a la eficiencia general del cortac\u00e9sped, minimizando el exceso de peso.<\/li>\n<\/ol>\n<p>Al incorporar estas caracter\u00edsticas, la caja de engranajes de la cortadora rotativa RC20 es una soluci\u00f3n confiable y de alto rendimiento para una amplia variedad de aplicaciones de corte y limpieza de terrenos.<\/p>\n<table style=\"width: 103.676%; height: 337px;\" width=\"136\">\n<tbody>\n<tr style=\"height: 337px;\">\n<td style=\"width: 49.375%; height: 337px;\" width=\"72\"><img loading=\"lazy\" decoding=\"async\" class=\"alignnone size-full wp-image-2216\" src=\"https:\/\/fmp-components.com\/wp-content\/uploads\/2024\/12\/Using-RC20-Rotary-Mower-Gearbox-Precautions-1.webp\" alt=\"Precauciones al usar la caja de engranajes de la cortadora de c\u00e9sped rotativa RC20\" width=\"1000\" height=\"700\" title=\"\" srcset=\"https:\/\/fmp-components.com\/wp-content\/uploads\/2024\/12\/Using-RC20-Rotary-Mower-Gearbox-Precautions-1.webp 1000w, https:\/\/fmp-components.com\/wp-content\/uploads\/2024\/12\/Using-RC20-Rotary-Mower-Gearbox-Precautions-1-980x686.webp 980w, https:\/\/fmp-components.com\/wp-content\/uploads\/2024\/12\/Using-RC20-Rotary-Mower-Gearbox-Precautions-1-480x336.webp 480w\" sizes=\"(min-width: 0px) and (max-width: 480px) 480px, (min-width: 481px) and (max-width: 980px) 980px, (min-width: 981px) 1000px, 100vw\" \/><\/td>\n<td style=\"width: 49.8959%; height: 337px;\" width=\"64\"><img loading=\"lazy\" decoding=\"async\" class=\"alignnone size-full wp-image-2217\" src=\"https:\/\/fmp-components.com\/wp-content\/uploads\/2024\/12\/Using-RC20-Rotary-Mower-Gearbox-Precautions-2.webp\" alt=\"Precauciones al usar la caja de engranajes de la cortadora de c\u00e9sped rotativa RC20\" width=\"1000\" height=\"700\" title=\"\" srcset=\"https:\/\/fmp-components.com\/wp-content\/uploads\/2024\/12\/Using-RC20-Rotary-Mower-Gearbox-Precautions-2.webp 1000w, https:\/\/fmp-components.com\/wp-content\/uploads\/2024\/12\/Using-RC20-Rotary-Mower-Gearbox-Precautions-2-980x686.webp 980w, https:\/\/fmp-components.com\/wp-content\/uploads\/2024\/12\/Using-RC20-Rotary-Mower-Gearbox-Precautions-2-480x336.webp 480w\" sizes=\"(min-width: 0px) and (max-width: 480px) 480px, (min-width: 481px) and (max-width: 980px) 980px, (min-width: 981px) 1000px, 100vw\" \/><\/td>\n<\/tr>\n<\/tbody>\n<\/table>\n<h2>Eje de toma de fuerza para caja de engranajes de cortadora rotativa<\/h2>\n<p>El eje de la toma de fuerza (TDF) es un componente esencial que conecta la caja de engranajes de la desbrozadora al sistema de potencia del tractor, permitiendo que la potencia se transfiera del tractor al mecanismo de corte. Un eje de la TDF de alta calidad garantiza un rendimiento eficiente y fiable de la caja de engranajes de la desbrozadora, permiti\u00e9ndole realizar tareas dif\u00edciles de siega y desbroce de terrenos. Estas son las principales caracter\u00edsticas y ventajas del eje de la TDF para la caja de engranajes de una desbrozadora:<\/p>\n<p><strong>Transferencia de energ\u00eda eficiente<\/strong><\/p>\n<p>El eje de la toma de fuerza proporciona una conexi\u00f3n fluida entre el sistema de la toma de fuerza del tractor y la caja de engranajes de la segadora. Transfiere eficazmente la potencia de rotaci\u00f3n, asegurando que las cuchillas alcancen la velocidad \u00f3ptima para un corte eficiente. Esta transferencia directa de potencia ayuda a mantener una alta productividad durante la operaci\u00f3n.<\/p>\n<p><strong>Construcci\u00f3n duradera<\/strong><\/p>\n<p>El eje de la toma de fuerza est\u00e1 fabricado con materiales de alta resistencia, dise\u00f1ados para soportar un alto par y un uso intensivo. Est\u00e1 dise\u00f1ado para resistir el desgaste y la fatiga incluso en entornos de trabajo exigentes, lo que garantiza un rendimiento duradero con un mantenimiento m\u00ednimo.<\/p>\n<p><strong>Flexibilidad y versatilidad<\/strong><\/p>\n<p>Los ejes de toma de fuerza est\u00e1n disponibles en una variedad de tama\u00f1os y configuraciones, lo que los hace compatibles con diferentes cajas de engranajes de desbrozadoras y modelos de tractores. Est\u00e1n dise\u00f1ados para realizar una amplia variedad de tareas agr\u00edcolas, como cortar el c\u00e9sped, desbrozar y desbrozar, en diferentes terrenos y tipos de vegetaci\u00f3n.<\/p>\n<p><strong>Caracter\u00edsticas de seguridad<\/strong><\/p>\n<p>Muchos ejes de toma de fuerza est\u00e1n equipados con dispositivos de seguridad, como pasadores de seguridad o embragues de deslizamiento, que protegen la maquinaria de da\u00f1os causados \u200b\u200bpor sobrecargas o atascos repentinos. Estos dispositivos garantizan un funcionamiento seguro, evitando da\u00f1os en la caja de engranajes de la cortadora rotativa y el sistema de toma de fuerza del tractor.<\/p>\n<p><strong>F\u00e1cil instalaci\u00f3n y mantenimiento<\/strong><\/p>\n<p>Los cardanes para cajas de engranajes de desbrozadoras rotativas est\u00e1n dise\u00f1ados para acoplarse y desacoplarse f\u00e1cilmente del sistema de toma de fuerza del tractor. Su dise\u00f1o sencillo e intuitivo permite una r\u00e1pida instalaci\u00f3n y mantenimiento, reduciendo el tiempo de inactividad durante la jornada laboral. Adem\u00e1s, el mantenimiento y la lubricaci\u00f3n regulares del card\u00e1n garantizan un funcionamiento suave y prolongan su vida \u00fatil.<\/p>\n<p><strong>Capacidad de servicio pesado<\/strong><\/p>\n<p>Para aplicaciones m\u00e1s exigentes, como la limpieza de maleza espesa o el trabajo en terrenos irregulares, el eje de la toma de fuerza para las cajas de engranajes de las desbrozadoras est\u00e1 dise\u00f1ado para soportar cargas de par elevadas. Garantiza que la caja de engranajes funcione al m\u00e1ximo rendimiento, incluso en condiciones de trabajo exigentes, suministrando una potencia constante y fiable a las cuchillas de las desbrozadoras.<\/p>\n<p><strong>Resistencia a la corrosi\u00f3n<\/strong><\/p>\n<p>Para resistir la intemperie, los ejes de toma de fuerza suelen estar recubiertos con materiales resistentes a la corrosi\u00f3n, lo que los protege de la oxidaci\u00f3n y el desgaste causados \u200b\u200bpor la humedad, la suciedad y otros factores ambientales. Esto los hace aptos para diversas condiciones clim\u00e1ticas y prolonga su vida \u00fatil.<\/p>\n<p>En resumen, el eje de la toma de fuerza (TDF) para las cajas de engranajes de las desbrozadoras desempe\u00f1a un papel crucial para el funcionamiento eficiente, fiable y seguro de los equipos agr\u00edcolas. Al garantizar una transferencia de potencia fluida y proporcionar flexibilidad y durabilidad, el eje de la TDF garantiza el rendimiento \u00f3ptimo de la desbrozadora, satisfaciendo as\u00ed las exigencias de una amplia gama de tareas de corte.<\/p>\n<table style=\"width: 104.338%; height: 13px;\" width=\"136\">\n<tbody>\n<tr>\n<td style=\"width: 51.3458%;\" width=\"72\"><img loading=\"lazy\" decoding=\"async\" class=\"alignnone size-full wp-image-2213\" src=\"https:\/\/fmp-components.com\/wp-content\/uploads\/2024\/12\/PTO-Shaft-for-Rotary-Cutter-Gearbox-61.webp\" alt=\"Eje de toma de fuerza para caja de engranajes de cortadora rotativa\" width=\"600\" height=\"400\" title=\"\" srcset=\"https:\/\/fmp-components.com\/wp-content\/uploads\/2024\/12\/PTO-Shaft-for-Rotary-Cutter-Gearbox-61.webp 600w, https:\/\/fmp-components.com\/wp-content\/uploads\/2024\/12\/PTO-Shaft-for-Rotary-Cutter-Gearbox-61-480x320.webp 480w\" sizes=\"(min-width: 0px) and (max-width: 480px) 480px, (min-width: 481px) 600px, 100vw\" \/><\/td>\n<td style=\"width: 47.9296%;\" width=\"64\"><img loading=\"lazy\" decoding=\"async\" class=\"alignnone size-full wp-image-2214\" src=\"https:\/\/fmp-components.com\/wp-content\/uploads\/2024\/12\/PTO-Shaft-for-Rotary-Cutter-Gearbox-51.webp\" alt=\"Eje de toma de fuerza para caja de engranajes de cortadora rotativa\" width=\"600\" height=\"400\" title=\"\" srcset=\"https:\/\/fmp-components.com\/wp-content\/uploads\/2024\/12\/PTO-Shaft-for-Rotary-Cutter-Gearbox-51.webp 600w, https:\/\/fmp-components.com\/wp-content\/uploads\/2024\/12\/PTO-Shaft-for-Rotary-Cutter-Gearbox-51-480x320.webp 480w\" sizes=\"(min-width: 0px) and (max-width: 480px) 480px, (min-width: 481px) 600px, 100vw\" \/><\/td>\n<\/tr>\n<\/tbody>\n<\/table>\n<h3>Acerca de FMP<\/h3>\n<p>Con sede en Italia, FMP es un fabricante l\u00edder reconocido por su experiencia en el dise\u00f1o, desarrollo y producci\u00f3n de cajas de engranajes de alto rendimiento, principalmente para el sector de la maquinaria agr\u00edcola. Reconocidos por nuestra ingenier\u00eda de precisi\u00f3n, innovaci\u00f3n y fiabilidad inquebrantable, FMP se ha consolidado como un socio de confianza para satisfacer las cambiantes demandas de los mercados agr\u00edcola e industrial. Nuestra completa cartera de productos incluye cajas de engranajes especializadas para cortac\u00e9spedes, ejes de toma de fuerza y \u200b\u200botros componentes cr\u00edticos, todos dise\u00f1ados para ofrecer soluciones eficaces y personalizadas para una amplia gama de aplicaciones.<\/p>\n<p>En FMP, comprendemos que cada cliente tiene necesidades y desaf\u00edos \u00fanicos. Por eso nos especializamos en ofrecer soluciones a medida, ya sea mediante componentes individuales o sistemas totalmente integrados. Adoptamos un enfoque colaborativo, trabajando en estrecha colaboraci\u00f3n con nuestros clientes para garantizar que cada soluci\u00f3n sea no solo efectiva, sino tambi\u00e9n eficiente. Nuestro compromiso con respuestas r\u00e1pidas y profesionales, y con la asesor\u00eda experta, garantiza que cada consulta se gestione con el m\u00e1ximo cuidado y precisi\u00f3n, asegurando as\u00ed los mejores resultados para nuestros clientes.<\/p>\n<p>Ponemos gran \u00e9nfasis en la comunicaci\u00f3n abierta y continua, especialmente en el desarrollo de nuevos productos. Nuestro equipo especializado trabaja directamente con los clientes para comprender plenamente sus necesidades, ofreciendo informaci\u00f3n valiosa y recomendaciones que conducen a soluciones \u00f3ptimas. Ya sea que dise\u00f1emos productos innovadores o atendamos pedidos existentes, en FMP nos comprometemos a entregar soluciones de alta calidad y precisi\u00f3n, siempre a tiempo, garantizando que nuestros clientes reciban el mejor servicio y los mejores resultados.<\/p>\n<p>En el centro de las operaciones de FMP se encuentra nuestro enfoque inquebrantable en la calidad. Nos adherimos a los m\u00e1s altos est\u00e1ndares de fabricaci\u00f3n, aplicando rigurosas medidas de control de calidad para garantizar que cada producto no solo cumpla, sino que supere las expectativas de la industria. Este compromiso con la calidad, sumado a nuestros valores fundamentales de integridad, trabajo en equipo y perseverancia, nos ha permitido forjar relaciones duraderas y de confianza con clientes en casi 30 pa\u00edses de todo el mundo.<\/p>\n<p>En FMP, nos esforzamos constantemente por establecer alianzas globales y nos dedicamos a brindar asesoramiento experto y soluciones personalizadas para satisfacer las diversas necesidades de nuestros clientes. Nuestro enfoque va m\u00e1s all\u00e1 de la simple entrega de productos; buscamos cultivar relaciones a largo plazo que contribuyan al \u00e9xito de cada proyecto. Ya sea que necesite soluciones innovadoras para una nueva empresa o soporte continuo para un sistema existente, en FMP estamos aqu\u00ed para abordar sus desaf\u00edos t\u00e9cnicos y ayudarle a garantizar su \u00e9xito continuo.<\/p>\n<p><img loading=\"lazy\" decoding=\"async\" class=\"alignnone size-full wp-image-1861\" src=\"https:\/\/fmp-components.com\/wp-content\/uploads\/2024\/12\/Other-Agricultural-Gearboxes.webp\" sizes=\"(min-width: 0px) and (max-width: 480px) 480px, (min-width: 481px) and (max-width: 980px) 980px, (min-width: 981px) 1200px, 100vw\" srcset=\"https:\/\/fmp-components.com\/wp-content\/uploads\/2024\/12\/Other-Agricultural-Gearboxes.webp 1200w, https:\/\/fmp-components.com\/wp-content\/uploads\/2024\/12\/Other-Agricultural-Gearboxes-980x1143.webp 980w, https:\/\/fmp-components.com\/wp-content\/uploads\/2024\/12\/Other-Agricultural-Gearboxes-480x560.webp 480w\" alt=\"Otros cambios agr\u00edcolas\" width=\"1200\" height=\"1400\" title=\"\"><\/p>\n<p>Autor: CX<\/p>","protected":false},"excerpt":{"rendered":"<p>Rotary Cutter Gearboxes \u2013 Replacement of Omni Code RC-20 Gearbox The Rotary Cutter Gearbox for the replacement of the Omni Code RC-20 gearbox is designed to provide superior performance and durability in agricultural and industrial applications. This high-quality replacement gearbox is engineered to fit seamlessly into rotary cutters, offering an efficient and reliable solution for [&hellip;]<\/p>","protected":false},"featured_media":2211,"comment_status":"open","ping_status":"closed","template":"","meta":{"_et_pb_use_builder":"","_et_pb_old_content":"","_et_gb_content_width":""},"product_brand":[],"product_cat":[56],"product_tag":[],"class_list":{"0":"post-2209","1":"product","2":"type-product","3":"status-publish","4":"has-post-thumbnail","6":"product_cat-rotary-cutter-gearbox","8":"first","9":"instock","10":"shipping-taxable","11":"product-type-simple"},"_links":{"self":[{"href":"https:\/\/fmp-components.com\/es\/wp-json\/wp\/v2\/product\/2209","targetHints":{"allow":["GET"]}}],"collection":[{"href":"https:\/\/fmp-components.com\/es\/wp-json\/wp\/v2\/product"}],"about":[{"href":"https:\/\/fmp-components.com\/es\/wp-json\/wp\/v2\/types\/product"}],"replies":[{"embeddable":true,"href":"https:\/\/fmp-components.com\/es\/wp-json\/wp\/v2\/comments?post=2209"}],"wp:featuredmedia":[{"embeddable":true,"href":"https:\/\/fmp-components.com\/es\/wp-json\/wp\/v2\/media\/2211"}],"wp:attachment":[{"href":"https:\/\/fmp-components.com\/es\/wp-json\/wp\/v2\/media?parent=2209"}],"wp:term":[{"taxonomy":"product_brand","embeddable":true,"href":"https:\/\/fmp-components.com\/es\/wp-json\/wp\/v2\/product_brand?post=2209"},{"taxonomy":"product_cat","embeddable":true,"href":"https:\/\/fmp-components.com\/es\/wp-json\/wp\/v2\/product_cat?post=2209"},{"taxonomy":"product_tag","embeddable":true,"href":"https:\/\/fmp-components.com\/es\/wp-json\/wp\/v2\/product_tag?post=2209"}],"curies":[{"name":"gracias","href":"https:\/\/api.w.org\/{rel}","templated":true}]}}