{"id":2195,"date":"2024-12-30T08:47:28","date_gmt":"2024-12-30T08:47:28","guid":{"rendered":"https:\/\/fmp-components.com\/?page_id=8"},"modified":"2024-12-30T08:54:18","modified_gmt":"2024-12-30T08:54:18","slug":"agricultural-sprayer-gearbox-replacement-of-comer-code-d21a","status":"publish","type":"product","link":"https:\/\/fmp-components.com\/es\/product\/agricultural-sprayer-gearbox-replacement-of-comer-code-d21a\/","title":{"rendered":"Caja de engranajes para pulverizador agr\u00edcola: reemplazo del c\u00f3digo Comer D21A"},"content":{"rendered":"<h2>Especificaciones de la caja de engranajes del pulverizador agr\u00edcola D21A<\/h2>\n<h3><em>D21A<\/em><\/h3>\n<p><img loading=\"lazy\" decoding=\"async\" class=\"alignnone size-full wp-image-2196\" src=\"https:\/\/fmp-components.com\/wp-content\/uploads\/2024\/12\/agricultural-sprayer-gearbox-specification-D21A.webp\" alt=\"Especificaci\u00f3n de la caja de engranajes del pulverizador agr\u00edcola D21A\" width=\"855\" height=\"456\" title=\"\" srcset=\"https:\/\/fmp-components.com\/wp-content\/uploads\/2024\/12\/agricultural-sprayer-gearbox-specification-D21A.webp 855w, https:\/\/fmp-components.com\/wp-content\/uploads\/2024\/12\/agricultural-sprayer-gearbox-specification-D21A-480x256.webp 480w\" sizes=\"(min-width: 0px) and (max-width: 480px) 480px, (min-width: 481px) 855px, 100vw\" \/><\/p>\n<table style=\"width: 98.7604%; height: 303px;\" border=\"1\" cellspacing=\"0\" cellpadding=\"0\">\n<tbody>\n<tr>\n<td rowspan=\"2\"><strong>i<\/strong><\/td>\n<td rowspan=\"2\"><strong>norte<sub>1<\/sub>[rpm]<\/strong><\/td>\n<td rowspan=\"2\"><strong>PAG<sub>1<\/sub>[kW]<\/strong><\/td>\n<td rowspan=\"2\"><strong>METRO<sub>2<\/sub>[Nuevo M\u00e9jico]<\/strong><\/td>\n<td colspan=\"2\"><strong>Tipo de eje<\/strong><strong><br \/>\n<\/strong><\/td>\n<td rowspan=\"2\"><strong>Aporte<\/strong><\/td>\n<\/tr>\n<tr>\n<td><strong>inc\u00f3gnita<br \/>\n<\/strong>\u00a0<img loading=\"lazy\" decoding=\"async\" class=\"size-full wp-image-2180 aligncenter\" src=\"https:\/\/fmp-components.com\/wp-content\/uploads\/2024\/12\/shaft-x-3.webp\" alt=\"eje-x\" width=\"81\" height=\"78\" title=\"\" srcset=\"https:\/\/fmp-components.com\/wp-content\/uploads\/2024\/12\/shaft-x-3.webp 81w, https:\/\/fmp-components.com\/wp-content\/uploads\/2024\/12\/shaft-x-3-12x12.webp 12w\" sizes=\"(max-width: 81px) 100vw, 81px\" \/><\/td>\n<td><strong>Z<\/strong><strong><img loading=\"lazy\" decoding=\"async\" class=\"size-full wp-image-2181 aligncenter\" src=\"https:\/\/fmp-components.com\/wp-content\/uploads\/2024\/12\/shaft-z.webp\" alt=\"eje-z\" width=\"81\" height=\"84\" title=\"\" srcset=\"https:\/\/fmp-components.com\/wp-content\/uploads\/2024\/12\/shaft-z.webp 81w, https:\/\/fmp-components.com\/wp-content\/uploads\/2024\/12\/shaft-z-12x12.webp 12w\" sizes=\"(max-width: 81px) 100vw, 81px\" \/><\/strong><\/td>\n<\/tr>\n<tr>\n<td>6.95<br \/>\n7.45<\/td>\n<td>540<\/td>\n<td>26.5<\/td>\n<td>&#8211;<\/td>\n<td>1\u201d 3\/8 Z6<\/td>\n<td>L108 35<\/td>\n<td>inc\u00f3gnita<\/td>\n<\/tr>\n<tr>\n<td>3.90<br \/>\n4.90<\/td>\n<td>540<\/td>\n<td>40.5<\/td>\n<td>&#8211;<\/td>\n<td>1\u201d 3\/8 Z6<\/td>\n<td>\u00a0L271.5 30<\/td>\n<td>inc\u00f3gnita<\/td>\n<\/tr>\n<tr>\n<td>3.60<br \/>\n4.50<\/td>\n<td>540<\/td>\n<td>40.5<\/td>\n<td>&#8211;<\/td>\n<td>1\u201d 3\/8 Z6<\/td>\n<td>L273 40<\/td>\n<td>inc\u00f3gnita<\/td>\n<\/tr>\n<tr>\n<td>3.60<br \/>\n4.50<\/td>\n<td>540<\/td>\n<td>40.5<\/td>\n<td>&#8211;<\/td>\n<td>1\u201d 3\/8 Z6<\/td>\n<td>L270 35<\/td>\n<td>inc\u00f3gnita<\/td>\n<\/tr>\n<tr>\n<td>3.60<br \/>\n4.50<\/td>\n<td>540<\/td>\n<td>47.8<\/td>\n<td>&#8211;<\/td>\n<td>1\u201d 3\/8 Z6<\/td>\n<td>L100 35<\/td>\n<td>inc\u00f3gnita<\/td>\n<\/tr>\n<\/tbody>\n<\/table>\n<h3><em><strong>D21A Doble Salida<\/strong><\/em><\/h3>\n<p><img loading=\"lazy\" decoding=\"async\" class=\"alignnone size-full wp-image-2197\" src=\"https:\/\/fmp-components.com\/wp-content\/uploads\/2024\/12\/agricultural-sprayer-gearbox-specification-D21A-double-output.webp\" alt=\"Especificaci\u00f3n de la caja de engranajes del pulverizador agr\u00edcola D21A de doble salida\" width=\"881\" height=\"655\" title=\"\" srcset=\"https:\/\/fmp-components.com\/wp-content\/uploads\/2024\/12\/agricultural-sprayer-gearbox-specification-D21A-double-output.webp 881w, https:\/\/fmp-components.com\/wp-content\/uploads\/2024\/12\/agricultural-sprayer-gearbox-specification-D21A-double-output-480x357.webp 480w\" sizes=\"(min-width: 0px) and (max-width: 480px) 480px, (min-width: 481px) 881px, 100vw\" \/><\/p>\n<table style=\"width: 99.1636%; height: 123px;\" border=\"1\" cellspacing=\"0\" cellpadding=\"0\">\n<tbody>\n<tr>\n<td rowspan=\"2\"><strong>i<\/strong><\/td>\n<td rowspan=\"2\"><strong>norte<sub>1<\/sub>[rpm]<\/strong><\/td>\n<td rowspan=\"2\"><strong>PAG<sub>1<\/sub>[kW]<\/strong><\/td>\n<td rowspan=\"2\"><strong>METRO<sub>2<\/sub>[Nuevo M\u00e9jico]<\/strong><\/td>\n<td colspan=\"2\"><strong>Tipo de eje<\/strong><strong><br \/>\n<\/strong><\/td>\n<td rowspan=\"2\"><strong>Aporte<\/strong><\/td>\n<\/tr>\n<tr>\n<td><strong>inc\u00f3gnita<br \/>\n<\/strong><img loading=\"lazy\" decoding=\"async\" class=\"size-full wp-image-2180 aligncenter\" src=\"https:\/\/fmp-components.com\/wp-content\/uploads\/2024\/12\/shaft-x-3.webp\" alt=\"eje-x\" width=\"81\" height=\"78\" title=\"\" srcset=\"https:\/\/fmp-components.com\/wp-content\/uploads\/2024\/12\/shaft-x-3.webp 81w, https:\/\/fmp-components.com\/wp-content\/uploads\/2024\/12\/shaft-x-3-12x12.webp 12w\" sizes=\"(max-width: 81px) 100vw, 81px\" \/><\/td>\n<td><strong>Z<img loading=\"lazy\" decoding=\"async\" class=\"size-full wp-image-2181 aligncenter\" src=\"https:\/\/fmp-components.com\/wp-content\/uploads\/2024\/12\/shaft-z.webp\" alt=\"eje-z\" width=\"81\" height=\"84\" title=\"\" srcset=\"https:\/\/fmp-components.com\/wp-content\/uploads\/2024\/12\/shaft-z.webp 81w, https:\/\/fmp-components.com\/wp-content\/uploads\/2024\/12\/shaft-z-12x12.webp 12w\" sizes=\"(max-width: 81px) 100vw, 81px\" \/><\/strong><\/td>\n<\/tr>\n<tr>\n<td>3.60<br \/>\n4.93<\/td>\n<td>540<\/td>\n<td>40.5<\/td>\n<td>&#8211;<\/td>\n<td>1\u201d 3\/8 Z6<\/td>\n<td>L360 35<br \/>\n\u03a630<\/td>\n<td>inc\u00f3gnita<\/td>\n<\/tr>\n<\/tbody>\n<\/table>\n<h3>Caracter\u00edsticas de la caja de engranajes del pulverizador agr\u00edcola<\/h3>\n<ol>\n<li><strong>Durabilidad y construcci\u00f3n robusta<\/strong><br \/>\nLas cajas de engranajes para pulverizadores agr\u00edcolas est\u00e1n dise\u00f1adas para soportar las exigentes condiciones de los entornos agr\u00edcolas. Estas cajas est\u00e1n fabricadas con materiales de alta resistencia, como acero aleado, lo que garantiza su resistencia al uso intensivo y al desgaste por la exposici\u00f3n a la suciedad, la humedad y las vibraciones. Esta robustez garantiza un funcionamiento fiable de la caja de engranajes durante un per\u00edodo prolongado, incluso en condiciones de trabajo dif\u00edciles, lo cual es crucial para aplicaciones agr\u00edcolas donde los equipos suelen operar en entornos dif\u00edciles.<\/li>\n<li><strong>Alta eficiencia de transmisi\u00f3n de potencia<\/strong><br \/>\nLas cajas de engranajes de los pulverizadores agr\u00edcolas est\u00e1n dise\u00f1adas para transmitir eficientemente la potencia mec\u00e1nica del sistema de toma de fuerza del tractor a la bomba del pulverizador. La caja de engranajes convierte la energ\u00eda rotacional suministrada por el motor del tractor en la potencia necesaria para los diversos componentes del pulverizador, garantizando una pulverizaci\u00f3n suave y uniforme de productos qu\u00edmicos o fertilizantes. Esta eficiente transmisi\u00f3n de potencia es esencial para una presi\u00f3n de pulverizaci\u00f3n, caudales y rendimiento general \u00f3ptimos, lo que convierte a la caja de engranajes en un componente crucial para maximizar la productividad.<\/li>\n<li><strong>Dise\u00f1o compacto y que ahorra espacio<\/strong><br \/>\nLas cajas de engranajes de los pulverizadores agr\u00edcolas suelen estar dise\u00f1adas para ser compactas y eficientes en cuanto al espacio, lo que permite su f\u00e1cil montaje en diversos sistemas de pulverizaci\u00f3n sin ocupar demasiado espacio. Esta caracter\u00edstica de dise\u00f1o es especialmente importante para mantener el equilibrio y la maniobrabilidad del pulverizador. Una caja de engranajes compacta garantiza que no interfiera con otros componentes del pulverizador, como el dep\u00f3sito o las boquillas, a la vez que mantiene el sistema ligero y f\u00e1cil de manejar.<\/li>\n<li><strong>Versatilidad y adaptabilidad<\/strong><br \/>\nEstas cajas de engranajes son altamente adaptables y se pueden utilizar con una amplia gama de pulverizadores agr\u00edcolas, incluyendo modelos peque\u00f1os y grandes. Ya sea en pulverizadores montados en tractor o en unidades autopropulsadas, las cajas de engranajes para pulverizadores agr\u00edcolas est\u00e1n dise\u00f1adas para ser vers\u00e1tiles y pueden manejar diferentes requisitos de potencia. Su compatibilidad con diferentes configuraciones de pulverizadores y condiciones de operaci\u00f3n las convierte en una soluci\u00f3n confiable para diversas operaciones agr\u00edcolas, desde la protecci\u00f3n de cultivos hasta la fertilizaci\u00f3n.<\/li>\n<li><strong>F\u00e1cil mantenimiento y longevidad<\/strong><br \/>\nLas cajas de engranajes de los pulverizadores agr\u00edcolas est\u00e1n dise\u00f1adas para facilitar su mantenimiento. Suelen presentar dise\u00f1os intuitivos que permiten un f\u00e1cil acceso a los componentes internos para su lubricaci\u00f3n e inspecci\u00f3n. El mantenimiento rutinario, como la revisi\u00f3n de los niveles de aceite, la aplicaci\u00f3n de grasa y el reemplazo de sellos o filtros, es sencillo y puede prolongar la vida \u00fatil de la caja de engranajes. Su dise\u00f1o duradero mejora la longevidad de la caja de engranajes, lo que garantiza un rendimiento constante durante varias temporadas de cultivo, un factor crucial para los agricultores que conf\u00edan en equipos que funcionen de forma fiable a\u00f1o tras a\u00f1o.<\/li>\n<li><strong>Funciones de seguridad integradas<\/strong><br \/>\nMuchas cajas de engranajes de pulverizadores agr\u00edcolas est\u00e1n equipadas con dispositivos de seguridad que protegen tanto la caja de engranajes como los componentes conectados. Estos dispositivos pueden incluir sistemas de protecci\u00f3n contra sobrecargas, como pasadores de seguridad o embragues, que evitan da\u00f1os en la caja de engranajes en caso de tensi\u00f3n mec\u00e1nica repentina u obstrucci\u00f3n. Al detectar una fuerza excesiva, estos mecanismos de seguridad desactivan o limitan la transmisi\u00f3n de potencia, lo que previene aver\u00edas y reduce el riesgo de reparaciones costosas o tiempos de inactividad.<\/li>\n<\/ol>\n<p>Las cajas de engranajes para pulverizadores agr\u00edcolas se caracterizan por su durabilidad, eficiencia en la transmisi\u00f3n de potencia, dise\u00f1o compacto y f\u00e1cil mantenimiento. Estas caracter\u00edsticas las hacen esenciales para un rendimiento fiable y duradero en entornos agr\u00edcolas exigentes. Gracias a su versatilidad, mecanismos de seguridad integrados y un funcionamiento constante, las cajas de engranajes para pulverizadores agr\u00edcolas desempe\u00f1an un papel fundamental para garantizar sistemas de pulverizaci\u00f3n eficientes y eficaces para una amplia gama de aplicaciones agr\u00edcolas.<\/p>\n<p><img loading=\"lazy\" decoding=\"async\" class=\"size-full wp-image-2198 aligncenter\" src=\"https:\/\/fmp-components.com\/wp-content\/uploads\/2024\/12\/Agricultural-Sprayer-Gearbox-8.webp\" alt=\"Pulverizador agr\u00edcola - Caja de engranajes - 8\" width=\"800\" height=\"800\" title=\"\" srcset=\"https:\/\/fmp-components.com\/wp-content\/uploads\/2024\/12\/Agricultural-Sprayer-Gearbox-8.webp 800w, https:\/\/fmp-components.com\/wp-content\/uploads\/2024\/12\/Agricultural-Sprayer-Gearbox-8-480x480.webp 480w\" sizes=\"(min-width: 0px) and (max-width: 480px) 480px, (min-width: 481px) 800px, 100vw\" \/><\/p>\n<h3>Aplicaciones de la caja de engranajes del pulverizador agr\u00edcola<\/h3>\n<ol>\n<li><strong>Pulverizadores montados en tractor<\/strong><br \/>\nLas cajas de engranajes para pulverizadores agr\u00edcolas se utilizan ampliamente en pulverizadores montados en tractores, donde transfieren la potencia del sistema de toma de fuerza del tractor a la bomba del pulverizador. Estas cajas de engranajes permiten que el pulverizador distribuya fertilizantes, pesticidas y herbicidas uniformemente en los cultivos. Los pulverizadores montados en tractores se utilizan para diversas aplicaciones, desde la agricultura comercial a gran escala hasta huertos o vi\u00f1edos m\u00e1s peque\u00f1os, lo que hace que la caja de engranajes sea esencial para garantizar patrones de pulverizaci\u00f3n uniformes y una aplicaci\u00f3n eficiente de productos qu\u00edmicos.<\/li>\n<li><strong>Pulverizadores autopropulsados<\/strong><br \/>\nEn los pulverizadores autopropulsados, la caja de engranajes desempe\u00f1a un papel crucial en la alimentaci\u00f3n del sistema de pulverizaci\u00f3n, independientemente del tractor. Estos pulverizadores se utilizan com\u00fanmente para aplicaciones en grandes superficies y est\u00e1n equipados con sus propios motores y sistemas de transmisi\u00f3n. La caja de engranajes en los pulverizadores autopropulsados \u200b\u200bayuda a controlar la velocidad de la bomba, garantizando una distribuci\u00f3n precisa y eficiente del producto qu\u00edmico. Tambi\u00e9n facilita el ajuste de las dosis de pulverizaci\u00f3n, ofreciendo flexibilidad para diferentes tipos de cultivos y condiciones del campo.<\/li>\n<li><strong>Pulverizadores de brazo<\/strong><br \/>\nLas cajas de engranajes de los pulverizadores agr\u00edcolas son parte integral de los pulverizadores de barra, que se utilizan para aplicar l\u00edquidos en grandes extensiones de terreno, como campos de cereales, hortalizas u otros cultivos. La caja de engranajes acciona las bombas que accionan las boquillas de pulverizaci\u00f3n de la barra. Garantiza una pulverizaci\u00f3n uniforme y un control preciso del l\u00edquido sobre la superficie pulverizada. Estos sistemas se utilizan a menudo en la agricultura de precisi\u00f3n, donde la aplicaci\u00f3n constante es fundamental para minimizar el desperdicio y optimizar la protecci\u00f3n de los cultivos.<\/li>\n<li><strong>Unidades esparcidoras de fertilizantes<\/strong><br \/>\nMuchos esparcidores de fertilizantes se integran con sistemas de pulverizaci\u00f3n para aplicaciones duales, como fertilizaci\u00f3n y pulverizaci\u00f3n simult\u00e1neas. La caja de engranajes de estos sistemas proporciona la potencia necesaria para operar los mecanismos de rotaci\u00f3n del esparcidor, garantizando al mismo tiempo su correcto funcionamiento. Esta aplicaci\u00f3n es especialmente \u00fatil en campos donde es necesario aplicar fertilizantes y productos fitosanitarios en una sola operaci\u00f3n, agilizando el proceso y reduciendo las pasadas del equipo.<\/li>\n<li><strong>Protecci\u00f3n de cultivos de campo<\/strong><br \/>\nLas cajas de engranajes para pulverizadores se utilizan com\u00fanmente en la protecci\u00f3n de cultivos, donde impulsan pulverizadores que aplican pesticidas y herbicidas en grandes campos de cultivos como cereales, ma\u00edz y soja. La caja de engranajes garantiza que el sistema de pulverizaci\u00f3n funcione con la presi\u00f3n y el caudal correctos, lo cual es crucial para un control eficaz de plagas y malezas. Al garantizar una aplicaci\u00f3n uniforme, la caja de engranajes ayuda a reducir el uso excesivo de productos qu\u00edmicos, mejorando la sostenibilidad ambiental y reduciendo los costos de insumos para los agricultores.<\/li>\n<li><strong>Fumigaci\u00f3n de huertos y vi\u00f1edos<\/strong><br \/>\nEn huertos y vi\u00f1edos, se utilizan cajas de engranajes en pulverizadores especializados, dise\u00f1ados para trabajar en hileras estrechas de \u00e1rboles o vides. Estos pulverizadores suelen utilizar cajas de engranajes m\u00e1s peque\u00f1as y compactas, adaptadas a las necesidades espec\u00edficas del cultivo de frutales. La caja de engranajes acciona las bombas de pulverizaci\u00f3n que distribuyen agua, fertilizantes o pesticidas. Al proporcionar una presi\u00f3n de pulverizaci\u00f3n constante, la caja de engranajes garantiza que estos delicados cultivos reciban un tratamiento \u00f3ptimo sin da\u00f1ar las plantas.<\/li>\n<\/ol>\n<p>Las cajas de engranajes de los pulverizadores agr\u00edcolas desempe\u00f1an un papel fundamental en diversas aplicaciones, desde la protecci\u00f3n de cultivos a gran escala hasta pulverizadores especializados en huertos e invernaderos. Su funci\u00f3n principal es transmitir eficientemente la potencia del tractor o la unidad autopropulsada a la bomba del pulverizador, garantizando una aplicaci\u00f3n uniforme y precisa de los productos qu\u00edmicos. Ya sea para pesticidas, fertilizantes o herbicidas, la caja de engranajes garantiza el funcionamiento eficaz de los sistemas de pulverizaci\u00f3n en una amplia gama de operaciones agr\u00edcolas, contribuyendo a una mejor gesti\u00f3n de los cultivos, la sostenibilidad y la productividad.<\/p>\n<p><img loading=\"lazy\" decoding=\"async\" class=\"alignnone size-full wp-image-2193\" src=\"https:\/\/fmp-components.com\/wp-content\/uploads\/2024\/12\/Agricultural-Sprayer-Gearbox-19.webp\" alt=\"Caja de engranajes para pulverizador agr\u00edcola\" width=\"2016\" height=\"1512\" title=\"\" srcset=\"https:\/\/fmp-components.com\/wp-content\/uploads\/2024\/12\/Agricultural-Sprayer-Gearbox-19.webp 2016w, https:\/\/fmp-components.com\/wp-content\/uploads\/2024\/12\/Agricultural-Sprayer-Gearbox-19-1280x960.webp 1280w, https:\/\/fmp-components.com\/wp-content\/uploads\/2024\/12\/Agricultural-Sprayer-Gearbox-19-980x735.webp 980w, https:\/\/fmp-components.com\/wp-content\/uploads\/2024\/12\/Agricultural-Sprayer-Gearbox-19-480x360.webp 480w\" sizes=\"(min-width: 0px) and (max-width: 480px) 480px, (min-width: 481px) and (max-width: 980px) 980px, (min-width: 981px) and (max-width: 1280px) 1280px, (min-width: 1281px) 2016px, 100vw\" \/><\/p>\n<h3>Acerca de FMP<\/h3>\n<p>Con sede en Italia, FMP es un fabricante l\u00edder especializado en el dise\u00f1o, desarrollo y producci\u00f3n de cajas de engranajes de alto rendimiento, principalmente para el sector de la maquinaria agr\u00edcola. Conocida por su ingenier\u00eda de precisi\u00f3n, innovaci\u00f3n y fiabilidad, FMP se ha forjado una s\u00f3lida reputaci\u00f3n ofreciendo productos de alta calidad que satisfacen las cambiantes necesidades de los mercados agr\u00edcola e industrial. Nuestra amplia gama de productos incluye cajas de engranajes especializadas para cortac\u00e9spedes, ejes de toma de fuerza y \u200b\u200botros componentes clave, todos dise\u00f1ados para ofrecer soluciones personalizadas para diversas aplicaciones.<\/p>\n<p>Entendemos que cada cliente tiene necesidades \u00fanicas, por lo que ofrecemos soluciones a medida, ya sea mediante componentes individuales o sistemas integrados completos. Trabajando estrechamente con nuestros clientes, garantizamos que cada soluci\u00f3n sea eficaz y eficiente. Nuestro compromiso con respuestas r\u00e1pidas y profesionales, y nuestra asesor\u00eda experta, garantiza que cada consulta se gestione con cuidado y precisi\u00f3n, obteniendo resultados \u00f3ptimos.<\/p>\n<p>La comunicaci\u00f3n abierta es fundamental en nuestro enfoque, especialmente en el desarrollo de productos. Nuestro equipo trabaja directamente con los clientes para comprender plenamente sus necesidades, aportando informaci\u00f3n valiosa que conduce a las mejores soluciones. Ya sea dise\u00f1ando productos innovadores o cumpliendo pedidos, FMP se dedica a entregar soluciones de alta calidad y precisi\u00f3n, siempre a tiempo.<\/p>\n<p>La calidad es la base de las operaciones de FMP. Cumplimos con los m\u00e1s altos est\u00e1ndares de fabricaci\u00f3n e implementamos rigurosos controles de calidad para garantizar que cada producto supere las expectativas de la industria. Este enfoque en la calidad, combinado con nuestros valores fundamentales de integridad, trabajo en equipo y perseverancia, nos ha ayudado a forjar relaciones duraderas con clientes en casi 30 pa\u00edses de todo el mundo.<\/p>\n<p>En FMP nos comprometemos a construir alianzas globales, ofreciendo asesoramiento experto y soluciones a medida para satisfacer las diversas necesidades de nuestros clientes. Vamos m\u00e1s all\u00e1 de la entrega de productos, buscando construir relaciones duraderas que impulsen el \u00e9xito de cada proyecto. Ya sea que busque soluciones innovadoras para una nueva empresa o soporte continuo para un sistema existente, en FMP nos dedicamos a abordar sus desaf\u00edos t\u00e9cnicos y a garantizar su \u00e9xito continuo.<\/p>\n<p><img loading=\"lazy\" decoding=\"async\" class=\"alignnone size-full wp-image-1861\" src=\"https:\/\/fmp-components.com\/wp-content\/uploads\/2024\/12\/Other-Agricultural-Gearboxes.webp\" sizes=\"(min-width: 0px) and (max-width: 480px) 480px, (min-width: 481px) and (max-width: 980px) 980px, (min-width: 981px) 1200px, 100vw\" srcset=\"https:\/\/fmp-components.com\/wp-content\/uploads\/2024\/12\/Other-Agricultural-Gearboxes.webp 1200w, https:\/\/fmp-components.com\/wp-content\/uploads\/2024\/12\/Other-Agricultural-Gearboxes-980x1143.webp 980w, https:\/\/fmp-components.com\/wp-content\/uploads\/2024\/12\/Other-Agricultural-Gearboxes-480x560.webp 480w\" alt=\"Otros cambios agr\u00edcolas\" width=\"1200\" height=\"1400\" title=\"\"><\/p>\n<p>Autor: CX<\/p>","protected":false},"excerpt":{"rendered":"<p>Especificaciones de la caja de engranajes del pulverizador agr\u00edcola D21A D21A i N1[rpm] P1[kW] M2[Nm] Tipo de eje Entrada X Z 6,95 7,45 540 26,5 \u2013 1\u201d 3\/8 Z6 L108 35 X 3,90 4,90 540 40,5 \u2013 1\u201d 3\/8 Z6 L271,5 30 X 3,60 4,50 540 40,5 \u2013 1\u201d 3\/8 Z6 L273 40 X 3,60 4,50 540 40,5 \u2013 [\u2026]<\/p>","protected":false},"featured_media":2199,"comment_status":"open","ping_status":"closed","template":"","meta":{"_et_pb_use_builder":"","_et_pb_old_content":"","_et_gb_content_width":""},"product_brand":[],"product_cat":[55],"product_tag":[],"class_list":{"0":"post-2195","1":"product","2":"type-product","3":"status-publish","4":"has-post-thumbnail","6":"product_cat-agricultural-sprayer-gearbox","8":"first","9":"instock","10":"shipping-taxable","11":"product-type-simple"},"_links":{"self":[{"href":"https:\/\/fmp-components.com\/es\/wp-json\/wp\/v2\/product\/2195","targetHints":{"allow":["GET"]}}],"collection":[{"href":"https:\/\/fmp-components.com\/es\/wp-json\/wp\/v2\/product"}],"about":[{"href":"https:\/\/fmp-components.com\/es\/wp-json\/wp\/v2\/types\/product"}],"replies":[{"embeddable":true,"href":"https:\/\/fmp-components.com\/es\/wp-json\/wp\/v2\/comments?post=2195"}],"wp:featuredmedia":[{"embeddable":true,"href":"https:\/\/fmp-components.com\/es\/wp-json\/wp\/v2\/media\/2199"}],"wp:attachment":[{"href":"https:\/\/fmp-components.com\/es\/wp-json\/wp\/v2\/media?parent=2195"}],"wp:term":[{"taxonomy":"product_brand","embeddable":true,"href":"https:\/\/fmp-components.com\/es\/wp-json\/wp\/v2\/product_brand?post=2195"},{"taxonomy":"product_cat","embeddable":true,"href":"https:\/\/fmp-components.com\/es\/wp-json\/wp\/v2\/product_cat?post=2195"},{"taxonomy":"product_tag","embeddable":true,"href":"https:\/\/fmp-components.com\/es\/wp-json\/wp\/v2\/product_tag?post=2195"}],"curies":[{"name":"gracias","href":"https:\/\/api.w.org\/{rel}","templated":true}]}}