{"id":2187,"date":"2024-12-30T08:31:56","date_gmt":"2024-12-30T08:31:56","guid":{"rendered":"https:\/\/fmp-components.com\/?page_id=8"},"modified":"2024-12-30T08:37:15","modified_gmt":"2024-12-30T08:37:15","slug":"agricultural-sprayer-gearbox-replacement-of-comer-code-d27a-d27j-d27b","status":"publish","type":"product","link":"https:\/\/fmp-components.com\/es\/product\/agricultural-sprayer-gearbox-replacement-of-comer-code-d27a-d27j-d27b\/","title":{"rendered":"Caja de engranajes para pulverizador agr\u00edcola: reemplazo de los modelos Comer Code D27A, D27J y D27B"},"content":{"rendered":"<h2>Especificaciones de la caja de engranajes del pulverizador agr\u00edcola D27A\/D27J\/D27B<\/h2>\n<h3><em>D27A<\/em><\/h3>\n<p><img loading=\"lazy\" decoding=\"async\" class=\"alignnone size-full wp-image-2192\" src=\"https:\/\/fmp-components.com\/wp-content\/uploads\/2024\/12\/agricultural-sprayer-gearbox-specification-D27A.webp\" alt=\"Especificaci\u00f3n de la caja de engranajes del pulverizador agr\u00edcola D27A\" width=\"908\" height=\"473\" title=\"\" srcset=\"https:\/\/fmp-components.com\/wp-content\/uploads\/2024\/12\/agricultural-sprayer-gearbox-specification-D27A.webp 908w, https:\/\/fmp-components.com\/wp-content\/uploads\/2024\/12\/agricultural-sprayer-gearbox-specification-D27A-480x250.webp 480w\" sizes=\"(min-width: 0px) and (max-width: 480px) 480px, (min-width: 481px) 908px, 100vw\" \/><\/p>\n<table style=\"width: 101.336%; height: 345px;\" border=\"1\" cellspacing=\"0\" cellpadding=\"0\">\n<tbody>\n<tr style=\"height: 23px;\">\n<td style=\"height: 70px; width: 7.24947%;\" rowspan=\"2\"><strong>i<\/strong><\/td>\n<td style=\"height: 70px; width: 13.6461%;\" rowspan=\"2\"><strong>norte<sub>1<\/sub>[rpm]<\/strong><\/td>\n<td style=\"height: 70px; width: 12.0469%;\" rowspan=\"2\"><strong>PAG<sub>1<\/sub>[kW]<\/strong><\/td>\n<td style=\"height: 70px; width: 13.0064%;\" rowspan=\"2\"><strong>METRO<sub>2<\/sub>[Nuevo M\u00e9jico]<\/strong><\/td>\n<td style=\"height: 23px; width: 44.8827%;\" colspan=\"2\"><strong>Tipo de eje<\/strong><strong><br \/>\n<\/strong><\/td>\n<td style=\"height: 70px; width: 9.06183%;\" rowspan=\"2\"><strong>Aporte<\/strong><\/td>\n<\/tr>\n<tr style=\"height: 47px;\">\n<td style=\"height: 47px; width: 21.9616%;\"><strong>\u00a0 \u00a0 \u00a0 \u00a0 \u00a0 \u00a0 \u00a0 \u00a0 \u00a0 \u00a0 \u00a0 \u00a0inc\u00f3gnita<br \/>\n<\/strong>\u00a0<img loading=\"lazy\" decoding=\"async\" class=\"size-full wp-image-2180 aligncenter\" src=\"https:\/\/fmp-components.com\/wp-content\/uploads\/2024\/12\/shaft-x-3.webp\" alt=\"eje-x\" width=\"81\" height=\"78\" title=\"\" srcset=\"https:\/\/fmp-components.com\/wp-content\/uploads\/2024\/12\/shaft-x-3.webp 81w, https:\/\/fmp-components.com\/wp-content\/uploads\/2024\/12\/shaft-x-3-12x12.webp 12w\" sizes=\"(max-width: 81px) 100vw, 81px\" \/><\/td>\n<td style=\"height: 47px; width: 22.9211%;\"><strong>\u00a0 \u00a0 \u00a0 \u00a0 \u00a0 \u00a0 \u00a0 \u00a0 \u00a0 \u00a0 \u00a0Z<\/strong><\/p>\n<p><strong><img loading=\"lazy\" decoding=\"async\" class=\"size-full wp-image-2181 aligncenter\" src=\"https:\/\/fmp-components.com\/wp-content\/uploads\/2024\/12\/shaft-z.webp\" alt=\"eje-z\" width=\"81\" height=\"84\" title=\"\" srcset=\"https:\/\/fmp-components.com\/wp-content\/uploads\/2024\/12\/shaft-z.webp 81w, https:\/\/fmp-components.com\/wp-content\/uploads\/2024\/12\/shaft-z-12x12.webp 12w\" sizes=\"(max-width: 81px) 100vw, 81px\" \/><\/strong><\/td>\n<\/tr>\n<tr style=\"height: 47px;\">\n<td style=\"height: 47px; width: 7.24947%;\">4.00<br \/>\n5.25<\/td>\n<td style=\"height: 47px; width: 13.6461%;\">540<\/td>\n<td style=\"height: 47px; width: 12.0469%;\">22.1<\/td>\n<td style=\"height: 47px; width: 13.0064%;\"><\/td>\n<td style=\"height: 47px; width: 21.9616%;\">1\u201d 3\/8 Z6<\/td>\n<td style=\"height: 47px; width: 22.9211%;\"><\/td>\n<td style=\"height: 47px; width: 9.06183%;\">inc\u00f3gnita<\/td>\n<\/tr>\n<tr style=\"height: 47px;\">\n<td style=\"height: 47px; width: 7.24947%;\">3.70<br \/>\n4.80<\/td>\n<td style=\"height: 47px; width: 13.6461%;\">540<\/td>\n<td style=\"height: 47px; width: 12.0469%;\">22.1<\/td>\n<td style=\"height: 47px; width: 13.0064%;\">&#8211;<\/td>\n<td style=\"height: 47px; width: 21.9616%;\">1\u201d 3\/8 Z6<\/td>\n<td style=\"height: 47px; width: 22.9211%;\">\u00a0L250 35<\/td>\n<td style=\"height: 47px; width: 9.06183%;\">inc\u00f3gnita<\/td>\n<\/tr>\n<tr style=\"height: 47px;\">\n<td style=\"height: 47px; width: 7.24947%;\">3.70<br \/>\n4.40<\/td>\n<td style=\"height: 47px; width: 13.6461%;\">540<\/td>\n<td style=\"height: 47px; width: 12.0469%;\">22.1<\/td>\n<td style=\"height: 47px; width: 13.0064%;\">&#8211;<\/td>\n<td style=\"height: 47px; width: 21.9616%;\">1\u201d 3\/8 Z6<\/td>\n<td style=\"height: 47px; width: 22.9211%;\">L117 35<\/td>\n<td style=\"height: 47px; width: 9.06183%;\">inc\u00f3gnita<\/td>\n<\/tr>\n<tr style=\"height: 47px;\">\n<td style=\"height: 47px; width: 7.24947%;\">2.95<br \/>\n4.00<\/td>\n<td style=\"height: 47px; width: 13.6461%;\">540<\/td>\n<td style=\"height: 47px; width: 12.0469%;\">22.1<\/td>\n<td style=\"height: 47px; width: 13.0064%;\"><\/td>\n<td style=\"height: 47px; width: 21.9616%;\">1\u201d 3\/8 Z6<\/td>\n<td style=\"height: 47px; width: 22.9211%;\"><\/td>\n<td style=\"height: 47px; width: 9.06183%;\">inc\u00f3gnita<\/td>\n<\/tr>\n<\/tbody>\n<\/table>\n<p><img loading=\"lazy\" decoding=\"async\" class=\"alignnone size-full wp-image-2191\" src=\"https:\/\/fmp-components.com\/wp-content\/uploads\/2024\/12\/agricultural-sprayer-gearbox-specification-D27J-D27B.webp\" alt=\"Especificaciones de la caja de engranajes del pulverizador agr\u00edcola D27J-D27B\" width=\"853\" height=\"454\" title=\"\" srcset=\"https:\/\/fmp-components.com\/wp-content\/uploads\/2024\/12\/agricultural-sprayer-gearbox-specification-D27J-D27B.webp 853w, https:\/\/fmp-components.com\/wp-content\/uploads\/2024\/12\/agricultural-sprayer-gearbox-specification-D27J-D27B-480x255.webp 480w\" sizes=\"(min-width: 0px) and (max-width: 480px) 480px, (min-width: 481px) 853px, 100vw\" \/><\/p>\n<table style=\"width: 100.094%; height: 286px;\" border=\"1\" cellspacing=\"0\" cellpadding=\"0\">\n<tbody>\n<tr>\n<td style=\"width: 7.5594%;\" rowspan=\"2\"><strong>i<\/strong><\/td>\n<td style=\"width: 14.0389%;\" rowspan=\"2\"><strong>norte<sub>1<\/sub>[rpm]<\/strong><\/td>\n<td style=\"width: 12.419%;\" rowspan=\"2\"><strong>PAG<sub>1<\/sub>[kW]<\/strong><\/td>\n<td style=\"width: 13.4989%;\" rowspan=\"2\"><strong>METRO<sub>2<\/sub>[Nuevo M\u00e9jico]<\/strong><\/td>\n<td style=\"width: 42.9806%;\" colspan=\"2\"><strong>Tipo de eje<\/strong><strong><br \/>\n<\/strong><\/td>\n<td style=\"width: 9.28726%;\" rowspan=\"2\"><strong>Aporte<\/strong><\/td>\n<\/tr>\n<tr>\n<td style=\"width: 21.4903%;\"><strong>\u00a0 \u00a0 \u00a0 \u00a0 \u00a0 \u00a0 \u00a0 \u00a0 \u00a0 \u00a0 \u00a0 \u00a0inc\u00f3gnita<br \/>\n<\/strong><img loading=\"lazy\" decoding=\"async\" class=\"size-full wp-image-2180 aligncenter\" src=\"https:\/\/fmp-components.com\/wp-content\/uploads\/2024\/12\/shaft-x-3.webp\" alt=\"eje-x\" width=\"81\" height=\"78\" title=\"\" srcset=\"https:\/\/fmp-components.com\/wp-content\/uploads\/2024\/12\/shaft-x-3.webp 81w, https:\/\/fmp-components.com\/wp-content\/uploads\/2024\/12\/shaft-x-3-12x12.webp 12w\" sizes=\"(max-width: 81px) 100vw, 81px\" \/><\/td>\n<td style=\"width: 21.4903%;\"><strong>\u00a0 \u00a0 \u00a0 \u00a0 \u00a0 \u00a0 \u00a0 \u00a0 \u00a0 \u00a0 \u00a0 Z<img loading=\"lazy\" decoding=\"async\" class=\"size-full wp-image-2181 aligncenter\" src=\"https:\/\/fmp-components.com\/wp-content\/uploads\/2024\/12\/shaft-z.webp\" alt=\"eje-z\" width=\"81\" height=\"84\" title=\"\" srcset=\"https:\/\/fmp-components.com\/wp-content\/uploads\/2024\/12\/shaft-z.webp 81w, https:\/\/fmp-components.com\/wp-content\/uploads\/2024\/12\/shaft-z-12x12.webp 12w\" sizes=\"(max-width: 81px) 100vw, 81px\" \/><\/strong><\/td>\n<\/tr>\n<tr>\n<td style=\"width: 7.5594%;\">4.00<br \/>\n5.25<\/td>\n<td style=\"width: 14.0389%;\">540<\/td>\n<td style=\"width: 12.419%;\">22.1<\/td>\n<td style=\"width: 13.4989%;\">&#8211;<\/td>\n<td style=\"width: 21.4903%;\">1\u201d 3\/8 Z6<\/td>\n<td style=\"width: 21.4903%;\">L200 \u03a630<\/td>\n<td style=\"width: 9.28726%;\">inc\u00f3gnita<\/td>\n<\/tr>\n<tr>\n<td style=\"width: 7.5594%;\">3.69<br \/>\n4.36<\/td>\n<td style=\"width: 14.0389%;\">540<\/td>\n<td style=\"width: 12.419%;\">22.1<\/td>\n<td style=\"width: 13.4989%;\">&#8211;<\/td>\n<td style=\"width: 21.4903%;\">1\u201d 3\/8 Z6<\/td>\n<td style=\"width: 21.4903%;\">\u00a0L253 40<\/td>\n<td style=\"width: 9.28726%;\">inc\u00f3gnita<\/td>\n<\/tr>\n<tr>\n<td style=\"width: 7.5594%;\">2.95<br \/>\n4.00<\/td>\n<td style=\"width: 14.0389%;\">540<\/td>\n<td style=\"width: 12.419%;\">22.1<\/td>\n<td style=\"width: 13.4989%;\">&#8211;<\/td>\n<td style=\"width: 21.4903%;\">1\u201d 3\/8 Z6<\/td>\n<td style=\"width: 21.4903%;\">L200 40<\/td>\n<td style=\"width: 9.28726%;\">inc\u00f3gnita<\/td>\n<\/tr>\n<tr>\n<td style=\"width: 7.5594%;\">2.95<br \/>\n4.00<\/td>\n<td style=\"width: 14.0389%;\">540<\/td>\n<td style=\"width: 12.419%;\">22.1<\/td>\n<td style=\"width: 13.4989%;\">&#8211;<\/td>\n<td style=\"width: 21.4903%;\">1\u201d 3\/8 Z6<\/td>\n<td style=\"width: 21.4903%;\">L250 40<\/td>\n<td style=\"width: 9.28726%;\">inc\u00f3gnita<\/td>\n<\/tr>\n<\/tbody>\n<\/table>\n<h3>Ventajas de la caja de engranajes del pulverizador agr\u00edcola<\/h3>\n<ol>\n<li><strong>Transmisi\u00f3n de potencia eficiente<\/strong><br \/>\nLas cajas de engranajes de los pulverizadores agr\u00edcolas est\u00e1n dise\u00f1adas para transferir eficazmente la potencia del sistema de toma de fuerza del tractor a la bomba o mecanismo de pulverizaci\u00f3n del pulverizador. Esto garantiza un funcionamiento \u00f3ptimo del pulverizador, ya que la caja de engranajes convierte la entrada de alta velocidad y bajo par del tractor en la salida correcta, tambi\u00e9n a baja velocidad y alto par, necesaria para una pulverizaci\u00f3n eficaz. Esta eficiente transmisi\u00f3n de potencia maximiza el rendimiento del pulverizador, garantizando una pulverizaci\u00f3n precisa y uniforme de pesticidas, fertilizantes y otros productos qu\u00edmicos.<\/li>\n<li><strong>Reducci\u00f3n de velocidad y aumento de par<\/strong><br \/>\nUna de las principales ventajas de la caja de engranajes de un pulverizador agr\u00edcola es su capacidad para reducir la velocidad y aumentar el par motor. Los pulverizadores requieren velocidades m\u00e1s bajas y un par motor m\u00e1s alto para operar las bombas y boquillas eficazmente, y la caja de engranajes garantiza que se cumplan estas condiciones. Al reducir la velocidad de rotaci\u00f3n de la toma de fuerza del tractor y aumentar el par motor, la caja de engranajes proporciona la ventaja mec\u00e1nica necesaria para una pulverizaci\u00f3n eficiente en grandes superficies agr\u00edcolas.<\/li>\n<li><strong>Durabilidad y longevidad<\/strong><br \/>\nLas cajas de engranajes para pulverizadores agr\u00edcolas est\u00e1n dise\u00f1adas para soportar las duras condiciones del trabajo agr\u00edcola. Est\u00e1n fabricadas con materiales de alta calidad e ingenier\u00eda robusta, lo que garantiza durabilidad y rendimiento a largo plazo. Su capacidad para soportar las altas tensiones y el funcionamiento continuo habituales en entornos agr\u00edcolas las hace altamente confiables, reduciendo la necesidad de reparaciones o reemplazos frecuentes. Esta longevidad se traduce en un menor costo total de propiedad para los agricultores.<\/li>\n<li><strong>Protecci\u00f3n contra sobrecarga<\/strong><br \/>\nMuchas cajas de engranajes de pulverizadores agr\u00edcolas incorporan mecanismos de protecci\u00f3n contra sobrecargas, como pasadores de seguridad o embragues. Estos sistemas ayudan a proteger la caja de engranajes de sobrecargas mec\u00e1nicas repentinas, que pueden ocurrir si el pulverizador encuentra una obstrucci\u00f3n o si hay un cambio repentino de carga. Al absorber el exceso de tensi\u00f3n y evitar da\u00f1os en los componentes internos, la protecci\u00f3n contra sobrecargas prolonga la vida \u00fatil de la caja de engranajes y garantiza un funcionamiento ininterrumpido durante tareas de pulverizaci\u00f3n cr\u00edticas.<\/li>\n<li><strong>Bajo mantenimiento y f\u00e1cil lubricaci\u00f3n<\/strong><br \/>\nUna lubricaci\u00f3n adecuada es esencial para el buen funcionamiento de cualquier caja de engranajes, y las cajas de engranajes de los pulverizadores agr\u00edcolas est\u00e1n dise\u00f1adas con sistemas de lubricaci\u00f3n de f\u00e1cil mantenimiento. Estos sistemas garantizan una lubricaci\u00f3n adecuada de los engranajes y las piezas m\u00f3viles, reduciendo la fricci\u00f3n y el desgaste, y previniendo el sobrecalentamiento. Con revisiones y mantenimiento rutinarios, como cambios de aceite regulares, la caja de engranajes puede mantener su eficiencia y un funcionamiento fluido, requiriendo un mantenimiento m\u00ednimo durante su vida \u00fatil. Esta facilidad de mantenimiento reduce a\u00fan m\u00e1s los costos operativos y el tiempo de inactividad para los agricultores.<\/li>\n<\/ol>\n<p>La caja de engranajes de los pulverizadores agr\u00edcolas ofrece numerosas ventajas, como una transmisi\u00f3n de potencia eficiente, reducci\u00f3n de velocidad con aumento del par, durabilidad, protecci\u00f3n contra sobrecargas y un bajo mantenimiento. Estas caracter\u00edsticas contribuyen a la fiabilidad y eficiencia de la caja de engranajes, garantizando un rendimiento \u00f3ptimo de los pulverizadores a lo largo del tiempo, incluso en condiciones agr\u00edcolas adversas. Al optimizar el rendimiento y reducir el tiempo de inactividad, la caja de engranajes es un componente esencial para una pulverizaci\u00f3n eficaz y rentable.<\/p>\n<p><img loading=\"lazy\" decoding=\"async\" class=\"alignnone size-full wp-image-2193\" src=\"https:\/\/fmp-components.com\/wp-content\/uploads\/2024\/12\/Agricultural-Sprayer-Gearbox-19.webp\" alt=\"Caja de engranajes para pulverizador agr\u00edcola\" width=\"2016\" height=\"1512\" title=\"\" srcset=\"https:\/\/fmp-components.com\/wp-content\/uploads\/2024\/12\/Agricultural-Sprayer-Gearbox-19.webp 2016w, https:\/\/fmp-components.com\/wp-content\/uploads\/2024\/12\/Agricultural-Sprayer-Gearbox-19-1280x960.webp 1280w, https:\/\/fmp-components.com\/wp-content\/uploads\/2024\/12\/Agricultural-Sprayer-Gearbox-19-980x735.webp 980w, https:\/\/fmp-components.com\/wp-content\/uploads\/2024\/12\/Agricultural-Sprayer-Gearbox-19-480x360.webp 480w\" sizes=\"(min-width: 0px) and (max-width: 480px) 480px, (min-width: 481px) and (max-width: 980px) 980px, (min-width: 981px) and (max-width: 1280px) 1280px, (min-width: 1281px) 2016px, 100vw\" \/><\/p>\n<h3>Ejes de toma de fuerza para caja de engranajes de pulverizadores agr\u00edcolas<\/h3>\n<ol>\n<li><strong>Eficiencia de transmisi\u00f3n de potencia<\/strong><br \/>\nLos ejes de la toma de fuerza (TDF) desempe\u00f1an un papel crucial en la transmisi\u00f3n de potencia mec\u00e1nica del tractor a la caja de engranajes del pulverizador agr\u00edcola. El eje de la TDF se conecta al sistema de la TDF del tractor, permitiendo que la potencia del motor se transmita a trav\u00e9s del eje a la caja de engranajes, que acciona la bomba del pulverizador y otros componentes esenciales. Esta transferencia directa de potencia garantiza el funcionamiento eficaz del pulverizador, suministrando la presi\u00f3n y el caudal adecuados al sistema de pulverizaci\u00f3n para una distribuci\u00f3n uniforme del producto qu\u00edmico.<\/li>\n<li><strong>Versatilidad y compatibilidad<\/strong><br \/>\nLos ejes de toma de fuerza est\u00e1n dise\u00f1ados para ser altamente vers\u00e1tiles y compatibles con una amplia gama de cajas de engranajes de pulverizadores agr\u00edcolas. Con varios tama\u00f1os y configuraciones disponibles, los ejes de toma de fuerza se adaptan f\u00e1cilmente a diferentes tipos de pulverizadores, desde peque\u00f1os y port\u00e1tiles hasta grandes pulverizadores montados en tractores. Su dise\u00f1o universal permite una integraci\u00f3n perfecta con diversos sistemas de pulverizaci\u00f3n, lo que los convierte en una soluci\u00f3n fiable para agricultores que utilizan diferentes modelos de pulverizadores en diversas explotaciones agr\u00edcolas.<\/li>\n<li><strong>Durabilidad y construcci\u00f3n robusta<\/strong><br \/>\nLas cajas de engranajes y los ejes de las tomas de fuerza de los pulverizadores agr\u00edcolas est\u00e1n sometidos a duras condiciones de campo, como la exposici\u00f3n a la suciedad, la humedad y cargas pesadas. Los ejes de las tomas de fuerza que se utilizan con las cajas de engranajes de los pulverizadores agr\u00edcolas est\u00e1n fabricados con materiales de alta resistencia, como el acero aleado, lo que aumenta su durabilidad y resistencia al desgaste. Esta robusta construcci\u00f3n garantiza que el eje de la toma de fuerza resista las tensiones y esfuerzos repetitivos de las operaciones agr\u00edcolas, lo que proporciona fiabilidad a largo plazo y minimiza la necesidad de reemplazos o reparaciones.<\/li>\n<li><strong>Caracter\u00edsticas de seguridad<\/strong><br \/>\nMuchos ejes de toma de fuerza para cajas de engranajes de pulverizadores agr\u00edcolas incorporan funciones de seguridad, como pasadores de seguridad, embragues o horquillas deslizantes. Estos mecanismos de seguridad ayudan a prevenir da\u00f1os tanto en el eje de toma de fuerza como en la caja de engranajes en caso de sobrecargas mec\u00e1nicas u obstrucciones repentinas. Cuando se produce una sobrecarga mec\u00e1nica, el pasador de seguridad o el embrague desconectan la transmisi\u00f3n de potencia del eje, evitando da\u00f1os en la caja de engranajes del pulverizador u otros componentes conectados. Estas funciones de seguridad ayudan a reducir el riesgo de tiempos de inactividad y reparaciones costosas, garantizando un funcionamiento continuo.<\/li>\n<li><strong>Facilidad de mantenimiento<\/strong><br \/>\nEl mantenimiento regular de los cardanes es esencial para garantizar un rendimiento \u00f3ptimo y una larga vida \u00fatil. Los cardanes dise\u00f1ados para cajas de engranajes de pulverizadores agr\u00edcolas se fabrican pensando en la facilidad de mantenimiento. Est\u00e1n equipados con caracter\u00edsticas como acoplamientos r\u00e1pidos, engrasadores y puntos de f\u00e1cil acceso para la lubricaci\u00f3n. Mediante una lubricaci\u00f3n adecuada y la realizaci\u00f3n de inspecciones peri\u00f3dicas, los agricultores pueden garantizar el correcto funcionamiento del card\u00e1n, minimizando la fricci\u00f3n y el desgaste. El mantenimiento rutinario tambi\u00e9n prolonga la vida \u00fatil tanto del card\u00e1n como de la caja de engranajes del pulverizador, reduciendo as\u00ed el coste total de propiedad.<\/li>\n<\/ol>\n<p>Los ejes de toma de fuerza para las cajas de engranajes de pulverizadores agr\u00edcolas son componentes esenciales que transmiten eficientemente la potencia del tractor al sistema de pulverizaci\u00f3n. Su versatilidad, durabilidad y compatibilidad con diversos modelos de pulverizadores los convierten en un componente crucial de las operaciones agr\u00edcolas modernas. Gracias a sus caracter\u00edsticas de seguridad integradas y su f\u00e1cil mantenimiento, los ejes de toma de fuerza garantizan un funcionamiento fluido, minimizan el tiempo de inactividad y prolongan la vida \u00fatil tanto del eje como de la caja de engranajes. Para un rendimiento \u00f3ptimo y una fiabilidad a largo plazo, el mantenimiento regular y el uso correcto de estos ejes son fundamentales para mantener la eficiencia de las operaciones de pulverizaci\u00f3n agr\u00edcola.<\/p>\n<p><img loading=\"lazy\" decoding=\"async\" class=\"alignnone size-full wp-image-2194\" src=\"https:\/\/fmp-components.com\/wp-content\/uploads\/2024\/12\/tractor-pto-shaft.webp\" alt=\"Caja de engranajes para pulverizador agr\u00edcola\" width=\"1000\" height=\"580\" title=\"\" srcset=\"https:\/\/fmp-components.com\/wp-content\/uploads\/2024\/12\/tractor-pto-shaft.webp 1000w, https:\/\/fmp-components.com\/wp-content\/uploads\/2024\/12\/tractor-pto-shaft-980x568.webp 980w, https:\/\/fmp-components.com\/wp-content\/uploads\/2024\/12\/tractor-pto-shaft-480x278.webp 480w\" sizes=\"(min-width: 0px) and (max-width: 480px) 480px, (min-width: 481px) and (max-width: 980px) 980px, (min-width: 981px) 1000px, 100vw\" \/><\/p>\n<h3>Acerca de FMP<\/h3>\n<p>Con sede en Italia, FMP es un fabricante l\u00edder reconocido por su experiencia en el dise\u00f1o, desarrollo y producci\u00f3n de cajas de engranajes de alto rendimiento, con especial atenci\u00f3n al sector de la maquinaria agr\u00edcola. Con una reputaci\u00f3n de ingenier\u00eda de precisi\u00f3n, soluciones innovadoras y una fiabilidad inquebrantable, FMP se ha convertido en un socio de confianza para satisfacer las necesidades cambiantes de los sectores agr\u00edcola e industrial. Nuestra diversa gama de productos incluye cajas de engranajes especializadas para cortac\u00e9spedes, ejes de toma de fuerza y otros componentes esenciales, todos meticulosamente dise\u00f1ados para ofrecer soluciones personalizadas en una amplia gama de aplicaciones.<\/p>\n<p>En FMP, comprendemos que cada cliente tiene necesidades y desaf\u00edos \u00fanicos. Por eso nos especializamos en ofrecer soluciones a medida, ya sea para componentes individuales o para sistemas totalmente integrados. Trabajamos en estrecha colaboraci\u00f3n con nuestros clientes para garantizar que cada soluci\u00f3n sea eficaz y eficiente, optimizando tanto el rendimiento como el valor. Nuestro compromiso con respuestas r\u00e1pidas y profesionales, junto con la orientaci\u00f3n experta, garantiza que cada consulta se trate con el m\u00e1ximo cuidado y precisi\u00f3n, lo que se traduce en los mejores resultados posibles.<\/p>\n<p>Priorizamos la comunicaci\u00f3n abierta y continua durante todo el proceso de desarrollo de productos. Nuestro equipo especializado trabaja directamente con los clientes para comprender plenamente sus necesidades espec\u00edficas, ofreciendo informaci\u00f3n valiosa y recomendaciones para garantizar soluciones \u00f3ptimas. Ya sea dise\u00f1ando productos innovadores o atendiendo pedidos en curso, FMP se compromete a entregar soluciones de alta calidad y precisi\u00f3n, siempre a tiempo. Nuestro objetivo es brindar a nuestros clientes el mejor servicio y los mejores resultados, superando las expectativas en cada proyecto.<\/p>\n<p>La calidad es la piedra angular de las operaciones de FMP. Nos adherimos a los m\u00e1s altos est\u00e1ndares de fabricaci\u00f3n e implementamos rigurosos controles de calidad para garantizar que cada producto no solo cumpla, sino que supere los est\u00e1ndares de la industria. Este firme compromiso con la calidad, sumado a nuestros valores fundamentales de integridad, trabajo en equipo y perseverancia, nos ha permitido forjar relaciones duraderas y de confianza con clientes en casi 30 pa\u00edses de todo el mundo.<\/p>\n<p>En FMP, siempre estamos abiertos a fomentar colaboraciones globales y nos dedicamos a ofrecer asesoramiento experto y soluciones personalizadas que satisfagan las diversas necesidades de nuestros clientes. Vamos m\u00e1s all\u00e1 del simple suministro de productos; nuestro objetivo es construir relaciones duraderas que contribuyan al \u00e9xito de cada proyecto. Ya sea que necesite soluciones innovadoras para una nueva iniciativa o soporte continuo para un sistema existente, en FMP estamos aqu\u00ed para abordar sus desaf\u00edos t\u00e9cnicos y garantizar su \u00e9xito continuo.<\/p>\n<p><img loading=\"lazy\" decoding=\"async\" class=\"alignnone size-full wp-image-1861\" src=\"https:\/\/fmp-components.com\/wp-content\/uploads\/2024\/12\/Other-Agricultural-Gearboxes.webp\" sizes=\"(min-width: 0px) and (max-width: 480px) 480px, (min-width: 481px) and (max-width: 980px) 980px, (min-width: 981px) 1200px, 100vw\" srcset=\"https:\/\/fmp-components.com\/wp-content\/uploads\/2024\/12\/Other-Agricultural-Gearboxes.webp 1200w, https:\/\/fmp-components.com\/wp-content\/uploads\/2024\/12\/Other-Agricultural-Gearboxes-980x1143.webp 980w, https:\/\/fmp-components.com\/wp-content\/uploads\/2024\/12\/Other-Agricultural-Gearboxes-480x560.webp 480w\" alt=\"Otros cambios agr\u00edcolas\" width=\"1200\" height=\"1400\" title=\"\"><\/p>\n<p>Autor: CX<\/p>","protected":false},"excerpt":{"rendered":"<p>Especificaciones de la caja de engranajes del pulverizador agr\u00edcola D27A\/D27J\/D27B D27A i N1[rpm] P1[kW] M2[Nm] Tipo de eje Entrada X Z 4,00 5,25 540 22,1 1\u201d 3\/8 Z6 X 3,70 4,80 540 22,1 \u2013 1\u201d 3\/8 Z6 L250 [\u2026]<\/p>","protected":false},"featured_media":2189,"comment_status":"open","ping_status":"closed","template":"","meta":{"_et_pb_use_builder":"","_et_pb_old_content":"","_et_gb_content_width":""},"product_brand":[],"product_cat":[55],"product_tag":[],"class_list":{"0":"post-2187","1":"product","2":"type-product","3":"status-publish","4":"has-post-thumbnail","6":"product_cat-agricultural-sprayer-gearbox","8":"first","9":"instock","10":"shipping-taxable","11":"product-type-simple"},"_links":{"self":[{"href":"https:\/\/fmp-components.com\/es\/wp-json\/wp\/v2\/product\/2187","targetHints":{"allow":["GET"]}}],"collection":[{"href":"https:\/\/fmp-components.com\/es\/wp-json\/wp\/v2\/product"}],"about":[{"href":"https:\/\/fmp-components.com\/es\/wp-json\/wp\/v2\/types\/product"}],"replies":[{"embeddable":true,"href":"https:\/\/fmp-components.com\/es\/wp-json\/wp\/v2\/comments?post=2187"}],"wp:featuredmedia":[{"embeddable":true,"href":"https:\/\/fmp-components.com\/es\/wp-json\/wp\/v2\/media\/2189"}],"wp:attachment":[{"href":"https:\/\/fmp-components.com\/es\/wp-json\/wp\/v2\/media?parent=2187"}],"wp:term":[{"taxonomy":"product_brand","embeddable":true,"href":"https:\/\/fmp-components.com\/es\/wp-json\/wp\/v2\/product_brand?post=2187"},{"taxonomy":"product_cat","embeddable":true,"href":"https:\/\/fmp-components.com\/es\/wp-json\/wp\/v2\/product_cat?post=2187"},{"taxonomy":"product_tag","embeddable":true,"href":"https:\/\/fmp-components.com\/es\/wp-json\/wp\/v2\/product_tag?post=2187"}],"curies":[{"name":"gracias","href":"https:\/\/api.w.org\/{rel}","templated":true}]}}