{"id":2177,"date":"2024-12-30T08:25:25","date_gmt":"2024-12-30T08:25:25","guid":{"rendered":"https:\/\/fmp-components.com\/?page_id=8"},"modified":"2024-12-30T08:27:08","modified_gmt":"2024-12-30T08:27:08","slug":"agricultural-sprayer-gearbox-replacement-of-comer-code-d-7a-d-7b","status":"publish","type":"product","link":"https:\/\/fmp-components.com\/es\/product\/agricultural-sprayer-gearbox-replacement-of-comer-code-d-7a-d-7b\/","title":{"rendered":"Caja de engranajes para pulverizador agr\u00edcola: reemplazo del c\u00f3digo Comer D-7A\/D-7B"},"content":{"rendered":"<p><img loading=\"lazy\" decoding=\"async\" class=\"wp-image-2183 aligncenter\" src=\"https:\/\/fmp-components.com\/wp-content\/uploads\/2024\/12\/agricultural-sprayer-gearbox-D7.webp\" alt=\"caja de engranajes para pulverizador agr\u00edcola D7\" width=\"536\" height=\"536\" title=\"\" srcset=\"https:\/\/fmp-components.com\/wp-content\/uploads\/2024\/12\/agricultural-sprayer-gearbox-D7.webp 536w, https:\/\/fmp-components.com\/wp-content\/uploads\/2024\/12\/agricultural-sprayer-gearbox-D7-480x480.webp 480w\" sizes=\"(min-width: 0px) and (max-width: 480px) 480px, (min-width: 481px) 536px, 100vw\" \/><\/p>\n<h2>Especificaciones de la caja de engranajes del pulverizador agr\u00edcola D-7A y D-7B<\/h2>\n<h3>D-7A<\/h3>\n<p><img loading=\"lazy\" decoding=\"async\" class=\"alignnone size-full wp-image-2178\" src=\"https:\/\/fmp-components.com\/wp-content\/uploads\/2024\/12\/agricultural-sprayer-gearbox-specification-D7A.webp\" alt=\"Especificaci\u00f3n de la caja de engranajes del pulverizador agr\u00edcola D7A\" width=\"950\" height=\"550\" title=\"\" srcset=\"https:\/\/fmp-components.com\/wp-content\/uploads\/2024\/12\/agricultural-sprayer-gearbox-specification-D7A.webp 950w, https:\/\/fmp-components.com\/wp-content\/uploads\/2024\/12\/agricultural-sprayer-gearbox-specification-D7A-480x278.webp 480w\" sizes=\"(min-width: 0px) and (max-width: 480px) 480px, (min-width: 481px) 950px, 100vw\" \/><\/p>\n<table style=\"width: 97.7768%; height: 297px;\" border=\"1\" cellspacing=\"0\" cellpadding=\"0\">\n<tbody>\n<tr>\n<td rowspan=\"2\"><strong>i<\/strong><\/td>\n<td rowspan=\"2\"><strong>norte<sub>1<\/sub>[rpm]<\/strong><\/td>\n<td rowspan=\"2\"><strong>PAG<sub>1<\/sub>[kW]<\/strong><\/td>\n<td rowspan=\"2\"><strong>METRO<sub>2<\/sub>[Nuevo M\u00e9jico]<\/strong><\/td>\n<td colspan=\"2\"><strong>Tipo de eje<\/strong><strong><br \/>\n<\/strong><\/td>\n<td rowspan=\"2\"><strong>Aporte<\/strong><\/td>\n<\/tr>\n<tr>\n<td><strong>inc\u00f3gnita<\/strong><img loading=\"lazy\" decoding=\"async\" class=\"alignnone size-full wp-image-2180\" src=\"https:\/\/fmp-components.com\/wp-content\/uploads\/2024\/12\/shaft-x-3.webp\" alt=\"eje-x\" width=\"81\" height=\"78\" title=\"\" srcset=\"https:\/\/fmp-components.com\/wp-content\/uploads\/2024\/12\/shaft-x-3.webp 81w, https:\/\/fmp-components.com\/wp-content\/uploads\/2024\/12\/shaft-x-3-12x12.webp 12w\" sizes=\"(max-width: 81px) 100vw, 81px\" \/><\/p>\n<p>&nbsp;<\/td>\n<td><strong>Z<\/strong><img loading=\"lazy\" decoding=\"async\" class=\"alignnone size-full wp-image-2181\" src=\"https:\/\/fmp-components.com\/wp-content\/uploads\/2024\/12\/shaft-z.webp\" alt=\"eje-z\" width=\"81\" height=\"84\" title=\"\" srcset=\"https:\/\/fmp-components.com\/wp-content\/uploads\/2024\/12\/shaft-z.webp 81w, https:\/\/fmp-components.com\/wp-content\/uploads\/2024\/12\/shaft-z-12x12.webp 12w\" sizes=\"(max-width: 81px) 100vw, 81px\" \/><\/p>\n<p>&nbsp;<\/td>\n<\/tr>\n<tr>\n<td>5.82<\/td>\n<td>540<\/td>\n<td>16.2<\/td>\n<td>48<\/td>\n<td>1\u201d 3\/8 Z6<\/td>\n<td>35<\/td>\n<td>inc\u00f3gnita<\/td>\n<\/tr>\n<tr>\n<td>4.36<\/td>\n<td>540<\/td>\n<td>21.3<\/td>\n<td>84<\/td>\n<td>1\u201d 3\/8 Z6<\/td>\n<td><\/td>\n<td>inc\u00f3gnita<\/td>\n<\/tr>\n<tr>\n<td>4.00<\/td>\n<td>540<\/td>\n<td>21.7<\/td>\n<td>93<\/td>\n<td>1\u201d 3\/8 Z6<\/td>\n<td><\/td>\n<td>inc\u00f3gnita<\/td>\n<\/tr>\n<\/tbody>\n<\/table>\n<h3>D-7B<\/h3>\n<p><img loading=\"lazy\" decoding=\"async\" class=\"alignnone size-full wp-image-2179\" src=\"https:\/\/fmp-components.com\/wp-content\/uploads\/2024\/12\/agricultural-sprayer-gearbox-specification-D7B.webp\" alt=\"Especificaci\u00f3n de la caja de engranajes del pulverizador agr\u00edcola D7B\" width=\"950\" height=\"550\" title=\"\" srcset=\"https:\/\/fmp-components.com\/wp-content\/uploads\/2024\/12\/agricultural-sprayer-gearbox-specification-D7B.webp 950w, https:\/\/fmp-components.com\/wp-content\/uploads\/2024\/12\/agricultural-sprayer-gearbox-specification-D7B-480x278.webp 480w\" sizes=\"(min-width: 0px) and (max-width: 480px) 480px, (min-width: 481px) 950px, 100vw\" \/><\/p>\n<table style=\"width: 90.4364%; height: 255px;\" border=\"1\" cellspacing=\"0\" cellpadding=\"0\">\n<tbody>\n<tr>\n<td rowspan=\"2\"><strong>i<\/strong><\/td>\n<td rowspan=\"2\"><strong>norte<sub>1<\/sub>[rpm]<\/strong><\/td>\n<td rowspan=\"2\"><strong>PAG<sub>1<\/sub>[kW]<\/strong><\/td>\n<td rowspan=\"2\"><strong>METRO<sub>2<\/sub>[Nuevo M\u00e9jico]<\/strong><\/td>\n<td colspan=\"2\"><strong>Tipo de eje<\/strong><strong><br \/>\n<\/strong><\/td>\n<td rowspan=\"2\"><strong>Aporte<\/strong><\/td>\n<\/tr>\n<tr>\n<td><strong>inc\u00f3gnita<\/strong><img loading=\"lazy\" decoding=\"async\" class=\"alignnone size-full wp-image-2180\" src=\"https:\/\/fmp-components.com\/wp-content\/uploads\/2024\/12\/shaft-x-3.webp\" alt=\"eje-x\" width=\"81\" height=\"78\" title=\"\" srcset=\"https:\/\/fmp-components.com\/wp-content\/uploads\/2024\/12\/shaft-x-3.webp 81w, https:\/\/fmp-components.com\/wp-content\/uploads\/2024\/12\/shaft-x-3-12x12.webp 12w\" sizes=\"(max-width: 81px) 100vw, 81px\" \/><\/p>\n<p>&nbsp;<\/td>\n<td><strong>Z<\/strong><img loading=\"lazy\" decoding=\"async\" class=\"alignnone size-full wp-image-2181\" src=\"https:\/\/fmp-components.com\/wp-content\/uploads\/2024\/12\/shaft-z.webp\" alt=\"eje-z\" width=\"81\" height=\"84\" title=\"\" srcset=\"https:\/\/fmp-components.com\/wp-content\/uploads\/2024\/12\/shaft-z.webp 81w, https:\/\/fmp-components.com\/wp-content\/uploads\/2024\/12\/shaft-z-12x12.webp 12w\" sizes=\"(max-width: 81px) 100vw, 81px\" \/><\/p>\n<p>&nbsp;<\/td>\n<\/tr>\n<tr>\n<td>5.25<\/td>\n<td>540<\/td>\n<td>20.6<\/td>\n<td>67<\/td>\n<td>1\u201d 3\/8 Z6<\/td>\n<td><\/td>\n<td>inc\u00f3gnita<\/td>\n<\/tr>\n<tr>\n<td>4.36<\/td>\n<td>540<\/td>\n<td>21.3<\/td>\n<td>83<\/td>\n<td>1\u201d 3\/8 Z6<\/td>\n<td><\/td>\n<td>inc\u00f3gnita<\/td>\n<\/tr>\n<tr>\n<td>4.00<\/td>\n<td>540<\/td>\n<td>21.7<\/td>\n<td>95<\/td>\n<td>1\u201d 3\/8 Z6<\/td>\n<td>40<\/td>\n<td>inc\u00f3gnita<\/td>\n<\/tr>\n<\/tbody>\n<\/table>\n<h2>Caracter\u00edsticas de la caja de engranajes del pulverizador agr\u00edcola<\/h2>\n<ol>\n<li><strong>Transmisi\u00f3n de potencia de alta eficiencia<\/strong><br \/>\nLas cajas de engranajes de los pulverizadores agr\u00edcolas est\u00e1n dise\u00f1adas para transmitir eficientemente la potencia desde la toma de fuerza (TDF) del tractor a la bomba o al mecanismo de pulverizaci\u00f3n del pulverizador. Estas cajas de engranajes garantizan un funcionamiento suave y fiable, permitiendo que el pulverizador proporcione un caudal de fluido y una cobertura de pulverizaci\u00f3n uniformes, cruciales para la protecci\u00f3n eficaz de los cultivos y la aplicaci\u00f3n de nutrientes.<\/li>\n<li><strong>Durabilidad y construcci\u00f3n robusta<\/strong><br \/>\nDise\u00f1adas para soportar las duras condiciones de los entornos agr\u00edcolas, las cajas de engranajes de los pulverizadores agr\u00edcolas est\u00e1n fabricadas con materiales duraderos y de alta calidad, como acero endurecido y hierro fundido. Estos materiales est\u00e1n dise\u00f1ados para resistir el desgaste, incluso con cargas pesadas y un uso prolongado, lo que garantiza una larga vida \u00fatil y minimiza el tiempo de inactividad por mantenimiento.<\/li>\n<li><strong>Resistencia a la corrosi\u00f3n<\/strong><br \/>\nDada la exposici\u00f3n a productos qu\u00edmicos y a la intemperie, las cajas de engranajes de los pulverizadores agr\u00edcolas est\u00e1n dise\u00f1adas con recubrimientos y sellos resistentes a la corrosi\u00f3n. Esto evita que la caja de engranajes se da\u00f1e por los productos qu\u00edmicos, la humedad y la tierra, prolongando su vida \u00fatil y manteniendo un rendimiento \u00f3ptimo en entornos dif\u00edciles.<\/li>\n<li><strong>Dise\u00f1o compacto y ligero<\/strong><br \/>\nLas cajas de engranajes para pulverizadores agr\u00edcolas tienen un dise\u00f1o compacto y ligero, lo que facilita su integraci\u00f3n en los sistemas de pulverizaci\u00f3n sin a\u00f1adir peso significativo. Esta caracter\u00edstica mejora la maniobrabilidad y la eficiencia del pulverizador, garantizando un funcionamiento del sistema con m\u00ednima tensi\u00f3n en el tractor.<\/li>\n<li><strong>Control de velocidad y flujo ajustable<\/strong><br \/>\nMuchas cajas de engranajes de pulverizadores agr\u00edcolas est\u00e1n equipadas con engranajes ajustables, lo que permite a los operadores controlar la velocidad y el caudal de la bomba. Esta flexibilidad permite ajustar el pulverizador con precisi\u00f3n para satisfacer las necesidades espec\u00edficas de cada cultivo o campo, lo que permite una aplicaci\u00f3n precisa de fertilizantes, pesticidas y herbicidas para una protecci\u00f3n y un crecimiento \u00f3ptimos de los cultivos.<\/li>\n<li><strong>Requisitos de bajo mantenimiento<\/strong><br \/>\nLas cajas de engranajes de los pulverizadores agr\u00edcolas est\u00e1n dise\u00f1adas para facilitar su mantenimiento. Gracias a sus caracter\u00edsticas como rodamientos sellados y engranajes bien protegidos, estas cajas requieren un mantenimiento m\u00ednimo. La inspecci\u00f3n y lubricaci\u00f3n regulares suelen ser suficientes para mantener el buen funcionamiento de la caja de engranajes, lo que las hace rentables para los agricultores a largo plazo.<\/li>\n<li><strong>Alta capacidad de par<\/strong><br \/>\nLas cajas de engranajes de los pulverizadores agr\u00edcolas est\u00e1n dise\u00f1adas para soportar un alto par motor, lo que garantiza que la potencia generada por la toma de fuerza del tractor se transmita eficazmente al sistema de pulverizaci\u00f3n sin comprometer el rendimiento. Esta alta capacidad de par motor garantiza que el pulverizador mantenga un funcionamiento constante incluso en condiciones de campo dif\u00edciles o al trabajar con equipos de gran tama\u00f1o.<\/li>\n<\/ol>\n<p>Las cajas de engranajes de pulverizadores agr\u00edcolas son componentes esenciales para una pulverizaci\u00f3n eficiente y fiable. Su durabilidad, resistencia a la corrosi\u00f3n, controles ajustables y dise\u00f1o compacto las hacen ideales para satisfacer las exigentes necesidades de la agricultura moderna, contribuyendo as\u00ed a una gesti\u00f3n y protecci\u00f3n \u00f3ptimas de los cultivos.<\/p>\n<p><img loading=\"lazy\" decoding=\"async\" class=\"alignnone size-full wp-image-2184\" src=\"https:\/\/fmp-components.com\/wp-content\/uploads\/2024\/12\/Agricultural-Sprayer-Gearbox-24.webp\" alt=\"Caja de engranajes para pulverizador agr\u00edcola\" width=\"1000\" height=\"606\" title=\"\" srcset=\"https:\/\/fmp-components.com\/wp-content\/uploads\/2024\/12\/Agricultural-Sprayer-Gearbox-24.webp 1000w, https:\/\/fmp-components.com\/wp-content\/uploads\/2024\/12\/Agricultural-Sprayer-Gearbox-24-980x594.webp 980w, https:\/\/fmp-components.com\/wp-content\/uploads\/2024\/12\/Agricultural-Sprayer-Gearbox-24-480x291.webp 480w\" sizes=\"(min-width: 0px) and (max-width: 480px) 480px, (min-width: 481px) and (max-width: 980px) 980px, (min-width: 981px) 1000px, 100vw\" \/><\/p>\n<h2>Componentes clave de la caja de engranajes del pulverizador agr\u00edcola<\/h2>\n<ol>\n<li><strong>Eje de entrada<\/strong><br \/>\nEl eje de entrada es el punto de conexi\u00f3n principal donde se transfiere la potencia desde la toma de fuerza (TDF) del tractor a la caja de cambios. Este componente est\u00e1 dise\u00f1ado para soportar el alto par de la TDF, lo que garantiza que pueda soportar la fuerza necesaria para accionar la bomba o el sistema de pulverizaci\u00f3n del pulverizador. El eje de entrada suele estar fabricado con materiales de alta resistencia para garantizar su durabilidad y un rendimiento a largo plazo.<\/li>\n<li><strong>Engranajes y trenes de engranajes<\/strong><br \/>\nEl sistema de engranajes es el coraz\u00f3n de la caja de engranajes de un pulverizador agr\u00edcola. Consta de m\u00faltiples engranajes, incluyendo engranajes c\u00f3nicos, engranajes rectos y engranajes planetarios, seg\u00fan el dise\u00f1o. Estos engranajes trabajan en conjunto para transmitir la potencia eficientemente, convirtiendo la rotaci\u00f3n a alta velocidad de la toma de fuerza en la velocidad y el par adecuados que necesita el pulverizador. El sistema de engranajes suele estar fabricado en acero endurecido para mayor resistencia y resistencia al desgaste.<\/li>\n<li><strong>Aspectos<\/strong><br \/>\nLos rodamientos son componentes cruciales que reducen la fricci\u00f3n y soportan las piezas giratorias de la caja de engranajes. En las cajas de engranajes de pulverizadores agr\u00edcolas, los rodamientos suelen estar sellados o lubricados para mayor durabilidad y protecci\u00f3n contra condiciones adversas. Los rodamientos de alta calidad garantizan un funcionamiento suave, reduciendo el riesgo de sobrecalentamiento y desgaste, a la vez que aumentan la eficiencia general y la vida \u00fatil de la caja de engranajes.<\/li>\n<li><strong>Eje de salida<\/strong><br \/>\nEl eje de salida est\u00e1 conectado a la bomba o al mecanismo de pulverizaci\u00f3n del pulverizador, transmitiendo la potencia desde la caja de engranajes para accionar la bomba. Su dise\u00f1o garantiza que pueda soportar los requisitos de par y velocidad del sistema de pulverizaci\u00f3n. Suele estar dise\u00f1ado con una alta capacidad de par y fabricado con materiales robustos para garantizar su fiabilidad en condiciones agr\u00edcolas exigentes.<\/li>\n<li><strong>Sellos y juntas<\/strong><br \/>\nLos sellos y juntas son fundamentales para evitar fugas de lubricante y proteger los componentes internos de la caja de engranajes de la suciedad, el agua y los productos qu\u00edmicos. Las cajas de engranajes de pulverizadores agr\u00edcolas est\u00e1n expuestas a condiciones adversas, como campos h\u00famedos y la pulverizaci\u00f3n de productos qu\u00edmicos, por lo que unos sellos de alta calidad son esenciales para garantizar que la caja de engranajes funcione eficientemente y est\u00e9 protegida de contaminantes externos.<\/li>\n<li><strong>Alojamiento<\/strong><br \/>\nLa carcasa de la caja de cambios es la carcasa exterior que alberga y protege todos los componentes internos. Generalmente, est\u00e1 hecha de hierro fundido o aleaciones de aluminio resistentes para brindar resistencia y resistencia al desgaste y a los impactos. La carcasa garantiza que todos los componentes permanezcan en su lugar y proporciona una carcasa resistente que soporta factores ambientales externos como la humedad, la exposici\u00f3n a productos qu\u00edmicos y el manejo brusco.<\/li>\n<li><strong>Sistema de lubricaci\u00f3n<\/strong><br \/>\nEl sistema de lubricaci\u00f3n incluye el c\u00e1rter de aceite y los canales que distribuyen el lubricante a las piezas m\u00f3viles de la caja de engranajes. Una lubricaci\u00f3n adecuada es esencial para reducir la fricci\u00f3n, evitar el sobrecalentamiento y prolongar la vida \u00fatil de la caja de engranajes. El sistema garantiza que los engranajes, cojinetes y dem\u00e1s componentes m\u00f3viles est\u00e9n adecuadamente lubricados para mantener un funcionamiento suave y eficiente bajo cargas pesadas.<\/li>\n<\/ol>\n<p>En resumen, los componentes clave de la caja de engranajes de un pulverizador agr\u00edcola trabajan en conjunto para garantizar una transmisi\u00f3n de potencia eficiente y fiable desde la toma de fuerza del tractor hasta los sistemas operativos del pulverizador. Con engranajes duraderos, ejes de alta resistencia, sellado eficaz y lubricaci\u00f3n adecuada, estos componentes est\u00e1n dise\u00f1ados para soportar las duras condiciones de los entornos agr\u00edcolas, garantizando un rendimiento \u00f3ptimo de los pulverizadores durante largos periodos.<\/p>\n<p><img loading=\"lazy\" decoding=\"async\" class=\"alignnone wp-image-2186\" src=\"https:\/\/fmp-components.com\/wp-content\/uploads\/2024\/12\/Agricultural-Sprayer-Gearbox-22.webp\" alt=\"Caja de engranajes para pulverizador agr\u00edcola\" width=\"875\" height=\"872\" title=\"\" srcset=\"https:\/\/fmp-components.com\/wp-content\/uploads\/2024\/12\/Agricultural-Sprayer-Gearbox-22.webp 875w, https:\/\/fmp-components.com\/wp-content\/uploads\/2024\/12\/Agricultural-Sprayer-Gearbox-22-480x478.webp 480w\" sizes=\"(min-width: 0px) and (max-width: 480px) 480px, (min-width: 481px) 875px, 100vw\" \/><\/p>\n<h3>Principio de funcionamiento de la caja de engranajes del pulverizador agr\u00edcola<\/h3>\n<ol>\n<li><strong>Transferencia de potencia desde la toma de fuerza<\/strong><br \/>\nLa caja de engranajes del pulverizador agr\u00edcola funciona recibiendo potencia del sistema de toma de fuerza (TDF) del tractor. El eje de la TDF, generalmente ubicado en la parte trasera del tractor, suministra energ\u00eda mec\u00e1nica que se transfiere al eje de entrada de la caja de engranajes. Este eje de entrada est\u00e1 dise\u00f1ado para gestionar el alto par motor del tractor, garantizando que la potencia se dirija a la caja de engranajes sin sobrecargar los componentes.<\/li>\n<li><strong>Reducci\u00f3n de velocidad y conversi\u00f3n de par<\/strong><br \/>\nDentro de la caja de cambios, la potencia de la TDF se transmite a una serie de engranajes dise\u00f1ados para reducir la velocidad de rotaci\u00f3n. Se utilizan configuraciones de engranajes, como engranajes rectos, c\u00f3nicos o planetarios, para convertir la entrada de alta velocidad y bajo par del tractor en una salida de menor velocidad y mayor par, ideal para el pulverizador. Esta reducci\u00f3n de velocidad es esencial, ya que los pulverizadores agr\u00edcolas requieren una potencia controlada y constante para operar sus bombas y mecanismos de pulverizaci\u00f3n eficazmente.<\/li>\n<li><strong>Transmisi\u00f3n de potencia a la bomba del pulverizador<\/strong><br \/>\nLa velocidad reducida y el par motor aumentado se transfieren a trav\u00e9s del eje de salida de la caja de engranajes a la bomba o al mecanismo de pulverizaci\u00f3n del pulverizador. El eje de salida se conecta directamente a la bomba u otros sistemas de pulverizaci\u00f3n, garantizando que la potencia generada por el tractor se utilice eficientemente para pulverizar l\u00edquidos como pesticidas, herbicidas o fertilizantes. La caja de engranajes garantiza que la bomba del pulverizador funcione a la velocidad correcta, proporcionando el caudal y la presi\u00f3n necesarios para una pulverizaci\u00f3n eficaz.<\/li>\n<li><strong>Lubricaci\u00f3n y refrigeraci\u00f3n<\/strong><br \/>\nDurante el funcionamiento de la caja de engranajes, los engranajes y otros componentes internos generan fricci\u00f3n y calor. Para garantizar un funcionamiento suave y eficiente, la caja de engranajes est\u00e1 equipada con un sistema de lubricaci\u00f3n que distribuye aceite o grasa a todas las piezas m\u00f3viles. Este sistema reduce la fricci\u00f3n, previene el sobrecalentamiento y prolonga la vida \u00fatil de la caja de engranajes. Una lubricaci\u00f3n adecuada es fundamental para mantener la eficiencia de la caja de engranajes, especialmente en las exigentes condiciones del trabajo agr\u00edcola.<\/li>\n<li><strong>Protecci\u00f3n y seguridad contra sobrecargas<\/strong><br \/>\nPara proteger la caja de engranajes de sobrecargas mec\u00e1nicas repentinas, muchas cajas de engranajes de pulverizadores agr\u00edcolas est\u00e1n equipadas con un mecanismo de protecci\u00f3n contra sobrecargas, como un pasador de seguridad o un sistema de embrague. Este sistema est\u00e1 dise\u00f1ado para absorber la tensi\u00f3n excesiva, evitando da\u00f1os en los engranajes y ejes internos en caso de obstrucci\u00f3n o cambio repentino de carga. Si se produce una sobrecarga, el mecanismo de protecci\u00f3n se activa, permitiendo que la caja de engranajes siga funcionando sin sufrir da\u00f1os permanentes.<\/li>\n<\/ol>\n<p>En resumen, la caja de engranajes del pulverizador agr\u00edcola funciona transfiriendo potencia desde la toma de fuerza del tractor a la bomba o mecanismo de pulverizaci\u00f3n del pulverizador. Reduce la velocidad de la potencia entrante, la convierte en mayor par motor y garantiza que el pulverizador funcione a una velocidad y eficiencia \u00f3ptimas. La caja de engranajes tambi\u00e9n est\u00e1 equipada con sistemas de lubricaci\u00f3n para reducir el desgaste y prevenir el sobrecalentamiento, y mecanismos de protecci\u00f3n contra sobrecargas para garantizar un funcionamiento seguro y fiable.<\/p>\n<p><img loading=\"lazy\" decoding=\"async\" class=\"alignnone size-full wp-image-2185\" src=\"https:\/\/fmp-components.com\/wp-content\/uploads\/2024\/12\/Agricultural-Sprayer-Gearbox-Applications.webp\" alt=\"Caja de engranajes para pulverizador agr\u00edcola\" width=\"1200\" height=\"770\" title=\"\" srcset=\"https:\/\/fmp-components.com\/wp-content\/uploads\/2024\/12\/Agricultural-Sprayer-Gearbox-Applications.webp 1200w, https:\/\/fmp-components.com\/wp-content\/uploads\/2024\/12\/Agricultural-Sprayer-Gearbox-Applications-980x629.webp 980w, https:\/\/fmp-components.com\/wp-content\/uploads\/2024\/12\/Agricultural-Sprayer-Gearbox-Applications-480x308.webp 480w\" sizes=\"(min-width: 0px) and (max-width: 480px) 480px, (min-width: 481px) and (max-width: 980px) 980px, (min-width: 981px) 1200px, 100vw\" \/><\/p>\n<h3>Acerca de FMP<\/h3>\n<p>Con sede en Italia, FMP es un fabricante l\u00edder reconocido por su experiencia en el dise\u00f1o, desarrollo y producci\u00f3n de cajas de engranajes de alto rendimiento, principalmente para el sector de la maquinaria agr\u00edcola. Reconocidos por nuestra ingenier\u00eda de precisi\u00f3n, innovaci\u00f3n y fiabilidad inquebrantable, FMP se ha consolidado como un socio de confianza para satisfacer las cambiantes demandas de los mercados agr\u00edcola e industrial. Nuestra completa cartera de productos incluye cajas de engranajes especializadas para cortac\u00e9spedes, ejes de toma de fuerza y \u200b\u200botros componentes cr\u00edticos, todos dise\u00f1ados para ofrecer soluciones eficaces y personalizadas para una amplia gama de aplicaciones.<\/p>\n<p>En FMP, comprendemos que cada cliente tiene necesidades y desaf\u00edos \u00fanicos. Por eso nos especializamos en ofrecer soluciones a medida, ya sea mediante componentes individuales o sistemas totalmente integrados. Adoptamos un enfoque colaborativo, trabajando en estrecha colaboraci\u00f3n con nuestros clientes para garantizar que cada soluci\u00f3n sea no solo efectiva, sino tambi\u00e9n eficiente. Nuestro compromiso con respuestas r\u00e1pidas y profesionales, y con la asesor\u00eda experta, garantiza que cada consulta se gestione con el m\u00e1ximo cuidado y precisi\u00f3n, asegurando as\u00ed los mejores resultados para nuestros clientes.<\/p>\n<p>Ponemos gran \u00e9nfasis en la comunicaci\u00f3n abierta y continua, especialmente en el desarrollo de nuevos productos. Nuestro equipo especializado trabaja directamente con los clientes para comprender plenamente sus necesidades, ofreciendo informaci\u00f3n valiosa y recomendaciones que conducen a soluciones \u00f3ptimas. Ya sea que dise\u00f1emos productos innovadores o atendamos pedidos existentes, en FMP nos comprometemos a entregar soluciones de alta calidad y precisi\u00f3n, siempre a tiempo, garantizando que nuestros clientes reciban el mejor servicio y los mejores resultados.<\/p>\n<p>En el centro de las operaciones de FMP se encuentra nuestro enfoque inquebrantable en la calidad. Nos adherimos a los m\u00e1s altos est\u00e1ndares de fabricaci\u00f3n, aplicando rigurosas medidas de control de calidad para garantizar que cada producto no solo cumpla, sino que supere las expectativas de la industria. Este compromiso con la calidad, sumado a nuestros valores fundamentales de integridad, trabajo en equipo y perseverancia, nos ha permitido forjar relaciones duraderas y de confianza con clientes en casi 30 pa\u00edses de todo el mundo.<\/p>\n<p>En FMP, nos esforzamos constantemente por establecer alianzas globales y nos dedicamos a brindar asesoramiento experto y soluciones personalizadas para satisfacer las diversas necesidades de nuestros clientes. Nuestro enfoque va m\u00e1s all\u00e1 de la simple entrega de productos; buscamos cultivar relaciones a largo plazo que contribuyan al \u00e9xito de cada proyecto. Ya sea que necesite soluciones innovadoras para una nueva empresa o soporte continuo para un sistema existente, en FMP estamos aqu\u00ed para abordar sus desaf\u00edos t\u00e9cnicos y ayudarle a garantizar su \u00e9xito continuo.<\/p>\n<p><img loading=\"lazy\" decoding=\"async\" class=\"alignnone size-full wp-image-1861\" src=\"https:\/\/fmp-components.com\/wp-content\/uploads\/2024\/12\/Other-Agricultural-Gearboxes.webp\" sizes=\"(min-width: 0px) and (max-width: 480px) 480px, (min-width: 481px) and (max-width: 980px) 980px, (min-width: 981px) 1200px, 100vw\" srcset=\"https:\/\/fmp-components.com\/wp-content\/uploads\/2024\/12\/Other-Agricultural-Gearboxes.webp 1200w, https:\/\/fmp-components.com\/wp-content\/uploads\/2024\/12\/Other-Agricultural-Gearboxes-980x1143.webp 980w, https:\/\/fmp-components.com\/wp-content\/uploads\/2024\/12\/Other-Agricultural-Gearboxes-480x560.webp 480w\" alt=\"Otros cambios agr\u00edcolas\" width=\"1200\" height=\"1400\" title=\"\"><\/p>\n<p>Autor: CX<\/p>","protected":false},"excerpt":{"rendered":"<p>Specifications of Agricultural Sprayer Gearbox D-7A &amp; D-7B D-7A i N1[rpm] P1[kW] M2[Nm] Shaft Type Input X &nbsp; Z &nbsp; 5.82 540 16.2 48 1&#8221; 3\/8 Z6 35 X 4.36 540 21.3 84 1&#8221; 3\/8 Z6 X 4.00 540 21.7 93 1&#8221; 3\/8 Z6 X D-7B i N1[rpm] P1[kW] M2[Nm] Shaft Type Input X &nbsp; [&hellip;]<\/p>","protected":false},"featured_media":2183,"comment_status":"open","ping_status":"closed","template":"","meta":{"_et_pb_use_builder":"","_et_pb_old_content":"","_et_gb_content_width":""},"product_brand":[],"product_cat":[55],"product_tag":[],"class_list":{"0":"post-2177","1":"product","2":"type-product","3":"status-publish","4":"has-post-thumbnail","6":"product_cat-agricultural-sprayer-gearbox","8":"first","9":"instock","10":"shipping-taxable","11":"product-type-simple"},"_links":{"self":[{"href":"https:\/\/fmp-components.com\/es\/wp-json\/wp\/v2\/product\/2177","targetHints":{"allow":["GET"]}}],"collection":[{"href":"https:\/\/fmp-components.com\/es\/wp-json\/wp\/v2\/product"}],"about":[{"href":"https:\/\/fmp-components.com\/es\/wp-json\/wp\/v2\/types\/product"}],"replies":[{"embeddable":true,"href":"https:\/\/fmp-components.com\/es\/wp-json\/wp\/v2\/comments?post=2177"}],"wp:featuredmedia":[{"embeddable":true,"href":"https:\/\/fmp-components.com\/es\/wp-json\/wp\/v2\/media\/2183"}],"wp:attachment":[{"href":"https:\/\/fmp-components.com\/es\/wp-json\/wp\/v2\/media?parent=2177"}],"wp:term":[{"taxonomy":"product_brand","embeddable":true,"href":"https:\/\/fmp-components.com\/es\/wp-json\/wp\/v2\/product_brand?post=2177"},{"taxonomy":"product_cat","embeddable":true,"href":"https:\/\/fmp-components.com\/es\/wp-json\/wp\/v2\/product_cat?post=2177"},{"taxonomy":"product_tag","embeddable":true,"href":"https:\/\/fmp-components.com\/es\/wp-json\/wp\/v2\/product_tag?post=2177"}],"curies":[{"name":"gracias","href":"https:\/\/api.w.org\/{rel}","templated":true}]}}