{"id":2158,"date":"2024-12-30T07:35:02","date_gmt":"2024-12-30T07:35:02","guid":{"rendered":"https:\/\/fmp-components.com\/?page_id=8"},"modified":"2024-12-30T08:06:30","modified_gmt":"2024-12-30T08:06:30","slug":"fertilizer-spreader-gearbox-replacement-of-comer-code-l-25j","status":"publish","type":"product","link":"https:\/\/fmp-components.com\/es\/product\/fertilizer-spreader-gearbox-replacement-of-comer-code-l-25j\/","title":{"rendered":"Caja de engranajes para esparcidor de fertilizantes: reemplazo del c\u00f3digo Comer L-25J"},"content":{"rendered":"<p><img loading=\"lazy\" decoding=\"async\" class=\"alignnone size-full wp-image-2159\" src=\"https:\/\/fmp-components.com\/wp-content\/uploads\/2024\/12\/Agricultural-Gearbox-and-PTO-Drive-Shaft-3.webp\" alt=\"Caja de cambios agr\u00edcola y eje de transmisi\u00f3n de la TDF 3\" width=\"1200\" height=\"540\" title=\"\" srcset=\"https:\/\/fmp-components.com\/wp-content\/uploads\/2024\/12\/Agricultural-Gearbox-and-PTO-Drive-Shaft-3.webp 1200w, https:\/\/fmp-components.com\/wp-content\/uploads\/2024\/12\/Agricultural-Gearbox-and-PTO-Drive-Shaft-3-980x441.webp 980w, https:\/\/fmp-components.com\/wp-content\/uploads\/2024\/12\/Agricultural-Gearbox-and-PTO-Drive-Shaft-3-480x216.webp 480w\" sizes=\"(min-width: 0px) and (max-width: 480px) 480px, (min-width: 481px) and (max-width: 980px) 980px, (min-width: 981px) 1200px, 100vw\" \/><\/p>\n<h2>Especificaciones de la caja de engranajes del esparcidor de fertilizantes L-25J<\/h2>\n<table style=\"width: 103.326%; height: 185px;\" width=\"270\">\n<tbody>\n<tr>\n<td width=\"132\"><img loading=\"lazy\" decoding=\"async\" class=\"alignnone size-full wp-image-2163\" src=\"https:\/\/fmp-components.com\/wp-content\/uploads\/2024\/12\/Fertilizer-Spreader-Gearbox-L-25J-Specifications-1.webp\" alt=\"Especificaciones de la caja de engranajes del esparcidor de fertilizantes L-25J 1\" width=\"600\" height=\"600\" title=\"\" srcset=\"https:\/\/fmp-components.com\/wp-content\/uploads\/2024\/12\/Fertilizer-Spreader-Gearbox-L-25J-Specifications-1.webp 600w, https:\/\/fmp-components.com\/wp-content\/uploads\/2024\/12\/Fertilizer-Spreader-Gearbox-L-25J-Specifications-1-480x480.webp 480w\" sizes=\"(min-width: 0px) and (max-width: 480px) 480px, (min-width: 481px) 600px, 100vw\" \/><\/td>\n<td width=\"138\"><img loading=\"lazy\" decoding=\"async\" class=\"alignnone size-full wp-image-2164\" src=\"https:\/\/fmp-components.com\/wp-content\/uploads\/2024\/12\/Fertilizer-Spreader-Gearbox-L-25J-Specifications-2.webp\" alt=\"Especificaciones de la caja de engranajes del esparcidor de fertilizantes L-25J 2\" width=\"600\" height=\"600\" title=\"\" srcset=\"https:\/\/fmp-components.com\/wp-content\/uploads\/2024\/12\/Fertilizer-Spreader-Gearbox-L-25J-Specifications-2.webp 600w, https:\/\/fmp-components.com\/wp-content\/uploads\/2024\/12\/Fertilizer-Spreader-Gearbox-L-25J-Specifications-2-480x480.webp 480w\" sizes=\"(min-width: 0px) and (max-width: 480px) 480px, (min-width: 481px) 600px, 100vw\" \/><\/td>\n<\/tr>\n<\/tbody>\n<\/table>\n<table class=\"kh-1xzm1su\" border=\"1\" cellspacing=\"0\" cellpadding=\"0\" data-intent=\"lists-product-attributes\" data-test-id=\"attributes-list\">\n<tbody class=\"kh-1ago99h\">\n<tr id=\"attLongDescription\" class=\"kh-bwvum6\">\n<th class=\"kh-10oizfy\">Descripci\u00f3n<\/th>\n<td class=\"kh-1f5nhat\">\n<div class=\"kh-pkx4zo\">Caja de engranajes para esparcidor de fertilizantes: reemplazo de la caja de engranajes Comer L-25J<\/div>\n<\/td>\n<\/tr>\n<tr id=\"attApplicationRange\" class=\"kh-bwvum6\">\n<th class=\"kh-10oizfy\">Solicitud<\/th>\n<td class=\"kh-1f5nhat\">\n<ul>\n<li class=\"kh-16zd49f\">Varias aplicaciones (agr\u00edcolas)<\/li>\n<li class=\"kh-16zd49f\">Cortadoras de c\u00e9sped<\/li>\n<li class=\"kh-16zd49f\">Distribuidores de fertilizantes qu\u00edmicos<\/li>\n<li class=\"kh-16zd49f\">sierras de cinta<\/li>\n<\/ul>\n<\/td>\n<\/tr>\n<tr id=\"attConsistsOf\" class=\"kh-bwvum6\">\n<th class=\"kh-10oizfy\">Consiste en<\/th>\n<td class=\"kh-1f5nhat\">\n<ul>\n<li class=\"kh-16zd49f\">Caja de cambios<\/li>\n<li class=\"kh-16zd49f\">Sin aceite<\/li>\n<\/ul>\n<\/td>\n<\/tr>\n<tr id=\"attTechnicalInformation\" class=\"kh-bwvum6\">\n<th class=\"kh-10oizfy\">Informaci\u00f3n t\u00e9cnica<\/th>\n<td class=\"kh-1f5nhat\">\n<ul>\n<li class=\"kh-16zd49f\">Si tiene alguna pregunta respecto al rendimiento a diferentes velocidades, no dude en contactarnos.<\/li>\n<li class=\"kh-16zd49f\">Al utilizarlo por primera vez, reemplace el aceite despu\u00e9s de 50 horas de funcionamiento.<\/li>\n<\/ul>\n<\/td>\n<\/tr>\n<tr id=\"taMaxOutputTorqueDaNm\" class=\"kh-bwvum6\">\n<th class=\"kh-10oizfy\">Par de salida m\u00e1ximo<\/th>\n<td class=\"kh-1f5nhat\">\n<div class=\"kh-pkx4zo\">22,7 daNm<\/div>\n<\/td>\n<\/tr>\n<tr id=\"taContainsOil\" class=\"kh-bwvum6\">\n<th class=\"kh-10oizfy\">Contiene aceite<\/th>\n<td class=\"kh-1f5nhat\">\n<div class=\"kh-pkx4zo\">No<\/div>\n<\/td>\n<\/tr>\n<tr id=\"taMaxOilCapacityL\" class=\"kh-bwvum6\">\n<th class=\"kh-10oizfy\">Capacidad m\u00e1xima de aceite<\/th>\n<td class=\"kh-1f5nhat\">\n<div class=\"kh-pkx4zo\">0,35 litros<\/div>\n<\/td>\n<\/tr>\n<tr id=\"taMaxOilChangeIntervalH\" class=\"kh-bwvum6\">\n<th class=\"kh-10oizfy\">Intervalo m\u00e1ximo de cambio de aceite<\/th>\n<td class=\"kh-1f5nhat\">\n<div class=\"kh-pkx4zo\">500 horas<\/div>\n<\/td>\n<\/tr>\n<tr id=\"taOilSAEViscosityGrade\" class=\"kh-bwvum6\">\n<th class=\"kh-10oizfy\">Grado de viscosidad SAE del aceite<\/th>\n<td class=\"kh-1f5nhat\">\n<div class=\"kh-pkx4zo\">80W-90<\/div>\n<\/td>\n<\/tr>\n<tr id=\"taHousingMaterial_16\" class=\"kh-bwvum6\">\n<th class=\"kh-10oizfy\">Material de la carcasa<\/th>\n<td class=\"kh-1f5nhat\">\n<div class=\"kh-pkx4zo\">Aluminio<\/div>\n<\/td>\n<\/tr>\n<tr id=\"taWeightKg_75\" class=\"kh-bwvum6\">\n<th class=\"kh-10oizfy\">Peso<\/th>\n<td class=\"kh-1f5nhat\">\n<div class=\"kh-pkx4zo\">4,1 kilogramos<\/div>\n<\/td>\n<\/tr>\n<tr id=\"taGearArrangementRed\" class=\"kh-bwvum6\">\n<th class=\"kh-10oizfy\">Disposici\u00f3n de engranajes Reducci\u00f3n<\/th>\n<td class=\"kh-1f5nhat\">\n<div class=\"kh-pkx4zo\">3 &#8211; 4<\/div>\n<\/td>\n<\/tr>\n<tr id=\"taInputPowerKwHpInc\" class=\"kh-bwvum6\">\n<th class=\"kh-10oizfy\">Potencia de entrada kW\/HP Creciente<\/th>\n<td class=\"kh-1f5nhat\">\n<div class=\"kh-pkx4zo\">11 \/ 15 kW\/CV<\/div>\n<\/td>\n<\/tr>\n<tr id=\"taInputShaftIncreasi\" class=\"kh-bwvum6\">\n<th class=\"kh-10oizfy\">Eje de entrada creciente<\/th>\n<td class=\"kh-1f5nhat\">\n<div class=\"kh-pkx4zo\">inc\u00f3gnita<\/div>\n<\/td>\n<\/tr>\n<tr id=\"taInputShaftReducing\" class=\"kh-bwvum6\">\n<th class=\"kh-10oizfy\">Reducci\u00f3n del eje de entrada<\/th>\n<td class=\"kh-1f5nhat\">\n<div class=\"kh-pkx4zo\">Z<\/div>\n<\/td>\n<\/tr>\n<tr id=\"taNSInputpowerKW-HPR\" class=\"kh-bwvum6\">\n<th class=\"kh-10oizfy\">Potencia de entrada KW \/ HP Reductor<\/th>\n<td class=\"kh-1f5nhat\">\n<div class=\"kh-pkx4zo\">7 \/ 9,5 kW\/CV<\/div>\n<\/td>\n<\/tr>\n<tr id=\"taNSOutputTorqueDaNm_1\" class=\"kh-bwvum6\">\n<th class=\"kh-10oizfy\">Par de salida DaNm en aumento<\/th>\n<td class=\"kh-1f5nhat\">\n<div class=\"kh-pkx4zo\">9,9 daNm<\/div>\n<\/td>\n<\/tr>\n<tr id=\"taRatioIncreasing\" class=\"kh-bwvum6\">\n<th class=\"kh-10oizfy\">Aumento de la proporci\u00f3n<\/th>\n<td class=\"kh-1f5nhat\">\n<div class=\"kh-pkx4zo\">1: 1,9<\/div>\n<\/td>\n<\/tr>\n<tr id=\"taRatioReducing\" class=\"kh-bwvum6\">\n<th class=\"kh-10oizfy\">Reducci\u00f3n de la relaci\u00f3n<\/th>\n<td class=\"kh-1f5nhat\">\n<div class=\"kh-pkx4zo\">1.9: 1<\/div>\n<\/td>\n<\/tr>\n<tr id=\"taShaftX\" class=\"kh-bwvum6\">\n<th class=\"kh-10oizfy\">Eje X<\/th>\n<td class=\"kh-1f5nhat\">\n<div class=\"kh-pkx4zo\">1 3\/8\u2033 (6) (A)<\/div>\n<\/td>\n<\/tr>\n<tr id=\"taShaftZ\" class=\"kh-bwvum6\">\n<th class=\"kh-10oizfy\">Eje Z<\/th>\n<td class=\"kh-1f5nhat\">\n<div class=\"kh-pkx4zo\">22 (D)<\/div>\n<\/td>\n<\/tr>\n<\/tbody>\n<\/table>\n<h2>Caracter\u00edsticas de la caja de engranajes del distribuidor de fertilizantes L-25J<\/h2>\n<ol>\n<li><strong>Alto rendimiento y eficiencia<\/strong>La caja de engranajes de la esparcidora de fertilizantes L-25J est\u00e1 dise\u00f1ada para ofrecer un rendimiento \u00f3ptimo en una amplia gama de aplicaciones de esparcido. Transfiere eficientemente la potencia desde la toma de fuerza del tractor a la esparcidora, garantizando un funcionamiento suave y constante. Su alta eficiencia permite un uso eficiente de los recursos, reduciendo el consumo de combustible y mejorando la productividad.<\/li>\n<li><strong>Construcci\u00f3n duradera<\/strong>Fabricada con materiales robustos, la caja de engranajes L-25J est\u00e1 dise\u00f1ada para soportar las duras condiciones habituales en entornos agr\u00edcolas. Su carcasa de alta resistencia y sus componentes internos son resistentes al desgaste y la corrosi\u00f3n, lo que proporciona una larga vida \u00fatil y reduce la frecuencia de mantenimiento o reemplazo.<\/li>\n<li><strong>Dise\u00f1o compacto y que ahorra espacio<\/strong>La caja de engranajes L-25J es compacta y f\u00e1cil de integrar en sistemas de distribuci\u00f3n de fertilizantes. Su dise\u00f1o compacto garantiza una instalaci\u00f3n sin complicaciones innecesarias, ofreciendo facilidad de uso e instalaci\u00f3n en una variedad de equipos agr\u00edcolas.<\/li>\n<li><strong>Transmisi\u00f3n de potencia suave<\/strong>Esta caja de engranajes cuenta con un mecanismo de transmisi\u00f3n de potencia suave que garantiza la distribuci\u00f3n uniforme de los fertilizantes, contribuyendo a una distribuci\u00f3n uniforme en grandes \u00e1reas agr\u00edcolas. Su dise\u00f1o minimiza las vibraciones, proporcionando un funcionamiento estable y controlado que evita una fertilizaci\u00f3n desigual.<\/li>\n<li><strong>Aplicaci\u00f3n vers\u00e1til<\/strong>La caja de engranajes L-25J es muy vers\u00e1til y se utiliza en diversos tipos de esparcidoras de fertilizantes, incluyendo las de fertilizantes granulados o peletizados. Admite diferentes anchos de esparcimiento y caudales ajustables, lo que la hace ideal para una amplia gama de aplicaciones agr\u00edcolas, desde peque\u00f1as hasta grandes explotaciones.<\/li>\n<\/ol>\n<p>La caja de engranajes del distribuidor de fertilizantes L-25J ofrece una soluci\u00f3n confiable y eficiente para tareas de distribuci\u00f3n de fertilizantes, caracteriz\u00e1ndose por su durabilidad, desempe\u00f1o suave y versatilidad, convirti\u00e9ndolo en un componente esencial para optimizar las operaciones agr\u00edcolas.<\/p>\n<p><img loading=\"lazy\" decoding=\"async\" class=\"alignnone size-full wp-image-2172\" src=\"https:\/\/fmp-components.com\/wp-content\/uploads\/2024\/12\/Characteristic-of-Fertilizer-Spreader-Gearbox-L-25J.webp\" alt=\"Caracter\u00edsticas de la caja de engranajes del distribuidor de fertilizantes L-25J\" width=\"1200\" height=\"743\" title=\"\" srcset=\"https:\/\/fmp-components.com\/wp-content\/uploads\/2024\/12\/Characteristic-of-Fertilizer-Spreader-Gearbox-L-25J.webp 1200w, https:\/\/fmp-components.com\/wp-content\/uploads\/2024\/12\/Characteristic-of-Fertilizer-Spreader-Gearbox-L-25J-980x607.webp 980w, https:\/\/fmp-components.com\/wp-content\/uploads\/2024\/12\/Characteristic-of-Fertilizer-Spreader-Gearbox-L-25J-480x297.webp 480w\" sizes=\"(min-width: 0px) and (max-width: 480px) 480px, (min-width: 481px) and (max-width: 980px) 980px, (min-width: 981px) 1200px, 100vw\" \/><\/p>\n<h3>Ejes de toma de fuerza para caja de engranajes de esparcidores de fertilizantes agr\u00edcolas<\/h3>\n<ol>\n<li><strong>Transmisi\u00f3n de potencia confiable<\/strong><br \/>\nLos ejes de toma de fuerza (TDF) para las cajas de engranajes de las esparcidoras de fertilizantes agr\u00edcolas son esenciales para transferir eficientemente la potencia del tractor a la caja de engranajes. Estos ejes est\u00e1n dise\u00f1ados para proporcionar una transmisi\u00f3n de potencia constante y fiable, garantizando el correcto funcionamiento de la esparcidora. Con un eje de toma de fuerza bien dise\u00f1ado, la caja de engranajes puede accionar eficazmente el mecanismo de esparcido, manteniendo la tasa de aplicaci\u00f3n correcta del fertilizante.<\/li>\n<li><strong>Construcci\u00f3n de alta resistencia<\/strong><br \/>\nLos ejes de toma de fuerza agr\u00edcolas est\u00e1n dise\u00f1ados para soportar las exigentes condiciones de las operaciones agr\u00edcolas. Fabricados con materiales de alta resistencia, est\u00e1n dise\u00f1ados para soportar cargas pesadas, impactos y tensiones durante el uso continuo. Ya sea en entornos secos, h\u00famedos o fangosos, estos ejes de toma de fuerza est\u00e1n fabricados para resistir el desgaste y la corrosi\u00f3n, lo que garantiza una larga durabilidad y un rendimiento fiable incluso en condiciones agr\u00edcolas adversas.<\/li>\n<li><strong>F\u00e1cil conexi\u00f3n y desconexi\u00f3n<\/strong><br \/>\nUna de las caracter\u00edsticas m\u00e1s destacadas de los ejes de toma de fuerza para esparcidoras de fertilizantes es su f\u00e1cil conexi\u00f3n y desconexi\u00f3n. Dise\u00f1ados para una r\u00e1pida conexi\u00f3n tanto al tractor como a la caja de cambios, estos ejes ofrecen a los agricultores comodidad durante las operaciones. Esta conexi\u00f3n r\u00e1pida minimiza el tiempo de inactividad y permite a los operadores cambiar r\u00e1pidamente entre diferentes equipos seg\u00fan sea necesario, mejorando as\u00ed la eficiencia operativa.<\/li>\n<li><strong>Caracter\u00edsticas de seguridad<\/strong><br \/>\nLa seguridad es fundamental en la maquinaria agr\u00edcola, y los ejes de toma de fuerza de las esparcidoras de fertilizantes incorporan caracter\u00edsticas de seguridad. Estas suelen incluir protectores y acoplamientos de seguridad que evitan desconexiones accidentales y reducen el riesgo de lesiones. Los protectores protegen las piezas giratorias, mientras que los acoplamientos de seguridad garantizan el desacoplamiento del eje en caso de aver\u00eda, lo que ofrece mayor seguridad al operador durante su uso.<\/li>\n<li><strong>Longitud ajustable para mayor versatilidad<\/strong><br \/>\nLos ejes de toma de fuerza est\u00e1n disponibles en longitudes ajustables para adaptarse a diversas configuraciones de maquinaria agr\u00edcola. Esta flexibilidad garantiza su uso con una amplia gama de abonadoras y tractores, independientemente de su tama\u00f1o o configuraci\u00f3n. La posibilidad de ajustar la longitud del eje garantiza una alineaci\u00f3n \u00f3ptima y una transferencia de potencia eficiente, lo que convierte a estos ejes de toma de fuerza en una soluci\u00f3n vers\u00e1til para diferentes tipos de operaciones agr\u00edcolas.<\/li>\n<\/ol>\n<table style=\"width: 103.326%; height: 185px;\" width=\"270\">\n<tbody>\n<tr>\n<td style=\"width: 49.6862%;\" width=\"132\"><img loading=\"lazy\" decoding=\"async\" class=\"alignnone size-full wp-image-2170\" src=\"https:\/\/fmp-components.com\/wp-content\/uploads\/2024\/12\/PTO-Shafts-for-Agricultural-Fertilizer-Spreader-Gearbox-2.webp\" alt=\"Ejes de toma de fuerza para caja de engranajes de esparcidor de fertilizantes agr\u00edcolas 2\" width=\"1200\" height=\"800\" title=\"\" srcset=\"https:\/\/fmp-components.com\/wp-content\/uploads\/2024\/12\/PTO-Shafts-for-Agricultural-Fertilizer-Spreader-Gearbox-2.webp 1200w, https:\/\/fmp-components.com\/wp-content\/uploads\/2024\/12\/PTO-Shafts-for-Agricultural-Fertilizer-Spreader-Gearbox-2-980x653.webp 980w, https:\/\/fmp-components.com\/wp-content\/uploads\/2024\/12\/PTO-Shafts-for-Agricultural-Fertilizer-Spreader-Gearbox-2-480x320.webp 480w\" sizes=\"(min-width: 0px) and (max-width: 480px) 480px, (min-width: 481px) and (max-width: 980px) 980px, (min-width: 981px) 1200px, 100vw\" \/><\/td>\n<td style=\"width: 49.6862%;\" width=\"138\"><img loading=\"lazy\" decoding=\"async\" class=\"alignnone size-full wp-image-2171\" src=\"https:\/\/fmp-components.com\/wp-content\/uploads\/2024\/12\/PTO-Shafts-for-Agricultural-Fertilizer-Spreader-Gearbox-1.webp\" alt=\"Ejes de toma de fuerza para caja de engranajes de esparcidor de fertilizantes agr\u00edcolas 1\" width=\"1200\" height=\"800\" title=\"\" srcset=\"https:\/\/fmp-components.com\/wp-content\/uploads\/2024\/12\/PTO-Shafts-for-Agricultural-Fertilizer-Spreader-Gearbox-1.webp 1200w, https:\/\/fmp-components.com\/wp-content\/uploads\/2024\/12\/PTO-Shafts-for-Agricultural-Fertilizer-Spreader-Gearbox-1-980x653.webp 980w, https:\/\/fmp-components.com\/wp-content\/uploads\/2024\/12\/PTO-Shafts-for-Agricultural-Fertilizer-Spreader-Gearbox-1-480x320.webp 480w\" sizes=\"(min-width: 0px) and (max-width: 480px) 480px, (min-width: 481px) and (max-width: 980px) 980px, (min-width: 981px) 1200px, 100vw\" \/><\/td>\n<\/tr>\n<\/tbody>\n<\/table>\n<h3>Acerca de FMP<\/h3>\n<p>Con sede en Italia, FMP se sit\u00faa a la vanguardia de la industria de fabricaci\u00f3n de cajas de engranajes, reconocida por su experiencia en el dise\u00f1o, desarrollo y producci\u00f3n de cajas de engranajes de alto rendimiento. Especializada en maquinaria agr\u00edcola, FMP se ha consolidado como una marca de confianza en el sector. Con una reputaci\u00f3n basada en la ingenier\u00eda de precisi\u00f3n, la innovaci\u00f3n y una fiabilidad inquebrantable, ofrecemos productos de primera calidad que satisfacen las cambiantes demandas de los mercados agr\u00edcola e industrial. Nuestra diversa cartera de productos incluye cajas de engranajes especializadas para cortac\u00e9spedes, cardanes y otros componentes cr\u00edticos, todos dise\u00f1ados para ofrecer soluciones a medida para una amplia gama de aplicaciones.<\/p>\n<p>FMP se compromete a ofrecer m\u00e1s que solo productos; brindamos soluciones integrales y personalizadas que abordan los desaf\u00edos \u00fanicos de nuestros clientes. Ya sean componentes individuales o sistemas completos e integrados, nos especializamos en crear soluciones que optimizan el rendimiento y a\u00f1aden valor. Trabajando en estrecha colaboraci\u00f3n con nuestros clientes, garantizamos que cada soluci\u00f3n sea eficaz y eficiente, dise\u00f1ada cuidadosamente para satisfacer necesidades espec\u00edficas y maximizar la producci\u00f3n. Nuestro compromiso con respuestas r\u00e1pidas y profesionales, junto con la orientaci\u00f3n experta, garantiza que cada consulta se gestione con precisi\u00f3n y cuidado, lo que refuerza nuestra reputaci\u00f3n de fiabilidad.<\/p>\n<p>La comunicaci\u00f3n abierta es clave para nuestro \u00e9xito, especialmente en el desarrollo de nuevos productos. Nuestro equipo dedicado trabaja en estrecha colaboraci\u00f3n con nuestros clientes para comprender plenamente sus necesidades espec\u00edficas, aportando informaci\u00f3n valiosa que conduce a las soluciones m\u00e1s eficaces. Ya sea que dise\u00f1emos productos de vanguardia o atendamos pedidos en curso, nos dedicamos a ofrecer soluciones de alta calidad y precisi\u00f3n con eficiencia y consistencia. En FMP, abordamos cada proyecto con el objetivo de brindar satisfacci\u00f3n a largo plazo y una funcionalidad superior.<\/p>\n<p>La calidad es la base de todo lo que hacemos. Nos adherimos a los m\u00e1s altos est\u00e1ndares de fabricaci\u00f3n, integrando rigurosos procesos de control de calidad para garantizar que cada producto no solo cumpla, sino que supere las expectativas de la industria. Nuestro compromiso con la mejora continua, sumado a nuestros valores fundamentales de integridad, colaboraci\u00f3n y perseverancia, nos ha permitido forjar relaciones duraderas con clientes en m\u00e1s de 30 pa\u00edses de todo el mundo. Esta dedicaci\u00f3n a la excelencia garantiza que FMP siga siendo un socio preferente para las empresas que buscan componentes fiables y de alto rendimiento.<\/p>\n<p>En FMP, siempre estamos abiertos a construir y fomentar alianzas globales. Entendemos que cada cliente tiene necesidades espec\u00edficas y nos dedicamos a ofrecer asesoramiento experto y soluciones a medida para satisfacerlas. Nuestro enfoque va m\u00e1s all\u00e1 del simple suministro de productos; nos esforzamos por forjar relaciones a largo plazo que impulsen el \u00e9xito de cada proyecto. Ya sea que necesite soluciones innovadoras para una nueva iniciativa o soporte continuo para un sistema existente, en FMP estamos aqu\u00ed para abordar sus desaf\u00edos t\u00e9cnicos y garantizar su \u00e9xito continuo. Con FMP, usted gana m\u00e1s que un proveedor: gana un socio de confianza dedicado a impulsar su negocio.<\/p>\n<p><img loading=\"lazy\" decoding=\"async\" class=\"alignnone size-full wp-image-1861\" src=\"https:\/\/fmp-components.com\/wp-content\/uploads\/2024\/12\/Other-Agricultural-Gearboxes.webp\" sizes=\"(min-width: 0px) and (max-width: 480px) 480px, (min-width: 481px) and (max-width: 980px) 980px, (min-width: 981px) 1200px, 100vw\" srcset=\"https:\/\/fmp-components.com\/wp-content\/uploads\/2024\/12\/Other-Agricultural-Gearboxes.webp 1200w, https:\/\/fmp-components.com\/wp-content\/uploads\/2024\/12\/Other-Agricultural-Gearboxes-980x1143.webp 980w, https:\/\/fmp-components.com\/wp-content\/uploads\/2024\/12\/Other-Agricultural-Gearboxes-480x560.webp 480w\" alt=\"Otros cambios agr\u00edcolas\" width=\"1200\" height=\"1400\" title=\"\"><\/p>\n<p>Autor: CX<\/p>","protected":false},"excerpt":{"rendered":"<p>Specifications of Fertilizer Spreader Gearbox L-25J Description Fertilizer Spreader Gearbox &#8211; Replacement of Comer Gearbox L-25J Application Various (agricultural) applications Mowers Chemical fertilizer spreaders Band saws Consists of Gearbox Without oil Technical information If you have any questions regarding performance at different speeds, please do not hesitate to contact us. When using it for the [&hellip;]<\/p>","protected":false},"featured_media":2160,"comment_status":"open","ping_status":"closed","template":"","meta":{"_et_pb_use_builder":"","_et_pb_old_content":"","_et_gb_content_width":""},"product_brand":[],"product_cat":[53],"product_tag":[],"class_list":{"0":"post-2158","1":"product","2":"type-product","3":"status-publish","4":"has-post-thumbnail","6":"product_cat-rotary-tiller-gearbox","8":"first","9":"instock","10":"shipping-taxable","11":"product-type-simple"},"_links":{"self":[{"href":"https:\/\/fmp-components.com\/es\/wp-json\/wp\/v2\/product\/2158","targetHints":{"allow":["GET"]}}],"collection":[{"href":"https:\/\/fmp-components.com\/es\/wp-json\/wp\/v2\/product"}],"about":[{"href":"https:\/\/fmp-components.com\/es\/wp-json\/wp\/v2\/types\/product"}],"replies":[{"embeddable":true,"href":"https:\/\/fmp-components.com\/es\/wp-json\/wp\/v2\/comments?post=2158"}],"wp:featuredmedia":[{"embeddable":true,"href":"https:\/\/fmp-components.com\/es\/wp-json\/wp\/v2\/media\/2160"}],"wp:attachment":[{"href":"https:\/\/fmp-components.com\/es\/wp-json\/wp\/v2\/media?parent=2158"}],"wp:term":[{"taxonomy":"product_brand","embeddable":true,"href":"https:\/\/fmp-components.com\/es\/wp-json\/wp\/v2\/product_brand?post=2158"},{"taxonomy":"product_cat","embeddable":true,"href":"https:\/\/fmp-components.com\/es\/wp-json\/wp\/v2\/product_cat?post=2158"},{"taxonomy":"product_tag","embeddable":true,"href":"https:\/\/fmp-components.com\/es\/wp-json\/wp\/v2\/product_tag?post=2158"}],"curies":[{"name":"gracias","href":"https:\/\/api.w.org\/{rel}","templated":true}]}}