{"id":2151,"date":"2024-12-30T06:59:10","date_gmt":"2024-12-30T06:59:10","guid":{"rendered":"https:\/\/fmp-components.com\/?page_id=8"},"modified":"2024-12-30T08:06:25","modified_gmt":"2024-12-30T08:06:25","slug":"fertilizer-spreader-gearbox-replacement-of-comer-code-l-25c","status":"publish","type":"product","link":"https:\/\/fmp-components.com\/es\/product\/fertilizer-spreader-gearbox-replacement-of-comer-code-l-25c\/","title":{"rendered":"Caja de engranajes para esparcidor de fertilizantes: reemplazo del c\u00f3digo Comer L-25C"},"content":{"rendered":"<p><img loading=\"lazy\" decoding=\"async\" class=\"wp-image-2156 aligncenter\" src=\"https:\/\/fmp-components.com\/wp-content\/uploads\/2024\/12\/fertilizer-spreader-gearbox-l25c.webp\" alt=\"esparcidor de fertilizantes con caja de cambios L25C\" width=\"790\" height=\"790\" title=\"\" srcset=\"https:\/\/fmp-components.com\/wp-content\/uploads\/2024\/12\/fertilizer-spreader-gearbox-l25c.webp 300w, https:\/\/fmp-components.com\/wp-content\/uploads\/2024\/12\/fertilizer-spreader-gearbox-l25c-150x150.webp 150w, https:\/\/fmp-components.com\/wp-content\/uploads\/2024\/12\/fertilizer-spreader-gearbox-l25c-12x12.webp 12w, https:\/\/fmp-components.com\/wp-content\/uploads\/2024\/12\/fertilizer-spreader-gearbox-l25c-100x100.webp 100w\" sizes=\"(max-width: 790px) 100vw, 790px\" \/><\/p>\n<h2>Especificaciones de la caja de engranajes del esparcidor de fertilizantes L-25C<\/h2>\n<p><img loading=\"lazy\" decoding=\"async\" class=\"alignnone size-full wp-image-2157\" src=\"https:\/\/fmp-components.com\/wp-content\/uploads\/2024\/12\/fertilizer-spreader-gearbox-specifications-l25c.webp\" alt=\"Especificaciones de la caja de engranajes del esparcidor de fertilizantes L25C\" width=\"974\" height=\"544\" title=\"\" srcset=\"https:\/\/fmp-components.com\/wp-content\/uploads\/2024\/12\/fertilizer-spreader-gearbox-specifications-l25c.webp 974w, https:\/\/fmp-components.com\/wp-content\/uploads\/2024\/12\/fertilizer-spreader-gearbox-specifications-l25c-480x268.webp 480w\" sizes=\"(min-width: 0px) and (max-width: 480px) 480px, (min-width: 481px) 974px, 100vw\" \/><\/p>\n<table style=\"width: 100%;\" border=\"1\" width=\"100%\" cellspacing=\"0\" cellpadding=\"0\">\n<tbody>\n<tr>\n<th style=\"width: 53.1318%;\">Relaci\u00f3n de entrada (i)<\/th>\n<td style=\"width: 46.6522%;\">1.35<\/td>\n<\/tr>\n<tr>\n<th style=\"width: 53.1318%;\">Velocidad de entrada (N1 [rpm])<\/th>\n<td style=\"width: 46.6522%;\">540<\/td>\n<\/tr>\n<tr>\n<th style=\"width: 53.1318%;\">Potencia de entrada (P1 [kW])<\/th>\n<td style=\"width: 46.6522%;\">9.9<\/td>\n<\/tr>\n<tr>\n<th style=\"width: 53.1318%;\">Par de salida (M2 [Nm])<\/th>\n<td style=\"width: 46.6522%;\">126<\/td>\n<\/tr>\n<tr>\n<th style=\"width: 53.1318%;\">Tipo de entrada<\/th>\n<td style=\"width: 46.6522%;\">Z<\/td>\n<\/tr>\n<tr>\n<th style=\"width: 53.1318%;\">Peso<\/th>\n<td style=\"width: 46.6522%;\">17 kilos<\/td>\n<\/tr>\n<\/tbody>\n<\/table>\n<p><span style=\"color: #333333; font-size: 26px;\">Caracter\u00edsticas de la caja de engranajes del esparcidor de fertilizantes<\/span><\/p>\n<article class=\"w-full scroll-mb-[var(--thread-trailing-height,150px)] text-token-text-primary focus-visible:outline-2 focus-visible:outline-offset-[-4px]\" dir=\"auto\" data-testid=\"conversation-turn-92\" data-scroll-anchor=\"false\">\n<div class=\"m-auto text-base py-[18px] px-3 md:px-4 w-full md:px-5 lg:px-4 xl:px-5\">\n<div class=\"mx-auto flex flex-1 gap-4 text-base md:gap-5 lg:gap-6 md:max-w-3xl lg:max-w-[40rem] xl:max-w-[48rem]\">\n<div class=\"group\/conversation-turn relative flex w-full min-w-0 flex-col\">\n<div class=\"flex-col gap-1 md:gap-3\">\n<div class=\"flex max-w-full flex-col flex-grow\">\n<div class=\"min-h-8 text-message flex w-full flex-col items-end gap-2 whitespace-normal break-words text-start [.text-message+&amp;]:mt-5\" dir=\"auto\" data-message-author-role=\"user\" data-message-id=\"aaa27537-8ed0-4e1f-9cf5-d9a41e7e7f9f\">\n<div class=\"flex w-full flex-col gap-1 empty:hidden items-end rtl:items-start\">\n<div class=\"relative max-w-[var(--user-chat-width,70%)] rounded-3xl bg-token-message-surface px-5 py-2.5\">\n<ol>\n<li><strong>Distribuci\u00f3n de energ\u00eda de precisi\u00f3n<\/strong><br \/>\nLa caja de engranajes del esparcidor de fertilizantes est\u00e1 dise\u00f1ada para proporcionar un control preciso de la rotaci\u00f3n y la velocidad de sus componentes. Esto garantiza una distribuci\u00f3n uniforme y precisa del fertilizante en todo el campo, evitando la aplicaci\u00f3n excesiva o insuficiente, que puede da\u00f1ar los cultivos y desperdiciar recursos. La caja de engranajes optimiza el flujo de potencia del tractor al esparcidor, garantizando una cobertura uniforme en cada pasada.<\/li>\n<li><strong>Construcci\u00f3n de alta resistencia<\/strong><br \/>\nDise\u00f1ada para entornos agr\u00edcolas exigentes, la caja de engranajes del esparcidor de fertilizantes est\u00e1 fabricada con materiales de alta calidad que garantizan durabilidad y resistencia bajo uso intensivo. Est\u00e1 dise\u00f1ada para soportar las tensiones y el alto par generado durante el funcionamiento, lo que garantiza una fiabilidad a largo plazo y una mayor vida \u00fatil. La caja de engranajes soporta condiciones adversas, como humedad, polvo y tierra, sin comprometer el rendimiento.<\/li>\n<li><strong>Velocidades de salida ajustables<\/strong><br \/>\nMuchas cajas de engranajes para esparcidoras de fertilizantes cuentan con velocidades de salida ajustables, lo que permite a los operadores controlar la tasa de aplicaci\u00f3n y garantizar que cumpla con los requisitos espec\u00edficos de fertilizaci\u00f3n. Esta caracter\u00edstica aumenta la versatilidad de la caja de engranajes, haci\u00e9ndola adecuada para diversas tareas, desde aplicaciones ligeras hasta aplicaciones intensivas. Al ajustar la velocidad, los usuarios pueden optimizar el uso del fertilizante para diferentes cultivos y condiciones del campo.<\/li>\n<li><strong>Dise\u00f1o compacto y que ahorra espacio<\/strong><br \/>\nLas cajas de engranajes para esparcidoras de fertilizantes est\u00e1n dise\u00f1adas para ser compactas y ocupar poco espacio, lo que facilita su instalaci\u00f3n en diversos modelos. Su dise\u00f1o compacto permite una integraci\u00f3n eficiente con m\u00ednimas modificaciones, garantizando as\u00ed que no ocupen espacio excesivo ni a\u00f1adan peso innecesario. Esto contribuye a la facilidad de uso y maniobrabilidad del esparcidor durante su funcionamiento.<\/li>\n<li><strong>Bajo mantenimiento y alta eficiencia<\/strong><br \/>\nLa caja de engranajes del esparcidor de fertilizantes est\u00e1 dise\u00f1ada para un funcionamiento de bajo mantenimiento, con sellos robustos y componentes autolubricantes que minimizan la necesidad de mantenimiento frecuente. Esto ayuda a reducir el tiempo de inactividad y garantiza un funcionamiento continuo durante toda la temporada de siembra y fertilizaci\u00f3n. La caja de engranajes de alta eficiencia reduce la p\u00e9rdida de potencia, mejorando el ahorro de combustible y convirti\u00e9ndola en una soluci\u00f3n rentable para operaciones agr\u00edcolas a gran escala. Adem\u00e1s, la caja de engranajes es de f\u00e1cil mantenimiento, con puntos de engrase accesibles y rodamientos duraderos, lo que contribuye a su larga vida \u00fatil.<\/li>\n<\/ol>\n<div class=\"absolute bottom-0 right-full top-0 -mr-3.5 hidden pr-5 pt-1 [.group\\\/conversation-turn:hover_&amp;]:block\"><\/div>\n<\/div>\n<\/div>\n<\/div>\n<\/div>\n<\/div>\n<\/div>\n<\/div>\n<\/div>\n<\/article>\n<article class=\"w-full scroll-mb-[var(--thread-trailing-height,150px)] text-token-text-primary focus-visible:outline-2 focus-visible:outline-offset-[-4px]\" dir=\"auto\" data-testid=\"conversation-turn-93\" data-scroll-anchor=\"true\">\n<h6 class=\"sr-only\"><\/h6>\n<\/article>\n<p>\u00a0<img loading=\"lazy\" decoding=\"async\" class=\"wp-image-2155 aligncenter\" src=\"https:\/\/fmp-components.com\/wp-content\/uploads\/2024\/12\/fertilizer-spreader-gearbox-2.webp\" alt=\"caja de engranajes del esparcidor de fertilizantes 2\" width=\"631\" height=\"631\" title=\"\" srcset=\"https:\/\/fmp-components.com\/wp-content\/uploads\/2024\/12\/fertilizer-spreader-gearbox-2.webp 400w, https:\/\/fmp-components.com\/wp-content\/uploads\/2024\/12\/fertilizer-spreader-gearbox-2-300x300.webp 300w, https:\/\/fmp-components.com\/wp-content\/uploads\/2024\/12\/fertilizer-spreader-gearbox-2-150x150.webp 150w, https:\/\/fmp-components.com\/wp-content\/uploads\/2024\/12\/fertilizer-spreader-gearbox-2-12x12.webp 12w, https:\/\/fmp-components.com\/wp-content\/uploads\/2024\/12\/fertilizer-spreader-gearbox-2-100x100.webp 100w\" sizes=\"(max-width: 631px) 100vw, 631px\" \/><\/p>\n<h2>Ejes de toma de fuerza para caja de engranajes de esparcidores de fertilizantes agr\u00edcolas<\/h2>\n<p>Los ejes de toma de fuerza (TDF) para las cajas de engranajes de las esparcidoras de fertilizantes agr\u00edcolas son componentes esenciales que transfieren la potencia mec\u00e1nica del tractor a la caja de engranajes, lo que permite el funcionamiento de la esparcidora. Estos ejes est\u00e1n dise\u00f1ados espec\u00edficamente para satisfacer las exigentes necesidades de las aplicaciones agr\u00edcolas, proporcionando una transmisi\u00f3n de potencia fiable y eficiente para un rendimiento constante en diversas condiciones de campo. Al acoplar el motor del tractor a la caja de engranajes, los ejes de toma de fuerza desempe\u00f1an un papel crucial para garantizar el funcionamiento y la eficiencia de la esparcidora.<\/p>\n<p><strong>1. Transmisi\u00f3n de potencia robusta:<\/strong> Los ejes de toma de fuerza para cajas de engranajes de esparcidoras de fertilizantes est\u00e1n dise\u00f1ados para soportar un alto par y un uso intensivo. Fabricados con materiales duraderos como acero de alta resistencia, estos ejes garantizan una transferencia de potencia \u00f3ptima sin comprometer el rendimiento. Su robusta construcci\u00f3n ayuda a prevenir el desgaste durante el uso prolongado, lo que los convierte en ideales para entornos agr\u00edcolas exigentes donde la fiabilidad y la durabilidad son primordiales.<\/p>\n<p><strong>2. Ingenier\u00eda de precisi\u00f3n:<\/strong> Dise\u00f1ados con ingenier\u00eda de precisi\u00f3n, los ejes de la toma de fuerza est\u00e1n optimizados para funcionar a la perfecci\u00f3n con la caja de engranajes del esparcidor de fertilizantes. La longitud, el di\u00e1metro y los puntos de conexi\u00f3n del eje est\u00e1n cuidadosamente dise\u00f1ados para garantizar que la potencia del motor del tractor se transfiera eficientemente a la caja de engranajes, proporcionando la fuerza de rotaci\u00f3n necesaria para operar el esparcidor. Esto garantiza una distribuci\u00f3n uniforme y consistente del fertilizante en grandes campos agr\u00edcolas.<\/p>\n<p><strong>3. Versatilidad y compatibilidad:<\/strong> Los cardanes para cajas de engranajes de esparcidoras de fertilizantes est\u00e1n disponibles en una variedad de tama\u00f1os y configuraciones, lo que garantiza su compatibilidad con una amplia gama de maquinaria agr\u00edcola. Independientemente de si la esparcidora es peque\u00f1a o grande, el card\u00e1n se puede seleccionar para adaptarse a los requisitos espec\u00edficos del equipo y a la potencia de la toma de fuerza del tractor. Esta versatilidad facilita a los agricultores mantener un rendimiento \u00f3ptimo con diferentes tipos de maquinaria y condiciones de campo.<\/p>\n<p><strong>4. F\u00e1cil mantenimiento y longevidad:<\/strong> El dise\u00f1o de los ejes de toma de fuerza incluye caracter\u00edsticas que facilitan el mantenimiento y prolongan su vida \u00fatil. Componentes como engrasadores, longitudes ajustables y cubiertas protectoras simplifican el mantenimiento rutinario, garantizando as\u00ed el funcionamiento eficiente de los ejes a lo largo del tiempo. El mantenimiento regular ayuda a prevenir da\u00f1os y reduce la probabilidad de reparaciones costosas, lo que convierte a estos ejes de toma de fuerza en una soluci\u00f3n rentable para los agricultores.<\/p>\n<p><strong>5. Mayor eficiencia en la aplicaci\u00f3n de fertilizantes:<\/strong> Al garantizar un suministro de potencia constante y fiable a la caja de engranajes del esparcidor de fertilizantes, los ejes de la toma de fuerza contribuyen a una mayor eficiencia operativa. Esto se traduce en una distribuci\u00f3n uniforme del fertilizante, reduciendo el desperdicio y optimizando el rendimiento del cultivo. La precisi\u00f3n y durabilidad de los ejes de la toma de fuerza ayudan a mejorar la eficiencia general de la aplicaci\u00f3n de fertilizantes, lo que fomenta pr\u00e1cticas agr\u00edcolas sostenibles y promueve un mejor crecimiento de los cultivos.<\/p>\n<p>En conclusi\u00f3n, los ejes de toma de fuerza para las cajas de engranajes de las esparcidoras de fertilizantes agr\u00edcolas son componentes cruciales que garantizan una transmisi\u00f3n de potencia fiable, eficiencia operativa y un rendimiento duradero en aplicaciones agr\u00edcolas. Dise\u00f1ados para ofrecer durabilidad, precisi\u00f3n y facilidad de mantenimiento, estos ejes ayudan a optimizar el rendimiento de las esparcidoras de fertilizantes, contribuyendo as\u00ed a una mayor productividad agr\u00edcola.<\/p>\n<p><img loading=\"lazy\" decoding=\"async\" class=\"alignnone size-full wp-image-2171\" src=\"https:\/\/fmp-components.com\/wp-content\/uploads\/2024\/12\/PTO-Shafts-for-Agricultural-Fertilizer-Spreader-Gearbox-1.webp\" alt=\"Ejes de toma de fuerza para caja de engranajes de esparcidor de fertilizantes agr\u00edcolas 1\" width=\"1200\" height=\"800\" title=\"\" srcset=\"https:\/\/fmp-components.com\/wp-content\/uploads\/2024\/12\/PTO-Shafts-for-Agricultural-Fertilizer-Spreader-Gearbox-1.webp 1200w, https:\/\/fmp-components.com\/wp-content\/uploads\/2024\/12\/PTO-Shafts-for-Agricultural-Fertilizer-Spreader-Gearbox-1-980x653.webp 980w, https:\/\/fmp-components.com\/wp-content\/uploads\/2024\/12\/PTO-Shafts-for-Agricultural-Fertilizer-Spreader-Gearbox-1-480x320.webp 480w\" sizes=\"(min-width: 0px) and (max-width: 480px) 480px, (min-width: 481px) and (max-width: 980px) 980px, (min-width: 981px) 1200px, 100vw\" \/><\/p>\n<h3>Acerca de FMP<\/h3>\n<p>Con sede en Italia, FMP es un fabricante l\u00edder, reconocido mundialmente por su experiencia en el dise\u00f1o, desarrollo y producci\u00f3n de cajas de engranajes de alto rendimiento, principalmente para el sector de la maquinaria agr\u00edcola. Reconocidos por nuestro compromiso con la ingenier\u00eda de precisi\u00f3n, la innovaci\u00f3n y una fiabilidad inigualable, FMP se ha consolidado como un socio de confianza en el suministro de productos superiores que satisfacen las cambiantes demandas de los mercados agr\u00edcola e industrial. Nuestra amplia cartera de productos incluye cajas de engranajes especializadas para cortac\u00e9spedes, ejes de toma de fuerza y \u200b\u200botros componentes clave, todos dise\u00f1ados para ofrecer soluciones personalizadas adaptadas a una amplia gama de aplicaciones.<\/p>\n<p>En FMP, comprendemos que cada cliente tiene desaf\u00edos y requisitos \u00fanicos. Por eso nos especializamos en ofrecer soluciones a medida, ya sean componentes individuales o sistemas completos e integrados. Nuestro enfoque colaborativo garantiza que cada soluci\u00f3n sea eficaz y eficiente, mejorando el rendimiento y optimizando el valor. Con el compromiso de brindar respuestas r\u00e1pidas y profesionales, y asesoramiento experto, gestionamos cada consulta con precisi\u00f3n y atenci\u00f3n al detalle, garantizando que nuestros clientes reciban el m\u00e1ximo nivel de servicio y soporte.<\/p>\n<p>Damos gran importancia a una comunicaci\u00f3n clara y continua, especialmente en el desarrollo de nuevos productos. Nuestro equipo especializado trabaja en estrecha colaboraci\u00f3n con nuestros clientes para comprender sus necesidades espec\u00edficas, ofreciendo informaci\u00f3n pr\u00e1ctica que conduce a las soluciones m\u00e1s efectivas. Ya sea que dise\u00f1emos productos innovadores o atendamos pedidos existentes, nos centramos en ofrecer soluciones de alta calidad y precisi\u00f3n, que se completen a tiempo y superen las expectativas.<\/p>\n<p>La base de las operaciones de FMP es una dedicaci\u00f3n inquebrantable a la calidad. Nos adherimos a los m\u00e1s altos est\u00e1ndares de fabricaci\u00f3n e implementamos rigurosos procedimientos de control de calidad para garantizar que cada producto cumpla o supere los est\u00e1ndares de la industria. Nuestro enfoque inquebrantable en la calidad, sumado a nuestros valores fundamentales de integridad, colaboraci\u00f3n y perseverancia, nos ha ayudado a forjar relaciones s\u00f3lidas y duraderas con clientes en m\u00e1s de 30 pa\u00edses de todo el mundo.<\/p>\n<p>FMP siempre est\u00e1 abierto a establecer alianzas globales y mantiene su compromiso de ofrecer asesoramiento experto y soluciones personalizadas para satisfacer las diversas necesidades de nuestros clientes. Vamos m\u00e1s all\u00e1 del simple suministro de productos: nos centramos en fomentar relaciones duraderas y significativas que impulsan el \u00e9xito de cada proyecto. Tanto si busca soluciones innovadoras para una nueva iniciativa como si necesita soporte continuo para un sistema existente, FMP est\u00e1 aqu\u00ed para ayudarle a abordar sus desaf\u00edos t\u00e9cnicos y garantizar su \u00e9xito continuo.<\/p>\n<p><img loading=\"lazy\" decoding=\"async\" class=\"alignnone size-full wp-image-1861\" src=\"https:\/\/fmp-components.com\/wp-content\/uploads\/2024\/12\/Other-Agricultural-Gearboxes.webp\" sizes=\"(min-width: 0px) and (max-width: 480px) 480px, (min-width: 481px) and (max-width: 980px) 980px, (min-width: 981px) 1200px, 100vw\" srcset=\"https:\/\/fmp-components.com\/wp-content\/uploads\/2024\/12\/Other-Agricultural-Gearboxes.webp 1200w, https:\/\/fmp-components.com\/wp-content\/uploads\/2024\/12\/Other-Agricultural-Gearboxes-980x1143.webp 980w, https:\/\/fmp-components.com\/wp-content\/uploads\/2024\/12\/Other-Agricultural-Gearboxes-480x560.webp 480w\" alt=\"Otros cambios agr\u00edcolas\" width=\"1200\" height=\"1400\" title=\"\"><\/p>\n<p>Autor: CX<\/p>","protected":false},"excerpt":{"rendered":"<p>Especificaciones de la caja de engranajes del esparcidor de fertilizantes L-25C Relaci\u00f3n de entrada (i) 1,35 Velocidad de entrada (N1 [rpm]) 540 Potencia de entrada (P1 [kW]) 9,9 Par de salida (M2 [Nm]) 126 Tipo de entrada Z Peso 17 kg Caracter\u00edsticas de la caja de engranajes del esparcidor de fertilizantes Distribuci\u00f3n de potencia de precisi\u00f3n La caja de engranajes del esparcidor de fertilizantes est\u00e1 dise\u00f1ada para brindar un control preciso sobre la rotaci\u00f3n y la velocidad de [\u2026]<\/p>","protected":false},"featured_media":2156,"comment_status":"open","ping_status":"closed","template":"","meta":{"_et_pb_use_builder":"","_et_pb_old_content":"","_et_gb_content_width":""},"product_brand":[],"product_cat":[54],"product_tag":[],"class_list":{"0":"post-2151","1":"product","2":"type-product","3":"status-publish","4":"has-post-thumbnail","6":"product_cat-fertilizer-spreader-gearbox","8":"first","9":"instock","10":"shipping-taxable","11":"product-type-simple"},"_links":{"self":[{"href":"https:\/\/fmp-components.com\/es\/wp-json\/wp\/v2\/product\/2151","targetHints":{"allow":["GET"]}}],"collection":[{"href":"https:\/\/fmp-components.com\/es\/wp-json\/wp\/v2\/product"}],"about":[{"href":"https:\/\/fmp-components.com\/es\/wp-json\/wp\/v2\/types\/product"}],"replies":[{"embeddable":true,"href":"https:\/\/fmp-components.com\/es\/wp-json\/wp\/v2\/comments?post=2151"}],"wp:featuredmedia":[{"embeddable":true,"href":"https:\/\/fmp-components.com\/es\/wp-json\/wp\/v2\/media\/2156"}],"wp:attachment":[{"href":"https:\/\/fmp-components.com\/es\/wp-json\/wp\/v2\/media?parent=2151"}],"wp:term":[{"taxonomy":"product_brand","embeddable":true,"href":"https:\/\/fmp-components.com\/es\/wp-json\/wp\/v2\/product_brand?post=2151"},{"taxonomy":"product_cat","embeddable":true,"href":"https:\/\/fmp-components.com\/es\/wp-json\/wp\/v2\/product_cat?post=2151"},{"taxonomy":"product_tag","embeddable":true,"href":"https:\/\/fmp-components.com\/es\/wp-json\/wp\/v2\/product_tag?post=2151"}],"curies":[{"name":"gracias","href":"https:\/\/api.w.org\/{rel}","templated":true}]}}