{"id":2133,"date":"2024-12-30T06:13:01","date_gmt":"2024-12-30T06:13:01","guid":{"rendered":"https:\/\/fmp-components.com\/?page_id=8"},"modified":"2024-12-30T06:19:44","modified_gmt":"2024-12-30T06:19:44","slug":"rotary-tiller-gearboxes-replacement-of-comer-code-tlz292a","status":"publish","type":"product","link":"https:\/\/fmp-components.com\/es\/product\/rotary-tiller-gearboxes-replacement-of-comer-code-tlz292a\/","title":{"rendered":"Cajas de engranajes para cultivadores rotativos: reemplazo del c\u00f3digo Comer TLZ292A"},"content":{"rendered":"<p><img loading=\"lazy\" decoding=\"async\" class=\"size-full wp-image-2140 aligncenter\" src=\"https:\/\/fmp-components.com\/wp-content\/uploads\/2024\/12\/rotary-tiller-gearbox-TLZ-292A.webp\" alt=\"caja de cambios para cultivador rotativo TLZ-292A\" width=\"414\" height=\"216\" title=\"\" srcset=\"https:\/\/fmp-components.com\/wp-content\/uploads\/2024\/12\/rotary-tiller-gearbox-TLZ-292A.webp 414w, https:\/\/fmp-components.com\/wp-content\/uploads\/2024\/12\/rotary-tiller-gearbox-TLZ-292A-300x157.webp 300w, https:\/\/fmp-components.com\/wp-content\/uploads\/2024\/12\/rotary-tiller-gearbox-TLZ-292A-18x9.webp 18w\" sizes=\"(max-width: 414px) 100vw, 414px\" \/><\/p>\n<h2>Especificaciones de la caja de cambios para motocultor rotativo TLZ-292A<\/h2>\n<p><img loading=\"lazy\" decoding=\"async\" class=\"alignnone size-full wp-image-2134\" src=\"https:\/\/fmp-components.com\/wp-content\/uploads\/2024\/12\/rotary-tiller-gearbox-TLZ-292A-specification.webp\" alt=\"Especificaciones de la caja de cambios del motocultor rotativo TLZ-292A\" width=\"936\" height=\"444\" title=\"\" srcset=\"https:\/\/fmp-components.com\/wp-content\/uploads\/2024\/12\/rotary-tiller-gearbox-TLZ-292A-specification.webp 936w, https:\/\/fmp-components.com\/wp-content\/uploads\/2024\/12\/rotary-tiller-gearbox-TLZ-292A-specification-480x228.webp 480w\" sizes=\"(min-width: 0px) and (max-width: 480px) 480px, (min-width: 481px) 936px, 100vw\" \/><\/p>\n<table style=\"width: 93.9782%; height: 304px;\" border=\"1\" cellspacing=\"0\" cellpadding=\"0\">\n<tbody>\n<tr>\n<td style=\"width: 59.8851%;\"><strong>i<\/strong><\/td>\n<td style=\"width: 40%;\">1.86<\/td>\n<\/tr>\n<tr>\n<td style=\"width: 59.8851%;\"><strong>norte<sub>1<\/sub>[rpm]<\/strong><\/td>\n<td style=\"width: 40%;\">540<\/td>\n<\/tr>\n<tr>\n<td style=\"width: 59.8851%;\"><strong>PAG<sub>1<\/sub>[kW]<\/strong><\/td>\n<td style=\"width: 40%;\">47.8<\/td>\n<\/tr>\n<tr>\n<td style=\"width: 59.8851%;\"><strong>METRO<sub>2<\/sub>[Nuevo M\u00e9jico]<\/strong><\/td>\n<td style=\"width: 40%;\">1525<\/td>\n<\/tr>\n<tr>\n<td style=\"width: 59.8851%;\"><strong>Eje X<img loading=\"lazy\" decoding=\"async\" class=\"alignnone size-full wp-image-2136\" src=\"https:\/\/fmp-components.com\/wp-content\/uploads\/2024\/12\/shaft-x-2.webp\" alt=\"eje-x\" width=\"81\" height=\"78\" title=\"\" srcset=\"https:\/\/fmp-components.com\/wp-content\/uploads\/2024\/12\/shaft-x-2.webp 81w, https:\/\/fmp-components.com\/wp-content\/uploads\/2024\/12\/shaft-x-2-12x12.webp 12w\" sizes=\"(max-width: 81px) 100vw, 81px\" \/><\/strong><\/td>\n<td style=\"width: 40%;\">1\u201d 3\/8 Z6<\/td>\n<\/tr>\n<tr>\n<td style=\"width: 59.8851%;\"><strong>Eje Z<img loading=\"lazy\" decoding=\"async\" class=\"alignnone size-full wp-image-2135\" src=\"https:\/\/fmp-components.com\/wp-content\/uploads\/2024\/12\/shaft-2.webp\" alt=\"eje\" width=\"64\" height=\"57\" title=\"\" srcset=\"https:\/\/fmp-components.com\/wp-content\/uploads\/2024\/12\/shaft-2.webp 64w, https:\/\/fmp-components.com\/wp-content\/uploads\/2024\/12\/shaft-2-13x12.webp 13w\" sizes=\"(max-width: 64px) 100vw, 64px\" \/><\/strong><\/td>\n<td style=\"width: 40%;\">42*48<\/td>\n<\/tr>\n<tr>\n<td style=\"width: 59.8851%;\"><strong>Aporte<\/strong><\/td>\n<td style=\"width: 40%;\">inc\u00f3gnita<\/td>\n<\/tr>\n<\/tbody>\n<\/table>\n<h2>Caracter\u00edsticas de la caja de cambios para motocultor rotativo TLZ292A<\/h2>\n<p>La caja de cambios para motocultor rotativo TLZ292A est\u00e1 dise\u00f1ada para ofrecer alto rendimiento, durabilidad y fiabilidad para su uso en maquinaria agr\u00edcola, en particular en motocultores rotativos. A continuaci\u00f3n se detallan las caracter\u00edsticas principales de esta caja de cambios:<\/p>\n<p><strong>Construcci\u00f3n de alta resistencia<\/strong><\/p>\n<p>La caja de cambios TLZ292A est\u00e1 dise\u00f1ada para soportar las exigentes condiciones de las labores agr\u00edcolas. Est\u00e1 fabricada con materiales de alta calidad que garantizan su durabilidad y una resistencia superior al desgaste, incluso bajo cargas de trabajo pesadas.<\/p>\n<p><strong>Transmisi\u00f3n de alta eficiencia<\/strong><\/p>\n<p>La caja de cambios est\u00e1 dise\u00f1ada para una transmisi\u00f3n de potencia \u00f3ptima, lo que garantiza el funcionamiento eficiente de las cuchillas del motocultor. Proporciona un flujo de potencia suave y constante, lo que permite una mejor penetraci\u00f3n en el suelo y un mayor rendimiento de labranza. Su dise\u00f1o de alta eficiencia minimiza la p\u00e9rdida de energ\u00eda y mejora la productividad general del motocultor.<\/p>\n<p><strong>Dise\u00f1o compacto y ligero<\/strong><\/p>\n<p>A pesar de su potente rendimiento, la caja de cambios TLZ292A cuenta con una estructura compacta y ligera. Esto facilita su manejo, instalaci\u00f3n y mantenimiento, adem\u00e1s de contribuir a reducir el peso total del sistema de labranza para una mayor maniobrabilidad y eficiencia de combustible.<\/p>\n<p><strong>Disipaci\u00f3n de calor superior<\/strong><\/p>\n<p>La caja de cambios est\u00e1 equipada con un sistema de refrigeraci\u00f3n dise\u00f1ado para mantener una temperatura de funcionamiento \u00f3ptima. El mecanismo de disipaci\u00f3n de calor mejorado garantiza que la caja de cambios funcione a pleno rendimiento durante periodos prolongados sin sobrecalentarse, lo que mejora su fiabilidad y vida \u00fatil.<\/p>\n<p><strong>Compatibilidad con eje de toma de fuerza ajustable<\/strong><\/p>\n<p>La caja de cambios TLZ292A es compatible con diversos ejes de toma de fuerza (TDF), lo que permite una f\u00e1cil integraci\u00f3n con diferentes modelos de tractores. Cuenta con opciones de entrada de TDF ajustables, lo que garantiza flexibilidad y compatibilidad con una amplia gama de maquinaria agr\u00edcola.<\/p>\n<p>En resumen, la caja reductora para motocultor TLZ292A es una soluci\u00f3n de alto rendimiento, duradera y fiable para las labores agr\u00edcolas. Su eficiente transmisi\u00f3n, robusta construcci\u00f3n y bajos requisitos de mantenimiento la convierten en una excelente opci\u00f3n para los agricultores que buscan aumentar la productividad y garantizar la fiabilidad operativa a largo plazo.<\/p>\n<p><img loading=\"lazy\" decoding=\"async\" class=\"size-full wp-image-2139 aligncenter\" src=\"https:\/\/fmp-components.com\/wp-content\/uploads\/2024\/12\/Rotary-Tiller-Gearbox-4.webp\" alt=\"Caja de cambios de cultivador rotativo\" width=\"600\" height=\"600\" title=\"\" srcset=\"https:\/\/fmp-components.com\/wp-content\/uploads\/2024\/12\/Rotary-Tiller-Gearbox-4.webp 600w, https:\/\/fmp-components.com\/wp-content\/uploads\/2024\/12\/Rotary-Tiller-Gearbox-4-480x480.webp 480w\" sizes=\"(min-width: 0px) and (max-width: 480px) 480px, (min-width: 481px) 600px, 100vw\" \/><\/p>\n<h2>Componentes estructurales de la caja de cambios del motocultor rotativo TLZ292A<\/h2>\n<p>La caja de cambios para motocultor rotativo TLZ292A consta de varios componentes estructurales clave dise\u00f1ados para ofrecer durabilidad, eficiencia y facilidad de uso en aplicaciones agr\u00edcolas exigentes. A continuaci\u00f3n se describe cada uno de los componentes principales:<\/p>\n<p><strong>Conexi\u00f3n del eje de entrada y de la toma de fuerza<\/strong><\/p>\n<p>El eje de entrada de la caja de cambios TLZ292A est\u00e1 conectado a la toma de fuerza (TDF) del tractor. Este componente transmite la potencia del motor del tractor a la caja de cambios, accionando as\u00ed las cuchillas de la fresadora. La conexi\u00f3n a la TDF est\u00e1 dise\u00f1ada para una f\u00e1cil integraci\u00f3n con diferentes modelos de tractor, ofreciendo flexibilidad y garantizando una transmisi\u00f3n de potencia eficiente a la caja de cambios.<\/p>\n<p><strong>Engranajes reductores<\/strong><\/p>\n<p>La caja de cambios incluye engranajes reductores de precisi\u00f3n que disminuyen la alta velocidad de entrada de la toma de fuerza a una velocidad menor, m\u00e1s adecuada para las cuchillas de la fresadora. Estos engranajes garantizan un funcionamiento eficiente de la fresadora, proporcionando el par necesario para una penetraci\u00f3n \u00f3ptima en el suelo y un rendimiento de labranza excelente, minimizando a la vez la p\u00e9rdida de energ\u00eda.<\/p>\n<p><strong>Cojinetes y bujes<\/strong><\/p>\n<p>Para garantizar un funcionamiento suave y fiable, la caja de cambios TLZ292A est\u00e1 equipada con rodamientos y bujes de alta calidad. Estos componentes reducen la fricci\u00f3n entre las piezas m\u00f3viles, lo que asegura transiciones de marcha suaves y previene el desgaste. Los rodamientos duraderos tambi\u00e9n prolongan la vida \u00fatil de la caja de cambios, permiti\u00e9ndole funcionar eficazmente en condiciones de trabajo exigentes.<\/p>\n<p><strong>Vivienda y cerramiento<\/strong><\/p>\n<p>La carcasa de la caja de cambios TLZ292A est\u00e1 fabricada con materiales de alta resistencia para brindar una protecci\u00f3n robusta a los componentes internos. Esta carcasa duradera protege los engranajes, ejes y rodamientos de la caja de cambios de los elementos ambientales, como polvo, suciedad, humedad e impactos. Adem\u00e1s, la carcasa cuenta con un recubrimiento anticorrosivo que mejora su durabilidad y la protege del \u00f3xido y otros da\u00f1os.<\/p>\n<p><strong>Conexi\u00f3n del eje de salida y la cuchilla del cultivador<\/strong><\/p>\n<p>El eje de salida conecta la caja de cambios con las cuchillas de la motoazada. Est\u00e1 dise\u00f1ado para transmitir la potencia reducida de la caja de cambios a las cuchillas, impuls\u00e1ndolas a girar a la velocidad y con el par adecuados. El dise\u00f1o del eje de salida garantiza un rendimiento fiable y una transmisi\u00f3n de potencia eficiente, lo que contribuye a la eficacia general del proceso de labranza.<\/p>\n<p>La caja de cambios para motocultor rotativo TLZ292A cuenta con componentes estructurales clave como el eje de entrada, engranajes reductores, cojinetes, carcasa y eje de salida, que trabajan en conjunto para brindar alta eficiencia, confiabilidad y durabilidad en aplicaciones de labranza agr\u00edcola.<\/p>\n<p><img loading=\"lazy\" decoding=\"async\" class=\"size-full wp-image-2138 aligncenter\" src=\"https:\/\/fmp-components.com\/wp-content\/uploads\/2024\/12\/Rotary-Tiller-Gearbox-3.webp\" alt=\"Caja de cambios de cultivador rotativo\" width=\"600\" height=\"600\" title=\"\" srcset=\"https:\/\/fmp-components.com\/wp-content\/uploads\/2024\/12\/Rotary-Tiller-Gearbox-3.webp 600w, https:\/\/fmp-components.com\/wp-content\/uploads\/2024\/12\/Rotary-Tiller-Gearbox-3-480x480.webp 480w\" sizes=\"(min-width: 0px) and (max-width: 480px) 480px, (min-width: 481px) 600px, 100vw\" \/><\/p>\n<h2>Principio de funcionamiento de la caja de cambios de la fresadora rotativa accionada por la toma de fuerza del tractor<\/h2>\n<p>El principio de funcionamiento de la caja de cambios de la fresadora accionada por la toma de fuerza del tractor se basa en la transferencia eficiente de potencia del motor del tractor a las cuchillas de la fresadora, lo que permite que la m\u00e1quina realice labores de labranza. A continuaci\u00f3n, se describen cinco pasos clave para el funcionamiento de la caja de cambios:<\/p>\n<p><strong>Transmisi\u00f3n de potencia de la toma de fuerza del tractor a la caja de cambios<\/strong><\/p>\n<p>El proceso comienza cuando el motor del tractor acciona la toma de fuerza (TDF), que est\u00e1 conectada al eje de entrada de la caja de cambios. La TDF est\u00e1 dise\u00f1ada para girar a altas velocidades, generalmente entre 540 y 1000 RPM, dependiendo de la potencia del motor del tractor. Esta potencia rotacional se transmite directamente a la caja de cambios, que act\u00faa como mecanismo intermediario entre el tractor y las cuchillas del cultivador.<\/p>\n<p><strong>Reducci\u00f3n de velocidad mediante engranajes reductores<\/strong><\/p>\n<p>Una vez que la potencia llega a la caja de cambios, pasa por un conjunto de engranajes reductores. Estos engranajes reducen la alta velocidad de rotaci\u00f3n del eje de la toma de fuerza a una velocidad mucho menor, m\u00e1s adecuada para las cuchillas de la fresadora. El sistema de engranajes reductores garantiza que las cuchillas funcionen a velocidades \u00f3ptimas, proporcionando el par necesario para un corte y penetraci\u00f3n eficaces del suelo.<\/p>\n<p><strong>Amplificaci\u00f3n del par para una mayor eficiencia en el laboreo<\/strong><\/p>\n<p>La menor velocidad de la caja de cambios se combina con un aumento del par motor, esencial para labrar suelos pesados \u200b\u200bo compactados. Este mayor par permite que las cuchillas de la fresadora penetren m\u00e1s profundamente en el suelo, rompi\u00e9ndolo y aire\u00e1ndolo eficazmente. La caja de cambios garantiza el equilibrio adecuado entre velocidad y par motor para una m\u00e1xima eficiencia de labranza, en funci\u00f3n de las condiciones del suelo.<\/p>\n<p><strong>El eje de salida acciona las cuchillas del cultivador.<\/strong><\/p>\n<p>El eje de salida de la caja de cambios est\u00e1 conectado a las cuchillas de la fresadora. Al reducir la velocidad de entrada de la toma de fuerza y \u200b\u200baumentar el par, el eje de salida gira a una velocidad menor, pero con mayor potencia. Esta rotaci\u00f3n impulsa las cuchillas de la fresadora, haci\u00e9ndolas girar y cortar la tierra. Las cuchillas de la fresadora suelen estar dispuestas en espiral, lo que les permite cubrir el suelo de manera uniforme y constante.<\/p>\n<p><strong>Flujo de energ\u00eda continuo y funcionamiento suave<\/strong><\/p>\n<p>La caja de cambios garantiza un flujo continuo de potencia desde la toma de fuerza del tractor hasta las cuchillas del cultivador. Su dise\u00f1o optimiza la distribuci\u00f3n de la potencia, lo que contribuye a un funcionamiento constante incluso con cargas variables. Adem\u00e1s, minimiza la p\u00e9rdida de energ\u00eda, asegura transiciones suaves entre marchas y reduce el desgaste de los componentes cr\u00edticos, permitiendo que el cultivador funcione de manera eficiente durante largos periodos.<\/p>\n<p>La caja de cambios de la fresadora accionada por la toma de fuerza (TDF) funciona transfiriendo la potencia de alta velocidad de la TDF del tractor, reduciendo y ajustando la velocidad y el par, y luego suministrando potencia controlada a las cuchillas de la fresadora para una labranza eficaz del suelo. El papel de la caja de cambios en la optimizaci\u00f3n de la velocidad, el par y el flujo de potencia es fundamental para el rendimiento y la durabilidad de la fresadora.<\/p>\n<p><img loading=\"lazy\" decoding=\"async\" class=\"alignnone size-full wp-image-2137\" src=\"https:\/\/fmp-components.com\/wp-content\/uploads\/2024\/12\/Rotary-Tiller-Gearbox-48.webp\" alt=\"Caja de cambios de cultivador rotativo\" width=\"1110\" height=\"714\" title=\"\" srcset=\"https:\/\/fmp-components.com\/wp-content\/uploads\/2024\/12\/Rotary-Tiller-Gearbox-48.webp 1110w, https:\/\/fmp-components.com\/wp-content\/uploads\/2024\/12\/Rotary-Tiller-Gearbox-48-980x630.webp 980w, https:\/\/fmp-components.com\/wp-content\/uploads\/2024\/12\/Rotary-Tiller-Gearbox-48-480x309.webp 480w\" sizes=\"(min-width: 0px) and (max-width: 480px) 480px, (min-width: 481px) and (max-width: 980px) 980px, (min-width: 981px) 1110px, 100vw\" \/><\/p>\n<h3>Acerca de FMP<\/h3>\n<p>Con sede en Italia, FMP es un fabricante l\u00edder reconocido por su experiencia en el dise\u00f1o, desarrollo y producci\u00f3n de cajas de engranajes de alto rendimiento, principalmente para el sector de la maquinaria agr\u00edcola. Reconocidos por nuestra ingenier\u00eda de precisi\u00f3n, innovaci\u00f3n y fiabilidad inquebrantable, FMP se ha consolidado como un socio de confianza para satisfacer las cambiantes demandas de los mercados agr\u00edcola e industrial. Nuestra completa cartera de productos incluye cajas de engranajes especializadas para cortac\u00e9spedes, ejes de toma de fuerza y \u200b\u200botros componentes cr\u00edticos, todos dise\u00f1ados para ofrecer soluciones eficaces y personalizadas para una amplia gama de aplicaciones.<\/p>\n<p>En FMP, comprendemos que cada cliente tiene necesidades y desaf\u00edos \u00fanicos. Por eso nos especializamos en ofrecer soluciones a medida, ya sea mediante componentes individuales o sistemas totalmente integrados. Adoptamos un enfoque colaborativo, trabajando en estrecha colaboraci\u00f3n con nuestros clientes para garantizar que cada soluci\u00f3n sea no solo efectiva, sino tambi\u00e9n eficiente. Nuestro compromiso con respuestas r\u00e1pidas y profesionales, y con la asesor\u00eda experta, garantiza que cada consulta se gestione con el m\u00e1ximo cuidado y precisi\u00f3n, asegurando as\u00ed los mejores resultados para nuestros clientes.<\/p>\n<p>Ponemos gran \u00e9nfasis en la comunicaci\u00f3n abierta y continua, especialmente en el desarrollo de nuevos productos. Nuestro equipo especializado trabaja directamente con los clientes para comprender plenamente sus necesidades, ofreciendo informaci\u00f3n valiosa y recomendaciones que conducen a soluciones \u00f3ptimas. Ya sea que dise\u00f1emos productos innovadores o atendamos pedidos existentes, en FMP nos comprometemos a entregar soluciones de alta calidad y precisi\u00f3n, siempre a tiempo, garantizando que nuestros clientes reciban el mejor servicio y los mejores resultados.<\/p>\n<p>En el centro de las operaciones de FMP se encuentra nuestro enfoque inquebrantable en la calidad. Nos adherimos a los m\u00e1s altos est\u00e1ndares de fabricaci\u00f3n, aplicando rigurosas medidas de control de calidad para garantizar que cada producto no solo cumpla, sino que supere las expectativas de la industria. Este compromiso con la calidad, sumado a nuestros valores fundamentales de integridad, trabajo en equipo y perseverancia, nos ha permitido forjar relaciones duraderas y de confianza con clientes en casi 30 pa\u00edses de todo el mundo.<\/p>\n<p>En FMP, nos esforzamos constantemente por establecer alianzas globales y nos dedicamos a brindar asesoramiento experto y soluciones personalizadas para satisfacer las diversas necesidades de nuestros clientes. Nuestro enfoque va m\u00e1s all\u00e1 de la simple entrega de productos; buscamos cultivar relaciones a largo plazo que contribuyan al \u00e9xito de cada proyecto. Ya sea que necesite soluciones innovadoras para una nueva empresa o soporte continuo para un sistema existente, en FMP estamos aqu\u00ed para abordar sus desaf\u00edos t\u00e9cnicos y ayudarle a garantizar su \u00e9xito continuo.<\/p>\n<p><img loading=\"lazy\" decoding=\"async\" class=\"alignnone size-full wp-image-1861\" src=\"https:\/\/fmp-components.com\/wp-content\/uploads\/2024\/12\/Other-Agricultural-Gearboxes.webp\" sizes=\"(min-width: 0px) and (max-width: 480px) 480px, (min-width: 481px) and (max-width: 980px) 980px, (min-width: 981px) 1200px, 100vw\" srcset=\"https:\/\/fmp-components.com\/wp-content\/uploads\/2024\/12\/Other-Agricultural-Gearboxes.webp 1200w, https:\/\/fmp-components.com\/wp-content\/uploads\/2024\/12\/Other-Agricultural-Gearboxes-980x1143.webp 980w, https:\/\/fmp-components.com\/wp-content\/uploads\/2024\/12\/Other-Agricultural-Gearboxes-480x560.webp 480w\" alt=\"Otros cambios agr\u00edcolas\" width=\"1200\" height=\"1400\" title=\"\"><\/p>\n<p>Autor: CX<\/p>","protected":false},"excerpt":{"rendered":"<p>Rotary Tiller Gearbox TLZ-292A Specifications i 1.86 N1[rpm] 540 P1[kW] 47.8 M2[Nm] 1525 Shaft X 1&#8221; 3\/8 Z6 Shaft Z 42*48 Input X Features of the Rotary Tiller Gearbox TLZ292A The Rotary Tiller Gearbox TLZ292A is designed to offer high performance, durability, and reliability for use in agricultural machinery, particularly in rotary tillers. Below are [&hellip;]<\/p>","protected":false},"featured_media":2140,"comment_status":"open","ping_status":"closed","template":"","meta":{"_et_pb_use_builder":"","_et_pb_old_content":"","_et_gb_content_width":""},"product_brand":[],"product_cat":[53],"product_tag":[],"class_list":{"0":"post-2133","1":"product","2":"type-product","3":"status-publish","4":"has-post-thumbnail","6":"product_cat-rotary-tiller-gearbox","8":"first","9":"instock","10":"shipping-taxable","11":"product-type-simple"},"_links":{"self":[{"href":"https:\/\/fmp-components.com\/es\/wp-json\/wp\/v2\/product\/2133","targetHints":{"allow":["GET"]}}],"collection":[{"href":"https:\/\/fmp-components.com\/es\/wp-json\/wp\/v2\/product"}],"about":[{"href":"https:\/\/fmp-components.com\/es\/wp-json\/wp\/v2\/types\/product"}],"replies":[{"embeddable":true,"href":"https:\/\/fmp-components.com\/es\/wp-json\/wp\/v2\/comments?post=2133"}],"wp:featuredmedia":[{"embeddable":true,"href":"https:\/\/fmp-components.com\/es\/wp-json\/wp\/v2\/media\/2140"}],"wp:attachment":[{"href":"https:\/\/fmp-components.com\/es\/wp-json\/wp\/v2\/media?parent=2133"}],"wp:term":[{"taxonomy":"product_brand","embeddable":true,"href":"https:\/\/fmp-components.com\/es\/wp-json\/wp\/v2\/product_brand?post=2133"},{"taxonomy":"product_cat","embeddable":true,"href":"https:\/\/fmp-components.com\/es\/wp-json\/wp\/v2\/product_cat?post=2133"},{"taxonomy":"product_tag","embeddable":true,"href":"https:\/\/fmp-components.com\/es\/wp-json\/wp\/v2\/product_tag?post=2133"}],"curies":[{"name":"gracias","href":"https:\/\/api.w.org\/{rel}","templated":true}]}}