{"id":2111,"date":"2024-12-30T05:16:14","date_gmt":"2024-12-30T05:16:14","guid":{"rendered":"https:\/\/fmp-components.com\/?page_id=8"},"modified":"2024-12-30T05:23:39","modified_gmt":"2024-12-30T05:23:39","slug":"rotary-tillers-gearboxes-replacement-of-comer-code-tb-278c-11","status":"publish","type":"product","link":"https:\/\/fmp-components.com\/es\/product\/rotary-tillers-gearboxes-replacement-of-comer-code-tb-278c-11\/","title":{"rendered":"Cajas de engranajes para cultivadores rotativos: reemplazo del c\u00f3digo Comer TB-278C 1:1"},"content":{"rendered":"<p style=\"text-align: center;\"><span style=\"font-size: 18pt;\">Cajas de engranajes para cultivadores rotativos: reemplazo del c\u00f3digo Comer TB-278C 1:1<\/span><\/p>\n<p>La caja de cambios para motocultores rotativos (reemplazo de la Comer TB-278C 1:1) es una caja de cambios de alto rendimiento y gran durabilidad, dise\u00f1ada espec\u00edficamente para su uso en motocultores rotativos, que ofrece una soluci\u00f3n eficiente para la preparaci\u00f3n del suelo y el cultivo de la tierra. Esta caja de cambios de repuesto est\u00e1 dise\u00f1ada para proporcionar una transmisi\u00f3n de potencia fiable desde la toma de fuerza del tractor hasta las cuchillas del motocultor, lo que garantiza un funcionamiento suave incluso en entornos agr\u00edcolas exigentes.<\/p>\n<p>La caja de cambios TB-278C cuenta con una relaci\u00f3n de transmisi\u00f3n 1:1 que proporciona una transferencia de potencia \u00f3ptima para labores de labranza, lo que la hace altamente efectiva para diversos tipos de suelo, desde aplicaciones agr\u00edcolas ligeras hasta pesadas. Su robusta construcci\u00f3n garantiza resistencia al desgaste, prolongando la vida \u00fatil de la caja de cambios y reduciendo los costos de mantenimiento. Adem\u00e1s, est\u00e1 dise\u00f1ada para una f\u00e1cil instalaci\u00f3n, ofreciendo un reemplazo directo para la caja de cambios Comer TB-278C, minimizando el tiempo de inactividad y asegurando la productividad continua en el campo.<\/p>\n<p>La caja de cambios TB-278C est\u00e1 fabricada con ingenier\u00eda de precisi\u00f3n y materiales de alta calidad, lo que la convierte en una opci\u00f3n fiable tanto para peque\u00f1as explotaciones agr\u00edcolas como para grandes explotaciones. Su dise\u00f1o permite una transferencia de energ\u00eda eficiente, lo que maximiza el rendimiento del motocultor y mejora la eficiencia del combustible.<\/p>\n<p>Esta caja de cambios de repuesto es ideal para agricultores que buscan una soluci\u00f3n rentable y de alta calidad para mantener el rendimiento de sus motocultores. Tanto si se trata de sustituir una caja de cambios desgastada como de actualizar un modelo antiguo, la TB-278C garantiza un rendimiento de labranza \u00f3ptimo y una mayor productividad. Adem\u00e1s, la caja de cambios se beneficia de rigurosos controles de calidad para cumplir con las altas exigencias de la agricultura moderna.<\/p>\n<p>La caja de cambios para motocultores rotativos (reemplazo 1:1 del c\u00f3digo Comer TB-278C) ofrece una soluci\u00f3n duradera, eficiente y rentable para este tipo de maquinaria. Dise\u00f1ada para brindar confiabilidad, precisi\u00f3n y rendimiento, esta caja de cambios contribuye a mejorar la eficiencia operativa y prolonga la vida \u00fatil de su equipo agr\u00edcola.<\/p>\n<table style=\"width: 100%;\" border=\"1\" width=\"100%\" cellspacing=\"0\" cellpadding=\"0\">\n<tbody>\n<tr>\n<th>Descripci\u00f3n<\/th>\n<td>Cajas de cambios para rastras rotativas, cajas de cambios para motocultores rotativos \u2013 Sustituci\u00f3n del c\u00f3digo Comer TB-278C 1:1<\/td>\n<\/tr>\n<tr>\n<th>Solicitud<\/th>\n<td>Diversas aplicaciones (agr\u00edcolas),<br \/>\nCortadoras de c\u00e9sped,<br \/>\nMolino de la serie<\/td>\n<\/tr>\n<tr>\n<th>Consiste en<\/th>\n<td>Caja de cambios<\/td>\n<\/tr>\n<tr>\n<th>Pedir aceite por separado<\/th>\n<td>Informaci\u00f3n t\u00e9cnica<\/td>\n<\/tr>\n<tr>\n<th><\/th>\n<td>Todos los datos t\u00e9cnicos corresponden a ISO 6335 e ISO 281.<\/td>\n<\/tr>\n<tr>\n<th>Potencia m\u00e1xima de entrada<\/th>\n<td>40,5 kW<\/td>\n<\/tr>\n<tr>\n<th>Par de salida m\u00e1ximo<\/th>\n<td>695 Nm<\/td>\n<\/tr>\n<tr>\n<th>Contiene aceite<\/th>\n<td>No<\/td>\n<\/tr>\n<tr>\n<th>Capacidad m\u00e1xima de aceite<\/th>\n<td>1,6 l<\/td>\n<\/tr>\n<tr>\n<th>Grado de viscosidad SAE del aceite<\/th>\n<td>80W-90<\/td>\n<\/tr>\n<tr>\n<th>Peso<\/th>\n<td>24 kg<\/td>\n<\/tr>\n<tr>\n<th>Disposici\u00f3n de engranajes<\/th>\n<td>5 &#8211; 6<\/td>\n<\/tr>\n<tr>\n<th>Relaci\u00f3n<\/th>\n<td>1 : 1<\/td>\n<\/tr>\n<tr>\n<th>Eje de entrada<\/th>\n<td>Z<\/td>\n<\/tr>\n<tr>\n<th>Eje X<\/th>\n<td>do<\/td>\n<\/tr>\n<tr>\n<th>Eje Z<\/th>\n<td>1 3\/8\u2033 (6) (A)<\/td>\n<\/tr>\n<\/tbody>\n<\/table>\n<h3>Cajas de engranajes para cultivadores rotativos: reemplazo del c\u00f3digo Comer TB-278C 1:1<\/h3>\n<p>La caja de cambios para motocultores rotativos (reemplazo de la Comer TB-278C 1:1) es una caja de cambios de alto rendimiento y gran durabilidad, dise\u00f1ada espec\u00edficamente para su uso en motocultores rotativos, que ofrece una soluci\u00f3n eficiente para la preparaci\u00f3n del suelo y el cultivo de la tierra. Esta caja de cambios de repuesto est\u00e1 dise\u00f1ada para proporcionar una transmisi\u00f3n de potencia fiable desde la toma de fuerza del tractor hasta las cuchillas del motocultor, lo que garantiza un funcionamiento suave incluso en entornos agr\u00edcolas exigentes.<\/p>\n<p>La caja de cambios TB-278C cuenta con una relaci\u00f3n de transmisi\u00f3n 1:1 que proporciona una transferencia de potencia \u00f3ptima para labores de labranza, lo que la hace altamente efectiva para diversos tipos de suelo, desde aplicaciones agr\u00edcolas ligeras hasta pesadas. Su robusta construcci\u00f3n garantiza resistencia al desgaste, prolongando la vida \u00fatil de la caja de cambios y reduciendo los costos de mantenimiento. Adem\u00e1s, est\u00e1 dise\u00f1ada para una f\u00e1cil instalaci\u00f3n, ofreciendo un reemplazo directo para la caja de cambios Comer TB-278C, minimizando el tiempo de inactividad y asegurando la productividad continua en el campo.<\/p>\n<p>La caja de cambios TB-278C est\u00e1 fabricada con ingenier\u00eda de precisi\u00f3n y materiales de alta calidad, lo que la convierte en una opci\u00f3n fiable tanto para peque\u00f1as explotaciones agr\u00edcolas como para grandes explotaciones. Su dise\u00f1o permite una transferencia de energ\u00eda eficiente, lo que maximiza el rendimiento del motocultor y mejora la eficiencia del combustible.<\/p>\n<p>Esta caja de cambios de repuesto es ideal para agricultores que buscan una soluci\u00f3n rentable y de alta calidad para mantener el rendimiento de sus motocultores. Tanto si se trata de sustituir una caja de cambios desgastada como de actualizar un modelo antiguo, la TB-278C garantiza un rendimiento de labranza \u00f3ptimo y una mayor productividad. Adem\u00e1s, la caja de cambios se beneficia de rigurosos controles de calidad para cumplir con las altas exigencias de la agricultura moderna.<\/p>\n<p>En resumen, la caja de cambios para motocultores rotativos (reemplazo de la Comer Code TB-278C 1:1) ofrece una soluci\u00f3n duradera, eficiente y rentable para este tipo de maquinaria. Con un enfoque en la fiabilidad, la precisi\u00f3n y el rendimiento, esta caja de cambios contribuye a mejorar la eficiencia operativa y prolonga la vida \u00fatil de su equipo agr\u00edcola.<\/p>\n<p><img loading=\"lazy\" decoding=\"async\" class=\"alignnone size-full wp-image-2102\" src=\"https:\/\/fmp-components.com\/wp-content\/uploads\/2024\/12\/PTO-Shaft-for-Rotary-Tiller-Gearbox.webp\" alt=\"Eje de toma de fuerza para caja de cambios de cultivador rotativo\" width=\"1000\" height=\"600\" title=\"\" srcset=\"https:\/\/fmp-components.com\/wp-content\/uploads\/2024\/12\/PTO-Shaft-for-Rotary-Tiller-Gearbox.webp 1000w, https:\/\/fmp-components.com\/wp-content\/uploads\/2024\/12\/PTO-Shaft-for-Rotary-Tiller-Gearbox-980x588.webp 980w, https:\/\/fmp-components.com\/wp-content\/uploads\/2024\/12\/PTO-Shaft-for-Rotary-Tiller-Gearbox-480x288.webp 480w\" sizes=\"(min-width: 0px) and (max-width: 480px) 480px, (min-width: 481px) and (max-width: 980px) 980px, (min-width: 981px) 1000px, 100vw\" \/><\/p>\n<h2>Ejes de toma de fuerza para cajas de engranajes de cultivadores rotativos<\/h2>\n<p>Los ejes de toma de fuerza (TDF) para las cajas de engranajes de las motoazadas son componentes vitales en la agricultura moderna, ya que proporcionan la conexi\u00f3n esencial entre el sistema de toma de fuerza (TDF) del tractor y la caja de engranajes de la motoazada. Estos ejes est\u00e1n dise\u00f1ados para transmitir la potencia mec\u00e1nica del motor del tractor al mecanismo de labranza, lo que permite que las cuchillas de la motoazada giren y realicen el cultivo del suelo de manera eficiente. Al facilitar la transmisi\u00f3n de potencia, los ejes de TDF garantizan un rendimiento \u00f3ptimo de labranza en diversas aplicaciones agr\u00edcolas, desde la preparaci\u00f3n del suelo hasta el mantenimiento de la tierra.<\/p>\n<p>La durabilidad y la fiabilidad son caracter\u00edsticas clave de los ejes de toma de fuerza (TDF) para cajas de engranajes de motocultores. Fabricados con acero de alta resistencia u otros materiales duraderos, estos ejes est\u00e1n dise\u00f1ados para soportar las exigencias de las labores agr\u00edcolas m\u00e1s intensas. Ya sea en terrenos dif\u00edciles o en condiciones ambientales adversas, los ejes de TDF ofrecen un rendimiento constante y duradero, lo que reduce la necesidad de un mantenimiento frecuente y minimiza el tiempo de inactividad durante las temporadas agr\u00edcolas m\u00e1s cr\u00edticas.<\/p>\n<p>Otra caracter\u00edstica importante de los ejes de toma de fuerza (TDF) es su facilidad de acoplamiento y desacoplamiento. Estos ejes est\u00e1n dise\u00f1ados para un acoplamiento r\u00e1pido tanto al tractor como a la caja de cambios de la fresadora, lo que garantiza una integraci\u00f3n perfecta con diversos modelos de equipos. El mecanismo de conexi\u00f3n r\u00e1pida permite a los agricultores cambiar f\u00e1cilmente entre diferentes implementos, mejorando la eficiencia operativa y reduciendo el tiempo de preparaci\u00f3n al cambiar de tarea o de equipo.<\/p>\n<p>La seguridad es una prioridad fundamental en los ejes de toma de fuerza (TDF) para las cajas de engranajes de las fresadoras rotativas. Estos ejes est\u00e1n equipados con protectores, embragues deslizantes y otras caracter\u00edsticas de seguridad dise\u00f1adas para prevenir accidentes y minimizar los da\u00f1os durante el funcionamiento. Los ejes de TDF contribuyen a garantizar una conexi\u00f3n segura entre el tractor y la fresadora, reduciendo el riesgo de fallos en el equipo o lesiones durante el funcionamiento, especialmente en condiciones de alto par.<\/p>\n<p>Por \u00faltimo, los ejes de toma de fuerza (TDF) para las cajas de cambios de las rotocultivadoras son altamente personalizables, ofreciendo una gama de longitudes, configuraciones y dise\u00f1os que se adaptan a diversos modelos de rotocultivadoras y tipos de tractores. La personalizaci\u00f3n garantiza que el eje de TDF se ajuste perfectamente a las necesidades espec\u00edficas de cada explotaci\u00f3n agr\u00edcola, maximizando la eficiencia y el rendimiento de la rotocultivadora. Con el eje de TDF adecuado, los agricultores pueden aumentar su productividad, asegurando una preparaci\u00f3n del suelo uniforme y eficaz para un \u00f3ptimo crecimiento de los cultivos.<\/p>\n<p><img loading=\"lazy\" decoding=\"async\" class=\"alignnone size-full wp-image-2088\" src=\"https:\/\/fmp-components.com\/wp-content\/uploads\/2024\/12\/Agricultural-Gearbox-and-PTO-Drive-Shaft1.webp\" alt=\"Caja de cambios agr\u00edcola y eje de transmisi\u00f3n de la TDF\" width=\"1200\" height=\"540\" title=\"\" srcset=\"https:\/\/fmp-components.com\/wp-content\/uploads\/2024\/12\/Agricultural-Gearbox-and-PTO-Drive-Shaft1.webp 1200w, https:\/\/fmp-components.com\/wp-content\/uploads\/2024\/12\/Agricultural-Gearbox-and-PTO-Drive-Shaft1-980x441.webp 980w, https:\/\/fmp-components.com\/wp-content\/uploads\/2024\/12\/Agricultural-Gearbox-and-PTO-Drive-Shaft1-480x216.webp 480w\" sizes=\"(min-width: 0px) and (max-width: 480px) 480px, (min-width: 481px) and (max-width: 980px) 980px, (min-width: 981px) 1200px, 100vw\" \/><\/p>\n<h3>Acerca de FMP<\/h3>\n<p>Con sede en Italia, FMP es un fabricante l\u00edder reconocido por su experiencia en el dise\u00f1o, desarrollo y producci\u00f3n de cajas de cambios de alto rendimiento, principalmente para el sector de la maquinaria agr\u00edcola. Con una reputaci\u00f3n basada en la ingenier\u00eda de precisi\u00f3n, la innovaci\u00f3n y una fiabilidad inigualable, FMP ofrece constantemente productos superiores que satisfacen las necesidades din\u00e1micas de los mercados agr\u00edcola e industrial. Nuestro amplio cat\u00e1logo de productos incluye cajas de cambios especializadas para cortac\u00e9spedes, ejes de toma de fuerza y \u200b\u200botros componentes clave, todos ellos adaptados para proporcionar soluciones personalizadas en una amplia gama de aplicaciones.<\/p>\n<p>En FMP, sabemos que cada cliente tiene necesidades \u00fanicas. Por eso, nos especializamos en ofrecer soluciones a medida, ya sean componentes individuales o sistemas totalmente integrados. Colaboramos estrechamente con nuestros clientes para garantizar que cada soluci\u00f3n sea eficaz y eficiente, maximizando as\u00ed su valor. Nuestro compromiso con respuestas r\u00e1pidas y profesionales, junto con asesoramiento experto, garantiza que cada consulta se gestione con precisi\u00f3n y atenci\u00f3n al detalle.<\/p>\n<p>Priorizamos la comunicaci\u00f3n abierta y la colaboraci\u00f3n durante todo el proceso de desarrollo de productos. Nuestro equipo trabaja codo a codo con los clientes para comprender a fondo sus necesidades espec\u00edficas, ofreciendo recomendaciones estrat\u00e9gicas que conducen a las soluciones m\u00e1s \u00f3ptimas. Ya sea que estemos desarrollando nuevos productos o atendiendo pedidos existentes, nos comprometemos a brindar soluciones de alta calidad y precisi\u00f3n con rapidez y confiabilidad.<\/p>\n<p>La calidad es fundamental en todo lo que hacemos. Nos adherimos a los m\u00e1s altos est\u00e1ndares de fabricaci\u00f3n e implementamos rigurosos procesos de control de calidad para garantizar que cada producto no solo cumpla, sino que supere las expectativas del sector. Este firme compromiso con la calidad, junto con nuestros valores de integridad, trabajo en equipo y perseverancia, nos ha permitido forjar relaciones s\u00f3lidas y duraderas con clientes en m\u00e1s de 30 pa\u00edses alrededor del mundo.<\/p>\n<p>FMP siempre est\u00e1 abierta a forjar alianzas globales, brindar asesoramiento experto y ofrecer soluciones a medida para satisfacer las diversas necesidades de nuestros clientes. Vamos m\u00e1s all\u00e1 del simple suministro de productos: nuestro objetivo es fomentar relaciones a largo plazo que impulsen el \u00e9xito de cada proyecto. Ya sea que busque soluciones innovadoras para una nueva iniciativa o necesite soporte continuo para sistemas existentes, FMP se dedica a abordar sus desaf\u00edos t\u00e9cnicos y a contribuir a su \u00e9xito continuo.<\/p>\n<p><img loading=\"lazy\" decoding=\"async\" class=\"alignnone size-full wp-image-1861\" src=\"https:\/\/fmp-components.com\/wp-content\/uploads\/2024\/12\/Other-Agricultural-Gearboxes.webp\" sizes=\"(min-width: 0px) and (max-width: 480px) 480px, (min-width: 481px) and (max-width: 980px) 980px, (min-width: 981px) 1200px, 100vw\" srcset=\"https:\/\/fmp-components.com\/wp-content\/uploads\/2024\/12\/Other-Agricultural-Gearboxes.webp 1200w, https:\/\/fmp-components.com\/wp-content\/uploads\/2024\/12\/Other-Agricultural-Gearboxes-980x1143.webp 980w, https:\/\/fmp-components.com\/wp-content\/uploads\/2024\/12\/Other-Agricultural-Gearboxes-480x560.webp 480w\" alt=\"Otros cambios agr\u00edcolas\" width=\"1200\" height=\"1400\" title=\"\"><\/p>\n<p>Autor: CX<\/p>","protected":false},"excerpt":{"rendered":"<p>Cajas de engranajes para motocultores \u2013 Reemplazo del c\u00f3digo Comer TB-278C 1:1. La caja de engranajes para motocultores \u2013 Reemplazo del c\u00f3digo Comer TB-278C 1:1 es una caja de engranajes de alto rendimiento y durabilidad, dise\u00f1ada espec\u00edficamente para motocultores, que ofrece una soluci\u00f3n eficiente para la preparaci\u00f3n del suelo y el cultivo. Esta caja de engranajes de repuesto est\u00e1 dise\u00f1ada para proporcionar una transmisi\u00f3n de potencia fiable desde [\u2026]<\/p>","protected":false},"featured_media":2112,"comment_status":"open","ping_status":"closed","template":"","meta":{"_et_pb_use_builder":"","_et_pb_old_content":"","_et_gb_content_width":""},"product_brand":[],"product_cat":[53],"product_tag":[],"class_list":{"0":"post-2111","1":"product","2":"type-product","3":"status-publish","4":"has-post-thumbnail","6":"product_cat-rotary-tiller-gearbox","8":"first","9":"instock","10":"shipping-taxable","11":"product-type-simple"},"_links":{"self":[{"href":"https:\/\/fmp-components.com\/es\/wp-json\/wp\/v2\/product\/2111","targetHints":{"allow":["GET"]}}],"collection":[{"href":"https:\/\/fmp-components.com\/es\/wp-json\/wp\/v2\/product"}],"about":[{"href":"https:\/\/fmp-components.com\/es\/wp-json\/wp\/v2\/types\/product"}],"replies":[{"embeddable":true,"href":"https:\/\/fmp-components.com\/es\/wp-json\/wp\/v2\/comments?post=2111"}],"wp:featuredmedia":[{"embeddable":true,"href":"https:\/\/fmp-components.com\/es\/wp-json\/wp\/v2\/media\/2112"}],"wp:attachment":[{"href":"https:\/\/fmp-components.com\/es\/wp-json\/wp\/v2\/media?parent=2111"}],"wp:term":[{"taxonomy":"product_brand","embeddable":true,"href":"https:\/\/fmp-components.com\/es\/wp-json\/wp\/v2\/product_brand?post=2111"},{"taxonomy":"product_cat","embeddable":true,"href":"https:\/\/fmp-components.com\/es\/wp-json\/wp\/v2\/product_cat?post=2111"},{"taxonomy":"product_tag","embeddable":true,"href":"https:\/\/fmp-components.com\/es\/wp-json\/wp\/v2\/product_tag?post=2111"}],"curies":[{"name":"gracias","href":"https:\/\/api.w.org\/{rel}","templated":true}]}}