{"id":2084,"date":"2024-12-30T03:14:12","date_gmt":"2024-12-30T03:14:12","guid":{"rendered":"https:\/\/fmp-components.com\/?page_id=8"},"modified":"2024-12-30T03:19:44","modified_gmt":"2024-12-30T03:19:44","slug":"rotary-tiller-gearboxes-replacement-of-comer-code-tb-19j","status":"publish","type":"product","link":"https:\/\/fmp-components.com\/es\/product\/rotary-tiller-gearboxes-replacement-of-comer-code-tb-19j\/","title":{"rendered":"Cajas de engranajes para cultivadores rotativos: reemplazo del c\u00f3digo Comer TB-19J"},"content":{"rendered":"<p><img loading=\"lazy\" decoding=\"async\" class=\"alignnone size-full wp-image-2089\" src=\"https:\/\/fmp-components.com\/wp-content\/uploads\/2024\/12\/Rotary-Tiller-Gearbox-2.webp\" alt=\"Caja de cambios del cultivador rotativo\" width=\"1280\" height=\"1280\" title=\"\" srcset=\"https:\/\/fmp-components.com\/wp-content\/uploads\/2024\/12\/Rotary-Tiller-Gearbox-2.webp 1280w, https:\/\/fmp-components.com\/wp-content\/uploads\/2024\/12\/Rotary-Tiller-Gearbox-2-980x980.webp 980w, https:\/\/fmp-components.com\/wp-content\/uploads\/2024\/12\/Rotary-Tiller-Gearbox-2-480x480.webp 480w\" sizes=\"(min-width: 0px) and (max-width: 480px) 480px, (min-width: 481px) and (max-width: 980px) 980px, (min-width: 981px) 1280px, 100vw\" \/><\/p>\n<h2>Detalles de la caja de cambios del cultivador rotativo TB-19J<\/h2>\n<p><img loading=\"lazy\" decoding=\"async\" class=\"alignnone size-full wp-image-2085\" src=\"https:\/\/fmp-components.com\/wp-content\/uploads\/2024\/12\/rotary-tiller-gearbox-TB-19J.webp\" alt=\"caja de cambios para cultivador rotativo TB-19J\" width=\"948\" height=\"678\" title=\"\" srcset=\"https:\/\/fmp-components.com\/wp-content\/uploads\/2024\/12\/rotary-tiller-gearbox-TB-19J.webp 948w, https:\/\/fmp-components.com\/wp-content\/uploads\/2024\/12\/rotary-tiller-gearbox-TB-19J-480x343.webp 480w\" sizes=\"(min-width: 0px) and (max-width: 480px) 480px, (min-width: 481px) 948px, 100vw\" \/><\/p>\n<table style=\"width: 91.0199%; height: 347px;\" border=\"1\">\n<tbody>\n<tr>\n<td style=\"width: 52.8504%;\"><strong>i<\/strong><\/td>\n<td style=\"width: 46.4371%;\">1.46<\/td>\n<\/tr>\n<tr>\n<td style=\"width: 52.8504%;\"><strong>norte<sub>1<\/sub>[rpm]<\/strong><\/td>\n<td style=\"width: 46.4371%;\">540<\/td>\n<\/tr>\n<tr>\n<td style=\"width: 52.8504%;\"><strong>PAG<sub>1<\/sub>[kW]<\/strong><\/td>\n<td style=\"width: 46.4371%;\">16.9<\/td>\n<\/tr>\n<tr>\n<td style=\"width: 52.8504%;\"><strong>METRO<sub>2<\/sub>[Nuevo M\u00e9jico]<\/strong><\/td>\n<td style=\"width: 46.4371%;\">423<\/td>\n<\/tr>\n<tr>\n<td style=\"width: 52.8504%;\"><strong>Eje X\u00a0 \u00a0 \u00a0 \u00a0 \u00a0 \u00a0 \u00a0 \u00a0 \u00a0 \u00a0 \u00a0 \u00a0 \u00a0 \u00a0 \u00a0 \u00a0 \u00a0 \u00a0 <img loading=\"lazy\" decoding=\"async\" class=\"alignnone size-full wp-image-2086\" src=\"https:\/\/fmp-components.com\/wp-content\/uploads\/2024\/12\/shaft.webp\" alt=\"eje\" width=\"67\" height=\"65\" title=\"\" srcset=\"https:\/\/fmp-components.com\/wp-content\/uploads\/2024\/12\/shaft.webp 67w, https:\/\/fmp-components.com\/wp-content\/uploads\/2024\/12\/shaft-12x12.webp 12w\" sizes=\"(max-width: 67px) 100vw, 67px\" \/><\/strong><\/td>\n<td style=\"width: 46.4371%;\">30<\/td>\n<\/tr>\n<tr>\n<td style=\"width: 52.8504%;\"><strong>Eje Z\u00a0 \u00a0 \u00a0 \u00a0 \u00a0 \u00a0 \u00a0 \u00a0 \u00a0 \u00a0 \u00a0 \u00a0 \u00a0 \u00a0 \u00a0 \u00a0 \u00a0 \u00a0<img loading=\"lazy\" decoding=\"async\" class=\"alignnone size-full wp-image-2087\" src=\"https:\/\/fmp-components.com\/wp-content\/uploads\/2024\/12\/shaft-x.webp\" alt=\"eje-x\" width=\"81\" height=\"78\" title=\"\" srcset=\"https:\/\/fmp-components.com\/wp-content\/uploads\/2024\/12\/shaft-x.webp 81w, https:\/\/fmp-components.com\/wp-content\/uploads\/2024\/12\/shaft-x-12x12.webp 12w\" sizes=\"(max-width: 81px) 100vw, 81px\" \/><\/strong><\/td>\n<td style=\"width: 46.4371%;\">1\u201d 3\/8 Z6<\/td>\n<\/tr>\n<tr>\n<td style=\"width: 52.8504%;\"><strong>Aporte<\/strong><\/td>\n<td style=\"width: 46.4371%;\">Z<\/td>\n<\/tr>\n<\/tbody>\n<\/table>\n<h2>Ejes de toma de fuerza para cajas de engranajes de cultivadores rotativos<\/h2>\n<p>El eje de la toma de fuerza (TDF) es un componente esencial que transfiere la potencia mec\u00e1nica del motor del tractor a la caja de cambios de la cultivadora rotativa, lo que permite que esta funcione eficientemente. El eje de la TDF act\u00faa como un conducto que conecta la TDF del tractor con la caja de cambios, facilitando la transferencia de la energ\u00eda rotacional necesaria para accionar las p\u00faas de la cultivadora. Estas p\u00faas son responsables de triturar el suelo, lo que convierte al eje de la TDF en una parte integral de las tareas de preparaci\u00f3n y cultivo del terreno.<\/p>\n<h3>Componentes de un eje de toma de fuerza<\/h3>\n<p>Un eje de toma de fuerza t\u00edpico se compone de varias partes clave:<\/p>\n<ul>\n<li>Yugo de entrada: se conecta al eje de salida de la toma de fuerza del tractor y transmite potencia desde el motor del tractor al eje de la toma de fuerza.<\/li>\n<li>Eje de transmisi\u00f3n: El componente central del eje de la toma de fuerza, el eje de transmisi\u00f3n transmite potencia rotacional desde el yugo de entrada al yugo de salida.<\/li>\n<li>Yugo de salida: El yugo de salida conecta el eje de la toma de fuerza a la caja de engranajes del cultivador rotatorio, transfiriendo la potencia mec\u00e1nica a la caja de engranajes, que luego impulsa las p\u00faas para labrar.<\/li>\n<\/ul>\n<h3>Funci\u00f3n e importancia<\/h3>\n<p>El eje de la toma de fuerza permite un control eficiente y preciso del rendimiento del cultivador rotativo, en particular la velocidad y la direcci\u00f3n de las p\u00faas. Esto permite al operador ajustar el funcionamiento del cultivador seg\u00fan las condiciones del suelo y la profundidad de labranza requerida. El eje de la toma de fuerza tambi\u00e9n ayuda a maximizar la eficiencia del combustible, asegurando que la potencia se transmita eficazmente del motor del tractor a la caja de cambios del cultivador, reduciendo as\u00ed la p\u00e9rdida de energ\u00eda.<\/p>\n<h3>F\u00e1cil conexi\u00f3n y desconexi\u00f3n<\/h3>\n<p>Una de las principales ventajas del card\u00e1n es su f\u00e1cil montaje y desmontaje. Est\u00e1 dise\u00f1ado para conectarse y desconectarse r\u00e1pidamente entre el tractor y la caja de cambios del cultivador rotativo, lo que facilita a los operadores cambiar entre diferentes implementos o realizar tareas de mantenimiento.<\/p>\n<h3>Mantenimiento y seguridad<\/h3>\n<p>El mantenimiento y los ajustes adecuados son cruciales para garantizar el rendimiento \u00f3ptimo y la seguridad del card\u00e1n. Se deben realizar inspecciones peri\u00f3dicas para comprobar el desgaste, especialmente en las horquillas y el eje de transmisi\u00f3n. Una lubricaci\u00f3n y alineaci\u00f3n adecuadas son esenciales para evitar fricciones innecesarias, sobrecalentamiento y posibles aver\u00edas. Es importante asegurarse de que el card\u00e1n est\u00e9 bien fijado tanto al tractor como a la caja de cambios para evitar accidentes, ya que una instalaci\u00f3n incorrecta puede provocar da\u00f1os o incluso lesiones.<\/p>\n<p><img loading=\"lazy\" decoding=\"async\" class=\"alignnone size-full wp-image-2088\" src=\"https:\/\/fmp-components.com\/wp-content\/uploads\/2024\/12\/Agricultural-Gearbox-and-PTO-Drive-Shaft1.webp\" alt=\"Caja de cambios agr\u00edcola y eje de transmisi\u00f3n de la TDF\" width=\"1200\" height=\"540\" title=\"\" srcset=\"https:\/\/fmp-components.com\/wp-content\/uploads\/2024\/12\/Agricultural-Gearbox-and-PTO-Drive-Shaft1.webp 1200w, https:\/\/fmp-components.com\/wp-content\/uploads\/2024\/12\/Agricultural-Gearbox-and-PTO-Drive-Shaft1-980x441.webp 980w, https:\/\/fmp-components.com\/wp-content\/uploads\/2024\/12\/Agricultural-Gearbox-and-PTO-Drive-Shaft1-480x216.webp 480w\" sizes=\"(min-width: 0px) and (max-width: 480px) 480px, (min-width: 481px) and (max-width: 980px) 980px, (min-width: 981px) 1200px, 100vw\" \/><\/p>\n<h3>Ejes de toma de fuerza FMP<\/h3>\n<p>En FMP, ofrecemos una amplia gama de cardanes dise\u00f1ados espec\u00edficamente para cajas de engranajes de motocultores. Nuestros cardanes est\u00e1n dise\u00f1ados para ofrecer durabilidad, facilidad de uso y una transmisi\u00f3n de potencia \u00f3ptima. Tanto si busca un card\u00e1n est\u00e1ndar como una soluci\u00f3n personalizada para su equipo, FMP ofrece cardanes de alta calidad que satisfacen las necesidades de la maquinaria agr\u00edcola. Nuestros productos est\u00e1n dise\u00f1ados para soportar las duras condiciones de las operaciones agr\u00edcolas, ofreciendo un rendimiento fiable y duradero.<\/p>\n<p>Los ejes de toma de fuerza de FMP son compatibles con diversas cajas de engranajes de cultivadores rotativos y otros equipos agr\u00edcolas, lo que proporciona flexibilidad para diversas aplicaciones. Nos comprometemos a ofrecer productos que no solo cumplen, sino que superan los est\u00e1ndares de la industria, garantizando as\u00ed el \u00f3ptimo rendimiento de su equipo durante muchos a\u00f1os.<\/p>\n<p>El eje de la TDF es un componente esencial para la transferencia eficiente de potencia entre el tractor y la caja de cambios de una cultivadora rotativa. Al garantizar la selecci\u00f3n, el mantenimiento y el funcionamiento adecuados de su eje de la TDF, puede maximizar el rendimiento y la vida \u00fatil de su equipo. FMP ofrece una amplia gama de ejes de la TDF de alta calidad para satisfacer las necesidades de la agricultura moderna, ayud\u00e1ndole a lograr una labranza fiable y precisa en cada uso.<\/p>\n<h3>Acerca de FMP<\/h3>\n<p>Con sede en Italia, FMP es un fabricante l\u00edder reconocido por su experiencia en el dise\u00f1o, desarrollo y producci\u00f3n de cajas de engranajes de alto rendimiento, principalmente para el sector de la maquinaria agr\u00edcola. Con una s\u00f3lida reputaci\u00f3n en ingenier\u00eda de precisi\u00f3n, innovaci\u00f3n y fiabilidad constante, FMP se ha convertido en un socio de confianza para satisfacer las cambiantes demandas de los mercados agr\u00edcola e industrial. Nuestra completa cartera de productos incluye cajas de engranajes especializadas para cortac\u00e9spedes, cardanes y otros componentes esenciales, todos dise\u00f1ados para ofrecer soluciones eficaces en una amplia gama de aplicaciones.<\/p>\n<p>En FMP, reconocemos que cada cliente tiene necesidades y desaf\u00edos \u00fanicos. Por eso nos especializamos en brindar soluciones personalizadas, ya sea que necesite componentes individuales o sistemas totalmente integrados. Adoptamos un enfoque colaborativo, trabajando en estrecha colaboraci\u00f3n con nuestros clientes para garantizar que cada soluci\u00f3n sea eficaz y eficiente. Nuestro compromiso con respuestas r\u00e1pidas y profesionales, y asesoramiento experto, garantiza que cada consulta se atienda con el m\u00e1ximo cuidado y precisi\u00f3n.<\/p>\n<p>Priorizamos la comunicaci\u00f3n abierta y continua, especialmente en el desarrollo de nuevos productos. Nuestro equipo dedicado trabaja en estrecha colaboraci\u00f3n con nuestros clientes para comprender plenamente sus necesidades y ofrecer informaci\u00f3n pr\u00e1ctica que conduzca a las soluciones m\u00e1s eficaces. Ya sea que dise\u00f1emos productos innovadores o atendamos pedidos en curso, en FMP nos comprometemos a proporcionar soluciones de alta calidad y precisi\u00f3n, siempre a tiempo.<\/p>\n<p>La calidad es la base de las operaciones de FMP. Cumplimos con los m\u00e1s altos est\u00e1ndares de fabricaci\u00f3n e implementamos rigurosos controles de calidad para garantizar que cada producto cumpla o supere las expectativas de la industria. Nuestro firme compromiso con la calidad, sumado a nuestros valores fundamentales de integridad, trabajo en equipo y perseverancia, nos ha ayudado a forjar relaciones duraderas con clientes en casi 30 pa\u00edses.<\/p>\n<p>En FMP, nos esforzamos constantemente por establecer alianzas globales y nos dedicamos a ofrecer asesoramiento experto y soluciones a medida para satisfacer las diversas necesidades de nuestros clientes. Nuestro enfoque va m\u00e1s all\u00e1 de la simple entrega de productos; nos centramos en construir relaciones duraderas que contribuyan al \u00e9xito de cada proyecto. Ya sea que necesite soluciones innovadoras para una nueva empresa o soporte continuo para un sistema existente, en FMP estamos aqu\u00ed para abordar sus desaf\u00edos t\u00e9cnicos y ayudarle a garantizar su \u00e9xito continuo.<\/p>\n<p><img loading=\"lazy\" decoding=\"async\" class=\"alignnone size-full wp-image-1861\" src=\"https:\/\/fmp-components.com\/wp-content\/uploads\/2024\/12\/Other-Agricultural-Gearboxes.webp\" sizes=\"(min-width: 0px) and (max-width: 480px) 480px, (min-width: 481px) and (max-width: 980px) 980px, (min-width: 981px) 1200px, 100vw\" srcset=\"https:\/\/fmp-components.com\/wp-content\/uploads\/2024\/12\/Other-Agricultural-Gearboxes.webp 1200w, https:\/\/fmp-components.com\/wp-content\/uploads\/2024\/12\/Other-Agricultural-Gearboxes-980x1143.webp 980w, https:\/\/fmp-components.com\/wp-content\/uploads\/2024\/12\/Other-Agricultural-Gearboxes-480x560.webp 480w\" alt=\"Otros cambios agr\u00edcolas\" width=\"1200\" height=\"1400\" title=\"\"><\/p>\n<p>Autor: CX<\/p>","protected":false},"excerpt":{"rendered":"<p>Rotary Tiller Gearbox TB-19J Details i 1.46 N1[rpm] 540 P1[kW] 16.9 M2[Nm] 423 Shaft X\u00a0 \u00a0 \u00a0 \u00a0 \u00a0 \u00a0 \u00a0 \u00a0 \u00a0 \u00a0 \u00a0 \u00a0 \u00a0 \u00a0 \u00a0 \u00a0 \u00a0 \u00a0 30 Shaft Z\u00a0 \u00a0 \u00a0 \u00a0 \u00a0 \u00a0 \u00a0 \u00a0 \u00a0 \u00a0 \u00a0 \u00a0 \u00a0 \u00a0 \u00a0 \u00a0 \u00a0 \u00a0 1&#8221; 3\/8 Z6 [&hellip;]<\/p>","protected":false},"featured_media":2089,"comment_status":"open","ping_status":"closed","template":"","meta":{"_et_pb_use_builder":"","_et_pb_old_content":"","_et_gb_content_width":""},"product_brand":[],"product_cat":[53],"product_tag":[],"class_list":{"0":"post-2084","1":"product","2":"type-product","3":"status-publish","4":"has-post-thumbnail","6":"product_cat-rotary-tiller-gearbox","8":"first","9":"instock","10":"shipping-taxable","11":"product-type-simple"},"_links":{"self":[{"href":"https:\/\/fmp-components.com\/es\/wp-json\/wp\/v2\/product\/2084","targetHints":{"allow":["GET"]}}],"collection":[{"href":"https:\/\/fmp-components.com\/es\/wp-json\/wp\/v2\/product"}],"about":[{"href":"https:\/\/fmp-components.com\/es\/wp-json\/wp\/v2\/types\/product"}],"replies":[{"embeddable":true,"href":"https:\/\/fmp-components.com\/es\/wp-json\/wp\/v2\/comments?post=2084"}],"wp:featuredmedia":[{"embeddable":true,"href":"https:\/\/fmp-components.com\/es\/wp-json\/wp\/v2\/media\/2089"}],"wp:attachment":[{"href":"https:\/\/fmp-components.com\/es\/wp-json\/wp\/v2\/media?parent=2084"}],"wp:term":[{"taxonomy":"product_brand","embeddable":true,"href":"https:\/\/fmp-components.com\/es\/wp-json\/wp\/v2\/product_brand?post=2084"},{"taxonomy":"product_cat","embeddable":true,"href":"https:\/\/fmp-components.com\/es\/wp-json\/wp\/v2\/product_cat?post=2084"},{"taxonomy":"product_tag","embeddable":true,"href":"https:\/\/fmp-components.com\/es\/wp-json\/wp\/v2\/product_tag?post=2084"}],"curies":[{"name":"gracias","href":"https:\/\/api.w.org\/{rel}","templated":true}]}}