{"id":2035,"date":"2024-12-30T00:46:25","date_gmt":"2024-12-30T00:46:25","guid":{"rendered":"https:\/\/fmp-components.com\/?page_id=8"},"modified":"2024-12-30T00:57:51","modified_gmt":"2024-12-30T00:57:51","slug":"agricultural-lawn-mower-gearbox-fmp-55","status":"publish","type":"product","link":"https:\/\/fmp-components.com\/es\/product\/agricultural-lawn-mower-gearbox-fmp-55\/","title":{"rendered":"Caja de engranajes para cortac\u00e9sped agr\u00edcola FMP-55"},"content":{"rendered":"<h2>Caracter\u00edsticas de la caja de cambios para cortac\u00e9sped agr\u00edcola FMP-55<\/h2>\n<p>La caja de engranajes para cortac\u00e9sped agr\u00edcola FMP-55 est\u00e1 dise\u00f1ada para ofrecer alto rendimiento, durabilidad y fiabilidad, y est\u00e1 dise\u00f1ada para satisfacer las exigentes necesidades de las aplicaciones de corte de c\u00e9sped agr\u00edcola. Dise\u00f1ada para uso intensivo, la FMP-55 garantiza un funcionamiento suave, una larga vida \u00fatil y una transmisi\u00f3n de potencia eficiente. Entre sus caracter\u00edsticas principales se incluyen:<\/p>\n<ol>\n<li><strong>Construcci\u00f3n de alta resistencia<\/strong><br \/>\nEl FMP-55 est\u00e1 fabricado con materiales de alta resistencia, lo que lo hace ideal para condiciones agr\u00edcolas exigentes. Su robusta construcci\u00f3n garantiza una excelente resistencia al desgaste, los impactos y las tensiones operativas extremas.<\/li>\n<li><strong>Alta capacidad de par<\/strong><br \/>\nEsta caja de cambios est\u00e1 dise\u00f1ada para manejar un alto par motor, lo que la hace ideal para tareas de corte exigentes, como trabajar en c\u00e9sped denso, maleza espesa y terrenos irregulares. El FMP-55 garantiza una transferencia eficiente de potencia del motor a las cuchillas.<\/li>\n<li><strong>Ingenier\u00eda de precisi\u00f3n<\/strong><br \/>\nLa caja de cambios FMP-55 cuenta con engranajes mecanizados con precisi\u00f3n que garantizan una transferencia de potencia fluida, minimizando la vibraci\u00f3n y el desgaste. Esta ingenier\u00eda de precisi\u00f3n mejora el rendimiento general, la eficiencia operativa y la vida \u00fatil de la caja de cambios.<\/li>\n<li><strong>Transmisi\u00f3n de potencia eficiente<\/strong><br \/>\nDise\u00f1ado para una m\u00e1xima eficiencia energ\u00e9tica, el FMP-55 reduce la p\u00e9rdida de energ\u00eda durante la transmisi\u00f3n. Esto mejora el ahorro de combustible, reduce la carga del motor y garantiza un rendimiento \u00f3ptimo durante largas sesiones de corte.<\/li>\n<li><strong>Compacto y ligero<\/strong><br \/>\nA pesar de sus caracter\u00edsticas de alta resistencia, la FMP-55 est\u00e1 dise\u00f1ada para ser compacta y ligera. Esto reduce el peso total de la cortadora, mejora su maniobrabilidad y facilita su instalaci\u00f3n y operaci\u00f3n.<\/li>\n<li><strong>Requisitos de bajo mantenimiento<\/strong><br \/>\nLa caja de engranajes FMP-55 requiere un mantenimiento m\u00ednimo gracias a sus componentes autolubricantes y sellos duraderos. Esto reduce la frecuencia de mantenimiento y garantiza un funcionamiento continuo, lo que reduce los costos generales de mantenimiento.<\/li>\n<\/ol>\n<p>La caja de engranajes para cortac\u00e9sped agr\u00edcola FMP-55 es una soluci\u00f3n robusta, fiable y eficiente para diversas aplicaciones de corte. Dise\u00f1ada para soportar cargas pesadas, reducir el mantenimiento y proporcionar una transmisi\u00f3n de potencia suave, es la opci\u00f3n ideal para profesionales agr\u00edcolas que buscan cajas de engranajes de alto rendimiento que soporten condiciones exigentes.<\/p>\n<h2>Especificaci\u00f3n<\/h2>\n<table style=\"width: 96.2203%; height: 596px;\" border=\"1\" width=\"100%\" cellspacing=\"0\" cellpadding=\"0\">\n<tbody>\n<tr>\n<td width=\"110\"><img loading=\"lazy\" decoding=\"async\" class=\"alignnone size-full wp-image-2037\" src=\"https:\/\/fmp-components.com\/wp-content\/uploads\/2024\/12\/fmp_agricultural-gearbox-HC-55-2.webp\" alt=\"fmp_caja de cambios agr\u00edcola-HC-55\" width=\"400\" height=\"486\" title=\"\" srcset=\"https:\/\/fmp-components.com\/wp-content\/uploads\/2024\/12\/fmp_agricultural-gearbox-HC-55-2.webp 400w, https:\/\/fmp-components.com\/wp-content\/uploads\/2024\/12\/fmp_agricultural-gearbox-HC-55-2-247x300.webp 247w, https:\/\/fmp-components.com\/wp-content\/uploads\/2024\/12\/fmp_agricultural-gearbox-HC-55-2-10x12.webp 10w\" sizes=\"(max-width: 400px) 100vw, 400px\" \/><\/td>\n<td width=\"98\"><img loading=\"lazy\" decoding=\"async\" class=\"alignnone size-full wp-image-2036\" src=\"https:\/\/fmp-components.com\/wp-content\/uploads\/2024\/12\/Agricultural-Lawn-Mower-Gearbox-FMP-55.webp\" alt=\"Caja de engranajes para cortac\u00e9sped agr\u00edcola FMP-55\" width=\"500\" height=\"500\" title=\"\" srcset=\"https:\/\/fmp-components.com\/wp-content\/uploads\/2024\/12\/Agricultural-Lawn-Mower-Gearbox-FMP-55.webp 500w, https:\/\/fmp-components.com\/wp-content\/uploads\/2024\/12\/Agricultural-Lawn-Mower-Gearbox-FMP-55-480x480.webp 480w\" sizes=\"(min-width: 0px) and (max-width: 480px) 480px, (min-width: 481px) 500px, 100vw\" \/><\/td>\n<\/tr>\n<\/tbody>\n<\/table>\n<table style=\"width: 100%;\" border=\"1\" width=\"100%\" cellspacing=\"0\" cellpadding=\"0\">\n<tbody>\n<tr>\n<th>Art\u00edculo<\/th>\n<td>FMP-55<\/td>\n<\/tr>\n<tr>\n<th>Relaci\u00f3n<\/th>\n<td>1:1.6<\/td>\n<\/tr>\n<tr>\n<th>Dientes<\/th>\n<td>15\/24<\/td>\n<\/tr>\n<tr>\n<th>M\u00f3dulo<\/th>\n<td>6.0<\/td>\n<\/tr>\n<tr>\n<th>Potencia (HP)<\/th>\n<td>50<\/td>\n<\/tr>\n<tr>\n<th>Entrada nominal<\/th>\n<td>540 rpm<\/td>\n<\/tr>\n<tr>\n<th>Descripci\u00f3n de entrada\/salida<\/th>\n<td>1-3\/8 Z6, Eje estriado adecuado con base c\u00f3nica<\/td>\n<\/tr>\n<tr>\n<th>Peso (NW)<\/th>\n<td>28,7 kilogramos<\/td>\n<\/tr>\n<tr>\n<th>Material<\/th>\n<td>\u2013 HT250 para vivienda<br \/>\n\u2013 20CrMnTi para eje de engranaje<br \/>\n\u2013 Aluminio para placa<\/td>\n<\/tr>\n<\/tbody>\n<\/table>\n<h3>Tambi\u00e9n suministramos ejes PTO<\/h3>\n<p>FMP, fabricante y f\u00e1brica de cardanes de alta calidad con sede en China, se compromete a ofrecer cardanes de alta calidad dise\u00f1ados para un rendimiento y durabilidad \u00f3ptimos. Ofrecemos una amplia gama de cardanes, cada uno dise\u00f1ado para satisfacer las diversas necesidades de la maquinaria agr\u00edcola e industrial. Nuestros cardanes vienen con rodamientos de diferentes di\u00e1metros, lo que garantiza su compatibilidad con diversos equipos y aplicaciones.<\/p>\n<p>Ya sea que necesite un eje de toma de fuerza con junta universal para su caja de cambios agr\u00edcola, segadora rotativa u otra maquinaria agr\u00edcola, FMP ofrece soluciones personalizadas para satisfacer sus necesidades espec\u00edficas. Gracias a nuestra experiencia en ingenier\u00eda de precisi\u00f3n y a\u00f1os de experiencia, garantizamos productos confiables, duraderos y fabricados para durar.<\/p>\n<p>Nuestro equipo se dedica a brindar un servicio r\u00e1pido y eficiente, garantizando que sus consultas reciban asesoramiento experto y soluciones oportunas. Si busca un card\u00e1n de alto rendimiento que soporte las exigencias de su maquinaria, no dude en contactarnos hoy mismo. \u00a1Deje que FMP sea su socio de confianza para todas sus necesidades de card\u00e1n!<\/p>\n<p><img loading=\"lazy\" decoding=\"async\" class=\"alignnone size-full wp-image-2010\" src=\"https:\/\/fmp-components.com\/wp-content\/uploads\/2024\/12\/Agricultural-Lawnmower-Gearbox-Precautions-for-Use1.webp\" alt=\"Caja de cambios de la cortadora de c\u00e9sped\" width=\"1202\" height=\"665\" title=\"\" srcset=\"https:\/\/fmp-components.com\/wp-content\/uploads\/2024\/12\/Agricultural-Lawnmower-Gearbox-Precautions-for-Use1.webp 1202w, https:\/\/fmp-components.com\/wp-content\/uploads\/2024\/12\/Agricultural-Lawnmower-Gearbox-Precautions-for-Use1-980x542.webp 980w, https:\/\/fmp-components.com\/wp-content\/uploads\/2024\/12\/Agricultural-Lawnmower-Gearbox-Precautions-for-Use1-480x266.webp 480w\" sizes=\"(min-width: 0px) and (max-width: 480px) 480px, (min-width: 481px) and (max-width: 980px) 980px, (min-width: 981px) 1202px, 100vw\" \/><\/p>\n<h3>Acerca de FMP<\/h3>\n<p>Con sede en Italia, FMP es un fabricante l\u00edder reconocido por su experiencia en el dise\u00f1o, desarrollo y producci\u00f3n de cajas de engranajes de alto rendimiento, principalmente para el sector de la maquinaria agr\u00edcola. Con un fuerte enfoque en la ingenier\u00eda de precisi\u00f3n, la innovaci\u00f3n y la fiabilidad, FMP se ha forjado una reputaci\u00f3n por ofrecer productos de alta calidad que satisfacen las cambiantes necesidades de los sectores agr\u00edcola e industrial. Nuestra cartera de productos incluye cajas de engranajes especializadas para cortac\u00e9spedes, ejes de toma de fuerza y \u200b\u200buna variedad de componentes clave, todos dise\u00f1ados para ofrecer soluciones a medida para una amplia gama de aplicaciones.<\/p>\n<p>En FMP, comprendemos que cada cliente tiene necesidades \u00fanicas. Por eso nos especializamos en brindar soluciones personalizadas, ya sean componentes individuales o sistemas totalmente integrados. Adoptamos un enfoque colaborativo, trabajando en estrecha colaboraci\u00f3n con nuestros clientes para garantizar que cada soluci\u00f3n sea no solo efectiva, sino tambi\u00e9n eficiente. Nuestro compromiso con respuestas r\u00e1pidas y profesionales, y nuestra asesor\u00eda experta, garantiza que cada consulta se gestione con el m\u00e1ximo cuidado y precisi\u00f3n.<\/p>\n<p>Ponemos gran \u00e9nfasis en la comunicaci\u00f3n abierta y continua, especialmente en el desarrollo de productos. Nuestro equipo trabaja directamente con los clientes para comprender sus desaf\u00edos espec\u00edficos y ofrecer informaci\u00f3n pr\u00e1ctica que conduzca a soluciones \u00f3ptimas. Ya sea que dise\u00f1emos productos innovadores o atendamos pedidos en curso, nos dedicamos a entregar soluciones de alta calidad y precisi\u00f3n, siempre a tiempo.<\/p>\n<p>La calidad es la base de todo lo que hacemos en FMP. Nos adherimos a los m\u00e1s altos est\u00e1ndares de fabricaci\u00f3n e implementamos rigurosos procesos de control de calidad para garantizar que cada producto cumpla o supere las expectativas de la industria. Nuestro compromiso con la calidad, sumado a nuestros valores de integridad, trabajo en equipo y perseverancia, nos ha ayudado a forjar relaciones duraderas con clientes en casi 30 pa\u00edses de todo el mundo.<\/p>\n<p>FMP siempre est\u00e1 abierto a colaboraciones globales y se compromete a brindar asesoramiento experto y soluciones personalizadas para satisfacer las diversas necesidades de nuestros clientes. Vamos m\u00e1s all\u00e1 del simple suministro de productos: nos centramos en cultivar relaciones a largo plazo, garantizando el \u00e9xito de cada proyecto. Ya sea que busque soluciones innovadoras para una nueva iniciativa o necesite soporte para un sistema existente, en FMP nos dedicamos a abordar sus desaf\u00edos t\u00e9cnicos y a ayudarle a alcanzar el \u00e9xito continuo.<\/p>\n<p><img loading=\"lazy\" decoding=\"async\" class=\"alignnone size-full wp-image-1861\" src=\"https:\/\/fmp-components.com\/wp-content\/uploads\/2024\/12\/Other-Agricultural-Gearboxes.webp\" sizes=\"(min-width: 0px) and (max-width: 480px) 480px, (min-width: 481px) and (max-width: 980px) 980px, (min-width: 981px) 1200px, 100vw\" srcset=\"https:\/\/fmp-components.com\/wp-content\/uploads\/2024\/12\/Other-Agricultural-Gearboxes.webp 1200w, https:\/\/fmp-components.com\/wp-content\/uploads\/2024\/12\/Other-Agricultural-Gearboxes-980x1143.webp 980w, https:\/\/fmp-components.com\/wp-content\/uploads\/2024\/12\/Other-Agricultural-Gearboxes-480x560.webp 480w\" alt=\"Otros cambios agr\u00edcolas\" width=\"1200\" height=\"1400\" title=\"\"><\/p>\n<p>Autor: CX<\/p>","protected":false},"excerpt":{"rendered":"<p>Features of Agricultural Lawn Mower Gearbox FMP-55 The FMP-55 Agricultural Lawn Mower Gearbox is engineered for high performance, durability, and reliability, designed to meet the demanding requirements of agricultural lawn mowing applications. Built for heavy-duty use, the FMP-55 ensures smooth operation, long-lasting service, and efficient power transmission. Key features of the FMP-55 include: Heavy-Duty Construction [&hellip;]<\/p>","protected":false},"featured_media":2036,"comment_status":"open","ping_status":"closed","template":"","meta":{"_et_pb_use_builder":"","_et_pb_old_content":"","_et_gb_content_width":""},"product_brand":[],"product_cat":[52],"product_tag":[],"class_list":{"0":"post-2035","1":"product","2":"type-product","3":"status-publish","4":"has-post-thumbnail","6":"product_cat-lawn-mower-gearbox","8":"first","9":"instock","10":"shipping-taxable","11":"product-type-simple"},"_links":{"self":[{"href":"https:\/\/fmp-components.com\/es\/wp-json\/wp\/v2\/product\/2035","targetHints":{"allow":["GET"]}}],"collection":[{"href":"https:\/\/fmp-components.com\/es\/wp-json\/wp\/v2\/product"}],"about":[{"href":"https:\/\/fmp-components.com\/es\/wp-json\/wp\/v2\/types\/product"}],"replies":[{"embeddable":true,"href":"https:\/\/fmp-components.com\/es\/wp-json\/wp\/v2\/comments?post=2035"}],"wp:featuredmedia":[{"embeddable":true,"href":"https:\/\/fmp-components.com\/es\/wp-json\/wp\/v2\/media\/2036"}],"wp:attachment":[{"href":"https:\/\/fmp-components.com\/es\/wp-json\/wp\/v2\/media?parent=2035"}],"wp:term":[{"taxonomy":"product_brand","embeddable":true,"href":"https:\/\/fmp-components.com\/es\/wp-json\/wp\/v2\/product_brand?post=2035"},{"taxonomy":"product_cat","embeddable":true,"href":"https:\/\/fmp-components.com\/es\/wp-json\/wp\/v2\/product_cat?post=2035"},{"taxonomy":"product_tag","embeddable":true,"href":"https:\/\/fmp-components.com\/es\/wp-json\/wp\/v2\/product_tag?post=2035"}],"curies":[{"name":"gracias","href":"https:\/\/api.w.org\/{rel}","templated":true}]}}