{"id":2031,"date":"2024-12-27T01:51:37","date_gmt":"2024-12-27T01:51:37","guid":{"rendered":"https:\/\/fmp-components.com\/?page_id=8"},"modified":"2024-12-27T01:51:37","modified_gmt":"2024-12-27T01:51:37","slug":"agricultural-lawn-mower-gearbox-fmp-rc81","status":"publish","type":"product","link":"https:\/\/fmp-components.com\/es\/product\/agricultural-lawn-mower-gearbox-fmp-rc81\/","title":{"rendered":"Caja de engranajes para cortac\u00e9sped agr\u00edcola FMP-RC81"},"content":{"rendered":"<h2>Especificaciones de la caja de cambios para cortac\u00e9sped agr\u00edcola FMP-RC81<\/h2>\n<table style=\"width: 96.2203%; height: 596px;\" border=\"1\" width=\"100%\" cellspacing=\"0\" cellpadding=\"0\">\n<tbody>\n<tr>\n<td width=\"110\"><img loading=\"lazy\" decoding=\"async\" class=\"alignnone size-full wp-image-2033\" src=\"https:\/\/fmp-components.com\/wp-content\/uploads\/2024\/12\/fmp_agricultural-gearbox-HC-RC81-2.webp\" alt=\"fmp_caja de cambios agr\u00edcola-HC-RC81-2\" width=\"399\" height=\"518\" title=\"\" srcset=\"https:\/\/fmp-components.com\/wp-content\/uploads\/2024\/12\/fmp_agricultural-gearbox-HC-RC81-2.webp 399w, https:\/\/fmp-components.com\/wp-content\/uploads\/2024\/12\/fmp_agricultural-gearbox-HC-RC81-2-231x300.webp 231w, https:\/\/fmp-components.com\/wp-content\/uploads\/2024\/12\/fmp_agricultural-gearbox-HC-RC81-2-9x12.webp 9w\" sizes=\"(max-width: 399px) 100vw, 399px\" \/><\/td>\n<td width=\"98\"><img loading=\"lazy\" decoding=\"async\" class=\"alignnone size-full wp-image-2034\" src=\"https:\/\/fmp-components.com\/wp-content\/uploads\/2024\/12\/fmp_agricultural-gearbox-HC-RC81.webp\" alt=\"fmp_caja de cambios agr\u00edcola-HC-RC81-2\" width=\"400\" height=\"400\" title=\"\" srcset=\"https:\/\/fmp-components.com\/wp-content\/uploads\/2024\/12\/fmp_agricultural-gearbox-HC-RC81.webp 400w, https:\/\/fmp-components.com\/wp-content\/uploads\/2024\/12\/fmp_agricultural-gearbox-HC-RC81-300x300.webp 300w, https:\/\/fmp-components.com\/wp-content\/uploads\/2024\/12\/fmp_agricultural-gearbox-HC-RC81-150x150.webp 150w, https:\/\/fmp-components.com\/wp-content\/uploads\/2024\/12\/fmp_agricultural-gearbox-HC-RC81-12x12.webp 12w, https:\/\/fmp-components.com\/wp-content\/uploads\/2024\/12\/fmp_agricultural-gearbox-HC-RC81-100x100.webp 100w\" sizes=\"(max-width: 400px) 100vw, 400px\" \/><\/td>\n<\/tr>\n<\/tbody>\n<\/table>\n<table style=\"width: 95.6387%; height: 235px;\" border=\"1\">\n<tbody>\n<tr>\n<td><strong>ART\u00cdCULO<\/strong><\/td>\n<td>FMP-RC81<\/td>\n<\/tr>\n<tr>\n<td><strong>Relaci\u00f3n<\/strong><\/td>\n<td>1:1.93\/1:1.46<\/td>\n<\/tr>\n<tr>\n<td><strong>Dientes<\/strong><\/td>\n<td>27\/14 19\/13<\/td>\n<\/tr>\n<tr>\n<td><strong>M\u00f3dulo<\/strong><\/td>\n<td>5.5 \/ 7.0<\/td>\n<\/tr>\n<tr>\n<td><strong>Potencia (HP)<\/strong><\/td>\n<td>80<\/td>\n<\/tr>\n<tr>\n<td><strong>Entrada nominal<\/strong><\/td>\n<td>600 rpm<\/td>\n<\/tr>\n<tr>\n<td><strong>Descripci\u00f3n de entrada\/salida<\/strong><\/td>\n<td>Estr\u00eda c\u00f3nica Z6 de 1-3\/8\"<\/td>\n<\/tr>\n<tr>\n<td><strong>Peso (NW)<\/strong><\/td>\n<td>28,7 kg<\/td>\n<\/tr>\n<\/tbody>\n<\/table>\n<h3>Caracter\u00edsticas de la caja de cambios para cortac\u00e9sped agr\u00edcola FMP-RC81<\/h3>\n<p>La caja de cambios para cortac\u00e9sped agr\u00edcola FMP-RC81 es una caja de cambios de alto rendimiento y gran resistencia, dise\u00f1ada para ofrecer una fiabilidad, eficiencia y durabilidad excepcionales en las aplicaciones de corte de c\u00e9sped m\u00e1s exigentes. Est\u00e1 construida para soportar las condiciones m\u00e1s duras y proporcionar un servicio prolongado. Las caracter\u00edsticas principales de la FMP-RC81 incluyen:<\/p>\n<ol>\n<li><strong>Dise\u00f1o resistente<\/strong><br \/>\nLa FMP-RC81 est\u00e1 fabricada con materiales robustos y de alta resistencia para soportar las exigencias del corte de c\u00e9sped agr\u00edcola. Su dise\u00f1o resistente garantiza un rendimiento superior en entornos dif\u00edciles, desde hierba espesa hasta terrenos irregulares.<\/li>\n<li><strong>Alta capacidad de par<\/strong><br \/>\nGracias a su excepcional capacidad de manejo de torque, el FMP-RC81 es ideal para aplicaciones de alta exigencia. Garantiza una transmisi\u00f3n de potencia eficiente incluso en las condiciones m\u00e1s extremas, lo que permite que la segadora rinda al m\u00e1ximo, incluso en c\u00e9sped denso o en terrenos inclinados.<\/li>\n<li><strong>Engranajes mecanizados de precisi\u00f3n<\/strong><br \/>\nEquipado con engranajes de ingenier\u00eda de precisi\u00f3n, el FMP-RC81 garantiza una transmisi\u00f3n de potencia suave y eficiente con m\u00ednimas vibraciones. Esta precisi\u00f3n reduce el desgaste, prolongando su vida \u00fatil y disminuyendo los costos de mantenimiento.<\/li>\n<li><strong>Eficiencia energ\u00e9tica optimizada<\/strong><br \/>\nLa FMP-RC81 cuenta con un dise\u00f1o de engranajes optimizado que minimiza la p\u00e9rdida de potencia, mejorando la eficiencia general de la segadora. Esto reduce la carga sobre el motor, mejorando el consumo de combustible y asegurando que la potencia se utilice eficazmente para un \u00f3ptimo rendimiento de corte.<\/li>\n<li><strong>Compacto y ligero<\/strong><br \/>\nA pesar de su robustez, el FMP-RC81 est\u00e1 dise\u00f1ado para ser compacto y ligero. Esto facilita su integraci\u00f3n en diversos sistemas de cortac\u00e9sped sin a\u00f1adir peso excesivo, lo que contribuye a una mejor maniobrabilidad y reduce el esfuerzo del equipo.<\/li>\n<li><strong>Dise\u00f1o de bajo mantenimiento<\/strong><br \/>\nLa caja de cambios FMP-RC81 est\u00e1 dise\u00f1ada para requerir un mantenimiento m\u00ednimo, con componentes autolubricantes que reducen la necesidad de revisiones frecuentes. Este dise\u00f1o garantiza un funcionamiento continuo con tiempos de inactividad y costes de mantenimiento reducidos.<\/li>\n<li><strong>Vers\u00e1til y adaptable<\/strong><br \/>\nEl FMP-RC81 es muy vers\u00e1til y compatible con una amplia gama de cortac\u00e9spedes utilizados en agricultura y jardiner\u00eda. Se puede personalizar para adaptarse a requisitos espec\u00edficos, lo que garantiza un rendimiento \u00f3ptimo en diferentes configuraciones de cortac\u00e9sped.<\/li>\n<\/ol>\n<p>La caja de cambios para cortac\u00e9sped agr\u00edcola FMP-RC81 combina resistencia, eficiencia y fiabilidad, lo que la convierte en una excelente opci\u00f3n para aplicaciones de siega agr\u00edcola e industrial. Dise\u00f1ada para soportar cargas pesadas, reducir el mantenimiento y ofrecer una transmisi\u00f3n de potencia fluida, est\u00e1 construida para maximizar la eficiencia operativa y minimizar el tiempo de inactividad.<\/p>\n<p><img loading=\"lazy\" decoding=\"async\" class=\"alignnone size-full wp-image-1994\" src=\"https:\/\/fmp-components.com\/wp-content\/uploads\/2024\/12\/Lawn-Mower-Gearbox-7.webp\" alt=\"Caja de cambios de la cortadora de c\u00e9sped\" width=\"1502\" height=\"805\" title=\"\" srcset=\"https:\/\/fmp-components.com\/wp-content\/uploads\/2024\/12\/Lawn-Mower-Gearbox-7.webp 1502w, https:\/\/fmp-components.com\/wp-content\/uploads\/2024\/12\/Lawn-Mower-Gearbox-7-1280x686.webp 1280w, https:\/\/fmp-components.com\/wp-content\/uploads\/2024\/12\/Lawn-Mower-Gearbox-7-980x525.webp 980w, https:\/\/fmp-components.com\/wp-content\/uploads\/2024\/12\/Lawn-Mower-Gearbox-7-480x257.webp 480w\" sizes=\"(min-width: 0px) and (max-width: 480px) 480px, (min-width: 481px) and (max-width: 980px) 980px, (min-width: 981px) and (max-width: 1280px) 1280px, (min-width: 1281px) 1502px, 100vw\" \/><\/p>\n<h3>Acerca de FMP<\/h3>\n<p>FMP, con sede en Italia, es un fabricante l\u00edder especializado en cajas de cambios de alto rendimiento para maquinaria agr\u00edcola. Reconocidos por nuestra ingenier\u00eda de precisi\u00f3n, innovaci\u00f3n y fiabilidad, ofrecemos una amplia gama de cajas de cambios, incluyendo cajas para cortac\u00e9spedes, y componentes esenciales como ejes de toma de fuerza. Nuestra misi\u00f3n es proporcionar soluciones a medida que satisfagan las necesidades espec\u00edficas de los sectores agr\u00edcola e industrial, ya sea mediante productos individuales o sistemas integrados.<\/p>\n<p>Entendemos que cada cliente tiene necesidades \u00fanicas, por eso nos especializamos en personalizar nuestros productos para satisfacerlas. Ya sea que necesite una caja de cambios especializada o un sistema completo, trabajamos en estrecha colaboraci\u00f3n con usted para ofrecerle las soluciones m\u00e1s eficaces y eficientes. Nuestras respuestas r\u00e1pidas y profesionales, junto con el asesoramiento de expertos, garantizan que cada consulta se gestione con atenci\u00f3n y precisi\u00f3n.<\/p>\n<p>En FMP, priorizamos la comunicaci\u00f3n abierta y la colaboraci\u00f3n, sobre todo en el desarrollo de nuevos productos. Nuestro equipo trabaja codo a codo con los clientes para comprender sus retos y ofrecerles ideas que les permitan encontrar las mejores soluciones. Nos comprometemos a entregar productos de alta calidad y precisi\u00f3n, a tiempo, tanto para nuevos desarrollos como para pedidos existentes.<\/p>\n<p>La calidad es fundamental en las operaciones de FMP. Nuestros procesos de fabricaci\u00f3n se rigen por los m\u00e1s altos est\u00e1ndares, garantizando precisi\u00f3n y cero defectos. Un riguroso control de calidad asegura que cada producto cumpla o supere los est\u00e1ndares de la industria. Este compromiso con la calidad, junto con nuestros valores fundamentales de integridad, trabajo en equipo y perseverancia, nos ha permitido forjar s\u00f3lidas relaciones con clientes en casi 30 pa\u00edses.<\/p>\n<p>FMP est\u00e1 siempre abierta a colaboraciones internacionales, ofreciendo asesoramiento experto y soluciones a medida. Nuestro enfoque va m\u00e1s all\u00e1 de la simple entrega de productos; buscamos construir relaciones a largo plazo que impulsen el \u00e9xito mutuo. Tanto si necesita nuevas soluciones como soporte para sistemas existentes, FMP se dedica a resolver sus retos t\u00e9cnicos y garantizar su \u00e9xito continuo.<\/p>\n<p><img loading=\"lazy\" decoding=\"async\" class=\"alignnone size-full wp-image-1861\" src=\"https:\/\/fmp-components.com\/wp-content\/uploads\/2024\/12\/Other-Agricultural-Gearboxes.webp\" sizes=\"(min-width: 0px) and (max-width: 480px) 480px, (min-width: 481px) and (max-width: 980px) 980px, (min-width: 981px) 1200px, 100vw\" srcset=\"https:\/\/fmp-components.com\/wp-content\/uploads\/2024\/12\/Other-Agricultural-Gearboxes.webp 1200w, https:\/\/fmp-components.com\/wp-content\/uploads\/2024\/12\/Other-Agricultural-Gearboxes-980x1143.webp 980w, https:\/\/fmp-components.com\/wp-content\/uploads\/2024\/12\/Other-Agricultural-Gearboxes-480x560.webp 480w\" alt=\"Otros cambios agr\u00edcolas\" width=\"1200\" height=\"1400\" title=\"\"><\/p>\n<p>Autor: CX<\/p>","protected":false},"excerpt":{"rendered":"<p>Agricultural Lawn Mower Gearbox FMP-RC81 Specification ITEM FMP-RC81 Ratio 1:1.93\/1:1.46 Teeth 27\/14 19\/13 Module 5.5 \/ 7.0 Power(HP) 80 Rated Input 600rpm Input\/Output Description 1-3\/8 Z6 Taper spline Weight(N.W) 28.7KG Features of Agricultural Lawn Mower Gearbox FMP-RC81 The FMP-RC81 Agricultural Lawn Mower Gearbox is a high-performance, heavy-duty gearbox designed to deliver exceptional reliability, efficiency, and [&hellip;]<\/p>","protected":false},"featured_media":2034,"comment_status":"open","ping_status":"closed","template":"","meta":{"_et_pb_use_builder":"","_et_pb_old_content":"","_et_gb_content_width":""},"product_brand":[],"product_cat":[52],"product_tag":[],"class_list":{"0":"post-2031","1":"product","2":"type-product","3":"status-publish","4":"has-post-thumbnail","6":"product_cat-lawn-mower-gearbox","8":"first","9":"instock","10":"shipping-taxable","11":"product-type-simple"},"_links":{"self":[{"href":"https:\/\/fmp-components.com\/es\/wp-json\/wp\/v2\/product\/2031","targetHints":{"allow":["GET"]}}],"collection":[{"href":"https:\/\/fmp-components.com\/es\/wp-json\/wp\/v2\/product"}],"about":[{"href":"https:\/\/fmp-components.com\/es\/wp-json\/wp\/v2\/types\/product"}],"replies":[{"embeddable":true,"href":"https:\/\/fmp-components.com\/es\/wp-json\/wp\/v2\/comments?post=2031"}],"wp:featuredmedia":[{"embeddable":true,"href":"https:\/\/fmp-components.com\/es\/wp-json\/wp\/v2\/media\/2034"}],"wp:attachment":[{"href":"https:\/\/fmp-components.com\/es\/wp-json\/wp\/v2\/media?parent=2031"}],"wp:term":[{"taxonomy":"product_brand","embeddable":true,"href":"https:\/\/fmp-components.com\/es\/wp-json\/wp\/v2\/product_brand?post=2031"},{"taxonomy":"product_cat","embeddable":true,"href":"https:\/\/fmp-components.com\/es\/wp-json\/wp\/v2\/product_cat?post=2031"},{"taxonomy":"product_tag","embeddable":true,"href":"https:\/\/fmp-components.com\/es\/wp-json\/wp\/v2\/product_tag?post=2031"}],"curies":[{"name":"gracias","href":"https:\/\/api.w.org\/{rel}","templated":true}]}}